{"id":65838,"date":"2025-03-14T00:14:30","date_gmt":"2025-03-14T00:14:30","guid":{"rendered":"https:\/\/aztex.ee\/?post_type=product&#038;p=65838"},"modified":"2026-04-11T12:19:44","modified_gmt":"2026-04-11T12:19:44","slug":"recznik-kapielowy-70x140-cm","status":"publish","type":"product","link":"https:\/\/aztex.ee\/pl\/pood\/reczniki-i-reczniki-kapielowe\/recznik-kapielowy-70x140-cm\/","title":{"rendered":"R\u0119cznik k\u0105pielowy 70&#215;140 cm"},"content":{"rendered":"<p><strong>Wysokiej jako\u015bci bawe\u0142niany r\u0119cznik k\u0105pielowy &#8211; przyjemnie delikatny dla sk\u00f3ry<\/strong><\/p>\n<p>Mi\u0119kki i ch\u0142onny bawe\u0142niany r\u0119cznik k\u0105pielowy o wymiarach 70&#215;140 cm zosta\u0142 zaprojektowany, aby zapewni\u0107 codzienny komfort i jako\u015b\u0107. Wykonany z wysokiej jako\u015bci bawe\u0142ny, kt\u00f3ra s\u0142ynie z doskona\u0142ej ch\u0142onno\u015bci i mi\u0119kko\u015bci, ten r\u0119cznik szybko schnie i utrzymuje sk\u00f3r\u0119 czyst\u0105 i \u015bwie\u017c\u0105 po k\u0105pieli lub prysznicu.<\/p>\n<p><strong>Trwa\u0142y i d\u0142ugotrwa\u0142y<\/strong><br \/>\nDzi\u0119ki swojej trwa\u0142o\u015bci i jako\u015bci ten r\u0119cznik jest trwa\u0142y i nadaje si\u0119 do codziennego u\u017cytku. Nawet po kilku praniach zachowuje swoj\u0105 mi\u0119kko\u015b\u0107 i ch\u0142onno\u015b\u0107, co czyni go doskona\u0142ym wyborem dla d\u0142ugotrwa\u0142ego komfortu. \u0141atwy w piel\u0119gnacji i szybkoschn\u0105cy r\u0119cznik k\u0105pielowy to praktyczny dodatek do ka\u017cdego domu.<\/p>\n<p><strong>Tworzy ciep\u0142\u0105 i domow\u0105 atmosfer\u0119<\/strong><br \/>\nBawe\u0142niany r\u0119cznik k\u0105pielowy dodaje ciep\u0142ej i domowej atmosfery do ka\u017cdej \u0142azienki. Jest to idealny wyb\u00f3r nie tylko do u\u017cytku osobistego, ale tak\u017ce jako prezent dla przyjaci\u00f3\u0142, cz\u0142onk\u00f3w rodziny lub nowych w\u0142a\u015bcicieli dom\u00f3w. Je\u015bli szukasz niezawodnego i wysokiej jako\u015bci r\u0119cznika k\u0105pielowego, ten bawe\u0142niany r\u0119cznik k\u0105pielowy jest idealnym wyborem do ka\u017cdego domu.<\/p>\n<p><strong>\u0141atwa piel\u0119gnacja i d\u0142ugotrwa\u0142a jako\u015b\u0107<\/strong><br \/>\nBawe\u0142niany r\u0119cznik k\u0105pielowy jest \u0142atwy w piel\u0119gnacji i zachowuje swoj\u0105 jako\u015b\u0107 nawet po wielokrotnym praniu. Dzi\u0119ki swojej trwa\u0142o\u015bci i szybkiemu schni\u0119ciu jest idealnym wyborem do codziennego u\u017cytku. R\u0119cznik nie traci swojej mi\u0119kko\u015bci ani ch\u0142onno\u015bci nawet przy ci\u0105g\u0142ym u\u017cytkowaniu, zapewniaj\u0105c niezawodny i wygodny wyb\u00f3r do ka\u017cdego domu.<\/p>\n","protected":false},"excerpt":{"rendered":"<ul>\n<li>Materia\u0142: 100% bawe\u0142na<\/li>\n<li>Rozmiar: 70&#215;140 cm \u00b13<\/li>\n<li>Gramatura: 400g\/m2<\/li>\n<\/ul>\n","protected":false},"featured_media":65902,"comment_status":"open","ping_status":"closed","template":"","meta":[],"product_brand":[],"product_cat":[674,1598,1715],"product_tag":[],"class_list":{"0":"post-65838","1":"product","2":"type-product","3":"status-publish","4":"has-post-thumbnail","6":"product_cat-reczniki-i-reczniki-kapielowe","7":"product_cat-reczniki-kapielowe","8":"product_cat-reczniki-kapielowe-70x140-cm","10":"first","11":"instock","12":"shipping-taxable","13":"purchasable","14":"product-type-variable"},"yoast_head":"<!-- This site is optimized with the Yoast SEO plugin v27.6 - https:\/\/yoast.com\/product\/yoast-seo-wordpress\/ -->\n<title>R\u0119cznik k\u0105pielowy 70x140 cm - Naturalny i Mi\u0119kki | AZTEX<\/title>\n<meta name=\"description\" content=\"Mi\u0119kki i ch\u0142onny bawe\u0142niany r\u0119cznik k\u0105pielowy gwarantuje szybkie schni\u0119cie, doskona\u0142y komfort, mi\u0119kko\u015b\u0107, trwa\u0142o\u015b\u0107 i \u0142atwo\u015b\u0107 codziennego u\u017cytkowania.\" \/>\n<meta name=\"robots\" content=\"index, follow, max-snippet:-1, max-image-preview:large, max-video-preview:-1\" \/>\n<link rel=\"canonical\" href=\"https:\/\/aztex.ee\/pl\/pood\/reczniki-i-reczniki-kapielowe\/recznik-kapielowy-70x140-cm\/\" \/>\n<meta property=\"og:locale\" content=\"pl_PL\" \/>\n<meta property=\"og:type\" content=\"article\" \/>\n<meta property=\"og:title\" content=\"R\u0119cznik k\u0105pielowy 70x140 cm - Naturalny i Mi\u0119kki | AZTEX\" \/>\n<meta property=\"og:description\" content=\"Mi\u0119kki i ch\u0142onny bawe\u0142niany r\u0119cznik k\u0105pielowy gwarantuje szybkie schni\u0119cie, doskona\u0142y komfort, mi\u0119kko\u015b\u0107, trwa\u0142o\u015b\u0107 i \u0142atwo\u015b\u0107 codziennego u\u017cytkowania.\" \/>\n<meta property=\"og:url\" content=\"https:\/\/aztex.ee\/pl\/pood\/reczniki-i-reczniki-kapielowe\/recznik-kapielowy-70x140-cm\/\" \/>\n<meta property=\"og:site_name\" content=\"AZTEX\" \/>\n<meta property=\"article:publisher\" content=\"https:\/\/www.facebook.com\/AztexEE\" \/>\n<meta property=\"article:modified_time\" content=\"2026-04-11T12:19:44+00:00\" \/>\n<meta property=\"og:image\" content=\"https:\/\/aztex.ee\/wp-content\/uploads\/2025\/03\/Vanniratik-70x140-1.jpg\" \/>\n\t<meta property=\"og:image:width\" content=\"800\" \/>\n\t<meta property=\"og:image:height\" content=\"800\" \/>\n\t<meta property=\"og:image:type\" content=\"image\/jpeg\" \/>\n<meta name=\"twitter:card\" content=\"summary_large_image\" \/>\n<meta name=\"twitter:label1\" content=\"Szacowany czas czytania\" \/>\n\t<meta name=\"twitter:data1\" content=\"2 minuty\" \/>\n<script type=\"application\/ld+json\" class=\"yoast-schema-graph\">{\"@context\":\"https:\\\/\\\/schema.org\",\"@graph\":[{\"@type\":[\"WebPage\",\"ItemPage\"],\"@id\":\"https:\\\/\\\/aztex.ee\\\/pl\\\/pood\\\/reczniki-i-reczniki-kapielowe\\\/recznik-kapielowy-70x140-cm\\\/\",\"url\":\"https:\\\/\\\/aztex.ee\\\/pl\\\/pood\\\/reczniki-i-reczniki-kapielowe\\\/recznik-kapielowy-70x140-cm\\\/\",\"name\":\"R\u0119cznik k\u0105pielowy 70x140 cm - Naturalny i Mi\u0119kki | AZTEX\",\"isPartOf\":{\"@id\":\"https:\\\/\\\/aztex.ee\\\/pl\\\/#website\"},\"primaryImageOfPage\":{\"@id\":\"https:\\\/\\\/aztex.ee\\\/pl\\\/pood\\\/reczniki-i-reczniki-kapielowe\\\/recznik-kapielowy-70x140-cm\\\/#primaryimage\"},\"image\":{\"@id\":\"https:\\\/\\\/aztex.ee\\\/pl\\\/pood\\\/reczniki-i-reczniki-kapielowe\\\/recznik-kapielowy-70x140-cm\\\/#primaryimage\"},\"thumbnailUrl\":\"https:\\\/\\\/aztex.ee\\\/wp-content\\\/uploads\\\/2025\\\/03\\\/Vanniratik-70x140-1.jpg\",\"datePublished\":\"2025-03-14T00:14:30+00:00\",\"dateModified\":\"2026-04-11T12:19:44+00:00\",\"description\":\"Mi\u0119kki i ch\u0142onny bawe\u0142niany r\u0119cznik k\u0105pielowy gwarantuje szybkie schni\u0119cie, doskona\u0142y komfort, mi\u0119kko\u015b\u0107, trwa\u0142o\u015b\u0107 i \u0142atwo\u015b\u0107 codziennego u\u017cytkowania.\",\"breadcrumb\":{\"@id\":\"https:\\\/\\\/aztex.ee\\\/pl\\\/pood\\\/reczniki-i-reczniki-kapielowe\\\/recznik-kapielowy-70x140-cm\\\/#breadcrumb\"},\"inLanguage\":\"pl-PL\",\"potentialAction\":[{\"@type\":\"ReadAction\",\"target\":[\"https:\\\/\\\/aztex.ee\\\/pl\\\/pood\\\/reczniki-i-reczniki-kapielowe\\\/recznik-kapielowy-70x140-cm\\\/\"]}]},{\"@type\":\"ImageObject\",\"inLanguage\":\"pl-PL\",\"@id\":\"https:\\\/\\\/aztex.ee\\\/pl\\\/pood\\\/reczniki-i-reczniki-kapielowe\\\/recznik-kapielowy-70x140-cm\\\/#primaryimage\",\"url\":\"https:\\\/\\\/aztex.ee\\\/wp-content\\\/uploads\\\/2025\\\/03\\\/Vanniratik-70x140-1.jpg\",\"contentUrl\":\"https:\\\/\\\/aztex.ee\\\/wp-content\\\/uploads\\\/2025\\\/03\\\/Vanniratik-70x140-1.jpg\",\"width\":800,\"height\":800,\"caption\":\"Vannir\u00e4tik 70x140\"},{\"@type\":\"BreadcrumbList\",\"@id\":\"https:\\\/\\\/aztex.ee\\\/pl\\\/pood\\\/reczniki-i-reczniki-kapielowe\\\/recznik-kapielowy-70x140-cm\\\/#breadcrumb\",\"itemListElement\":[{\"@type\":\"ListItem\",\"position\":1,\"name\":\"Strona g\u0142\u00f3wna\",\"item\":\"https:\\\/\\\/aztex.ee\\\/pl\\\/\"},{\"@type\":\"ListItem\",\"position\":2,\"name\":\"Sklep\",\"item\":\"https:\\\/\\\/aztex.ee\\\/pl\\\/sklep\\\/\"},{\"@type\":\"ListItem\",\"position\":3,\"name\":\"R\u0119cznik k\u0105pielowy 70&#215;140 cm\"}]},{\"@type\":\"WebSite\",\"@id\":\"https:\\\/\\\/aztex.ee\\\/pl\\\/#website\",\"url\":\"https:\\\/\\\/aztex.ee\\\/pl\\\/\",\"name\":\"AZTEX\",\"description\":\"\",\"publisher\":{\"@id\":\"https:\\\/\\\/aztex.ee\\\/pl\\\/#organization\"},\"potentialAction\":[{\"@type\":\"SearchAction\",\"target\":{\"@type\":\"EntryPoint\",\"urlTemplate\":\"https:\\\/\\\/aztex.ee\\\/pl\\\/?s={search_term_string}\"},\"query-input\":{\"@type\":\"PropertyValueSpecification\",\"valueRequired\":true,\"valueName\":\"search_term_string\"}}],\"inLanguage\":\"pl-PL\"},{\"@type\":\"Organization\",\"@id\":\"https:\\\/\\\/aztex.ee\\\/pl\\\/#organization\",\"name\":\"AZTEX\",\"url\":\"https:\\\/\\\/aztex.ee\\\/pl\\\/\",\"logo\":{\"@type\":\"ImageObject\",\"inLanguage\":\"pl-PL\",\"@id\":\"https:\\\/\\\/aztex.ee\\\/pl\\\/#\\\/schema\\\/logo\\\/image\\\/\",\"url\":\"https:\\\/\\\/aztex.ee\\\/wp-content\\\/uploads\\\/2026\\\/01\\\/AZTEX.png\",\"contentUrl\":\"https:\\\/\\\/aztex.ee\\\/wp-content\\\/uploads\\\/2026\\\/01\\\/AZTEX.png\",\"width\":500,\"height\":500,\"caption\":\"AZTEX\"},\"image\":{\"@id\":\"https:\\\/\\\/aztex.ee\\\/pl\\\/#\\\/schema\\\/logo\\\/image\\\/\"},\"sameAs\":[\"https:\\\/\\\/www.facebook.com\\\/AztexEE\",\"https:\\\/\\\/www.instagram.com\\\/aztexeesti\\\/\",\"https:\\\/\\\/www.youtube.com\\\/@AZTEXEE\",\"https:\\\/\\\/www.pinterest.com\\\/aztex_eesti\\\/\",\"https:\\\/\\\/www.tiktok.com\\\/@aztexeesti\",\"https:\\\/\\\/www.trustpilot.com\\\/review\\\/aztex.ee\",\"https:\\\/\\\/www.linkedin.com\\\/company\\\/aztex-ee\\\/\",\"https:\\\/\\\/www.wikidata.org\\\/wiki\\\/Q137560182\"]}]}<\/script>\n<!-- \/ Yoast SEO plugin. -->","yoast_head_json":{"title":"R\u0119cznik k\u0105pielowy 70x140 cm - Naturalny i Mi\u0119kki | AZTEX","description":"Mi\u0119kki i ch\u0142onny bawe\u0142niany r\u0119cznik k\u0105pielowy gwarantuje szybkie schni\u0119cie, doskona\u0142y komfort, mi\u0119kko\u015b\u0107, trwa\u0142o\u015b\u0107 i \u0142atwo\u015b\u0107 codziennego u\u017cytkowania.","robots":{"index":"index","follow":"follow","max-snippet":"max-snippet:-1","max-image-preview":"max-image-preview:large","max-video-preview":"max-video-preview:-1"},"canonical":"https:\/\/aztex.ee\/pl\/pood\/reczniki-i-reczniki-kapielowe\/recznik-kapielowy-70x140-cm\/","og_locale":"pl_PL","og_type":"article","og_title":"R\u0119cznik k\u0105pielowy 70x140 cm - Naturalny i Mi\u0119kki | AZTEX","og_description":"Mi\u0119kki i ch\u0142onny bawe\u0142niany r\u0119cznik k\u0105pielowy gwarantuje szybkie schni\u0119cie, doskona\u0142y komfort, mi\u0119kko\u015b\u0107, trwa\u0142o\u015b\u0107 i \u0142atwo\u015b\u0107 codziennego u\u017cytkowania.","og_url":"https:\/\/aztex.ee\/pl\/pood\/reczniki-i-reczniki-kapielowe\/recznik-kapielowy-70x140-cm\/","og_site_name":"AZTEX","article_publisher":"https:\/\/www.facebook.com\/AztexEE","article_modified_time":"2026-04-11T12:19:44+00:00","og_image":[{"width":800,"height":800,"url":"https:\/\/aztex.ee\/wp-content\/uploads\/2025\/03\/Vanniratik-70x140-1.jpg","type":"image\/jpeg"}],"twitter_card":"summary_large_image","twitter_misc":{"Szacowany czas czytania":"2 minuty"},"schema":{"@context":"https:\/\/schema.org","@graph":[{"@type":["WebPage","ItemPage"],"@id":"https:\/\/aztex.ee\/pl\/pood\/reczniki-i-reczniki-kapielowe\/recznik-kapielowy-70x140-cm\/","url":"https:\/\/aztex.ee\/pl\/pood\/reczniki-i-reczniki-kapielowe\/recznik-kapielowy-70x140-cm\/","name":"R\u0119cznik k\u0105pielowy 70x140 cm - Naturalny i Mi\u0119kki | AZTEX","isPartOf":{"@id":"https:\/\/aztex.ee\/pl\/#website"},"primaryImageOfPage":{"@id":"https:\/\/aztex.ee\/pl\/pood\/reczniki-i-reczniki-kapielowe\/recznik-kapielowy-70x140-cm\/#primaryimage"},"image":{"@id":"https:\/\/aztex.ee\/pl\/pood\/reczniki-i-reczniki-kapielowe\/recznik-kapielowy-70x140-cm\/#primaryimage"},"thumbnailUrl":"https:\/\/aztex.ee\/wp-content\/uploads\/2025\/03\/Vanniratik-70x140-1.jpg","datePublished":"2025-03-14T00:14:30+00:00","dateModified":"2026-04-11T12:19:44+00:00","description":"Mi\u0119kki i ch\u0142onny bawe\u0142niany r\u0119cznik k\u0105pielowy gwarantuje szybkie schni\u0119cie, doskona\u0142y komfort, mi\u0119kko\u015b\u0107, trwa\u0142o\u015b\u0107 i \u0142atwo\u015b\u0107 codziennego u\u017cytkowania.","breadcrumb":{"@id":"https:\/\/aztex.ee\/pl\/pood\/reczniki-i-reczniki-kapielowe\/recznik-kapielowy-70x140-cm\/#breadcrumb"},"inLanguage":"pl-PL","potentialAction":[{"@type":"ReadAction","target":["https:\/\/aztex.ee\/pl\/pood\/reczniki-i-reczniki-kapielowe\/recznik-kapielowy-70x140-cm\/"]}]},{"@type":"ImageObject","inLanguage":"pl-PL","@id":"https:\/\/aztex.ee\/pl\/pood\/reczniki-i-reczniki-kapielowe\/recznik-kapielowy-70x140-cm\/#primaryimage","url":"https:\/\/aztex.ee\/wp-content\/uploads\/2025\/03\/Vanniratik-70x140-1.jpg","contentUrl":"https:\/\/aztex.ee\/wp-content\/uploads\/2025\/03\/Vanniratik-70x140-1.jpg","width":800,"height":800,"caption":"Vannir\u00e4tik 70x140"},{"@type":"BreadcrumbList","@id":"https:\/\/aztex.ee\/pl\/pood\/reczniki-i-reczniki-kapielowe\/recznik-kapielowy-70x140-cm\/#breadcrumb","itemListElement":[{"@type":"ListItem","position":1,"name":"Strona g\u0142\u00f3wna","item":"https:\/\/aztex.ee\/pl\/"},{"@type":"ListItem","position":2,"name":"Sklep","item":"https:\/\/aztex.ee\/pl\/sklep\/"},{"@type":"ListItem","position":3,"name":"R\u0119cznik k\u0105pielowy 70&#215;140 cm"}]},{"@type":"WebSite","@id":"https:\/\/aztex.ee\/pl\/#website","url":"https:\/\/aztex.ee\/pl\/","name":"AZTEX","description":"","publisher":{"@id":"https:\/\/aztex.ee\/pl\/#organization"},"potentialAction":[{"@type":"SearchAction","target":{"@type":"EntryPoint","urlTemplate":"https:\/\/aztex.ee\/pl\/?s={search_term_string}"},"query-input":{"@type":"PropertyValueSpecification","valueRequired":true,"valueName":"search_term_string"}}],"inLanguage":"pl-PL"},{"@type":"Organization","@id":"https:\/\/aztex.ee\/pl\/#organization","name":"AZTEX","url":"https:\/\/aztex.ee\/pl\/","logo":{"@type":"ImageObject","inLanguage":"pl-PL","@id":"https:\/\/aztex.ee\/pl\/#\/schema\/logo\/image\/","url":"https:\/\/aztex.ee\/wp-content\/uploads\/2026\/01\/AZTEX.png","contentUrl":"https:\/\/aztex.ee\/wp-content\/uploads\/2026\/01\/AZTEX.png","width":500,"height":500,"caption":"AZTEX"},"image":{"@id":"https:\/\/aztex.ee\/pl\/#\/schema\/logo\/image\/"},"sameAs":["https:\/\/www.facebook.com\/AztexEE","https:\/\/www.instagram.com\/aztexeesti\/","https:\/\/www.youtube.com\/@AZTEXEE","https:\/\/www.pinterest.com\/aztex_eesti\/","https:\/\/www.tiktok.com\/@aztexeesti","https:\/\/www.trustpilot.com\/review\/aztex.ee","https:\/\/www.linkedin.com\/company\/aztex-ee\/","https:\/\/www.wikidata.org\/wiki\/Q137560182"]}]}},"_links":{"self":[{"href":"https:\/\/aztex.ee\/pl\/wp-json\/wp\/v2\/product\/65838","targetHints":{"allow":["GET"]}}],"collection":[{"href":"https:\/\/aztex.ee\/pl\/wp-json\/wp\/v2\/product"}],"about":[{"href":"https:\/\/aztex.ee\/pl\/wp-json\/wp\/v2\/types\/product"}],"replies":[{"embeddable":true,"href":"https:\/\/aztex.ee\/pl\/wp-json\/wp\/v2\/comments?post=65838"}],"version-history":[{"count":0,"href":"https:\/\/aztex.ee\/pl\/wp-json\/wp\/v2\/product\/65838\/revisions"}],"wp:featuredmedia":[{"embeddable":true,"href":"https:\/\/aztex.ee\/pl\/wp-json\/wp\/v2\/media\/65902"}],"wp:attachment":[{"href":"https:\/\/aztex.ee\/pl\/wp-json\/wp\/v2\/media?parent=65838"}],"wp:term":[{"taxonomy":"product_brand","embeddable":true,"href":"https:\/\/aztex.ee\/pl\/wp-json\/wp\/v2\/product_brand?post=65838"},{"taxonomy":"product_cat","embeddable":true,"href":"https:\/\/aztex.ee\/pl\/wp-json\/wp\/v2\/product_cat?post=65838"},{"taxonomy":"product_tag","embeddable":true,"href":"https:\/\/aztex.ee\/pl\/wp-json\/wp\/v2\/product_tag?post=65838"}],"curies":[{"name":"wp","href":"https:\/\/api.w.org\/{rel}","templated":true}]}}