{"id":64391,"date":"2025-03-08T22:43:38","date_gmt":"2025-03-08T22:43:38","guid":{"rendered":"https:\/\/aztex.ee\/?post_type=product&#038;p=64391"},"modified":"2025-03-09T19:40:58","modified_gmt":"2025-03-09T19:40:58","slug":"tencel-komplet-poscieli-jasnozielony","status":"publish","type":"product","link":"https:\/\/aztex.ee\/pl\/pood\/posciel-tencel\/tencel-komplet-poscieli-jasnozielony\/","title":{"rendered":"Tencel komplet po\u015bcieli | Jasnozielony"},"content":{"rendered":"<p><strong>Luksusowy zestaw po\u015bcieli z eukaliptusa Tencel \u2013 jedwabi\u015bcie mi\u0119kki, oddychaj\u0105cy i wyj\u0105tkowo wygodny<\/strong><\/p>\n<p><strong>Niezwyk\u0142y komfort i jako\u015b\u0107<\/strong><br \/>\nZestaw po\u015bcieli Tencel zosta\u0142 zaprojektowany tak, aby zapewni\u0107 najbardziej spokojny i regeneruj\u0105cy sen, oferuj\u0105c wyj\u0105tkowy komfort i jako\u015b\u0107. Wykonany jest z tkaniny Tencel, kt\u00f3ra pochodzi z drzewa eukaliptusowego, znanego z jedwabistej mi\u0119kko\u015bci, oddychalno\u015bci i w\u0142a\u015bciwo\u015bci odprowadzania wilgoci. Po\u015bciel Tencel zapewnia ch\u0142\u00f3d latem i ciep\u0142o zim\u0105, dzi\u0119ki czemu Tw\u00f3j sen jest zawsze orze\u017awiaj\u0105cy i regeneruj\u0105cy.<\/p>\n<p><strong>Luksusowa faktura i elegancki wygl\u0105d<\/strong><br \/>\nTkanina jest g\u0142adka, delikatna i przyjemna dla sk\u00f3ry, zapewniaj\u0105c prawdziwie luksusowe doznania podczas snu. Po\u015bciel Tencel pi\u0119knie si\u0119 uk\u0142ada, nadaj\u0105c \u0142\u00f3\u017cku elegancki i zach\u0119caj\u0105cy wygl\u0105d, dzi\u0119ki czemu sypialnia staje si\u0119 stylowym miejscem. Przewiewno\u015b\u0107 i lekko\u015b\u0107 pomagaj\u0105 zapewni\u0107 sta\u0142y ruch powietrza, aby zapobiec nocnym potom i utrzyma\u0107 po\u015bciel zawsze \u015bwie\u017c\u0105.<\/p>\n<p><strong>Trwa\u0142o\u015b\u0107 i wytrzyma\u0142o\u015b\u0107<\/strong><br \/>\nPo\u015bciel Tencel jest trwa\u0142a i d\u0142ugowieczna \u2013 nawet po kilku praniach zachowuje swoj\u0105 mi\u0119kko\u015b\u0107, pi\u0119kny drapowanie i jako\u015b\u0107. K\u0142adzenie si\u0119 spa\u0107 ka\u017cdej nocy staje si\u0119 prawdziw\u0105 przyjemno\u015bci\u0105, poniewa\u017c po\u015bciel pozostaje \u015bwie\u017ca i przyjemna, zapewniaj\u0105c najlepsze wra\u017cenia ze snu.<\/p>\n<p><strong>Idealny wyb\u00f3r dla mi\u0142o\u015bnik\u00f3w natury i komfortu<\/strong><br \/>\nZestaw po\u015bcieli Tencel jest idealnym wyborem dla tych, kt\u00f3rzy ceni\u0105 naturalne materia\u0142y i chc\u0105 cieszy\u0107 si\u0119 wy\u017csz\u0105 jako\u015bci\u0105, luksusowym komfortem i idealnym snem.<\/p>\n","protected":false},"excerpt":{"rendered":"<p>Tencel komplet po\u015bcieli wykonany w 100% z ekologicznego eukaliptusa jest wyj\u0105tkowo mi\u0119kki, oddychaj\u0105cy i luksusowy.<\/p>\n<ul>\n<li>Materia\u0142: 100% Tencel<\/li>\n<li>Liczba nitek: 60S \/ 300TC<\/li>\n<li>Poszwa na ko\u0142dr\u0119: 200\u00d7220 cm<\/li>\n<li>Poszewka na poduszk\u0119: 50\u00d770 cm (2 szt.)<\/li>\n<li>Prze\u015bcierad\u0142o: 220\u00d7240 cm<\/li>\n<\/ul>\n<p><img loading=\"lazy\" decoding=\"async\" class=\"alignnone wp-image-63145\" src=\"https:\/\/aztex.ee\/wp-content\/uploads\/2025\/03\/tencel-certified-400x129.png\" alt=\"\" width=\"131\" height=\"42\" srcset=\"https:\/\/aztex.ee\/wp-content\/uploads\/2025\/03\/tencel-certified-400x129.png 400w, https:\/\/aztex.ee\/wp-content\/uploads\/2025\/03\/tencel-certified-430x139.png 430w, https:\/\/aztex.ee\/wp-content\/uploads\/2025\/03\/tencel-certified-150x49.png 150w, https:\/\/aztex.ee\/wp-content\/uploads\/2025\/03\/tencel-certified.png 516w\" sizes=\"auto, (max-width: 131px) 100vw, 131px\" \/><img loading=\"lazy\" decoding=\"async\" class=\"alignnone wp-image-63168\" src=\"https:\/\/aztex.ee\/wp-content\/uploads\/2025\/03\/oeko-tex-standard-100.png\" alt=\"\" width=\"130\" height=\"43\" srcset=\"https:\/\/aztex.ee\/wp-content\/uploads\/2025\/03\/oeko-tex-standard-100.png 200w, https:\/\/aztex.ee\/wp-content\/uploads\/2025\/03\/oeko-tex-standard-100-150x50.png 150w\" sizes=\"auto, (max-width: 130px) 100vw, 130px\" \/><\/p>\n<p>Tencel komplet po\u015bcieli zapakowany jest w torb\u0119 wykonan\u0105 z tego samego materia\u0142u, co dodaje produktowi dodatkowej elegancji i czyni go jeszcze bardziej wyj\u0105tkowym.<\/p>\n","protected":false},"featured_media":64408,"comment_status":"open","ping_status":"closed","template":"","meta":[],"product_brand":[],"product_cat":[685,4565,654,683],"product_tag":[],"class_list":{"0":"post-64391","1":"product","2":"type-product","3":"status-publish","4":"has-post-thumbnail","6":"product_cat-komplety-poscieli","7":"product_cat-komplety-poscieli-tencel","8":"product_cat-posciel-tencel","9":"product_cat-posciele","11":"first","12":"outofstock","13":"shipping-taxable","14":"purchasable","15":"product-type-simple"},"yoast_head":"<!-- This site is optimized with the Yoast SEO plugin v27.4 - https:\/\/yoast.com\/product\/yoast-seo-wordpress\/ -->\n<title>Tencel komplet po\u015bcieli - Jasnozielony | AZTEX<\/title>\n<meta name=\"description\" content=\"Luksusowy, Jasnozielony komplet po\u015bcieli Tencel jest jedwabi\u015bcie mi\u0119kki, oddychaj\u0105cy i delikatny dla sk\u00f3ry. Jego lekka i g\u0142adka faktura zapewnia \u015bwie\u017cy\" \/>\n<meta name=\"robots\" content=\"index, follow, max-snippet:-1, max-image-preview:large, max-video-preview:-1\" \/>\n<link rel=\"canonical\" href=\"https:\/\/aztex.ee\/pl\/pood\/posciel-tencel\/tencel-komplet-poscieli-jasnozielony\/\" \/>\n<meta property=\"og:locale\" content=\"pl_PL\" \/>\n<meta property=\"og:type\" content=\"article\" \/>\n<meta property=\"og:title\" content=\"Tencel komplet po\u015bcieli - Jasnozielony | AZTEX\" \/>\n<meta property=\"og:description\" content=\"Luksusowy, Jasnozielony komplet po\u015bcieli Tencel jest jedwabi\u015bcie mi\u0119kki, oddychaj\u0105cy i delikatny dla sk\u00f3ry. Jego lekka i g\u0142adka faktura zapewnia \u015bwie\u017cy\" \/>\n<meta property=\"og:url\" content=\"https:\/\/aztex.ee\/pl\/pood\/posciel-tencel\/tencel-komplet-poscieli-jasnozielony\/\" \/>\n<meta property=\"og:site_name\" content=\"AZTEX\" \/>\n<meta property=\"article:publisher\" content=\"https:\/\/www.facebook.com\/AztexEE\" \/>\n<meta property=\"article:modified_time\" content=\"2025-03-09T19:40:58+00:00\" \/>\n<meta property=\"og:image\" content=\"https:\/\/aztex.ee\/wp-content\/uploads\/2025\/03\/Tencel-voodipesukomplekt-Heleroheline.jpg\" \/>\n\t<meta property=\"og:image:width\" content=\"800\" \/>\n\t<meta property=\"og:image:height\" content=\"800\" \/>\n\t<meta property=\"og:image:type\" content=\"image\/jpeg\" \/>\n<meta name=\"twitter:card\" content=\"summary_large_image\" \/>\n<meta name=\"twitter:label1\" content=\"Szacowany czas czytania\" \/>\n\t<meta name=\"twitter:data1\" content=\"2 minuty\" \/>\n<script type=\"application\/ld+json\" class=\"yoast-schema-graph\">{\"@context\":\"https:\\\/\\\/schema.org\",\"@graph\":[{\"@type\":[\"WebPage\",\"ItemPage\"],\"@id\":\"https:\\\/\\\/aztex.ee\\\/pl\\\/pood\\\/posciel-tencel\\\/tencel-komplet-poscieli-jasnozielony\\\/\",\"url\":\"https:\\\/\\\/aztex.ee\\\/pl\\\/pood\\\/posciel-tencel\\\/tencel-komplet-poscieli-jasnozielony\\\/\",\"name\":\"Tencel komplet po\u015bcieli - Jasnozielony | AZTEX\",\"isPartOf\":{\"@id\":\"https:\\\/\\\/aztex.ee\\\/pl\\\/#website\"},\"primaryImageOfPage\":{\"@id\":\"https:\\\/\\\/aztex.ee\\\/pl\\\/pood\\\/posciel-tencel\\\/tencel-komplet-poscieli-jasnozielony\\\/#primaryimage\"},\"image\":{\"@id\":\"https:\\\/\\\/aztex.ee\\\/pl\\\/pood\\\/posciel-tencel\\\/tencel-komplet-poscieli-jasnozielony\\\/#primaryimage\"},\"thumbnailUrl\":\"https:\\\/\\\/aztex.ee\\\/wp-content\\\/uploads\\\/2025\\\/03\\\/Tencel-voodipesukomplekt-Heleroheline.jpg\",\"datePublished\":\"2025-03-08T22:43:38+00:00\",\"dateModified\":\"2025-03-09T19:40:58+00:00\",\"description\":\"Luksusowy, Jasnozielony komplet po\u015bcieli Tencel jest jedwabi\u015bcie mi\u0119kki, oddychaj\u0105cy i delikatny dla sk\u00f3ry. Jego lekka i g\u0142adka faktura zapewnia \u015bwie\u017cy\",\"breadcrumb\":{\"@id\":\"https:\\\/\\\/aztex.ee\\\/pl\\\/pood\\\/posciel-tencel\\\/tencel-komplet-poscieli-jasnozielony\\\/#breadcrumb\"},\"inLanguage\":\"pl-PL\",\"potentialAction\":[{\"@type\":\"ReadAction\",\"target\":[\"https:\\\/\\\/aztex.ee\\\/pl\\\/pood\\\/posciel-tencel\\\/tencel-komplet-poscieli-jasnozielony\\\/\"]}]},{\"@type\":\"ImageObject\",\"inLanguage\":\"pl-PL\",\"@id\":\"https:\\\/\\\/aztex.ee\\\/pl\\\/pood\\\/posciel-tencel\\\/tencel-komplet-poscieli-jasnozielony\\\/#primaryimage\",\"url\":\"https:\\\/\\\/aztex.ee\\\/wp-content\\\/uploads\\\/2025\\\/03\\\/Tencel-voodipesukomplekt-Heleroheline.jpg\",\"contentUrl\":\"https:\\\/\\\/aztex.ee\\\/wp-content\\\/uploads\\\/2025\\\/03\\\/Tencel-voodipesukomplekt-Heleroheline.jpg\",\"width\":800,\"height\":800,\"caption\":\"Tencel voodipesukomplekt Heleroheline\"},{\"@type\":\"BreadcrumbList\",\"@id\":\"https:\\\/\\\/aztex.ee\\\/pl\\\/pood\\\/posciel-tencel\\\/tencel-komplet-poscieli-jasnozielony\\\/#breadcrumb\",\"itemListElement\":[{\"@type\":\"ListItem\",\"position\":1,\"name\":\"Strona g\u0142\u00f3wna\",\"item\":\"https:\\\/\\\/aztex.ee\\\/pl\\\/\"},{\"@type\":\"ListItem\",\"position\":2,\"name\":\"Sklep\",\"item\":\"https:\\\/\\\/aztex.ee\\\/pl\\\/sklep\\\/\"},{\"@type\":\"ListItem\",\"position\":3,\"name\":\"Tencel komplet po\u015bcieli | Jasnozielony\"}]},{\"@type\":\"WebSite\",\"@id\":\"https:\\\/\\\/aztex.ee\\\/pl\\\/#website\",\"url\":\"https:\\\/\\\/aztex.ee\\\/pl\\\/\",\"name\":\"AZTEX\",\"description\":\"\",\"publisher\":{\"@id\":\"https:\\\/\\\/aztex.ee\\\/pl\\\/#organization\"},\"potentialAction\":[{\"@type\":\"SearchAction\",\"target\":{\"@type\":\"EntryPoint\",\"urlTemplate\":\"https:\\\/\\\/aztex.ee\\\/pl\\\/?s={search_term_string}\"},\"query-input\":{\"@type\":\"PropertyValueSpecification\",\"valueRequired\":true,\"valueName\":\"search_term_string\"}}],\"inLanguage\":\"pl-PL\"},{\"@type\":\"Organization\",\"@id\":\"https:\\\/\\\/aztex.ee\\\/pl\\\/#organization\",\"name\":\"AZTEX\",\"url\":\"https:\\\/\\\/aztex.ee\\\/pl\\\/\",\"logo\":{\"@type\":\"ImageObject\",\"inLanguage\":\"pl-PL\",\"@id\":\"https:\\\/\\\/aztex.ee\\\/pl\\\/#\\\/schema\\\/logo\\\/image\\\/\",\"url\":\"https:\\\/\\\/aztex.ee\\\/wp-content\\\/uploads\\\/2026\\\/01\\\/AZTEX.png\",\"contentUrl\":\"https:\\\/\\\/aztex.ee\\\/wp-content\\\/uploads\\\/2026\\\/01\\\/AZTEX.png\",\"width\":500,\"height\":500,\"caption\":\"AZTEX\"},\"image\":{\"@id\":\"https:\\\/\\\/aztex.ee\\\/pl\\\/#\\\/schema\\\/logo\\\/image\\\/\"},\"sameAs\":[\"https:\\\/\\\/www.facebook.com\\\/AztexEE\",\"https:\\\/\\\/www.instagram.com\\\/aztexeesti\\\/\",\"https:\\\/\\\/www.youtube.com\\\/@AZTEXEE\",\"https:\\\/\\\/www.pinterest.com\\\/aztex_eesti\\\/\",\"https:\\\/\\\/www.tiktok.com\\\/@aztexeesti\",\"https:\\\/\\\/www.trustpilot.com\\\/review\\\/aztex.ee\",\"https:\\\/\\\/www.linkedin.com\\\/company\\\/aztex-ee\\\/\",\"https:\\\/\\\/www.wikidata.org\\\/wiki\\\/Q137560182\"]}]}<\/script>\n<!-- \/ Yoast SEO plugin. -->","yoast_head_json":{"title":"Tencel komplet po\u015bcieli - Jasnozielony | AZTEX","description":"Luksusowy, Jasnozielony komplet po\u015bcieli Tencel jest jedwabi\u015bcie mi\u0119kki, oddychaj\u0105cy i delikatny dla sk\u00f3ry. Jego lekka i g\u0142adka faktura zapewnia \u015bwie\u017cy","robots":{"index":"index","follow":"follow","max-snippet":"max-snippet:-1","max-image-preview":"max-image-preview:large","max-video-preview":"max-video-preview:-1"},"canonical":"https:\/\/aztex.ee\/pl\/pood\/posciel-tencel\/tencel-komplet-poscieli-jasnozielony\/","og_locale":"pl_PL","og_type":"article","og_title":"Tencel komplet po\u015bcieli - Jasnozielony | AZTEX","og_description":"Luksusowy, Jasnozielony komplet po\u015bcieli Tencel jest jedwabi\u015bcie mi\u0119kki, oddychaj\u0105cy i delikatny dla sk\u00f3ry. Jego lekka i g\u0142adka faktura zapewnia \u015bwie\u017cy","og_url":"https:\/\/aztex.ee\/pl\/pood\/posciel-tencel\/tencel-komplet-poscieli-jasnozielony\/","og_site_name":"AZTEX","article_publisher":"https:\/\/www.facebook.com\/AztexEE","article_modified_time":"2025-03-09T19:40:58+00:00","og_image":[{"width":800,"height":800,"url":"https:\/\/aztex.ee\/wp-content\/uploads\/2025\/03\/Tencel-voodipesukomplekt-Heleroheline.jpg","type":"image\/jpeg"}],"twitter_card":"summary_large_image","twitter_misc":{"Szacowany czas czytania":"2 minuty"},"schema":{"@context":"https:\/\/schema.org","@graph":[{"@type":["WebPage","ItemPage"],"@id":"https:\/\/aztex.ee\/pl\/pood\/posciel-tencel\/tencel-komplet-poscieli-jasnozielony\/","url":"https:\/\/aztex.ee\/pl\/pood\/posciel-tencel\/tencel-komplet-poscieli-jasnozielony\/","name":"Tencel komplet po\u015bcieli - Jasnozielony | AZTEX","isPartOf":{"@id":"https:\/\/aztex.ee\/pl\/#website"},"primaryImageOfPage":{"@id":"https:\/\/aztex.ee\/pl\/pood\/posciel-tencel\/tencel-komplet-poscieli-jasnozielony\/#primaryimage"},"image":{"@id":"https:\/\/aztex.ee\/pl\/pood\/posciel-tencel\/tencel-komplet-poscieli-jasnozielony\/#primaryimage"},"thumbnailUrl":"https:\/\/aztex.ee\/wp-content\/uploads\/2025\/03\/Tencel-voodipesukomplekt-Heleroheline.jpg","datePublished":"2025-03-08T22:43:38+00:00","dateModified":"2025-03-09T19:40:58+00:00","description":"Luksusowy, Jasnozielony komplet po\u015bcieli Tencel jest jedwabi\u015bcie mi\u0119kki, oddychaj\u0105cy i delikatny dla sk\u00f3ry. Jego lekka i g\u0142adka faktura zapewnia \u015bwie\u017cy","breadcrumb":{"@id":"https:\/\/aztex.ee\/pl\/pood\/posciel-tencel\/tencel-komplet-poscieli-jasnozielony\/#breadcrumb"},"inLanguage":"pl-PL","potentialAction":[{"@type":"ReadAction","target":["https:\/\/aztex.ee\/pl\/pood\/posciel-tencel\/tencel-komplet-poscieli-jasnozielony\/"]}]},{"@type":"ImageObject","inLanguage":"pl-PL","@id":"https:\/\/aztex.ee\/pl\/pood\/posciel-tencel\/tencel-komplet-poscieli-jasnozielony\/#primaryimage","url":"https:\/\/aztex.ee\/wp-content\/uploads\/2025\/03\/Tencel-voodipesukomplekt-Heleroheline.jpg","contentUrl":"https:\/\/aztex.ee\/wp-content\/uploads\/2025\/03\/Tencel-voodipesukomplekt-Heleroheline.jpg","width":800,"height":800,"caption":"Tencel voodipesukomplekt Heleroheline"},{"@type":"BreadcrumbList","@id":"https:\/\/aztex.ee\/pl\/pood\/posciel-tencel\/tencel-komplet-poscieli-jasnozielony\/#breadcrumb","itemListElement":[{"@type":"ListItem","position":1,"name":"Strona g\u0142\u00f3wna","item":"https:\/\/aztex.ee\/pl\/"},{"@type":"ListItem","position":2,"name":"Sklep","item":"https:\/\/aztex.ee\/pl\/sklep\/"},{"@type":"ListItem","position":3,"name":"Tencel komplet po\u015bcieli | Jasnozielony"}]},{"@type":"WebSite","@id":"https:\/\/aztex.ee\/pl\/#website","url":"https:\/\/aztex.ee\/pl\/","name":"AZTEX","description":"","publisher":{"@id":"https:\/\/aztex.ee\/pl\/#organization"},"potentialAction":[{"@type":"SearchAction","target":{"@type":"EntryPoint","urlTemplate":"https:\/\/aztex.ee\/pl\/?s={search_term_string}"},"query-input":{"@type":"PropertyValueSpecification","valueRequired":true,"valueName":"search_term_string"}}],"inLanguage":"pl-PL"},{"@type":"Organization","@id":"https:\/\/aztex.ee\/pl\/#organization","name":"AZTEX","url":"https:\/\/aztex.ee\/pl\/","logo":{"@type":"ImageObject","inLanguage":"pl-PL","@id":"https:\/\/aztex.ee\/pl\/#\/schema\/logo\/image\/","url":"https:\/\/aztex.ee\/wp-content\/uploads\/2026\/01\/AZTEX.png","contentUrl":"https:\/\/aztex.ee\/wp-content\/uploads\/2026\/01\/AZTEX.png","width":500,"height":500,"caption":"AZTEX"},"image":{"@id":"https:\/\/aztex.ee\/pl\/#\/schema\/logo\/image\/"},"sameAs":["https:\/\/www.facebook.com\/AztexEE","https:\/\/www.instagram.com\/aztexeesti\/","https:\/\/www.youtube.com\/@AZTEXEE","https:\/\/www.pinterest.com\/aztex_eesti\/","https:\/\/www.tiktok.com\/@aztexeesti","https:\/\/www.trustpilot.com\/review\/aztex.ee","https:\/\/www.linkedin.com\/company\/aztex-ee\/","https:\/\/www.wikidata.org\/wiki\/Q137560182"]}]}},"_links":{"self":[{"href":"https:\/\/aztex.ee\/pl\/wp-json\/wp\/v2\/product\/64391","targetHints":{"allow":["GET"]}}],"collection":[{"href":"https:\/\/aztex.ee\/pl\/wp-json\/wp\/v2\/product"}],"about":[{"href":"https:\/\/aztex.ee\/pl\/wp-json\/wp\/v2\/types\/product"}],"replies":[{"embeddable":true,"href":"https:\/\/aztex.ee\/pl\/wp-json\/wp\/v2\/comments?post=64391"}],"version-history":[{"count":0,"href":"https:\/\/aztex.ee\/pl\/wp-json\/wp\/v2\/product\/64391\/revisions"}],"wp:featuredmedia":[{"embeddable":true,"href":"https:\/\/aztex.ee\/pl\/wp-json\/wp\/v2\/media\/64408"}],"wp:attachment":[{"href":"https:\/\/aztex.ee\/pl\/wp-json\/wp\/v2\/media?parent=64391"}],"wp:term":[{"taxonomy":"product_brand","embeddable":true,"href":"https:\/\/aztex.ee\/pl\/wp-json\/wp\/v2\/product_brand?post=64391"},{"taxonomy":"product_cat","embeddable":true,"href":"https:\/\/aztex.ee\/pl\/wp-json\/wp\/v2\/product_cat?post=64391"},{"taxonomy":"product_tag","embeddable":true,"href":"https:\/\/aztex.ee\/pl\/wp-json\/wp\/v2\/product_tag?post=64391"}],"curies":[{"name":"wp","href":"https:\/\/api.w.org\/{rel}","templated":true}]}}