{"id":59880,"date":"2025-02-26T09:58:55","date_gmt":"2025-02-26T09:58:55","guid":{"rendered":"https:\/\/aztex.ee\/?post_type=product&#038;p=59880"},"modified":"2026-02-01T16:43:46","modified_gmt":"2026-02-01T16:43:46","slug":"koc-sherpa-150x200-cm","status":"publish","type":"product","link":"https:\/\/aztex.ee\/pl\/pood\/koce-i-pledy\/koc-sherpa-150x200-cm\/","title":{"rendered":"Koc sherpa 150&#215;200 cm"},"content":{"rendered":"<p><strong>Koc polarowy Sherpa 150\u00d7200 cm \u2013 mi\u0119kki i ciep\u0142y<\/strong><\/p>\n<p>Zawsze czuj si\u0119 komfortowo i ciep\u0142o w domu dzi\u0119ki temu wysokiej jako\u015bci kocowi polarowemu Sherpa. Ten koc zosta\u0142 zaprojektowany tak, aby zapewni\u0107 najlepsze ciep\u0142o i przytulno\u015b\u0107, aby codzienne chwile by\u0142y jeszcze przyjemniejsze.<\/p>\n<p><strong>Komfort w ka\u017cdej sytuacji<\/strong><br \/>\nWymiary koca polarowego Sherpa 150\u00d7200 cm sprawiaj\u0105, \u017ce doskonale sprawdzi si\u0119 w ka\u017cdej sytuacji. Niezale\u017cnie od tego, czy relaksujesz si\u0119 na sofie, zapewniasz dodatkowe ciep\u0142o na \u0142\u00f3\u017cku czy \u015bpisz \u2014 koc polarowy Sherpa oferuje idealn\u0105 lekko\u015b\u0107 i ciep\u0142o w ka\u017cdym zastosowaniu. Rozmiar jest r\u00f3wnie\u017c odpowiedni dla go\u015bci lub jako dodatkowy koc na \u0142\u00f3\u017cko, aby ka\u017cdy dzie\u0144 by\u0142 pe\u0142en ciep\u0142a.<\/p>\n<p><strong>\u0141atwy w piel\u0119gnacji i trwa\u0142y<\/strong><br \/>\nPiel\u0119gnacja koca polarowego Sherpa jest \u0142atwa i wygodna, poniewa\u017c mo\u017cna go pra\u0107 w pralce. Po praniu pozostaje mi\u0119kki, zapewniaj\u0105c d\u0142ugotrwa\u0142e ciep\u0142o i jako\u015b\u0107. Zalecamy pranie w niskich temperaturach, aby zachowa\u0107 pi\u0119kno i trwa\u0142o\u015b\u0107 produktu. Koc polarowy szybko schnie i nie wymaga oddzielnego suszenia, co czyni go jeszcze bardziej praktycznym w codziennym \u017cyciu.<\/p>\n<p><strong>Przytulno\u015b\u0107 i ciep\u0142o w ka\u017cdej chwili<\/strong><br \/>\nKoc polarowy Sherpa nie jest tylko ciep\u0142y &#8211; oferuje r\u00f3wnie\u017c doskona\u0142y relaks na co dzie\u0144. Niezale\u017cnie od tego, czy jest to przytulny wiecz\u00f3r w domu, czytanie ksi\u0105\u017cki czy wykonywanie obowi\u0105zk\u00f3w domowych &#8211; koc polarowy Sherpa sprawia, \u017ce \u200b\u200bka\u017cda chwila jest wyj\u0105tkowa.<\/p>\n","protected":false},"excerpt":{"rendered":"<ul>\n<li>Materia\u0142: Runo koralowe<\/li>\n<li>Rozmiar: 150&#215;200 cm \u00b13<\/li>\n<li>Gramatura: 1,1 kg<\/li>\n<\/ul>\n","protected":false},"featured_media":59967,"comment_status":"open","ping_status":"closed","template":"","meta":[],"product_brand":[],"product_cat":[1874,4475,4493],"product_tag":[],"class_list":{"0":"post-59880","1":"product","2":"type-product","3":"status-publish","4":"has-post-thumbnail","6":"product_cat-koce-i-pledy","7":"product_cat-koce-sherpa","8":"product_cat-koce-sherpa-150x200-cm","10":"first","11":"instock","12":"shipping-taxable","13":"purchasable","14":"product-type-variable"},"yoast_head":"<!-- This site is optimized with the Yoast SEO plugin v27.4 - https:\/\/yoast.com\/product\/yoast-seo-wordpress\/ -->\n<title>Koc sherpa 150x200 cm | AZTEX<\/title>\n<meta name=\"description\" content=\"Ultra mi\u0119kki i ciep\u0142y koc polarowy Sherpa o wymiarach 150x200 cm, kt\u00f3ry zapewnia maksymalny komfort. Idealny towarzysz na ch\u0142odniejsze wieczory i relaks.\" \/>\n<meta name=\"robots\" content=\"index, follow, max-snippet:-1, max-image-preview:large, max-video-preview:-1\" \/>\n<link rel=\"canonical\" href=\"https:\/\/aztex.ee\/pl\/pood\/koce-i-pledy\/koc-sherpa-150x200-cm\/\" \/>\n<meta property=\"og:locale\" content=\"pl_PL\" \/>\n<meta property=\"og:type\" content=\"article\" \/>\n<meta property=\"og:title\" content=\"Koc sherpa 150x200 cm | AZTEX\" \/>\n<meta property=\"og:description\" content=\"Ultra mi\u0119kki i ciep\u0142y koc polarowy Sherpa o wymiarach 150x200 cm, kt\u00f3ry zapewnia maksymalny komfort. Idealny towarzysz na ch\u0142odniejsze wieczory i relaks.\" \/>\n<meta property=\"og:url\" content=\"https:\/\/aztex.ee\/pl\/pood\/koce-i-pledy\/koc-sherpa-150x200-cm\/\" \/>\n<meta property=\"og:site_name\" content=\"AZTEX\" \/>\n<meta property=\"article:publisher\" content=\"https:\/\/www.facebook.com\/AztexEE\" \/>\n<meta property=\"article:modified_time\" content=\"2026-02-01T16:43:46+00:00\" \/>\n<meta property=\"og:image\" content=\"https:\/\/aztex.ee\/wp-content\/uploads\/2025\/02\/Sherpa-fliis-tekk-150x200-cm.jpg\" \/>\n\t<meta property=\"og:image:width\" content=\"800\" \/>\n\t<meta property=\"og:image:height\" content=\"800\" \/>\n\t<meta property=\"og:image:type\" content=\"image\/jpeg\" \/>\n<meta name=\"twitter:card\" content=\"summary_large_image\" \/>\n<meta name=\"twitter:label1\" content=\"Szacowany czas czytania\" \/>\n\t<meta name=\"twitter:data1\" content=\"2 minuty\" \/>\n<script type=\"application\/ld+json\" class=\"yoast-schema-graph\">{\"@context\":\"https:\\\/\\\/schema.org\",\"@graph\":[{\"@type\":[\"WebPage\",\"ItemPage\"],\"@id\":\"https:\\\/\\\/aztex.ee\\\/pl\\\/pood\\\/koce-i-pledy\\\/koc-sherpa-150x200-cm\\\/\",\"url\":\"https:\\\/\\\/aztex.ee\\\/pl\\\/pood\\\/koce-i-pledy\\\/koc-sherpa-150x200-cm\\\/\",\"name\":\"Koc sherpa 150x200 cm | AZTEX\",\"isPartOf\":{\"@id\":\"https:\\\/\\\/aztex.ee\\\/pl\\\/#website\"},\"primaryImageOfPage\":{\"@id\":\"https:\\\/\\\/aztex.ee\\\/pl\\\/pood\\\/koce-i-pledy\\\/koc-sherpa-150x200-cm\\\/#primaryimage\"},\"image\":{\"@id\":\"https:\\\/\\\/aztex.ee\\\/pl\\\/pood\\\/koce-i-pledy\\\/koc-sherpa-150x200-cm\\\/#primaryimage\"},\"thumbnailUrl\":\"https:\\\/\\\/aztex.ee\\\/wp-content\\\/uploads\\\/2025\\\/02\\\/Sherpa-fliis-tekk-150x200-cm.jpg\",\"datePublished\":\"2025-02-26T09:58:55+00:00\",\"dateModified\":\"2026-02-01T16:43:46+00:00\",\"description\":\"Ultra mi\u0119kki i ciep\u0142y koc polarowy Sherpa o wymiarach 150x200 cm, kt\u00f3ry zapewnia maksymalny komfort. Idealny towarzysz na ch\u0142odniejsze wieczory i relaks.\",\"breadcrumb\":{\"@id\":\"https:\\\/\\\/aztex.ee\\\/pl\\\/pood\\\/koce-i-pledy\\\/koc-sherpa-150x200-cm\\\/#breadcrumb\"},\"inLanguage\":\"pl-PL\",\"potentialAction\":[{\"@type\":\"ReadAction\",\"target\":[\"https:\\\/\\\/aztex.ee\\\/pl\\\/pood\\\/koce-i-pledy\\\/koc-sherpa-150x200-cm\\\/\"]}]},{\"@type\":\"ImageObject\",\"inLanguage\":\"pl-PL\",\"@id\":\"https:\\\/\\\/aztex.ee\\\/pl\\\/pood\\\/koce-i-pledy\\\/koc-sherpa-150x200-cm\\\/#primaryimage\",\"url\":\"https:\\\/\\\/aztex.ee\\\/wp-content\\\/uploads\\\/2025\\\/02\\\/Sherpa-fliis-tekk-150x200-cm.jpg\",\"contentUrl\":\"https:\\\/\\\/aztex.ee\\\/wp-content\\\/uploads\\\/2025\\\/02\\\/Sherpa-fliis-tekk-150x200-cm.jpg\",\"width\":800,\"height\":800,\"caption\":\"Sherpa fliis tekk 150x200 cm\"},{\"@type\":\"BreadcrumbList\",\"@id\":\"https:\\\/\\\/aztex.ee\\\/pl\\\/pood\\\/koce-i-pledy\\\/koc-sherpa-150x200-cm\\\/#breadcrumb\",\"itemListElement\":[{\"@type\":\"ListItem\",\"position\":1,\"name\":\"Strona g\u0142\u00f3wna\",\"item\":\"https:\\\/\\\/aztex.ee\\\/pl\\\/\"},{\"@type\":\"ListItem\",\"position\":2,\"name\":\"Sklep\",\"item\":\"https:\\\/\\\/aztex.ee\\\/pl\\\/sklep\\\/\"},{\"@type\":\"ListItem\",\"position\":3,\"name\":\"Koc sherpa 150&#215;200 cm\"}]},{\"@type\":\"WebSite\",\"@id\":\"https:\\\/\\\/aztex.ee\\\/pl\\\/#website\",\"url\":\"https:\\\/\\\/aztex.ee\\\/pl\\\/\",\"name\":\"AZTEX\",\"description\":\"\",\"publisher\":{\"@id\":\"https:\\\/\\\/aztex.ee\\\/pl\\\/#organization\"},\"potentialAction\":[{\"@type\":\"SearchAction\",\"target\":{\"@type\":\"EntryPoint\",\"urlTemplate\":\"https:\\\/\\\/aztex.ee\\\/pl\\\/?s={search_term_string}\"},\"query-input\":{\"@type\":\"PropertyValueSpecification\",\"valueRequired\":true,\"valueName\":\"search_term_string\"}}],\"inLanguage\":\"pl-PL\"},{\"@type\":\"Organization\",\"@id\":\"https:\\\/\\\/aztex.ee\\\/pl\\\/#organization\",\"name\":\"AZTEX\",\"url\":\"https:\\\/\\\/aztex.ee\\\/pl\\\/\",\"logo\":{\"@type\":\"ImageObject\",\"inLanguage\":\"pl-PL\",\"@id\":\"https:\\\/\\\/aztex.ee\\\/pl\\\/#\\\/schema\\\/logo\\\/image\\\/\",\"url\":\"https:\\\/\\\/aztex.ee\\\/wp-content\\\/uploads\\\/2026\\\/01\\\/AZTEX.png\",\"contentUrl\":\"https:\\\/\\\/aztex.ee\\\/wp-content\\\/uploads\\\/2026\\\/01\\\/AZTEX.png\",\"width\":500,\"height\":500,\"caption\":\"AZTEX\"},\"image\":{\"@id\":\"https:\\\/\\\/aztex.ee\\\/pl\\\/#\\\/schema\\\/logo\\\/image\\\/\"},\"sameAs\":[\"https:\\\/\\\/www.facebook.com\\\/AztexEE\",\"https:\\\/\\\/www.instagram.com\\\/aztexeesti\\\/\",\"https:\\\/\\\/www.youtube.com\\\/@AZTEXEE\",\"https:\\\/\\\/www.pinterest.com\\\/aztex_eesti\\\/\",\"https:\\\/\\\/www.tiktok.com\\\/@aztexeesti\",\"https:\\\/\\\/www.trustpilot.com\\\/review\\\/aztex.ee\",\"https:\\\/\\\/www.linkedin.com\\\/company\\\/aztex-ee\\\/\",\"https:\\\/\\\/www.wikidata.org\\\/wiki\\\/Q137560182\"]}]}<\/script>\n<!-- \/ Yoast SEO plugin. -->","yoast_head_json":{"title":"Koc sherpa 150x200 cm | AZTEX","description":"Ultra mi\u0119kki i ciep\u0142y koc polarowy Sherpa o wymiarach 150x200 cm, kt\u00f3ry zapewnia maksymalny komfort. Idealny towarzysz na ch\u0142odniejsze wieczory i relaks.","robots":{"index":"index","follow":"follow","max-snippet":"max-snippet:-1","max-image-preview":"max-image-preview:large","max-video-preview":"max-video-preview:-1"},"canonical":"https:\/\/aztex.ee\/pl\/pood\/koce-i-pledy\/koc-sherpa-150x200-cm\/","og_locale":"pl_PL","og_type":"article","og_title":"Koc sherpa 150x200 cm | AZTEX","og_description":"Ultra mi\u0119kki i ciep\u0142y koc polarowy Sherpa o wymiarach 150x200 cm, kt\u00f3ry zapewnia maksymalny komfort. Idealny towarzysz na ch\u0142odniejsze wieczory i relaks.","og_url":"https:\/\/aztex.ee\/pl\/pood\/koce-i-pledy\/koc-sherpa-150x200-cm\/","og_site_name":"AZTEX","article_publisher":"https:\/\/www.facebook.com\/AztexEE","article_modified_time":"2026-02-01T16:43:46+00:00","og_image":[{"width":800,"height":800,"url":"https:\/\/aztex.ee\/wp-content\/uploads\/2025\/02\/Sherpa-fliis-tekk-150x200-cm.jpg","type":"image\/jpeg"}],"twitter_card":"summary_large_image","twitter_misc":{"Szacowany czas czytania":"2 minuty"},"schema":{"@context":"https:\/\/schema.org","@graph":[{"@type":["WebPage","ItemPage"],"@id":"https:\/\/aztex.ee\/pl\/pood\/koce-i-pledy\/koc-sherpa-150x200-cm\/","url":"https:\/\/aztex.ee\/pl\/pood\/koce-i-pledy\/koc-sherpa-150x200-cm\/","name":"Koc sherpa 150x200 cm | AZTEX","isPartOf":{"@id":"https:\/\/aztex.ee\/pl\/#website"},"primaryImageOfPage":{"@id":"https:\/\/aztex.ee\/pl\/pood\/koce-i-pledy\/koc-sherpa-150x200-cm\/#primaryimage"},"image":{"@id":"https:\/\/aztex.ee\/pl\/pood\/koce-i-pledy\/koc-sherpa-150x200-cm\/#primaryimage"},"thumbnailUrl":"https:\/\/aztex.ee\/wp-content\/uploads\/2025\/02\/Sherpa-fliis-tekk-150x200-cm.jpg","datePublished":"2025-02-26T09:58:55+00:00","dateModified":"2026-02-01T16:43:46+00:00","description":"Ultra mi\u0119kki i ciep\u0142y koc polarowy Sherpa o wymiarach 150x200 cm, kt\u00f3ry zapewnia maksymalny komfort. Idealny towarzysz na ch\u0142odniejsze wieczory i relaks.","breadcrumb":{"@id":"https:\/\/aztex.ee\/pl\/pood\/koce-i-pledy\/koc-sherpa-150x200-cm\/#breadcrumb"},"inLanguage":"pl-PL","potentialAction":[{"@type":"ReadAction","target":["https:\/\/aztex.ee\/pl\/pood\/koce-i-pledy\/koc-sherpa-150x200-cm\/"]}]},{"@type":"ImageObject","inLanguage":"pl-PL","@id":"https:\/\/aztex.ee\/pl\/pood\/koce-i-pledy\/koc-sherpa-150x200-cm\/#primaryimage","url":"https:\/\/aztex.ee\/wp-content\/uploads\/2025\/02\/Sherpa-fliis-tekk-150x200-cm.jpg","contentUrl":"https:\/\/aztex.ee\/wp-content\/uploads\/2025\/02\/Sherpa-fliis-tekk-150x200-cm.jpg","width":800,"height":800,"caption":"Sherpa fliis tekk 150x200 cm"},{"@type":"BreadcrumbList","@id":"https:\/\/aztex.ee\/pl\/pood\/koce-i-pledy\/koc-sherpa-150x200-cm\/#breadcrumb","itemListElement":[{"@type":"ListItem","position":1,"name":"Strona g\u0142\u00f3wna","item":"https:\/\/aztex.ee\/pl\/"},{"@type":"ListItem","position":2,"name":"Sklep","item":"https:\/\/aztex.ee\/pl\/sklep\/"},{"@type":"ListItem","position":3,"name":"Koc sherpa 150&#215;200 cm"}]},{"@type":"WebSite","@id":"https:\/\/aztex.ee\/pl\/#website","url":"https:\/\/aztex.ee\/pl\/","name":"AZTEX","description":"","publisher":{"@id":"https:\/\/aztex.ee\/pl\/#organization"},"potentialAction":[{"@type":"SearchAction","target":{"@type":"EntryPoint","urlTemplate":"https:\/\/aztex.ee\/pl\/?s={search_term_string}"},"query-input":{"@type":"PropertyValueSpecification","valueRequired":true,"valueName":"search_term_string"}}],"inLanguage":"pl-PL"},{"@type":"Organization","@id":"https:\/\/aztex.ee\/pl\/#organization","name":"AZTEX","url":"https:\/\/aztex.ee\/pl\/","logo":{"@type":"ImageObject","inLanguage":"pl-PL","@id":"https:\/\/aztex.ee\/pl\/#\/schema\/logo\/image\/","url":"https:\/\/aztex.ee\/wp-content\/uploads\/2026\/01\/AZTEX.png","contentUrl":"https:\/\/aztex.ee\/wp-content\/uploads\/2026\/01\/AZTEX.png","width":500,"height":500,"caption":"AZTEX"},"image":{"@id":"https:\/\/aztex.ee\/pl\/#\/schema\/logo\/image\/"},"sameAs":["https:\/\/www.facebook.com\/AztexEE","https:\/\/www.instagram.com\/aztexeesti\/","https:\/\/www.youtube.com\/@AZTEXEE","https:\/\/www.pinterest.com\/aztex_eesti\/","https:\/\/www.tiktok.com\/@aztexeesti","https:\/\/www.trustpilot.com\/review\/aztex.ee","https:\/\/www.linkedin.com\/company\/aztex-ee\/","https:\/\/www.wikidata.org\/wiki\/Q137560182"]}]}},"_links":{"self":[{"href":"https:\/\/aztex.ee\/pl\/wp-json\/wp\/v2\/product\/59880","targetHints":{"allow":["GET"]}}],"collection":[{"href":"https:\/\/aztex.ee\/pl\/wp-json\/wp\/v2\/product"}],"about":[{"href":"https:\/\/aztex.ee\/pl\/wp-json\/wp\/v2\/types\/product"}],"replies":[{"embeddable":true,"href":"https:\/\/aztex.ee\/pl\/wp-json\/wp\/v2\/comments?post=59880"}],"version-history":[{"count":0,"href":"https:\/\/aztex.ee\/pl\/wp-json\/wp\/v2\/product\/59880\/revisions"}],"wp:featuredmedia":[{"embeddable":true,"href":"https:\/\/aztex.ee\/pl\/wp-json\/wp\/v2\/media\/59967"}],"wp:attachment":[{"href":"https:\/\/aztex.ee\/pl\/wp-json\/wp\/v2\/media?parent=59880"}],"wp:term":[{"taxonomy":"product_brand","embeddable":true,"href":"https:\/\/aztex.ee\/pl\/wp-json\/wp\/v2\/product_brand?post=59880"},{"taxonomy":"product_cat","embeddable":true,"href":"https:\/\/aztex.ee\/pl\/wp-json\/wp\/v2\/product_cat?post=59880"},{"taxonomy":"product_tag","embeddable":true,"href":"https:\/\/aztex.ee\/pl\/wp-json\/wp\/v2\/product_tag?post=59880"}],"curies":[{"name":"wp","href":"https:\/\/api.w.org\/{rel}","templated":true}]}}