{"id":57321,"date":"2025-02-18T09:05:31","date_gmt":"2025-02-18T09:05:31","guid":{"rendered":"https:\/\/aztex.ee\/?post_type=product&#038;p=57321"},"modified":"2026-04-07T12:51:25","modified_gmt":"2026-04-07T12:51:25","slug":"pled-130x180-cm","status":"publish","type":"product","link":"https:\/\/aztex.ee\/pl\/pood\/koce-i-pledy\/pled-130x180-cm\/","title":{"rendered":"Pled 130&#215;180 cm"},"content":{"rendered":"<p><strong>Mi\u0119kka i stylowa pledd na ka\u017cd\u0105 chwil\u0119<\/strong><\/p>\n<p>Wysokiej jako\u015bci pledy zapewnia ciep\u0142o i wygod\u0119 w ka\u017cdej sytuacji. Jest idealnym towarzyszem ch\u0142odnych wieczor\u00f3w, zapewniaj\u0105c przyjemn\u0105 mi\u0119kko\u015b\u0107 zar\u00f3wno podczas czytania ksi\u0105\u017cki na sofie, jak i cieszenia si\u0119 \u015bwie\u017cym powietrzem na tarasie. Dzi\u0119ki stylowemu wzornictwu pasuje do ka\u017cdego wn\u0119trza, dodaj\u0105c przytulno\u015bci i elegancji pomieszczeniu.<\/p>\n<p><strong>Przyjemny i wysokiej jako\u015bci materia\u0142<\/strong><br \/>\nPledy wykonana jest z mi\u0119kkiego i wytrzyma\u0142ego materia\u0142u kt\u00f3ry jest delikatny i przyjemny dla sk\u00f3ry. Utrzymuje cia\u0142o w cieple, ale nie jest zbyt ci\u0119\u017cki ani gor\u0105cy. Lekka, a jednocze\u015bnie g\u0119sta i wysokiej jako\u015bci tkanina tkana zapewnia maksymalny komfort. Nadaje si\u0119 do u\u017cytku w ka\u017cdym sezonie &#8211; zapewnia ciep\u0142o w ch\u0142odne zimowe wieczory i idealnie nadaje si\u0119 do siedzenia na zewn\u0105trz w ch\u0142odniejsze letnie wieczory.<\/p>\n<p><strong>Nadaje si\u0119 do ka\u017cdego wn\u0119trza<\/strong><br \/>\nPonadczasowy design i pi\u0119kne odcienie kolor\u00f3w sprawiaj\u0105, \u017ce ta pledy jest idealnym wyborem do ka\u017cdego domu. Po\u0142\u00f3\u017c j\u0105 na sofie, \u0142\u00f3\u017cku lub fotelu, aby doda\u0107 charakteru i przytulnego nastroju do pokoju. Dzi\u0119ki eleganckiemu wygl\u0105dowi pledd pasuje zar\u00f3wno do nowoczesnych, jak i klasycznych wn\u0119trz, b\u0119d\u0105c jednocze\u015bnie praktycznym i dekoracyjnym elementem.<\/p>\n<p><strong>\u0141atwa w piel\u0119gnacji i trwa\u0142a<\/strong><br \/>\nPledy jest \u0142atwa w piel\u0119gnacji, dzi\u0119ki czemu pozostaje mi\u0119kka i pi\u0119kna przez d\u0142ugi czas. Trwa\u0142e materia\u0142y i wysokiej jako\u015bci wykonanie zapewniaj\u0105, \u017ce zachowuje sw\u00f3j kszta\u0142t i kolor nawet po wielu praniach. Tkanina, kt\u00f3r\u0105 mo\u017cna pra\u0107 w pralce i kt\u00f3ra szybko schnie, sprawia, \u017ce \u200b\u200bjest wygodna i bezproblemowa w codziennym u\u017cytkowaniu.<\/p>\n<p>Wnie\u015b wi\u0119cej ciep\u0142a i komfortu do swojego domu dzi\u0119ki tej pi\u0119knej, praktycznej i trwa\u0142ej kratie &#8211; ciesz si\u0119 codziennym luksusem w ka\u017cdej chwili!<\/p>\n","protected":false},"excerpt":{"rendered":"<ul>\n<li>Materia\u0142: Akryl<\/li>\n<li>Rozmiar: 130&#215;180 cm \u00b13<\/li>\n<li>Gramatura: 0,520 kg<\/li>\n<\/ul>\n","protected":false},"featured_media":57408,"comment_status":"open","ping_status":"closed","template":"","meta":[],"product_brand":[],"product_cat":[1874,3485],"product_tag":[],"class_list":{"0":"post-57321","1":"product","2":"type-product","3":"status-publish","4":"has-post-thumbnail","6":"product_cat-koce-i-pledy","7":"product_cat-pledy-pl","9":"first","10":"instock","11":"shipping-taxable","12":"purchasable","13":"product-type-variable"},"yoast_head":"<!-- This site is optimized with the Yoast SEO plugin v27.4 - https:\/\/yoast.com\/product\/yoast-seo-wordpress\/ -->\n<title>Pled 130x180 cm | AZTEX<\/title>\n<meta name=\"description\" content=\"Przytulna i mi\u0119kka pledd ciep\u0142o do ka\u017cdego domu. Idealny towarzysz na ch\u0142odne wieczory \u2013 ciesz si\u0119 komfortem i stylem! | Tekstylia domowe AZTEX\" \/>\n<meta name=\"robots\" content=\"index, follow, max-snippet:-1, max-image-preview:large, max-video-preview:-1\" \/>\n<link rel=\"canonical\" href=\"https:\/\/aztex.ee\/pl\/pood\/koce-i-pledy\/pled-130x180-cm\/\" \/>\n<meta property=\"og:locale\" content=\"pl_PL\" \/>\n<meta property=\"og:type\" content=\"article\" \/>\n<meta property=\"og:title\" content=\"Pled 130x180 cm | AZTEX\" \/>\n<meta property=\"og:description\" content=\"Przytulna i mi\u0119kka pledd ciep\u0142o do ka\u017cdego domu. Idealny towarzysz na ch\u0142odne wieczory \u2013 ciesz si\u0119 komfortem i stylem! | Tekstylia domowe AZTEX\" \/>\n<meta property=\"og:url\" content=\"https:\/\/aztex.ee\/pl\/pood\/koce-i-pledy\/pled-130x180-cm\/\" \/>\n<meta property=\"og:site_name\" content=\"AZTEX\" \/>\n<meta property=\"article:publisher\" content=\"https:\/\/www.facebook.com\/AztexEE\" \/>\n<meta property=\"article:modified_time\" content=\"2026-04-07T12:51:25+00:00\" \/>\n<meta property=\"og:image\" content=\"https:\/\/aztex.ee\/wp-content\/uploads\/2025\/02\/Pleed-130x180-cm.jpg\" \/>\n\t<meta property=\"og:image:width\" content=\"800\" \/>\n\t<meta property=\"og:image:height\" content=\"800\" \/>\n\t<meta property=\"og:image:type\" content=\"image\/jpeg\" \/>\n<meta name=\"twitter:card\" content=\"summary_large_image\" \/>\n<meta name=\"twitter:label1\" content=\"Szacowany czas czytania\" \/>\n\t<meta name=\"twitter:data1\" content=\"2 minuty\" \/>\n<script type=\"application\/ld+json\" class=\"yoast-schema-graph\">{\"@context\":\"https:\\\/\\\/schema.org\",\"@graph\":[{\"@type\":[\"WebPage\",\"ItemPage\"],\"@id\":\"https:\\\/\\\/aztex.ee\\\/pl\\\/pood\\\/koce-i-pledy\\\/pled-130x180-cm\\\/\",\"url\":\"https:\\\/\\\/aztex.ee\\\/pl\\\/pood\\\/koce-i-pledy\\\/pled-130x180-cm\\\/\",\"name\":\"Pled 130x180 cm | AZTEX\",\"isPartOf\":{\"@id\":\"https:\\\/\\\/aztex.ee\\\/pl\\\/#website\"},\"primaryImageOfPage\":{\"@id\":\"https:\\\/\\\/aztex.ee\\\/pl\\\/pood\\\/koce-i-pledy\\\/pled-130x180-cm\\\/#primaryimage\"},\"image\":{\"@id\":\"https:\\\/\\\/aztex.ee\\\/pl\\\/pood\\\/koce-i-pledy\\\/pled-130x180-cm\\\/#primaryimage\"},\"thumbnailUrl\":\"https:\\\/\\\/aztex.ee\\\/wp-content\\\/uploads\\\/2025\\\/02\\\/Pleed-130x180-cm.jpg\",\"datePublished\":\"2025-02-18T09:05:31+00:00\",\"dateModified\":\"2026-04-07T12:51:25+00:00\",\"description\":\"Przytulna i mi\u0119kka pledd ciep\u0142o do ka\u017cdego domu. Idealny towarzysz na ch\u0142odne wieczory \u2013 ciesz si\u0119 komfortem i stylem! | Tekstylia domowe AZTEX\",\"breadcrumb\":{\"@id\":\"https:\\\/\\\/aztex.ee\\\/pl\\\/pood\\\/koce-i-pledy\\\/pled-130x180-cm\\\/#breadcrumb\"},\"inLanguage\":\"pl-PL\",\"potentialAction\":[{\"@type\":\"ReadAction\",\"target\":[\"https:\\\/\\\/aztex.ee\\\/pl\\\/pood\\\/koce-i-pledy\\\/pled-130x180-cm\\\/\"]}]},{\"@type\":\"ImageObject\",\"inLanguage\":\"pl-PL\",\"@id\":\"https:\\\/\\\/aztex.ee\\\/pl\\\/pood\\\/koce-i-pledy\\\/pled-130x180-cm\\\/#primaryimage\",\"url\":\"https:\\\/\\\/aztex.ee\\\/wp-content\\\/uploads\\\/2025\\\/02\\\/Pleed-130x180-cm.jpg\",\"contentUrl\":\"https:\\\/\\\/aztex.ee\\\/wp-content\\\/uploads\\\/2025\\\/02\\\/Pleed-130x180-cm.jpg\",\"width\":800,\"height\":800,\"caption\":\"Pleed 130x180 cm\"},{\"@type\":\"BreadcrumbList\",\"@id\":\"https:\\\/\\\/aztex.ee\\\/pl\\\/pood\\\/koce-i-pledy\\\/pled-130x180-cm\\\/#breadcrumb\",\"itemListElement\":[{\"@type\":\"ListItem\",\"position\":1,\"name\":\"Strona g\u0142\u00f3wna\",\"item\":\"https:\\\/\\\/aztex.ee\\\/pl\\\/\"},{\"@type\":\"ListItem\",\"position\":2,\"name\":\"Sklep\",\"item\":\"https:\\\/\\\/aztex.ee\\\/pl\\\/sklep\\\/\"},{\"@type\":\"ListItem\",\"position\":3,\"name\":\"Pled 130&#215;180 cm\"}]},{\"@type\":\"WebSite\",\"@id\":\"https:\\\/\\\/aztex.ee\\\/pl\\\/#website\",\"url\":\"https:\\\/\\\/aztex.ee\\\/pl\\\/\",\"name\":\"AZTEX\",\"description\":\"\",\"publisher\":{\"@id\":\"https:\\\/\\\/aztex.ee\\\/pl\\\/#organization\"},\"potentialAction\":[{\"@type\":\"SearchAction\",\"target\":{\"@type\":\"EntryPoint\",\"urlTemplate\":\"https:\\\/\\\/aztex.ee\\\/pl\\\/?s={search_term_string}\"},\"query-input\":{\"@type\":\"PropertyValueSpecification\",\"valueRequired\":true,\"valueName\":\"search_term_string\"}}],\"inLanguage\":\"pl-PL\"},{\"@type\":\"Organization\",\"@id\":\"https:\\\/\\\/aztex.ee\\\/pl\\\/#organization\",\"name\":\"AZTEX\",\"url\":\"https:\\\/\\\/aztex.ee\\\/pl\\\/\",\"logo\":{\"@type\":\"ImageObject\",\"inLanguage\":\"pl-PL\",\"@id\":\"https:\\\/\\\/aztex.ee\\\/pl\\\/#\\\/schema\\\/logo\\\/image\\\/\",\"url\":\"https:\\\/\\\/aztex.ee\\\/wp-content\\\/uploads\\\/2026\\\/01\\\/AZTEX.png\",\"contentUrl\":\"https:\\\/\\\/aztex.ee\\\/wp-content\\\/uploads\\\/2026\\\/01\\\/AZTEX.png\",\"width\":500,\"height\":500,\"caption\":\"AZTEX\"},\"image\":{\"@id\":\"https:\\\/\\\/aztex.ee\\\/pl\\\/#\\\/schema\\\/logo\\\/image\\\/\"},\"sameAs\":[\"https:\\\/\\\/www.facebook.com\\\/AztexEE\",\"https:\\\/\\\/www.instagram.com\\\/aztexeesti\\\/\",\"https:\\\/\\\/www.youtube.com\\\/@AZTEXEE\",\"https:\\\/\\\/www.pinterest.com\\\/aztex_eesti\\\/\",\"https:\\\/\\\/www.tiktok.com\\\/@aztexeesti\",\"https:\\\/\\\/www.trustpilot.com\\\/review\\\/aztex.ee\",\"https:\\\/\\\/www.linkedin.com\\\/company\\\/aztex-ee\\\/\",\"https:\\\/\\\/www.wikidata.org\\\/wiki\\\/Q137560182\"]}]}<\/script>\n<!-- \/ Yoast SEO plugin. -->","yoast_head_json":{"title":"Pled 130x180 cm | AZTEX","description":"Przytulna i mi\u0119kka pledd ciep\u0142o do ka\u017cdego domu. Idealny towarzysz na ch\u0142odne wieczory \u2013 ciesz si\u0119 komfortem i stylem! | Tekstylia domowe AZTEX","robots":{"index":"index","follow":"follow","max-snippet":"max-snippet:-1","max-image-preview":"max-image-preview:large","max-video-preview":"max-video-preview:-1"},"canonical":"https:\/\/aztex.ee\/pl\/pood\/koce-i-pledy\/pled-130x180-cm\/","og_locale":"pl_PL","og_type":"article","og_title":"Pled 130x180 cm | AZTEX","og_description":"Przytulna i mi\u0119kka pledd ciep\u0142o do ka\u017cdego domu. Idealny towarzysz na ch\u0142odne wieczory \u2013 ciesz si\u0119 komfortem i stylem! | Tekstylia domowe AZTEX","og_url":"https:\/\/aztex.ee\/pl\/pood\/koce-i-pledy\/pled-130x180-cm\/","og_site_name":"AZTEX","article_publisher":"https:\/\/www.facebook.com\/AztexEE","article_modified_time":"2026-04-07T12:51:25+00:00","og_image":[{"width":800,"height":800,"url":"https:\/\/aztex.ee\/wp-content\/uploads\/2025\/02\/Pleed-130x180-cm.jpg","type":"image\/jpeg"}],"twitter_card":"summary_large_image","twitter_misc":{"Szacowany czas czytania":"2 minuty"},"schema":{"@context":"https:\/\/schema.org","@graph":[{"@type":["WebPage","ItemPage"],"@id":"https:\/\/aztex.ee\/pl\/pood\/koce-i-pledy\/pled-130x180-cm\/","url":"https:\/\/aztex.ee\/pl\/pood\/koce-i-pledy\/pled-130x180-cm\/","name":"Pled 130x180 cm | AZTEX","isPartOf":{"@id":"https:\/\/aztex.ee\/pl\/#website"},"primaryImageOfPage":{"@id":"https:\/\/aztex.ee\/pl\/pood\/koce-i-pledy\/pled-130x180-cm\/#primaryimage"},"image":{"@id":"https:\/\/aztex.ee\/pl\/pood\/koce-i-pledy\/pled-130x180-cm\/#primaryimage"},"thumbnailUrl":"https:\/\/aztex.ee\/wp-content\/uploads\/2025\/02\/Pleed-130x180-cm.jpg","datePublished":"2025-02-18T09:05:31+00:00","dateModified":"2026-04-07T12:51:25+00:00","description":"Przytulna i mi\u0119kka pledd ciep\u0142o do ka\u017cdego domu. Idealny towarzysz na ch\u0142odne wieczory \u2013 ciesz si\u0119 komfortem i stylem! | Tekstylia domowe AZTEX","breadcrumb":{"@id":"https:\/\/aztex.ee\/pl\/pood\/koce-i-pledy\/pled-130x180-cm\/#breadcrumb"},"inLanguage":"pl-PL","potentialAction":[{"@type":"ReadAction","target":["https:\/\/aztex.ee\/pl\/pood\/koce-i-pledy\/pled-130x180-cm\/"]}]},{"@type":"ImageObject","inLanguage":"pl-PL","@id":"https:\/\/aztex.ee\/pl\/pood\/koce-i-pledy\/pled-130x180-cm\/#primaryimage","url":"https:\/\/aztex.ee\/wp-content\/uploads\/2025\/02\/Pleed-130x180-cm.jpg","contentUrl":"https:\/\/aztex.ee\/wp-content\/uploads\/2025\/02\/Pleed-130x180-cm.jpg","width":800,"height":800,"caption":"Pleed 130x180 cm"},{"@type":"BreadcrumbList","@id":"https:\/\/aztex.ee\/pl\/pood\/koce-i-pledy\/pled-130x180-cm\/#breadcrumb","itemListElement":[{"@type":"ListItem","position":1,"name":"Strona g\u0142\u00f3wna","item":"https:\/\/aztex.ee\/pl\/"},{"@type":"ListItem","position":2,"name":"Sklep","item":"https:\/\/aztex.ee\/pl\/sklep\/"},{"@type":"ListItem","position":3,"name":"Pled 130&#215;180 cm"}]},{"@type":"WebSite","@id":"https:\/\/aztex.ee\/pl\/#website","url":"https:\/\/aztex.ee\/pl\/","name":"AZTEX","description":"","publisher":{"@id":"https:\/\/aztex.ee\/pl\/#organization"},"potentialAction":[{"@type":"SearchAction","target":{"@type":"EntryPoint","urlTemplate":"https:\/\/aztex.ee\/pl\/?s={search_term_string}"},"query-input":{"@type":"PropertyValueSpecification","valueRequired":true,"valueName":"search_term_string"}}],"inLanguage":"pl-PL"},{"@type":"Organization","@id":"https:\/\/aztex.ee\/pl\/#organization","name":"AZTEX","url":"https:\/\/aztex.ee\/pl\/","logo":{"@type":"ImageObject","inLanguage":"pl-PL","@id":"https:\/\/aztex.ee\/pl\/#\/schema\/logo\/image\/","url":"https:\/\/aztex.ee\/wp-content\/uploads\/2026\/01\/AZTEX.png","contentUrl":"https:\/\/aztex.ee\/wp-content\/uploads\/2026\/01\/AZTEX.png","width":500,"height":500,"caption":"AZTEX"},"image":{"@id":"https:\/\/aztex.ee\/pl\/#\/schema\/logo\/image\/"},"sameAs":["https:\/\/www.facebook.com\/AztexEE","https:\/\/www.instagram.com\/aztexeesti\/","https:\/\/www.youtube.com\/@AZTEXEE","https:\/\/www.pinterest.com\/aztex_eesti\/","https:\/\/www.tiktok.com\/@aztexeesti","https:\/\/www.trustpilot.com\/review\/aztex.ee","https:\/\/www.linkedin.com\/company\/aztex-ee\/","https:\/\/www.wikidata.org\/wiki\/Q137560182"]}]}},"_links":{"self":[{"href":"https:\/\/aztex.ee\/pl\/wp-json\/wp\/v2\/product\/57321","targetHints":{"allow":["GET"]}}],"collection":[{"href":"https:\/\/aztex.ee\/pl\/wp-json\/wp\/v2\/product"}],"about":[{"href":"https:\/\/aztex.ee\/pl\/wp-json\/wp\/v2\/types\/product"}],"replies":[{"embeddable":true,"href":"https:\/\/aztex.ee\/pl\/wp-json\/wp\/v2\/comments?post=57321"}],"version-history":[{"count":0,"href":"https:\/\/aztex.ee\/pl\/wp-json\/wp\/v2\/product\/57321\/revisions"}],"wp:featuredmedia":[{"embeddable":true,"href":"https:\/\/aztex.ee\/pl\/wp-json\/wp\/v2\/media\/57408"}],"wp:attachment":[{"href":"https:\/\/aztex.ee\/pl\/wp-json\/wp\/v2\/media?parent=57321"}],"wp:term":[{"taxonomy":"product_brand","embeddable":true,"href":"https:\/\/aztex.ee\/pl\/wp-json\/wp\/v2\/product_brand?post=57321"},{"taxonomy":"product_cat","embeddable":true,"href":"https:\/\/aztex.ee\/pl\/wp-json\/wp\/v2\/product_cat?post=57321"},{"taxonomy":"product_tag","embeddable":true,"href":"https:\/\/aztex.ee\/pl\/wp-json\/wp\/v2\/product_tag?post=57321"}],"curies":[{"name":"wp","href":"https:\/\/api.w.org\/{rel}","templated":true}]}}