{"id":56075,"date":"2025-02-16T10:44:55","date_gmt":"2025-02-16T10:44:55","guid":{"rendered":"https:\/\/aztex.ee\/?post_type=product&#038;p=56075"},"modified":"2026-01-31T17:14:37","modified_gmt":"2026-01-31T17:14:37","slug":"kocyk-dla-dzieci-105x110-cm","status":"publish","type":"product","link":"https:\/\/aztex.ee\/pl\/pood\/swiat-dziecka\/kocyk-dla-dzieci-105x110-cm\/","title":{"rendered":"Kocyk dla dzieci 105&#215;110 cm"},"content":{"rendered":"<p><strong>Mi\u0119kki i ciep\u0142y kocyk dla niemowl\u0105t z zabawnymi obrazkami<\/strong><\/p>\n<p><strong>Wymarzony kocyk dla ka\u017cdego dziecka<\/strong><br \/>\nTen uroczy kocyk dla niemowl\u0105t zapewnia ma\u0142ym marzycielom ciep\u0142o i poczucie bezpiecze\u0144stwa w ka\u017cdej chwili. Kolorowe i zabawne obrazki sprawiaj\u0105, \u017ce pora snu jest jeszcze bardziej wyj\u0105tkowa, przynosz\u0105c rado\u015b\u0107 ka\u017cdego dnia.<\/p>\n<p><strong>Komfort i jako\u015b\u0107<\/strong><br \/>\nKocyk wykonany jest z mi\u0119kkiego materia\u0142u, kt\u00f3ry jest przyjemny w dotyku i wytrzyma\u0142y do \u200b\u200bcodziennego u\u017cytku. Idealny do spania lub zabawy w k\u0105ciku zabaw &#8211; zabawne obrazki sprawiaj\u0105, \u017ce ten kocyk jest ulubie\u0144cem dziecka w ka\u017cdej sytuacji.<\/p>\n<p><strong>\u0141atwy w piel\u0119gnacji<\/strong><br \/>\nKocyk nadaj\u0105cy si\u0119 do prania w pralce, kt\u00f3ry zachowuje swoj\u0105 mi\u0119kko\u015b\u0107 i kolorowo\u015b\u0107 nawet po kilku praniach. Dzi\u0119ki temu jest zawsze \u015bwie\u017cy, mi\u0119kki i gotowy, aby zapewni\u0107 ciep\u0142o i wygod\u0119 w ka\u017cdej chwili.<\/p>\n<p><strong>Idealny pomys\u0142 na prezent<\/strong><br \/>\nTen uroczy kocyk to \u015bwietny prezent dla niemowl\u0105t i ma\u0142ych dzieci &#8211; czy to dla kota, na urodziny, czy po prostu, aby sprawi\u0107 rado\u015b\u0107. Kocyk tworzy ciep\u0142\u0105 i przytuln\u0105 atmosfer\u0119 w domu, przynosz\u0105c rado\u015b\u0107 ka\u017cdego dnia.<\/p>\n<p>Podaruj swojemu dziecku najlepszy prezent &#8211; ciep\u0142y, mi\u0119kki i zabawny kocyk, kt\u00f3ry b\u0119dzie mu towarzyszy\u0142 podczas wszelkiego rodzaju przyg\u00f3d!<\/p>\n","protected":false},"excerpt":{"rendered":"<ul>\n<li>Materia\u0142: Poliester<\/li>\n<li>Rozmiar: 105&#215;110 cm \u00b13<\/li>\n<li>Gramatura: 0,7 kg<\/li>\n<\/ul>\n","protected":false},"featured_media":56146,"comment_status":"open","ping_status":"closed","template":"","meta":[],"product_brand":[],"product_cat":[2242,2221],"product_tag":[],"class_list":{"0":"post-56075","1":"product","2":"type-product","3":"status-publish","4":"has-post-thumbnail","6":"product_cat-kocyki-dla-dzieci-i-niemowlat","7":"product_cat-swiat-dziecka","9":"first","10":"instock","11":"sale","12":"shipping-taxable","13":"purchasable","14":"product-type-variable"},"yoast_head":"<!-- This site is optimized with the Yoast SEO plugin v27.3 - https:\/\/yoast.com\/product\/yoast-seo-wordpress\/ -->\n<title>Kocyk dla dzieci 105x110 cm | AZTEX<\/title>\n<meta name=\"description\" content=\"Mi\u0119kki i ciep\u0142y kocyk dla niemowl\u0105t z zabawnymi obrazkami! Idealny towarzysz do spania, przytulania i zabawy. Przynosi rado\u015b\u0107 ka\u017cdemu dziecku!\" \/>\n<meta name=\"robots\" content=\"index, follow, max-snippet:-1, max-image-preview:large, max-video-preview:-1\" \/>\n<link rel=\"canonical\" href=\"https:\/\/aztex.ee\/pl\/pood\/swiat-dziecka\/kocyk-dla-dzieci-105x110-cm\/\" \/>\n<meta property=\"og:locale\" content=\"pl_PL\" \/>\n<meta property=\"og:type\" content=\"article\" \/>\n<meta property=\"og:title\" content=\"Kocyk dla dzieci 105x110 cm | AZTEX\" \/>\n<meta property=\"og:description\" content=\"Mi\u0119kki i ciep\u0142y kocyk dla niemowl\u0105t z zabawnymi obrazkami! Idealny towarzysz do spania, przytulania i zabawy. Przynosi rado\u015b\u0107 ka\u017cdemu dziecku!\" \/>\n<meta property=\"og:url\" content=\"https:\/\/aztex.ee\/pl\/pood\/swiat-dziecka\/kocyk-dla-dzieci-105x110-cm\/\" \/>\n<meta property=\"og:site_name\" content=\"AZTEX\" \/>\n<meta property=\"article:publisher\" content=\"https:\/\/www.facebook.com\/AztexEE\" \/>\n<meta property=\"article:modified_time\" content=\"2026-01-31T17:14:37+00:00\" \/>\n<meta property=\"og:image\" content=\"https:\/\/aztex.ee\/wp-content\/uploads\/2025\/02\/Laste-tekid.jpg\" \/>\n\t<meta property=\"og:image:width\" content=\"800\" \/>\n\t<meta property=\"og:image:height\" content=\"800\" \/>\n\t<meta property=\"og:image:type\" content=\"image\/jpeg\" \/>\n<meta name=\"twitter:card\" content=\"summary_large_image\" \/>\n<meta name=\"twitter:label1\" content=\"Szacowany czas czytania\" \/>\n\t<meta name=\"twitter:data1\" content=\"2 minuty\" \/>\n<script type=\"application\/ld+json\" class=\"yoast-schema-graph\">{\"@context\":\"https:\\\/\\\/schema.org\",\"@graph\":[{\"@type\":[\"WebPage\",\"ItemPage\"],\"@id\":\"https:\\\/\\\/aztex.ee\\\/pl\\\/pood\\\/swiat-dziecka\\\/kocyk-dla-dzieci-105x110-cm\\\/\",\"url\":\"https:\\\/\\\/aztex.ee\\\/pl\\\/pood\\\/swiat-dziecka\\\/kocyk-dla-dzieci-105x110-cm\\\/\",\"name\":\"Kocyk dla dzieci 105x110 cm | AZTEX\",\"isPartOf\":{\"@id\":\"https:\\\/\\\/aztex.ee\\\/pl\\\/#website\"},\"primaryImageOfPage\":{\"@id\":\"https:\\\/\\\/aztex.ee\\\/pl\\\/pood\\\/swiat-dziecka\\\/kocyk-dla-dzieci-105x110-cm\\\/#primaryimage\"},\"image\":{\"@id\":\"https:\\\/\\\/aztex.ee\\\/pl\\\/pood\\\/swiat-dziecka\\\/kocyk-dla-dzieci-105x110-cm\\\/#primaryimage\"},\"thumbnailUrl\":\"https:\\\/\\\/aztex.ee\\\/wp-content\\\/uploads\\\/2025\\\/02\\\/Laste-tekid.jpg\",\"datePublished\":\"2025-02-16T10:44:55+00:00\",\"dateModified\":\"2026-01-31T17:14:37+00:00\",\"description\":\"Mi\u0119kki i ciep\u0142y kocyk dla niemowl\u0105t z zabawnymi obrazkami! Idealny towarzysz do spania, przytulania i zabawy. Przynosi rado\u015b\u0107 ka\u017cdemu dziecku!\",\"breadcrumb\":{\"@id\":\"https:\\\/\\\/aztex.ee\\\/pl\\\/pood\\\/swiat-dziecka\\\/kocyk-dla-dzieci-105x110-cm\\\/#breadcrumb\"},\"inLanguage\":\"pl-PL\",\"potentialAction\":[{\"@type\":\"ReadAction\",\"target\":[\"https:\\\/\\\/aztex.ee\\\/pl\\\/pood\\\/swiat-dziecka\\\/kocyk-dla-dzieci-105x110-cm\\\/\"]}]},{\"@type\":\"ImageObject\",\"inLanguage\":\"pl-PL\",\"@id\":\"https:\\\/\\\/aztex.ee\\\/pl\\\/pood\\\/swiat-dziecka\\\/kocyk-dla-dzieci-105x110-cm\\\/#primaryimage\",\"url\":\"https:\\\/\\\/aztex.ee\\\/wp-content\\\/uploads\\\/2025\\\/02\\\/Laste-tekid.jpg\",\"contentUrl\":\"https:\\\/\\\/aztex.ee\\\/wp-content\\\/uploads\\\/2025\\\/02\\\/Laste-tekid.jpg\",\"width\":800,\"height\":800,\"caption\":\"Laste tekid\"},{\"@type\":\"BreadcrumbList\",\"@id\":\"https:\\\/\\\/aztex.ee\\\/pl\\\/pood\\\/swiat-dziecka\\\/kocyk-dla-dzieci-105x110-cm\\\/#breadcrumb\",\"itemListElement\":[{\"@type\":\"ListItem\",\"position\":1,\"name\":\"Strona g\u0142\u00f3wna\",\"item\":\"https:\\\/\\\/aztex.ee\\\/pl\\\/\"},{\"@type\":\"ListItem\",\"position\":2,\"name\":\"Sklep\",\"item\":\"https:\\\/\\\/aztex.ee\\\/pl\\\/sklep\\\/\"},{\"@type\":\"ListItem\",\"position\":3,\"name\":\"Kocyk dla dzieci 105&#215;110 cm\"}]},{\"@type\":\"WebSite\",\"@id\":\"https:\\\/\\\/aztex.ee\\\/pl\\\/#website\",\"url\":\"https:\\\/\\\/aztex.ee\\\/pl\\\/\",\"name\":\"AZTEX\",\"description\":\"\",\"publisher\":{\"@id\":\"https:\\\/\\\/aztex.ee\\\/pl\\\/#organization\"},\"potentialAction\":[{\"@type\":\"SearchAction\",\"target\":{\"@type\":\"EntryPoint\",\"urlTemplate\":\"https:\\\/\\\/aztex.ee\\\/pl\\\/?s={search_term_string}\"},\"query-input\":{\"@type\":\"PropertyValueSpecification\",\"valueRequired\":true,\"valueName\":\"search_term_string\"}}],\"inLanguage\":\"pl-PL\"},{\"@type\":\"Organization\",\"@id\":\"https:\\\/\\\/aztex.ee\\\/pl\\\/#organization\",\"name\":\"AZTEX\",\"url\":\"https:\\\/\\\/aztex.ee\\\/pl\\\/\",\"logo\":{\"@type\":\"ImageObject\",\"inLanguage\":\"pl-PL\",\"@id\":\"https:\\\/\\\/aztex.ee\\\/pl\\\/#\\\/schema\\\/logo\\\/image\\\/\",\"url\":\"https:\\\/\\\/aztex.ee\\\/wp-content\\\/uploads\\\/2026\\\/01\\\/AZTEX.png\",\"contentUrl\":\"https:\\\/\\\/aztex.ee\\\/wp-content\\\/uploads\\\/2026\\\/01\\\/AZTEX.png\",\"width\":500,\"height\":500,\"caption\":\"AZTEX\"},\"image\":{\"@id\":\"https:\\\/\\\/aztex.ee\\\/pl\\\/#\\\/schema\\\/logo\\\/image\\\/\"},\"sameAs\":[\"https:\\\/\\\/www.facebook.com\\\/AztexEE\",\"https:\\\/\\\/www.instagram.com\\\/aztexeesti\\\/\",\"https:\\\/\\\/www.youtube.com\\\/@AZTEXEE\",\"https:\\\/\\\/www.pinterest.com\\\/aztex_eesti\\\/\",\"https:\\\/\\\/www.tiktok.com\\\/@aztexeesti\",\"https:\\\/\\\/www.trustpilot.com\\\/review\\\/aztex.ee\",\"https:\\\/\\\/www.linkedin.com\\\/company\\\/aztex-ee\\\/\",\"https:\\\/\\\/www.wikidata.org\\\/wiki\\\/Q137560182\"]}]}<\/script>\n<!-- \/ Yoast SEO plugin. -->","yoast_head_json":{"title":"Kocyk dla dzieci 105x110 cm | AZTEX","description":"Mi\u0119kki i ciep\u0142y kocyk dla niemowl\u0105t z zabawnymi obrazkami! Idealny towarzysz do spania, przytulania i zabawy. Przynosi rado\u015b\u0107 ka\u017cdemu dziecku!","robots":{"index":"index","follow":"follow","max-snippet":"max-snippet:-1","max-image-preview":"max-image-preview:large","max-video-preview":"max-video-preview:-1"},"canonical":"https:\/\/aztex.ee\/pl\/pood\/swiat-dziecka\/kocyk-dla-dzieci-105x110-cm\/","og_locale":"pl_PL","og_type":"article","og_title":"Kocyk dla dzieci 105x110 cm | AZTEX","og_description":"Mi\u0119kki i ciep\u0142y kocyk dla niemowl\u0105t z zabawnymi obrazkami! Idealny towarzysz do spania, przytulania i zabawy. Przynosi rado\u015b\u0107 ka\u017cdemu dziecku!","og_url":"https:\/\/aztex.ee\/pl\/pood\/swiat-dziecka\/kocyk-dla-dzieci-105x110-cm\/","og_site_name":"AZTEX","article_publisher":"https:\/\/www.facebook.com\/AztexEE","article_modified_time":"2026-01-31T17:14:37+00:00","og_image":[{"width":800,"height":800,"url":"https:\/\/aztex.ee\/wp-content\/uploads\/2025\/02\/Laste-tekid.jpg","type":"image\/jpeg"}],"twitter_card":"summary_large_image","twitter_misc":{"Szacowany czas czytania":"2 minuty"},"schema":{"@context":"https:\/\/schema.org","@graph":[{"@type":["WebPage","ItemPage"],"@id":"https:\/\/aztex.ee\/pl\/pood\/swiat-dziecka\/kocyk-dla-dzieci-105x110-cm\/","url":"https:\/\/aztex.ee\/pl\/pood\/swiat-dziecka\/kocyk-dla-dzieci-105x110-cm\/","name":"Kocyk dla dzieci 105x110 cm | AZTEX","isPartOf":{"@id":"https:\/\/aztex.ee\/pl\/#website"},"primaryImageOfPage":{"@id":"https:\/\/aztex.ee\/pl\/pood\/swiat-dziecka\/kocyk-dla-dzieci-105x110-cm\/#primaryimage"},"image":{"@id":"https:\/\/aztex.ee\/pl\/pood\/swiat-dziecka\/kocyk-dla-dzieci-105x110-cm\/#primaryimage"},"thumbnailUrl":"https:\/\/aztex.ee\/wp-content\/uploads\/2025\/02\/Laste-tekid.jpg","datePublished":"2025-02-16T10:44:55+00:00","dateModified":"2026-01-31T17:14:37+00:00","description":"Mi\u0119kki i ciep\u0142y kocyk dla niemowl\u0105t z zabawnymi obrazkami! Idealny towarzysz do spania, przytulania i zabawy. Przynosi rado\u015b\u0107 ka\u017cdemu dziecku!","breadcrumb":{"@id":"https:\/\/aztex.ee\/pl\/pood\/swiat-dziecka\/kocyk-dla-dzieci-105x110-cm\/#breadcrumb"},"inLanguage":"pl-PL","potentialAction":[{"@type":"ReadAction","target":["https:\/\/aztex.ee\/pl\/pood\/swiat-dziecka\/kocyk-dla-dzieci-105x110-cm\/"]}]},{"@type":"ImageObject","inLanguage":"pl-PL","@id":"https:\/\/aztex.ee\/pl\/pood\/swiat-dziecka\/kocyk-dla-dzieci-105x110-cm\/#primaryimage","url":"https:\/\/aztex.ee\/wp-content\/uploads\/2025\/02\/Laste-tekid.jpg","contentUrl":"https:\/\/aztex.ee\/wp-content\/uploads\/2025\/02\/Laste-tekid.jpg","width":800,"height":800,"caption":"Laste tekid"},{"@type":"BreadcrumbList","@id":"https:\/\/aztex.ee\/pl\/pood\/swiat-dziecka\/kocyk-dla-dzieci-105x110-cm\/#breadcrumb","itemListElement":[{"@type":"ListItem","position":1,"name":"Strona g\u0142\u00f3wna","item":"https:\/\/aztex.ee\/pl\/"},{"@type":"ListItem","position":2,"name":"Sklep","item":"https:\/\/aztex.ee\/pl\/sklep\/"},{"@type":"ListItem","position":3,"name":"Kocyk dla dzieci 105&#215;110 cm"}]},{"@type":"WebSite","@id":"https:\/\/aztex.ee\/pl\/#website","url":"https:\/\/aztex.ee\/pl\/","name":"AZTEX","description":"","publisher":{"@id":"https:\/\/aztex.ee\/pl\/#organization"},"potentialAction":[{"@type":"SearchAction","target":{"@type":"EntryPoint","urlTemplate":"https:\/\/aztex.ee\/pl\/?s={search_term_string}"},"query-input":{"@type":"PropertyValueSpecification","valueRequired":true,"valueName":"search_term_string"}}],"inLanguage":"pl-PL"},{"@type":"Organization","@id":"https:\/\/aztex.ee\/pl\/#organization","name":"AZTEX","url":"https:\/\/aztex.ee\/pl\/","logo":{"@type":"ImageObject","inLanguage":"pl-PL","@id":"https:\/\/aztex.ee\/pl\/#\/schema\/logo\/image\/","url":"https:\/\/aztex.ee\/wp-content\/uploads\/2026\/01\/AZTEX.png","contentUrl":"https:\/\/aztex.ee\/wp-content\/uploads\/2026\/01\/AZTEX.png","width":500,"height":500,"caption":"AZTEX"},"image":{"@id":"https:\/\/aztex.ee\/pl\/#\/schema\/logo\/image\/"},"sameAs":["https:\/\/www.facebook.com\/AztexEE","https:\/\/www.instagram.com\/aztexeesti\/","https:\/\/www.youtube.com\/@AZTEXEE","https:\/\/www.pinterest.com\/aztex_eesti\/","https:\/\/www.tiktok.com\/@aztexeesti","https:\/\/www.trustpilot.com\/review\/aztex.ee","https:\/\/www.linkedin.com\/company\/aztex-ee\/","https:\/\/www.wikidata.org\/wiki\/Q137560182"]}]}},"_links":{"self":[{"href":"https:\/\/aztex.ee\/pl\/wp-json\/wp\/v2\/product\/56075","targetHints":{"allow":["GET"]}}],"collection":[{"href":"https:\/\/aztex.ee\/pl\/wp-json\/wp\/v2\/product"}],"about":[{"href":"https:\/\/aztex.ee\/pl\/wp-json\/wp\/v2\/types\/product"}],"replies":[{"embeddable":true,"href":"https:\/\/aztex.ee\/pl\/wp-json\/wp\/v2\/comments?post=56075"}],"version-history":[{"count":0,"href":"https:\/\/aztex.ee\/pl\/wp-json\/wp\/v2\/product\/56075\/revisions"}],"wp:featuredmedia":[{"embeddable":true,"href":"https:\/\/aztex.ee\/pl\/wp-json\/wp\/v2\/media\/56146"}],"wp:attachment":[{"href":"https:\/\/aztex.ee\/pl\/wp-json\/wp\/v2\/media?parent=56075"}],"wp:term":[{"taxonomy":"product_brand","embeddable":true,"href":"https:\/\/aztex.ee\/pl\/wp-json\/wp\/v2\/product_brand?post=56075"},{"taxonomy":"product_cat","embeddable":true,"href":"https:\/\/aztex.ee\/pl\/wp-json\/wp\/v2\/product_cat?post=56075"},{"taxonomy":"product_tag","embeddable":true,"href":"https:\/\/aztex.ee\/pl\/wp-json\/wp\/v2\/product_tag?post=56075"}],"curies":[{"name":"wp","href":"https:\/\/api.w.org\/{rel}","templated":true}]}}