{"id":50180,"date":"2025-02-05T22:02:46","date_gmt":"2025-02-05T22:02:46","guid":{"rendered":"https:\/\/aztex.ee\/?post_type=product&#038;p=50180"},"modified":"2026-04-29T11:46:28","modified_gmt":"2026-04-29T11:46:28","slug":"koc-raschel-200x230-cm","status":"publish","type":"product","link":"https:\/\/aztex.ee\/pl\/pood\/koce-i-pledy\/koc-raschel-200x230-cm\/","title":{"rendered":"Koc raschel 200&#215;230 cm | 3,5 kg"},"content":{"rendered":"<p><strong>Koc Raschel \u2013 luksusowa mi\u0119kko\u015b\u0107 i styl<\/strong><\/p>\n<p>Koc Raschel \u0142\u0105czy w sobie ciep\u0142o, wygod\u0119 i styl w jednym produkcie. Luksusowa mi\u0119kko\u015b\u0107 sprawia, \u017ce \u200b\u200bcodzienne u\u017cytkowanie jest przytulne i przyjemne. Tekstura koca zapewnia przyjemne doznania, jest mi\u0119kki i jednocze\u015bnie wystarczaj\u0105co trwa\u0142y, aby zapewni\u0107 d\u0142ugotrwa\u0142e u\u017cytkowanie. R\u00f3\u017cne odcienie kolor\u00f3w i pi\u0119kne wzory pasuj\u0105 do ka\u017cdego wystroju wn\u0119trza, nadaj\u0105c pomieszczeniom ciep\u0142o, elegancj\u0119 i styl.<\/p>\n<p>Koc Raschel jest przeznaczony do u\u017cytku nie tylko w \u0142\u00f3\u017cku, ale tak\u017ce na sofie lub w innych pomieszczeniach, w kt\u00f3rych istnieje potrzeba dodania ciep\u0142a i luksusowej atmosfery. Grubo\u015b\u0107 koca Raschel zapewnia efekt zatrzymywania ciep\u0142a, a mi\u0119kka tekstura sprawia, \u017ce \u200b\u200bka\u017cde u\u017cycie jest wyj\u0105tkowe i wygodne.<\/p>\n<p><strong>Ciep\u0142o i komfort<\/strong><\/p>\n<p>Koc Raschel oferuje wyj\u0105tkowe ciep\u0142o i komfort, b\u0119d\u0105c idealnym wyborem na ch\u0142odniejsze dni. Jego w\u0142a\u015bciwo\u015bci zatrzymywania ciep\u0142a zapewniaj\u0105 przyjemne i przytulne otoczenie, zapewniaj\u0105c dodatkowy komfort, gdy potrzebne jest ciep\u0142e i przytulne otoczenie. Konstrukcja koca zosta\u0142a zaprojektowana tak, aby zapewni\u0107 dodatkowe poczucie ciep\u0142a, bez bycia zbyt ci\u0119\u017ckim lub niewygodnym.<\/p>\n<p><strong>Elegancja i styl w ka\u017cdym pomieszczeniu<\/strong><\/p>\n<p>Projekt koca jest prosty i elegancki, pasuje do ka\u017cdego wn\u0119trza. R\u00f3\u017cnorodno\u015b\u0107 kolor\u00f3w, od klasycznych neutralnych po odwa\u017cniejsze tony, sprawia, \u017ce \u200b\u200bkoc Raschel nadaje si\u0119 do ka\u017cdego pomieszczenia, czy to klasycznego, nowoczesnego czy minimalistycznego. Koc dodaje ciep\u0142a i stylu do ka\u017cdego pomieszczenia, b\u0119d\u0105c idealnym dodatkiem do ka\u017cdego wystroju wn\u0119trza. Projekt koca uzupe\u0142nia ka\u017cde pomieszczenie, dodaj\u0105c ciep\u0142a i luksusowego nastroju. Koc Raschel to idealny produkt, kt\u00f3ry \u0142\u0105czy ciep\u0142o, wygod\u0119 i styl w jednym luksusowym do\u015bwiadczeniu.<\/p>\n","protected":false},"excerpt":{"rendered":"<ul>\n<li>Materia\u0142: Poliester<\/li>\n<li>Rozmiar: 200&#215;230 cm \u00b13<\/li>\n<li>Gramatura: 3,5 kg<\/li>\n<\/ul>\n","protected":false},"featured_media":50251,"comment_status":"open","ping_status":"closed","template":"","meta":[],"product_brand":[],"product_cat":[1874,3049,3093],"product_tag":[],"class_list":{"0":"post-50180","1":"product","2":"type-product","3":"status-publish","4":"has-post-thumbnail","6":"product_cat-koce-i-pledy","7":"product_cat-koce-raschel","8":"product_cat-koce-raschel-200x230-cm","10":"first","11":"instock","12":"shipping-taxable","13":"purchasable","14":"product-type-variable"},"yoast_head":"<!-- This site is optimized with the Yoast SEO plugin v27.6 - https:\/\/yoast.com\/product\/yoast-seo-wordpress\/ -->\n<title>Mi\u0119kki i ciep\u0142y koc 200x230 cm | AZTEX<\/title>\n<meta name=\"description\" content=\"Koc Raschel \u0142\u0105czy w sobie mi\u0119kko\u015b\u0107 i elegancj\u0119, pasuj\u0105c do ka\u017cdego wn\u0119trza. Oferuj\u0105c ciep\u0142o i luksusowy komfort, jest idealnym wyborem dla stylowych\" \/>\n<meta name=\"robots\" content=\"index, follow, max-snippet:-1, max-image-preview:large, max-video-preview:-1\" \/>\n<link rel=\"canonical\" href=\"https:\/\/aztex.ee\/pl\/pood\/koce-i-pledy\/koc-raschel-200x230-cm\/\" \/>\n<meta property=\"og:locale\" content=\"pl_PL\" \/>\n<meta property=\"og:type\" content=\"article\" \/>\n<meta property=\"og:title\" content=\"Mi\u0119kki i ciep\u0142y koc 200x230 cm | AZTEX\" \/>\n<meta property=\"og:description\" content=\"Koc Raschel \u0142\u0105czy w sobie mi\u0119kko\u015b\u0107 i elegancj\u0119, pasuj\u0105c do ka\u017cdego wn\u0119trza. Oferuj\u0105c ciep\u0142o i luksusowy komfort, jest idealnym wyborem dla stylowych\" \/>\n<meta property=\"og:url\" content=\"https:\/\/aztex.ee\/pl\/pood\/koce-i-pledy\/koc-raschel-200x230-cm\/\" \/>\n<meta property=\"og:site_name\" content=\"AZTEX\" \/>\n<meta property=\"article:publisher\" content=\"https:\/\/www.facebook.com\/AztexEE\" \/>\n<meta property=\"article:modified_time\" content=\"2026-04-29T11:46:28+00:00\" \/>\n<meta property=\"og:image\" content=\"https:\/\/aztex.ee\/wp-content\/uploads\/2025\/02\/Raschel-tekk.jpg\" \/>\n\t<meta property=\"og:image:width\" content=\"800\" \/>\n\t<meta property=\"og:image:height\" content=\"800\" \/>\n\t<meta property=\"og:image:type\" content=\"image\/jpeg\" \/>\n<meta name=\"twitter:card\" content=\"summary_large_image\" \/>\n<meta name=\"twitter:label1\" content=\"Szacowany czas czytania\" \/>\n\t<meta name=\"twitter:data1\" content=\"2 minuty\" \/>\n<script type=\"application\/ld+json\" class=\"yoast-schema-graph\">{\"@context\":\"https:\\\/\\\/schema.org\",\"@graph\":[{\"@type\":[\"WebPage\",\"ItemPage\"],\"@id\":\"https:\\\/\\\/aztex.ee\\\/pl\\\/pood\\\/koce-i-pledy\\\/koc-raschel-200x230-cm\\\/\",\"url\":\"https:\\\/\\\/aztex.ee\\\/pl\\\/pood\\\/koce-i-pledy\\\/koc-raschel-200x230-cm\\\/\",\"name\":\"Mi\u0119kki i ciep\u0142y koc 200x230 cm | AZTEX\",\"isPartOf\":{\"@id\":\"https:\\\/\\\/aztex.ee\\\/pl\\\/#website\"},\"primaryImageOfPage\":{\"@id\":\"https:\\\/\\\/aztex.ee\\\/pl\\\/pood\\\/koce-i-pledy\\\/koc-raschel-200x230-cm\\\/#primaryimage\"},\"image\":{\"@id\":\"https:\\\/\\\/aztex.ee\\\/pl\\\/pood\\\/koce-i-pledy\\\/koc-raschel-200x230-cm\\\/#primaryimage\"},\"thumbnailUrl\":\"https:\\\/\\\/aztex.ee\\\/wp-content\\\/uploads\\\/2025\\\/02\\\/Raschel-tekk.jpg\",\"datePublished\":\"2025-02-05T22:02:46+00:00\",\"dateModified\":\"2026-04-29T11:46:28+00:00\",\"description\":\"Koc Raschel \u0142\u0105czy w sobie mi\u0119kko\u015b\u0107 i elegancj\u0119, pasuj\u0105c do ka\u017cdego wn\u0119trza. Oferuj\u0105c ciep\u0142o i luksusowy komfort, jest idealnym wyborem dla stylowych\",\"breadcrumb\":{\"@id\":\"https:\\\/\\\/aztex.ee\\\/pl\\\/pood\\\/koce-i-pledy\\\/koc-raschel-200x230-cm\\\/#breadcrumb\"},\"inLanguage\":\"pl-PL\",\"potentialAction\":[{\"@type\":\"ReadAction\",\"target\":[\"https:\\\/\\\/aztex.ee\\\/pl\\\/pood\\\/koce-i-pledy\\\/koc-raschel-200x230-cm\\\/\"]}]},{\"@type\":\"ImageObject\",\"inLanguage\":\"pl-PL\",\"@id\":\"https:\\\/\\\/aztex.ee\\\/pl\\\/pood\\\/koce-i-pledy\\\/koc-raschel-200x230-cm\\\/#primaryimage\",\"url\":\"https:\\\/\\\/aztex.ee\\\/wp-content\\\/uploads\\\/2025\\\/02\\\/Raschel-tekk.jpg\",\"contentUrl\":\"https:\\\/\\\/aztex.ee\\\/wp-content\\\/uploads\\\/2025\\\/02\\\/Raschel-tekk.jpg\",\"width\":800,\"height\":800,\"caption\":\"Raschel tekk\"},{\"@type\":\"BreadcrumbList\",\"@id\":\"https:\\\/\\\/aztex.ee\\\/pl\\\/pood\\\/koce-i-pledy\\\/koc-raschel-200x230-cm\\\/#breadcrumb\",\"itemListElement\":[{\"@type\":\"ListItem\",\"position\":1,\"name\":\"Strona g\u0142\u00f3wna\",\"item\":\"https:\\\/\\\/aztex.ee\\\/pl\\\/\"},{\"@type\":\"ListItem\",\"position\":2,\"name\":\"Sklep\",\"item\":\"https:\\\/\\\/aztex.ee\\\/pl\\\/sklep\\\/\"},{\"@type\":\"ListItem\",\"position\":3,\"name\":\"Koc raschel 200&#215;230 cm | 3,5 kg\"}]},{\"@type\":\"WebSite\",\"@id\":\"https:\\\/\\\/aztex.ee\\\/pl\\\/#website\",\"url\":\"https:\\\/\\\/aztex.ee\\\/pl\\\/\",\"name\":\"AZTEX\",\"description\":\"\",\"publisher\":{\"@id\":\"https:\\\/\\\/aztex.ee\\\/pl\\\/#organization\"},\"potentialAction\":[{\"@type\":\"SearchAction\",\"target\":{\"@type\":\"EntryPoint\",\"urlTemplate\":\"https:\\\/\\\/aztex.ee\\\/pl\\\/?s={search_term_string}\"},\"query-input\":{\"@type\":\"PropertyValueSpecification\",\"valueRequired\":true,\"valueName\":\"search_term_string\"}}],\"inLanguage\":\"pl-PL\"},{\"@type\":\"Organization\",\"@id\":\"https:\\\/\\\/aztex.ee\\\/pl\\\/#organization\",\"name\":\"AZTEX\",\"url\":\"https:\\\/\\\/aztex.ee\\\/pl\\\/\",\"logo\":{\"@type\":\"ImageObject\",\"inLanguage\":\"pl-PL\",\"@id\":\"https:\\\/\\\/aztex.ee\\\/pl\\\/#\\\/schema\\\/logo\\\/image\\\/\",\"url\":\"https:\\\/\\\/aztex.ee\\\/wp-content\\\/uploads\\\/2026\\\/01\\\/AZTEX.png\",\"contentUrl\":\"https:\\\/\\\/aztex.ee\\\/wp-content\\\/uploads\\\/2026\\\/01\\\/AZTEX.png\",\"width\":500,\"height\":500,\"caption\":\"AZTEX\"},\"image\":{\"@id\":\"https:\\\/\\\/aztex.ee\\\/pl\\\/#\\\/schema\\\/logo\\\/image\\\/\"},\"sameAs\":[\"https:\\\/\\\/www.facebook.com\\\/AztexEE\",\"https:\\\/\\\/www.instagram.com\\\/aztexeesti\\\/\",\"https:\\\/\\\/www.youtube.com\\\/@AZTEXEE\",\"https:\\\/\\\/www.pinterest.com\\\/aztex_eesti\\\/\",\"https:\\\/\\\/www.tiktok.com\\\/@aztexeesti\",\"https:\\\/\\\/www.trustpilot.com\\\/review\\\/aztex.ee\",\"https:\\\/\\\/www.linkedin.com\\\/company\\\/aztex-ee\\\/\",\"https:\\\/\\\/www.wikidata.org\\\/wiki\\\/Q137560182\"]}]}<\/script>\n<!-- \/ Yoast SEO plugin. -->","yoast_head_json":{"title":"Mi\u0119kki i ciep\u0142y koc 200x230 cm | AZTEX","description":"Koc Raschel \u0142\u0105czy w sobie mi\u0119kko\u015b\u0107 i elegancj\u0119, pasuj\u0105c do ka\u017cdego wn\u0119trza. Oferuj\u0105c ciep\u0142o i luksusowy komfort, jest idealnym wyborem dla stylowych","robots":{"index":"index","follow":"follow","max-snippet":"max-snippet:-1","max-image-preview":"max-image-preview:large","max-video-preview":"max-video-preview:-1"},"canonical":"https:\/\/aztex.ee\/pl\/pood\/koce-i-pledy\/koc-raschel-200x230-cm\/","og_locale":"pl_PL","og_type":"article","og_title":"Mi\u0119kki i ciep\u0142y koc 200x230 cm | AZTEX","og_description":"Koc Raschel \u0142\u0105czy w sobie mi\u0119kko\u015b\u0107 i elegancj\u0119, pasuj\u0105c do ka\u017cdego wn\u0119trza. Oferuj\u0105c ciep\u0142o i luksusowy komfort, jest idealnym wyborem dla stylowych","og_url":"https:\/\/aztex.ee\/pl\/pood\/koce-i-pledy\/koc-raschel-200x230-cm\/","og_site_name":"AZTEX","article_publisher":"https:\/\/www.facebook.com\/AztexEE","article_modified_time":"2026-04-29T11:46:28+00:00","og_image":[{"width":800,"height":800,"url":"https:\/\/aztex.ee\/wp-content\/uploads\/2025\/02\/Raschel-tekk.jpg","type":"image\/jpeg"}],"twitter_card":"summary_large_image","twitter_misc":{"Szacowany czas czytania":"2 minuty"},"schema":{"@context":"https:\/\/schema.org","@graph":[{"@type":["WebPage","ItemPage"],"@id":"https:\/\/aztex.ee\/pl\/pood\/koce-i-pledy\/koc-raschel-200x230-cm\/","url":"https:\/\/aztex.ee\/pl\/pood\/koce-i-pledy\/koc-raschel-200x230-cm\/","name":"Mi\u0119kki i ciep\u0142y koc 200x230 cm | AZTEX","isPartOf":{"@id":"https:\/\/aztex.ee\/pl\/#website"},"primaryImageOfPage":{"@id":"https:\/\/aztex.ee\/pl\/pood\/koce-i-pledy\/koc-raschel-200x230-cm\/#primaryimage"},"image":{"@id":"https:\/\/aztex.ee\/pl\/pood\/koce-i-pledy\/koc-raschel-200x230-cm\/#primaryimage"},"thumbnailUrl":"https:\/\/aztex.ee\/wp-content\/uploads\/2025\/02\/Raschel-tekk.jpg","datePublished":"2025-02-05T22:02:46+00:00","dateModified":"2026-04-29T11:46:28+00:00","description":"Koc Raschel \u0142\u0105czy w sobie mi\u0119kko\u015b\u0107 i elegancj\u0119, pasuj\u0105c do ka\u017cdego wn\u0119trza. Oferuj\u0105c ciep\u0142o i luksusowy komfort, jest idealnym wyborem dla stylowych","breadcrumb":{"@id":"https:\/\/aztex.ee\/pl\/pood\/koce-i-pledy\/koc-raschel-200x230-cm\/#breadcrumb"},"inLanguage":"pl-PL","potentialAction":[{"@type":"ReadAction","target":["https:\/\/aztex.ee\/pl\/pood\/koce-i-pledy\/koc-raschel-200x230-cm\/"]}]},{"@type":"ImageObject","inLanguage":"pl-PL","@id":"https:\/\/aztex.ee\/pl\/pood\/koce-i-pledy\/koc-raschel-200x230-cm\/#primaryimage","url":"https:\/\/aztex.ee\/wp-content\/uploads\/2025\/02\/Raschel-tekk.jpg","contentUrl":"https:\/\/aztex.ee\/wp-content\/uploads\/2025\/02\/Raschel-tekk.jpg","width":800,"height":800,"caption":"Raschel tekk"},{"@type":"BreadcrumbList","@id":"https:\/\/aztex.ee\/pl\/pood\/koce-i-pledy\/koc-raschel-200x230-cm\/#breadcrumb","itemListElement":[{"@type":"ListItem","position":1,"name":"Strona g\u0142\u00f3wna","item":"https:\/\/aztex.ee\/pl\/"},{"@type":"ListItem","position":2,"name":"Sklep","item":"https:\/\/aztex.ee\/pl\/sklep\/"},{"@type":"ListItem","position":3,"name":"Koc raschel 200&#215;230 cm | 3,5 kg"}]},{"@type":"WebSite","@id":"https:\/\/aztex.ee\/pl\/#website","url":"https:\/\/aztex.ee\/pl\/","name":"AZTEX","description":"","publisher":{"@id":"https:\/\/aztex.ee\/pl\/#organization"},"potentialAction":[{"@type":"SearchAction","target":{"@type":"EntryPoint","urlTemplate":"https:\/\/aztex.ee\/pl\/?s={search_term_string}"},"query-input":{"@type":"PropertyValueSpecification","valueRequired":true,"valueName":"search_term_string"}}],"inLanguage":"pl-PL"},{"@type":"Organization","@id":"https:\/\/aztex.ee\/pl\/#organization","name":"AZTEX","url":"https:\/\/aztex.ee\/pl\/","logo":{"@type":"ImageObject","inLanguage":"pl-PL","@id":"https:\/\/aztex.ee\/pl\/#\/schema\/logo\/image\/","url":"https:\/\/aztex.ee\/wp-content\/uploads\/2026\/01\/AZTEX.png","contentUrl":"https:\/\/aztex.ee\/wp-content\/uploads\/2026\/01\/AZTEX.png","width":500,"height":500,"caption":"AZTEX"},"image":{"@id":"https:\/\/aztex.ee\/pl\/#\/schema\/logo\/image\/"},"sameAs":["https:\/\/www.facebook.com\/AztexEE","https:\/\/www.instagram.com\/aztexeesti\/","https:\/\/www.youtube.com\/@AZTEXEE","https:\/\/www.pinterest.com\/aztex_eesti\/","https:\/\/www.tiktok.com\/@aztexeesti","https:\/\/www.trustpilot.com\/review\/aztex.ee","https:\/\/www.linkedin.com\/company\/aztex-ee\/","https:\/\/www.wikidata.org\/wiki\/Q137560182"]}]}},"_links":{"self":[{"href":"https:\/\/aztex.ee\/pl\/wp-json\/wp\/v2\/product\/50180","targetHints":{"allow":["GET"]}}],"collection":[{"href":"https:\/\/aztex.ee\/pl\/wp-json\/wp\/v2\/product"}],"about":[{"href":"https:\/\/aztex.ee\/pl\/wp-json\/wp\/v2\/types\/product"}],"replies":[{"embeddable":true,"href":"https:\/\/aztex.ee\/pl\/wp-json\/wp\/v2\/comments?post=50180"}],"version-history":[{"count":0,"href":"https:\/\/aztex.ee\/pl\/wp-json\/wp\/v2\/product\/50180\/revisions"}],"wp:featuredmedia":[{"embeddable":true,"href":"https:\/\/aztex.ee\/pl\/wp-json\/wp\/v2\/media\/50251"}],"wp:attachment":[{"href":"https:\/\/aztex.ee\/pl\/wp-json\/wp\/v2\/media?parent=50180"}],"wp:term":[{"taxonomy":"product_brand","embeddable":true,"href":"https:\/\/aztex.ee\/pl\/wp-json\/wp\/v2\/product_brand?post=50180"},{"taxonomy":"product_cat","embeddable":true,"href":"https:\/\/aztex.ee\/pl\/wp-json\/wp\/v2\/product_cat?post=50180"},{"taxonomy":"product_tag","embeddable":true,"href":"https:\/\/aztex.ee\/pl\/wp-json\/wp\/v2\/product_tag?post=50180"}],"curies":[{"name":"wp","href":"https:\/\/api.w.org\/{rel}","templated":true}]}}