{"id":43434,"date":"2025-01-19T09:18:27","date_gmt":"2025-01-19T09:18:27","guid":{"rendered":"https:\/\/aztex.ee\/?post_type=product&#038;p=43434"},"modified":"2026-03-04T13:38:45","modified_gmt":"2026-03-04T13:38:45","slug":"komplet-recznikow-bambusowych","status":"publish","type":"product","link":"https:\/\/aztex.ee\/pl\/pood\/reczniki-i-reczniki-kapielowe\/komplet-recznikow-bambusowych\/","title":{"rendered":"Komplet r\u0119cznik\u00f3w bambusowych"},"content":{"rendered":"<p>Zestaw r\u0119cznik\u00f3w bambusowych, kt\u00f3ry zawiera 3 r\u0119czniki, to idealny wyb\u00f3r dla os\u00f3b ceni\u0105cych mi\u0119kko\u015b\u0107 i funkcjonalno\u015b\u0107.<\/p>\n<p>Zestaw zawiera:<br \/>\n1 du\u017cy r\u0119cznik k\u0105pielowy (70\u00d7140 cm), kt\u00f3ry zapewnia doskona\u0142e pokrycie i wygod\u0119.<br \/>\n2 mniejsze r\u0119czniki (35\u00d775 cm), idealne do osuszania twarzy lub r\u0105k.<\/p>\n<p>R\u0119czniki wykonane z w\u0142\u00f3kna bambusowego s\u0105 wyj\u0105tkowo mi\u0119kkie i przyjazne dla sk\u00f3ry, zapewniaj\u0105c luksusowe doznania. Naturalna struktura bambusa zapewnia doskona\u0142\u0105 ch\u0142onno\u015b\u0107 i szybkie schni\u0119cie.<\/p>\n<p>Ponadto r\u0119czniki bambusowe s\u0105 antybakteryjne i trwa\u0142e, zachowuj\u0105c swoj\u0105 jako\u015b\u0107 nawet po wielokrotnym praniu. Klasyczny i ponadczasowy design pasuje do ka\u017cdej \u0142azienki, dodaj\u0105c jej elegancji.<\/p>\n<p>Ten zestaw bambusowy idealnie nadaje si\u0119 zar\u00f3wno do codziennego u\u017cytku, jak i na prezent.<\/p>\n","protected":false},"excerpt":{"rendered":"<ul>\n<li>Materia\u0142: 100% bambus<\/li>\n<li>Rozmiar: (70\u00d7140 cm 1 szt.) + (35\u00d775 cm 2 szt.)<\/li>\n<li>Gramatura: 420g\/m2<\/li>\n<li>Zestaw zawiera: 3 szt.<\/li>\n<\/ul>\n","protected":false},"featured_media":43507,"comment_status":"open","ping_status":"closed","template":"","meta":[],"product_brand":[],"product_cat":[992,674,1576,1671],"product_tag":[],"class_list":{"0":"post-43434","1":"product","2":"type-product","3":"status-publish","4":"has-post-thumbnail","6":"product_cat-reczniki-bambusowe","7":"product_cat-reczniki-i-reczniki-kapielowe","8":"product_cat-zestawy-recznikow","9":"product_cat-zestawy-recznikow-bambusowych","11":"first","12":"instock","13":"shipping-taxable","14":"purchasable","15":"product-type-variable"},"yoast_head":"<!-- This site is optimized with the Yoast SEO plugin v27.4 - https:\/\/yoast.com\/product\/yoast-seo-wordpress\/ -->\n<title>Komplet r\u0119cznik\u00f3w bambusowych | AZTEX<\/title>\n<meta name=\"description\" content=\"3-cz\u0119\u015bciowy zestaw r\u0119cznik\u00f3w bambusowych - mi\u0119kkie, wysoce ch\u0142onne i antybakteryjne r\u0119czniki. Idealny wyb\u00f3r dla wygody i jako\u015bci ....\" \/>\n<meta name=\"robots\" content=\"index, follow, max-snippet:-1, max-image-preview:large, max-video-preview:-1\" \/>\n<link rel=\"canonical\" href=\"https:\/\/aztex.ee\/pl\/pood\/reczniki-i-reczniki-kapielowe\/komplet-recznikow-bambusowych\/\" \/>\n<meta property=\"og:locale\" content=\"pl_PL\" \/>\n<meta property=\"og:type\" content=\"article\" \/>\n<meta property=\"og:title\" content=\"Komplet r\u0119cznik\u00f3w bambusowych | AZTEX\" \/>\n<meta property=\"og:description\" content=\"3-cz\u0119\u015bciowy zestaw r\u0119cznik\u00f3w bambusowych - mi\u0119kkie, wysoce ch\u0142onne i antybakteryjne r\u0119czniki. Idealny wyb\u00f3r dla wygody i jako\u015bci ....\" \/>\n<meta property=\"og:url\" content=\"https:\/\/aztex.ee\/pl\/pood\/reczniki-i-reczniki-kapielowe\/komplet-recznikow-bambusowych\/\" \/>\n<meta property=\"og:site_name\" content=\"AZTEX\" \/>\n<meta property=\"article:publisher\" content=\"https:\/\/www.facebook.com\/AztexEE\" \/>\n<meta property=\"article:modified_time\" content=\"2026-03-04T13:38:45+00:00\" \/>\n<meta property=\"og:image\" content=\"https:\/\/aztex.ee\/wp-content\/uploads\/2025\/01\/Bambusest-ratikute-komplekt-3-tk.jpg\" \/>\n\t<meta property=\"og:image:width\" content=\"800\" \/>\n\t<meta property=\"og:image:height\" content=\"800\" \/>\n\t<meta property=\"og:image:type\" content=\"image\/jpeg\" \/>\n<meta name=\"twitter:card\" content=\"summary_large_image\" \/>\n<meta name=\"twitter:label1\" content=\"Szacowany czas czytania\" \/>\n\t<meta name=\"twitter:data1\" content=\"1 minuta\" \/>\n<script type=\"application\/ld+json\" class=\"yoast-schema-graph\">{\"@context\":\"https:\\\/\\\/schema.org\",\"@graph\":[{\"@type\":[\"WebPage\",\"ItemPage\"],\"@id\":\"https:\\\/\\\/aztex.ee\\\/pl\\\/pood\\\/reczniki-i-reczniki-kapielowe\\\/komplet-recznikow-bambusowych\\\/\",\"url\":\"https:\\\/\\\/aztex.ee\\\/pl\\\/pood\\\/reczniki-i-reczniki-kapielowe\\\/komplet-recznikow-bambusowych\\\/\",\"name\":\"Komplet r\u0119cznik\u00f3w bambusowych | AZTEX\",\"isPartOf\":{\"@id\":\"https:\\\/\\\/aztex.ee\\\/pl\\\/#website\"},\"primaryImageOfPage\":{\"@id\":\"https:\\\/\\\/aztex.ee\\\/pl\\\/pood\\\/reczniki-i-reczniki-kapielowe\\\/komplet-recznikow-bambusowych\\\/#primaryimage\"},\"image\":{\"@id\":\"https:\\\/\\\/aztex.ee\\\/pl\\\/pood\\\/reczniki-i-reczniki-kapielowe\\\/komplet-recznikow-bambusowych\\\/#primaryimage\"},\"thumbnailUrl\":\"https:\\\/\\\/aztex.ee\\\/wp-content\\\/uploads\\\/2025\\\/01\\\/Bambusest-ratikute-komplekt-3-tk.jpg\",\"datePublished\":\"2025-01-19T09:18:27+00:00\",\"dateModified\":\"2026-03-04T13:38:45+00:00\",\"description\":\"3-cz\u0119\u015bciowy zestaw r\u0119cznik\u00f3w bambusowych - mi\u0119kkie, wysoce ch\u0142onne i antybakteryjne r\u0119czniki. Idealny wyb\u00f3r dla wygody i jako\u015bci ....\",\"breadcrumb\":{\"@id\":\"https:\\\/\\\/aztex.ee\\\/pl\\\/pood\\\/reczniki-i-reczniki-kapielowe\\\/komplet-recznikow-bambusowych\\\/#breadcrumb\"},\"inLanguage\":\"pl-PL\",\"potentialAction\":[{\"@type\":\"ReadAction\",\"target\":[\"https:\\\/\\\/aztex.ee\\\/pl\\\/pood\\\/reczniki-i-reczniki-kapielowe\\\/komplet-recznikow-bambusowych\\\/\"]}]},{\"@type\":\"ImageObject\",\"inLanguage\":\"pl-PL\",\"@id\":\"https:\\\/\\\/aztex.ee\\\/pl\\\/pood\\\/reczniki-i-reczniki-kapielowe\\\/komplet-recznikow-bambusowych\\\/#primaryimage\",\"url\":\"https:\\\/\\\/aztex.ee\\\/wp-content\\\/uploads\\\/2025\\\/01\\\/Bambusest-ratikute-komplekt-3-tk.jpg\",\"contentUrl\":\"https:\\\/\\\/aztex.ee\\\/wp-content\\\/uploads\\\/2025\\\/01\\\/Bambusest-ratikute-komplekt-3-tk.jpg\",\"width\":800,\"height\":800,\"caption\":\"Bambusest r\u00e4tikute komplekt 3 tk\"},{\"@type\":\"BreadcrumbList\",\"@id\":\"https:\\\/\\\/aztex.ee\\\/pl\\\/pood\\\/reczniki-i-reczniki-kapielowe\\\/komplet-recznikow-bambusowych\\\/#breadcrumb\",\"itemListElement\":[{\"@type\":\"ListItem\",\"position\":1,\"name\":\"Strona g\u0142\u00f3wna\",\"item\":\"https:\\\/\\\/aztex.ee\\\/pl\\\/\"},{\"@type\":\"ListItem\",\"position\":2,\"name\":\"Sklep\",\"item\":\"https:\\\/\\\/aztex.ee\\\/pl\\\/sklep\\\/\"},{\"@type\":\"ListItem\",\"position\":3,\"name\":\"Komplet r\u0119cznik\u00f3w bambusowych\"}]},{\"@type\":\"WebSite\",\"@id\":\"https:\\\/\\\/aztex.ee\\\/pl\\\/#website\",\"url\":\"https:\\\/\\\/aztex.ee\\\/pl\\\/\",\"name\":\"AZTEX\",\"description\":\"\",\"publisher\":{\"@id\":\"https:\\\/\\\/aztex.ee\\\/pl\\\/#organization\"},\"potentialAction\":[{\"@type\":\"SearchAction\",\"target\":{\"@type\":\"EntryPoint\",\"urlTemplate\":\"https:\\\/\\\/aztex.ee\\\/pl\\\/?s={search_term_string}\"},\"query-input\":{\"@type\":\"PropertyValueSpecification\",\"valueRequired\":true,\"valueName\":\"search_term_string\"}}],\"inLanguage\":\"pl-PL\"},{\"@type\":\"Organization\",\"@id\":\"https:\\\/\\\/aztex.ee\\\/pl\\\/#organization\",\"name\":\"AZTEX\",\"url\":\"https:\\\/\\\/aztex.ee\\\/pl\\\/\",\"logo\":{\"@type\":\"ImageObject\",\"inLanguage\":\"pl-PL\",\"@id\":\"https:\\\/\\\/aztex.ee\\\/pl\\\/#\\\/schema\\\/logo\\\/image\\\/\",\"url\":\"https:\\\/\\\/aztex.ee\\\/wp-content\\\/uploads\\\/2026\\\/01\\\/AZTEX.png\",\"contentUrl\":\"https:\\\/\\\/aztex.ee\\\/wp-content\\\/uploads\\\/2026\\\/01\\\/AZTEX.png\",\"width\":500,\"height\":500,\"caption\":\"AZTEX\"},\"image\":{\"@id\":\"https:\\\/\\\/aztex.ee\\\/pl\\\/#\\\/schema\\\/logo\\\/image\\\/\"},\"sameAs\":[\"https:\\\/\\\/www.facebook.com\\\/AztexEE\",\"https:\\\/\\\/www.instagram.com\\\/aztexeesti\\\/\",\"https:\\\/\\\/www.youtube.com\\\/@AZTEXEE\",\"https:\\\/\\\/www.pinterest.com\\\/aztex_eesti\\\/\",\"https:\\\/\\\/www.tiktok.com\\\/@aztexeesti\",\"https:\\\/\\\/www.trustpilot.com\\\/review\\\/aztex.ee\",\"https:\\\/\\\/www.linkedin.com\\\/company\\\/aztex-ee\\\/\",\"https:\\\/\\\/www.wikidata.org\\\/wiki\\\/Q137560182\"]}]}<\/script>\n<!-- \/ Yoast SEO plugin. -->","yoast_head_json":{"title":"Komplet r\u0119cznik\u00f3w bambusowych | AZTEX","description":"3-cz\u0119\u015bciowy zestaw r\u0119cznik\u00f3w bambusowych - mi\u0119kkie, wysoce ch\u0142onne i antybakteryjne r\u0119czniki. Idealny wyb\u00f3r dla wygody i jako\u015bci ....","robots":{"index":"index","follow":"follow","max-snippet":"max-snippet:-1","max-image-preview":"max-image-preview:large","max-video-preview":"max-video-preview:-1"},"canonical":"https:\/\/aztex.ee\/pl\/pood\/reczniki-i-reczniki-kapielowe\/komplet-recznikow-bambusowych\/","og_locale":"pl_PL","og_type":"article","og_title":"Komplet r\u0119cznik\u00f3w bambusowych | AZTEX","og_description":"3-cz\u0119\u015bciowy zestaw r\u0119cznik\u00f3w bambusowych - mi\u0119kkie, wysoce ch\u0142onne i antybakteryjne r\u0119czniki. Idealny wyb\u00f3r dla wygody i jako\u015bci ....","og_url":"https:\/\/aztex.ee\/pl\/pood\/reczniki-i-reczniki-kapielowe\/komplet-recznikow-bambusowych\/","og_site_name":"AZTEX","article_publisher":"https:\/\/www.facebook.com\/AztexEE","article_modified_time":"2026-03-04T13:38:45+00:00","og_image":[{"width":800,"height":800,"url":"https:\/\/aztex.ee\/wp-content\/uploads\/2025\/01\/Bambusest-ratikute-komplekt-3-tk.jpg","type":"image\/jpeg"}],"twitter_card":"summary_large_image","twitter_misc":{"Szacowany czas czytania":"1 minuta"},"schema":{"@context":"https:\/\/schema.org","@graph":[{"@type":["WebPage","ItemPage"],"@id":"https:\/\/aztex.ee\/pl\/pood\/reczniki-i-reczniki-kapielowe\/komplet-recznikow-bambusowych\/","url":"https:\/\/aztex.ee\/pl\/pood\/reczniki-i-reczniki-kapielowe\/komplet-recznikow-bambusowych\/","name":"Komplet r\u0119cznik\u00f3w bambusowych | AZTEX","isPartOf":{"@id":"https:\/\/aztex.ee\/pl\/#website"},"primaryImageOfPage":{"@id":"https:\/\/aztex.ee\/pl\/pood\/reczniki-i-reczniki-kapielowe\/komplet-recznikow-bambusowych\/#primaryimage"},"image":{"@id":"https:\/\/aztex.ee\/pl\/pood\/reczniki-i-reczniki-kapielowe\/komplet-recznikow-bambusowych\/#primaryimage"},"thumbnailUrl":"https:\/\/aztex.ee\/wp-content\/uploads\/2025\/01\/Bambusest-ratikute-komplekt-3-tk.jpg","datePublished":"2025-01-19T09:18:27+00:00","dateModified":"2026-03-04T13:38:45+00:00","description":"3-cz\u0119\u015bciowy zestaw r\u0119cznik\u00f3w bambusowych - mi\u0119kkie, wysoce ch\u0142onne i antybakteryjne r\u0119czniki. Idealny wyb\u00f3r dla wygody i jako\u015bci ....","breadcrumb":{"@id":"https:\/\/aztex.ee\/pl\/pood\/reczniki-i-reczniki-kapielowe\/komplet-recznikow-bambusowych\/#breadcrumb"},"inLanguage":"pl-PL","potentialAction":[{"@type":"ReadAction","target":["https:\/\/aztex.ee\/pl\/pood\/reczniki-i-reczniki-kapielowe\/komplet-recznikow-bambusowych\/"]}]},{"@type":"ImageObject","inLanguage":"pl-PL","@id":"https:\/\/aztex.ee\/pl\/pood\/reczniki-i-reczniki-kapielowe\/komplet-recznikow-bambusowych\/#primaryimage","url":"https:\/\/aztex.ee\/wp-content\/uploads\/2025\/01\/Bambusest-ratikute-komplekt-3-tk.jpg","contentUrl":"https:\/\/aztex.ee\/wp-content\/uploads\/2025\/01\/Bambusest-ratikute-komplekt-3-tk.jpg","width":800,"height":800,"caption":"Bambusest r\u00e4tikute komplekt 3 tk"},{"@type":"BreadcrumbList","@id":"https:\/\/aztex.ee\/pl\/pood\/reczniki-i-reczniki-kapielowe\/komplet-recznikow-bambusowych\/#breadcrumb","itemListElement":[{"@type":"ListItem","position":1,"name":"Strona g\u0142\u00f3wna","item":"https:\/\/aztex.ee\/pl\/"},{"@type":"ListItem","position":2,"name":"Sklep","item":"https:\/\/aztex.ee\/pl\/sklep\/"},{"@type":"ListItem","position":3,"name":"Komplet r\u0119cznik\u00f3w bambusowych"}]},{"@type":"WebSite","@id":"https:\/\/aztex.ee\/pl\/#website","url":"https:\/\/aztex.ee\/pl\/","name":"AZTEX","description":"","publisher":{"@id":"https:\/\/aztex.ee\/pl\/#organization"},"potentialAction":[{"@type":"SearchAction","target":{"@type":"EntryPoint","urlTemplate":"https:\/\/aztex.ee\/pl\/?s={search_term_string}"},"query-input":{"@type":"PropertyValueSpecification","valueRequired":true,"valueName":"search_term_string"}}],"inLanguage":"pl-PL"},{"@type":"Organization","@id":"https:\/\/aztex.ee\/pl\/#organization","name":"AZTEX","url":"https:\/\/aztex.ee\/pl\/","logo":{"@type":"ImageObject","inLanguage":"pl-PL","@id":"https:\/\/aztex.ee\/pl\/#\/schema\/logo\/image\/","url":"https:\/\/aztex.ee\/wp-content\/uploads\/2026\/01\/AZTEX.png","contentUrl":"https:\/\/aztex.ee\/wp-content\/uploads\/2026\/01\/AZTEX.png","width":500,"height":500,"caption":"AZTEX"},"image":{"@id":"https:\/\/aztex.ee\/pl\/#\/schema\/logo\/image\/"},"sameAs":["https:\/\/www.facebook.com\/AztexEE","https:\/\/www.instagram.com\/aztexeesti\/","https:\/\/www.youtube.com\/@AZTEXEE","https:\/\/www.pinterest.com\/aztex_eesti\/","https:\/\/www.tiktok.com\/@aztexeesti","https:\/\/www.trustpilot.com\/review\/aztex.ee","https:\/\/www.linkedin.com\/company\/aztex-ee\/","https:\/\/www.wikidata.org\/wiki\/Q137560182"]}]}},"_links":{"self":[{"href":"https:\/\/aztex.ee\/pl\/wp-json\/wp\/v2\/product\/43434","targetHints":{"allow":["GET"]}}],"collection":[{"href":"https:\/\/aztex.ee\/pl\/wp-json\/wp\/v2\/product"}],"about":[{"href":"https:\/\/aztex.ee\/pl\/wp-json\/wp\/v2\/types\/product"}],"replies":[{"embeddable":true,"href":"https:\/\/aztex.ee\/pl\/wp-json\/wp\/v2\/comments?post=43434"}],"version-history":[{"count":0,"href":"https:\/\/aztex.ee\/pl\/wp-json\/wp\/v2\/product\/43434\/revisions"}],"wp:featuredmedia":[{"embeddable":true,"href":"https:\/\/aztex.ee\/pl\/wp-json\/wp\/v2\/media\/43507"}],"wp:attachment":[{"href":"https:\/\/aztex.ee\/pl\/wp-json\/wp\/v2\/media?parent=43434"}],"wp:term":[{"taxonomy":"product_brand","embeddable":true,"href":"https:\/\/aztex.ee\/pl\/wp-json\/wp\/v2\/product_brand?post=43434"},{"taxonomy":"product_cat","embeddable":true,"href":"https:\/\/aztex.ee\/pl\/wp-json\/wp\/v2\/product_cat?post=43434"},{"taxonomy":"product_tag","embeddable":true,"href":"https:\/\/aztex.ee\/pl\/wp-json\/wp\/v2\/product_tag?post=43434"}],"curies":[{"name":"wp","href":"https:\/\/api.w.org\/{rel}","templated":true}]}}