{"id":42756,"date":"2025-01-13T10:15:39","date_gmt":"2025-01-13T10:15:39","guid":{"rendered":"https:\/\/aztex.ee\/?post_type=product&#038;p=42756"},"modified":"2026-03-22T17:46:21","modified_gmt":"2026-03-22T17:46:21","slug":"zestaw-recznikow-bambusowych-6-szt","status":"publish","type":"product","link":"https:\/\/aztex.ee\/pl\/pood\/reczniki-i-reczniki-kapielowe\/zestaw-recznikow-bambusowych-6-szt\/","title":{"rendered":"Zestaw r\u0119cznik\u00f3w bambusowych 6 szt."},"content":{"rendered":"<p>Zestaw r\u0119cznik\u00f3w bambusowych, kt\u00f3ry zawiera 6 r\u0119cznik\u00f3w o wymiarach 35\u00d775 cm, to \u015bwietny wyb\u00f3r do codziennego u\u017cytku lub jako prezent. R\u0119czniki te s\u0105 wykonane z w\u0142\u00f3kna bambusowego, kt\u00f3re jest znane ze swojej wyj\u0105tkowej mi\u0119kko\u015bci i przyjazno\u015bci dla sk\u00f3ry. Dzi\u0119ki naturalnym w\u0142a\u015bciwo\u015bciom hipoalergicznym i antybakteryjnym s\u0105 odpowiednie nawet dla najbardziej wra\u017cliwej sk\u00f3ry, w tym niemowl\u0105t i ma\u0142ych dzieci, zapewniaj\u0105c delikatn\u0105 piel\u0119gnacj\u0119 i komfort.<\/p>\n<p>Zdolno\u015b\u0107 poch\u0142aniania wilgoci przez r\u0119czniki bambusowe jest imponuj\u0105ca &#8211; mog\u0105 wch\u0142on\u0105\u0107 kilkakrotnie wi\u0119cej wody ni\u017c tradycyjne r\u0119czniki bawe\u0142niane. Ponadto schn\u0105 szybciej, co pomaga zachowa\u0107 \u015bwie\u017co\u015b\u0107 i przyjemno\u015b\u0107 nawet przy codziennym u\u017cytkowaniu. Lekko\u015b\u0107 i wydajno\u015b\u0107 r\u0119cznik\u00f3w sprawiaj\u0105, \u017ce s\u0105 doskona\u0142ym wyborem zar\u00f3wno w domu, jak i w podr\u00f3\u017cy.<\/p>\n<p>\u0141atwe w piel\u0119gnacji &#8211; mo\u017cna je pra\u0107 w pralce w niskich temperaturach, a r\u0119czniki zachowuj\u0105 mi\u0119kko\u015b\u0107 i przyjemny wygl\u0105d nawet po wielokrotnym praniu. Ich wszechstronny design pasuje do r\u00f3\u017cnych styl\u00f3w \u0142azienek, niezale\u017cnie od tego, czy jest to klasyczne monochromatyczne rozwi\u0105zanie, czy nowoczesne schematy kolor\u00f3w, kt\u00f3re dodaj\u0105 osobowo\u015bci i atrakcyjno\u015bci wizualnej.<\/p>\n<p>Ten zestaw oferuje idealne po\u0142\u0105czenie jako\u015bci i \u0142atwo\u015bci u\u017cytkowania, a jednocze\u015bnie jest trwa\u0142y i estetyczny. R\u0119czniki bambusowe s\u0105 nie tylko praktyczne, ale r\u00f3wnie\u017c przyjemne w u\u017cyciu, dzi\u0119ki czemu codzienne czynno\u015bci staj\u0105 si\u0119 przyjemniejsze. S\u0105 przeznaczone dla os\u00f3b, kt\u00f3re ceni\u0105 zar\u00f3wno funkcjonalno\u015b\u0107, jak i styl.<\/p>\n","protected":false},"excerpt":{"rendered":"<ul>\n<li>Materia\u0142: 100% bambus<\/li>\n<li>Rozmiar: 35\u00d775 cm \u00b13<\/li>\n<li>Gramatura: 420g\/m2<\/li>\n<li>Zestaw zawiera: 6 szt.<\/li>\n<\/ul>\n","protected":false},"featured_media":42839,"comment_status":"open","ping_status":"closed","template":"","meta":[],"product_brand":[],"product_cat":[1627,1737,782,992,674,1576,1671],"product_tag":[],"class_list":{"0":"post-42756","1":"product","2":"type-product","3":"status-publish","4":"has-post-thumbnail","6":"product_cat-bambusowe-reczniki-do-rak-i-do-twarzy","7":"product_cat-reczniki","8":"product_cat-reczniki-35x75-cm","9":"product_cat-reczniki-bambusowe","10":"product_cat-reczniki-i-reczniki-kapielowe","11":"product_cat-zestawy-recznikow","12":"product_cat-zestawy-recznikow-bambusowych","14":"first","15":"instock","16":"shipping-taxable","17":"purchasable","18":"product-type-variable"},"yoast_head":"<!-- This site is optimized with the Yoast SEO plugin v27.4 - https:\/\/yoast.com\/product\/yoast-seo-wordpress\/ -->\n<title>Zestaw r\u0119cznik\u00f3w bambusowych 6 szt | AZTEX<\/title>\n<meta name=\"description\" content=\"Zestaw 6 r\u0119cznik\u00f3w bambusowych jest mi\u0119kki, trwa\u0142y, praktyczny i stylowy, idealnie nadaje si\u0119 do codziennego wycierania r\u0105k, twarzy i cia\u0142a.\" \/>\n<meta name=\"robots\" content=\"index, follow, max-snippet:-1, max-image-preview:large, max-video-preview:-1\" \/>\n<link rel=\"canonical\" href=\"https:\/\/aztex.ee\/pl\/pood\/reczniki-i-reczniki-kapielowe\/zestaw-recznikow-bambusowych-6-szt\/\" \/>\n<meta property=\"og:locale\" content=\"pl_PL\" \/>\n<meta property=\"og:type\" content=\"article\" \/>\n<meta property=\"og:title\" content=\"Zestaw r\u0119cznik\u00f3w bambusowych 6 szt | AZTEX\" \/>\n<meta property=\"og:description\" content=\"Zestaw 6 r\u0119cznik\u00f3w bambusowych jest mi\u0119kki, trwa\u0142y, praktyczny i stylowy, idealnie nadaje si\u0119 do codziennego wycierania r\u0105k, twarzy i cia\u0142a.\" \/>\n<meta property=\"og:url\" content=\"https:\/\/aztex.ee\/pl\/pood\/reczniki-i-reczniki-kapielowe\/zestaw-recznikow-bambusowych-6-szt\/\" \/>\n<meta property=\"og:site_name\" content=\"AZTEX\" \/>\n<meta property=\"article:publisher\" content=\"https:\/\/www.facebook.com\/AztexEE\" \/>\n<meta property=\"article:modified_time\" content=\"2026-03-22T17:46:21+00:00\" \/>\n<meta property=\"og:image\" content=\"https:\/\/aztex.ee\/wp-content\/uploads\/2025\/01\/Bambusest-kateratikute-komplekt.jpg\" \/>\n\t<meta property=\"og:image:width\" content=\"800\" \/>\n\t<meta property=\"og:image:height\" content=\"800\" \/>\n\t<meta property=\"og:image:type\" content=\"image\/jpeg\" \/>\n<meta name=\"twitter:card\" content=\"summary_large_image\" \/>\n<meta name=\"twitter:label1\" content=\"Szacowany czas czytania\" \/>\n\t<meta name=\"twitter:data1\" content=\"2 minuty\" \/>\n<script type=\"application\/ld+json\" class=\"yoast-schema-graph\">{\"@context\":\"https:\\\/\\\/schema.org\",\"@graph\":[{\"@type\":[\"WebPage\",\"ItemPage\"],\"@id\":\"https:\\\/\\\/aztex.ee\\\/pl\\\/pood\\\/reczniki-i-reczniki-kapielowe\\\/zestaw-recznikow-bambusowych-6-szt\\\/\",\"url\":\"https:\\\/\\\/aztex.ee\\\/pl\\\/pood\\\/reczniki-i-reczniki-kapielowe\\\/zestaw-recznikow-bambusowych-6-szt\\\/\",\"name\":\"Zestaw r\u0119cznik\u00f3w bambusowych 6 szt | AZTEX\",\"isPartOf\":{\"@id\":\"https:\\\/\\\/aztex.ee\\\/pl\\\/#website\"},\"primaryImageOfPage\":{\"@id\":\"https:\\\/\\\/aztex.ee\\\/pl\\\/pood\\\/reczniki-i-reczniki-kapielowe\\\/zestaw-recznikow-bambusowych-6-szt\\\/#primaryimage\"},\"image\":{\"@id\":\"https:\\\/\\\/aztex.ee\\\/pl\\\/pood\\\/reczniki-i-reczniki-kapielowe\\\/zestaw-recznikow-bambusowych-6-szt\\\/#primaryimage\"},\"thumbnailUrl\":\"https:\\\/\\\/aztex.ee\\\/wp-content\\\/uploads\\\/2025\\\/01\\\/Bambusest-kateratikute-komplekt.jpg\",\"datePublished\":\"2025-01-13T10:15:39+00:00\",\"dateModified\":\"2026-03-22T17:46:21+00:00\",\"description\":\"Zestaw 6 r\u0119cznik\u00f3w bambusowych jest mi\u0119kki, trwa\u0142y, praktyczny i stylowy, idealnie nadaje si\u0119 do codziennego wycierania r\u0105k, twarzy i cia\u0142a.\",\"breadcrumb\":{\"@id\":\"https:\\\/\\\/aztex.ee\\\/pl\\\/pood\\\/reczniki-i-reczniki-kapielowe\\\/zestaw-recznikow-bambusowych-6-szt\\\/#breadcrumb\"},\"inLanguage\":\"pl-PL\",\"potentialAction\":[{\"@type\":\"ReadAction\",\"target\":[\"https:\\\/\\\/aztex.ee\\\/pl\\\/pood\\\/reczniki-i-reczniki-kapielowe\\\/zestaw-recznikow-bambusowych-6-szt\\\/\"]}]},{\"@type\":\"ImageObject\",\"inLanguage\":\"pl-PL\",\"@id\":\"https:\\\/\\\/aztex.ee\\\/pl\\\/pood\\\/reczniki-i-reczniki-kapielowe\\\/zestaw-recznikow-bambusowych-6-szt\\\/#primaryimage\",\"url\":\"https:\\\/\\\/aztex.ee\\\/wp-content\\\/uploads\\\/2025\\\/01\\\/Bambusest-kateratikute-komplekt.jpg\",\"contentUrl\":\"https:\\\/\\\/aztex.ee\\\/wp-content\\\/uploads\\\/2025\\\/01\\\/Bambusest-kateratikute-komplekt.jpg\",\"width\":800,\"height\":800,\"caption\":\"Bambusest k\u00e4ter\u00e4tikute komplekt 6 tk\"},{\"@type\":\"BreadcrumbList\",\"@id\":\"https:\\\/\\\/aztex.ee\\\/pl\\\/pood\\\/reczniki-i-reczniki-kapielowe\\\/zestaw-recznikow-bambusowych-6-szt\\\/#breadcrumb\",\"itemListElement\":[{\"@type\":\"ListItem\",\"position\":1,\"name\":\"Strona g\u0142\u00f3wna\",\"item\":\"https:\\\/\\\/aztex.ee\\\/pl\\\/\"},{\"@type\":\"ListItem\",\"position\":2,\"name\":\"Sklep\",\"item\":\"https:\\\/\\\/aztex.ee\\\/pl\\\/sklep\\\/\"},{\"@type\":\"ListItem\",\"position\":3,\"name\":\"Zestaw r\u0119cznik\u00f3w bambusowych 6 szt.\"}]},{\"@type\":\"WebSite\",\"@id\":\"https:\\\/\\\/aztex.ee\\\/pl\\\/#website\",\"url\":\"https:\\\/\\\/aztex.ee\\\/pl\\\/\",\"name\":\"AZTEX\",\"description\":\"\",\"publisher\":{\"@id\":\"https:\\\/\\\/aztex.ee\\\/pl\\\/#organization\"},\"potentialAction\":[{\"@type\":\"SearchAction\",\"target\":{\"@type\":\"EntryPoint\",\"urlTemplate\":\"https:\\\/\\\/aztex.ee\\\/pl\\\/?s={search_term_string}\"},\"query-input\":{\"@type\":\"PropertyValueSpecification\",\"valueRequired\":true,\"valueName\":\"search_term_string\"}}],\"inLanguage\":\"pl-PL\"},{\"@type\":\"Organization\",\"@id\":\"https:\\\/\\\/aztex.ee\\\/pl\\\/#organization\",\"name\":\"AZTEX\",\"url\":\"https:\\\/\\\/aztex.ee\\\/pl\\\/\",\"logo\":{\"@type\":\"ImageObject\",\"inLanguage\":\"pl-PL\",\"@id\":\"https:\\\/\\\/aztex.ee\\\/pl\\\/#\\\/schema\\\/logo\\\/image\\\/\",\"url\":\"https:\\\/\\\/aztex.ee\\\/wp-content\\\/uploads\\\/2026\\\/01\\\/AZTEX.png\",\"contentUrl\":\"https:\\\/\\\/aztex.ee\\\/wp-content\\\/uploads\\\/2026\\\/01\\\/AZTEX.png\",\"width\":500,\"height\":500,\"caption\":\"AZTEX\"},\"image\":{\"@id\":\"https:\\\/\\\/aztex.ee\\\/pl\\\/#\\\/schema\\\/logo\\\/image\\\/\"},\"sameAs\":[\"https:\\\/\\\/www.facebook.com\\\/AztexEE\",\"https:\\\/\\\/www.instagram.com\\\/aztexeesti\\\/\",\"https:\\\/\\\/www.youtube.com\\\/@AZTEXEE\",\"https:\\\/\\\/www.pinterest.com\\\/aztex_eesti\\\/\",\"https:\\\/\\\/www.tiktok.com\\\/@aztexeesti\",\"https:\\\/\\\/www.trustpilot.com\\\/review\\\/aztex.ee\",\"https:\\\/\\\/www.linkedin.com\\\/company\\\/aztex-ee\\\/\",\"https:\\\/\\\/www.wikidata.org\\\/wiki\\\/Q137560182\"]}]}<\/script>\n<!-- \/ Yoast SEO plugin. -->","yoast_head_json":{"title":"Zestaw r\u0119cznik\u00f3w bambusowych 6 szt | AZTEX","description":"Zestaw 6 r\u0119cznik\u00f3w bambusowych jest mi\u0119kki, trwa\u0142y, praktyczny i stylowy, idealnie nadaje si\u0119 do codziennego wycierania r\u0105k, twarzy i cia\u0142a.","robots":{"index":"index","follow":"follow","max-snippet":"max-snippet:-1","max-image-preview":"max-image-preview:large","max-video-preview":"max-video-preview:-1"},"canonical":"https:\/\/aztex.ee\/pl\/pood\/reczniki-i-reczniki-kapielowe\/zestaw-recznikow-bambusowych-6-szt\/","og_locale":"pl_PL","og_type":"article","og_title":"Zestaw r\u0119cznik\u00f3w bambusowych 6 szt | AZTEX","og_description":"Zestaw 6 r\u0119cznik\u00f3w bambusowych jest mi\u0119kki, trwa\u0142y, praktyczny i stylowy, idealnie nadaje si\u0119 do codziennego wycierania r\u0105k, twarzy i cia\u0142a.","og_url":"https:\/\/aztex.ee\/pl\/pood\/reczniki-i-reczniki-kapielowe\/zestaw-recznikow-bambusowych-6-szt\/","og_site_name":"AZTEX","article_publisher":"https:\/\/www.facebook.com\/AztexEE","article_modified_time":"2026-03-22T17:46:21+00:00","og_image":[{"width":800,"height":800,"url":"https:\/\/aztex.ee\/wp-content\/uploads\/2025\/01\/Bambusest-kateratikute-komplekt.jpg","type":"image\/jpeg"}],"twitter_card":"summary_large_image","twitter_misc":{"Szacowany czas czytania":"2 minuty"},"schema":{"@context":"https:\/\/schema.org","@graph":[{"@type":["WebPage","ItemPage"],"@id":"https:\/\/aztex.ee\/pl\/pood\/reczniki-i-reczniki-kapielowe\/zestaw-recznikow-bambusowych-6-szt\/","url":"https:\/\/aztex.ee\/pl\/pood\/reczniki-i-reczniki-kapielowe\/zestaw-recznikow-bambusowych-6-szt\/","name":"Zestaw r\u0119cznik\u00f3w bambusowych 6 szt | AZTEX","isPartOf":{"@id":"https:\/\/aztex.ee\/pl\/#website"},"primaryImageOfPage":{"@id":"https:\/\/aztex.ee\/pl\/pood\/reczniki-i-reczniki-kapielowe\/zestaw-recznikow-bambusowych-6-szt\/#primaryimage"},"image":{"@id":"https:\/\/aztex.ee\/pl\/pood\/reczniki-i-reczniki-kapielowe\/zestaw-recznikow-bambusowych-6-szt\/#primaryimage"},"thumbnailUrl":"https:\/\/aztex.ee\/wp-content\/uploads\/2025\/01\/Bambusest-kateratikute-komplekt.jpg","datePublished":"2025-01-13T10:15:39+00:00","dateModified":"2026-03-22T17:46:21+00:00","description":"Zestaw 6 r\u0119cznik\u00f3w bambusowych jest mi\u0119kki, trwa\u0142y, praktyczny i stylowy, idealnie nadaje si\u0119 do codziennego wycierania r\u0105k, twarzy i cia\u0142a.","breadcrumb":{"@id":"https:\/\/aztex.ee\/pl\/pood\/reczniki-i-reczniki-kapielowe\/zestaw-recznikow-bambusowych-6-szt\/#breadcrumb"},"inLanguage":"pl-PL","potentialAction":[{"@type":"ReadAction","target":["https:\/\/aztex.ee\/pl\/pood\/reczniki-i-reczniki-kapielowe\/zestaw-recznikow-bambusowych-6-szt\/"]}]},{"@type":"ImageObject","inLanguage":"pl-PL","@id":"https:\/\/aztex.ee\/pl\/pood\/reczniki-i-reczniki-kapielowe\/zestaw-recznikow-bambusowych-6-szt\/#primaryimage","url":"https:\/\/aztex.ee\/wp-content\/uploads\/2025\/01\/Bambusest-kateratikute-komplekt.jpg","contentUrl":"https:\/\/aztex.ee\/wp-content\/uploads\/2025\/01\/Bambusest-kateratikute-komplekt.jpg","width":800,"height":800,"caption":"Bambusest k\u00e4ter\u00e4tikute komplekt 6 tk"},{"@type":"BreadcrumbList","@id":"https:\/\/aztex.ee\/pl\/pood\/reczniki-i-reczniki-kapielowe\/zestaw-recznikow-bambusowych-6-szt\/#breadcrumb","itemListElement":[{"@type":"ListItem","position":1,"name":"Strona g\u0142\u00f3wna","item":"https:\/\/aztex.ee\/pl\/"},{"@type":"ListItem","position":2,"name":"Sklep","item":"https:\/\/aztex.ee\/pl\/sklep\/"},{"@type":"ListItem","position":3,"name":"Zestaw r\u0119cznik\u00f3w bambusowych 6 szt."}]},{"@type":"WebSite","@id":"https:\/\/aztex.ee\/pl\/#website","url":"https:\/\/aztex.ee\/pl\/","name":"AZTEX","description":"","publisher":{"@id":"https:\/\/aztex.ee\/pl\/#organization"},"potentialAction":[{"@type":"SearchAction","target":{"@type":"EntryPoint","urlTemplate":"https:\/\/aztex.ee\/pl\/?s={search_term_string}"},"query-input":{"@type":"PropertyValueSpecification","valueRequired":true,"valueName":"search_term_string"}}],"inLanguage":"pl-PL"},{"@type":"Organization","@id":"https:\/\/aztex.ee\/pl\/#organization","name":"AZTEX","url":"https:\/\/aztex.ee\/pl\/","logo":{"@type":"ImageObject","inLanguage":"pl-PL","@id":"https:\/\/aztex.ee\/pl\/#\/schema\/logo\/image\/","url":"https:\/\/aztex.ee\/wp-content\/uploads\/2026\/01\/AZTEX.png","contentUrl":"https:\/\/aztex.ee\/wp-content\/uploads\/2026\/01\/AZTEX.png","width":500,"height":500,"caption":"AZTEX"},"image":{"@id":"https:\/\/aztex.ee\/pl\/#\/schema\/logo\/image\/"},"sameAs":["https:\/\/www.facebook.com\/AztexEE","https:\/\/www.instagram.com\/aztexeesti\/","https:\/\/www.youtube.com\/@AZTEXEE","https:\/\/www.pinterest.com\/aztex_eesti\/","https:\/\/www.tiktok.com\/@aztexeesti","https:\/\/www.trustpilot.com\/review\/aztex.ee","https:\/\/www.linkedin.com\/company\/aztex-ee\/","https:\/\/www.wikidata.org\/wiki\/Q137560182"]}]}},"_links":{"self":[{"href":"https:\/\/aztex.ee\/pl\/wp-json\/wp\/v2\/product\/42756","targetHints":{"allow":["GET"]}}],"collection":[{"href":"https:\/\/aztex.ee\/pl\/wp-json\/wp\/v2\/product"}],"about":[{"href":"https:\/\/aztex.ee\/pl\/wp-json\/wp\/v2\/types\/product"}],"replies":[{"embeddable":true,"href":"https:\/\/aztex.ee\/pl\/wp-json\/wp\/v2\/comments?post=42756"}],"version-history":[{"count":0,"href":"https:\/\/aztex.ee\/pl\/wp-json\/wp\/v2\/product\/42756\/revisions"}],"wp:featuredmedia":[{"embeddable":true,"href":"https:\/\/aztex.ee\/pl\/wp-json\/wp\/v2\/media\/42839"}],"wp:attachment":[{"href":"https:\/\/aztex.ee\/pl\/wp-json\/wp\/v2\/media?parent=42756"}],"wp:term":[{"taxonomy":"product_brand","embeddable":true,"href":"https:\/\/aztex.ee\/pl\/wp-json\/wp\/v2\/product_brand?post=42756"},{"taxonomy":"product_cat","embeddable":true,"href":"https:\/\/aztex.ee\/pl\/wp-json\/wp\/v2\/product_cat?post=42756"},{"taxonomy":"product_tag","embeddable":true,"href":"https:\/\/aztex.ee\/pl\/wp-json\/wp\/v2\/product_tag?post=42756"}],"curies":[{"name":"wp","href":"https:\/\/api.w.org\/{rel}","templated":true}]}}