{"id":41440,"date":"2024-12-29T19:21:50","date_gmt":"2024-12-29T19:21:50","guid":{"rendered":"https:\/\/aztex.ee\/?post_type=product&#038;p=41440"},"modified":"2026-03-21T17:22:31","modified_gmt":"2026-03-21T17:22:31","slug":"recznik-z-organicznego-bambusa","status":"publish","type":"product","link":"https:\/\/aztex.ee\/pl\/pood\/reczniki-i-reczniki-kapielowe\/recznik-z-organicznego-bambusa\/","title":{"rendered":"R\u0119cznik bambusowy"},"content":{"rendered":"<p>R\u0119cznik bambusowy \u2013 luksusowy i ekologiczny wyb\u00f3r<\/p>\n<p>R\u0119cznik bambusowy to idealny wyb\u00f3r dla os\u00f3b ceni\u0105cych jako\u015b\u0107, mi\u0119kko\u015b\u0107 i zr\u00f3wnowa\u017cony rozw\u00f3j. Wykonany z naturalnego w\u0142\u00f3kna bambusowego, ten r\u0119cznik jest przyjazn\u0105 dla \u015brodowiska alternatyw\u0105 dla tradycyjnych materia\u0142\u00f3w. W\u0142\u00f3kna bambusowe s\u0105 naturalnie mi\u0119kkie, zapewniaj\u0105c sk\u00f3rze delikatne i rozpieszczaj\u0105ce uczucie. Dzi\u0119ki temu r\u0119cznik bambusowy jest \u015bwietny dla sk\u00f3ry wra\u017cliwej, poniewa\u017c nie podra\u017cnia sk\u00f3ry ani nie pozostawia szorstkiego uczucia.<\/p>\n<p>R\u0119czniki bambusowe s\u0105 znane ze swojej wyj\u0105tkowej ch\u0142onno\u015bci, s\u0105 w stanie wch\u0142on\u0105\u0107 do trzech razy wi\u0119cej wilgoci ni\u017c r\u0119czniki bawe\u0142niane. Ta w\u0142a\u015bciwo\u015b\u0107 sprawia, \u017ce \u200b\u200bidealnie nadaj\u0105 si\u0119 do codziennego u\u017cytku w \u0142azience, spa, a nawet na pla\u017cy. Ponadto r\u0119czniki te szybko schn\u0105, co pomaga zapobiega\u0107 nieprzyjemnym zapachom powodowanym przez wilgo\u0107. Naturalne w\u0142a\u015bciwo\u015bci antybakteryjne w\u0142\u00f3kien bambusowych pomagaj\u0105 r\u00f3wnie\u017c zachowa\u0107 higieniczno\u015b\u0107 i \u015bwie\u017co\u015b\u0107 r\u0119cznika nawet po wielokrotnym u\u017cyciu.<\/p>\n<p>Przyjazno\u015b\u0107 dla \u015brodowiska to jedna z najwi\u0119kszych zalet r\u0119cznik\u00f3w bambusowych. Bambus to szybko odnawialna ro\u015blina, kt\u00f3ra ro\u015bnie bez pestycyd\u00f3w i nawoz\u00f3w. Produkty wykonane z w\u0142\u00f3kna bambusowego s\u0105 biodegradowalne i zmniejszaj\u0105 wp\u0142yw na \u015brodowisko, dzi\u0119ki czemu s\u0105 idealne dla os\u00f3b, kt\u00f3re chc\u0105 chroni\u0107 przyrod\u0119 poprzez swoje wybory konsumpcyjne.<\/p>\n<p>Stylowo zaprojektowane r\u0119czniki bambusowe pasuj\u0105 do ka\u017cdego domu, oferuj\u0105c zar\u00f3wno praktyczno\u015b\u0107, jak i przyjemno\u015b\u0107 estetyczn\u0105. R\u0119cznik bambusowy to r\u00f3wnie\u017c \u015bwietny prezent, kt\u00f3ry zachwyci ka\u017cdego obdarowanego.<\/p>\n<p>\u0141atwy w piel\u0119gnacji &#8211; pierz r\u0119cznik w delikatnym programie do 40\u00b0C i unikaj suszenia w wysokich temperaturach, aby zachowa\u0107 jego mi\u0119kko\u015b\u0107 i trwa\u0142o\u015b\u0107. R\u0119cznik bambusowy \u0142\u0105czy pi\u0119kno natury z praktyczno\u015bci\u0105, zapewniaj\u0105c niezapomniane wra\u017cenia.<\/p>\n","protected":false},"excerpt":{"rendered":"<ul>\n<li>Materia\u0142: 100% bambus<\/li>\n<li>Rozmiar: 35\u00d775 cm \u00b13<\/li>\n<li>Gramatura: 420g\/m2<\/li>\n<\/ul>\n","protected":false},"featured_media":41628,"comment_status":"open","ping_status":"closed","template":"","meta":[],"product_brand":[],"product_cat":[1627,1737,782,992,674],"product_tag":[],"class_list":{"0":"post-41440","1":"product","2":"type-product","3":"status-publish","4":"has-post-thumbnail","6":"product_cat-bambusowe-reczniki-do-rak-i-do-twarzy","7":"product_cat-reczniki","8":"product_cat-reczniki-35x75-cm","9":"product_cat-reczniki-bambusowe","10":"product_cat-reczniki-i-reczniki-kapielowe","12":"first","13":"instock","14":"shipping-taxable","15":"purchasable","16":"product-type-variable"},"yoast_head":"<!-- This site is optimized with the Yoast SEO plugin v27.4 - https:\/\/yoast.com\/product\/yoast-seo-wordpress\/ -->\n<title>R\u0119cznik z organicznego bambusa | AZTEX<\/title>\n<meta name=\"description\" content=\"R\u0119cznik bambusowy jest mi\u0119kki i przyjazny dla sk\u00f3ry, dzi\u0119ki czemu idealnie nadaje si\u0119 do codziennego u\u017cytku. Dzi\u0119ki szybkiemu schni\u0119ciu jest \u015bwietnym ...\" \/>\n<meta name=\"robots\" content=\"index, follow, max-snippet:-1, max-image-preview:large, max-video-preview:-1\" \/>\n<link rel=\"canonical\" href=\"https:\/\/aztex.ee\/pl\/pood\/reczniki-i-reczniki-kapielowe\/recznik-z-organicznego-bambusa\/\" \/>\n<meta property=\"og:locale\" content=\"pl_PL\" \/>\n<meta property=\"og:type\" content=\"article\" \/>\n<meta property=\"og:title\" content=\"R\u0119cznik z organicznego bambusa | AZTEX\" \/>\n<meta property=\"og:description\" content=\"R\u0119cznik bambusowy jest mi\u0119kki i przyjazny dla sk\u00f3ry, dzi\u0119ki czemu idealnie nadaje si\u0119 do codziennego u\u017cytku. Dzi\u0119ki szybkiemu schni\u0119ciu jest \u015bwietnym ...\" \/>\n<meta property=\"og:url\" content=\"https:\/\/aztex.ee\/pl\/pood\/reczniki-i-reczniki-kapielowe\/recznik-z-organicznego-bambusa\/\" \/>\n<meta property=\"og:site_name\" content=\"AZTEX\" \/>\n<meta property=\"article:publisher\" content=\"https:\/\/www.facebook.com\/AztexEE\" \/>\n<meta property=\"article:modified_time\" content=\"2026-03-21T17:22:31+00:00\" \/>\n<meta property=\"og:image\" content=\"https:\/\/aztex.ee\/wp-content\/uploads\/2024\/12\/Ratik-Bambusest.jpg\" \/>\n\t<meta property=\"og:image:width\" content=\"800\" \/>\n\t<meta property=\"og:image:height\" content=\"800\" \/>\n\t<meta property=\"og:image:type\" content=\"image\/jpeg\" \/>\n<meta name=\"twitter:card\" content=\"summary_large_image\" \/>\n<meta name=\"twitter:label1\" content=\"Szacowany czas czytania\" \/>\n\t<meta name=\"twitter:data1\" content=\"2 minuty\" \/>\n<script type=\"application\/ld+json\" class=\"yoast-schema-graph\">{\"@context\":\"https:\\\/\\\/schema.org\",\"@graph\":[{\"@type\":[\"WebPage\",\"ItemPage\"],\"@id\":\"https:\\\/\\\/aztex.ee\\\/pl\\\/pood\\\/reczniki-i-reczniki-kapielowe\\\/recznik-z-organicznego-bambusa\\\/\",\"url\":\"https:\\\/\\\/aztex.ee\\\/pl\\\/pood\\\/reczniki-i-reczniki-kapielowe\\\/recznik-z-organicznego-bambusa\\\/\",\"name\":\"R\u0119cznik z organicznego bambusa | AZTEX\",\"isPartOf\":{\"@id\":\"https:\\\/\\\/aztex.ee\\\/pl\\\/#website\"},\"primaryImageOfPage\":{\"@id\":\"https:\\\/\\\/aztex.ee\\\/pl\\\/pood\\\/reczniki-i-reczniki-kapielowe\\\/recznik-z-organicznego-bambusa\\\/#primaryimage\"},\"image\":{\"@id\":\"https:\\\/\\\/aztex.ee\\\/pl\\\/pood\\\/reczniki-i-reczniki-kapielowe\\\/recznik-z-organicznego-bambusa\\\/#primaryimage\"},\"thumbnailUrl\":\"https:\\\/\\\/aztex.ee\\\/wp-content\\\/uploads\\\/2024\\\/12\\\/Ratik-Bambusest.jpg\",\"datePublished\":\"2024-12-29T19:21:50+00:00\",\"dateModified\":\"2026-03-21T17:22:31+00:00\",\"description\":\"R\u0119cznik bambusowy jest mi\u0119kki i przyjazny dla sk\u00f3ry, dzi\u0119ki czemu idealnie nadaje si\u0119 do codziennego u\u017cytku. Dzi\u0119ki szybkiemu schni\u0119ciu jest \u015bwietnym ...\",\"breadcrumb\":{\"@id\":\"https:\\\/\\\/aztex.ee\\\/pl\\\/pood\\\/reczniki-i-reczniki-kapielowe\\\/recznik-z-organicznego-bambusa\\\/#breadcrumb\"},\"inLanguage\":\"pl-PL\",\"potentialAction\":[{\"@type\":\"ReadAction\",\"target\":[\"https:\\\/\\\/aztex.ee\\\/pl\\\/pood\\\/reczniki-i-reczniki-kapielowe\\\/recznik-z-organicznego-bambusa\\\/\"]}]},{\"@type\":\"ImageObject\",\"inLanguage\":\"pl-PL\",\"@id\":\"https:\\\/\\\/aztex.ee\\\/pl\\\/pood\\\/reczniki-i-reczniki-kapielowe\\\/recznik-z-organicznego-bambusa\\\/#primaryimage\",\"url\":\"https:\\\/\\\/aztex.ee\\\/wp-content\\\/uploads\\\/2024\\\/12\\\/Ratik-Bambusest.jpg\",\"contentUrl\":\"https:\\\/\\\/aztex.ee\\\/wp-content\\\/uploads\\\/2024\\\/12\\\/Ratik-Bambusest.jpg\",\"width\":800,\"height\":800,\"caption\":\"R\u00e4tik Bambusest\"},{\"@type\":\"BreadcrumbList\",\"@id\":\"https:\\\/\\\/aztex.ee\\\/pl\\\/pood\\\/reczniki-i-reczniki-kapielowe\\\/recznik-z-organicznego-bambusa\\\/#breadcrumb\",\"itemListElement\":[{\"@type\":\"ListItem\",\"position\":1,\"name\":\"Strona g\u0142\u00f3wna\",\"item\":\"https:\\\/\\\/aztex.ee\\\/pl\\\/\"},{\"@type\":\"ListItem\",\"position\":2,\"name\":\"Sklep\",\"item\":\"https:\\\/\\\/aztex.ee\\\/pl\\\/sklep\\\/\"},{\"@type\":\"ListItem\",\"position\":3,\"name\":\"R\u0119cznik bambusowy\"}]},{\"@type\":\"WebSite\",\"@id\":\"https:\\\/\\\/aztex.ee\\\/pl\\\/#website\",\"url\":\"https:\\\/\\\/aztex.ee\\\/pl\\\/\",\"name\":\"AZTEX\",\"description\":\"\",\"publisher\":{\"@id\":\"https:\\\/\\\/aztex.ee\\\/pl\\\/#organization\"},\"potentialAction\":[{\"@type\":\"SearchAction\",\"target\":{\"@type\":\"EntryPoint\",\"urlTemplate\":\"https:\\\/\\\/aztex.ee\\\/pl\\\/?s={search_term_string}\"},\"query-input\":{\"@type\":\"PropertyValueSpecification\",\"valueRequired\":true,\"valueName\":\"search_term_string\"}}],\"inLanguage\":\"pl-PL\"},{\"@type\":\"Organization\",\"@id\":\"https:\\\/\\\/aztex.ee\\\/pl\\\/#organization\",\"name\":\"AZTEX\",\"url\":\"https:\\\/\\\/aztex.ee\\\/pl\\\/\",\"logo\":{\"@type\":\"ImageObject\",\"inLanguage\":\"pl-PL\",\"@id\":\"https:\\\/\\\/aztex.ee\\\/pl\\\/#\\\/schema\\\/logo\\\/image\\\/\",\"url\":\"https:\\\/\\\/aztex.ee\\\/wp-content\\\/uploads\\\/2026\\\/01\\\/AZTEX.png\",\"contentUrl\":\"https:\\\/\\\/aztex.ee\\\/wp-content\\\/uploads\\\/2026\\\/01\\\/AZTEX.png\",\"width\":500,\"height\":500,\"caption\":\"AZTEX\"},\"image\":{\"@id\":\"https:\\\/\\\/aztex.ee\\\/pl\\\/#\\\/schema\\\/logo\\\/image\\\/\"},\"sameAs\":[\"https:\\\/\\\/www.facebook.com\\\/AztexEE\",\"https:\\\/\\\/www.instagram.com\\\/aztexeesti\\\/\",\"https:\\\/\\\/www.youtube.com\\\/@AZTEXEE\",\"https:\\\/\\\/www.pinterest.com\\\/aztex_eesti\\\/\",\"https:\\\/\\\/www.tiktok.com\\\/@aztexeesti\",\"https:\\\/\\\/www.trustpilot.com\\\/review\\\/aztex.ee\",\"https:\\\/\\\/www.linkedin.com\\\/company\\\/aztex-ee\\\/\",\"https:\\\/\\\/www.wikidata.org\\\/wiki\\\/Q137560182\"]}]}<\/script>\n<!-- \/ Yoast SEO plugin. -->","yoast_head_json":{"title":"R\u0119cznik z organicznego bambusa | AZTEX","description":"R\u0119cznik bambusowy jest mi\u0119kki i przyjazny dla sk\u00f3ry, dzi\u0119ki czemu idealnie nadaje si\u0119 do codziennego u\u017cytku. Dzi\u0119ki szybkiemu schni\u0119ciu jest \u015bwietnym ...","robots":{"index":"index","follow":"follow","max-snippet":"max-snippet:-1","max-image-preview":"max-image-preview:large","max-video-preview":"max-video-preview:-1"},"canonical":"https:\/\/aztex.ee\/pl\/pood\/reczniki-i-reczniki-kapielowe\/recznik-z-organicznego-bambusa\/","og_locale":"pl_PL","og_type":"article","og_title":"R\u0119cznik z organicznego bambusa | AZTEX","og_description":"R\u0119cznik bambusowy jest mi\u0119kki i przyjazny dla sk\u00f3ry, dzi\u0119ki czemu idealnie nadaje si\u0119 do codziennego u\u017cytku. Dzi\u0119ki szybkiemu schni\u0119ciu jest \u015bwietnym ...","og_url":"https:\/\/aztex.ee\/pl\/pood\/reczniki-i-reczniki-kapielowe\/recznik-z-organicznego-bambusa\/","og_site_name":"AZTEX","article_publisher":"https:\/\/www.facebook.com\/AztexEE","article_modified_time":"2026-03-21T17:22:31+00:00","og_image":[{"width":800,"height":800,"url":"https:\/\/aztex.ee\/wp-content\/uploads\/2024\/12\/Ratik-Bambusest.jpg","type":"image\/jpeg"}],"twitter_card":"summary_large_image","twitter_misc":{"Szacowany czas czytania":"2 minuty"},"schema":{"@context":"https:\/\/schema.org","@graph":[{"@type":["WebPage","ItemPage"],"@id":"https:\/\/aztex.ee\/pl\/pood\/reczniki-i-reczniki-kapielowe\/recznik-z-organicznego-bambusa\/","url":"https:\/\/aztex.ee\/pl\/pood\/reczniki-i-reczniki-kapielowe\/recznik-z-organicznego-bambusa\/","name":"R\u0119cznik z organicznego bambusa | AZTEX","isPartOf":{"@id":"https:\/\/aztex.ee\/pl\/#website"},"primaryImageOfPage":{"@id":"https:\/\/aztex.ee\/pl\/pood\/reczniki-i-reczniki-kapielowe\/recznik-z-organicznego-bambusa\/#primaryimage"},"image":{"@id":"https:\/\/aztex.ee\/pl\/pood\/reczniki-i-reczniki-kapielowe\/recznik-z-organicznego-bambusa\/#primaryimage"},"thumbnailUrl":"https:\/\/aztex.ee\/wp-content\/uploads\/2024\/12\/Ratik-Bambusest.jpg","datePublished":"2024-12-29T19:21:50+00:00","dateModified":"2026-03-21T17:22:31+00:00","description":"R\u0119cznik bambusowy jest mi\u0119kki i przyjazny dla sk\u00f3ry, dzi\u0119ki czemu idealnie nadaje si\u0119 do codziennego u\u017cytku. Dzi\u0119ki szybkiemu schni\u0119ciu jest \u015bwietnym ...","breadcrumb":{"@id":"https:\/\/aztex.ee\/pl\/pood\/reczniki-i-reczniki-kapielowe\/recznik-z-organicznego-bambusa\/#breadcrumb"},"inLanguage":"pl-PL","potentialAction":[{"@type":"ReadAction","target":["https:\/\/aztex.ee\/pl\/pood\/reczniki-i-reczniki-kapielowe\/recznik-z-organicznego-bambusa\/"]}]},{"@type":"ImageObject","inLanguage":"pl-PL","@id":"https:\/\/aztex.ee\/pl\/pood\/reczniki-i-reczniki-kapielowe\/recznik-z-organicznego-bambusa\/#primaryimage","url":"https:\/\/aztex.ee\/wp-content\/uploads\/2024\/12\/Ratik-Bambusest.jpg","contentUrl":"https:\/\/aztex.ee\/wp-content\/uploads\/2024\/12\/Ratik-Bambusest.jpg","width":800,"height":800,"caption":"R\u00e4tik Bambusest"},{"@type":"BreadcrumbList","@id":"https:\/\/aztex.ee\/pl\/pood\/reczniki-i-reczniki-kapielowe\/recznik-z-organicznego-bambusa\/#breadcrumb","itemListElement":[{"@type":"ListItem","position":1,"name":"Strona g\u0142\u00f3wna","item":"https:\/\/aztex.ee\/pl\/"},{"@type":"ListItem","position":2,"name":"Sklep","item":"https:\/\/aztex.ee\/pl\/sklep\/"},{"@type":"ListItem","position":3,"name":"R\u0119cznik bambusowy"}]},{"@type":"WebSite","@id":"https:\/\/aztex.ee\/pl\/#website","url":"https:\/\/aztex.ee\/pl\/","name":"AZTEX","description":"","publisher":{"@id":"https:\/\/aztex.ee\/pl\/#organization"},"potentialAction":[{"@type":"SearchAction","target":{"@type":"EntryPoint","urlTemplate":"https:\/\/aztex.ee\/pl\/?s={search_term_string}"},"query-input":{"@type":"PropertyValueSpecification","valueRequired":true,"valueName":"search_term_string"}}],"inLanguage":"pl-PL"},{"@type":"Organization","@id":"https:\/\/aztex.ee\/pl\/#organization","name":"AZTEX","url":"https:\/\/aztex.ee\/pl\/","logo":{"@type":"ImageObject","inLanguage":"pl-PL","@id":"https:\/\/aztex.ee\/pl\/#\/schema\/logo\/image\/","url":"https:\/\/aztex.ee\/wp-content\/uploads\/2026\/01\/AZTEX.png","contentUrl":"https:\/\/aztex.ee\/wp-content\/uploads\/2026\/01\/AZTEX.png","width":500,"height":500,"caption":"AZTEX"},"image":{"@id":"https:\/\/aztex.ee\/pl\/#\/schema\/logo\/image\/"},"sameAs":["https:\/\/www.facebook.com\/AztexEE","https:\/\/www.instagram.com\/aztexeesti\/","https:\/\/www.youtube.com\/@AZTEXEE","https:\/\/www.pinterest.com\/aztex_eesti\/","https:\/\/www.tiktok.com\/@aztexeesti","https:\/\/www.trustpilot.com\/review\/aztex.ee","https:\/\/www.linkedin.com\/company\/aztex-ee\/","https:\/\/www.wikidata.org\/wiki\/Q137560182"]}]}},"_links":{"self":[{"href":"https:\/\/aztex.ee\/pl\/wp-json\/wp\/v2\/product\/41440","targetHints":{"allow":["GET"]}}],"collection":[{"href":"https:\/\/aztex.ee\/pl\/wp-json\/wp\/v2\/product"}],"about":[{"href":"https:\/\/aztex.ee\/pl\/wp-json\/wp\/v2\/types\/product"}],"replies":[{"embeddable":true,"href":"https:\/\/aztex.ee\/pl\/wp-json\/wp\/v2\/comments?post=41440"}],"version-history":[{"count":0,"href":"https:\/\/aztex.ee\/pl\/wp-json\/wp\/v2\/product\/41440\/revisions"}],"wp:featuredmedia":[{"embeddable":true,"href":"https:\/\/aztex.ee\/pl\/wp-json\/wp\/v2\/media\/41628"}],"wp:attachment":[{"href":"https:\/\/aztex.ee\/pl\/wp-json\/wp\/v2\/media?parent=41440"}],"wp:term":[{"taxonomy":"product_brand","embeddable":true,"href":"https:\/\/aztex.ee\/pl\/wp-json\/wp\/v2\/product_brand?post=41440"},{"taxonomy":"product_cat","embeddable":true,"href":"https:\/\/aztex.ee\/pl\/wp-json\/wp\/v2\/product_cat?post=41440"},{"taxonomy":"product_tag","embeddable":true,"href":"https:\/\/aztex.ee\/pl\/wp-json\/wp\/v2\/product_tag?post=41440"}],"curies":[{"name":"wp","href":"https:\/\/api.w.org\/{rel}","templated":true}]}}