{"id":40827,"date":"2024-12-29T01:34:10","date_gmt":"2024-12-29T01:34:10","guid":{"rendered":"https:\/\/aztex.ee\/?post_type=product&#038;p=40827"},"modified":"2026-03-28T22:10:22","modified_gmt":"2026-03-28T22:10:22","slug":"naturalny-recznik-bambusowy","status":"publish","type":"product","link":"https:\/\/aztex.ee\/pl\/pood\/reczniki-i-reczniki-kapielowe\/naturalny-recznik-bambusowy\/","title":{"rendered":"R\u0119cznik bambusowy"},"content":{"rendered":"<p>R\u0119cznik bambusowy to najlepszy wyb\u00f3r, \u0142\u0105cz\u0105cy naturalne pi\u0119kno i praktyczno\u015b\u0107, oferuj\u0105cy luksusow\u0105 mi\u0119kko\u015b\u0107 i ponadczasow\u0105 elegancj\u0119. Wykonany w 100% z w\u0142\u00f3kna bambusowego, r\u0119cznik ten zosta\u0142 zaprojektowany tak, aby zapewni\u0107 wyj\u0105tkowe wra\u017cenia u\u017cytkownika, b\u0119d\u0105c jednocze\u015bnie trwa\u0142ym i niezwykle delikatnym dla sk\u00f3ry. Wyj\u0105tkowe w\u0142a\u015bciwo\u015bci w\u0142\u00f3kien bambusowych, takie jak doskona\u0142a ch\u0142onno\u015b\u0107 i szybkie schni\u0119cie, sprawiaj\u0105, \u017ce jest idealnym towarzyszem zar\u00f3wno do codziennego u\u017cytku, jak i na wyj\u0105tkowe chwile, gdy potrzebujesz czego\u015b wi\u0119cej ni\u017c tylko r\u0119cznika.<\/p>\n<p>Naturalne w\u0142a\u015bciwo\u015bci antybakteryjne i hipoalergiczne bambusa sprawiaj\u0105, \u017ce jest to doskona\u0142y wyb\u00f3r dla os\u00f3b o wra\u017cliwej sk\u00f3rze. Ten r\u0119cznik jest nie tylko praktyczny, ale tak\u017ce przyjazny dla zdrowia, pomagaj\u0105c utrzyma\u0107 sk\u00f3r\u0119 czyst\u0105 i \u015bwie\u017c\u0105. Niezale\u017cnie od tego, czy masz such\u0105, czy wra\u017cliw\u0105 sk\u00f3r\u0119, r\u0119cznik bambusowy zapewnia piel\u0119gnacj\u0119, kt\u00f3rej potrzebujesz, zapewniaj\u0105c jednocze\u015bnie mi\u0119kko\u015b\u0107 i wygod\u0119.<\/p>\n<p>Opr\u00f3cz \u0142atwo\u015bci u\u017cytkowania, r\u0119cznik bambusowy wyr\u00f3\u017cnia si\u0119 r\u00f3wnie\u017c trwa\u0142o\u015bci\u0105 i \u0142atwo\u015bci\u0105 piel\u0119gnacji. W\u0142\u00f3kna bambusowe s\u0105 znane ze swojej trwa\u0142o\u015bci, co oznacza, \u017ce \u200b\u200br\u0119cznik pozostanie w dobrym stanie przez d\u0142ugi czas, nawet przy cz\u0119stym praniu. Przyjazno\u015b\u0107 dla \u015brodowiska jest r\u00f3wnie\u017c znacz\u0105ca &#8211; bambus jest materia\u0142em zr\u00f3wnowa\u017conym, kt\u00f3ry jest uprawiany bez u\u017cycia szkodliwych chemikali\u00f3w.<\/p>\n<p>R\u0119cznik bambusowy to nie tylko praktyczny przedmiot, ale tak\u017ce stylowy dodatek do wystroju wn\u0119trza Twojego domu. Jego minimalistyczny i elegancki design uzupe\u0142ni Twoj\u0105 \u0142azienk\u0119, wprowadzaj\u0105c przytuln\u0105 i luksusow\u0105 atmosfer\u0119 do pomieszczenia. Mi\u0119kka faktura i naturalne kolory tworz\u0105 harmoni\u0119 i komfort, kt\u00f3re sprawi\u0105, \u017ce ka\u017cdy dzie\u0144 b\u0119dzie wyj\u0105tkowy.<\/p>\n<p>Je\u015bli szukasz r\u0119cznika, kt\u00f3ry \u0142\u0105czy w sobie mi\u0119kko\u015b\u0107, trwa\u0142o\u015b\u0107 i przyjazno\u015b\u0107 dla \u015brodowiska, to r\u0119cznik bambusowy jest idealnym wyborem. Zadbaj o swoj\u0105 sk\u00f3r\u0119, dom i natur\u0119, dodaj\u0105c warto\u015bci i troski do swojego codziennego \u017cycia.<\/p>\n","protected":false},"excerpt":{"rendered":"<ul>\n<li>Materia\u0142: 100% bambus<\/li>\n<li>Rozmiar: 35\u00d775 cm \u00b13<\/li>\n<li>Gramatura: 420g\/m2<\/li>\n<\/ul>\n","protected":false},"featured_media":40905,"comment_status":"open","ping_status":"closed","template":"","meta":[],"product_brand":[],"product_cat":[1627,1737,782,992,674],"product_tag":[],"class_list":{"0":"post-40827","1":"product","2":"type-product","3":"status-publish","4":"has-post-thumbnail","6":"product_cat-bambusowe-reczniki-do-rak-i-do-twarzy","7":"product_cat-reczniki","8":"product_cat-reczniki-35x75-cm","9":"product_cat-reczniki-bambusowe","10":"product_cat-reczniki-i-reczniki-kapielowe","12":"first","13":"instock","14":"shipping-taxable","15":"purchasable","16":"product-type-variable"},"yoast_head":"<!-- This site is optimized with the Yoast SEO plugin v27.4 - https:\/\/yoast.com\/product\/yoast-seo-wordpress\/ -->\n<title>R\u0119cznik bambusowy | AZTEX<\/title>\n<meta name=\"description\" content=\"R\u0119czniki bambusowe s\u0105 mi\u0119kkie i idealne do codziennego u\u017cytku. Ich w\u0142a\u015bciwo\u015bci szybkiego schni\u0119cia sprawiaj\u0105, \u017ce s\u0105 praktycznym wyborem.\" \/>\n<meta name=\"robots\" content=\"index, follow, max-snippet:-1, max-image-preview:large, max-video-preview:-1\" \/>\n<link rel=\"canonical\" href=\"https:\/\/aztex.ee\/pl\/pood\/reczniki-i-reczniki-kapielowe\/naturalny-recznik-bambusowy\/\" \/>\n<meta property=\"og:locale\" content=\"pl_PL\" \/>\n<meta property=\"og:type\" content=\"article\" \/>\n<meta property=\"og:title\" content=\"R\u0119cznik bambusowy | AZTEX\" \/>\n<meta property=\"og:description\" content=\"R\u0119czniki bambusowe s\u0105 mi\u0119kkie i idealne do codziennego u\u017cytku. Ich w\u0142a\u015bciwo\u015bci szybkiego schni\u0119cia sprawiaj\u0105, \u017ce s\u0105 praktycznym wyborem.\" \/>\n<meta property=\"og:url\" content=\"https:\/\/aztex.ee\/pl\/pood\/reczniki-i-reczniki-kapielowe\/naturalny-recznik-bambusowy\/\" \/>\n<meta property=\"og:site_name\" content=\"AZTEX\" \/>\n<meta property=\"article:publisher\" content=\"https:\/\/www.facebook.com\/AztexEE\" \/>\n<meta property=\"article:modified_time\" content=\"2026-03-28T22:10:22+00:00\" \/>\n<meta property=\"og:image\" content=\"https:\/\/aztex.ee\/wp-content\/uploads\/2024\/12\/Bambusest-ratik.jpg\" \/>\n\t<meta property=\"og:image:width\" content=\"800\" \/>\n\t<meta property=\"og:image:height\" content=\"800\" \/>\n\t<meta property=\"og:image:type\" content=\"image\/jpeg\" \/>\n<meta name=\"twitter:card\" content=\"summary_large_image\" \/>\n<meta name=\"twitter:label1\" content=\"Szacowany czas czytania\" \/>\n\t<meta name=\"twitter:data1\" content=\"2 minuty\" \/>\n<script type=\"application\/ld+json\" class=\"yoast-schema-graph\">{\"@context\":\"https:\\\/\\\/schema.org\",\"@graph\":[{\"@type\":[\"WebPage\",\"ItemPage\"],\"@id\":\"https:\\\/\\\/aztex.ee\\\/pl\\\/pood\\\/reczniki-i-reczniki-kapielowe\\\/naturalny-recznik-bambusowy\\\/\",\"url\":\"https:\\\/\\\/aztex.ee\\\/pl\\\/pood\\\/reczniki-i-reczniki-kapielowe\\\/naturalny-recznik-bambusowy\\\/\",\"name\":\"R\u0119cznik bambusowy | AZTEX\",\"isPartOf\":{\"@id\":\"https:\\\/\\\/aztex.ee\\\/pl\\\/#website\"},\"primaryImageOfPage\":{\"@id\":\"https:\\\/\\\/aztex.ee\\\/pl\\\/pood\\\/reczniki-i-reczniki-kapielowe\\\/naturalny-recznik-bambusowy\\\/#primaryimage\"},\"image\":{\"@id\":\"https:\\\/\\\/aztex.ee\\\/pl\\\/pood\\\/reczniki-i-reczniki-kapielowe\\\/naturalny-recznik-bambusowy\\\/#primaryimage\"},\"thumbnailUrl\":\"https:\\\/\\\/aztex.ee\\\/wp-content\\\/uploads\\\/2024\\\/12\\\/Bambusest-ratik.jpg\",\"datePublished\":\"2024-12-29T01:34:10+00:00\",\"dateModified\":\"2026-03-28T22:10:22+00:00\",\"description\":\"R\u0119czniki bambusowe s\u0105 mi\u0119kkie i idealne do codziennego u\u017cytku. Ich w\u0142a\u015bciwo\u015bci szybkiego schni\u0119cia sprawiaj\u0105, \u017ce s\u0105 praktycznym wyborem.\",\"breadcrumb\":{\"@id\":\"https:\\\/\\\/aztex.ee\\\/pl\\\/pood\\\/reczniki-i-reczniki-kapielowe\\\/naturalny-recznik-bambusowy\\\/#breadcrumb\"},\"inLanguage\":\"pl-PL\",\"potentialAction\":[{\"@type\":\"ReadAction\",\"target\":[\"https:\\\/\\\/aztex.ee\\\/pl\\\/pood\\\/reczniki-i-reczniki-kapielowe\\\/naturalny-recznik-bambusowy\\\/\"]}]},{\"@type\":\"ImageObject\",\"inLanguage\":\"pl-PL\",\"@id\":\"https:\\\/\\\/aztex.ee\\\/pl\\\/pood\\\/reczniki-i-reczniki-kapielowe\\\/naturalny-recznik-bambusowy\\\/#primaryimage\",\"url\":\"https:\\\/\\\/aztex.ee\\\/wp-content\\\/uploads\\\/2024\\\/12\\\/Bambusest-ratik.jpg\",\"contentUrl\":\"https:\\\/\\\/aztex.ee\\\/wp-content\\\/uploads\\\/2024\\\/12\\\/Bambusest-ratik.jpg\",\"width\":800,\"height\":800,\"caption\":\"Bambusest r\u00e4tik\"},{\"@type\":\"BreadcrumbList\",\"@id\":\"https:\\\/\\\/aztex.ee\\\/pl\\\/pood\\\/reczniki-i-reczniki-kapielowe\\\/naturalny-recznik-bambusowy\\\/#breadcrumb\",\"itemListElement\":[{\"@type\":\"ListItem\",\"position\":1,\"name\":\"Strona g\u0142\u00f3wna\",\"item\":\"https:\\\/\\\/aztex.ee\\\/pl\\\/\"},{\"@type\":\"ListItem\",\"position\":2,\"name\":\"Sklep\",\"item\":\"https:\\\/\\\/aztex.ee\\\/pl\\\/sklep\\\/\"},{\"@type\":\"ListItem\",\"position\":3,\"name\":\"R\u0119cznik bambusowy\"}]},{\"@type\":\"WebSite\",\"@id\":\"https:\\\/\\\/aztex.ee\\\/pl\\\/#website\",\"url\":\"https:\\\/\\\/aztex.ee\\\/pl\\\/\",\"name\":\"AZTEX\",\"description\":\"\",\"publisher\":{\"@id\":\"https:\\\/\\\/aztex.ee\\\/pl\\\/#organization\"},\"potentialAction\":[{\"@type\":\"SearchAction\",\"target\":{\"@type\":\"EntryPoint\",\"urlTemplate\":\"https:\\\/\\\/aztex.ee\\\/pl\\\/?s={search_term_string}\"},\"query-input\":{\"@type\":\"PropertyValueSpecification\",\"valueRequired\":true,\"valueName\":\"search_term_string\"}}],\"inLanguage\":\"pl-PL\"},{\"@type\":\"Organization\",\"@id\":\"https:\\\/\\\/aztex.ee\\\/pl\\\/#organization\",\"name\":\"AZTEX\",\"url\":\"https:\\\/\\\/aztex.ee\\\/pl\\\/\",\"logo\":{\"@type\":\"ImageObject\",\"inLanguage\":\"pl-PL\",\"@id\":\"https:\\\/\\\/aztex.ee\\\/pl\\\/#\\\/schema\\\/logo\\\/image\\\/\",\"url\":\"https:\\\/\\\/aztex.ee\\\/wp-content\\\/uploads\\\/2026\\\/01\\\/AZTEX.png\",\"contentUrl\":\"https:\\\/\\\/aztex.ee\\\/wp-content\\\/uploads\\\/2026\\\/01\\\/AZTEX.png\",\"width\":500,\"height\":500,\"caption\":\"AZTEX\"},\"image\":{\"@id\":\"https:\\\/\\\/aztex.ee\\\/pl\\\/#\\\/schema\\\/logo\\\/image\\\/\"},\"sameAs\":[\"https:\\\/\\\/www.facebook.com\\\/AztexEE\",\"https:\\\/\\\/www.instagram.com\\\/aztexeesti\\\/\",\"https:\\\/\\\/www.youtube.com\\\/@AZTEXEE\",\"https:\\\/\\\/www.pinterest.com\\\/aztex_eesti\\\/\",\"https:\\\/\\\/www.tiktok.com\\\/@aztexeesti\",\"https:\\\/\\\/www.trustpilot.com\\\/review\\\/aztex.ee\",\"https:\\\/\\\/www.linkedin.com\\\/company\\\/aztex-ee\\\/\",\"https:\\\/\\\/www.wikidata.org\\\/wiki\\\/Q137560182\"]}]}<\/script>\n<!-- \/ Yoast SEO plugin. -->","yoast_head_json":{"title":"R\u0119cznik bambusowy | AZTEX","description":"R\u0119czniki bambusowe s\u0105 mi\u0119kkie i idealne do codziennego u\u017cytku. Ich w\u0142a\u015bciwo\u015bci szybkiego schni\u0119cia sprawiaj\u0105, \u017ce s\u0105 praktycznym wyborem.","robots":{"index":"index","follow":"follow","max-snippet":"max-snippet:-1","max-image-preview":"max-image-preview:large","max-video-preview":"max-video-preview:-1"},"canonical":"https:\/\/aztex.ee\/pl\/pood\/reczniki-i-reczniki-kapielowe\/naturalny-recznik-bambusowy\/","og_locale":"pl_PL","og_type":"article","og_title":"R\u0119cznik bambusowy | AZTEX","og_description":"R\u0119czniki bambusowe s\u0105 mi\u0119kkie i idealne do codziennego u\u017cytku. Ich w\u0142a\u015bciwo\u015bci szybkiego schni\u0119cia sprawiaj\u0105, \u017ce s\u0105 praktycznym wyborem.","og_url":"https:\/\/aztex.ee\/pl\/pood\/reczniki-i-reczniki-kapielowe\/naturalny-recznik-bambusowy\/","og_site_name":"AZTEX","article_publisher":"https:\/\/www.facebook.com\/AztexEE","article_modified_time":"2026-03-28T22:10:22+00:00","og_image":[{"width":800,"height":800,"url":"https:\/\/aztex.ee\/wp-content\/uploads\/2024\/12\/Bambusest-ratik.jpg","type":"image\/jpeg"}],"twitter_card":"summary_large_image","twitter_misc":{"Szacowany czas czytania":"2 minuty"},"schema":{"@context":"https:\/\/schema.org","@graph":[{"@type":["WebPage","ItemPage"],"@id":"https:\/\/aztex.ee\/pl\/pood\/reczniki-i-reczniki-kapielowe\/naturalny-recznik-bambusowy\/","url":"https:\/\/aztex.ee\/pl\/pood\/reczniki-i-reczniki-kapielowe\/naturalny-recznik-bambusowy\/","name":"R\u0119cznik bambusowy | AZTEX","isPartOf":{"@id":"https:\/\/aztex.ee\/pl\/#website"},"primaryImageOfPage":{"@id":"https:\/\/aztex.ee\/pl\/pood\/reczniki-i-reczniki-kapielowe\/naturalny-recznik-bambusowy\/#primaryimage"},"image":{"@id":"https:\/\/aztex.ee\/pl\/pood\/reczniki-i-reczniki-kapielowe\/naturalny-recznik-bambusowy\/#primaryimage"},"thumbnailUrl":"https:\/\/aztex.ee\/wp-content\/uploads\/2024\/12\/Bambusest-ratik.jpg","datePublished":"2024-12-29T01:34:10+00:00","dateModified":"2026-03-28T22:10:22+00:00","description":"R\u0119czniki bambusowe s\u0105 mi\u0119kkie i idealne do codziennego u\u017cytku. Ich w\u0142a\u015bciwo\u015bci szybkiego schni\u0119cia sprawiaj\u0105, \u017ce s\u0105 praktycznym wyborem.","breadcrumb":{"@id":"https:\/\/aztex.ee\/pl\/pood\/reczniki-i-reczniki-kapielowe\/naturalny-recznik-bambusowy\/#breadcrumb"},"inLanguage":"pl-PL","potentialAction":[{"@type":"ReadAction","target":["https:\/\/aztex.ee\/pl\/pood\/reczniki-i-reczniki-kapielowe\/naturalny-recznik-bambusowy\/"]}]},{"@type":"ImageObject","inLanguage":"pl-PL","@id":"https:\/\/aztex.ee\/pl\/pood\/reczniki-i-reczniki-kapielowe\/naturalny-recznik-bambusowy\/#primaryimage","url":"https:\/\/aztex.ee\/wp-content\/uploads\/2024\/12\/Bambusest-ratik.jpg","contentUrl":"https:\/\/aztex.ee\/wp-content\/uploads\/2024\/12\/Bambusest-ratik.jpg","width":800,"height":800,"caption":"Bambusest r\u00e4tik"},{"@type":"BreadcrumbList","@id":"https:\/\/aztex.ee\/pl\/pood\/reczniki-i-reczniki-kapielowe\/naturalny-recznik-bambusowy\/#breadcrumb","itemListElement":[{"@type":"ListItem","position":1,"name":"Strona g\u0142\u00f3wna","item":"https:\/\/aztex.ee\/pl\/"},{"@type":"ListItem","position":2,"name":"Sklep","item":"https:\/\/aztex.ee\/pl\/sklep\/"},{"@type":"ListItem","position":3,"name":"R\u0119cznik bambusowy"}]},{"@type":"WebSite","@id":"https:\/\/aztex.ee\/pl\/#website","url":"https:\/\/aztex.ee\/pl\/","name":"AZTEX","description":"","publisher":{"@id":"https:\/\/aztex.ee\/pl\/#organization"},"potentialAction":[{"@type":"SearchAction","target":{"@type":"EntryPoint","urlTemplate":"https:\/\/aztex.ee\/pl\/?s={search_term_string}"},"query-input":{"@type":"PropertyValueSpecification","valueRequired":true,"valueName":"search_term_string"}}],"inLanguage":"pl-PL"},{"@type":"Organization","@id":"https:\/\/aztex.ee\/pl\/#organization","name":"AZTEX","url":"https:\/\/aztex.ee\/pl\/","logo":{"@type":"ImageObject","inLanguage":"pl-PL","@id":"https:\/\/aztex.ee\/pl\/#\/schema\/logo\/image\/","url":"https:\/\/aztex.ee\/wp-content\/uploads\/2026\/01\/AZTEX.png","contentUrl":"https:\/\/aztex.ee\/wp-content\/uploads\/2026\/01\/AZTEX.png","width":500,"height":500,"caption":"AZTEX"},"image":{"@id":"https:\/\/aztex.ee\/pl\/#\/schema\/logo\/image\/"},"sameAs":["https:\/\/www.facebook.com\/AztexEE","https:\/\/www.instagram.com\/aztexeesti\/","https:\/\/www.youtube.com\/@AZTEXEE","https:\/\/www.pinterest.com\/aztex_eesti\/","https:\/\/www.tiktok.com\/@aztexeesti","https:\/\/www.trustpilot.com\/review\/aztex.ee","https:\/\/www.linkedin.com\/company\/aztex-ee\/","https:\/\/www.wikidata.org\/wiki\/Q137560182"]}]}},"_links":{"self":[{"href":"https:\/\/aztex.ee\/pl\/wp-json\/wp\/v2\/product\/40827","targetHints":{"allow":["GET"]}}],"collection":[{"href":"https:\/\/aztex.ee\/pl\/wp-json\/wp\/v2\/product"}],"about":[{"href":"https:\/\/aztex.ee\/pl\/wp-json\/wp\/v2\/types\/product"}],"replies":[{"embeddable":true,"href":"https:\/\/aztex.ee\/pl\/wp-json\/wp\/v2\/comments?post=40827"}],"version-history":[{"count":0,"href":"https:\/\/aztex.ee\/pl\/wp-json\/wp\/v2\/product\/40827\/revisions"}],"wp:featuredmedia":[{"embeddable":true,"href":"https:\/\/aztex.ee\/pl\/wp-json\/wp\/v2\/media\/40905"}],"wp:attachment":[{"href":"https:\/\/aztex.ee\/pl\/wp-json\/wp\/v2\/media?parent=40827"}],"wp:term":[{"taxonomy":"product_brand","embeddable":true,"href":"https:\/\/aztex.ee\/pl\/wp-json\/wp\/v2\/product_brand?post=40827"},{"taxonomy":"product_cat","embeddable":true,"href":"https:\/\/aztex.ee\/pl\/wp-json\/wp\/v2\/product_cat?post=40827"},{"taxonomy":"product_tag","embeddable":true,"href":"https:\/\/aztex.ee\/pl\/wp-json\/wp\/v2\/product_tag?post=40827"}],"curies":[{"name":"wp","href":"https:\/\/api.w.org\/{rel}","templated":true}]}}