{"id":34694,"date":"2024-11-11T15:24:24","date_gmt":"2024-11-11T15:24:24","guid":{"rendered":"https:\/\/aztex.ee\/pood\/bez-kategorii\/voodipesukomplekt-gold-leaf\/"},"modified":"2026-02-17T14:25:29","modified_gmt":"2026-02-17T14:25:29","slug":"komplet-poscieli-gold-leaf","status":"publish","type":"product","link":"https:\/\/aztex.ee\/pl\/pood\/posciel-bawelniana\/komplet-poscieli-gold-leaf\/","title":{"rendered":"Komplet po\u015bcieli | Gold leaf"},"content":{"rendered":"<p>Komplet po\u015bcieli wykonany w 100% z bawe\u0142ny wnosi naturaln\u0105 mi\u0119kko\u015b\u0107 i wygod\u0119 do Twojej sypialni, co naprawd\u0119 Ci si\u0119 spodoba. Ta po\u015bciel jest wykonana z oddychaj\u0105cej, prawdziwej bawe\u0142ny, kt\u00f3ra pomaga cia\u0142u utrzyma\u0107 idealn\u0105 temperatur\u0119 w nocy, zapewniaj\u0105c ch\u0142\u00f3d w ciep\u0142e noce i ciep\u0142o w ch\u0142odniejsze. To \u015bwietny wyb\u00f3r dla os\u00f3b poszukuj\u0105cych naturalnego materia\u0142u, kt\u00f3ry jest delikatny nawet dla wra\u017cliwej sk\u00f3ry.<\/p>\n<p>Ponadczasowy i elegancki design po\u015bcieli u\u015bwietni ka\u017cd\u0105 sypialni\u0119, wnosz\u0105c do pokoju mi\u0119kko\u015b\u0107 i spok\u00f3j. Wysokiej jako\u015bci bawe\u0142na pozostaje trwa\u0142a i staje si\u0119 jeszcze bardziej mi\u0119kka z ka\u017cdym praniem, zapewniaj\u0105c luksusowe uczucie, kt\u00f3re trwa. Ciesz si\u0119 prawdziwie przytulnym i bliskim natury urlopem ka\u017cdej nocy z po\u015bciel\u0105 w 100% bawe\u0142nian\u0105.<\/p>\n","protected":false},"excerpt":{"rendered":"<p>Naturalnie mi\u0119kki i oddychaj\u0105cy komplet po\u015bcieli wykonany w 100% z bawe\u0142ny, kt\u00f3ry gwarantuje komfortowy i spokojny sen.<\/p>\n<ul>\n<li>Materia\u0142: 100% bawe\u0142na<\/li>\n<li>Tkanina: Satyna<\/li>\n<li>Liczba nitek: 255 TC<\/li>\n<li>Poszwa na ko\u0142dr\u0119: 200\u00d7230 cm<\/li>\n<li>Poszewka na poduszk\u0119: 50\u00d775 cm (2 szt.)<\/li>\n<li>Prze\u015bcierad\u0142o: Nie wliczone<\/li>\n<li>Komfort: Oddychaj\u0105ca i mi\u0119kka faktura<\/li>\n<\/ul>\n<p><img loading=\"lazy\" decoding=\"async\" class=\"alignnone size-full wp-image-30404\" src=\"https:\/\/aztex.ee\/wp-content\/uploads\/2024\/11\/100puuvilll.png\" alt=\"\" width=\"275\" height=\"76\" srcset=\"https:\/\/aztex.ee\/wp-content\/uploads\/2024\/11\/100puuvilll.png 275w, https:\/\/aztex.ee\/wp-content\/uploads\/2024\/11\/100puuvilll-150x41.png 150w\" sizes=\"auto, (max-width: 275px) 100vw, 275px\" \/><\/p>\n","protected":false},"featured_media":34695,"comment_status":"open","ping_status":"closed","template":"","meta":[],"product_brand":[],"product_cat":[685,663,680,660,677,683],"product_tag":[],"class_list":{"0":"post-34694","1":"product","2":"type-product","3":"status-publish","4":"has-post-thumbnail","6":"product_cat-komplety-poscieli","7":"product_cat-komplety-poscieli-bawelnianej-200x230","8":"product_cat-komplety-poscieli-satynowej","9":"product_cat-posciel-bawelniana","10":"product_cat-posciel-satynowa","11":"product_cat-posciele","13":"first","14":"instock","15":"shipping-taxable","16":"purchasable","17":"product-type-simple"},"yoast_head":"<!-- This site is optimized with the Yoast SEO plugin v27.4 - https:\/\/yoast.com\/product\/yoast-seo-wordpress\/ -->\n<title>Komplet po\u015bcieli | Gold leaf | AZTEX<\/title>\n<meta name=\"description\" content=\"Mi\u0119kka i oddychaj\u0105ca po\u015bciel 100% bawe\u0142niana, kt\u00f3ra \u0142\u0105czy styl i komfort w Twojej sypialni. Przyjazna dla sk\u00f3ry i trwa\u0142a, zapewnia spokojny sen przez ca\u0142y\" \/>\n<meta name=\"robots\" content=\"index, follow, max-snippet:-1, max-image-preview:large, max-video-preview:-1\" \/>\n<link rel=\"canonical\" href=\"https:\/\/aztex.ee\/pl\/pood\/posciel-bawelniana\/komplet-poscieli-gold-leaf\/\" \/>\n<meta property=\"og:locale\" content=\"pl_PL\" \/>\n<meta property=\"og:type\" content=\"article\" \/>\n<meta property=\"og:title\" content=\"Komplet po\u015bcieli | Gold leaf | AZTEX\" \/>\n<meta property=\"og:description\" content=\"Mi\u0119kka i oddychaj\u0105ca po\u015bciel 100% bawe\u0142niana, kt\u00f3ra \u0142\u0105czy styl i komfort w Twojej sypialni. Przyjazna dla sk\u00f3ry i trwa\u0142a, zapewnia spokojny sen przez ca\u0142y\" \/>\n<meta property=\"og:url\" content=\"https:\/\/aztex.ee\/pl\/pood\/posciel-bawelniana\/komplet-poscieli-gold-leaf\/\" \/>\n<meta property=\"og:site_name\" content=\"AZTEX\" \/>\n<meta property=\"article:publisher\" content=\"https:\/\/www.facebook.com\/AztexEE\" \/>\n<meta property=\"article:modified_time\" content=\"2026-02-17T14:25:29+00:00\" \/>\n<meta property=\"og:image\" content=\"https:\/\/aztex.ee\/wp-content\/uploads\/2024\/11\/Voodipesukomplekt-10.jpg\" \/>\n\t<meta property=\"og:image:width\" content=\"800\" \/>\n\t<meta property=\"og:image:height\" content=\"800\" \/>\n\t<meta property=\"og:image:type\" content=\"image\/jpeg\" \/>\n<meta name=\"twitter:card\" content=\"summary_large_image\" \/>\n<meta name=\"twitter:label1\" content=\"Szacowany czas czytania\" \/>\n\t<meta name=\"twitter:data1\" content=\"1 minuta\" \/>\n<script type=\"application\/ld+json\" class=\"yoast-schema-graph\">{\"@context\":\"https:\\\/\\\/schema.org\",\"@graph\":[{\"@type\":[\"WebPage\",\"ItemPage\"],\"@id\":\"https:\\\/\\\/aztex.ee\\\/pl\\\/pood\\\/posciel-bawelniana\\\/komplet-poscieli-gold-leaf\\\/\",\"url\":\"https:\\\/\\\/aztex.ee\\\/pl\\\/pood\\\/posciel-bawelniana\\\/komplet-poscieli-gold-leaf\\\/\",\"name\":\"Komplet po\u015bcieli | Gold leaf | AZTEX\",\"isPartOf\":{\"@id\":\"https:\\\/\\\/aztex.ee\\\/pl\\\/#website\"},\"primaryImageOfPage\":{\"@id\":\"https:\\\/\\\/aztex.ee\\\/pl\\\/pood\\\/posciel-bawelniana\\\/komplet-poscieli-gold-leaf\\\/#primaryimage\"},\"image\":{\"@id\":\"https:\\\/\\\/aztex.ee\\\/pl\\\/pood\\\/posciel-bawelniana\\\/komplet-poscieli-gold-leaf\\\/#primaryimage\"},\"thumbnailUrl\":\"https:\\\/\\\/aztex.ee\\\/wp-content\\\/uploads\\\/2024\\\/11\\\/Voodipesukomplekt-10.jpg\",\"datePublished\":\"2024-11-11T15:24:24+00:00\",\"dateModified\":\"2026-02-17T14:25:29+00:00\",\"description\":\"Mi\u0119kka i oddychaj\u0105ca po\u015bciel 100% bawe\u0142niana, kt\u00f3ra \u0142\u0105czy styl i komfort w Twojej sypialni. Przyjazna dla sk\u00f3ry i trwa\u0142a, zapewnia spokojny sen przez ca\u0142y\",\"breadcrumb\":{\"@id\":\"https:\\\/\\\/aztex.ee\\\/pl\\\/pood\\\/posciel-bawelniana\\\/komplet-poscieli-gold-leaf\\\/#breadcrumb\"},\"inLanguage\":\"pl-PL\",\"potentialAction\":[{\"@type\":\"ReadAction\",\"target\":[\"https:\\\/\\\/aztex.ee\\\/pl\\\/pood\\\/posciel-bawelniana\\\/komplet-poscieli-gold-leaf\\\/\"]}]},{\"@type\":\"ImageObject\",\"inLanguage\":\"pl-PL\",\"@id\":\"https:\\\/\\\/aztex.ee\\\/pl\\\/pood\\\/posciel-bawelniana\\\/komplet-poscieli-gold-leaf\\\/#primaryimage\",\"url\":\"https:\\\/\\\/aztex.ee\\\/wp-content\\\/uploads\\\/2024\\\/11\\\/Voodipesukomplekt-10.jpg\",\"contentUrl\":\"https:\\\/\\\/aztex.ee\\\/wp-content\\\/uploads\\\/2024\\\/11\\\/Voodipesukomplekt-10.jpg\",\"width\":800,\"height\":800},{\"@type\":\"BreadcrumbList\",\"@id\":\"https:\\\/\\\/aztex.ee\\\/pl\\\/pood\\\/posciel-bawelniana\\\/komplet-poscieli-gold-leaf\\\/#breadcrumb\",\"itemListElement\":[{\"@type\":\"ListItem\",\"position\":1,\"name\":\"Strona g\u0142\u00f3wna\",\"item\":\"https:\\\/\\\/aztex.ee\\\/pl\\\/\"},{\"@type\":\"ListItem\",\"position\":2,\"name\":\"Sklep\",\"item\":\"https:\\\/\\\/aztex.ee\\\/pl\\\/sklep\\\/\"},{\"@type\":\"ListItem\",\"position\":3,\"name\":\"Komplet po\u015bcieli | Gold leaf\"}]},{\"@type\":\"WebSite\",\"@id\":\"https:\\\/\\\/aztex.ee\\\/pl\\\/#website\",\"url\":\"https:\\\/\\\/aztex.ee\\\/pl\\\/\",\"name\":\"AZTEX\",\"description\":\"\",\"publisher\":{\"@id\":\"https:\\\/\\\/aztex.ee\\\/pl\\\/#organization\"},\"potentialAction\":[{\"@type\":\"SearchAction\",\"target\":{\"@type\":\"EntryPoint\",\"urlTemplate\":\"https:\\\/\\\/aztex.ee\\\/pl\\\/?s={search_term_string}\"},\"query-input\":{\"@type\":\"PropertyValueSpecification\",\"valueRequired\":true,\"valueName\":\"search_term_string\"}}],\"inLanguage\":\"pl-PL\"},{\"@type\":\"Organization\",\"@id\":\"https:\\\/\\\/aztex.ee\\\/pl\\\/#organization\",\"name\":\"AZTEX\",\"url\":\"https:\\\/\\\/aztex.ee\\\/pl\\\/\",\"logo\":{\"@type\":\"ImageObject\",\"inLanguage\":\"pl-PL\",\"@id\":\"https:\\\/\\\/aztex.ee\\\/pl\\\/#\\\/schema\\\/logo\\\/image\\\/\",\"url\":\"https:\\\/\\\/aztex.ee\\\/wp-content\\\/uploads\\\/2026\\\/01\\\/AZTEX.png\",\"contentUrl\":\"https:\\\/\\\/aztex.ee\\\/wp-content\\\/uploads\\\/2026\\\/01\\\/AZTEX.png\",\"width\":500,\"height\":500,\"caption\":\"AZTEX\"},\"image\":{\"@id\":\"https:\\\/\\\/aztex.ee\\\/pl\\\/#\\\/schema\\\/logo\\\/image\\\/\"},\"sameAs\":[\"https:\\\/\\\/www.facebook.com\\\/AztexEE\",\"https:\\\/\\\/www.instagram.com\\\/aztexeesti\\\/\",\"https:\\\/\\\/www.youtube.com\\\/@AZTEXEE\",\"https:\\\/\\\/www.pinterest.com\\\/aztex_eesti\\\/\",\"https:\\\/\\\/www.tiktok.com\\\/@aztexeesti\",\"https:\\\/\\\/www.trustpilot.com\\\/review\\\/aztex.ee\",\"https:\\\/\\\/www.linkedin.com\\\/company\\\/aztex-ee\\\/\",\"https:\\\/\\\/www.wikidata.org\\\/wiki\\\/Q137560182\"]}]}<\/script>\n<!-- \/ Yoast SEO plugin. -->","yoast_head_json":{"title":"Komplet po\u015bcieli | Gold leaf | AZTEX","description":"Mi\u0119kka i oddychaj\u0105ca po\u015bciel 100% bawe\u0142niana, kt\u00f3ra \u0142\u0105czy styl i komfort w Twojej sypialni. Przyjazna dla sk\u00f3ry i trwa\u0142a, zapewnia spokojny sen przez ca\u0142y","robots":{"index":"index","follow":"follow","max-snippet":"max-snippet:-1","max-image-preview":"max-image-preview:large","max-video-preview":"max-video-preview:-1"},"canonical":"https:\/\/aztex.ee\/pl\/pood\/posciel-bawelniana\/komplet-poscieli-gold-leaf\/","og_locale":"pl_PL","og_type":"article","og_title":"Komplet po\u015bcieli | Gold leaf | AZTEX","og_description":"Mi\u0119kka i oddychaj\u0105ca po\u015bciel 100% bawe\u0142niana, kt\u00f3ra \u0142\u0105czy styl i komfort w Twojej sypialni. Przyjazna dla sk\u00f3ry i trwa\u0142a, zapewnia spokojny sen przez ca\u0142y","og_url":"https:\/\/aztex.ee\/pl\/pood\/posciel-bawelniana\/komplet-poscieli-gold-leaf\/","og_site_name":"AZTEX","article_publisher":"https:\/\/www.facebook.com\/AztexEE","article_modified_time":"2026-02-17T14:25:29+00:00","og_image":[{"width":800,"height":800,"url":"https:\/\/aztex.ee\/wp-content\/uploads\/2024\/11\/Voodipesukomplekt-10.jpg","type":"image\/jpeg"}],"twitter_card":"summary_large_image","twitter_misc":{"Szacowany czas czytania":"1 minuta"},"schema":{"@context":"https:\/\/schema.org","@graph":[{"@type":["WebPage","ItemPage"],"@id":"https:\/\/aztex.ee\/pl\/pood\/posciel-bawelniana\/komplet-poscieli-gold-leaf\/","url":"https:\/\/aztex.ee\/pl\/pood\/posciel-bawelniana\/komplet-poscieli-gold-leaf\/","name":"Komplet po\u015bcieli | Gold leaf | AZTEX","isPartOf":{"@id":"https:\/\/aztex.ee\/pl\/#website"},"primaryImageOfPage":{"@id":"https:\/\/aztex.ee\/pl\/pood\/posciel-bawelniana\/komplet-poscieli-gold-leaf\/#primaryimage"},"image":{"@id":"https:\/\/aztex.ee\/pl\/pood\/posciel-bawelniana\/komplet-poscieli-gold-leaf\/#primaryimage"},"thumbnailUrl":"https:\/\/aztex.ee\/wp-content\/uploads\/2024\/11\/Voodipesukomplekt-10.jpg","datePublished":"2024-11-11T15:24:24+00:00","dateModified":"2026-02-17T14:25:29+00:00","description":"Mi\u0119kka i oddychaj\u0105ca po\u015bciel 100% bawe\u0142niana, kt\u00f3ra \u0142\u0105czy styl i komfort w Twojej sypialni. Przyjazna dla sk\u00f3ry i trwa\u0142a, zapewnia spokojny sen przez ca\u0142y","breadcrumb":{"@id":"https:\/\/aztex.ee\/pl\/pood\/posciel-bawelniana\/komplet-poscieli-gold-leaf\/#breadcrumb"},"inLanguage":"pl-PL","potentialAction":[{"@type":"ReadAction","target":["https:\/\/aztex.ee\/pl\/pood\/posciel-bawelniana\/komplet-poscieli-gold-leaf\/"]}]},{"@type":"ImageObject","inLanguage":"pl-PL","@id":"https:\/\/aztex.ee\/pl\/pood\/posciel-bawelniana\/komplet-poscieli-gold-leaf\/#primaryimage","url":"https:\/\/aztex.ee\/wp-content\/uploads\/2024\/11\/Voodipesukomplekt-10.jpg","contentUrl":"https:\/\/aztex.ee\/wp-content\/uploads\/2024\/11\/Voodipesukomplekt-10.jpg","width":800,"height":800},{"@type":"BreadcrumbList","@id":"https:\/\/aztex.ee\/pl\/pood\/posciel-bawelniana\/komplet-poscieli-gold-leaf\/#breadcrumb","itemListElement":[{"@type":"ListItem","position":1,"name":"Strona g\u0142\u00f3wna","item":"https:\/\/aztex.ee\/pl\/"},{"@type":"ListItem","position":2,"name":"Sklep","item":"https:\/\/aztex.ee\/pl\/sklep\/"},{"@type":"ListItem","position":3,"name":"Komplet po\u015bcieli | Gold leaf"}]},{"@type":"WebSite","@id":"https:\/\/aztex.ee\/pl\/#website","url":"https:\/\/aztex.ee\/pl\/","name":"AZTEX","description":"","publisher":{"@id":"https:\/\/aztex.ee\/pl\/#organization"},"potentialAction":[{"@type":"SearchAction","target":{"@type":"EntryPoint","urlTemplate":"https:\/\/aztex.ee\/pl\/?s={search_term_string}"},"query-input":{"@type":"PropertyValueSpecification","valueRequired":true,"valueName":"search_term_string"}}],"inLanguage":"pl-PL"},{"@type":"Organization","@id":"https:\/\/aztex.ee\/pl\/#organization","name":"AZTEX","url":"https:\/\/aztex.ee\/pl\/","logo":{"@type":"ImageObject","inLanguage":"pl-PL","@id":"https:\/\/aztex.ee\/pl\/#\/schema\/logo\/image\/","url":"https:\/\/aztex.ee\/wp-content\/uploads\/2026\/01\/AZTEX.png","contentUrl":"https:\/\/aztex.ee\/wp-content\/uploads\/2026\/01\/AZTEX.png","width":500,"height":500,"caption":"AZTEX"},"image":{"@id":"https:\/\/aztex.ee\/pl\/#\/schema\/logo\/image\/"},"sameAs":["https:\/\/www.facebook.com\/AztexEE","https:\/\/www.instagram.com\/aztexeesti\/","https:\/\/www.youtube.com\/@AZTEXEE","https:\/\/www.pinterest.com\/aztex_eesti\/","https:\/\/www.tiktok.com\/@aztexeesti","https:\/\/www.trustpilot.com\/review\/aztex.ee","https:\/\/www.linkedin.com\/company\/aztex-ee\/","https:\/\/www.wikidata.org\/wiki\/Q137560182"]}]}},"_links":{"self":[{"href":"https:\/\/aztex.ee\/pl\/wp-json\/wp\/v2\/product\/34694","targetHints":{"allow":["GET"]}}],"collection":[{"href":"https:\/\/aztex.ee\/pl\/wp-json\/wp\/v2\/product"}],"about":[{"href":"https:\/\/aztex.ee\/pl\/wp-json\/wp\/v2\/types\/product"}],"replies":[{"embeddable":true,"href":"https:\/\/aztex.ee\/pl\/wp-json\/wp\/v2\/comments?post=34694"}],"version-history":[{"count":0,"href":"https:\/\/aztex.ee\/pl\/wp-json\/wp\/v2\/product\/34694\/revisions"}],"wp:featuredmedia":[{"embeddable":true,"href":"https:\/\/aztex.ee\/pl\/wp-json\/wp\/v2\/media\/34695"}],"wp:attachment":[{"href":"https:\/\/aztex.ee\/pl\/wp-json\/wp\/v2\/media?parent=34694"}],"wp:term":[{"taxonomy":"product_brand","embeddable":true,"href":"https:\/\/aztex.ee\/pl\/wp-json\/wp\/v2\/product_brand?post=34694"},{"taxonomy":"product_cat","embeddable":true,"href":"https:\/\/aztex.ee\/pl\/wp-json\/wp\/v2\/product_cat?post=34694"},{"taxonomy":"product_tag","embeddable":true,"href":"https:\/\/aztex.ee\/pl\/wp-json\/wp\/v2\/product_tag?post=34694"}],"curies":[{"name":"wp","href":"https:\/\/api.w.org\/{rel}","templated":true}]}}