{"id":34344,"date":"2024-10-02T13:42:05","date_gmt":"2024-10-02T13:42:05","guid":{"rendered":"https:\/\/aztex.ee\/pood\/bez-kategorii\/voodipesukomplekt-puuvillasatiin-blue-rose\/"},"modified":"2026-02-27T12:24:01","modified_gmt":"2026-02-27T12:24:01","slug":"komplet-poscieli-satyna-bawelniana-blue-rose","status":"publish","type":"product","link":"https:\/\/aztex.ee\/pl\/pood\/posciel-bawelniana\/komplet-poscieli-satyna-bawelniana-blue-rose\/","title":{"rendered":"Komplet Po\u015bcieli Satyna Bawe\u0142niana | Blue rose"},"content":{"rendered":"<p>Komplet po\u015bcieli z satyny bawe\u0142nianej wnosi mi\u0119kko\u015b\u0107 i wygod\u0119 do Twojej sypialni. \u0141\u0105czy naturalno\u015b\u0107 bawe\u0142ny z g\u0142adko\u015bci\u0105 satyny, oferuj\u0105c oddychaj\u0105cy i przyjazny dla sk\u00f3ry materia\u0142, kt\u00f3ry idealnie nadaje si\u0119 do codziennego u\u017cytku. Tkanina jest trwa\u0142a i \u0142atwa w piel\u0119gnacji, zachowuj\u0105c mi\u0119kko\u015b\u0107 nawet po wielu praniach. Po\u015bciel z satyny bawe\u0142nianej to \u015bwietny wyb\u00f3r, je\u015bli cenisz sobie jako\u015b\u0107 snu i przyjemny dotyk w nocy.<\/p>\n","protected":false},"excerpt":{"rendered":"<p>Komplet po\u015bcieli z satyny bawe\u0142nianej gwarantuje komfort i jako\u015b\u0107 snu.<\/p>\n<ul>\n<li>Materia\u0142: 100% bawe\u0142na<\/li>\n<li>Tkanina: Satyna<\/li>\n<li>Liczba nitek: 300 TC<\/li>\n<li>Poszwa na ko\u0142dr\u0119: 200\u00d7220 cm<\/li>\n<li>Poszewka na poduszk\u0119: 50\u00d775 cm (2 szt.)<\/li>\n<li>Prze\u015bcierad\u0142o: Nie wliczone<\/li>\n<li>Komfort: Oddychaj\u0105ca i mi\u0119kka faktura<\/li>\n<\/ul>\n<p><img loading=\"lazy\" decoding=\"async\" class=\"alignnone size-full wp-image-25948\" src=\"https:\/\/aztex.ee\/wp-content\/uploads\/2024\/09\/cotton87.png\" alt=\"\" width=\"188\" height=\"71\" srcset=\"https:\/\/aztex.ee\/wp-content\/uploads\/2024\/09\/cotton87.png 188w, https:\/\/aztex.ee\/wp-content\/uploads\/2024\/09\/cotton87-150x57.png 150w\" sizes=\"auto, (max-width: 188px) 100vw, 188px\" \/><\/p>\n","protected":false},"featured_media":34345,"comment_status":"open","ping_status":"closed","template":"","meta":[],"product_brand":[],"product_cat":[685,662,680,660,677,683],"product_tag":[],"class_list":{"0":"post-34344","1":"product","2":"type-product","3":"status-publish","4":"has-post-thumbnail","6":"product_cat-komplety-poscieli","7":"product_cat-komplety-poscieli-bawelnianej-200x220","8":"product_cat-komplety-poscieli-satynowej","9":"product_cat-posciel-bawelniana","10":"product_cat-posciel-satynowa","11":"product_cat-posciele","13":"first","14":"outofstock","15":"shipping-taxable","16":"purchasable","17":"product-type-simple"},"yoast_head":"<!-- This site is optimized with the Yoast SEO plugin v27.3 - https:\/\/yoast.com\/product\/yoast-seo-wordpress\/ -->\n<title>Komplet Po\u015bcieli Satyna Bawe\u0142niana | Blue rose | AZTEX<\/title>\n<meta name=\"description\" content=\"Komplet po\u015bcieli 200x220 cm satyny bawe\u0142nianej - jest mi\u0119kki i luksusowy, \u0142\u0105czy w sobie oddychalno\u015b\u0107 bawe\u0142ny z g\u0142adk\u0105 elegancj\u0105 satyny. Zapewnia niezwykl\" \/>\n<meta name=\"robots\" content=\"index, follow, max-snippet:-1, max-image-preview:large, max-video-preview:-1\" \/>\n<link rel=\"canonical\" href=\"https:\/\/aztex.ee\/pl\/pood\/posciel-bawelniana\/komplet-poscieli-satyna-bawelniana-blue-rose\/\" \/>\n<meta property=\"og:locale\" content=\"pl_PL\" \/>\n<meta property=\"og:type\" content=\"article\" \/>\n<meta property=\"og:title\" content=\"Komplet Po\u015bcieli Satyna Bawe\u0142niana | Blue rose | AZTEX\" \/>\n<meta property=\"og:description\" content=\"Komplet po\u015bcieli 200x220 cm satyny bawe\u0142nianej - jest mi\u0119kki i luksusowy, \u0142\u0105czy w sobie oddychalno\u015b\u0107 bawe\u0142ny z g\u0142adk\u0105 elegancj\u0105 satyny. Zapewnia niezwykl\" \/>\n<meta property=\"og:url\" content=\"https:\/\/aztex.ee\/pl\/pood\/posciel-bawelniana\/komplet-poscieli-satyna-bawelniana-blue-rose\/\" \/>\n<meta property=\"og:site_name\" content=\"AZTEX\" \/>\n<meta property=\"article:publisher\" content=\"https:\/\/www.facebook.com\/AztexEE\" \/>\n<meta property=\"article:modified_time\" content=\"2026-02-27T12:24:01+00:00\" \/>\n<meta property=\"og:image\" content=\"https:\/\/aztex.ee\/wp-content\/uploads\/2024\/10\/Voodipesukomplekt-puuvillasatiin-27.jpg\" \/>\n\t<meta property=\"og:image:width\" content=\"800\" \/>\n\t<meta property=\"og:image:height\" content=\"800\" \/>\n\t<meta property=\"og:image:type\" content=\"image\/jpeg\" \/>\n<meta name=\"twitter:card\" content=\"summary_large_image\" \/>\n<meta name=\"twitter:label1\" content=\"Szacowany czas czytania\" \/>\n\t<meta name=\"twitter:data1\" content=\"1 minuta\" \/>\n<script type=\"application\/ld+json\" class=\"yoast-schema-graph\">{\"@context\":\"https:\\\/\\\/schema.org\",\"@graph\":[{\"@type\":[\"WebPage\",\"ItemPage\"],\"@id\":\"https:\\\/\\\/aztex.ee\\\/pl\\\/pood\\\/posciel-bawelniana\\\/komplet-poscieli-satyna-bawelniana-blue-rose\\\/\",\"url\":\"https:\\\/\\\/aztex.ee\\\/pl\\\/pood\\\/posciel-bawelniana\\\/komplet-poscieli-satyna-bawelniana-blue-rose\\\/\",\"name\":\"Komplet Po\u015bcieli Satyna Bawe\u0142niana | Blue rose | AZTEX\",\"isPartOf\":{\"@id\":\"https:\\\/\\\/aztex.ee\\\/pl\\\/#website\"},\"primaryImageOfPage\":{\"@id\":\"https:\\\/\\\/aztex.ee\\\/pl\\\/pood\\\/posciel-bawelniana\\\/komplet-poscieli-satyna-bawelniana-blue-rose\\\/#primaryimage\"},\"image\":{\"@id\":\"https:\\\/\\\/aztex.ee\\\/pl\\\/pood\\\/posciel-bawelniana\\\/komplet-poscieli-satyna-bawelniana-blue-rose\\\/#primaryimage\"},\"thumbnailUrl\":\"https:\\\/\\\/aztex.ee\\\/wp-content\\\/uploads\\\/2024\\\/10\\\/Voodipesukomplekt-puuvillasatiin-27.jpg\",\"datePublished\":\"2024-10-02T13:42:05+00:00\",\"dateModified\":\"2026-02-27T12:24:01+00:00\",\"description\":\"Komplet po\u015bcieli 200x220 cm satyny bawe\u0142nianej - jest mi\u0119kki i luksusowy, \u0142\u0105czy w sobie oddychalno\u015b\u0107 bawe\u0142ny z g\u0142adk\u0105 elegancj\u0105 satyny. Zapewnia niezwykl\",\"breadcrumb\":{\"@id\":\"https:\\\/\\\/aztex.ee\\\/pl\\\/pood\\\/posciel-bawelniana\\\/komplet-poscieli-satyna-bawelniana-blue-rose\\\/#breadcrumb\"},\"inLanguage\":\"pl-PL\",\"potentialAction\":[{\"@type\":\"ReadAction\",\"target\":[\"https:\\\/\\\/aztex.ee\\\/pl\\\/pood\\\/posciel-bawelniana\\\/komplet-poscieli-satyna-bawelniana-blue-rose\\\/\"]}]},{\"@type\":\"ImageObject\",\"inLanguage\":\"pl-PL\",\"@id\":\"https:\\\/\\\/aztex.ee\\\/pl\\\/pood\\\/posciel-bawelniana\\\/komplet-poscieli-satyna-bawelniana-blue-rose\\\/#primaryimage\",\"url\":\"https:\\\/\\\/aztex.ee\\\/wp-content\\\/uploads\\\/2024\\\/10\\\/Voodipesukomplekt-puuvillasatiin-27.jpg\",\"contentUrl\":\"https:\\\/\\\/aztex.ee\\\/wp-content\\\/uploads\\\/2024\\\/10\\\/Voodipesukomplekt-puuvillasatiin-27.jpg\",\"width\":800,\"height\":800},{\"@type\":\"BreadcrumbList\",\"@id\":\"https:\\\/\\\/aztex.ee\\\/pl\\\/pood\\\/posciel-bawelniana\\\/komplet-poscieli-satyna-bawelniana-blue-rose\\\/#breadcrumb\",\"itemListElement\":[{\"@type\":\"ListItem\",\"position\":1,\"name\":\"Strona g\u0142\u00f3wna\",\"item\":\"https:\\\/\\\/aztex.ee\\\/pl\\\/\"},{\"@type\":\"ListItem\",\"position\":2,\"name\":\"Sklep\",\"item\":\"https:\\\/\\\/aztex.ee\\\/pl\\\/sklep\\\/\"},{\"@type\":\"ListItem\",\"position\":3,\"name\":\"Komplet Po\u015bcieli Satyna Bawe\u0142niana | Blue rose\"}]},{\"@type\":\"WebSite\",\"@id\":\"https:\\\/\\\/aztex.ee\\\/pl\\\/#website\",\"url\":\"https:\\\/\\\/aztex.ee\\\/pl\\\/\",\"name\":\"AZTEX\",\"description\":\"\",\"publisher\":{\"@id\":\"https:\\\/\\\/aztex.ee\\\/pl\\\/#organization\"},\"potentialAction\":[{\"@type\":\"SearchAction\",\"target\":{\"@type\":\"EntryPoint\",\"urlTemplate\":\"https:\\\/\\\/aztex.ee\\\/pl\\\/?s={search_term_string}\"},\"query-input\":{\"@type\":\"PropertyValueSpecification\",\"valueRequired\":true,\"valueName\":\"search_term_string\"}}],\"inLanguage\":\"pl-PL\"},{\"@type\":\"Organization\",\"@id\":\"https:\\\/\\\/aztex.ee\\\/pl\\\/#organization\",\"name\":\"AZTEX\",\"url\":\"https:\\\/\\\/aztex.ee\\\/pl\\\/\",\"logo\":{\"@type\":\"ImageObject\",\"inLanguage\":\"pl-PL\",\"@id\":\"https:\\\/\\\/aztex.ee\\\/pl\\\/#\\\/schema\\\/logo\\\/image\\\/\",\"url\":\"https:\\\/\\\/aztex.ee\\\/wp-content\\\/uploads\\\/2026\\\/01\\\/AZTEX.png\",\"contentUrl\":\"https:\\\/\\\/aztex.ee\\\/wp-content\\\/uploads\\\/2026\\\/01\\\/AZTEX.png\",\"width\":500,\"height\":500,\"caption\":\"AZTEX\"},\"image\":{\"@id\":\"https:\\\/\\\/aztex.ee\\\/pl\\\/#\\\/schema\\\/logo\\\/image\\\/\"},\"sameAs\":[\"https:\\\/\\\/www.facebook.com\\\/AztexEE\",\"https:\\\/\\\/www.instagram.com\\\/aztexeesti\\\/\",\"https:\\\/\\\/www.youtube.com\\\/@AZTEXEE\",\"https:\\\/\\\/www.pinterest.com\\\/aztex_eesti\\\/\",\"https:\\\/\\\/www.tiktok.com\\\/@aztexeesti\",\"https:\\\/\\\/www.trustpilot.com\\\/review\\\/aztex.ee\",\"https:\\\/\\\/www.linkedin.com\\\/company\\\/aztex-ee\\\/\",\"https:\\\/\\\/www.wikidata.org\\\/wiki\\\/Q137560182\"]}]}<\/script>\n<!-- \/ Yoast SEO plugin. -->","yoast_head_json":{"title":"Komplet Po\u015bcieli Satyna Bawe\u0142niana | Blue rose | AZTEX","description":"Komplet po\u015bcieli 200x220 cm satyny bawe\u0142nianej - jest mi\u0119kki i luksusowy, \u0142\u0105czy w sobie oddychalno\u015b\u0107 bawe\u0142ny z g\u0142adk\u0105 elegancj\u0105 satyny. Zapewnia niezwykl","robots":{"index":"index","follow":"follow","max-snippet":"max-snippet:-1","max-image-preview":"max-image-preview:large","max-video-preview":"max-video-preview:-1"},"canonical":"https:\/\/aztex.ee\/pl\/pood\/posciel-bawelniana\/komplet-poscieli-satyna-bawelniana-blue-rose\/","og_locale":"pl_PL","og_type":"article","og_title":"Komplet Po\u015bcieli Satyna Bawe\u0142niana | Blue rose | AZTEX","og_description":"Komplet po\u015bcieli 200x220 cm satyny bawe\u0142nianej - jest mi\u0119kki i luksusowy, \u0142\u0105czy w sobie oddychalno\u015b\u0107 bawe\u0142ny z g\u0142adk\u0105 elegancj\u0105 satyny. Zapewnia niezwykl","og_url":"https:\/\/aztex.ee\/pl\/pood\/posciel-bawelniana\/komplet-poscieli-satyna-bawelniana-blue-rose\/","og_site_name":"AZTEX","article_publisher":"https:\/\/www.facebook.com\/AztexEE","article_modified_time":"2026-02-27T12:24:01+00:00","og_image":[{"width":800,"height":800,"url":"https:\/\/aztex.ee\/wp-content\/uploads\/2024\/10\/Voodipesukomplekt-puuvillasatiin-27.jpg","type":"image\/jpeg"}],"twitter_card":"summary_large_image","twitter_misc":{"Szacowany czas czytania":"1 minuta"},"schema":{"@context":"https:\/\/schema.org","@graph":[{"@type":["WebPage","ItemPage"],"@id":"https:\/\/aztex.ee\/pl\/pood\/posciel-bawelniana\/komplet-poscieli-satyna-bawelniana-blue-rose\/","url":"https:\/\/aztex.ee\/pl\/pood\/posciel-bawelniana\/komplet-poscieli-satyna-bawelniana-blue-rose\/","name":"Komplet Po\u015bcieli Satyna Bawe\u0142niana | Blue rose | AZTEX","isPartOf":{"@id":"https:\/\/aztex.ee\/pl\/#website"},"primaryImageOfPage":{"@id":"https:\/\/aztex.ee\/pl\/pood\/posciel-bawelniana\/komplet-poscieli-satyna-bawelniana-blue-rose\/#primaryimage"},"image":{"@id":"https:\/\/aztex.ee\/pl\/pood\/posciel-bawelniana\/komplet-poscieli-satyna-bawelniana-blue-rose\/#primaryimage"},"thumbnailUrl":"https:\/\/aztex.ee\/wp-content\/uploads\/2024\/10\/Voodipesukomplekt-puuvillasatiin-27.jpg","datePublished":"2024-10-02T13:42:05+00:00","dateModified":"2026-02-27T12:24:01+00:00","description":"Komplet po\u015bcieli 200x220 cm satyny bawe\u0142nianej - jest mi\u0119kki i luksusowy, \u0142\u0105czy w sobie oddychalno\u015b\u0107 bawe\u0142ny z g\u0142adk\u0105 elegancj\u0105 satyny. Zapewnia niezwykl","breadcrumb":{"@id":"https:\/\/aztex.ee\/pl\/pood\/posciel-bawelniana\/komplet-poscieli-satyna-bawelniana-blue-rose\/#breadcrumb"},"inLanguage":"pl-PL","potentialAction":[{"@type":"ReadAction","target":["https:\/\/aztex.ee\/pl\/pood\/posciel-bawelniana\/komplet-poscieli-satyna-bawelniana-blue-rose\/"]}]},{"@type":"ImageObject","inLanguage":"pl-PL","@id":"https:\/\/aztex.ee\/pl\/pood\/posciel-bawelniana\/komplet-poscieli-satyna-bawelniana-blue-rose\/#primaryimage","url":"https:\/\/aztex.ee\/wp-content\/uploads\/2024\/10\/Voodipesukomplekt-puuvillasatiin-27.jpg","contentUrl":"https:\/\/aztex.ee\/wp-content\/uploads\/2024\/10\/Voodipesukomplekt-puuvillasatiin-27.jpg","width":800,"height":800},{"@type":"BreadcrumbList","@id":"https:\/\/aztex.ee\/pl\/pood\/posciel-bawelniana\/komplet-poscieli-satyna-bawelniana-blue-rose\/#breadcrumb","itemListElement":[{"@type":"ListItem","position":1,"name":"Strona g\u0142\u00f3wna","item":"https:\/\/aztex.ee\/pl\/"},{"@type":"ListItem","position":2,"name":"Sklep","item":"https:\/\/aztex.ee\/pl\/sklep\/"},{"@type":"ListItem","position":3,"name":"Komplet Po\u015bcieli Satyna Bawe\u0142niana | Blue rose"}]},{"@type":"WebSite","@id":"https:\/\/aztex.ee\/pl\/#website","url":"https:\/\/aztex.ee\/pl\/","name":"AZTEX","description":"","publisher":{"@id":"https:\/\/aztex.ee\/pl\/#organization"},"potentialAction":[{"@type":"SearchAction","target":{"@type":"EntryPoint","urlTemplate":"https:\/\/aztex.ee\/pl\/?s={search_term_string}"},"query-input":{"@type":"PropertyValueSpecification","valueRequired":true,"valueName":"search_term_string"}}],"inLanguage":"pl-PL"},{"@type":"Organization","@id":"https:\/\/aztex.ee\/pl\/#organization","name":"AZTEX","url":"https:\/\/aztex.ee\/pl\/","logo":{"@type":"ImageObject","inLanguage":"pl-PL","@id":"https:\/\/aztex.ee\/pl\/#\/schema\/logo\/image\/","url":"https:\/\/aztex.ee\/wp-content\/uploads\/2026\/01\/AZTEX.png","contentUrl":"https:\/\/aztex.ee\/wp-content\/uploads\/2026\/01\/AZTEX.png","width":500,"height":500,"caption":"AZTEX"},"image":{"@id":"https:\/\/aztex.ee\/pl\/#\/schema\/logo\/image\/"},"sameAs":["https:\/\/www.facebook.com\/AztexEE","https:\/\/www.instagram.com\/aztexeesti\/","https:\/\/www.youtube.com\/@AZTEXEE","https:\/\/www.pinterest.com\/aztex_eesti\/","https:\/\/www.tiktok.com\/@aztexeesti","https:\/\/www.trustpilot.com\/review\/aztex.ee","https:\/\/www.linkedin.com\/company\/aztex-ee\/","https:\/\/www.wikidata.org\/wiki\/Q137560182"]}]}},"_links":{"self":[{"href":"https:\/\/aztex.ee\/pl\/wp-json\/wp\/v2\/product\/34344","targetHints":{"allow":["GET"]}}],"collection":[{"href":"https:\/\/aztex.ee\/pl\/wp-json\/wp\/v2\/product"}],"about":[{"href":"https:\/\/aztex.ee\/pl\/wp-json\/wp\/v2\/types\/product"}],"replies":[{"embeddable":true,"href":"https:\/\/aztex.ee\/pl\/wp-json\/wp\/v2\/comments?post=34344"}],"version-history":[{"count":0,"href":"https:\/\/aztex.ee\/pl\/wp-json\/wp\/v2\/product\/34344\/revisions"}],"wp:featuredmedia":[{"embeddable":true,"href":"https:\/\/aztex.ee\/pl\/wp-json\/wp\/v2\/media\/34345"}],"wp:attachment":[{"href":"https:\/\/aztex.ee\/pl\/wp-json\/wp\/v2\/media?parent=34344"}],"wp:term":[{"taxonomy":"product_brand","embeddable":true,"href":"https:\/\/aztex.ee\/pl\/wp-json\/wp\/v2\/product_brand?post=34344"},{"taxonomy":"product_cat","embeddable":true,"href":"https:\/\/aztex.ee\/pl\/wp-json\/wp\/v2\/product_cat?post=34344"},{"taxonomy":"product_tag","embeddable":true,"href":"https:\/\/aztex.ee\/pl\/wp-json\/wp\/v2\/product_tag?post=34344"}],"curies":[{"name":"wp","href":"https:\/\/api.w.org\/{rel}","templated":true}]}}