{"id":34210,"date":"2024-09-29T09:47:19","date_gmt":"2024-09-29T09:47:19","guid":{"rendered":"https:\/\/aztex.ee\/pood\/bez-kategorii\/satiinist-voodipesukomplekt-marsh\/"},"modified":"2026-03-31T14:45:40","modified_gmt":"2026-03-31T14:45:40","slug":"komplet-poscieli-satynowej-marsh","status":"publish","type":"product","link":"https:\/\/aztex.ee\/pl\/pood\/posciel-bawelniana\/komplet-poscieli-satynowej-marsh\/","title":{"rendered":"Komplet po\u015bcieli satynowej | Marsh"},"content":{"rendered":"<p>Satynowy komplet po\u015bcieli to idealny wyb\u00f3r, je\u015bli szukasz mi\u0119kko\u015bci i elegancji w swojej sypialni. Wykonany z wysokiej jako\u015bci bawe\u0142ny, kt\u00f3ra pie\u015bci sk\u00f3r\u0119 i tworzy luksusowe wra\u017cenia podczas snu. Oddychaj\u0105cy materia\u0142 reguluje temperatur\u0119 cia\u0142a, zapewniaj\u0105c komfortowy sen w ka\u017cdej porze roku \u2014 czy to ch\u0142odniej latem, czy cieplej zim\u0105. Ponadto po\u015bciel jest \u0142atwa w piel\u0119gnacji i mo\u017cna j\u0105 pra\u0107 w pralce, dzi\u0119ki czemu idealnie nadaje si\u0119 do codziennego u\u017cytku. Od\u015bwie\u017c swoj\u0105 sypialni\u0119 dzi\u0119ki naszemu pi\u0119knemu satynowemu kompletowi po\u015bcieli i ciesz si\u0119 luksusowym komfortem, kt\u00f3rego zawsze pragn\u0105\u0142e\u015b!<\/p>\n","protected":false},"excerpt":{"rendered":"<p>Komplet po\u015bcieli satynowej jest delikatny dla sk\u00f3ry i oddychaj\u0105cy, zapewniaj\u0105c idealne warunki do snu.<\/p>\n<ul>\n<li>Materia\u0142: 100% bawe\u0142na<\/li>\n<li>Tkanina: Satyna<\/li>\n<li>Liczba nitek: 300 TC<\/li>\n<li>Poszwa na ko\u0142dr\u0119: 200\u00d7220 cm<\/li>\n<li>Poszewka na poduszk\u0119: 50\u00d775 cm (2 szt.)<\/li>\n<li>Prze\u015bcierad\u0142o: Nie wliczone<\/li>\n<li>Komfort: Oddychaj\u0105ca i mi\u0119kka faktura<\/li>\n<\/ul>\n<p><img loading=\"lazy\" decoding=\"async\" class=\"alignnone size-full wp-image-24724\" src=\"https:\/\/aztex.ee\/wp-content\/uploads\/2024\/09\/cottonlogo33.png\" alt=\"\" width=\"165\" height=\"73\" srcset=\"https:\/\/aztex.ee\/wp-content\/uploads\/2024\/09\/cottonlogo33.png 165w, https:\/\/aztex.ee\/wp-content\/uploads\/2024\/09\/cottonlogo33-150x66.png 150w\" sizes=\"auto, (max-width: 165px) 100vw, 165px\" \/><\/p>\n","protected":false},"featured_media":34211,"comment_status":"open","ping_status":"closed","template":"","meta":[],"product_brand":[],"product_cat":[685,662,680,660,677,683],"product_tag":[],"class_list":{"0":"post-34210","1":"product","2":"type-product","3":"status-publish","4":"has-post-thumbnail","6":"product_cat-komplety-poscieli","7":"product_cat-komplety-poscieli-bawelnianej-200x220","8":"product_cat-komplety-poscieli-satynowej","9":"product_cat-posciel-bawelniana","10":"product_cat-posciel-satynowa","11":"product_cat-posciele","13":"first","14":"instock","15":"shipping-taxable","16":"purchasable","17":"product-type-simple"},"yoast_head":"<!-- This site is optimized with the Yoast SEO plugin v27.3 - https:\/\/yoast.com\/product\/yoast-seo-wordpress\/ -->\n<title>Komplet po\u015bcieli satynowej | Marsh | AZTEX<\/title>\n<meta name=\"description\" content=\"Komplet po\u015bcieli satynowej to idealny wyb\u00f3r, je\u015bli szukasz mi\u0119kko\u015bci i elegancji w swojej sypialni. Wykonany z wysokiej jako\u015bci satyny, zestaw ten ...\" \/>\n<meta name=\"robots\" content=\"index, follow, max-snippet:-1, max-image-preview:large, max-video-preview:-1\" \/>\n<link rel=\"canonical\" href=\"https:\/\/aztex.ee\/pl\/pood\/posciel-bawelniana\/komplet-poscieli-satynowej-marsh\/\" \/>\n<meta property=\"og:locale\" content=\"pl_PL\" \/>\n<meta property=\"og:type\" content=\"article\" \/>\n<meta property=\"og:title\" content=\"Komplet po\u015bcieli satynowej | Marsh | AZTEX\" \/>\n<meta property=\"og:description\" content=\"Komplet po\u015bcieli satynowej to idealny wyb\u00f3r, je\u015bli szukasz mi\u0119kko\u015bci i elegancji w swojej sypialni. Wykonany z wysokiej jako\u015bci satyny, zestaw ten ...\" \/>\n<meta property=\"og:url\" content=\"https:\/\/aztex.ee\/pl\/pood\/posciel-bawelniana\/komplet-poscieli-satynowej-marsh\/\" \/>\n<meta property=\"og:site_name\" content=\"AZTEX\" \/>\n<meta property=\"article:publisher\" content=\"https:\/\/www.facebook.com\/AztexEE\" \/>\n<meta property=\"article:modified_time\" content=\"2026-03-31T14:45:40+00:00\" \/>\n<meta property=\"og:image\" content=\"https:\/\/aztex.ee\/wp-content\/uploads\/2024\/09\/Satiinist-voodipesukomplekt-200x220-4.jpg\" \/>\n\t<meta property=\"og:image:width\" content=\"800\" \/>\n\t<meta property=\"og:image:height\" content=\"800\" \/>\n\t<meta property=\"og:image:type\" content=\"image\/jpeg\" \/>\n<meta name=\"twitter:card\" content=\"summary_large_image\" \/>\n<meta name=\"twitter:label1\" content=\"Szacowany czas czytania\" \/>\n\t<meta name=\"twitter:data1\" content=\"1 minuta\" \/>\n<script type=\"application\/ld+json\" class=\"yoast-schema-graph\">{\"@context\":\"https:\\\/\\\/schema.org\",\"@graph\":[{\"@type\":[\"WebPage\",\"ItemPage\"],\"@id\":\"https:\\\/\\\/aztex.ee\\\/pl\\\/pood\\\/posciel-bawelniana\\\/komplet-poscieli-satynowej-marsh\\\/\",\"url\":\"https:\\\/\\\/aztex.ee\\\/pl\\\/pood\\\/posciel-bawelniana\\\/komplet-poscieli-satynowej-marsh\\\/\",\"name\":\"Komplet po\u015bcieli satynowej | Marsh | AZTEX\",\"isPartOf\":{\"@id\":\"https:\\\/\\\/aztex.ee\\\/pl\\\/#website\"},\"primaryImageOfPage\":{\"@id\":\"https:\\\/\\\/aztex.ee\\\/pl\\\/pood\\\/posciel-bawelniana\\\/komplet-poscieli-satynowej-marsh\\\/#primaryimage\"},\"image\":{\"@id\":\"https:\\\/\\\/aztex.ee\\\/pl\\\/pood\\\/posciel-bawelniana\\\/komplet-poscieli-satynowej-marsh\\\/#primaryimage\"},\"thumbnailUrl\":\"https:\\\/\\\/aztex.ee\\\/wp-content\\\/uploads\\\/2024\\\/09\\\/Satiinist-voodipesukomplekt-200x220-4.jpg\",\"datePublished\":\"2024-09-29T09:47:19+00:00\",\"dateModified\":\"2026-03-31T14:45:40+00:00\",\"description\":\"Komplet po\u015bcieli satynowej to idealny wyb\u00f3r, je\u015bli szukasz mi\u0119kko\u015bci i elegancji w swojej sypialni. Wykonany z wysokiej jako\u015bci satyny, zestaw ten ...\",\"breadcrumb\":{\"@id\":\"https:\\\/\\\/aztex.ee\\\/pl\\\/pood\\\/posciel-bawelniana\\\/komplet-poscieli-satynowej-marsh\\\/#breadcrumb\"},\"inLanguage\":\"pl-PL\",\"potentialAction\":[{\"@type\":\"ReadAction\",\"target\":[\"https:\\\/\\\/aztex.ee\\\/pl\\\/pood\\\/posciel-bawelniana\\\/komplet-poscieli-satynowej-marsh\\\/\"]}]},{\"@type\":\"ImageObject\",\"inLanguage\":\"pl-PL\",\"@id\":\"https:\\\/\\\/aztex.ee\\\/pl\\\/pood\\\/posciel-bawelniana\\\/komplet-poscieli-satynowej-marsh\\\/#primaryimage\",\"url\":\"https:\\\/\\\/aztex.ee\\\/wp-content\\\/uploads\\\/2024\\\/09\\\/Satiinist-voodipesukomplekt-200x220-4.jpg\",\"contentUrl\":\"https:\\\/\\\/aztex.ee\\\/wp-content\\\/uploads\\\/2024\\\/09\\\/Satiinist-voodipesukomplekt-200x220-4.jpg\",\"width\":800,\"height\":800},{\"@type\":\"BreadcrumbList\",\"@id\":\"https:\\\/\\\/aztex.ee\\\/pl\\\/pood\\\/posciel-bawelniana\\\/komplet-poscieli-satynowej-marsh\\\/#breadcrumb\",\"itemListElement\":[{\"@type\":\"ListItem\",\"position\":1,\"name\":\"Strona g\u0142\u00f3wna\",\"item\":\"https:\\\/\\\/aztex.ee\\\/pl\\\/\"},{\"@type\":\"ListItem\",\"position\":2,\"name\":\"Sklep\",\"item\":\"https:\\\/\\\/aztex.ee\\\/pl\\\/sklep\\\/\"},{\"@type\":\"ListItem\",\"position\":3,\"name\":\"Komplet po\u015bcieli satynowej | Marsh\"}]},{\"@type\":\"WebSite\",\"@id\":\"https:\\\/\\\/aztex.ee\\\/pl\\\/#website\",\"url\":\"https:\\\/\\\/aztex.ee\\\/pl\\\/\",\"name\":\"AZTEX\",\"description\":\"\",\"publisher\":{\"@id\":\"https:\\\/\\\/aztex.ee\\\/pl\\\/#organization\"},\"potentialAction\":[{\"@type\":\"SearchAction\",\"target\":{\"@type\":\"EntryPoint\",\"urlTemplate\":\"https:\\\/\\\/aztex.ee\\\/pl\\\/?s={search_term_string}\"},\"query-input\":{\"@type\":\"PropertyValueSpecification\",\"valueRequired\":true,\"valueName\":\"search_term_string\"}}],\"inLanguage\":\"pl-PL\"},{\"@type\":\"Organization\",\"@id\":\"https:\\\/\\\/aztex.ee\\\/pl\\\/#organization\",\"name\":\"AZTEX\",\"url\":\"https:\\\/\\\/aztex.ee\\\/pl\\\/\",\"logo\":{\"@type\":\"ImageObject\",\"inLanguage\":\"pl-PL\",\"@id\":\"https:\\\/\\\/aztex.ee\\\/pl\\\/#\\\/schema\\\/logo\\\/image\\\/\",\"url\":\"https:\\\/\\\/aztex.ee\\\/wp-content\\\/uploads\\\/2026\\\/01\\\/AZTEX.png\",\"contentUrl\":\"https:\\\/\\\/aztex.ee\\\/wp-content\\\/uploads\\\/2026\\\/01\\\/AZTEX.png\",\"width\":500,\"height\":500,\"caption\":\"AZTEX\"},\"image\":{\"@id\":\"https:\\\/\\\/aztex.ee\\\/pl\\\/#\\\/schema\\\/logo\\\/image\\\/\"},\"sameAs\":[\"https:\\\/\\\/www.facebook.com\\\/AztexEE\",\"https:\\\/\\\/www.instagram.com\\\/aztexeesti\\\/\",\"https:\\\/\\\/www.youtube.com\\\/@AZTEXEE\",\"https:\\\/\\\/www.pinterest.com\\\/aztex_eesti\\\/\",\"https:\\\/\\\/www.tiktok.com\\\/@aztexeesti\",\"https:\\\/\\\/www.trustpilot.com\\\/review\\\/aztex.ee\",\"https:\\\/\\\/www.linkedin.com\\\/company\\\/aztex-ee\\\/\",\"https:\\\/\\\/www.wikidata.org\\\/wiki\\\/Q137560182\"]}]}<\/script>\n<!-- \/ Yoast SEO plugin. -->","yoast_head_json":{"title":"Komplet po\u015bcieli satynowej | Marsh | AZTEX","description":"Komplet po\u015bcieli satynowej to idealny wyb\u00f3r, je\u015bli szukasz mi\u0119kko\u015bci i elegancji w swojej sypialni. Wykonany z wysokiej jako\u015bci satyny, zestaw ten ...","robots":{"index":"index","follow":"follow","max-snippet":"max-snippet:-1","max-image-preview":"max-image-preview:large","max-video-preview":"max-video-preview:-1"},"canonical":"https:\/\/aztex.ee\/pl\/pood\/posciel-bawelniana\/komplet-poscieli-satynowej-marsh\/","og_locale":"pl_PL","og_type":"article","og_title":"Komplet po\u015bcieli satynowej | Marsh | AZTEX","og_description":"Komplet po\u015bcieli satynowej to idealny wyb\u00f3r, je\u015bli szukasz mi\u0119kko\u015bci i elegancji w swojej sypialni. Wykonany z wysokiej jako\u015bci satyny, zestaw ten ...","og_url":"https:\/\/aztex.ee\/pl\/pood\/posciel-bawelniana\/komplet-poscieli-satynowej-marsh\/","og_site_name":"AZTEX","article_publisher":"https:\/\/www.facebook.com\/AztexEE","article_modified_time":"2026-03-31T14:45:40+00:00","og_image":[{"width":800,"height":800,"url":"https:\/\/aztex.ee\/wp-content\/uploads\/2024\/09\/Satiinist-voodipesukomplekt-200x220-4.jpg","type":"image\/jpeg"}],"twitter_card":"summary_large_image","twitter_misc":{"Szacowany czas czytania":"1 minuta"},"schema":{"@context":"https:\/\/schema.org","@graph":[{"@type":["WebPage","ItemPage"],"@id":"https:\/\/aztex.ee\/pl\/pood\/posciel-bawelniana\/komplet-poscieli-satynowej-marsh\/","url":"https:\/\/aztex.ee\/pl\/pood\/posciel-bawelniana\/komplet-poscieli-satynowej-marsh\/","name":"Komplet po\u015bcieli satynowej | Marsh | AZTEX","isPartOf":{"@id":"https:\/\/aztex.ee\/pl\/#website"},"primaryImageOfPage":{"@id":"https:\/\/aztex.ee\/pl\/pood\/posciel-bawelniana\/komplet-poscieli-satynowej-marsh\/#primaryimage"},"image":{"@id":"https:\/\/aztex.ee\/pl\/pood\/posciel-bawelniana\/komplet-poscieli-satynowej-marsh\/#primaryimage"},"thumbnailUrl":"https:\/\/aztex.ee\/wp-content\/uploads\/2024\/09\/Satiinist-voodipesukomplekt-200x220-4.jpg","datePublished":"2024-09-29T09:47:19+00:00","dateModified":"2026-03-31T14:45:40+00:00","description":"Komplet po\u015bcieli satynowej to idealny wyb\u00f3r, je\u015bli szukasz mi\u0119kko\u015bci i elegancji w swojej sypialni. Wykonany z wysokiej jako\u015bci satyny, zestaw ten ...","breadcrumb":{"@id":"https:\/\/aztex.ee\/pl\/pood\/posciel-bawelniana\/komplet-poscieli-satynowej-marsh\/#breadcrumb"},"inLanguage":"pl-PL","potentialAction":[{"@type":"ReadAction","target":["https:\/\/aztex.ee\/pl\/pood\/posciel-bawelniana\/komplet-poscieli-satynowej-marsh\/"]}]},{"@type":"ImageObject","inLanguage":"pl-PL","@id":"https:\/\/aztex.ee\/pl\/pood\/posciel-bawelniana\/komplet-poscieli-satynowej-marsh\/#primaryimage","url":"https:\/\/aztex.ee\/wp-content\/uploads\/2024\/09\/Satiinist-voodipesukomplekt-200x220-4.jpg","contentUrl":"https:\/\/aztex.ee\/wp-content\/uploads\/2024\/09\/Satiinist-voodipesukomplekt-200x220-4.jpg","width":800,"height":800},{"@type":"BreadcrumbList","@id":"https:\/\/aztex.ee\/pl\/pood\/posciel-bawelniana\/komplet-poscieli-satynowej-marsh\/#breadcrumb","itemListElement":[{"@type":"ListItem","position":1,"name":"Strona g\u0142\u00f3wna","item":"https:\/\/aztex.ee\/pl\/"},{"@type":"ListItem","position":2,"name":"Sklep","item":"https:\/\/aztex.ee\/pl\/sklep\/"},{"@type":"ListItem","position":3,"name":"Komplet po\u015bcieli satynowej | Marsh"}]},{"@type":"WebSite","@id":"https:\/\/aztex.ee\/pl\/#website","url":"https:\/\/aztex.ee\/pl\/","name":"AZTEX","description":"","publisher":{"@id":"https:\/\/aztex.ee\/pl\/#organization"},"potentialAction":[{"@type":"SearchAction","target":{"@type":"EntryPoint","urlTemplate":"https:\/\/aztex.ee\/pl\/?s={search_term_string}"},"query-input":{"@type":"PropertyValueSpecification","valueRequired":true,"valueName":"search_term_string"}}],"inLanguage":"pl-PL"},{"@type":"Organization","@id":"https:\/\/aztex.ee\/pl\/#organization","name":"AZTEX","url":"https:\/\/aztex.ee\/pl\/","logo":{"@type":"ImageObject","inLanguage":"pl-PL","@id":"https:\/\/aztex.ee\/pl\/#\/schema\/logo\/image\/","url":"https:\/\/aztex.ee\/wp-content\/uploads\/2026\/01\/AZTEX.png","contentUrl":"https:\/\/aztex.ee\/wp-content\/uploads\/2026\/01\/AZTEX.png","width":500,"height":500,"caption":"AZTEX"},"image":{"@id":"https:\/\/aztex.ee\/pl\/#\/schema\/logo\/image\/"},"sameAs":["https:\/\/www.facebook.com\/AztexEE","https:\/\/www.instagram.com\/aztexeesti\/","https:\/\/www.youtube.com\/@AZTEXEE","https:\/\/www.pinterest.com\/aztex_eesti\/","https:\/\/www.tiktok.com\/@aztexeesti","https:\/\/www.trustpilot.com\/review\/aztex.ee","https:\/\/www.linkedin.com\/company\/aztex-ee\/","https:\/\/www.wikidata.org\/wiki\/Q137560182"]}]}},"_links":{"self":[{"href":"https:\/\/aztex.ee\/pl\/wp-json\/wp\/v2\/product\/34210","targetHints":{"allow":["GET"]}}],"collection":[{"href":"https:\/\/aztex.ee\/pl\/wp-json\/wp\/v2\/product"}],"about":[{"href":"https:\/\/aztex.ee\/pl\/wp-json\/wp\/v2\/types\/product"}],"replies":[{"embeddable":true,"href":"https:\/\/aztex.ee\/pl\/wp-json\/wp\/v2\/comments?post=34210"}],"version-history":[{"count":0,"href":"https:\/\/aztex.ee\/pl\/wp-json\/wp\/v2\/product\/34210\/revisions"}],"wp:featuredmedia":[{"embeddable":true,"href":"https:\/\/aztex.ee\/pl\/wp-json\/wp\/v2\/media\/34211"}],"wp:attachment":[{"href":"https:\/\/aztex.ee\/pl\/wp-json\/wp\/v2\/media?parent=34210"}],"wp:term":[{"taxonomy":"product_brand","embeddable":true,"href":"https:\/\/aztex.ee\/pl\/wp-json\/wp\/v2\/product_brand?post=34210"},{"taxonomy":"product_cat","embeddable":true,"href":"https:\/\/aztex.ee\/pl\/wp-json\/wp\/v2\/product_cat?post=34210"},{"taxonomy":"product_tag","embeddable":true,"href":"https:\/\/aztex.ee\/pl\/wp-json\/wp\/v2\/product_tag?post=34210"}],"curies":[{"name":"wp","href":"https:\/\/api.w.org\/{rel}","templated":true}]}}