{"id":33991,"date":"2024-09-18T08:23:39","date_gmt":"2024-09-18T08:23:39","guid":{"rendered":"https:\/\/aztex.ee\/pood\/bez-kategorii\/voodipesukomplekt-bohemian-damask\/"},"modified":"2026-03-12T11:42:40","modified_gmt":"2026-03-12T11:42:40","slug":"komplet-poscieli-bohemian-damask","status":"publish","type":"product","link":"https:\/\/aztex.ee\/pl\/pood\/posciel-makosatyna\/komplet-poscieli-bohemian-damask\/","title":{"rendered":"Komplet po\u015bcieli | Bohemian Damask"},"content":{"rendered":"<p>Komplet po\u015bcieli z egipskiej bawe\u0142ny wniesie luksus i wygod\u0119 do Twojej sypialni. Wykonany w 100% z egipskiej bawe\u0142ny, znanej z wyj\u0105tkowej jako\u015bci i trwa\u0142o\u015bci, ten zestaw zapewni Ci najlepsze wra\u017cenia podczas snu.<br \/>\nKomplet po\u015bcieli z egipskiej bawe\u0142ny oferuje najwy\u017cszy poziom luksusu i komfortu, dzi\u0119ki czemu ka\u017cda noc b\u0119dzie wyj\u0105tkowa. Mi\u0119kki i oddychaj\u0105cy materia\u0142 zapewnia spokojny sen, a elegancki wygl\u0105d dodaje stylu Twojej sypialni. Wybierz bawe\u0142n\u0119 egipsk\u0105 i ciesz si\u0119 jako\u015bci\u0105, kt\u00f3ra przetrwa lata.<\/p>\n","protected":false},"excerpt":{"rendered":"<p>Ten zestaw po\u015bcieli wzbogaci Twoj\u0105 sypialni\u0119 zar\u00f3wno o elegancj\u0119, jak i wygod\u0119.<\/p>\n<ul>\n<li>Materia\u0142: 100% Bawe\u0142na Egipska<\/li>\n<li>Tkanina: Satyna Mako<\/li>\n<li>Liczba nitek: 300 TC<\/li>\n<li>Poszwa na ko\u0142dr\u0119: 200&#215;220 cm<\/li>\n<li>Poszewka na poduszk\u0119: 50\u00d775 cm (2 szt.)<\/li>\n<li>Prze\u015bcierad\u0142o: Nie wliczone<\/li>\n<li>Komfort: Oddychaj\u0105ca i mi\u0119kka faktura<\/li>\n<\/ul>\n<p><img loading=\"lazy\" decoding=\"async\" class=\"alignnone wp-image-21477\" src=\"https:\/\/aztex.ee\/wp-content\/uploads\/2024\/09\/cotton-sertifika.png\" alt=\"\" width=\"196\" height=\"67\" srcset=\"https:\/\/aztex.ee\/wp-content\/uploads\/2024\/09\/cotton-sertifika.png 250w, https:\/\/aztex.ee\/wp-content\/uploads\/2024\/09\/cotton-sertifika-150x51.png 150w\" sizes=\"auto, (max-width: 196px) 100vw, 196px\" \/><\/p>\n","protected":false},"featured_media":33992,"comment_status":"open","ping_status":"closed","template":"","meta":[],"product_brand":[],"product_cat":[685,662,680,660,655,677,683],"product_tag":[],"class_list":{"0":"post-33991","1":"product","2":"type-product","3":"status-publish","4":"has-post-thumbnail","6":"product_cat-komplety-poscieli","7":"product_cat-komplety-poscieli-bawelnianej-200x220","8":"product_cat-komplety-poscieli-satynowej","9":"product_cat-posciel-bawelniana","10":"product_cat-posciel-makosatyna","11":"product_cat-posciel-satynowa","12":"product_cat-posciele","14":"first","15":"instock","16":"shipping-taxable","17":"purchasable","18":"product-type-simple"},"yoast_head":"<!-- This site is optimized with the Yoast SEO plugin v27.4 - https:\/\/yoast.com\/product\/yoast-seo-wordpress\/ -->\n<title>Komplet po\u015bcieli | Bohemian Damask | AZTEX<\/title>\n<meta name=\"description\" content=\"Komplet po\u015bcieli z egipskiej bawe\u0142ny wniesie luksus i wygod\u0119 do Twojej sypialni. Wykonane w 100% z egipskiej bawe\u0142ny, znanej z wyj\u0105tkowej...\" \/>\n<meta name=\"robots\" content=\"index, follow, max-snippet:-1, max-image-preview:large, max-video-preview:-1\" \/>\n<link rel=\"canonical\" href=\"https:\/\/aztex.ee\/pl\/pood\/posciel-makosatyna\/komplet-poscieli-bohemian-damask\/\" \/>\n<meta property=\"og:locale\" content=\"pl_PL\" \/>\n<meta property=\"og:type\" content=\"article\" \/>\n<meta property=\"og:title\" content=\"Komplet po\u015bcieli | Bohemian Damask | AZTEX\" \/>\n<meta property=\"og:description\" content=\"Komplet po\u015bcieli z egipskiej bawe\u0142ny wniesie luksus i wygod\u0119 do Twojej sypialni. Wykonane w 100% z egipskiej bawe\u0142ny, znanej z wyj\u0105tkowej...\" \/>\n<meta property=\"og:url\" content=\"https:\/\/aztex.ee\/pl\/pood\/posciel-makosatyna\/komplet-poscieli-bohemian-damask\/\" \/>\n<meta property=\"og:site_name\" content=\"AZTEX\" \/>\n<meta property=\"article:publisher\" content=\"https:\/\/www.facebook.com\/AztexEE\" \/>\n<meta property=\"article:modified_time\" content=\"2026-03-12T11:42:40+00:00\" \/>\n<meta property=\"og:image\" content=\"https:\/\/aztex.ee\/wp-content\/uploads\/2024\/09\/Voodipesukomplekt-14.jpg\" \/>\n\t<meta property=\"og:image:width\" content=\"800\" \/>\n\t<meta property=\"og:image:height\" content=\"800\" \/>\n\t<meta property=\"og:image:type\" content=\"image\/jpeg\" \/>\n<meta name=\"twitter:card\" content=\"summary_large_image\" \/>\n<meta name=\"twitter:label1\" content=\"Szacowany czas czytania\" \/>\n\t<meta name=\"twitter:data1\" content=\"1 minuta\" \/>\n<script type=\"application\/ld+json\" class=\"yoast-schema-graph\">{\"@context\":\"https:\\\/\\\/schema.org\",\"@graph\":[{\"@type\":[\"WebPage\",\"ItemPage\"],\"@id\":\"https:\\\/\\\/aztex.ee\\\/pl\\\/pood\\\/posciel-makosatyna\\\/komplet-poscieli-bohemian-damask\\\/\",\"url\":\"https:\\\/\\\/aztex.ee\\\/pl\\\/pood\\\/posciel-makosatyna\\\/komplet-poscieli-bohemian-damask\\\/\",\"name\":\"Komplet po\u015bcieli | Bohemian Damask | AZTEX\",\"isPartOf\":{\"@id\":\"https:\\\/\\\/aztex.ee\\\/pl\\\/#website\"},\"primaryImageOfPage\":{\"@id\":\"https:\\\/\\\/aztex.ee\\\/pl\\\/pood\\\/posciel-makosatyna\\\/komplet-poscieli-bohemian-damask\\\/#primaryimage\"},\"image\":{\"@id\":\"https:\\\/\\\/aztex.ee\\\/pl\\\/pood\\\/posciel-makosatyna\\\/komplet-poscieli-bohemian-damask\\\/#primaryimage\"},\"thumbnailUrl\":\"https:\\\/\\\/aztex.ee\\\/wp-content\\\/uploads\\\/2024\\\/09\\\/Voodipesukomplekt-14.jpg\",\"datePublished\":\"2024-09-18T08:23:39+00:00\",\"dateModified\":\"2026-03-12T11:42:40+00:00\",\"description\":\"Komplet po\u015bcieli z egipskiej bawe\u0142ny wniesie luksus i wygod\u0119 do Twojej sypialni. Wykonane w 100% z egipskiej bawe\u0142ny, znanej z wyj\u0105tkowej...\",\"breadcrumb\":{\"@id\":\"https:\\\/\\\/aztex.ee\\\/pl\\\/pood\\\/posciel-makosatyna\\\/komplet-poscieli-bohemian-damask\\\/#breadcrumb\"},\"inLanguage\":\"pl-PL\",\"potentialAction\":[{\"@type\":\"ReadAction\",\"target\":[\"https:\\\/\\\/aztex.ee\\\/pl\\\/pood\\\/posciel-makosatyna\\\/komplet-poscieli-bohemian-damask\\\/\"]}]},{\"@type\":\"ImageObject\",\"inLanguage\":\"pl-PL\",\"@id\":\"https:\\\/\\\/aztex.ee\\\/pl\\\/pood\\\/posciel-makosatyna\\\/komplet-poscieli-bohemian-damask\\\/#primaryimage\",\"url\":\"https:\\\/\\\/aztex.ee\\\/wp-content\\\/uploads\\\/2024\\\/09\\\/Voodipesukomplekt-14.jpg\",\"contentUrl\":\"https:\\\/\\\/aztex.ee\\\/wp-content\\\/uploads\\\/2024\\\/09\\\/Voodipesukomplekt-14.jpg\",\"width\":800,\"height\":800},{\"@type\":\"BreadcrumbList\",\"@id\":\"https:\\\/\\\/aztex.ee\\\/pl\\\/pood\\\/posciel-makosatyna\\\/komplet-poscieli-bohemian-damask\\\/#breadcrumb\",\"itemListElement\":[{\"@type\":\"ListItem\",\"position\":1,\"name\":\"Strona g\u0142\u00f3wna\",\"item\":\"https:\\\/\\\/aztex.ee\\\/pl\\\/\"},{\"@type\":\"ListItem\",\"position\":2,\"name\":\"Sklep\",\"item\":\"https:\\\/\\\/aztex.ee\\\/pl\\\/sklep\\\/\"},{\"@type\":\"ListItem\",\"position\":3,\"name\":\"Komplet po\u015bcieli | Bohemian Damask\"}]},{\"@type\":\"WebSite\",\"@id\":\"https:\\\/\\\/aztex.ee\\\/pl\\\/#website\",\"url\":\"https:\\\/\\\/aztex.ee\\\/pl\\\/\",\"name\":\"AZTEX\",\"description\":\"\",\"publisher\":{\"@id\":\"https:\\\/\\\/aztex.ee\\\/pl\\\/#organization\"},\"potentialAction\":[{\"@type\":\"SearchAction\",\"target\":{\"@type\":\"EntryPoint\",\"urlTemplate\":\"https:\\\/\\\/aztex.ee\\\/pl\\\/?s={search_term_string}\"},\"query-input\":{\"@type\":\"PropertyValueSpecification\",\"valueRequired\":true,\"valueName\":\"search_term_string\"}}],\"inLanguage\":\"pl-PL\"},{\"@type\":\"Organization\",\"@id\":\"https:\\\/\\\/aztex.ee\\\/pl\\\/#organization\",\"name\":\"AZTEX\",\"url\":\"https:\\\/\\\/aztex.ee\\\/pl\\\/\",\"logo\":{\"@type\":\"ImageObject\",\"inLanguage\":\"pl-PL\",\"@id\":\"https:\\\/\\\/aztex.ee\\\/pl\\\/#\\\/schema\\\/logo\\\/image\\\/\",\"url\":\"https:\\\/\\\/aztex.ee\\\/wp-content\\\/uploads\\\/2026\\\/01\\\/AZTEX.png\",\"contentUrl\":\"https:\\\/\\\/aztex.ee\\\/wp-content\\\/uploads\\\/2026\\\/01\\\/AZTEX.png\",\"width\":500,\"height\":500,\"caption\":\"AZTEX\"},\"image\":{\"@id\":\"https:\\\/\\\/aztex.ee\\\/pl\\\/#\\\/schema\\\/logo\\\/image\\\/\"},\"sameAs\":[\"https:\\\/\\\/www.facebook.com\\\/AztexEE\",\"https:\\\/\\\/www.instagram.com\\\/aztexeesti\\\/\",\"https:\\\/\\\/www.youtube.com\\\/@AZTEXEE\",\"https:\\\/\\\/www.pinterest.com\\\/aztex_eesti\\\/\",\"https:\\\/\\\/www.tiktok.com\\\/@aztexeesti\",\"https:\\\/\\\/www.trustpilot.com\\\/review\\\/aztex.ee\",\"https:\\\/\\\/www.linkedin.com\\\/company\\\/aztex-ee\\\/\",\"https:\\\/\\\/www.wikidata.org\\\/wiki\\\/Q137560182\"]}]}<\/script>\n<!-- \/ Yoast SEO plugin. -->","yoast_head_json":{"title":"Komplet po\u015bcieli | Bohemian Damask | AZTEX","description":"Komplet po\u015bcieli z egipskiej bawe\u0142ny wniesie luksus i wygod\u0119 do Twojej sypialni. Wykonane w 100% z egipskiej bawe\u0142ny, znanej z wyj\u0105tkowej...","robots":{"index":"index","follow":"follow","max-snippet":"max-snippet:-1","max-image-preview":"max-image-preview:large","max-video-preview":"max-video-preview:-1"},"canonical":"https:\/\/aztex.ee\/pl\/pood\/posciel-makosatyna\/komplet-poscieli-bohemian-damask\/","og_locale":"pl_PL","og_type":"article","og_title":"Komplet po\u015bcieli | Bohemian Damask | AZTEX","og_description":"Komplet po\u015bcieli z egipskiej bawe\u0142ny wniesie luksus i wygod\u0119 do Twojej sypialni. Wykonane w 100% z egipskiej bawe\u0142ny, znanej z wyj\u0105tkowej...","og_url":"https:\/\/aztex.ee\/pl\/pood\/posciel-makosatyna\/komplet-poscieli-bohemian-damask\/","og_site_name":"AZTEX","article_publisher":"https:\/\/www.facebook.com\/AztexEE","article_modified_time":"2026-03-12T11:42:40+00:00","og_image":[{"width":800,"height":800,"url":"https:\/\/aztex.ee\/wp-content\/uploads\/2024\/09\/Voodipesukomplekt-14.jpg","type":"image\/jpeg"}],"twitter_card":"summary_large_image","twitter_misc":{"Szacowany czas czytania":"1 minuta"},"schema":{"@context":"https:\/\/schema.org","@graph":[{"@type":["WebPage","ItemPage"],"@id":"https:\/\/aztex.ee\/pl\/pood\/posciel-makosatyna\/komplet-poscieli-bohemian-damask\/","url":"https:\/\/aztex.ee\/pl\/pood\/posciel-makosatyna\/komplet-poscieli-bohemian-damask\/","name":"Komplet po\u015bcieli | Bohemian Damask | AZTEX","isPartOf":{"@id":"https:\/\/aztex.ee\/pl\/#website"},"primaryImageOfPage":{"@id":"https:\/\/aztex.ee\/pl\/pood\/posciel-makosatyna\/komplet-poscieli-bohemian-damask\/#primaryimage"},"image":{"@id":"https:\/\/aztex.ee\/pl\/pood\/posciel-makosatyna\/komplet-poscieli-bohemian-damask\/#primaryimage"},"thumbnailUrl":"https:\/\/aztex.ee\/wp-content\/uploads\/2024\/09\/Voodipesukomplekt-14.jpg","datePublished":"2024-09-18T08:23:39+00:00","dateModified":"2026-03-12T11:42:40+00:00","description":"Komplet po\u015bcieli z egipskiej bawe\u0142ny wniesie luksus i wygod\u0119 do Twojej sypialni. Wykonane w 100% z egipskiej bawe\u0142ny, znanej z wyj\u0105tkowej...","breadcrumb":{"@id":"https:\/\/aztex.ee\/pl\/pood\/posciel-makosatyna\/komplet-poscieli-bohemian-damask\/#breadcrumb"},"inLanguage":"pl-PL","potentialAction":[{"@type":"ReadAction","target":["https:\/\/aztex.ee\/pl\/pood\/posciel-makosatyna\/komplet-poscieli-bohemian-damask\/"]}]},{"@type":"ImageObject","inLanguage":"pl-PL","@id":"https:\/\/aztex.ee\/pl\/pood\/posciel-makosatyna\/komplet-poscieli-bohemian-damask\/#primaryimage","url":"https:\/\/aztex.ee\/wp-content\/uploads\/2024\/09\/Voodipesukomplekt-14.jpg","contentUrl":"https:\/\/aztex.ee\/wp-content\/uploads\/2024\/09\/Voodipesukomplekt-14.jpg","width":800,"height":800},{"@type":"BreadcrumbList","@id":"https:\/\/aztex.ee\/pl\/pood\/posciel-makosatyna\/komplet-poscieli-bohemian-damask\/#breadcrumb","itemListElement":[{"@type":"ListItem","position":1,"name":"Strona g\u0142\u00f3wna","item":"https:\/\/aztex.ee\/pl\/"},{"@type":"ListItem","position":2,"name":"Sklep","item":"https:\/\/aztex.ee\/pl\/sklep\/"},{"@type":"ListItem","position":3,"name":"Komplet po\u015bcieli | Bohemian Damask"}]},{"@type":"WebSite","@id":"https:\/\/aztex.ee\/pl\/#website","url":"https:\/\/aztex.ee\/pl\/","name":"AZTEX","description":"","publisher":{"@id":"https:\/\/aztex.ee\/pl\/#organization"},"potentialAction":[{"@type":"SearchAction","target":{"@type":"EntryPoint","urlTemplate":"https:\/\/aztex.ee\/pl\/?s={search_term_string}"},"query-input":{"@type":"PropertyValueSpecification","valueRequired":true,"valueName":"search_term_string"}}],"inLanguage":"pl-PL"},{"@type":"Organization","@id":"https:\/\/aztex.ee\/pl\/#organization","name":"AZTEX","url":"https:\/\/aztex.ee\/pl\/","logo":{"@type":"ImageObject","inLanguage":"pl-PL","@id":"https:\/\/aztex.ee\/pl\/#\/schema\/logo\/image\/","url":"https:\/\/aztex.ee\/wp-content\/uploads\/2026\/01\/AZTEX.png","contentUrl":"https:\/\/aztex.ee\/wp-content\/uploads\/2026\/01\/AZTEX.png","width":500,"height":500,"caption":"AZTEX"},"image":{"@id":"https:\/\/aztex.ee\/pl\/#\/schema\/logo\/image\/"},"sameAs":["https:\/\/www.facebook.com\/AztexEE","https:\/\/www.instagram.com\/aztexeesti\/","https:\/\/www.youtube.com\/@AZTEXEE","https:\/\/www.pinterest.com\/aztex_eesti\/","https:\/\/www.tiktok.com\/@aztexeesti","https:\/\/www.trustpilot.com\/review\/aztex.ee","https:\/\/www.linkedin.com\/company\/aztex-ee\/","https:\/\/www.wikidata.org\/wiki\/Q137560182"]}]}},"_links":{"self":[{"href":"https:\/\/aztex.ee\/pl\/wp-json\/wp\/v2\/product\/33991","targetHints":{"allow":["GET"]}}],"collection":[{"href":"https:\/\/aztex.ee\/pl\/wp-json\/wp\/v2\/product"}],"about":[{"href":"https:\/\/aztex.ee\/pl\/wp-json\/wp\/v2\/types\/product"}],"replies":[{"embeddable":true,"href":"https:\/\/aztex.ee\/pl\/wp-json\/wp\/v2\/comments?post=33991"}],"version-history":[{"count":0,"href":"https:\/\/aztex.ee\/pl\/wp-json\/wp\/v2\/product\/33991\/revisions"}],"wp:featuredmedia":[{"embeddable":true,"href":"https:\/\/aztex.ee\/pl\/wp-json\/wp\/v2\/media\/33992"}],"wp:attachment":[{"href":"https:\/\/aztex.ee\/pl\/wp-json\/wp\/v2\/media?parent=33991"}],"wp:term":[{"taxonomy":"product_brand","embeddable":true,"href":"https:\/\/aztex.ee\/pl\/wp-json\/wp\/v2\/product_brand?post=33991"},{"taxonomy":"product_cat","embeddable":true,"href":"https:\/\/aztex.ee\/pl\/wp-json\/wp\/v2\/product_cat?post=33991"},{"taxonomy":"product_tag","embeddable":true,"href":"https:\/\/aztex.ee\/pl\/wp-json\/wp\/v2\/product_tag?post=33991"}],"curies":[{"name":"wp","href":"https:\/\/api.w.org\/{rel}","templated":true}]}}