{"id":33832,"date":"2024-09-10T10:17:38","date_gmt":"2024-09-10T10:17:38","guid":{"rendered":"https:\/\/aztex.ee\/pood\/bez-kategorii\/premium-voodipesukomplekt-100-bambus-helesinine\/"},"modified":"2024-09-10T10:17:38","modified_gmt":"2024-09-10T10:17:38","slug":"premium-voodipesukomplekt-100-bambus-helesinine","status":"publish","type":"product","link":"https:\/\/aztex.ee\/pl\/pood\/posciel-bambusowa\/premium-voodipesukomplekt-100-bambus-helesinine\/","title":{"rendered":"Premium voodipesukomplekt 100% bambus | Helesinine"},"content":{"rendered":"<p>Bambusest voodipesukomplektid on kvaliteetsed, pehmed ja hingavad tekstiiltooted, mis on valmistatud looduslikust bambuskiust. Need komplektid on spetsiaalselt loodud pakkuma kasutajatele mugavat magamiskogemust. Bambuskiud on loomulikult hingav ja sellel on v\u00f5ime niiskust \u00e4ra juhtida, mis hoiab \u00e4ra higistamise ning hoiab teid kauem puhta ja v\u00e4rskena. Bambusest voodipesukomplektide valmistamisel kasutatakse tavaliselt keskkonnas\u00f5bralikke ja s\u00e4\u00e4stvaid materjale. Bambustaim on tuntud oma kiire kasvu ja v\u00e4hese veekasutuse poolest, mis v\u00e4hendab tootmisprotsessi k\u00e4igus tekkivat keskkonnam\u00f5ju. Lisaks pakub bambuskiud oma pehme tekstuuriga luksuslikku tunnet ja puudutab \u00f5rnalt nahka kahjustamata. Bambusest voodipesukomplektidel on loomulikult antibakteriaalsed ja allergiavastased omadused, mis hoiavad h\u00fcgieeni ja pakuvad mugavust une ajal. Need on tuntud v\u00e4rskendava ja jahutava toime poolest kuumades ilmastikutingimustes. Sellest tulenevalt on bambusest voodipesukomplektid keskkonnas\u00f5bralikud ja mugavad tooted, mis pakuvad oma kasutajatele kvaliteetset magamiskogemust.  <\/p>\n","protected":false},"excerpt":{"rendered":"<p>100% \u00f6koloogiliselt kasvatatud bambusest voodipesu on h\u00fcpoallergiline ja antibakteriaalne.<\/p>\n<p>V\u00e4rv: Helesinine<br \/>\nMaterjal: 100% bambus<br \/>\nKiuloend: 300TC<br \/>\nKomplekt: 4tk<br \/>\nTekikott: 200\u00d7220 cm<br \/>\nLina: 220\u00d7230 cm<br \/>\nPadjap\u00fc\u00fcr: 50\u00d770 cm (2tk)<\/p>\n<p>H\u00fcpoallergiline ja niiskust imav<br \/>\nIdeaalne valik tundliku naha v\u00f5i ekseemi puhul, sobib eriti h\u00e4sti inimestele, kes kipuvad \u00f6\u00f6siti higistama.<br \/>\nBambusest voodipesukomplektid on pakitud samast kangast kotikesse.<\/p>\n<p><img loading=\"lazy\" decoding=\"async\" class=\"alignnone wp-image-20226\" src=\"https:\/\/aztex.ee\/wp-content\/uploads\/2024\/09\/oekotex100.png\" alt=\"\" width=\"196\" height=\"69\" srcset=\"https:\/\/aztex.ee\/wp-content\/uploads\/2024\/09\/oekotex100.png 204w, https:\/\/aztex.ee\/wp-content\/uploads\/2024\/09\/oekotex100-150x53.png 150w\" sizes=\"auto, (max-width: 196px) 100vw, 196px\" \/><img loading=\"lazy\" decoding=\"async\" class=\"alignnone wp-image-20260\" src=\"https:\/\/aztex.ee\/wp-content\/uploads\/2024\/09\/bambuuss.png\" alt=\"\" width=\"75\" height=\"75\" srcset=\"https:\/\/aztex.ee\/wp-content\/uploads\/2024\/09\/bambuuss.png 204w, https:\/\/aztex.ee\/wp-content\/uploads\/2024\/09\/bambuuss-150x150.png 150w\" sizes=\"auto, (max-width: 75px) 100vw, 75px\" \/><\/p>\n","protected":false},"featured_media":20438,"comment_status":"open","ping_status":"closed","template":"","meta":[],"product_brand":[],"product_cat":[637,685,636,683],"product_tag":[],"class_list":{"0":"post-33832","1":"product","2":"type-product","3":"status-publish","4":"has-post-thumbnail","6":"product_cat-komplet-poscieli-bambusowej","7":"product_cat-komplety-poscieli","8":"product_cat-posciel-bambusowa","9":"product_cat-posciele","11":"first","12":"outofstock","13":"sale","14":"shipping-taxable","15":"purchasable","16":"product-type-simple"},"yoast_head":"<!-- This site is optimized with the Yoast SEO plugin v27.4 - https:\/\/yoast.com\/product\/yoast-seo-wordpress\/ -->\n<title>Premium voodipesukomplekt 100% bambus | Helesinine | AZTEX<\/title>\n<meta name=\"description\" content=\"Bambusest voodipesukomplektid on kvaliteetsed, pehmed ja hingavad tekstiiltooted, mis on valmistatud looduslikust bambuskiust. Need komplektid .....\" \/>\n<meta name=\"robots\" content=\"index, follow, max-snippet:-1, max-image-preview:large, max-video-preview:-1\" \/>\n<link rel=\"canonical\" href=\"https:\/\/aztex.ee\/pl\/pood\/posciel-bambusowa\/premium-voodipesukomplekt-100-bambus-helesinine\/\" \/>\n<meta property=\"og:locale\" content=\"pl_PL\" \/>\n<meta property=\"og:type\" content=\"article\" \/>\n<meta property=\"og:title\" content=\"Premium voodipesukomplekt 100% bambus | Helesinine | AZTEX\" \/>\n<meta property=\"og:description\" content=\"Bambusest voodipesukomplektid on kvaliteetsed, pehmed ja hingavad tekstiiltooted, mis on valmistatud looduslikust bambuskiust. Need komplektid .....\" \/>\n<meta property=\"og:url\" content=\"https:\/\/aztex.ee\/pl\/pood\/posciel-bambusowa\/premium-voodipesukomplekt-100-bambus-helesinine\/\" \/>\n<meta property=\"og:site_name\" content=\"AZTEX\" \/>\n<meta property=\"article:publisher\" content=\"https:\/\/www.facebook.com\/AztexEE\" \/>\n<meta property=\"og:image\" content=\"https:\/\/aztex.ee\/wp-content\/uploads\/2024\/09\/voodipesukomplekt-100-bambus-3.jpg\" \/>\n\t<meta property=\"og:image:width\" content=\"800\" \/>\n\t<meta property=\"og:image:height\" content=\"800\" \/>\n\t<meta property=\"og:image:type\" content=\"image\/jpeg\" \/>\n<meta name=\"twitter:card\" content=\"summary_large_image\" \/>\n<meta name=\"twitter:label1\" content=\"Szacowany czas czytania\" \/>\n\t<meta name=\"twitter:data1\" content=\"1 minuta\" \/>\n<script type=\"application\/ld+json\" class=\"yoast-schema-graph\">{\"@context\":\"https:\\\/\\\/schema.org\",\"@graph\":[{\"@type\":[\"WebPage\",\"ItemPage\"],\"@id\":\"https:\\\/\\\/aztex.ee\\\/pl\\\/pood\\\/posciel-bambusowa\\\/premium-voodipesukomplekt-100-bambus-helesinine\\\/\",\"url\":\"https:\\\/\\\/aztex.ee\\\/pl\\\/pood\\\/posciel-bambusowa\\\/premium-voodipesukomplekt-100-bambus-helesinine\\\/\",\"name\":\"Premium voodipesukomplekt 100% bambus | Helesinine | AZTEX\",\"isPartOf\":{\"@id\":\"https:\\\/\\\/aztex.ee\\\/pl\\\/#website\"},\"primaryImageOfPage\":{\"@id\":\"https:\\\/\\\/aztex.ee\\\/pl\\\/pood\\\/posciel-bambusowa\\\/premium-voodipesukomplekt-100-bambus-helesinine\\\/#primaryimage\"},\"image\":{\"@id\":\"https:\\\/\\\/aztex.ee\\\/pl\\\/pood\\\/posciel-bambusowa\\\/premium-voodipesukomplekt-100-bambus-helesinine\\\/#primaryimage\"},\"thumbnailUrl\":\"https:\\\/\\\/aztex.ee\\\/wp-content\\\/uploads\\\/2024\\\/09\\\/voodipesukomplekt-100-bambus-3.jpg\",\"datePublished\":\"2024-09-10T10:17:38+00:00\",\"description\":\"Bambusest voodipesukomplektid on kvaliteetsed, pehmed ja hingavad tekstiiltooted, mis on valmistatud looduslikust bambuskiust. Need komplektid .....\",\"breadcrumb\":{\"@id\":\"https:\\\/\\\/aztex.ee\\\/pl\\\/pood\\\/posciel-bambusowa\\\/premium-voodipesukomplekt-100-bambus-helesinine\\\/#breadcrumb\"},\"inLanguage\":\"pl-PL\",\"potentialAction\":[{\"@type\":\"ReadAction\",\"target\":[\"https:\\\/\\\/aztex.ee\\\/pl\\\/pood\\\/posciel-bambusowa\\\/premium-voodipesukomplekt-100-bambus-helesinine\\\/\"]}]},{\"@type\":\"ImageObject\",\"inLanguage\":\"pl-PL\",\"@id\":\"https:\\\/\\\/aztex.ee\\\/pl\\\/pood\\\/posciel-bambusowa\\\/premium-voodipesukomplekt-100-bambus-helesinine\\\/#primaryimage\",\"url\":\"https:\\\/\\\/aztex.ee\\\/wp-content\\\/uploads\\\/2024\\\/09\\\/voodipesukomplekt-100-bambus-3.jpg\",\"contentUrl\":\"https:\\\/\\\/aztex.ee\\\/wp-content\\\/uploads\\\/2024\\\/09\\\/voodipesukomplekt-100-bambus-3.jpg\",\"width\":800,\"height\":800},{\"@type\":\"BreadcrumbList\",\"@id\":\"https:\\\/\\\/aztex.ee\\\/pl\\\/pood\\\/posciel-bambusowa\\\/premium-voodipesukomplekt-100-bambus-helesinine\\\/#breadcrumb\",\"itemListElement\":[{\"@type\":\"ListItem\",\"position\":1,\"name\":\"Strona g\u0142\u00f3wna\",\"item\":\"https:\\\/\\\/aztex.ee\\\/pl\\\/\"},{\"@type\":\"ListItem\",\"position\":2,\"name\":\"Sklep\",\"item\":\"https:\\\/\\\/aztex.ee\\\/pl\\\/sklep\\\/\"},{\"@type\":\"ListItem\",\"position\":3,\"name\":\"Premium voodipesukomplekt 100% bambus | Helesinine\"}]},{\"@type\":\"WebSite\",\"@id\":\"https:\\\/\\\/aztex.ee\\\/pl\\\/#website\",\"url\":\"https:\\\/\\\/aztex.ee\\\/pl\\\/\",\"name\":\"AZTEX\",\"description\":\"\",\"publisher\":{\"@id\":\"https:\\\/\\\/aztex.ee\\\/pl\\\/#organization\"},\"potentialAction\":[{\"@type\":\"SearchAction\",\"target\":{\"@type\":\"EntryPoint\",\"urlTemplate\":\"https:\\\/\\\/aztex.ee\\\/pl\\\/?s={search_term_string}\"},\"query-input\":{\"@type\":\"PropertyValueSpecification\",\"valueRequired\":true,\"valueName\":\"search_term_string\"}}],\"inLanguage\":\"pl-PL\"},{\"@type\":\"Organization\",\"@id\":\"https:\\\/\\\/aztex.ee\\\/pl\\\/#organization\",\"name\":\"AZTEX\",\"url\":\"https:\\\/\\\/aztex.ee\\\/pl\\\/\",\"logo\":{\"@type\":\"ImageObject\",\"inLanguage\":\"pl-PL\",\"@id\":\"https:\\\/\\\/aztex.ee\\\/pl\\\/#\\\/schema\\\/logo\\\/image\\\/\",\"url\":\"https:\\\/\\\/aztex.ee\\\/wp-content\\\/uploads\\\/2026\\\/01\\\/AZTEX.png\",\"contentUrl\":\"https:\\\/\\\/aztex.ee\\\/wp-content\\\/uploads\\\/2026\\\/01\\\/AZTEX.png\",\"width\":500,\"height\":500,\"caption\":\"AZTEX\"},\"image\":{\"@id\":\"https:\\\/\\\/aztex.ee\\\/pl\\\/#\\\/schema\\\/logo\\\/image\\\/\"},\"sameAs\":[\"https:\\\/\\\/www.facebook.com\\\/AztexEE\",\"https:\\\/\\\/www.instagram.com\\\/aztexeesti\\\/\",\"https:\\\/\\\/www.youtube.com\\\/@AZTEXEE\",\"https:\\\/\\\/www.pinterest.com\\\/aztex_eesti\\\/\",\"https:\\\/\\\/www.tiktok.com\\\/@aztexeesti\",\"https:\\\/\\\/www.trustpilot.com\\\/review\\\/aztex.ee\",\"https:\\\/\\\/www.linkedin.com\\\/company\\\/aztex-ee\\\/\",\"https:\\\/\\\/www.wikidata.org\\\/wiki\\\/Q137560182\"]}]}<\/script>\n<!-- \/ Yoast SEO plugin. -->","yoast_head_json":{"title":"Premium voodipesukomplekt 100% bambus | Helesinine | AZTEX","description":"Bambusest voodipesukomplektid on kvaliteetsed, pehmed ja hingavad tekstiiltooted, mis on valmistatud looduslikust bambuskiust. Need komplektid .....","robots":{"index":"index","follow":"follow","max-snippet":"max-snippet:-1","max-image-preview":"max-image-preview:large","max-video-preview":"max-video-preview:-1"},"canonical":"https:\/\/aztex.ee\/pl\/pood\/posciel-bambusowa\/premium-voodipesukomplekt-100-bambus-helesinine\/","og_locale":"pl_PL","og_type":"article","og_title":"Premium voodipesukomplekt 100% bambus | Helesinine | AZTEX","og_description":"Bambusest voodipesukomplektid on kvaliteetsed, pehmed ja hingavad tekstiiltooted, mis on valmistatud looduslikust bambuskiust. Need komplektid .....","og_url":"https:\/\/aztex.ee\/pl\/pood\/posciel-bambusowa\/premium-voodipesukomplekt-100-bambus-helesinine\/","og_site_name":"AZTEX","article_publisher":"https:\/\/www.facebook.com\/AztexEE","og_image":[{"width":800,"height":800,"url":"https:\/\/aztex.ee\/wp-content\/uploads\/2024\/09\/voodipesukomplekt-100-bambus-3.jpg","type":"image\/jpeg"}],"twitter_card":"summary_large_image","twitter_misc":{"Szacowany czas czytania":"1 minuta"},"schema":{"@context":"https:\/\/schema.org","@graph":[{"@type":["WebPage","ItemPage"],"@id":"https:\/\/aztex.ee\/pl\/pood\/posciel-bambusowa\/premium-voodipesukomplekt-100-bambus-helesinine\/","url":"https:\/\/aztex.ee\/pl\/pood\/posciel-bambusowa\/premium-voodipesukomplekt-100-bambus-helesinine\/","name":"Premium voodipesukomplekt 100% bambus | Helesinine | AZTEX","isPartOf":{"@id":"https:\/\/aztex.ee\/pl\/#website"},"primaryImageOfPage":{"@id":"https:\/\/aztex.ee\/pl\/pood\/posciel-bambusowa\/premium-voodipesukomplekt-100-bambus-helesinine\/#primaryimage"},"image":{"@id":"https:\/\/aztex.ee\/pl\/pood\/posciel-bambusowa\/premium-voodipesukomplekt-100-bambus-helesinine\/#primaryimage"},"thumbnailUrl":"https:\/\/aztex.ee\/wp-content\/uploads\/2024\/09\/voodipesukomplekt-100-bambus-3.jpg","datePublished":"2024-09-10T10:17:38+00:00","description":"Bambusest voodipesukomplektid on kvaliteetsed, pehmed ja hingavad tekstiiltooted, mis on valmistatud looduslikust bambuskiust. Need komplektid .....","breadcrumb":{"@id":"https:\/\/aztex.ee\/pl\/pood\/posciel-bambusowa\/premium-voodipesukomplekt-100-bambus-helesinine\/#breadcrumb"},"inLanguage":"pl-PL","potentialAction":[{"@type":"ReadAction","target":["https:\/\/aztex.ee\/pl\/pood\/posciel-bambusowa\/premium-voodipesukomplekt-100-bambus-helesinine\/"]}]},{"@type":"ImageObject","inLanguage":"pl-PL","@id":"https:\/\/aztex.ee\/pl\/pood\/posciel-bambusowa\/premium-voodipesukomplekt-100-bambus-helesinine\/#primaryimage","url":"https:\/\/aztex.ee\/wp-content\/uploads\/2024\/09\/voodipesukomplekt-100-bambus-3.jpg","contentUrl":"https:\/\/aztex.ee\/wp-content\/uploads\/2024\/09\/voodipesukomplekt-100-bambus-3.jpg","width":800,"height":800},{"@type":"BreadcrumbList","@id":"https:\/\/aztex.ee\/pl\/pood\/posciel-bambusowa\/premium-voodipesukomplekt-100-bambus-helesinine\/#breadcrumb","itemListElement":[{"@type":"ListItem","position":1,"name":"Strona g\u0142\u00f3wna","item":"https:\/\/aztex.ee\/pl\/"},{"@type":"ListItem","position":2,"name":"Sklep","item":"https:\/\/aztex.ee\/pl\/sklep\/"},{"@type":"ListItem","position":3,"name":"Premium voodipesukomplekt 100% bambus | Helesinine"}]},{"@type":"WebSite","@id":"https:\/\/aztex.ee\/pl\/#website","url":"https:\/\/aztex.ee\/pl\/","name":"AZTEX","description":"","publisher":{"@id":"https:\/\/aztex.ee\/pl\/#organization"},"potentialAction":[{"@type":"SearchAction","target":{"@type":"EntryPoint","urlTemplate":"https:\/\/aztex.ee\/pl\/?s={search_term_string}"},"query-input":{"@type":"PropertyValueSpecification","valueRequired":true,"valueName":"search_term_string"}}],"inLanguage":"pl-PL"},{"@type":"Organization","@id":"https:\/\/aztex.ee\/pl\/#organization","name":"AZTEX","url":"https:\/\/aztex.ee\/pl\/","logo":{"@type":"ImageObject","inLanguage":"pl-PL","@id":"https:\/\/aztex.ee\/pl\/#\/schema\/logo\/image\/","url":"https:\/\/aztex.ee\/wp-content\/uploads\/2026\/01\/AZTEX.png","contentUrl":"https:\/\/aztex.ee\/wp-content\/uploads\/2026\/01\/AZTEX.png","width":500,"height":500,"caption":"AZTEX"},"image":{"@id":"https:\/\/aztex.ee\/pl\/#\/schema\/logo\/image\/"},"sameAs":["https:\/\/www.facebook.com\/AztexEE","https:\/\/www.instagram.com\/aztexeesti\/","https:\/\/www.youtube.com\/@AZTEXEE","https:\/\/www.pinterest.com\/aztex_eesti\/","https:\/\/www.tiktok.com\/@aztexeesti","https:\/\/www.trustpilot.com\/review\/aztex.ee","https:\/\/www.linkedin.com\/company\/aztex-ee\/","https:\/\/www.wikidata.org\/wiki\/Q137560182"]}]}},"_links":{"self":[{"href":"https:\/\/aztex.ee\/pl\/wp-json\/wp\/v2\/product\/33832","targetHints":{"allow":["GET"]}}],"collection":[{"href":"https:\/\/aztex.ee\/pl\/wp-json\/wp\/v2\/product"}],"about":[{"href":"https:\/\/aztex.ee\/pl\/wp-json\/wp\/v2\/types\/product"}],"replies":[{"embeddable":true,"href":"https:\/\/aztex.ee\/pl\/wp-json\/wp\/v2\/comments?post=33832"}],"version-history":[{"count":0,"href":"https:\/\/aztex.ee\/pl\/wp-json\/wp\/v2\/product\/33832\/revisions"}],"wp:featuredmedia":[{"embeddable":true,"href":"https:\/\/aztex.ee\/pl\/wp-json\/wp\/v2\/media\/20438"}],"wp:attachment":[{"href":"https:\/\/aztex.ee\/pl\/wp-json\/wp\/v2\/media?parent=33832"}],"wp:term":[{"taxonomy":"product_brand","embeddable":true,"href":"https:\/\/aztex.ee\/pl\/wp-json\/wp\/v2\/product_brand?post=33832"},{"taxonomy":"product_cat","embeddable":true,"href":"https:\/\/aztex.ee\/pl\/wp-json\/wp\/v2\/product_cat?post=33832"},{"taxonomy":"product_tag","embeddable":true,"href":"https:\/\/aztex.ee\/pl\/wp-json\/wp\/v2\/product_tag?post=33832"}],"curies":[{"name":"wp","href":"https:\/\/api.w.org\/{rel}","templated":true}]}}