{"id":33796,"date":"2024-09-09T06:24:59","date_gmt":"2024-09-09T06:24:59","guid":{"rendered":"https:\/\/aztex.ee\/pood\/bez-kategorii\/premium-voodipesukomplekt-100-bambus-heleroosa\/"},"modified":"2025-07-04T21:30:52","modified_gmt":"2025-07-04T21:30:52","slug":"posciel-bambusowa-100-bambus-jasnorozowy","status":"publish","type":"product","link":"https:\/\/aztex.ee\/pl\/pood\/posciel-bambusowa\/posciel-bambusowa-100-bambus-jasnorozowy\/","title":{"rendered":"Po\u015bciel Bambusowa 100% Bambus | Jasnor\u00f3\u017cowy"},"content":{"rendered":"<p>Komplety po\u015bcieli bambusowej to wysokiej jako\u015bci, mi\u0119kkie i oddychaj\u0105ce produkty tekstylne wykonane z naturalnego w\u0142\u00f3kna bambusowego. Zestawy te s\u0105 specjalnie zaprojektowane, aby zapewni\u0107 u\u017cytkownikom komfortowy sen.W\u0142\u00f3kno bambusowe jest naturalnie oddychaj\u0105ce i ma zdolno\u015b\u0107 odprowadzania wilgoci, co zapobiega poceniu si\u0119 i pozwala d\u0142u\u017cej zachowa\u0107 czysto\u015b\u0107 i \u015bwie\u017co\u015b\u0107.<\/p>\n<p>Przyjazne dla \u015brodowiska i zr\u00f3wnowa\u017cone materia\u0142y s\u0105 zazwyczaj u\u017cywane w produkcji zestaw\u00f3w po\u015bcieli bambusowej. Ro\u015blina bambusa jest znana z szybkiego wzrostu i niskiego zu\u017cycia wody, co zmniejsza wp\u0142yw procesu produkcyjnego na \u015brodowisko. Ponadto w\u0142\u00f3kno bambusowe oferuje luksusowe uczucie dzi\u0119ki swojej mi\u0119kkiej fakturze i delikatnie dotyka sk\u00f3ry, nie szkodz\u0105c jej.<\/p>\n<p>Zestawy po\u015bcieli bambusowej maj\u0105 naturalne w\u0142a\u015bciwo\u015bci antybakteryjne i antyalergiczne, kt\u00f3re utrzymuj\u0105 higien\u0119 i zapewniaj\u0105 komfort podczas snu. S\u0105 znane ze swojego od\u015bwie\u017caj\u0105cego i ch\u0142odz\u0105cego efektu w warunkach gor\u0105cej pogody.<\/p>\n<p>Dzi\u0119ki temu komplety po\u015bcieli bambusowej s\u0105 przyjazne dla \u015brodowiska i komfortowe, zapewniaj\u0105c u\u017cytkownikom komfortowy sen.<\/p>\n","protected":false},"excerpt":{"rendered":"<p>Po\u015bciel bambusowa w 100% ekologicznie uprawiana jest hipoalergiczna i antybakteryjna.<\/p>\n<ul>\n<li>Kolor: Jasnor\u00f3\u017cowy<\/li>\n<li>Materia\u0142: 100% bambus<\/li>\n<li>Liczba nitek: 300TC<\/li>\n<li>Poszwa na ko\u0142dr\u0119: 200\u00d7220 cm<\/li>\n<li>Prze\u015bcierad\u0142o: 220\u00d7240 cm<\/li>\n<li>Poszewka na poduszk\u0119: 50\u00d770 cm (2 szt.)<\/li>\n<\/ul>\n<p>Hipoalergiczny i poch\u0142aniaj\u0105cy wilgo\u0107<br \/>\nIdealny wyb\u00f3r dla sk\u00f3ry wra\u017cliwej lub egzemy, zw\u0142aszcza dla os\u00f3b, kt\u00f3re maj\u0105 tendencj\u0119 do pocenia si\u0119 w nocy.<br \/>\nKomplety po\u015bcieli bambusowej zapakowane s\u0105 w woreczek wykonany z tej samej tkaniny.<\/p>\n<p><img loading=\"lazy\" decoding=\"async\" class=\"alignnone wp-image-20226\" src=\"https:\/\/aztex.ee\/wp-content\/uploads\/2024\/09\/oekotex100.png\" alt=\"\" width=\"196\" height=\"69\" srcset=\"https:\/\/aztex.ee\/wp-content\/uploads\/2024\/09\/oekotex100.png 204w, https:\/\/aztex.ee\/wp-content\/uploads\/2024\/09\/oekotex100-150x53.png 150w\" sizes=\"auto, (max-width: 196px) 100vw, 196px\" \/><img loading=\"lazy\" decoding=\"async\" class=\"alignnone wp-image-20260\" src=\"https:\/\/aztex.ee\/wp-content\/uploads\/2024\/09\/bambuuss.png\" alt=\"\" width=\"75\" height=\"75\" srcset=\"https:\/\/aztex.ee\/wp-content\/uploads\/2024\/09\/bambuuss.png 204w, https:\/\/aztex.ee\/wp-content\/uploads\/2024\/09\/bambuuss-150x150.png 150w\" sizes=\"auto, (max-width: 75px) 100vw, 75px\" \/><\/p>\n","protected":false},"featured_media":107000,"comment_status":"open","ping_status":"closed","template":"","meta":[],"product_brand":[],"product_cat":[637,685,636,683],"product_tag":[],"class_list":{"0":"post-33796","1":"product","2":"type-product","3":"status-publish","4":"has-post-thumbnail","6":"product_cat-komplet-poscieli-bambusowej","7":"product_cat-komplety-poscieli","8":"product_cat-posciel-bambusowa","9":"product_cat-posciele","11":"first","12":"instock","13":"sale","14":"shipping-taxable","15":"purchasable","16":"product-type-simple"},"yoast_head":"<!-- This site is optimized with the Yoast SEO plugin v27.3 - https:\/\/yoast.com\/product\/yoast-seo-wordpress\/ -->\n<title>Po\u015bciel Bambusowa 100% Bambus - Jasnor\u00f3\u017cowy | AZTEX<\/title>\n<meta name=\"description\" content=\"Komplety po\u015bcieli bambusowej to wysokiej jako\u015bci, mi\u0119kkie i oddychaj\u0105ce wyroby tekstylne wykonane z naturalnego w\u0142\u00f3kna bambusowego.\" \/>\n<meta name=\"robots\" content=\"index, follow, max-snippet:-1, max-image-preview:large, max-video-preview:-1\" \/>\n<link rel=\"canonical\" href=\"https:\/\/aztex.ee\/pl\/pood\/posciel-bambusowa\/posciel-bambusowa-100-bambus-jasnorozowy\/\" \/>\n<meta property=\"og:locale\" content=\"pl_PL\" \/>\n<meta property=\"og:type\" content=\"article\" \/>\n<meta property=\"og:title\" content=\"Po\u015bciel Bambusowa 100% Bambus - Jasnor\u00f3\u017cowy | AZTEX\" \/>\n<meta property=\"og:description\" content=\"Komplety po\u015bcieli bambusowej to wysokiej jako\u015bci, mi\u0119kkie i oddychaj\u0105ce wyroby tekstylne wykonane z naturalnego w\u0142\u00f3kna bambusowego.\" \/>\n<meta property=\"og:url\" content=\"https:\/\/aztex.ee\/pl\/pood\/posciel-bambusowa\/posciel-bambusowa-100-bambus-jasnorozowy\/\" \/>\n<meta property=\"og:site_name\" content=\"AZTEX\" \/>\n<meta property=\"article:publisher\" content=\"https:\/\/www.facebook.com\/AztexEE\" \/>\n<meta property=\"article:modified_time\" content=\"2025-07-04T21:30:52+00:00\" \/>\n<meta property=\"og:image\" content=\"https:\/\/aztex.ee\/wp-content\/uploads\/2024\/09\/voodipesukomplekt-100-bambus-1.jpg\" \/>\n\t<meta property=\"og:image:width\" content=\"800\" \/>\n\t<meta property=\"og:image:height\" content=\"800\" \/>\n\t<meta property=\"og:image:type\" content=\"image\/jpeg\" \/>\n<meta name=\"twitter:card\" content=\"summary_large_image\" \/>\n<meta name=\"twitter:label1\" content=\"Szacowany czas czytania\" \/>\n\t<meta name=\"twitter:data1\" content=\"1 minuta\" \/>\n<script type=\"application\/ld+json\" class=\"yoast-schema-graph\">{\"@context\":\"https:\\\/\\\/schema.org\",\"@graph\":[{\"@type\":[\"WebPage\",\"ItemPage\"],\"@id\":\"https:\\\/\\\/aztex.ee\\\/pl\\\/pood\\\/posciel-bambusowa\\\/posciel-bambusowa-100-bambus-jasnorozowy\\\/\",\"url\":\"https:\\\/\\\/aztex.ee\\\/pl\\\/pood\\\/posciel-bambusowa\\\/posciel-bambusowa-100-bambus-jasnorozowy\\\/\",\"name\":\"Po\u015bciel Bambusowa 100% Bambus - Jasnor\u00f3\u017cowy | AZTEX\",\"isPartOf\":{\"@id\":\"https:\\\/\\\/aztex.ee\\\/pl\\\/#website\"},\"primaryImageOfPage\":{\"@id\":\"https:\\\/\\\/aztex.ee\\\/pl\\\/pood\\\/posciel-bambusowa\\\/posciel-bambusowa-100-bambus-jasnorozowy\\\/#primaryimage\"},\"image\":{\"@id\":\"https:\\\/\\\/aztex.ee\\\/pl\\\/pood\\\/posciel-bambusowa\\\/posciel-bambusowa-100-bambus-jasnorozowy\\\/#primaryimage\"},\"thumbnailUrl\":\"https:\\\/\\\/aztex.ee\\\/wp-content\\\/uploads\\\/2024\\\/09\\\/voodipesukomplekt-bambus-Heleroosa.jpg\",\"datePublished\":\"2024-09-09T06:24:59+00:00\",\"dateModified\":\"2025-07-04T21:30:52+00:00\",\"description\":\"Komplety po\u015bcieli bambusowej to wysokiej jako\u015bci, mi\u0119kkie i oddychaj\u0105ce wyroby tekstylne wykonane z naturalnego w\u0142\u00f3kna bambusowego.\",\"breadcrumb\":{\"@id\":\"https:\\\/\\\/aztex.ee\\\/pl\\\/pood\\\/posciel-bambusowa\\\/posciel-bambusowa-100-bambus-jasnorozowy\\\/#breadcrumb\"},\"inLanguage\":\"pl-PL\",\"potentialAction\":[{\"@type\":\"ReadAction\",\"target\":[\"https:\\\/\\\/aztex.ee\\\/pl\\\/pood\\\/posciel-bambusowa\\\/posciel-bambusowa-100-bambus-jasnorozowy\\\/\"]}]},{\"@type\":\"ImageObject\",\"inLanguage\":\"pl-PL\",\"@id\":\"https:\\\/\\\/aztex.ee\\\/pl\\\/pood\\\/posciel-bambusowa\\\/posciel-bambusowa-100-bambus-jasnorozowy\\\/#primaryimage\",\"url\":\"https:\\\/\\\/aztex.ee\\\/wp-content\\\/uploads\\\/2024\\\/09\\\/voodipesukomplekt-bambus-Heleroosa.jpg\",\"contentUrl\":\"https:\\\/\\\/aztex.ee\\\/wp-content\\\/uploads\\\/2024\\\/09\\\/voodipesukomplekt-bambus-Heleroosa.jpg\",\"width\":800,\"height\":800,\"caption\":\"voodipesukomplekt bambus Heleroosa\"},{\"@type\":\"BreadcrumbList\",\"@id\":\"https:\\\/\\\/aztex.ee\\\/pl\\\/pood\\\/posciel-bambusowa\\\/posciel-bambusowa-100-bambus-jasnorozowy\\\/#breadcrumb\",\"itemListElement\":[{\"@type\":\"ListItem\",\"position\":1,\"name\":\"Strona g\u0142\u00f3wna\",\"item\":\"https:\\\/\\\/aztex.ee\\\/pl\\\/\"},{\"@type\":\"ListItem\",\"position\":2,\"name\":\"Sklep\",\"item\":\"https:\\\/\\\/aztex.ee\\\/pl\\\/sklep\\\/\"},{\"@type\":\"ListItem\",\"position\":3,\"name\":\"Po\u015bciel Bambusowa 100% Bambus | Jasnor\u00f3\u017cowy\"}]},{\"@type\":\"WebSite\",\"@id\":\"https:\\\/\\\/aztex.ee\\\/pl\\\/#website\",\"url\":\"https:\\\/\\\/aztex.ee\\\/pl\\\/\",\"name\":\"AZTEX\",\"description\":\"\",\"publisher\":{\"@id\":\"https:\\\/\\\/aztex.ee\\\/pl\\\/#organization\"},\"potentialAction\":[{\"@type\":\"SearchAction\",\"target\":{\"@type\":\"EntryPoint\",\"urlTemplate\":\"https:\\\/\\\/aztex.ee\\\/pl\\\/?s={search_term_string}\"},\"query-input\":{\"@type\":\"PropertyValueSpecification\",\"valueRequired\":true,\"valueName\":\"search_term_string\"}}],\"inLanguage\":\"pl-PL\"},{\"@type\":\"Organization\",\"@id\":\"https:\\\/\\\/aztex.ee\\\/pl\\\/#organization\",\"name\":\"AZTEX\",\"url\":\"https:\\\/\\\/aztex.ee\\\/pl\\\/\",\"logo\":{\"@type\":\"ImageObject\",\"inLanguage\":\"pl-PL\",\"@id\":\"https:\\\/\\\/aztex.ee\\\/pl\\\/#\\\/schema\\\/logo\\\/image\\\/\",\"url\":\"https:\\\/\\\/aztex.ee\\\/wp-content\\\/uploads\\\/2026\\\/01\\\/AZTEX.png\",\"contentUrl\":\"https:\\\/\\\/aztex.ee\\\/wp-content\\\/uploads\\\/2026\\\/01\\\/AZTEX.png\",\"width\":500,\"height\":500,\"caption\":\"AZTEX\"},\"image\":{\"@id\":\"https:\\\/\\\/aztex.ee\\\/pl\\\/#\\\/schema\\\/logo\\\/image\\\/\"},\"sameAs\":[\"https:\\\/\\\/www.facebook.com\\\/AztexEE\",\"https:\\\/\\\/www.instagram.com\\\/aztexeesti\\\/\",\"https:\\\/\\\/www.youtube.com\\\/@AZTEXEE\",\"https:\\\/\\\/www.pinterest.com\\\/aztex_eesti\\\/\",\"https:\\\/\\\/www.tiktok.com\\\/@aztexeesti\",\"https:\\\/\\\/www.trustpilot.com\\\/review\\\/aztex.ee\",\"https:\\\/\\\/www.linkedin.com\\\/company\\\/aztex-ee\\\/\",\"https:\\\/\\\/www.wikidata.org\\\/wiki\\\/Q137560182\"]}]}<\/script>\n<!-- \/ Yoast SEO plugin. -->","yoast_head_json":{"title":"Po\u015bciel Bambusowa 100% Bambus - Jasnor\u00f3\u017cowy | AZTEX","description":"Komplety po\u015bcieli bambusowej to wysokiej jako\u015bci, mi\u0119kkie i oddychaj\u0105ce wyroby tekstylne wykonane z naturalnego w\u0142\u00f3kna bambusowego.","robots":{"index":"index","follow":"follow","max-snippet":"max-snippet:-1","max-image-preview":"max-image-preview:large","max-video-preview":"max-video-preview:-1"},"canonical":"https:\/\/aztex.ee\/pl\/pood\/posciel-bambusowa\/posciel-bambusowa-100-bambus-jasnorozowy\/","og_locale":"pl_PL","og_type":"article","og_title":"Po\u015bciel Bambusowa 100% Bambus - Jasnor\u00f3\u017cowy | AZTEX","og_description":"Komplety po\u015bcieli bambusowej to wysokiej jako\u015bci, mi\u0119kkie i oddychaj\u0105ce wyroby tekstylne wykonane z naturalnego w\u0142\u00f3kna bambusowego.","og_url":"https:\/\/aztex.ee\/pl\/pood\/posciel-bambusowa\/posciel-bambusowa-100-bambus-jasnorozowy\/","og_site_name":"AZTEX","article_publisher":"https:\/\/www.facebook.com\/AztexEE","article_modified_time":"2025-07-04T21:30:52+00:00","og_image":[{"width":800,"height":800,"url":"https:\/\/aztex.ee\/wp-content\/uploads\/2024\/09\/voodipesukomplekt-100-bambus-1.jpg","type":"image\/jpeg"}],"twitter_card":"summary_large_image","twitter_misc":{"Szacowany czas czytania":"1 minuta"},"schema":{"@context":"https:\/\/schema.org","@graph":[{"@type":["WebPage","ItemPage"],"@id":"https:\/\/aztex.ee\/pl\/pood\/posciel-bambusowa\/posciel-bambusowa-100-bambus-jasnorozowy\/","url":"https:\/\/aztex.ee\/pl\/pood\/posciel-bambusowa\/posciel-bambusowa-100-bambus-jasnorozowy\/","name":"Po\u015bciel Bambusowa 100% Bambus - Jasnor\u00f3\u017cowy | AZTEX","isPartOf":{"@id":"https:\/\/aztex.ee\/pl\/#website"},"primaryImageOfPage":{"@id":"https:\/\/aztex.ee\/pl\/pood\/posciel-bambusowa\/posciel-bambusowa-100-bambus-jasnorozowy\/#primaryimage"},"image":{"@id":"https:\/\/aztex.ee\/pl\/pood\/posciel-bambusowa\/posciel-bambusowa-100-bambus-jasnorozowy\/#primaryimage"},"thumbnailUrl":"https:\/\/aztex.ee\/wp-content\/uploads\/2024\/09\/voodipesukomplekt-bambus-Heleroosa.jpg","datePublished":"2024-09-09T06:24:59+00:00","dateModified":"2025-07-04T21:30:52+00:00","description":"Komplety po\u015bcieli bambusowej to wysokiej jako\u015bci, mi\u0119kkie i oddychaj\u0105ce wyroby tekstylne wykonane z naturalnego w\u0142\u00f3kna bambusowego.","breadcrumb":{"@id":"https:\/\/aztex.ee\/pl\/pood\/posciel-bambusowa\/posciel-bambusowa-100-bambus-jasnorozowy\/#breadcrumb"},"inLanguage":"pl-PL","potentialAction":[{"@type":"ReadAction","target":["https:\/\/aztex.ee\/pl\/pood\/posciel-bambusowa\/posciel-bambusowa-100-bambus-jasnorozowy\/"]}]},{"@type":"ImageObject","inLanguage":"pl-PL","@id":"https:\/\/aztex.ee\/pl\/pood\/posciel-bambusowa\/posciel-bambusowa-100-bambus-jasnorozowy\/#primaryimage","url":"https:\/\/aztex.ee\/wp-content\/uploads\/2024\/09\/voodipesukomplekt-bambus-Heleroosa.jpg","contentUrl":"https:\/\/aztex.ee\/wp-content\/uploads\/2024\/09\/voodipesukomplekt-bambus-Heleroosa.jpg","width":800,"height":800,"caption":"voodipesukomplekt bambus Heleroosa"},{"@type":"BreadcrumbList","@id":"https:\/\/aztex.ee\/pl\/pood\/posciel-bambusowa\/posciel-bambusowa-100-bambus-jasnorozowy\/#breadcrumb","itemListElement":[{"@type":"ListItem","position":1,"name":"Strona g\u0142\u00f3wna","item":"https:\/\/aztex.ee\/pl\/"},{"@type":"ListItem","position":2,"name":"Sklep","item":"https:\/\/aztex.ee\/pl\/sklep\/"},{"@type":"ListItem","position":3,"name":"Po\u015bciel Bambusowa 100% Bambus | Jasnor\u00f3\u017cowy"}]},{"@type":"WebSite","@id":"https:\/\/aztex.ee\/pl\/#website","url":"https:\/\/aztex.ee\/pl\/","name":"AZTEX","description":"","publisher":{"@id":"https:\/\/aztex.ee\/pl\/#organization"},"potentialAction":[{"@type":"SearchAction","target":{"@type":"EntryPoint","urlTemplate":"https:\/\/aztex.ee\/pl\/?s={search_term_string}"},"query-input":{"@type":"PropertyValueSpecification","valueRequired":true,"valueName":"search_term_string"}}],"inLanguage":"pl-PL"},{"@type":"Organization","@id":"https:\/\/aztex.ee\/pl\/#organization","name":"AZTEX","url":"https:\/\/aztex.ee\/pl\/","logo":{"@type":"ImageObject","inLanguage":"pl-PL","@id":"https:\/\/aztex.ee\/pl\/#\/schema\/logo\/image\/","url":"https:\/\/aztex.ee\/wp-content\/uploads\/2026\/01\/AZTEX.png","contentUrl":"https:\/\/aztex.ee\/wp-content\/uploads\/2026\/01\/AZTEX.png","width":500,"height":500,"caption":"AZTEX"},"image":{"@id":"https:\/\/aztex.ee\/pl\/#\/schema\/logo\/image\/"},"sameAs":["https:\/\/www.facebook.com\/AztexEE","https:\/\/www.instagram.com\/aztexeesti\/","https:\/\/www.youtube.com\/@AZTEXEE","https:\/\/www.pinterest.com\/aztex_eesti\/","https:\/\/www.tiktok.com\/@aztexeesti","https:\/\/www.trustpilot.com\/review\/aztex.ee","https:\/\/www.linkedin.com\/company\/aztex-ee\/","https:\/\/www.wikidata.org\/wiki\/Q137560182"]}]}},"_links":{"self":[{"href":"https:\/\/aztex.ee\/pl\/wp-json\/wp\/v2\/product\/33796","targetHints":{"allow":["GET"]}}],"collection":[{"href":"https:\/\/aztex.ee\/pl\/wp-json\/wp\/v2\/product"}],"about":[{"href":"https:\/\/aztex.ee\/pl\/wp-json\/wp\/v2\/types\/product"}],"replies":[{"embeddable":true,"href":"https:\/\/aztex.ee\/pl\/wp-json\/wp\/v2\/comments?post=33796"}],"version-history":[{"count":0,"href":"https:\/\/aztex.ee\/pl\/wp-json\/wp\/v2\/product\/33796\/revisions"}],"wp:featuredmedia":[{"embeddable":true,"href":"https:\/\/aztex.ee\/pl\/wp-json\/wp\/v2\/media\/107000"}],"wp:attachment":[{"href":"https:\/\/aztex.ee\/pl\/wp-json\/wp\/v2\/media?parent=33796"}],"wp:term":[{"taxonomy":"product_brand","embeddable":true,"href":"https:\/\/aztex.ee\/pl\/wp-json\/wp\/v2\/product_brand?post=33796"},{"taxonomy":"product_cat","embeddable":true,"href":"https:\/\/aztex.ee\/pl\/wp-json\/wp\/v2\/product_cat?post=33796"},{"taxonomy":"product_tag","embeddable":true,"href":"https:\/\/aztex.ee\/pl\/wp-json\/wp\/v2\/product_tag?post=33796"}],"curies":[{"name":"wp","href":"https:\/\/api.w.org\/{rel}","templated":true}]}}