{"id":32159,"date":"2024-08-15T14:36:01","date_gmt":"2024-08-15T14:36:01","guid":{"rendered":"https:\/\/aztex.ee\/regulamin\/"},"modified":"2024-11-23T11:19:18","modified_gmt":"2024-11-23T11:19:18","slug":"regulamin","status":"publish","type":"page","link":"https:\/\/aztex.ee\/pl\/regulamin\/","title":{"rendered":"Regulamin"},"content":{"rendered":"\n<p>W\u0142a\u015bcicielem sklepu internetowego <strong>aztex.ee<\/strong> (zwanego dalej Sklepem Internetowym) jest <strong>Minu Baltic O\u00dc<\/strong> (kod rejestracyjny <strong>16809904<\/strong>), z siedzib\u0105 w powiecie Ida-Viru, parafia L\u00fcganuse, m. L\u00fcganuse, Papli tn 4-6, 43301<\/p>\n\n\n\n<ol class=\"wp-block-list\">\n<li><strong>Wa\u017cno\u015b\u0107 umowy sprzeda\u017cy, informacji o produkcie i cenie<\/strong><\/li>\n<\/ol>\n\n\n\n<p>Regulamin sprzeda\u017cy dotyczy zakupu towar\u00f3w w sklepie internetowym <strong>Minu Baltic O\u00dc<\/strong>. Ceny produkt\u00f3w sprzedawanych w sklepie internetowym podane s\u0105 przy produktach. Cena zawiera op\u0142at\u0119 za dostarczenie towaru, chyba \u017ce wskazano inaczej. Ceny produkt\u00f3w sprzedawanych w sklepie internetowym podawane s\u0105 w euro, w euro te\u017c dokonywana jest p\u0142atno\u015b\u0107. Informacje o produkcie podane s\u0105 w sklepie internetowym bezpo\u015brednio przy produkcie.<\/p>\n\n\n\n<ol start=\"2\" class=\"wp-block-list\">\n<li><strong>Tworzenie zam\u00f3wienia \/ mo\u017cliwo\u015bci p\u0142atno\u015bci<\/strong><\/li>\n<\/ol>\n\n\n\n<p>Aby zam\u00f3wi\u0107 towar nale\u017cy doda\u0107 \u017c\u0105dane produkty do koszyka. Aby zrealizowa\u0107 zam\u00f3wienie nale\u017cy wype\u0142ni\u0107 wymagane pola danych oraz wybra\u0107 odpowiedni spos\u00f3b dostawy produktu. Na ekranie wy\u015bwietla si\u0119 w\u00f3wczas wysoko\u015b\u0107 op\u0142aty, kt\u00f3r\u0105 mo\u017cna bezpiecznie ui\u015bci\u0107 nast\u0119puj\u0105cymi metodami p\u0142atno\u015bci:<\/p>\n\n\n\n<p>\u2013 Przelew bankowy;<\/p>\n\n\n\n<p>\u2013 linki do bank\u00f3w esto\u0144skich, \u0142otewskich, litewskich i fi\u0144skich;<\/p>\n\n\n\n<p>\u2013 P\u0142atno\u015b\u0107 kart\u0105 kredytow\u0105.<\/p>\n\n\n\n<p>Aby zap\u0142aci\u0107 za pomoc\u0105 linku bankowego, kliknij logo swojego banku macierzystego, a zostaniesz przekierowany na stron\u0119 banku internetowego, gdzie czeka na Ciebie wst\u0119pnie wype\u0142nione zlecenie p\u0142atnicze. Upewnij si\u0119, \u017ce kwota jest prawid\u0142owa i potwierd\u017a transakcj\u0119. W takim razie nie zapomnij klikn\u0105\u0107 przycisku \u201eWr\u00f3\u0107 do sprzedawcy\u201d \u2013 tylko w ten spos\u00f3b mo\u017cesz natychmiast otrzyma\u0107 wiadomo\u015b\u0107 z naszego systemu o pomy\u015blnym dokonaniu p\u0142atno\u015bci.<\/p>\n\n\n\n<p>Dane swojego konta bankowego wprowadzasz bezpo\u015brednio do systemu Centrum Kart Bankowych. Informacje zwi\u0105zane z Twoim kontem bankowym i p\u0142atno\u015bci\u0105 nie s\u0105 zapisywane, do przesy\u0142ania danych wykorzystywane jest bezpieczne po\u0142\u0105czenie SSL.<\/p>\n\n\n\n<p>Administratorem danych osobowych jest Minu Baltic O\u00dc, Minu Baltic O\u00dc przekazuje dane osobowe niezb\u0119dne do realizacji p\u0142atno\u015bci upowa\u017cnionemu podmiotowi przetwarzaj\u0105cemu Maksekeskus AS.<\/p>\n\n\n\n<p>Umowa wchodzi w \u017cycie z chwil\u0105 wp\u0142ywu kwoty do zap\u0142aty na rachunek bie\u017c\u0105cy sklepu internetowego.<\/p>\n\n\n\n<ol start=\"3\" class=\"wp-block-list\">\n<li><strong>Dostawa<\/strong><\/li>\n<\/ol>\n\n\n\n<p>Towar wysy\u0142any jest do kraj\u00f3w: Estonia oraz pozosta\u0142ych kraj\u00f3w europejskich wed\u0142ug ceny widocznej w koszyku oraz rodzaju transportu. Wysy\u0142ka do innych kraj\u00f3w i region\u00f3w na podstawie odr\u0119bnej umowy.<\/p>\n\n\n\n<p>Zakupione produkty podlegaj\u0105 op\u0142acie pocztowej (o ile nie zaznaczono inaczej), kt\u00f3r\u0105 pokrywa kupuj\u0105cy. Zam\u00f3wienia dostarczamy zgodnie z wybranym przez Pa\u0144stwa \u015brodkiem transportu. Twoje zam\u00f3wienie wy\u015blemy w ci\u0105gu 1-3 dni roboczych, po wp\u0142yni\u0119ciu kwoty za zam\u00f3wienie na rachunek bie\u017c\u0105cy Minu Baltic O\u00dc. W wyj\u0105tkowych przypadkach czas dostawy mo\u017ce si\u0119 wyd\u0142u\u017cy\u0107, o czym poinformujemy Ci\u0119 osobno.<\/p>\n\n\n\n<p>Je\u017celi dostawa zam\u00f3wionego towaru nie b\u0119dzie mo\u017cliwa ze wzgl\u0119du na koniec towaru lub z innego powodu, Kupuj\u0105cy zostanie o tym niezw\u0142ocznie poinformowany, a wp\u0142acone pieni\u0105dze (w tym koszty dostarczenia towaru) zostan\u0105 niezw\u0142ocznie zwr\u00f3cone, nie p\u00f3\u017aniej jednak ni\u017c w terminie 14 dni od dnia wys\u0142ania zawiadomienia.<\/p>\n\n\n\n<ol start=\"4\" class=\"wp-block-list\">\n<li><strong>Produkty i ich dost\u0119pno\u015b\u0107<\/strong><\/li>\n<\/ol>\n\n\n\n<p>Stale aktualizujemy asortyment. Mo\u017ce si\u0119 jednak zdarzy\u0107, \u017ce dost\u0119pno\u015b\u0107 produktu zako\u0144czy si\u0119 przed aktualizacj\u0105 katalogu produkt\u00f3w. W takim przypadku skontaktujemy si\u0119 z Tob\u0105 i po uzgodnieniu wymienimy produkt lub anulujemy zam\u00f3wienie. Je\u015bli zam\u00f3wienie zostanie anulowane z powodu braku towaru, zwr\u00f3cimy pieni\u0105dze w ci\u0105gu 7 dni roboczych.<\/p>\n\n\n\n<ol start=\"5\" class=\"wp-block-list\">\n<li><strong>Inne warunki<\/strong><\/li>\n<\/ol>\n\n\n\n<p>Zastrzegamy sobie prawo do zmiany i uzupe\u0142nienia cen oferowanych produkt\u00f3w. Zmiany w tym zakresie b\u0119d\u0105 obowi\u0105zywa\u0107 od chwili ich pojawienia si\u0119 w naszym sklepie internetowym.<\/p>\n\n\n\n<p>Sprzedawca nie odpowiada za wady produktu powsta\u0142e z winy kupuj\u0105cego lub je\u017celi wada powsta\u0142a na skutek nieprawid\u0142owego u\u017cytkowania produktu.<\/p>\n\n\n\n<p>Sprzedawca ma prawo odst\u0105pi\u0107 od zam\u00f3wienia w przypadku wyczerpania si\u0119 zapas\u00f3w zam\u00f3wionego towaru.<\/p>\n\n\n\n<p>Je\u017celi z powodu b\u0142\u0119du technicznego cena produktu oferowanego w sklepie internetowym uleg\u0142a zmianie\/sta\u0142a si\u0119 ra\u017c\u0105co tania w por\u00f3wnaniu z normaln\u0105 cen\u0105 rynkow\u0105 produktu, sprzedawca ma prawo odst\u0105pi\u0107 od transakcji sprzeda\u017cy produktu z b\u0142\u0119dn\u0105 cen\u0105 wynikaj\u0105c\u0105 z b\u0142\u0119du technicznego, pod warunkiem, \u017ce sprzedawca nie wys\u0142a\u0142 jeszcze produktu do kupuj\u0105cego.<\/p>\n\n\n\n<ol start=\"6\" class=\"wp-block-list\">\n<li><strong>Zg\u0142aszanie reklamacji i zwrot towaru<\/strong><\/li>\n<\/ol>\n\n\n\n<p>Na wszystkie produkty przys\u0142uguje termin zg\u0142aszania reklamacji zgodnie z \u00a7 218 Kodeksu Cywilnego. Dowodem zwrotu jest faktura zakupu. W przypadku produkt\u00f3w prosimy o dok\u0142adne przestrzeganie instrukcji u\u017cytkowania i konserwacji do\u0142\u0105czonych do produktu oraz odpowiednich instrukcji. Prawo do zg\u0142oszenia reklamacji nie przys\u0142uguje w przypadku, gdy brak towaru wynika z nieprawid\u0142owego u\u017cytkowania produktu lub uszkodzenia produktu. W celu zg\u0142oszenia reklamacji prosimy o przes\u0142anie dok\u0142adnego opisu wady, imienia i nazwiska osoby sk\u0142adaj\u0105cej zam\u00f3wienie, numeru telefonu kontaktowego oraz numeru zam\u00f3wienia na adres info@aztex.ee<\/p>\n\n\n\n<p>Prawo do zwrotu towaru wynosi 14 dni. Towar musi znajdowa\u0107 si\u0119 w oryginalnym opakowaniu, z oryginaln\u0105 faktur\u0105 i wszystkimi oznaczeniami. Towar nie mo\u017ce by\u0107 u\u017cywany. Po otrzymaniu o\u015bwiadczenia o odst\u0105pieniu od umowy przedsi\u0119biorca zwr\u00f3ci konsumentowi niezw\u0142ocznie, jednak nie p\u00f3\u017aniej ni\u017c w terminie 14 dni, wszystkie op\u0142aty otrzymane od konsumenta z tytu\u0142u umowy, w tym koszty dor\u0119czenia sprawy konsumenta. Je\u017celi konsument wyra\u017anie wybra\u0142 spos\u00f3b dostawy inny ni\u017c najta\u0144szy zwyk\u0142y spos\u00f3b dostawy oferowany przez przedsi\u0119biorc\u0119, przedsi\u0119biorca nie ma obowi\u0105zku zwrotu konsumentowi koszt\u00f3w przewy\u017cszaj\u0105cych koszt zwi\u0105zany ze zwyk\u0142ym sposobem dostawy (V\u00d5S \u00a7 492 ). Je\u017celi zwracany produkt zosta\u0142 otwarty lub w inny spos\u00f3b uszkodzony, towar nie podlega zwrotowi i uwa\u017ca si\u0119 go za u\u017cywany. Adres zwrotny i spos\u00f3b dostawy uzgadniamy ka\u017cdorazowo.<\/p>\n\n\n\n<p>W celu zwrotu towaru nale\u017cy z\u0142o\u017cy\u0107 wniosek o odst\u0105pienie od zakupu towaru, kt\u00f3rego wz\u00f3r znajdziesz tutaj: wniosek o odst\u0105pienie od umowy i przes\u0142a\u0107 go na adres e-mail info@aztex.ee<br>najp\u00f3\u017aniej w ci\u0105gu 14 dni od otrzymania towaru.<\/p>\n\n\n\n<p>Kupuj\u0105cy ponosi koszty zwrotu towaru, chyba \u017ce przyczyn\u0105 zwrotu jest niezgodno\u015b\u0107 towaru z zam\u00f3wionym (np. produkt niew\u0142a\u015bciwy lub wadliwy).<\/p>\n\n\n\n<p>Je\u017celi Klient nie odbierze zam\u00f3wienia z poczty\/paczkomatu w terminie przechowywania, zam\u00f3wienie zostanie zwr\u00f3cone do Minu Baltic O\u00dc. W celu otrzymania zam\u00f3wienia Klient zobowi\u0105zany jest zap\u0142aci\u0107 Minu Baltic O\u00dc koszt zwrotu i ponownego wydania przesy\u0142ki zgodnie z aktualnym cennikiem Omniva\/Itella Smartpost\/DPD. Pocz\u0105tkowy koszt transportu nie podlega zwrotowi w ramach wskazanego punktu.<\/p>\n\n\n\n<p>Us\u0142ugodawca odpowiada za niezgodno\u015bci lub wady sprzedanego towaru z warunkami umowy, kt\u00f3re ujawni\u0105 si\u0119 w ci\u0105gu dw\u00f3ch lat od wydania towaru konsumentowi. W ci\u0105gu pierwszych sze\u015bciu miesi\u0119cy od dostarczenia rzeczy kupuj\u0105cemu przyjmuje si\u0119, \u017ce wada istnia\u0142a ju\u017c w chwili dostarczenia rzeczy.<\/p>\n\n\n\n<p>Je\u017celi rzecz ma wad\u0119, konsument ma obowi\u0105zek najp\u00f3\u017aniej w ci\u0105gu dw\u00f3ch miesi\u0119cy poinformowa\u0107 o tym sprzedawc\u0119 lub zg\u0142osi\u0107 reklamacj\u0119 (V\u00d5S \u00a7 220 ust. 1).<\/p>\n\n\n\n<p>W przypadku stwierdzenia wady nale\u017cy natychmiast przerwa\u0107 u\u017cytkowanie produktu.<\/p>\n\n\n\n<p>Reklamacja musi zosta\u0107 z\u0142o\u017cona w formie umo\u017cliwiaj\u0105cej pisemne odtworzenie i musi zawiera\u0107:<\/p>\n\n\n\n<p>\u2013 imi\u0119 i nazwisko oraz dane kontaktowe konsumenta;<\/p>\n\n\n\n<p>\u2013 dat\u0119 z\u0142o\u017cenia reklamacji;<\/p>\n\n\n\n<p>\u2013 brak towar\u00f3w lub us\u0142ug;<\/p>\n\n\n\n<p>\u2013 roszczenie do przedsi\u0119biorcy;<\/p>\n\n\n\n<p>\u2013 do reklamacji nale\u017cy powo\u0142a\u0107 si\u0119 na dokument potwierdzaj\u0105cy dokonanie transakcji lub gwarancj\u0119 lub do\u0142\u0105czy\u0107 jej kopi\u0119.<\/p>\n\n\n\n<ol start=\"7\" class=\"wp-block-list\">\n<li><strong>Nieporozumienia<\/strong><\/li>\n<\/ol>\n\n\n\n<p>Wszelkie spory zostan\u0105 rozwi\u0105zane w drodze rozs\u0105dnych wzajemnych negocjacji. Je\u017celi strony nie osi\u0105gn\u0105 porozumienia, spory zostan\u0105 rozstrzygni\u0119te zgodnie z ustawodawstwem Republiki Esto\u0144skiej.<\/p>\n","protected":false},"excerpt":{"rendered":"<p>W\u0142a\u015bcicielem sklepu internetowego aztex.ee (zwanego dalej Sklepem Internetowym) jest Minu Baltic O\u00dc (kod rejestracyjny 16809904), z siedzib\u0105 w powiecie Ida-Viru,<\/p>\n","protected":false},"author":1,"featured_media":0,"parent":0,"menu_order":0,"comment_status":"closed","ping_status":"closed","template":"","meta":{"footnotes":""},"class_list":["post-32159","page","type-page","status-publish","hentry"],"yoast_head":"<!-- This site is optimized with the Yoast SEO plugin v27.4 - https:\/\/yoast.com\/product\/yoast-seo-wordpress\/ -->\n<title>Regulamin | AZTEX<\/title>\n<meta name=\"description\" content=\"W\u0142a\u015bcicielem sklepu internetowego aztex.ee (zwanego dalej Sklepem Internetowym) jest Minu Baltic O\u00dc (kod rejestracyjny 16809904), ....\" \/>\n<meta name=\"robots\" content=\"index, follow, max-snippet:-1, max-image-preview:large, max-video-preview:-1\" \/>\n<link rel=\"canonical\" href=\"https:\/\/aztex.ee\/pl\/regulamin\/\" \/>\n<meta property=\"og:locale\" content=\"pl_PL\" \/>\n<meta property=\"og:type\" content=\"article\" \/>\n<meta property=\"og:title\" content=\"Regulamin | AZTEX\" \/>\n<meta property=\"og:description\" content=\"W\u0142a\u015bcicielem sklepu internetowego aztex.ee (zwanego dalej Sklepem Internetowym) jest Minu Baltic O\u00dc (kod rejestracyjny 16809904), ....\" \/>\n<meta property=\"og:url\" content=\"https:\/\/aztex.ee\/pl\/regulamin\/\" \/>\n<meta property=\"og:site_name\" content=\"AZTEX\" \/>\n<meta property=\"article:publisher\" content=\"https:\/\/www.facebook.com\/AztexEE\" \/>\n<meta property=\"article:modified_time\" content=\"2024-11-23T11:19:18+00:00\" \/>\n<meta name=\"twitter:card\" content=\"summary_large_image\" \/>\n<meta name=\"twitter:label1\" content=\"Szacowany czas czytania\" \/>\n\t<meta name=\"twitter:data1\" content=\"6 minut\" \/>\n<script type=\"application\/ld+json\" class=\"yoast-schema-graph\">{\"@context\":\"https:\\\/\\\/schema.org\",\"@graph\":[{\"@type\":\"WebPage\",\"@id\":\"https:\\\/\\\/aztex.ee\\\/pl\\\/regulamin\\\/\",\"url\":\"https:\\\/\\\/aztex.ee\\\/pl\\\/regulamin\\\/\",\"name\":\"Regulamin | AZTEX\",\"isPartOf\":{\"@id\":\"https:\\\/\\\/aztex.ee\\\/pl\\\/#website\"},\"datePublished\":\"2024-08-15T14:36:01+00:00\",\"dateModified\":\"2024-11-23T11:19:18+00:00\",\"description\":\"W\u0142a\u015bcicielem sklepu internetowego aztex.ee (zwanego dalej Sklepem Internetowym) jest Minu Baltic O\u00dc (kod rejestracyjny 16809904), ....\",\"breadcrumb\":{\"@id\":\"https:\\\/\\\/aztex.ee\\\/pl\\\/regulamin\\\/#breadcrumb\"},\"inLanguage\":\"pl-PL\",\"potentialAction\":[{\"@type\":\"ReadAction\",\"target\":[\"https:\\\/\\\/aztex.ee\\\/pl\\\/regulamin\\\/\"]}]},{\"@type\":\"BreadcrumbList\",\"@id\":\"https:\\\/\\\/aztex.ee\\\/pl\\\/regulamin\\\/#breadcrumb\",\"itemListElement\":[{\"@type\":\"ListItem\",\"position\":1,\"name\":\"Strona g\u0142\u00f3wna\",\"item\":\"https:\\\/\\\/aztex.ee\\\/pl\\\/\"},{\"@type\":\"ListItem\",\"position\":2,\"name\":\"Regulamin\"}]},{\"@type\":\"WebSite\",\"@id\":\"https:\\\/\\\/aztex.ee\\\/pl\\\/#website\",\"url\":\"https:\\\/\\\/aztex.ee\\\/pl\\\/\",\"name\":\"AZTEX\",\"description\":\"\",\"publisher\":{\"@id\":\"https:\\\/\\\/aztex.ee\\\/pl\\\/#organization\"},\"potentialAction\":[{\"@type\":\"SearchAction\",\"target\":{\"@type\":\"EntryPoint\",\"urlTemplate\":\"https:\\\/\\\/aztex.ee\\\/pl\\\/?s={search_term_string}\"},\"query-input\":{\"@type\":\"PropertyValueSpecification\",\"valueRequired\":true,\"valueName\":\"search_term_string\"}}],\"inLanguage\":\"pl-PL\"},{\"@type\":\"Organization\",\"@id\":\"https:\\\/\\\/aztex.ee\\\/pl\\\/#organization\",\"name\":\"AZTEX\",\"url\":\"https:\\\/\\\/aztex.ee\\\/pl\\\/\",\"logo\":{\"@type\":\"ImageObject\",\"inLanguage\":\"pl-PL\",\"@id\":\"https:\\\/\\\/aztex.ee\\\/pl\\\/#\\\/schema\\\/logo\\\/image\\\/\",\"url\":\"https:\\\/\\\/aztex.ee\\\/wp-content\\\/uploads\\\/2026\\\/01\\\/AZTEX.png\",\"contentUrl\":\"https:\\\/\\\/aztex.ee\\\/wp-content\\\/uploads\\\/2026\\\/01\\\/AZTEX.png\",\"width\":500,\"height\":500,\"caption\":\"AZTEX\"},\"image\":{\"@id\":\"https:\\\/\\\/aztex.ee\\\/pl\\\/#\\\/schema\\\/logo\\\/image\\\/\"},\"sameAs\":[\"https:\\\/\\\/www.facebook.com\\\/AztexEE\",\"https:\\\/\\\/www.instagram.com\\\/aztexeesti\\\/\",\"https:\\\/\\\/www.youtube.com\\\/@AZTEXEE\",\"https:\\\/\\\/www.pinterest.com\\\/aztex_eesti\\\/\",\"https:\\\/\\\/www.tiktok.com\\\/@aztexeesti\",\"https:\\\/\\\/www.trustpilot.com\\\/review\\\/aztex.ee\",\"https:\\\/\\\/www.linkedin.com\\\/company\\\/aztex-ee\\\/\",\"https:\\\/\\\/www.wikidata.org\\\/wiki\\\/Q137560182\"]}]}<\/script>\n<!-- \/ Yoast SEO plugin. -->","yoast_head_json":{"title":"Regulamin | AZTEX","description":"W\u0142a\u015bcicielem sklepu internetowego aztex.ee (zwanego dalej Sklepem Internetowym) jest Minu Baltic O\u00dc (kod rejestracyjny 16809904), ....","robots":{"index":"index","follow":"follow","max-snippet":"max-snippet:-1","max-image-preview":"max-image-preview:large","max-video-preview":"max-video-preview:-1"},"canonical":"https:\/\/aztex.ee\/pl\/regulamin\/","og_locale":"pl_PL","og_type":"article","og_title":"Regulamin | AZTEX","og_description":"W\u0142a\u015bcicielem sklepu internetowego aztex.ee (zwanego dalej Sklepem Internetowym) jest Minu Baltic O\u00dc (kod rejestracyjny 16809904), ....","og_url":"https:\/\/aztex.ee\/pl\/regulamin\/","og_site_name":"AZTEX","article_publisher":"https:\/\/www.facebook.com\/AztexEE","article_modified_time":"2024-11-23T11:19:18+00:00","twitter_card":"summary_large_image","twitter_misc":{"Szacowany czas czytania":"6 minut"},"schema":{"@context":"https:\/\/schema.org","@graph":[{"@type":"WebPage","@id":"https:\/\/aztex.ee\/pl\/regulamin\/","url":"https:\/\/aztex.ee\/pl\/regulamin\/","name":"Regulamin | AZTEX","isPartOf":{"@id":"https:\/\/aztex.ee\/pl\/#website"},"datePublished":"2024-08-15T14:36:01+00:00","dateModified":"2024-11-23T11:19:18+00:00","description":"W\u0142a\u015bcicielem sklepu internetowego aztex.ee (zwanego dalej Sklepem Internetowym) jest Minu Baltic O\u00dc (kod rejestracyjny 16809904), ....","breadcrumb":{"@id":"https:\/\/aztex.ee\/pl\/regulamin\/#breadcrumb"},"inLanguage":"pl-PL","potentialAction":[{"@type":"ReadAction","target":["https:\/\/aztex.ee\/pl\/regulamin\/"]}]},{"@type":"BreadcrumbList","@id":"https:\/\/aztex.ee\/pl\/regulamin\/#breadcrumb","itemListElement":[{"@type":"ListItem","position":1,"name":"Strona g\u0142\u00f3wna","item":"https:\/\/aztex.ee\/pl\/"},{"@type":"ListItem","position":2,"name":"Regulamin"}]},{"@type":"WebSite","@id":"https:\/\/aztex.ee\/pl\/#website","url":"https:\/\/aztex.ee\/pl\/","name":"AZTEX","description":"","publisher":{"@id":"https:\/\/aztex.ee\/pl\/#organization"},"potentialAction":[{"@type":"SearchAction","target":{"@type":"EntryPoint","urlTemplate":"https:\/\/aztex.ee\/pl\/?s={search_term_string}"},"query-input":{"@type":"PropertyValueSpecification","valueRequired":true,"valueName":"search_term_string"}}],"inLanguage":"pl-PL"},{"@type":"Organization","@id":"https:\/\/aztex.ee\/pl\/#organization","name":"AZTEX","url":"https:\/\/aztex.ee\/pl\/","logo":{"@type":"ImageObject","inLanguage":"pl-PL","@id":"https:\/\/aztex.ee\/pl\/#\/schema\/logo\/image\/","url":"https:\/\/aztex.ee\/wp-content\/uploads\/2026\/01\/AZTEX.png","contentUrl":"https:\/\/aztex.ee\/wp-content\/uploads\/2026\/01\/AZTEX.png","width":500,"height":500,"caption":"AZTEX"},"image":{"@id":"https:\/\/aztex.ee\/pl\/#\/schema\/logo\/image\/"},"sameAs":["https:\/\/www.facebook.com\/AztexEE","https:\/\/www.instagram.com\/aztexeesti\/","https:\/\/www.youtube.com\/@AZTEXEE","https:\/\/www.pinterest.com\/aztex_eesti\/","https:\/\/www.tiktok.com\/@aztexeesti","https:\/\/www.trustpilot.com\/review\/aztex.ee","https:\/\/www.linkedin.com\/company\/aztex-ee\/","https:\/\/www.wikidata.org\/wiki\/Q137560182"]}]}},"_links":{"self":[{"href":"https:\/\/aztex.ee\/pl\/wp-json\/wp\/v2\/pages\/32159","targetHints":{"allow":["GET"]}}],"collection":[{"href":"https:\/\/aztex.ee\/pl\/wp-json\/wp\/v2\/pages"}],"about":[{"href":"https:\/\/aztex.ee\/pl\/wp-json\/wp\/v2\/types\/page"}],"author":[{"embeddable":true,"href":"https:\/\/aztex.ee\/pl\/wp-json\/wp\/v2\/users\/1"}],"replies":[{"embeddable":true,"href":"https:\/\/aztex.ee\/pl\/wp-json\/wp\/v2\/comments?post=32159"}],"version-history":[{"count":0,"href":"https:\/\/aztex.ee\/pl\/wp-json\/wp\/v2\/pages\/32159\/revisions"}],"wp:attachment":[{"href":"https:\/\/aztex.ee\/pl\/wp-json\/wp\/v2\/media?parent=32159"}],"curies":[{"name":"wp","href":"https:\/\/api.w.org\/{rel}","templated":true}]}}