{"id":32143,"date":"2024-08-15T14:44:36","date_gmt":"2024-08-15T14:44:36","guid":{"rendered":"https:\/\/aztex.ee\/info\/"},"modified":"2024-11-22T18:07:57","modified_gmt":"2024-11-22T18:07:57","slug":"o-nas","status":"publish","type":"page","link":"https:\/\/aztex.ee\/pl\/o-nas\/","title":{"rendered":"O nas"},"content":{"rendered":"\n<p><strong>AZTEX<\/strong> \u2013 jako\u015b\u0107, wygoda i elegancja w codziennym \u017cyciu<\/p>\n\n\n\n<p>Witamy w cudownym \u015bwiecie <strong>AZTEX<\/strong>, gdzie tworzymy dom, o jakim zawsze marzy\u0142e\u015b! Z dum\u0105 przedstawiamy Ci nasz\u0105 firm\u0119, kt\u00f3ra zajmuje si\u0119 sprzeda\u017c\u0105 wysokiej jako\u015bci produkt\u00f3w tekstylnych.<\/p>\n\n\n\n<p>Nasz wyb\u00f3r koc\u00f3w, koc\u00f3w dzieci\u0119cych, r\u0119cznik\u00f3w i zestaw\u00f3w po\u015bcielowych jest bogaty i r\u00f3\u017cnorodny, a wszystkie nasze produkty maj\u0105 jedn\u0105 wsp\u00f3ln\u0105 cech\u0119 \u2013 jako\u015b\u0107. Koce zapewniaj\u0105 ciep\u0142o w ch\u0142odne noce, jednocze\u015bnie dodaj\u0105c koloru i stylu Twojej sypialni. Koce dla dzieci s\u0105 przyjemne i mi\u0119kkie, zapewniaj\u0105c im komfort, kt\u00f3rego potrzebuj\u0105, aby czu\u0107 si\u0119 jak najlepiej. R\u0119czniki s\u0105 mi\u0119kkie i bardzo ch\u0142onne, dzi\u0119ki czemu ka\u017cda poranna i wieczorna rutyna staje si\u0119 szcz\u0119\u015bliwym momentem. Zestawy po\u015bcieli tworz\u0105 wyj\u0105tkow\u0105 atmosfer\u0119 w Twojej sypialni, b\u0119d\u0105c jednocze\u015bnie mi\u0119kkimi i trwa\u0142ymi.<\/p>\n\n\n\n<p>Misj\u0105 <strong>AZTEX<\/strong> jest oferowanie Ci czego\u015b wi\u0119cej ni\u017c tylko produkt\u00f3w tekstylnych. Chcemy wnie\u015b\u0107 do Twojego \u017cycia komfort, ciep\u0142o i styl. Chcemy pom\u00f3c Ci stworzy\u0107 dom, kt\u00f3ry jest odzwierciedleniem Twojej osobowo\u015bci i gustu, w kt\u00f3rym zawsze b\u0119dziesz czu\u0107 si\u0119 mile widziany i komfortowo.<\/p>\n\n\n\n<p>Opr\u00f3cz naszych produkt\u00f3w, mamy r\u00f3wnie\u017c pomocny zesp\u00f3\u0142, kt\u00f3ry jest zawsze gotowy pom\u00f3c i doradzi\u0107. Jeste\u015bmy tutaj, aby podzieli\u0107 si\u0119 z Tob\u0105 nasz\u0105 wiedz\u0105 i do\u015bwiadczeniem, aby pom\u00f3c Ci znale\u017a\u0107 idealne produkty tekstylne, kt\u00f3re spe\u0142ni\u0105 Twoje potrzeby i pragnienia.<\/p>\n\n\n\n<p>Jeste\u015bmy wdzi\u0119czni, \u017ce wybra\u0142e\u015b nas jako swojego partnera w dekorowaniu domu i obiecujemy, \u017ce nadal b\u0119dziemy przekracza\u0107 Twoje oczekiwania w ka\u017cdej dziedzinie. Dzi\u0119kujemy, \u017ce jeste\u015b cz\u0119\u015bci\u0105 naszej rodziny i pozwalasz nam by\u0107 cz\u0119\u015bci\u0105 Twojego domu.<\/p>\n","protected":false},"excerpt":{"rendered":"<p>AZTEX \u2013 jako\u015b\u0107, wygoda i elegancja w codziennym \u017cyciu Witamy w cudownym \u015bwiecie AZTEX, gdzie tworzymy dom, o jakim zawsze<\/p>\n","protected":false},"author":1,"featured_media":0,"parent":0,"menu_order":0,"comment_status":"closed","ping_status":"closed","template":"","meta":{"footnotes":""},"class_list":["post-32143","page","type-page","status-publish","hentry"],"yoast_head":"<!-- This site is optimized with the Yoast SEO plugin v27.3 - https:\/\/yoast.com\/product\/yoast-seo-wordpress\/ -->\n<title>O nas | AZTEX<\/title>\n<meta name=\"description\" content=\"Nasz wyb\u00f3r koc\u00f3w, koc\u00f3w dzieci\u0119cych, r\u0119cznik\u00f3w i zestaw\u00f3w po\u015bcielowych jest bogaty i r\u00f3\u017cnorodny, a wszystkie nasze produkty maj\u0105 jedn\u0105 ...\" \/>\n<meta name=\"robots\" content=\"index, follow, max-snippet:-1, max-image-preview:large, max-video-preview:-1\" \/>\n<link rel=\"canonical\" href=\"https:\/\/aztex.ee\/pl\/o-nas\/\" \/>\n<meta property=\"og:locale\" content=\"pl_PL\" \/>\n<meta property=\"og:type\" content=\"article\" \/>\n<meta property=\"og:title\" content=\"O nas | AZTEX\" \/>\n<meta property=\"og:description\" content=\"Nasz wyb\u00f3r koc\u00f3w, koc\u00f3w dzieci\u0119cych, r\u0119cznik\u00f3w i zestaw\u00f3w po\u015bcielowych jest bogaty i r\u00f3\u017cnorodny, a wszystkie nasze produkty maj\u0105 jedn\u0105 ...\" \/>\n<meta property=\"og:url\" content=\"https:\/\/aztex.ee\/pl\/o-nas\/\" \/>\n<meta property=\"og:site_name\" content=\"AZTEX\" \/>\n<meta property=\"article:publisher\" content=\"https:\/\/www.facebook.com\/AztexEE\" \/>\n<meta property=\"article:modified_time\" content=\"2024-11-22T18:07:57+00:00\" \/>\n<meta name=\"twitter:card\" content=\"summary_large_image\" \/>\n<meta name=\"twitter:label1\" content=\"Szacowany czas czytania\" \/>\n\t<meta name=\"twitter:data1\" content=\"2 minuty\" \/>\n<script type=\"application\/ld+json\" class=\"yoast-schema-graph\">{\"@context\":\"https:\\\/\\\/schema.org\",\"@graph\":[{\"@type\":\"WebPage\",\"@id\":\"https:\\\/\\\/aztex.ee\\\/pl\\\/o-nas\\\/\",\"url\":\"https:\\\/\\\/aztex.ee\\\/pl\\\/o-nas\\\/\",\"name\":\"O nas | AZTEX\",\"isPartOf\":{\"@id\":\"https:\\\/\\\/aztex.ee\\\/pl\\\/#website\"},\"datePublished\":\"2024-08-15T14:44:36+00:00\",\"dateModified\":\"2024-11-22T18:07:57+00:00\",\"description\":\"Nasz wyb\u00f3r koc\u00f3w, koc\u00f3w dzieci\u0119cych, r\u0119cznik\u00f3w i zestaw\u00f3w po\u015bcielowych jest bogaty i r\u00f3\u017cnorodny, a wszystkie nasze produkty maj\u0105 jedn\u0105 ...\",\"breadcrumb\":{\"@id\":\"https:\\\/\\\/aztex.ee\\\/pl\\\/o-nas\\\/#breadcrumb\"},\"inLanguage\":\"pl-PL\",\"potentialAction\":[{\"@type\":\"ReadAction\",\"target\":[\"https:\\\/\\\/aztex.ee\\\/pl\\\/o-nas\\\/\"]}]},{\"@type\":\"BreadcrumbList\",\"@id\":\"https:\\\/\\\/aztex.ee\\\/pl\\\/o-nas\\\/#breadcrumb\",\"itemListElement\":[{\"@type\":\"ListItem\",\"position\":1,\"name\":\"Strona g\u0142\u00f3wna\",\"item\":\"https:\\\/\\\/aztex.ee\\\/pl\\\/\"},{\"@type\":\"ListItem\",\"position\":2,\"name\":\"O nas\"}]},{\"@type\":\"WebSite\",\"@id\":\"https:\\\/\\\/aztex.ee\\\/pl\\\/#website\",\"url\":\"https:\\\/\\\/aztex.ee\\\/pl\\\/\",\"name\":\"AZTEX\",\"description\":\"\",\"publisher\":{\"@id\":\"https:\\\/\\\/aztex.ee\\\/pl\\\/#organization\"},\"potentialAction\":[{\"@type\":\"SearchAction\",\"target\":{\"@type\":\"EntryPoint\",\"urlTemplate\":\"https:\\\/\\\/aztex.ee\\\/pl\\\/?s={search_term_string}\"},\"query-input\":{\"@type\":\"PropertyValueSpecification\",\"valueRequired\":true,\"valueName\":\"search_term_string\"}}],\"inLanguage\":\"pl-PL\"},{\"@type\":\"Organization\",\"@id\":\"https:\\\/\\\/aztex.ee\\\/pl\\\/#organization\",\"name\":\"AZTEX\",\"url\":\"https:\\\/\\\/aztex.ee\\\/pl\\\/\",\"logo\":{\"@type\":\"ImageObject\",\"inLanguage\":\"pl-PL\",\"@id\":\"https:\\\/\\\/aztex.ee\\\/pl\\\/#\\\/schema\\\/logo\\\/image\\\/\",\"url\":\"https:\\\/\\\/aztex.ee\\\/wp-content\\\/uploads\\\/2026\\\/01\\\/AZTEX.png\",\"contentUrl\":\"https:\\\/\\\/aztex.ee\\\/wp-content\\\/uploads\\\/2026\\\/01\\\/AZTEX.png\",\"width\":500,\"height\":500,\"caption\":\"AZTEX\"},\"image\":{\"@id\":\"https:\\\/\\\/aztex.ee\\\/pl\\\/#\\\/schema\\\/logo\\\/image\\\/\"},\"sameAs\":[\"https:\\\/\\\/www.facebook.com\\\/AztexEE\",\"https:\\\/\\\/www.instagram.com\\\/aztexeesti\\\/\",\"https:\\\/\\\/www.youtube.com\\\/@AZTEXEE\",\"https:\\\/\\\/www.pinterest.com\\\/aztex_eesti\\\/\",\"https:\\\/\\\/www.tiktok.com\\\/@aztexeesti\",\"https:\\\/\\\/www.trustpilot.com\\\/review\\\/aztex.ee\",\"https:\\\/\\\/www.linkedin.com\\\/company\\\/aztex-ee\\\/\",\"https:\\\/\\\/www.wikidata.org\\\/wiki\\\/Q137560182\"]}]}<\/script>\n<!-- \/ Yoast SEO plugin. -->","yoast_head_json":{"title":"O nas | AZTEX","description":"Nasz wyb\u00f3r koc\u00f3w, koc\u00f3w dzieci\u0119cych, r\u0119cznik\u00f3w i zestaw\u00f3w po\u015bcielowych jest bogaty i r\u00f3\u017cnorodny, a wszystkie nasze produkty maj\u0105 jedn\u0105 ...","robots":{"index":"index","follow":"follow","max-snippet":"max-snippet:-1","max-image-preview":"max-image-preview:large","max-video-preview":"max-video-preview:-1"},"canonical":"https:\/\/aztex.ee\/pl\/o-nas\/","og_locale":"pl_PL","og_type":"article","og_title":"O nas | AZTEX","og_description":"Nasz wyb\u00f3r koc\u00f3w, koc\u00f3w dzieci\u0119cych, r\u0119cznik\u00f3w i zestaw\u00f3w po\u015bcielowych jest bogaty i r\u00f3\u017cnorodny, a wszystkie nasze produkty maj\u0105 jedn\u0105 ...","og_url":"https:\/\/aztex.ee\/pl\/o-nas\/","og_site_name":"AZTEX","article_publisher":"https:\/\/www.facebook.com\/AztexEE","article_modified_time":"2024-11-22T18:07:57+00:00","twitter_card":"summary_large_image","twitter_misc":{"Szacowany czas czytania":"2 minuty"},"schema":{"@context":"https:\/\/schema.org","@graph":[{"@type":"WebPage","@id":"https:\/\/aztex.ee\/pl\/o-nas\/","url":"https:\/\/aztex.ee\/pl\/o-nas\/","name":"O nas | AZTEX","isPartOf":{"@id":"https:\/\/aztex.ee\/pl\/#website"},"datePublished":"2024-08-15T14:44:36+00:00","dateModified":"2024-11-22T18:07:57+00:00","description":"Nasz wyb\u00f3r koc\u00f3w, koc\u00f3w dzieci\u0119cych, r\u0119cznik\u00f3w i zestaw\u00f3w po\u015bcielowych jest bogaty i r\u00f3\u017cnorodny, a wszystkie nasze produkty maj\u0105 jedn\u0105 ...","breadcrumb":{"@id":"https:\/\/aztex.ee\/pl\/o-nas\/#breadcrumb"},"inLanguage":"pl-PL","potentialAction":[{"@type":"ReadAction","target":["https:\/\/aztex.ee\/pl\/o-nas\/"]}]},{"@type":"BreadcrumbList","@id":"https:\/\/aztex.ee\/pl\/o-nas\/#breadcrumb","itemListElement":[{"@type":"ListItem","position":1,"name":"Strona g\u0142\u00f3wna","item":"https:\/\/aztex.ee\/pl\/"},{"@type":"ListItem","position":2,"name":"O nas"}]},{"@type":"WebSite","@id":"https:\/\/aztex.ee\/pl\/#website","url":"https:\/\/aztex.ee\/pl\/","name":"AZTEX","description":"","publisher":{"@id":"https:\/\/aztex.ee\/pl\/#organization"},"potentialAction":[{"@type":"SearchAction","target":{"@type":"EntryPoint","urlTemplate":"https:\/\/aztex.ee\/pl\/?s={search_term_string}"},"query-input":{"@type":"PropertyValueSpecification","valueRequired":true,"valueName":"search_term_string"}}],"inLanguage":"pl-PL"},{"@type":"Organization","@id":"https:\/\/aztex.ee\/pl\/#organization","name":"AZTEX","url":"https:\/\/aztex.ee\/pl\/","logo":{"@type":"ImageObject","inLanguage":"pl-PL","@id":"https:\/\/aztex.ee\/pl\/#\/schema\/logo\/image\/","url":"https:\/\/aztex.ee\/wp-content\/uploads\/2026\/01\/AZTEX.png","contentUrl":"https:\/\/aztex.ee\/wp-content\/uploads\/2026\/01\/AZTEX.png","width":500,"height":500,"caption":"AZTEX"},"image":{"@id":"https:\/\/aztex.ee\/pl\/#\/schema\/logo\/image\/"},"sameAs":["https:\/\/www.facebook.com\/AztexEE","https:\/\/www.instagram.com\/aztexeesti\/","https:\/\/www.youtube.com\/@AZTEXEE","https:\/\/www.pinterest.com\/aztex_eesti\/","https:\/\/www.tiktok.com\/@aztexeesti","https:\/\/www.trustpilot.com\/review\/aztex.ee","https:\/\/www.linkedin.com\/company\/aztex-ee\/","https:\/\/www.wikidata.org\/wiki\/Q137560182"]}]}},"_links":{"self":[{"href":"https:\/\/aztex.ee\/pl\/wp-json\/wp\/v2\/pages\/32143","targetHints":{"allow":["GET"]}}],"collection":[{"href":"https:\/\/aztex.ee\/pl\/wp-json\/wp\/v2\/pages"}],"about":[{"href":"https:\/\/aztex.ee\/pl\/wp-json\/wp\/v2\/types\/page"}],"author":[{"embeddable":true,"href":"https:\/\/aztex.ee\/pl\/wp-json\/wp\/v2\/users\/1"}],"replies":[{"embeddable":true,"href":"https:\/\/aztex.ee\/pl\/wp-json\/wp\/v2\/comments?post=32143"}],"version-history":[{"count":0,"href":"https:\/\/aztex.ee\/pl\/wp-json\/wp\/v2\/pages\/32143\/revisions"}],"wp:attachment":[{"href":"https:\/\/aztex.ee\/pl\/wp-json\/wp\/v2\/media?parent=32143"}],"curies":[{"name":"wp","href":"https:\/\/api.w.org\/{rel}","templated":true}]}}