{"id":95339,"date":"2025-10-07T06:07:07","date_gmt":"2025-10-07T06:07:07","guid":{"rendered":"https:\/\/aztex.ee\/?post_type=product&#038;p=95339"},"modified":"2026-04-12T12:51:09","modified_gmt":"2026-04-12T12:51:09","slug":"sengesett-bomull-sateng-perlehagen","status":"publish","type":"product","link":"https:\/\/aztex.ee\/no\/pood\/sengetoy\/sengesett-bomull-sateng-perlehagen\/","title":{"rendered":"Sengesett bomull sateng | Perlehagen"},"content":{"rendered":"<p>Sengesett i bomullsateng gir mykhet og komfort til soverommet ditt. Den kombinerer naturligheten til bomull med glattheten til sateng, og tilbyr et pustende og hudvennlig materiale som er ideelt for daglig bruk. Stoffet er slitesterkt og lettstelt, og beholder sin mykhet selv etter flere vask. Senget\u00f8y i bomullsateng er et godt valg hvis du verdsetter kvalitetss\u00f8vn og en behagelig ber\u00f8ring om natten.<\/p>\n","protected":false},"excerpt":{"rendered":"<p>Sengesett i bomullsateng sikrer komfort og kvalitetss\u00f8vn.<\/p>\n<ul>\n<li>Materiale: 100% bomull<\/li>\n<li>Stoff: Satin<\/li>\n<li>Tr\u00e5dtall: 300 TC<\/li>\n<li>Dynetrekk: 200\u00d7220 cm<\/li>\n<li>Putetrekk: 50\u00d775 cm (2stk)<\/li>\n<li>Laken: Ikke inkludert<\/li>\n<li>Komfort: Pustende og myk tekstur<\/li>\n<\/ul>\n<p><img loading=\"lazy\" decoding=\"async\" class=\"alignnone size-full wp-image-25960\" src=\"https:\/\/aztex.ee\/wp-content\/uploads\/2024\/09\/cotton87.png\" alt=\"\" width=\"188\" height=\"71\" srcset=\"https:\/\/aztex.ee\/wp-content\/uploads\/2024\/09\/cotton87.png 188w, https:\/\/aztex.ee\/wp-content\/uploads\/2024\/09\/cotton87-150x57.png 150w\" sizes=\"auto, (max-width: 188px) 100vw, 188px\" \/><\/p>\n","protected":false},"featured_media":95361,"comment_status":"open","ping_status":"closed","template":"","meta":[],"product_brand":[],"product_cat":[169,604,387,292,133,503],"product_tag":[],"class_list":{"0":"post-95339","1":"product","2":"type-product","3":"status-publish","4":"has-post-thumbnail","6":"product_cat-bomull-sengetoy","7":"product_cat-sateng-sengesett","8":"product_cat-sateng-sengetoy","9":"product_cat-sengesett-i-bomull-200-220","10":"product_cat-sengetoy","11":"product_cat-sengetoysett","13":"first","14":"instock","15":"shipping-taxable","16":"purchasable","17":"product-type-simple"},"yoast_head":"<!-- This site is optimized with the Yoast SEO plugin v27.3 - https:\/\/yoast.com\/product\/yoast-seo-wordpress\/ -->\n<title>200x220 Sengesett Bomullssateng - Perlehagen | AZTEX<\/title>\n<meta name=\"description\" content=\"Sengesett 200x220 - luksuri\u00f8st senget\u00f8y i bomullssateng. Laget av 100% bomullssateng av h\u00f8y kvalitet for \u00e5 sikre komfortabel s\u00f8vn og et elegant soverom.\" \/>\n<meta name=\"robots\" content=\"index, follow, max-snippet:-1, max-image-preview:large, max-video-preview:-1\" \/>\n<link rel=\"canonical\" href=\"https:\/\/aztex.ee\/no\/pood\/sengetoy\/sengesett-bomull-sateng-perlehagen\/\" \/>\n<meta property=\"og:locale\" content=\"nb_NO\" \/>\n<meta property=\"og:type\" content=\"article\" \/>\n<meta property=\"og:title\" content=\"200x220 Sengesett Bomullssateng - Perlehagen | AZTEX\" \/>\n<meta property=\"og:description\" content=\"Sengesett 200x220 - luksuri\u00f8st senget\u00f8y i bomullssateng. Laget av 100% bomullssateng av h\u00f8y kvalitet for \u00e5 sikre komfortabel s\u00f8vn og et elegant soverom.\" \/>\n<meta property=\"og:url\" content=\"https:\/\/aztex.ee\/no\/pood\/sengetoy\/sengesett-bomull-sateng-perlehagen\/\" \/>\n<meta property=\"og:site_name\" content=\"AZTEX\" \/>\n<meta property=\"article:publisher\" content=\"https:\/\/www.facebook.com\/AztexEE\" \/>\n<meta property=\"article:modified_time\" content=\"2026-04-12T12:51:09+00:00\" \/>\n<meta property=\"og:image\" content=\"https:\/\/aztex.ee\/wp-content\/uploads\/2025\/10\/Voodipesukomplekt-200x220-Parliaed.jpg\" \/>\n\t<meta property=\"og:image:width\" content=\"800\" \/>\n\t<meta property=\"og:image:height\" content=\"800\" \/>\n\t<meta property=\"og:image:type\" content=\"image\/jpeg\" \/>\n<meta name=\"twitter:card\" content=\"summary_large_image\" \/>\n<meta name=\"twitter:label1\" content=\"Ansl. lesetid\" \/>\n\t<meta name=\"twitter:data1\" content=\"1 minutt\" \/>\n<script type=\"application\/ld+json\" class=\"yoast-schema-graph\">{\"@context\":\"https:\\\/\\\/schema.org\",\"@graph\":[{\"@type\":[\"WebPage\",\"ItemPage\"],\"@id\":\"https:\\\/\\\/aztex.ee\\\/no\\\/pood\\\/sengetoy\\\/sengesett-bomull-sateng-perlehagen\\\/\",\"url\":\"https:\\\/\\\/aztex.ee\\\/no\\\/pood\\\/sengetoy\\\/sengesett-bomull-sateng-perlehagen\\\/\",\"name\":\"200x220 Sengesett Bomullssateng - Perlehagen | AZTEX\",\"isPartOf\":{\"@id\":\"https:\\\/\\\/aztex.ee\\\/no\\\/#website\"},\"primaryImageOfPage\":{\"@id\":\"https:\\\/\\\/aztex.ee\\\/no\\\/pood\\\/sengetoy\\\/sengesett-bomull-sateng-perlehagen\\\/#primaryimage\"},\"image\":{\"@id\":\"https:\\\/\\\/aztex.ee\\\/no\\\/pood\\\/sengetoy\\\/sengesett-bomull-sateng-perlehagen\\\/#primaryimage\"},\"thumbnailUrl\":\"https:\\\/\\\/aztex.ee\\\/wp-content\\\/uploads\\\/2025\\\/10\\\/Voodipesukomplekt-200x220-Parliaed.jpg\",\"datePublished\":\"2025-10-07T06:07:07+00:00\",\"dateModified\":\"2026-04-12T12:51:09+00:00\",\"description\":\"Sengesett 200x220 - luksuri\u00f8st senget\u00f8y i bomullssateng. Laget av 100% bomullssateng av h\u00f8y kvalitet for \u00e5 sikre komfortabel s\u00f8vn og et elegant soverom.\",\"breadcrumb\":{\"@id\":\"https:\\\/\\\/aztex.ee\\\/no\\\/pood\\\/sengetoy\\\/sengesett-bomull-sateng-perlehagen\\\/#breadcrumb\"},\"inLanguage\":\"nb-NO\",\"potentialAction\":[{\"@type\":\"ReadAction\",\"target\":[\"https:\\\/\\\/aztex.ee\\\/no\\\/pood\\\/sengetoy\\\/sengesett-bomull-sateng-perlehagen\\\/\"]}]},{\"@type\":\"ImageObject\",\"inLanguage\":\"nb-NO\",\"@id\":\"https:\\\/\\\/aztex.ee\\\/no\\\/pood\\\/sengetoy\\\/sengesett-bomull-sateng-perlehagen\\\/#primaryimage\",\"url\":\"https:\\\/\\\/aztex.ee\\\/wp-content\\\/uploads\\\/2025\\\/10\\\/Voodipesukomplekt-200x220-Parliaed.jpg\",\"contentUrl\":\"https:\\\/\\\/aztex.ee\\\/wp-content\\\/uploads\\\/2025\\\/10\\\/Voodipesukomplekt-200x220-Parliaed.jpg\",\"width\":800,\"height\":800,\"caption\":\"Voodipesukomplekt 200x220 P\u00e4rliaed\"},{\"@type\":\"BreadcrumbList\",\"@id\":\"https:\\\/\\\/aztex.ee\\\/no\\\/pood\\\/sengetoy\\\/sengesett-bomull-sateng-perlehagen\\\/#breadcrumb\",\"itemListElement\":[{\"@type\":\"ListItem\",\"position\":1,\"name\":\"Hjem\",\"item\":\"https:\\\/\\\/aztex.ee\\\/no\\\/\"},{\"@type\":\"ListItem\",\"position\":2,\"name\":\"Butikk\",\"item\":\"https:\\\/\\\/aztex.ee\\\/no\\\/butikk\\\/\"},{\"@type\":\"ListItem\",\"position\":3,\"name\":\"Sengesett bomull sateng | Perlehagen\"}]},{\"@type\":\"WebSite\",\"@id\":\"https:\\\/\\\/aztex.ee\\\/no\\\/#website\",\"url\":\"https:\\\/\\\/aztex.ee\\\/no\\\/\",\"name\":\"AZTEX\",\"description\":\"\",\"publisher\":{\"@id\":\"https:\\\/\\\/aztex.ee\\\/no\\\/#organization\"},\"potentialAction\":[{\"@type\":\"SearchAction\",\"target\":{\"@type\":\"EntryPoint\",\"urlTemplate\":\"https:\\\/\\\/aztex.ee\\\/no\\\/?s={search_term_string}\"},\"query-input\":{\"@type\":\"PropertyValueSpecification\",\"valueRequired\":true,\"valueName\":\"search_term_string\"}}],\"inLanguage\":\"nb-NO\"},{\"@type\":\"Organization\",\"@id\":\"https:\\\/\\\/aztex.ee\\\/no\\\/#organization\",\"name\":\"AZTEX\",\"url\":\"https:\\\/\\\/aztex.ee\\\/no\\\/\",\"logo\":{\"@type\":\"ImageObject\",\"inLanguage\":\"nb-NO\",\"@id\":\"https:\\\/\\\/aztex.ee\\\/no\\\/#\\\/schema\\\/logo\\\/image\\\/\",\"url\":\"https:\\\/\\\/aztex.ee\\\/wp-content\\\/uploads\\\/2026\\\/01\\\/AZTEX.png\",\"contentUrl\":\"https:\\\/\\\/aztex.ee\\\/wp-content\\\/uploads\\\/2026\\\/01\\\/AZTEX.png\",\"width\":500,\"height\":500,\"caption\":\"AZTEX\"},\"image\":{\"@id\":\"https:\\\/\\\/aztex.ee\\\/no\\\/#\\\/schema\\\/logo\\\/image\\\/\"},\"sameAs\":[\"https:\\\/\\\/www.facebook.com\\\/AztexEE\",\"https:\\\/\\\/www.instagram.com\\\/aztexeesti\\\/\",\"https:\\\/\\\/www.youtube.com\\\/@AZTEXEE\",\"https:\\\/\\\/www.pinterest.com\\\/aztex_eesti\\\/\",\"https:\\\/\\\/www.tiktok.com\\\/@aztexeesti\",\"https:\\\/\\\/www.trustpilot.com\\\/review\\\/aztex.ee\",\"https:\\\/\\\/www.linkedin.com\\\/company\\\/aztex-ee\\\/\",\"https:\\\/\\\/www.wikidata.org\\\/wiki\\\/Q137560182\"]}]}<\/script>\n<!-- \/ Yoast SEO plugin. -->","yoast_head_json":{"title":"200x220 Sengesett Bomullssateng - Perlehagen | AZTEX","description":"Sengesett 200x220 - luksuri\u00f8st senget\u00f8y i bomullssateng. Laget av 100% bomullssateng av h\u00f8y kvalitet for \u00e5 sikre komfortabel s\u00f8vn og et elegant soverom.","robots":{"index":"index","follow":"follow","max-snippet":"max-snippet:-1","max-image-preview":"max-image-preview:large","max-video-preview":"max-video-preview:-1"},"canonical":"https:\/\/aztex.ee\/no\/pood\/sengetoy\/sengesett-bomull-sateng-perlehagen\/","og_locale":"nb_NO","og_type":"article","og_title":"200x220 Sengesett Bomullssateng - Perlehagen | AZTEX","og_description":"Sengesett 200x220 - luksuri\u00f8st senget\u00f8y i bomullssateng. Laget av 100% bomullssateng av h\u00f8y kvalitet for \u00e5 sikre komfortabel s\u00f8vn og et elegant soverom.","og_url":"https:\/\/aztex.ee\/no\/pood\/sengetoy\/sengesett-bomull-sateng-perlehagen\/","og_site_name":"AZTEX","article_publisher":"https:\/\/www.facebook.com\/AztexEE","article_modified_time":"2026-04-12T12:51:09+00:00","og_image":[{"width":800,"height":800,"url":"https:\/\/aztex.ee\/wp-content\/uploads\/2025\/10\/Voodipesukomplekt-200x220-Parliaed.jpg","type":"image\/jpeg"}],"twitter_card":"summary_large_image","twitter_misc":{"Ansl. lesetid":"1 minutt"},"schema":{"@context":"https:\/\/schema.org","@graph":[{"@type":["WebPage","ItemPage"],"@id":"https:\/\/aztex.ee\/no\/pood\/sengetoy\/sengesett-bomull-sateng-perlehagen\/","url":"https:\/\/aztex.ee\/no\/pood\/sengetoy\/sengesett-bomull-sateng-perlehagen\/","name":"200x220 Sengesett Bomullssateng - Perlehagen | AZTEX","isPartOf":{"@id":"https:\/\/aztex.ee\/no\/#website"},"primaryImageOfPage":{"@id":"https:\/\/aztex.ee\/no\/pood\/sengetoy\/sengesett-bomull-sateng-perlehagen\/#primaryimage"},"image":{"@id":"https:\/\/aztex.ee\/no\/pood\/sengetoy\/sengesett-bomull-sateng-perlehagen\/#primaryimage"},"thumbnailUrl":"https:\/\/aztex.ee\/wp-content\/uploads\/2025\/10\/Voodipesukomplekt-200x220-Parliaed.jpg","datePublished":"2025-10-07T06:07:07+00:00","dateModified":"2026-04-12T12:51:09+00:00","description":"Sengesett 200x220 - luksuri\u00f8st senget\u00f8y i bomullssateng. Laget av 100% bomullssateng av h\u00f8y kvalitet for \u00e5 sikre komfortabel s\u00f8vn og et elegant soverom.","breadcrumb":{"@id":"https:\/\/aztex.ee\/no\/pood\/sengetoy\/sengesett-bomull-sateng-perlehagen\/#breadcrumb"},"inLanguage":"nb-NO","potentialAction":[{"@type":"ReadAction","target":["https:\/\/aztex.ee\/no\/pood\/sengetoy\/sengesett-bomull-sateng-perlehagen\/"]}]},{"@type":"ImageObject","inLanguage":"nb-NO","@id":"https:\/\/aztex.ee\/no\/pood\/sengetoy\/sengesett-bomull-sateng-perlehagen\/#primaryimage","url":"https:\/\/aztex.ee\/wp-content\/uploads\/2025\/10\/Voodipesukomplekt-200x220-Parliaed.jpg","contentUrl":"https:\/\/aztex.ee\/wp-content\/uploads\/2025\/10\/Voodipesukomplekt-200x220-Parliaed.jpg","width":800,"height":800,"caption":"Voodipesukomplekt 200x220 P\u00e4rliaed"},{"@type":"BreadcrumbList","@id":"https:\/\/aztex.ee\/no\/pood\/sengetoy\/sengesett-bomull-sateng-perlehagen\/#breadcrumb","itemListElement":[{"@type":"ListItem","position":1,"name":"Hjem","item":"https:\/\/aztex.ee\/no\/"},{"@type":"ListItem","position":2,"name":"Butikk","item":"https:\/\/aztex.ee\/no\/butikk\/"},{"@type":"ListItem","position":3,"name":"Sengesett bomull sateng | Perlehagen"}]},{"@type":"WebSite","@id":"https:\/\/aztex.ee\/no\/#website","url":"https:\/\/aztex.ee\/no\/","name":"AZTEX","description":"","publisher":{"@id":"https:\/\/aztex.ee\/no\/#organization"},"potentialAction":[{"@type":"SearchAction","target":{"@type":"EntryPoint","urlTemplate":"https:\/\/aztex.ee\/no\/?s={search_term_string}"},"query-input":{"@type":"PropertyValueSpecification","valueRequired":true,"valueName":"search_term_string"}}],"inLanguage":"nb-NO"},{"@type":"Organization","@id":"https:\/\/aztex.ee\/no\/#organization","name":"AZTEX","url":"https:\/\/aztex.ee\/no\/","logo":{"@type":"ImageObject","inLanguage":"nb-NO","@id":"https:\/\/aztex.ee\/no\/#\/schema\/logo\/image\/","url":"https:\/\/aztex.ee\/wp-content\/uploads\/2026\/01\/AZTEX.png","contentUrl":"https:\/\/aztex.ee\/wp-content\/uploads\/2026\/01\/AZTEX.png","width":500,"height":500,"caption":"AZTEX"},"image":{"@id":"https:\/\/aztex.ee\/no\/#\/schema\/logo\/image\/"},"sameAs":["https:\/\/www.facebook.com\/AztexEE","https:\/\/www.instagram.com\/aztexeesti\/","https:\/\/www.youtube.com\/@AZTEXEE","https:\/\/www.pinterest.com\/aztex_eesti\/","https:\/\/www.tiktok.com\/@aztexeesti","https:\/\/www.trustpilot.com\/review\/aztex.ee","https:\/\/www.linkedin.com\/company\/aztex-ee\/","https:\/\/www.wikidata.org\/wiki\/Q137560182"]}]}},"_links":{"self":[{"href":"https:\/\/aztex.ee\/no\/wp-json\/wp\/v2\/product\/95339","targetHints":{"allow":["GET"]}}],"collection":[{"href":"https:\/\/aztex.ee\/no\/wp-json\/wp\/v2\/product"}],"about":[{"href":"https:\/\/aztex.ee\/no\/wp-json\/wp\/v2\/types\/product"}],"replies":[{"embeddable":true,"href":"https:\/\/aztex.ee\/no\/wp-json\/wp\/v2\/comments?post=95339"}],"version-history":[{"count":2,"href":"https:\/\/aztex.ee\/no\/wp-json\/wp\/v2\/product\/95339\/revisions"}],"predecessor-version":[{"id":95458,"href":"https:\/\/aztex.ee\/no\/wp-json\/wp\/v2\/product\/95339\/revisions\/95458"}],"wp:featuredmedia":[{"embeddable":true,"href":"https:\/\/aztex.ee\/no\/wp-json\/wp\/v2\/media\/95361"}],"wp:attachment":[{"href":"https:\/\/aztex.ee\/no\/wp-json\/wp\/v2\/media?parent=95339"}],"wp:term":[{"taxonomy":"product_brand","embeddable":true,"href":"https:\/\/aztex.ee\/no\/wp-json\/wp\/v2\/product_brand?post=95339"},{"taxonomy":"product_cat","embeddable":true,"href":"https:\/\/aztex.ee\/no\/wp-json\/wp\/v2\/product_cat?post=95339"},{"taxonomy":"product_tag","embeddable":true,"href":"https:\/\/aztex.ee\/no\/wp-json\/wp\/v2\/product_tag?post=95339"}],"curies":[{"name":"wp","href":"https:\/\/api.w.org\/{rel}","templated":true}]}}