{"id":91475,"date":"2025-08-16T00:37:50","date_gmt":"2025-08-16T00:37:50","guid":{"rendered":"https:\/\/aztex.ee\/?post_type=product&#038;p=91475"},"modified":"2025-12-17T01:19:44","modified_gmt":"2025-12-17T01:19:44","slug":"hamp-sengetoy-sett-gratt","status":"publish","type":"product","link":"https:\/\/aztex.ee\/no\/pood\/sengetoy\/hamp-sengetoy-sett-gratt\/","title":{"rendered":"Hamp senget\u00f8y sett | Gr\u00e5tt"},"content":{"rendered":"<p>Hamp senget\u00f8y er et milj\u00f8vennlig og holdbart valg. Den er laget av de naturlige fibrene fra hampplanten, som har ulike fordeler. Hampfibre er veldig sterke og slitesterke, s\u00e5 hampdynetrekk varer lenger enn de fleste andre stoffer og blir mykere og mer behagelige for hver vask.<\/p>\n<p>Hamp har naturlige antibakterielle egenskaper som gj\u00f8r senget\u00f8yet hygienisk og bidrar til \u00e5 redusere mengden bakterier og allergener i senget\u00f8yet ditt. Dette senget\u00f8yet er perfekt for allergier eller hudsykdommer og sikrer en mer hygienisk s\u00f8vn. Fordi hamp anses som et hypoallergent materiale, for\u00e5rsaker hamp senget\u00f8y generelt ikke allergiske reaksjoner.<\/p>\n<p>-Hamp senget\u00f8y er lettstelt, hamp kan vaskes i maskin og t\u00f8rker raskt.<br \/>\n-Det er best \u00e5 vaske hamp senget\u00f8y i varmt vann slik at senget\u00f8yet holder seg friskt og vakkert lenger. Vanntemperaturen skal v\u00e6re 30-40 \u2103 grader.<br \/>\n-T\u00f8rking ved lav hastighet anbefales for \u00e5 unng\u00e5 at stoffet rives.<br \/>\n-Hampens naturlige utseende er litt rynket. Men hvis du \u00f8nsker at laken skal v\u00e6re glatt, kan du stryke dem p\u00e5 lav varme.<\/p>\n<p>Sengesett med hamp er pakket i en pose laget av samme stoff.<\/p>\n","protected":false},"excerpt":{"rendered":"<p>Sengesett av 100% hamp er hypoallergenisk og antibakterielt.<\/p>\n<ul>\n<li>Farge: Gr\u00e5tt<\/li>\n<li>Materiale: 100% hamp, 180 g\/m2<\/li>\n<li>Dynetrekk: 200\u00d7220 cm<\/li>\n<li>Putetrekk: 50\u00d770 cm (2 stk)<\/li>\n<\/ul>\n<p><img loading=\"lazy\" decoding=\"async\" class=\"alignnone size-full wp-image-20226\" src=\"https:\/\/aztex.ee\/wp-content\/uploads\/2024\/09\/oekotex100.png\" alt=\"\" width=\"204\" height=\"72\" srcset=\"https:\/\/aztex.ee\/wp-content\/uploads\/2024\/09\/oekotex100.png 204w, https:\/\/aztex.ee\/wp-content\/uploads\/2024\/09\/oekotex100-150x53.png 150w\" sizes=\"auto, (max-width: 204px) 100vw, 204px\" \/><img loading=\"lazy\" decoding=\"async\" class=\"alignnone wp-image-20896\" src=\"https:\/\/aztex.ee\/wp-content\/uploads\/2024\/09\/NATURALHEMP.png\" alt=\"\" width=\"79\" height=\"79\" srcset=\"https:\/\/aztex.ee\/wp-content\/uploads\/2024\/09\/NATURALHEMP.png 300w, https:\/\/aztex.ee\/wp-content\/uploads\/2024\/09\/NATURALHEMP-150x150.png 150w\" sizes=\"auto, (max-width: 79px) 100vw, 79px\" \/><\/p>\n","protected":false},"featured_media":91495,"comment_status":"open","ping_status":"closed","template":"","meta":[],"product_brand":[],"product_cat":[429,156,133,503],"product_tag":[],"class_list":{"0":"post-91475","1":"product","2":"type-product","3":"status-publish","4":"has-post-thumbnail","6":"product_cat-hamp-sengesett","7":"product_cat-hamp-sengetoy","8":"product_cat-sengetoy","9":"product_cat-sengetoysett","11":"first","12":"outofstock","13":"sale","14":"shipping-taxable","15":"purchasable","16":"product-type-simple"},"yoast_head":"<!-- This site is optimized with the Yoast SEO plugin v27.3 - https:\/\/yoast.com\/product\/yoast-seo-wordpress\/ -->\n<title>Senget\u00f8y i hamp - Gr\u00e5tt | AZTEX<\/title>\n<meta name=\"description\" content=\"Senget\u00f8y i \u00f8kologisk hamp skaper et spesielt luksuri\u00f8st og naturlig sovemilj\u00f8 i alle \u00e5rstider med antibakterielle egenskaper og en myk, pustende tekstur.\" \/>\n<meta name=\"robots\" content=\"index, follow, max-snippet:-1, max-image-preview:large, max-video-preview:-1\" \/>\n<link rel=\"canonical\" href=\"https:\/\/aztex.ee\/no\/pood\/sengetoy\/hamp-sengetoy-sett-gratt\/\" \/>\n<meta property=\"og:locale\" content=\"nb_NO\" \/>\n<meta property=\"og:type\" content=\"article\" \/>\n<meta property=\"og:title\" content=\"Senget\u00f8y i hamp - Gr\u00e5tt | AZTEX\" \/>\n<meta property=\"og:description\" content=\"Senget\u00f8y i \u00f8kologisk hamp skaper et spesielt luksuri\u00f8st og naturlig sovemilj\u00f8 i alle \u00e5rstider med antibakterielle egenskaper og en myk, pustende tekstur.\" \/>\n<meta property=\"og:url\" content=\"https:\/\/aztex.ee\/no\/pood\/sengetoy\/hamp-sengetoy-sett-gratt\/\" \/>\n<meta property=\"og:site_name\" content=\"AZTEX\" \/>\n<meta property=\"article:publisher\" content=\"https:\/\/www.facebook.com\/AztexEE\" \/>\n<meta property=\"article:modified_time\" content=\"2025-12-17T01:19:44+00:00\" \/>\n<meta property=\"og:image\" content=\"https:\/\/aztex.ee\/wp-content\/uploads\/2025\/08\/Kanepist-voodipesukomplekt-Hall.jpg\" \/>\n\t<meta property=\"og:image:width\" content=\"800\" \/>\n\t<meta property=\"og:image:height\" content=\"800\" \/>\n\t<meta property=\"og:image:type\" content=\"image\/jpeg\" \/>\n<meta name=\"twitter:card\" content=\"summary_large_image\" \/>\n<meta name=\"twitter:label1\" content=\"Ansl. lesetid\" \/>\n\t<meta name=\"twitter:data1\" content=\"2 minutter\" \/>\n<script type=\"application\/ld+json\" class=\"yoast-schema-graph\">{\"@context\":\"https:\\\/\\\/schema.org\",\"@graph\":[{\"@type\":[\"WebPage\",\"ItemPage\"],\"@id\":\"https:\\\/\\\/aztex.ee\\\/no\\\/pood\\\/sengetoy\\\/hamp-sengetoy-sett-gratt\\\/\",\"url\":\"https:\\\/\\\/aztex.ee\\\/no\\\/pood\\\/sengetoy\\\/hamp-sengetoy-sett-gratt\\\/\",\"name\":\"Senget\u00f8y i hamp - Gr\u00e5tt | AZTEX\",\"isPartOf\":{\"@id\":\"https:\\\/\\\/aztex.ee\\\/no\\\/#website\"},\"primaryImageOfPage\":{\"@id\":\"https:\\\/\\\/aztex.ee\\\/no\\\/pood\\\/sengetoy\\\/hamp-sengetoy-sett-gratt\\\/#primaryimage\"},\"image\":{\"@id\":\"https:\\\/\\\/aztex.ee\\\/no\\\/pood\\\/sengetoy\\\/hamp-sengetoy-sett-gratt\\\/#primaryimage\"},\"thumbnailUrl\":\"https:\\\/\\\/aztex.ee\\\/wp-content\\\/uploads\\\/2025\\\/08\\\/Kanepist-voodipesukomplekt-Hall.jpg\",\"datePublished\":\"2025-08-16T00:37:50+00:00\",\"dateModified\":\"2025-12-17T01:19:44+00:00\",\"description\":\"Senget\u00f8y i \u00f8kologisk hamp skaper et spesielt luksuri\u00f8st og naturlig sovemilj\u00f8 i alle \u00e5rstider med antibakterielle egenskaper og en myk, pustende tekstur.\",\"breadcrumb\":{\"@id\":\"https:\\\/\\\/aztex.ee\\\/no\\\/pood\\\/sengetoy\\\/hamp-sengetoy-sett-gratt\\\/#breadcrumb\"},\"inLanguage\":\"nb-NO\",\"potentialAction\":[{\"@type\":\"ReadAction\",\"target\":[\"https:\\\/\\\/aztex.ee\\\/no\\\/pood\\\/sengetoy\\\/hamp-sengetoy-sett-gratt\\\/\"]}]},{\"@type\":\"ImageObject\",\"inLanguage\":\"nb-NO\",\"@id\":\"https:\\\/\\\/aztex.ee\\\/no\\\/pood\\\/sengetoy\\\/hamp-sengetoy-sett-gratt\\\/#primaryimage\",\"url\":\"https:\\\/\\\/aztex.ee\\\/wp-content\\\/uploads\\\/2025\\\/08\\\/Kanepist-voodipesukomplekt-Hall.jpg\",\"contentUrl\":\"https:\\\/\\\/aztex.ee\\\/wp-content\\\/uploads\\\/2025\\\/08\\\/Kanepist-voodipesukomplekt-Hall.jpg\",\"width\":800,\"height\":800,\"caption\":\"Kanepist voodipesukomplekt Hall\"},{\"@type\":\"BreadcrumbList\",\"@id\":\"https:\\\/\\\/aztex.ee\\\/no\\\/pood\\\/sengetoy\\\/hamp-sengetoy-sett-gratt\\\/#breadcrumb\",\"itemListElement\":[{\"@type\":\"ListItem\",\"position\":1,\"name\":\"Hjem\",\"item\":\"https:\\\/\\\/aztex.ee\\\/no\\\/\"},{\"@type\":\"ListItem\",\"position\":2,\"name\":\"Butikk\",\"item\":\"https:\\\/\\\/aztex.ee\\\/no\\\/butikk\\\/\"},{\"@type\":\"ListItem\",\"position\":3,\"name\":\"Hamp senget\u00f8y sett | Gr\u00e5tt\"}]},{\"@type\":\"WebSite\",\"@id\":\"https:\\\/\\\/aztex.ee\\\/no\\\/#website\",\"url\":\"https:\\\/\\\/aztex.ee\\\/no\\\/\",\"name\":\"AZTEX\",\"description\":\"\",\"publisher\":{\"@id\":\"https:\\\/\\\/aztex.ee\\\/no\\\/#organization\"},\"potentialAction\":[{\"@type\":\"SearchAction\",\"target\":{\"@type\":\"EntryPoint\",\"urlTemplate\":\"https:\\\/\\\/aztex.ee\\\/no\\\/?s={search_term_string}\"},\"query-input\":{\"@type\":\"PropertyValueSpecification\",\"valueRequired\":true,\"valueName\":\"search_term_string\"}}],\"inLanguage\":\"nb-NO\"},{\"@type\":\"Organization\",\"@id\":\"https:\\\/\\\/aztex.ee\\\/no\\\/#organization\",\"name\":\"AZTEX\",\"url\":\"https:\\\/\\\/aztex.ee\\\/no\\\/\",\"logo\":{\"@type\":\"ImageObject\",\"inLanguage\":\"nb-NO\",\"@id\":\"https:\\\/\\\/aztex.ee\\\/no\\\/#\\\/schema\\\/logo\\\/image\\\/\",\"url\":\"https:\\\/\\\/aztex.ee\\\/wp-content\\\/uploads\\\/2026\\\/01\\\/AZTEX.png\",\"contentUrl\":\"https:\\\/\\\/aztex.ee\\\/wp-content\\\/uploads\\\/2026\\\/01\\\/AZTEX.png\",\"width\":500,\"height\":500,\"caption\":\"AZTEX\"},\"image\":{\"@id\":\"https:\\\/\\\/aztex.ee\\\/no\\\/#\\\/schema\\\/logo\\\/image\\\/\"},\"sameAs\":[\"https:\\\/\\\/www.facebook.com\\\/AztexEE\",\"https:\\\/\\\/www.instagram.com\\\/aztexeesti\\\/\",\"https:\\\/\\\/www.youtube.com\\\/@AZTEXEE\",\"https:\\\/\\\/www.pinterest.com\\\/aztex_eesti\\\/\",\"https:\\\/\\\/www.tiktok.com\\\/@aztexeesti\",\"https:\\\/\\\/www.trustpilot.com\\\/review\\\/aztex.ee\",\"https:\\\/\\\/www.linkedin.com\\\/company\\\/aztex-ee\\\/\",\"https:\\\/\\\/www.wikidata.org\\\/wiki\\\/Q137560182\"]}]}<\/script>\n<!-- \/ Yoast SEO plugin. -->","yoast_head_json":{"title":"Senget\u00f8y i hamp - Gr\u00e5tt | AZTEX","description":"Senget\u00f8y i \u00f8kologisk hamp skaper et spesielt luksuri\u00f8st og naturlig sovemilj\u00f8 i alle \u00e5rstider med antibakterielle egenskaper og en myk, pustende tekstur.","robots":{"index":"index","follow":"follow","max-snippet":"max-snippet:-1","max-image-preview":"max-image-preview:large","max-video-preview":"max-video-preview:-1"},"canonical":"https:\/\/aztex.ee\/no\/pood\/sengetoy\/hamp-sengetoy-sett-gratt\/","og_locale":"nb_NO","og_type":"article","og_title":"Senget\u00f8y i hamp - Gr\u00e5tt | AZTEX","og_description":"Senget\u00f8y i \u00f8kologisk hamp skaper et spesielt luksuri\u00f8st og naturlig sovemilj\u00f8 i alle \u00e5rstider med antibakterielle egenskaper og en myk, pustende tekstur.","og_url":"https:\/\/aztex.ee\/no\/pood\/sengetoy\/hamp-sengetoy-sett-gratt\/","og_site_name":"AZTEX","article_publisher":"https:\/\/www.facebook.com\/AztexEE","article_modified_time":"2025-12-17T01:19:44+00:00","og_image":[{"width":800,"height":800,"url":"https:\/\/aztex.ee\/wp-content\/uploads\/2025\/08\/Kanepist-voodipesukomplekt-Hall.jpg","type":"image\/jpeg"}],"twitter_card":"summary_large_image","twitter_misc":{"Ansl. lesetid":"2 minutter"},"schema":{"@context":"https:\/\/schema.org","@graph":[{"@type":["WebPage","ItemPage"],"@id":"https:\/\/aztex.ee\/no\/pood\/sengetoy\/hamp-sengetoy-sett-gratt\/","url":"https:\/\/aztex.ee\/no\/pood\/sengetoy\/hamp-sengetoy-sett-gratt\/","name":"Senget\u00f8y i hamp - Gr\u00e5tt | AZTEX","isPartOf":{"@id":"https:\/\/aztex.ee\/no\/#website"},"primaryImageOfPage":{"@id":"https:\/\/aztex.ee\/no\/pood\/sengetoy\/hamp-sengetoy-sett-gratt\/#primaryimage"},"image":{"@id":"https:\/\/aztex.ee\/no\/pood\/sengetoy\/hamp-sengetoy-sett-gratt\/#primaryimage"},"thumbnailUrl":"https:\/\/aztex.ee\/wp-content\/uploads\/2025\/08\/Kanepist-voodipesukomplekt-Hall.jpg","datePublished":"2025-08-16T00:37:50+00:00","dateModified":"2025-12-17T01:19:44+00:00","description":"Senget\u00f8y i \u00f8kologisk hamp skaper et spesielt luksuri\u00f8st og naturlig sovemilj\u00f8 i alle \u00e5rstider med antibakterielle egenskaper og en myk, pustende tekstur.","breadcrumb":{"@id":"https:\/\/aztex.ee\/no\/pood\/sengetoy\/hamp-sengetoy-sett-gratt\/#breadcrumb"},"inLanguage":"nb-NO","potentialAction":[{"@type":"ReadAction","target":["https:\/\/aztex.ee\/no\/pood\/sengetoy\/hamp-sengetoy-sett-gratt\/"]}]},{"@type":"ImageObject","inLanguage":"nb-NO","@id":"https:\/\/aztex.ee\/no\/pood\/sengetoy\/hamp-sengetoy-sett-gratt\/#primaryimage","url":"https:\/\/aztex.ee\/wp-content\/uploads\/2025\/08\/Kanepist-voodipesukomplekt-Hall.jpg","contentUrl":"https:\/\/aztex.ee\/wp-content\/uploads\/2025\/08\/Kanepist-voodipesukomplekt-Hall.jpg","width":800,"height":800,"caption":"Kanepist voodipesukomplekt Hall"},{"@type":"BreadcrumbList","@id":"https:\/\/aztex.ee\/no\/pood\/sengetoy\/hamp-sengetoy-sett-gratt\/#breadcrumb","itemListElement":[{"@type":"ListItem","position":1,"name":"Hjem","item":"https:\/\/aztex.ee\/no\/"},{"@type":"ListItem","position":2,"name":"Butikk","item":"https:\/\/aztex.ee\/no\/butikk\/"},{"@type":"ListItem","position":3,"name":"Hamp senget\u00f8y sett | Gr\u00e5tt"}]},{"@type":"WebSite","@id":"https:\/\/aztex.ee\/no\/#website","url":"https:\/\/aztex.ee\/no\/","name":"AZTEX","description":"","publisher":{"@id":"https:\/\/aztex.ee\/no\/#organization"},"potentialAction":[{"@type":"SearchAction","target":{"@type":"EntryPoint","urlTemplate":"https:\/\/aztex.ee\/no\/?s={search_term_string}"},"query-input":{"@type":"PropertyValueSpecification","valueRequired":true,"valueName":"search_term_string"}}],"inLanguage":"nb-NO"},{"@type":"Organization","@id":"https:\/\/aztex.ee\/no\/#organization","name":"AZTEX","url":"https:\/\/aztex.ee\/no\/","logo":{"@type":"ImageObject","inLanguage":"nb-NO","@id":"https:\/\/aztex.ee\/no\/#\/schema\/logo\/image\/","url":"https:\/\/aztex.ee\/wp-content\/uploads\/2026\/01\/AZTEX.png","contentUrl":"https:\/\/aztex.ee\/wp-content\/uploads\/2026\/01\/AZTEX.png","width":500,"height":500,"caption":"AZTEX"},"image":{"@id":"https:\/\/aztex.ee\/no\/#\/schema\/logo\/image\/"},"sameAs":["https:\/\/www.facebook.com\/AztexEE","https:\/\/www.instagram.com\/aztexeesti\/","https:\/\/www.youtube.com\/@AZTEXEE","https:\/\/www.pinterest.com\/aztex_eesti\/","https:\/\/www.tiktok.com\/@aztexeesti","https:\/\/www.trustpilot.com\/review\/aztex.ee","https:\/\/www.linkedin.com\/company\/aztex-ee\/","https:\/\/www.wikidata.org\/wiki\/Q137560182"]}]}},"_links":{"self":[{"href":"https:\/\/aztex.ee\/no\/wp-json\/wp\/v2\/product\/91475","targetHints":{"allow":["GET"]}}],"collection":[{"href":"https:\/\/aztex.ee\/no\/wp-json\/wp\/v2\/product"}],"about":[{"href":"https:\/\/aztex.ee\/no\/wp-json\/wp\/v2\/types\/product"}],"replies":[{"embeddable":true,"href":"https:\/\/aztex.ee\/no\/wp-json\/wp\/v2\/comments?post=91475"}],"version-history":[{"count":0,"href":"https:\/\/aztex.ee\/no\/wp-json\/wp\/v2\/product\/91475\/revisions"}],"wp:featuredmedia":[{"embeddable":true,"href":"https:\/\/aztex.ee\/no\/wp-json\/wp\/v2\/media\/91495"}],"wp:attachment":[{"href":"https:\/\/aztex.ee\/no\/wp-json\/wp\/v2\/media?parent=91475"}],"wp:term":[{"taxonomy":"product_brand","embeddable":true,"href":"https:\/\/aztex.ee\/no\/wp-json\/wp\/v2\/product_brand?post=91475"},{"taxonomy":"product_cat","embeddable":true,"href":"https:\/\/aztex.ee\/no\/wp-json\/wp\/v2\/product_cat?post=91475"},{"taxonomy":"product_tag","embeddable":true,"href":"https:\/\/aztex.ee\/no\/wp-json\/wp\/v2\/product_tag?post=91475"}],"curies":[{"name":"wp","href":"https:\/\/api.w.org\/{rel}","templated":true}]}}