{"id":91214,"date":"2025-08-15T15:44:39","date_gmt":"2025-08-15T15:44:39","guid":{"rendered":"https:\/\/aztex.ee\/?post_type=product&#038;p=91214"},"modified":"2025-08-15T16:50:15","modified_gmt":"2025-08-15T16:50:15","slug":"hamp-putetrekk-sennep","status":"publish","type":"product","link":"https:\/\/aztex.ee\/no\/pood\/hamp-putevar\/hamp-putetrekk-sennep\/","title":{"rendered":"Hamp putetrekk | Sennep"},"content":{"rendered":"<p>Hamp putetrekk gir et luksuri\u00f8st og moderne utseende til ethvert soverom takket v\u00e6re hampens naturlighet. Dette materialet gir holdbarhet og lang levetid for putetrekket, noe som gj\u00f8r det til et godt valg for de som foretrekker en milj\u00f8vennlig livsstil.<\/p>\n<p>Bruk av hampputevar st\u00f8tter god s\u00f8vn og forbedrer det generelle velv\u00e6ret. De antibakterielle og allergifrie egenskapene til hamp gj\u00f8r den til et ideelt valg for b\u00e5de allergikere og astmatikere, siden hamp frast\u00f8ter bakterier og holder putetrekket rent lenger.<\/p>\n","protected":false},"excerpt":{"rendered":"<p>Hamp putetrekk er et slitesterkt, pustende og hudvennlig valg for en komfortabel s\u00f8vn.<\/p>\n<ul>\n<li>Farge: Sennep<\/li>\n<li>Materiale: 100% hamp, 180 g\/m2<\/li>\n<\/ul>\n<p><img loading=\"lazy\" decoding=\"async\" class=\"alignnone size-full wp-image-20226\" src=\"https:\/\/aztex.ee\/wp-content\/uploads\/2024\/09\/oekotex100.png\" alt=\"\" width=\"204\" height=\"72\" srcset=\"https:\/\/aztex.ee\/wp-content\/uploads\/2024\/09\/oekotex100.png 204w, https:\/\/aztex.ee\/wp-content\/uploads\/2024\/09\/oekotex100-150x53.png 150w\" sizes=\"auto, (max-width: 204px) 100vw, 204px\" \/><img loading=\"lazy\" decoding=\"async\" class=\"alignnone wp-image-20896\" src=\"https:\/\/aztex.ee\/wp-content\/uploads\/2024\/09\/NATURALHEMP.png\" alt=\"\" width=\"79\" height=\"79\" srcset=\"https:\/\/aztex.ee\/wp-content\/uploads\/2024\/09\/NATURALHEMP.png 300w, https:\/\/aztex.ee\/wp-content\/uploads\/2024\/09\/NATURALHEMP-150x150.png 150w\" sizes=\"auto, (max-width: 79px) 100vw, 79px\" \/><\/p>\n","protected":false},"featured_media":91373,"comment_status":"open","ping_status":"closed","template":"","meta":[],"product_brand":[],"product_cat":[466,1781],"product_tag":[],"class_list":{"0":"post-91214","1":"product","2":"type-product","3":"status-publish","4":"has-post-thumbnail","6":"product_cat-hamp-putevar","7":"product_cat-putevar","9":"first","10":"instock","11":"shipping-taxable","12":"purchasable","13":"product-type-variable"},"yoast_head":"<!-- This site is optimized with the Yoast SEO plugin v27.3 - https:\/\/yoast.com\/product\/yoast-seo-wordpress\/ -->\n<title>Putetrekk i hamp - Sennep | AZTEX<\/title>\n<meta name=\"description\" content=\"Putetrekket i hamp er mykt, pustende og antibakterielt. Det holder puten frisk, h\u00e5ndterer fuktighet og er ogs\u00e5 egnet for sensitiv og allergisk hud.\" \/>\n<meta name=\"robots\" content=\"index, follow, max-snippet:-1, max-image-preview:large, max-video-preview:-1\" \/>\n<link rel=\"canonical\" href=\"https:\/\/aztex.ee\/no\/pood\/hamp-putevar\/hamp-putetrekk-sennep\/\" \/>\n<meta property=\"og:locale\" content=\"nb_NO\" \/>\n<meta property=\"og:type\" content=\"article\" \/>\n<meta property=\"og:title\" content=\"Putetrekk i hamp - Sennep | AZTEX\" \/>\n<meta property=\"og:description\" content=\"Putetrekket i hamp er mykt, pustende og antibakterielt. Det holder puten frisk, h\u00e5ndterer fuktighet og er ogs\u00e5 egnet for sensitiv og allergisk hud.\" \/>\n<meta property=\"og:url\" content=\"https:\/\/aztex.ee\/no\/pood\/hamp-putevar\/hamp-putetrekk-sennep\/\" \/>\n<meta property=\"og:site_name\" content=\"AZTEX\" \/>\n<meta property=\"article:publisher\" content=\"https:\/\/www.facebook.com\/AztexEE\" \/>\n<meta property=\"article:modified_time\" content=\"2025-08-15T16:50:15+00:00\" \/>\n<meta property=\"og:image\" content=\"https:\/\/aztex.ee\/wp-content\/uploads\/2025\/08\/Sinep-varv-Kanepist-padjapuur.jpg\" \/>\n\t<meta property=\"og:image:width\" content=\"800\" \/>\n\t<meta property=\"og:image:height\" content=\"800\" \/>\n\t<meta property=\"og:image:type\" content=\"image\/jpeg\" \/>\n<meta name=\"twitter:card\" content=\"summary_large_image\" \/>\n<meta name=\"twitter:label1\" content=\"Ansl. lesetid\" \/>\n\t<meta name=\"twitter:data1\" content=\"1 minutt\" \/>\n<script type=\"application\/ld+json\" class=\"yoast-schema-graph\">{\"@context\":\"https:\\\/\\\/schema.org\",\"@graph\":[{\"@type\":[\"WebPage\",\"ItemPage\"],\"@id\":\"https:\\\/\\\/aztex.ee\\\/no\\\/pood\\\/hamp-putevar\\\/hamp-putetrekk-sennep\\\/\",\"url\":\"https:\\\/\\\/aztex.ee\\\/no\\\/pood\\\/hamp-putevar\\\/hamp-putetrekk-sennep\\\/\",\"name\":\"Putetrekk i hamp - Sennep | AZTEX\",\"isPartOf\":{\"@id\":\"https:\\\/\\\/aztex.ee\\\/no\\\/#website\"},\"primaryImageOfPage\":{\"@id\":\"https:\\\/\\\/aztex.ee\\\/no\\\/pood\\\/hamp-putevar\\\/hamp-putetrekk-sennep\\\/#primaryimage\"},\"image\":{\"@id\":\"https:\\\/\\\/aztex.ee\\\/no\\\/pood\\\/hamp-putevar\\\/hamp-putetrekk-sennep\\\/#primaryimage\"},\"thumbnailUrl\":\"https:\\\/\\\/aztex.ee\\\/wp-content\\\/uploads\\\/2025\\\/08\\\/Sinep-varv-Kanepist-padjapuur.jpg\",\"datePublished\":\"2025-08-15T15:44:39+00:00\",\"dateModified\":\"2025-08-15T16:50:15+00:00\",\"description\":\"Putetrekket i hamp er mykt, pustende og antibakterielt. Det holder puten frisk, h\u00e5ndterer fuktighet og er ogs\u00e5 egnet for sensitiv og allergisk hud.\",\"breadcrumb\":{\"@id\":\"https:\\\/\\\/aztex.ee\\\/no\\\/pood\\\/hamp-putevar\\\/hamp-putetrekk-sennep\\\/#breadcrumb\"},\"inLanguage\":\"nb-NO\",\"potentialAction\":[{\"@type\":\"ReadAction\",\"target\":[\"https:\\\/\\\/aztex.ee\\\/no\\\/pood\\\/hamp-putevar\\\/hamp-putetrekk-sennep\\\/\"]}]},{\"@type\":\"ImageObject\",\"inLanguage\":\"nb-NO\",\"@id\":\"https:\\\/\\\/aztex.ee\\\/no\\\/pood\\\/hamp-putevar\\\/hamp-putetrekk-sennep\\\/#primaryimage\",\"url\":\"https:\\\/\\\/aztex.ee\\\/wp-content\\\/uploads\\\/2025\\\/08\\\/Sinep-varv-Kanepist-padjapuur.jpg\",\"contentUrl\":\"https:\\\/\\\/aztex.ee\\\/wp-content\\\/uploads\\\/2025\\\/08\\\/Sinep-varv-Kanepist-padjapuur.jpg\",\"width\":800,\"height\":800,\"caption\":\"Sinep v\u00e4rv Kanepist padjap\u00fc\u00fcr\"},{\"@type\":\"BreadcrumbList\",\"@id\":\"https:\\\/\\\/aztex.ee\\\/no\\\/pood\\\/hamp-putevar\\\/hamp-putetrekk-sennep\\\/#breadcrumb\",\"itemListElement\":[{\"@type\":\"ListItem\",\"position\":1,\"name\":\"Hjem\",\"item\":\"https:\\\/\\\/aztex.ee\\\/no\\\/\"},{\"@type\":\"ListItem\",\"position\":2,\"name\":\"Butikk\",\"item\":\"https:\\\/\\\/aztex.ee\\\/no\\\/butikk\\\/\"},{\"@type\":\"ListItem\",\"position\":3,\"name\":\"Hamp putetrekk | Sennep\"}]},{\"@type\":\"WebSite\",\"@id\":\"https:\\\/\\\/aztex.ee\\\/no\\\/#website\",\"url\":\"https:\\\/\\\/aztex.ee\\\/no\\\/\",\"name\":\"AZTEX\",\"description\":\"\",\"publisher\":{\"@id\":\"https:\\\/\\\/aztex.ee\\\/no\\\/#organization\"},\"potentialAction\":[{\"@type\":\"SearchAction\",\"target\":{\"@type\":\"EntryPoint\",\"urlTemplate\":\"https:\\\/\\\/aztex.ee\\\/no\\\/?s={search_term_string}\"},\"query-input\":{\"@type\":\"PropertyValueSpecification\",\"valueRequired\":true,\"valueName\":\"search_term_string\"}}],\"inLanguage\":\"nb-NO\"},{\"@type\":\"Organization\",\"@id\":\"https:\\\/\\\/aztex.ee\\\/no\\\/#organization\",\"name\":\"AZTEX\",\"url\":\"https:\\\/\\\/aztex.ee\\\/no\\\/\",\"logo\":{\"@type\":\"ImageObject\",\"inLanguage\":\"nb-NO\",\"@id\":\"https:\\\/\\\/aztex.ee\\\/no\\\/#\\\/schema\\\/logo\\\/image\\\/\",\"url\":\"https:\\\/\\\/aztex.ee\\\/wp-content\\\/uploads\\\/2026\\\/01\\\/AZTEX.png\",\"contentUrl\":\"https:\\\/\\\/aztex.ee\\\/wp-content\\\/uploads\\\/2026\\\/01\\\/AZTEX.png\",\"width\":500,\"height\":500,\"caption\":\"AZTEX\"},\"image\":{\"@id\":\"https:\\\/\\\/aztex.ee\\\/no\\\/#\\\/schema\\\/logo\\\/image\\\/\"},\"sameAs\":[\"https:\\\/\\\/www.facebook.com\\\/AztexEE\",\"https:\\\/\\\/www.instagram.com\\\/aztexeesti\\\/\",\"https:\\\/\\\/www.youtube.com\\\/@AZTEXEE\",\"https:\\\/\\\/www.pinterest.com\\\/aztex_eesti\\\/\",\"https:\\\/\\\/www.tiktok.com\\\/@aztexeesti\",\"https:\\\/\\\/www.trustpilot.com\\\/review\\\/aztex.ee\",\"https:\\\/\\\/www.linkedin.com\\\/company\\\/aztex-ee\\\/\",\"https:\\\/\\\/www.wikidata.org\\\/wiki\\\/Q137560182\"]}]}<\/script>\n<!-- \/ Yoast SEO plugin. -->","yoast_head_json":{"title":"Putetrekk i hamp - Sennep | AZTEX","description":"Putetrekket i hamp er mykt, pustende og antibakterielt. Det holder puten frisk, h\u00e5ndterer fuktighet og er ogs\u00e5 egnet for sensitiv og allergisk hud.","robots":{"index":"index","follow":"follow","max-snippet":"max-snippet:-1","max-image-preview":"max-image-preview:large","max-video-preview":"max-video-preview:-1"},"canonical":"https:\/\/aztex.ee\/no\/pood\/hamp-putevar\/hamp-putetrekk-sennep\/","og_locale":"nb_NO","og_type":"article","og_title":"Putetrekk i hamp - Sennep | AZTEX","og_description":"Putetrekket i hamp er mykt, pustende og antibakterielt. Det holder puten frisk, h\u00e5ndterer fuktighet og er ogs\u00e5 egnet for sensitiv og allergisk hud.","og_url":"https:\/\/aztex.ee\/no\/pood\/hamp-putevar\/hamp-putetrekk-sennep\/","og_site_name":"AZTEX","article_publisher":"https:\/\/www.facebook.com\/AztexEE","article_modified_time":"2025-08-15T16:50:15+00:00","og_image":[{"width":800,"height":800,"url":"https:\/\/aztex.ee\/wp-content\/uploads\/2025\/08\/Sinep-varv-Kanepist-padjapuur.jpg","type":"image\/jpeg"}],"twitter_card":"summary_large_image","twitter_misc":{"Ansl. lesetid":"1 minutt"},"schema":{"@context":"https:\/\/schema.org","@graph":[{"@type":["WebPage","ItemPage"],"@id":"https:\/\/aztex.ee\/no\/pood\/hamp-putevar\/hamp-putetrekk-sennep\/","url":"https:\/\/aztex.ee\/no\/pood\/hamp-putevar\/hamp-putetrekk-sennep\/","name":"Putetrekk i hamp - Sennep | AZTEX","isPartOf":{"@id":"https:\/\/aztex.ee\/no\/#website"},"primaryImageOfPage":{"@id":"https:\/\/aztex.ee\/no\/pood\/hamp-putevar\/hamp-putetrekk-sennep\/#primaryimage"},"image":{"@id":"https:\/\/aztex.ee\/no\/pood\/hamp-putevar\/hamp-putetrekk-sennep\/#primaryimage"},"thumbnailUrl":"https:\/\/aztex.ee\/wp-content\/uploads\/2025\/08\/Sinep-varv-Kanepist-padjapuur.jpg","datePublished":"2025-08-15T15:44:39+00:00","dateModified":"2025-08-15T16:50:15+00:00","description":"Putetrekket i hamp er mykt, pustende og antibakterielt. Det holder puten frisk, h\u00e5ndterer fuktighet og er ogs\u00e5 egnet for sensitiv og allergisk hud.","breadcrumb":{"@id":"https:\/\/aztex.ee\/no\/pood\/hamp-putevar\/hamp-putetrekk-sennep\/#breadcrumb"},"inLanguage":"nb-NO","potentialAction":[{"@type":"ReadAction","target":["https:\/\/aztex.ee\/no\/pood\/hamp-putevar\/hamp-putetrekk-sennep\/"]}]},{"@type":"ImageObject","inLanguage":"nb-NO","@id":"https:\/\/aztex.ee\/no\/pood\/hamp-putevar\/hamp-putetrekk-sennep\/#primaryimage","url":"https:\/\/aztex.ee\/wp-content\/uploads\/2025\/08\/Sinep-varv-Kanepist-padjapuur.jpg","contentUrl":"https:\/\/aztex.ee\/wp-content\/uploads\/2025\/08\/Sinep-varv-Kanepist-padjapuur.jpg","width":800,"height":800,"caption":"Sinep v\u00e4rv Kanepist padjap\u00fc\u00fcr"},{"@type":"BreadcrumbList","@id":"https:\/\/aztex.ee\/no\/pood\/hamp-putevar\/hamp-putetrekk-sennep\/#breadcrumb","itemListElement":[{"@type":"ListItem","position":1,"name":"Hjem","item":"https:\/\/aztex.ee\/no\/"},{"@type":"ListItem","position":2,"name":"Butikk","item":"https:\/\/aztex.ee\/no\/butikk\/"},{"@type":"ListItem","position":3,"name":"Hamp putetrekk | Sennep"}]},{"@type":"WebSite","@id":"https:\/\/aztex.ee\/no\/#website","url":"https:\/\/aztex.ee\/no\/","name":"AZTEX","description":"","publisher":{"@id":"https:\/\/aztex.ee\/no\/#organization"},"potentialAction":[{"@type":"SearchAction","target":{"@type":"EntryPoint","urlTemplate":"https:\/\/aztex.ee\/no\/?s={search_term_string}"},"query-input":{"@type":"PropertyValueSpecification","valueRequired":true,"valueName":"search_term_string"}}],"inLanguage":"nb-NO"},{"@type":"Organization","@id":"https:\/\/aztex.ee\/no\/#organization","name":"AZTEX","url":"https:\/\/aztex.ee\/no\/","logo":{"@type":"ImageObject","inLanguage":"nb-NO","@id":"https:\/\/aztex.ee\/no\/#\/schema\/logo\/image\/","url":"https:\/\/aztex.ee\/wp-content\/uploads\/2026\/01\/AZTEX.png","contentUrl":"https:\/\/aztex.ee\/wp-content\/uploads\/2026\/01\/AZTEX.png","width":500,"height":500,"caption":"AZTEX"},"image":{"@id":"https:\/\/aztex.ee\/no\/#\/schema\/logo\/image\/"},"sameAs":["https:\/\/www.facebook.com\/AztexEE","https:\/\/www.instagram.com\/aztexeesti\/","https:\/\/www.youtube.com\/@AZTEXEE","https:\/\/www.pinterest.com\/aztex_eesti\/","https:\/\/www.tiktok.com\/@aztexeesti","https:\/\/www.trustpilot.com\/review\/aztex.ee","https:\/\/www.linkedin.com\/company\/aztex-ee\/","https:\/\/www.wikidata.org\/wiki\/Q137560182"]}]}},"_links":{"self":[{"href":"https:\/\/aztex.ee\/no\/wp-json\/wp\/v2\/product\/91214","targetHints":{"allow":["GET"]}}],"collection":[{"href":"https:\/\/aztex.ee\/no\/wp-json\/wp\/v2\/product"}],"about":[{"href":"https:\/\/aztex.ee\/no\/wp-json\/wp\/v2\/types\/product"}],"replies":[{"embeddable":true,"href":"https:\/\/aztex.ee\/no\/wp-json\/wp\/v2\/comments?post=91214"}],"version-history":[{"count":0,"href":"https:\/\/aztex.ee\/no\/wp-json\/wp\/v2\/product\/91214\/revisions"}],"wp:featuredmedia":[{"embeddable":true,"href":"https:\/\/aztex.ee\/no\/wp-json\/wp\/v2\/media\/91373"}],"wp:attachment":[{"href":"https:\/\/aztex.ee\/no\/wp-json\/wp\/v2\/media?parent=91214"}],"wp:term":[{"taxonomy":"product_brand","embeddable":true,"href":"https:\/\/aztex.ee\/no\/wp-json\/wp\/v2\/product_brand?post=91214"},{"taxonomy":"product_cat","embeddable":true,"href":"https:\/\/aztex.ee\/no\/wp-json\/wp\/v2\/product_cat?post=91214"},{"taxonomy":"product_tag","embeddable":true,"href":"https:\/\/aztex.ee\/no\/wp-json\/wp\/v2\/product_tag?post=91214"}],"curies":[{"name":"wp","href":"https:\/\/api.w.org\/{rel}","templated":true}]}}