{"id":86685,"date":"2025-05-15T22:08:29","date_gmt":"2025-05-15T22:08:29","guid":{"rendered":"https:\/\/aztex.ee\/?post_type=product&#038;p=86685"},"modified":"2026-02-01T16:43:47","modified_gmt":"2026-02-01T16:43:47","slug":"premium-sengesett-bambus-verdenshav","status":"publish","type":"product","link":"https:\/\/aztex.ee\/no\/pood\/sengetoy\/premium-sengesett-bambus-verdenshav\/","title":{"rendered":"Premium sengesett 100% bambus | Verdenshav"},"content":{"rendered":"<p>Bambus sengesett er h\u00f8ykvalitets, myke og pustende tekstilprodukter laget av naturlig bambusfiber. Disse settene er spesialdesignet for \u00e5 sikre en behagelig s\u00f8vn. Bambusfiber er naturlig pustende og har evnen til \u00e5 transportere bort fuktighet, noe som forhindrer svette og holder deg ren og frisk lenger.<\/p>\n<p>Bambus senget\u00f8y sett bruker vanligvis milj\u00f8vennlige og b\u00e6rekraftige materialer. Bambusplanten er kjent for sin raske vekst og lave vannforbruk, noe som reduserer milj\u00f8p\u00e5virkningen av produksjonsprosessen. I tillegg skaper bambusfiber en luksuri\u00f8s f\u00f8lelse med sin myke tekstur og er sk\u00e5nsom mot huden uten \u00e5 skade den.<\/p>\n<p>Bambussengesett har naturlige antibakterielle og antiallergiske egenskaper som opprettholder hygienen og gir komfort mens du sover. De er kjent for sin forfriskende og kj\u00f8lende effekt i varmt v\u00e6r.<\/p>\n<p>Som et resultat er sengesett i bambus milj\u00f8vennlige og komfortable produkter som tilbyr kvalitetss\u00f8vn til brukerne.<\/p>\n","protected":false},"excerpt":{"rendered":"<p>Senget\u00f8y laget av 100% b\u00e6rekraftig dyrket bambus er hypoallergenisk og antibakterielt.<\/p>\n<ul>\n<li>Farge: Verdenshav<\/li>\n<li>Materiale: 100% bambus<\/li>\n<li>Tr\u00e5dtall: 300 TC<\/li>\n<li>Dynetrekk: 200\u00d7220 cm<\/li>\n<li>Putetrekk: 50\u00d770 cm (2 stk)<\/li>\n<li>Laken: 220\u00d7240 cm<\/li>\n<\/ul>\n<p><img loading=\"lazy\" decoding=\"async\" class=\"alignnone wp-image-20226\" src=\"https:\/\/aztex.ee\/wp-content\/uploads\/2024\/09\/oekotex100.png\" alt=\"\" width=\"196\" height=\"69\" srcset=\"https:\/\/aztex.ee\/wp-content\/uploads\/2024\/09\/oekotex100.png 204w, https:\/\/aztex.ee\/wp-content\/uploads\/2024\/09\/oekotex100-150x53.png 150w\" sizes=\"auto, (max-width: 196px) 100vw, 196px\" \/><img loading=\"lazy\" decoding=\"async\" class=\"alignnone wp-image-20260\" src=\"https:\/\/aztex.ee\/wp-content\/uploads\/2024\/09\/bambuuss.png\" alt=\"\" width=\"75\" height=\"75\" srcset=\"https:\/\/aztex.ee\/wp-content\/uploads\/2024\/09\/bambuuss.png 204w, https:\/\/aztex.ee\/wp-content\/uploads\/2024\/09\/bambuuss-150x150.png 150w\" sizes=\"auto, (max-width: 75px) 100vw, 75px\" \/><\/p>\n<p>Hypoallergen og fukttransporterende.<br \/>\nEt ideelt valg for sensitiv hud eller eksem, spesielt for personer som har en tendens til \u00e5 svette om natten. Bambus senget\u00f8ysett er pakket i en pose laget av samme stoff.<\/p>\n","protected":false},"featured_media":86729,"comment_status":"open","ping_status":"closed","template":"","meta":[],"product_brand":[],"product_cat":[143,407,133,503],"product_tag":[],"class_list":{"0":"post-86685","1":"product","2":"type-product","3":"status-publish","4":"has-post-thumbnail","6":"product_cat-bambus-sengetoy","7":"product_cat-sengesett-i-bambus","8":"product_cat-sengetoy","9":"product_cat-sengetoysett","11":"first","12":"instock","13":"sale","14":"shipping-taxable","15":"purchasable","16":"product-type-simple"},"yoast_head":"<!-- This site is optimized with the Yoast SEO plugin v27.3 - https:\/\/yoast.com\/product\/yoast-seo-wordpress\/ -->\n<title>Sengesett i bambus - Verdenshav | AZTEX<\/title>\n<meta name=\"description\" content=\"Bambus sengesett er det perfekte valget for de som leter etter et naturlig, pustende materiale av h\u00f8y kvalitet som gir jevn komfort gjennom hele natten.\" \/>\n<meta name=\"robots\" content=\"index, follow, max-snippet:-1, max-image-preview:large, max-video-preview:-1\" \/>\n<link rel=\"canonical\" href=\"https:\/\/aztex.ee\/no\/pood\/sengetoy\/premium-sengesett-bambus-verdenshav\/\" \/>\n<meta property=\"og:locale\" content=\"nb_NO\" \/>\n<meta property=\"og:type\" content=\"article\" \/>\n<meta property=\"og:title\" content=\"Sengesett i bambus - Verdenshav | AZTEX\" \/>\n<meta property=\"og:description\" content=\"Bambus sengesett er det perfekte valget for de som leter etter et naturlig, pustende materiale av h\u00f8y kvalitet som gir jevn komfort gjennom hele natten.\" \/>\n<meta property=\"og:url\" content=\"https:\/\/aztex.ee\/no\/pood\/sengetoy\/premium-sengesett-bambus-verdenshav\/\" \/>\n<meta property=\"og:site_name\" content=\"AZTEX\" \/>\n<meta property=\"article:publisher\" content=\"https:\/\/www.facebook.com\/AztexEE\" \/>\n<meta property=\"article:modified_time\" content=\"2026-02-01T16:43:47+00:00\" \/>\n<meta property=\"og:image\" content=\"https:\/\/aztex.ee\/wp-content\/uploads\/2025\/05\/Premium-voodipesukomplekt-bambus-Ookean.jpg\" \/>\n\t<meta property=\"og:image:width\" content=\"800\" \/>\n\t<meta property=\"og:image:height\" content=\"800\" \/>\n\t<meta property=\"og:image:type\" content=\"image\/jpeg\" \/>\n<meta name=\"twitter:card\" content=\"summary_large_image\" \/>\n<meta name=\"twitter:label1\" content=\"Ansl. lesetid\" \/>\n\t<meta name=\"twitter:data1\" content=\"1 minutt\" \/>\n<script type=\"application\/ld+json\" class=\"yoast-schema-graph\">{\"@context\":\"https:\\\/\\\/schema.org\",\"@graph\":[{\"@type\":[\"WebPage\",\"ItemPage\"],\"@id\":\"https:\\\/\\\/aztex.ee\\\/no\\\/pood\\\/sengetoy\\\/premium-sengesett-bambus-verdenshav\\\/\",\"url\":\"https:\\\/\\\/aztex.ee\\\/no\\\/pood\\\/sengetoy\\\/premium-sengesett-bambus-verdenshav\\\/\",\"name\":\"Sengesett i bambus - Verdenshav | AZTEX\",\"isPartOf\":{\"@id\":\"https:\\\/\\\/aztex.ee\\\/no\\\/#website\"},\"primaryImageOfPage\":{\"@id\":\"https:\\\/\\\/aztex.ee\\\/no\\\/pood\\\/sengetoy\\\/premium-sengesett-bambus-verdenshav\\\/#primaryimage\"},\"image\":{\"@id\":\"https:\\\/\\\/aztex.ee\\\/no\\\/pood\\\/sengetoy\\\/premium-sengesett-bambus-verdenshav\\\/#primaryimage\"},\"thumbnailUrl\":\"https:\\\/\\\/aztex.ee\\\/wp-content\\\/uploads\\\/2025\\\/05\\\/Premium-voodipesukomplekt-bambus-Ookean.jpg\",\"datePublished\":\"2025-05-15T22:08:29+00:00\",\"dateModified\":\"2026-02-01T16:43:47+00:00\",\"description\":\"Bambus sengesett er det perfekte valget for de som leter etter et naturlig, pustende materiale av h\u00f8y kvalitet som gir jevn komfort gjennom hele natten.\",\"breadcrumb\":{\"@id\":\"https:\\\/\\\/aztex.ee\\\/no\\\/pood\\\/sengetoy\\\/premium-sengesett-bambus-verdenshav\\\/#breadcrumb\"},\"inLanguage\":\"nb-NO\",\"potentialAction\":[{\"@type\":\"ReadAction\",\"target\":[\"https:\\\/\\\/aztex.ee\\\/no\\\/pood\\\/sengetoy\\\/premium-sengesett-bambus-verdenshav\\\/\"]}]},{\"@type\":\"ImageObject\",\"inLanguage\":\"nb-NO\",\"@id\":\"https:\\\/\\\/aztex.ee\\\/no\\\/pood\\\/sengetoy\\\/premium-sengesett-bambus-verdenshav\\\/#primaryimage\",\"url\":\"https:\\\/\\\/aztex.ee\\\/wp-content\\\/uploads\\\/2025\\\/05\\\/Premium-voodipesukomplekt-bambus-Ookean.jpg\",\"contentUrl\":\"https:\\\/\\\/aztex.ee\\\/wp-content\\\/uploads\\\/2025\\\/05\\\/Premium-voodipesukomplekt-bambus-Ookean.jpg\",\"width\":800,\"height\":800,\"caption\":\"Premium voodipesukomplekt bambus Ookean\"},{\"@type\":\"BreadcrumbList\",\"@id\":\"https:\\\/\\\/aztex.ee\\\/no\\\/pood\\\/sengetoy\\\/premium-sengesett-bambus-verdenshav\\\/#breadcrumb\",\"itemListElement\":[{\"@type\":\"ListItem\",\"position\":1,\"name\":\"Hjem\",\"item\":\"https:\\\/\\\/aztex.ee\\\/no\\\/\"},{\"@type\":\"ListItem\",\"position\":2,\"name\":\"Butikk\",\"item\":\"https:\\\/\\\/aztex.ee\\\/no\\\/butikk\\\/\"},{\"@type\":\"ListItem\",\"position\":3,\"name\":\"Premium sengesett 100% bambus | Verdenshav\"}]},{\"@type\":\"WebSite\",\"@id\":\"https:\\\/\\\/aztex.ee\\\/no\\\/#website\",\"url\":\"https:\\\/\\\/aztex.ee\\\/no\\\/\",\"name\":\"AZTEX\",\"description\":\"\",\"publisher\":{\"@id\":\"https:\\\/\\\/aztex.ee\\\/no\\\/#organization\"},\"potentialAction\":[{\"@type\":\"SearchAction\",\"target\":{\"@type\":\"EntryPoint\",\"urlTemplate\":\"https:\\\/\\\/aztex.ee\\\/no\\\/?s={search_term_string}\"},\"query-input\":{\"@type\":\"PropertyValueSpecification\",\"valueRequired\":true,\"valueName\":\"search_term_string\"}}],\"inLanguage\":\"nb-NO\"},{\"@type\":\"Organization\",\"@id\":\"https:\\\/\\\/aztex.ee\\\/no\\\/#organization\",\"name\":\"AZTEX\",\"url\":\"https:\\\/\\\/aztex.ee\\\/no\\\/\",\"logo\":{\"@type\":\"ImageObject\",\"inLanguage\":\"nb-NO\",\"@id\":\"https:\\\/\\\/aztex.ee\\\/no\\\/#\\\/schema\\\/logo\\\/image\\\/\",\"url\":\"https:\\\/\\\/aztex.ee\\\/wp-content\\\/uploads\\\/2026\\\/01\\\/AZTEX.png\",\"contentUrl\":\"https:\\\/\\\/aztex.ee\\\/wp-content\\\/uploads\\\/2026\\\/01\\\/AZTEX.png\",\"width\":500,\"height\":500,\"caption\":\"AZTEX\"},\"image\":{\"@id\":\"https:\\\/\\\/aztex.ee\\\/no\\\/#\\\/schema\\\/logo\\\/image\\\/\"},\"sameAs\":[\"https:\\\/\\\/www.facebook.com\\\/AztexEE\",\"https:\\\/\\\/www.instagram.com\\\/aztexeesti\\\/\",\"https:\\\/\\\/www.youtube.com\\\/@AZTEXEE\",\"https:\\\/\\\/www.pinterest.com\\\/aztex_eesti\\\/\",\"https:\\\/\\\/www.tiktok.com\\\/@aztexeesti\",\"https:\\\/\\\/www.trustpilot.com\\\/review\\\/aztex.ee\",\"https:\\\/\\\/www.linkedin.com\\\/company\\\/aztex-ee\\\/\",\"https:\\\/\\\/www.wikidata.org\\\/wiki\\\/Q137560182\"]}]}<\/script>\n<!-- \/ Yoast SEO plugin. -->","yoast_head_json":{"title":"Sengesett i bambus - Verdenshav | AZTEX","description":"Bambus sengesett er det perfekte valget for de som leter etter et naturlig, pustende materiale av h\u00f8y kvalitet som gir jevn komfort gjennom hele natten.","robots":{"index":"index","follow":"follow","max-snippet":"max-snippet:-1","max-image-preview":"max-image-preview:large","max-video-preview":"max-video-preview:-1"},"canonical":"https:\/\/aztex.ee\/no\/pood\/sengetoy\/premium-sengesett-bambus-verdenshav\/","og_locale":"nb_NO","og_type":"article","og_title":"Sengesett i bambus - Verdenshav | AZTEX","og_description":"Bambus sengesett er det perfekte valget for de som leter etter et naturlig, pustende materiale av h\u00f8y kvalitet som gir jevn komfort gjennom hele natten.","og_url":"https:\/\/aztex.ee\/no\/pood\/sengetoy\/premium-sengesett-bambus-verdenshav\/","og_site_name":"AZTEX","article_publisher":"https:\/\/www.facebook.com\/AztexEE","article_modified_time":"2026-02-01T16:43:47+00:00","og_image":[{"width":800,"height":800,"url":"https:\/\/aztex.ee\/wp-content\/uploads\/2025\/05\/Premium-voodipesukomplekt-bambus-Ookean.jpg","type":"image\/jpeg"}],"twitter_card":"summary_large_image","twitter_misc":{"Ansl. lesetid":"1 minutt"},"schema":{"@context":"https:\/\/schema.org","@graph":[{"@type":["WebPage","ItemPage"],"@id":"https:\/\/aztex.ee\/no\/pood\/sengetoy\/premium-sengesett-bambus-verdenshav\/","url":"https:\/\/aztex.ee\/no\/pood\/sengetoy\/premium-sengesett-bambus-verdenshav\/","name":"Sengesett i bambus - Verdenshav | AZTEX","isPartOf":{"@id":"https:\/\/aztex.ee\/no\/#website"},"primaryImageOfPage":{"@id":"https:\/\/aztex.ee\/no\/pood\/sengetoy\/premium-sengesett-bambus-verdenshav\/#primaryimage"},"image":{"@id":"https:\/\/aztex.ee\/no\/pood\/sengetoy\/premium-sengesett-bambus-verdenshav\/#primaryimage"},"thumbnailUrl":"https:\/\/aztex.ee\/wp-content\/uploads\/2025\/05\/Premium-voodipesukomplekt-bambus-Ookean.jpg","datePublished":"2025-05-15T22:08:29+00:00","dateModified":"2026-02-01T16:43:47+00:00","description":"Bambus sengesett er det perfekte valget for de som leter etter et naturlig, pustende materiale av h\u00f8y kvalitet som gir jevn komfort gjennom hele natten.","breadcrumb":{"@id":"https:\/\/aztex.ee\/no\/pood\/sengetoy\/premium-sengesett-bambus-verdenshav\/#breadcrumb"},"inLanguage":"nb-NO","potentialAction":[{"@type":"ReadAction","target":["https:\/\/aztex.ee\/no\/pood\/sengetoy\/premium-sengesett-bambus-verdenshav\/"]}]},{"@type":"ImageObject","inLanguage":"nb-NO","@id":"https:\/\/aztex.ee\/no\/pood\/sengetoy\/premium-sengesett-bambus-verdenshav\/#primaryimage","url":"https:\/\/aztex.ee\/wp-content\/uploads\/2025\/05\/Premium-voodipesukomplekt-bambus-Ookean.jpg","contentUrl":"https:\/\/aztex.ee\/wp-content\/uploads\/2025\/05\/Premium-voodipesukomplekt-bambus-Ookean.jpg","width":800,"height":800,"caption":"Premium voodipesukomplekt bambus Ookean"},{"@type":"BreadcrumbList","@id":"https:\/\/aztex.ee\/no\/pood\/sengetoy\/premium-sengesett-bambus-verdenshav\/#breadcrumb","itemListElement":[{"@type":"ListItem","position":1,"name":"Hjem","item":"https:\/\/aztex.ee\/no\/"},{"@type":"ListItem","position":2,"name":"Butikk","item":"https:\/\/aztex.ee\/no\/butikk\/"},{"@type":"ListItem","position":3,"name":"Premium sengesett 100% bambus | Verdenshav"}]},{"@type":"WebSite","@id":"https:\/\/aztex.ee\/no\/#website","url":"https:\/\/aztex.ee\/no\/","name":"AZTEX","description":"","publisher":{"@id":"https:\/\/aztex.ee\/no\/#organization"},"potentialAction":[{"@type":"SearchAction","target":{"@type":"EntryPoint","urlTemplate":"https:\/\/aztex.ee\/no\/?s={search_term_string}"},"query-input":{"@type":"PropertyValueSpecification","valueRequired":true,"valueName":"search_term_string"}}],"inLanguage":"nb-NO"},{"@type":"Organization","@id":"https:\/\/aztex.ee\/no\/#organization","name":"AZTEX","url":"https:\/\/aztex.ee\/no\/","logo":{"@type":"ImageObject","inLanguage":"nb-NO","@id":"https:\/\/aztex.ee\/no\/#\/schema\/logo\/image\/","url":"https:\/\/aztex.ee\/wp-content\/uploads\/2026\/01\/AZTEX.png","contentUrl":"https:\/\/aztex.ee\/wp-content\/uploads\/2026\/01\/AZTEX.png","width":500,"height":500,"caption":"AZTEX"},"image":{"@id":"https:\/\/aztex.ee\/no\/#\/schema\/logo\/image\/"},"sameAs":["https:\/\/www.facebook.com\/AztexEE","https:\/\/www.instagram.com\/aztexeesti\/","https:\/\/www.youtube.com\/@AZTEXEE","https:\/\/www.pinterest.com\/aztex_eesti\/","https:\/\/www.tiktok.com\/@aztexeesti","https:\/\/www.trustpilot.com\/review\/aztex.ee","https:\/\/www.linkedin.com\/company\/aztex-ee\/","https:\/\/www.wikidata.org\/wiki\/Q137560182"]}]}},"_links":{"self":[{"href":"https:\/\/aztex.ee\/no\/wp-json\/wp\/v2\/product\/86685","targetHints":{"allow":["GET"]}}],"collection":[{"href":"https:\/\/aztex.ee\/no\/wp-json\/wp\/v2\/product"}],"about":[{"href":"https:\/\/aztex.ee\/no\/wp-json\/wp\/v2\/types\/product"}],"replies":[{"embeddable":true,"href":"https:\/\/aztex.ee\/no\/wp-json\/wp\/v2\/comments?post=86685"}],"version-history":[{"count":0,"href":"https:\/\/aztex.ee\/no\/wp-json\/wp\/v2\/product\/86685\/revisions"}],"wp:featuredmedia":[{"embeddable":true,"href":"https:\/\/aztex.ee\/no\/wp-json\/wp\/v2\/media\/86729"}],"wp:attachment":[{"href":"https:\/\/aztex.ee\/no\/wp-json\/wp\/v2\/media?parent=86685"}],"wp:term":[{"taxonomy":"product_brand","embeddable":true,"href":"https:\/\/aztex.ee\/no\/wp-json\/wp\/v2\/product_brand?post=86685"},{"taxonomy":"product_cat","embeddable":true,"href":"https:\/\/aztex.ee\/no\/wp-json\/wp\/v2\/product_cat?post=86685"},{"taxonomy":"product_tag","embeddable":true,"href":"https:\/\/aztex.ee\/no\/wp-json\/wp\/v2\/product_tag?post=86685"}],"curies":[{"name":"wp","href":"https:\/\/api.w.org\/{rel}","templated":true}]}}