{"id":83303,"date":"2025-04-29T22:47:29","date_gmt":"2025-04-29T22:47:29","guid":{"rendered":"https:\/\/aztex.ee\/?post_type=product&#038;p=83303"},"modified":"2025-04-30T01:44:53","modified_gmt":"2025-04-30T01:44:53","slug":"tencel-putetrekk-lys-rosa","status":"publish","type":"product","link":"https:\/\/aztex.ee\/no\/pood\/putevar\/tencel-putetrekk-lys-rosa\/","title":{"rendered":"Tencel putetrekk \u2013 Lys rosa"},"content":{"rendered":"<p><strong>Naturlig myk<\/strong><\/p>\n<p>Tencel-stoffet er laget av eukalyptuscellulose, som er behandlet ved hjelp av den milj\u00f8vennlige Lyocell-prosessen. Cellulosen l\u00f8ses opp i et ikke-giftig l\u00f8semiddel, presses deretter til fibre og bearbeides til garn, noe som gj\u00f8r stoffet mykt, pustende, sterkt og et \u00f8kologisk b\u00e6rekraftig valg.<\/p>\n<p><strong>Hudvennlig<\/strong><\/p>\n<p>Tencel er et ideelt valg for sensitiv hud da den er hypoallergen. Den glatte overflaten reduserer irritasjon for\u00e5rsaket av friksjon og bidrar til \u00e5 opprettholde hudens naturlige fuktighetsbalanse. Et Tencel putetrekk sikrer kvalitetss\u00f8vn samtidig som det pleier huden.<\/p>\n<p><strong>Elegant utseende<\/strong><\/p>\n<p>Et Tencel putetrekk passer godt til alle sengesett, og gir soverommet et enkelt og elegant utseende som komplementerer ethvert interi\u00f8rdesign. Det klassiske og stilige utseendet passer til alle typer interi\u00f8r &#8211; fra moderne til tradisjonelle soverom. Et Tencel putetrekk har et luksuri\u00f8st og elegant utseende som gj\u00f8r hvert \u00f8yeblikk av s\u00f8vn mer behagelig.<\/p>\n<p><strong>Omsorg<\/strong><\/p>\n<p>Lettstelt &#8211; maskinvask ved lav temperatur for \u00e5 opprettholde stoffets egenskaper. Vi anbefaler luftt\u00f8rking for \u00e5 sikre langvarig holdbarhet og mykhet.<\/p>\n","protected":false},"excerpt":{"rendered":"<p>Tencel putevar er laget av eukalyptusfibre.<\/p>\n<ul>\n<li>Farge: Lys rosa<\/li>\n<li>Materiale: 100% Tencel<\/li>\n<li>Tr\u00e5dtall: 60S \/ 300TC<\/li>\n<\/ul>\n<p><img loading=\"lazy\" decoding=\"async\" class=\"alignnone wp-image-63145\" src=\"https:\/\/aztex.ee\/wp-content\/uploads\/2025\/03\/tencel-certified-400x129.png\" alt=\"\" width=\"131\" height=\"42\" srcset=\"https:\/\/aztex.ee\/wp-content\/uploads\/2025\/03\/tencel-certified-400x129.png 400w, https:\/\/aztex.ee\/wp-content\/uploads\/2025\/03\/tencel-certified-430x139.png 430w, https:\/\/aztex.ee\/wp-content\/uploads\/2025\/03\/tencel-certified-150x49.png 150w, https:\/\/aztex.ee\/wp-content\/uploads\/2025\/03\/tencel-certified.png 516w\" sizes=\"auto, (max-width: 131px) 100vw, 131px\" \/><img loading=\"lazy\" decoding=\"async\" class=\"alignnone wp-image-63168\" src=\"https:\/\/aztex.ee\/wp-content\/uploads\/2025\/03\/oeko-tex-standard-100.png\" alt=\"\" width=\"130\" height=\"43\" srcset=\"https:\/\/aztex.ee\/wp-content\/uploads\/2025\/03\/oeko-tex-standard-100.png 200w, https:\/\/aztex.ee\/wp-content\/uploads\/2025\/03\/oeko-tex-standard-100-150x50.png 150w\" sizes=\"auto, (max-width: 130px) 100vw, 130px\" \/><\/p>\n","protected":false},"featured_media":83630,"comment_status":"open","ping_status":"closed","template":"","meta":[],"product_brand":[],"product_cat":[1781,6036],"product_tag":[],"class_list":{"0":"post-83303","1":"product","2":"type-product","3":"status-publish","4":"has-post-thumbnail","6":"product_cat-putevar","7":"product_cat-tencel-putevar","9":"first","10":"instock","11":"shipping-taxable","12":"purchasable","13":"product-type-variable"},"yoast_head":"<!-- This site is optimized with the Yoast SEO plugin v27.6 - https:\/\/yoast.com\/product\/yoast-seo-wordpress\/ -->\n<title>TENCEL\u2122 Lyocell putetrekk - Lys rosa | AZTEX<\/title>\n<meta name=\"description\" content=\"Lys rosa TENCEL\u2122 Lyocell putetrekk er et hudvennlig og slitesterkt valg som gir en behagelig f\u00f8lelse av kj\u00f8lighet mens du sover og tilf\u00f8rer soverommet et elegant utseende.\" \/>\n<meta name=\"robots\" content=\"index, follow, max-snippet:-1, max-image-preview:large, max-video-preview:-1\" \/>\n<link rel=\"canonical\" href=\"https:\/\/aztex.ee\/no\/pood\/putevar\/tencel-putetrekk-lys-rosa\/\" \/>\n<meta property=\"og:locale\" content=\"nb_NO\" \/>\n<meta property=\"og:type\" content=\"article\" \/>\n<meta property=\"og:title\" content=\"TENCEL\u2122 Lyocell putetrekk - Lys rosa | AZTEX\" \/>\n<meta property=\"og:description\" content=\"Lys rosa TENCEL\u2122 Lyocell putetrekk er et hudvennlig og slitesterkt valg som gir en behagelig f\u00f8lelse av kj\u00f8lighet mens du sover og tilf\u00f8rer soverommet et elegant utseende.\" \/>\n<meta property=\"og:url\" content=\"https:\/\/aztex.ee\/no\/pood\/putevar\/tencel-putetrekk-lys-rosa\/\" \/>\n<meta property=\"og:site_name\" content=\"AZTEX\" \/>\n<meta property=\"article:publisher\" content=\"https:\/\/www.facebook.com\/AztexEE\" \/>\n<meta property=\"article:modified_time\" content=\"2025-04-30T01:44:53+00:00\" \/>\n<meta property=\"og:image\" content=\"https:\/\/aztex.ee\/wp-content\/uploads\/2025\/04\/Tencel-padjapuur-Heleroosa-2.jpg\" \/>\n\t<meta property=\"og:image:width\" content=\"800\" \/>\n\t<meta property=\"og:image:height\" content=\"800\" \/>\n\t<meta property=\"og:image:type\" content=\"image\/jpeg\" \/>\n<meta name=\"twitter:card\" content=\"summary_large_image\" \/>\n<meta name=\"twitter:label1\" content=\"Ansl. lesetid\" \/>\n\t<meta name=\"twitter:data1\" content=\"2 minutter\" \/>\n<script type=\"application\/ld+json\" class=\"yoast-schema-graph\">{\"@context\":\"https:\\\/\\\/schema.org\",\"@graph\":[{\"@type\":[\"WebPage\",\"ItemPage\"],\"@id\":\"https:\\\/\\\/aztex.ee\\\/no\\\/pood\\\/putevar\\\/tencel-putetrekk-lys-rosa\\\/\",\"url\":\"https:\\\/\\\/aztex.ee\\\/no\\\/pood\\\/putevar\\\/tencel-putetrekk-lys-rosa\\\/\",\"name\":\"TENCEL\u2122 Lyocell putetrekk - Lys rosa | AZTEX\",\"isPartOf\":{\"@id\":\"https:\\\/\\\/aztex.ee\\\/no\\\/#website\"},\"primaryImageOfPage\":{\"@id\":\"https:\\\/\\\/aztex.ee\\\/no\\\/pood\\\/putevar\\\/tencel-putetrekk-lys-rosa\\\/#primaryimage\"},\"image\":{\"@id\":\"https:\\\/\\\/aztex.ee\\\/no\\\/pood\\\/putevar\\\/tencel-putetrekk-lys-rosa\\\/#primaryimage\"},\"thumbnailUrl\":\"https:\\\/\\\/aztex.ee\\\/wp-content\\\/uploads\\\/2025\\\/04\\\/Tencel-padjapuur-Heleroosa-2.jpg\",\"datePublished\":\"2025-04-29T22:47:29+00:00\",\"dateModified\":\"2025-04-30T01:44:53+00:00\",\"description\":\"Lys rosa TENCEL\u2122 Lyocell putetrekk er et hudvennlig og slitesterkt valg som gir en behagelig f\u00f8lelse av kj\u00f8lighet mens du sover og tilf\u00f8rer soverommet et elegant utseende.\",\"breadcrumb\":{\"@id\":\"https:\\\/\\\/aztex.ee\\\/no\\\/pood\\\/putevar\\\/tencel-putetrekk-lys-rosa\\\/#breadcrumb\"},\"inLanguage\":\"nb-NO\",\"potentialAction\":[{\"@type\":\"ReadAction\",\"target\":[\"https:\\\/\\\/aztex.ee\\\/no\\\/pood\\\/putevar\\\/tencel-putetrekk-lys-rosa\\\/\"]}]},{\"@type\":\"ImageObject\",\"inLanguage\":\"nb-NO\",\"@id\":\"https:\\\/\\\/aztex.ee\\\/no\\\/pood\\\/putevar\\\/tencel-putetrekk-lys-rosa\\\/#primaryimage\",\"url\":\"https:\\\/\\\/aztex.ee\\\/wp-content\\\/uploads\\\/2025\\\/04\\\/Tencel-padjapuur-Heleroosa-2.jpg\",\"contentUrl\":\"https:\\\/\\\/aztex.ee\\\/wp-content\\\/uploads\\\/2025\\\/04\\\/Tencel-padjapuur-Heleroosa-2.jpg\",\"width\":800,\"height\":800,\"caption\":\"Tencel padjap\u00fc\u00fcr Heleroosa\"},{\"@type\":\"BreadcrumbList\",\"@id\":\"https:\\\/\\\/aztex.ee\\\/no\\\/pood\\\/putevar\\\/tencel-putetrekk-lys-rosa\\\/#breadcrumb\",\"itemListElement\":[{\"@type\":\"ListItem\",\"position\":1,\"name\":\"Hjem\",\"item\":\"https:\\\/\\\/aztex.ee\\\/no\\\/\"},{\"@type\":\"ListItem\",\"position\":2,\"name\":\"Butikk\",\"item\":\"https:\\\/\\\/aztex.ee\\\/no\\\/butikk\\\/\"},{\"@type\":\"ListItem\",\"position\":3,\"name\":\"Tencel putetrekk \u2013 Lys rosa\"}]},{\"@type\":\"WebSite\",\"@id\":\"https:\\\/\\\/aztex.ee\\\/no\\\/#website\",\"url\":\"https:\\\/\\\/aztex.ee\\\/no\\\/\",\"name\":\"AZTEX\",\"description\":\"\",\"publisher\":{\"@id\":\"https:\\\/\\\/aztex.ee\\\/no\\\/#organization\"},\"potentialAction\":[{\"@type\":\"SearchAction\",\"target\":{\"@type\":\"EntryPoint\",\"urlTemplate\":\"https:\\\/\\\/aztex.ee\\\/no\\\/?s={search_term_string}\"},\"query-input\":{\"@type\":\"PropertyValueSpecification\",\"valueRequired\":true,\"valueName\":\"search_term_string\"}}],\"inLanguage\":\"nb-NO\"},{\"@type\":\"Organization\",\"@id\":\"https:\\\/\\\/aztex.ee\\\/no\\\/#organization\",\"name\":\"AZTEX\",\"url\":\"https:\\\/\\\/aztex.ee\\\/no\\\/\",\"logo\":{\"@type\":\"ImageObject\",\"inLanguage\":\"nb-NO\",\"@id\":\"https:\\\/\\\/aztex.ee\\\/no\\\/#\\\/schema\\\/logo\\\/image\\\/\",\"url\":\"https:\\\/\\\/aztex.ee\\\/wp-content\\\/uploads\\\/2026\\\/01\\\/AZTEX.png\",\"contentUrl\":\"https:\\\/\\\/aztex.ee\\\/wp-content\\\/uploads\\\/2026\\\/01\\\/AZTEX.png\",\"width\":500,\"height\":500,\"caption\":\"AZTEX\"},\"image\":{\"@id\":\"https:\\\/\\\/aztex.ee\\\/no\\\/#\\\/schema\\\/logo\\\/image\\\/\"},\"sameAs\":[\"https:\\\/\\\/www.facebook.com\\\/AztexEE\",\"https:\\\/\\\/www.instagram.com\\\/aztexeesti\\\/\",\"https:\\\/\\\/www.youtube.com\\\/@AZTEXEE\",\"https:\\\/\\\/www.pinterest.com\\\/aztex_eesti\\\/\",\"https:\\\/\\\/www.tiktok.com\\\/@aztexeesti\",\"https:\\\/\\\/www.trustpilot.com\\\/review\\\/aztex.ee\",\"https:\\\/\\\/www.linkedin.com\\\/company\\\/aztex-ee\\\/\",\"https:\\\/\\\/www.wikidata.org\\\/wiki\\\/Q137560182\"]}]}<\/script>\n<!-- \/ Yoast SEO plugin. -->","yoast_head_json":{"title":"TENCEL\u2122 Lyocell putetrekk - Lys rosa | AZTEX","description":"Lys rosa TENCEL\u2122 Lyocell putetrekk er et hudvennlig og slitesterkt valg som gir en behagelig f\u00f8lelse av kj\u00f8lighet mens du sover og tilf\u00f8rer soverommet et elegant utseende.","robots":{"index":"index","follow":"follow","max-snippet":"max-snippet:-1","max-image-preview":"max-image-preview:large","max-video-preview":"max-video-preview:-1"},"canonical":"https:\/\/aztex.ee\/no\/pood\/putevar\/tencel-putetrekk-lys-rosa\/","og_locale":"nb_NO","og_type":"article","og_title":"TENCEL\u2122 Lyocell putetrekk - Lys rosa | AZTEX","og_description":"Lys rosa TENCEL\u2122 Lyocell putetrekk er et hudvennlig og slitesterkt valg som gir en behagelig f\u00f8lelse av kj\u00f8lighet mens du sover og tilf\u00f8rer soverommet et elegant utseende.","og_url":"https:\/\/aztex.ee\/no\/pood\/putevar\/tencel-putetrekk-lys-rosa\/","og_site_name":"AZTEX","article_publisher":"https:\/\/www.facebook.com\/AztexEE","article_modified_time":"2025-04-30T01:44:53+00:00","og_image":[{"width":800,"height":800,"url":"https:\/\/aztex.ee\/wp-content\/uploads\/2025\/04\/Tencel-padjapuur-Heleroosa-2.jpg","type":"image\/jpeg"}],"twitter_card":"summary_large_image","twitter_misc":{"Ansl. lesetid":"2 minutter"},"schema":{"@context":"https:\/\/schema.org","@graph":[{"@type":["WebPage","ItemPage"],"@id":"https:\/\/aztex.ee\/no\/pood\/putevar\/tencel-putetrekk-lys-rosa\/","url":"https:\/\/aztex.ee\/no\/pood\/putevar\/tencel-putetrekk-lys-rosa\/","name":"TENCEL\u2122 Lyocell putetrekk - Lys rosa | AZTEX","isPartOf":{"@id":"https:\/\/aztex.ee\/no\/#website"},"primaryImageOfPage":{"@id":"https:\/\/aztex.ee\/no\/pood\/putevar\/tencel-putetrekk-lys-rosa\/#primaryimage"},"image":{"@id":"https:\/\/aztex.ee\/no\/pood\/putevar\/tencel-putetrekk-lys-rosa\/#primaryimage"},"thumbnailUrl":"https:\/\/aztex.ee\/wp-content\/uploads\/2025\/04\/Tencel-padjapuur-Heleroosa-2.jpg","datePublished":"2025-04-29T22:47:29+00:00","dateModified":"2025-04-30T01:44:53+00:00","description":"Lys rosa TENCEL\u2122 Lyocell putetrekk er et hudvennlig og slitesterkt valg som gir en behagelig f\u00f8lelse av kj\u00f8lighet mens du sover og tilf\u00f8rer soverommet et elegant utseende.","breadcrumb":{"@id":"https:\/\/aztex.ee\/no\/pood\/putevar\/tencel-putetrekk-lys-rosa\/#breadcrumb"},"inLanguage":"nb-NO","potentialAction":[{"@type":"ReadAction","target":["https:\/\/aztex.ee\/no\/pood\/putevar\/tencel-putetrekk-lys-rosa\/"]}]},{"@type":"ImageObject","inLanguage":"nb-NO","@id":"https:\/\/aztex.ee\/no\/pood\/putevar\/tencel-putetrekk-lys-rosa\/#primaryimage","url":"https:\/\/aztex.ee\/wp-content\/uploads\/2025\/04\/Tencel-padjapuur-Heleroosa-2.jpg","contentUrl":"https:\/\/aztex.ee\/wp-content\/uploads\/2025\/04\/Tencel-padjapuur-Heleroosa-2.jpg","width":800,"height":800,"caption":"Tencel padjap\u00fc\u00fcr Heleroosa"},{"@type":"BreadcrumbList","@id":"https:\/\/aztex.ee\/no\/pood\/putevar\/tencel-putetrekk-lys-rosa\/#breadcrumb","itemListElement":[{"@type":"ListItem","position":1,"name":"Hjem","item":"https:\/\/aztex.ee\/no\/"},{"@type":"ListItem","position":2,"name":"Butikk","item":"https:\/\/aztex.ee\/no\/butikk\/"},{"@type":"ListItem","position":3,"name":"Tencel putetrekk \u2013 Lys rosa"}]},{"@type":"WebSite","@id":"https:\/\/aztex.ee\/no\/#website","url":"https:\/\/aztex.ee\/no\/","name":"AZTEX","description":"","publisher":{"@id":"https:\/\/aztex.ee\/no\/#organization"},"potentialAction":[{"@type":"SearchAction","target":{"@type":"EntryPoint","urlTemplate":"https:\/\/aztex.ee\/no\/?s={search_term_string}"},"query-input":{"@type":"PropertyValueSpecification","valueRequired":true,"valueName":"search_term_string"}}],"inLanguage":"nb-NO"},{"@type":"Organization","@id":"https:\/\/aztex.ee\/no\/#organization","name":"AZTEX","url":"https:\/\/aztex.ee\/no\/","logo":{"@type":"ImageObject","inLanguage":"nb-NO","@id":"https:\/\/aztex.ee\/no\/#\/schema\/logo\/image\/","url":"https:\/\/aztex.ee\/wp-content\/uploads\/2026\/01\/AZTEX.png","contentUrl":"https:\/\/aztex.ee\/wp-content\/uploads\/2026\/01\/AZTEX.png","width":500,"height":500,"caption":"AZTEX"},"image":{"@id":"https:\/\/aztex.ee\/no\/#\/schema\/logo\/image\/"},"sameAs":["https:\/\/www.facebook.com\/AztexEE","https:\/\/www.instagram.com\/aztexeesti\/","https:\/\/www.youtube.com\/@AZTEXEE","https:\/\/www.pinterest.com\/aztex_eesti\/","https:\/\/www.tiktok.com\/@aztexeesti","https:\/\/www.trustpilot.com\/review\/aztex.ee","https:\/\/www.linkedin.com\/company\/aztex-ee\/","https:\/\/www.wikidata.org\/wiki\/Q137560182"]}]}},"_links":{"self":[{"href":"https:\/\/aztex.ee\/no\/wp-json\/wp\/v2\/product\/83303","targetHints":{"allow":["GET"]}}],"collection":[{"href":"https:\/\/aztex.ee\/no\/wp-json\/wp\/v2\/product"}],"about":[{"href":"https:\/\/aztex.ee\/no\/wp-json\/wp\/v2\/types\/product"}],"replies":[{"embeddable":true,"href":"https:\/\/aztex.ee\/no\/wp-json\/wp\/v2\/comments?post=83303"}],"version-history":[{"count":0,"href":"https:\/\/aztex.ee\/no\/wp-json\/wp\/v2\/product\/83303\/revisions"}],"wp:featuredmedia":[{"embeddable":true,"href":"https:\/\/aztex.ee\/no\/wp-json\/wp\/v2\/media\/83630"}],"wp:attachment":[{"href":"https:\/\/aztex.ee\/no\/wp-json\/wp\/v2\/media?parent=83303"}],"wp:term":[{"taxonomy":"product_brand","embeddable":true,"href":"https:\/\/aztex.ee\/no\/wp-json\/wp\/v2\/product_brand?post=83303"},{"taxonomy":"product_cat","embeddable":true,"href":"https:\/\/aztex.ee\/no\/wp-json\/wp\/v2\/product_cat?post=83303"},{"taxonomy":"product_tag","embeddable":true,"href":"https:\/\/aztex.ee\/no\/wp-json\/wp\/v2\/product_tag?post=83303"}],"curies":[{"name":"wp","href":"https:\/\/api.w.org\/{rel}","templated":true}]}}