{"id":78280,"date":"2025-04-07T08:04:59","date_gmt":"2025-04-07T08:04:59","guid":{"rendered":"https:\/\/aztex.ee\/?post_type=product&#038;p=78280"},"modified":"2026-03-20T16:37:57","modified_gmt":"2026-03-20T16:37:57","slug":"bambus-putetrekk-burgund","status":"publish","type":"product","link":"https:\/\/aztex.ee\/no\/pood\/bambus-putevar\/bambus-putetrekk-burgund\/","title":{"rendered":"Bambus putetrekk \u2013 Burgund"},"content":{"rendered":"<p>Bambus putetrekk er pustende og hudvennlig, og gir en behagelig og forfriskende s\u00f8vn. De naturlige egenskapene til bambusfibre hjelper til med \u00e5 regulere temperaturen og absorbere fuktighet, og holde putetrekket t\u00f8rt og rent. I tillegg er den antibakteriell og hypoallergen, noe som gj\u00f8r den perfekt for sensitiv hud.<\/p>\n<p>Det glatte og delikate stoffet f\u00f8les behagelig \u00e5 ta p\u00e5 og er lettstelt &#8211; maskinvaskbart og slitesterkt. Den myke teksturen opprettholder kvaliteten selv etter gjentatte vask, og gir en behagelig hvile hver natt.<\/p>\n<p>Bambus putetrekk er perfekt for ethvert soverom, og tilbyr b\u00e5de praktisk og elegant utseende. Dens n\u00f8ytrale og naturlige toner skaper en rolig og koselig atmosf\u00e6re, som enkelt matcher forskjellige sengesett. Nyt en myk og frisk f\u00f8lelse hver natt, noe som gj\u00f8r s\u00f8vnen virkelig forfriskende.<\/p>\n","protected":false},"excerpt":{"rendered":"<p>Bambus putetrekk er naturlig, mykt og pustende, noe som sikrer kvalitetss\u00f8vn.<\/p>\n<ul>\n<li>Farge: Burgund<\/li>\n<li>Materiale: 100% bambus<\/li>\n<li>Tr\u00e5dtall: 300 TC<\/li>\n<\/ul>\n<p><img loading=\"lazy\" decoding=\"async\" class=\"alignnone wp-image-20226\" src=\"https:\/\/aztex.ee\/wp-content\/uploads\/2024\/09\/oekotex100.png\" alt=\"\" width=\"196\" height=\"69\" srcset=\"https:\/\/aztex.ee\/wp-content\/uploads\/2024\/09\/oekotex100.png 204w, https:\/\/aztex.ee\/wp-content\/uploads\/2024\/09\/oekotex100-150x53.png 150w\" sizes=\"auto, (max-width: 196px) 100vw, 196px\" \/><img loading=\"lazy\" decoding=\"async\" class=\"alignnone wp-image-20260\" src=\"https:\/\/aztex.ee\/wp-content\/uploads\/2024\/09\/bambuuss.png\" alt=\"\" width=\"75\" height=\"75\" srcset=\"https:\/\/aztex.ee\/wp-content\/uploads\/2024\/09\/bambuuss.png 204w, https:\/\/aztex.ee\/wp-content\/uploads\/2024\/09\/bambuuss-150x150.png 150w\" sizes=\"auto, (max-width: 75px) 100vw, 75px\" \/><\/p>\n","protected":false},"featured_media":78358,"comment_status":"open","ping_status":"closed","template":"","meta":[],"product_brand":[],"product_cat":[524,1781],"product_tag":[],"class_list":{"0":"post-78280","1":"product","2":"type-product","3":"status-publish","4":"has-post-thumbnail","6":"product_cat-bambus-putevar","7":"product_cat-putevar","9":"first","10":"instock","11":"shipping-taxable","12":"purchasable","13":"product-type-variable"},"yoast_head":"<!-- This site is optimized with the Yoast SEO plugin v27.6 - https:\/\/yoast.com\/product\/yoast-seo-wordpress\/ -->\n<title>Bambus putetrekk - Burgund - 100% naturlig bambus | AZTEX<\/title>\n<meta name=\"description\" content=\"Burgunder farge naturlig bambus putetrekk er myke, pustende, hudvennlige og antibakterielle. Det er et ideelt valg for sensitiv hud og gir en forfriskende\" \/>\n<meta name=\"robots\" content=\"index, follow, max-snippet:-1, max-image-preview:large, max-video-preview:-1\" \/>\n<link rel=\"canonical\" href=\"https:\/\/aztex.ee\/no\/pood\/bambus-putevar\/bambus-putetrekk-burgund\/\" \/>\n<meta property=\"og:locale\" content=\"nb_NO\" \/>\n<meta property=\"og:type\" content=\"article\" \/>\n<meta property=\"og:title\" content=\"Bambus putetrekk - Burgund - 100% naturlig bambus | AZTEX\" \/>\n<meta property=\"og:description\" content=\"Burgunder farge naturlig bambus putetrekk er myke, pustende, hudvennlige og antibakterielle. Det er et ideelt valg for sensitiv hud og gir en forfriskende\" \/>\n<meta property=\"og:url\" content=\"https:\/\/aztex.ee\/no\/pood\/bambus-putevar\/bambus-putetrekk-burgund\/\" \/>\n<meta property=\"og:site_name\" content=\"AZTEX\" \/>\n<meta property=\"article:publisher\" content=\"https:\/\/www.facebook.com\/AztexEE\" \/>\n<meta property=\"article:modified_time\" content=\"2026-03-20T16:37:57+00:00\" \/>\n<meta property=\"og:image\" content=\"https:\/\/aztex.ee\/wp-content\/uploads\/2025\/04\/Bambusest-padjapuur-\u2013-Burgundia.jpg\" \/>\n\t<meta property=\"og:image:width\" content=\"800\" \/>\n\t<meta property=\"og:image:height\" content=\"800\" \/>\n\t<meta property=\"og:image:type\" content=\"image\/jpeg\" \/>\n<meta name=\"twitter:card\" content=\"summary_large_image\" \/>\n<meta name=\"twitter:label1\" content=\"Ansl. lesetid\" \/>\n\t<meta name=\"twitter:data1\" content=\"1 minutt\" \/>\n<script type=\"application\/ld+json\" class=\"yoast-schema-graph\">{\"@context\":\"https:\\\/\\\/schema.org\",\"@graph\":[{\"@type\":[\"WebPage\",\"ItemPage\"],\"@id\":\"https:\\\/\\\/aztex.ee\\\/no\\\/pood\\\/bambus-putevar\\\/bambus-putetrekk-burgund\\\/\",\"url\":\"https:\\\/\\\/aztex.ee\\\/no\\\/pood\\\/bambus-putevar\\\/bambus-putetrekk-burgund\\\/\",\"name\":\"Bambus putetrekk - Burgund - 100% naturlig bambus | AZTEX\",\"isPartOf\":{\"@id\":\"https:\\\/\\\/aztex.ee\\\/no\\\/#website\"},\"primaryImageOfPage\":{\"@id\":\"https:\\\/\\\/aztex.ee\\\/no\\\/pood\\\/bambus-putevar\\\/bambus-putetrekk-burgund\\\/#primaryimage\"},\"image\":{\"@id\":\"https:\\\/\\\/aztex.ee\\\/no\\\/pood\\\/bambus-putevar\\\/bambus-putetrekk-burgund\\\/#primaryimage\"},\"thumbnailUrl\":\"https:\\\/\\\/aztex.ee\\\/wp-content\\\/uploads\\\/2025\\\/04\\\/Bambusest-padjapuur-\u2013-Burgundia.jpg\",\"datePublished\":\"2025-04-07T08:04:59+00:00\",\"dateModified\":\"2026-03-20T16:37:57+00:00\",\"description\":\"Burgunder farge naturlig bambus putetrekk er myke, pustende, hudvennlige og antibakterielle. Det er et ideelt valg for sensitiv hud og gir en forfriskende\",\"breadcrumb\":{\"@id\":\"https:\\\/\\\/aztex.ee\\\/no\\\/pood\\\/bambus-putevar\\\/bambus-putetrekk-burgund\\\/#breadcrumb\"},\"inLanguage\":\"nb-NO\",\"potentialAction\":[{\"@type\":\"ReadAction\",\"target\":[\"https:\\\/\\\/aztex.ee\\\/no\\\/pood\\\/bambus-putevar\\\/bambus-putetrekk-burgund\\\/\"]}]},{\"@type\":\"ImageObject\",\"inLanguage\":\"nb-NO\",\"@id\":\"https:\\\/\\\/aztex.ee\\\/no\\\/pood\\\/bambus-putevar\\\/bambus-putetrekk-burgund\\\/#primaryimage\",\"url\":\"https:\\\/\\\/aztex.ee\\\/wp-content\\\/uploads\\\/2025\\\/04\\\/Bambusest-padjapuur-\u2013-Burgundia.jpg\",\"contentUrl\":\"https:\\\/\\\/aztex.ee\\\/wp-content\\\/uploads\\\/2025\\\/04\\\/Bambusest-padjapuur-\u2013-Burgundia.jpg\",\"width\":800,\"height\":800,\"caption\":\"Bambusest padjap\u00fc\u00fcr \u2013 Burgundia\"},{\"@type\":\"BreadcrumbList\",\"@id\":\"https:\\\/\\\/aztex.ee\\\/no\\\/pood\\\/bambus-putevar\\\/bambus-putetrekk-burgund\\\/#breadcrumb\",\"itemListElement\":[{\"@type\":\"ListItem\",\"position\":1,\"name\":\"Hjem\",\"item\":\"https:\\\/\\\/aztex.ee\\\/no\\\/\"},{\"@type\":\"ListItem\",\"position\":2,\"name\":\"Butikk\",\"item\":\"https:\\\/\\\/aztex.ee\\\/no\\\/butikk\\\/\"},{\"@type\":\"ListItem\",\"position\":3,\"name\":\"Bambus putetrekk \u2013 Burgund\"}]},{\"@type\":\"WebSite\",\"@id\":\"https:\\\/\\\/aztex.ee\\\/no\\\/#website\",\"url\":\"https:\\\/\\\/aztex.ee\\\/no\\\/\",\"name\":\"AZTEX\",\"description\":\"\",\"publisher\":{\"@id\":\"https:\\\/\\\/aztex.ee\\\/no\\\/#organization\"},\"potentialAction\":[{\"@type\":\"SearchAction\",\"target\":{\"@type\":\"EntryPoint\",\"urlTemplate\":\"https:\\\/\\\/aztex.ee\\\/no\\\/?s={search_term_string}\"},\"query-input\":{\"@type\":\"PropertyValueSpecification\",\"valueRequired\":true,\"valueName\":\"search_term_string\"}}],\"inLanguage\":\"nb-NO\"},{\"@type\":\"Organization\",\"@id\":\"https:\\\/\\\/aztex.ee\\\/no\\\/#organization\",\"name\":\"AZTEX\",\"url\":\"https:\\\/\\\/aztex.ee\\\/no\\\/\",\"logo\":{\"@type\":\"ImageObject\",\"inLanguage\":\"nb-NO\",\"@id\":\"https:\\\/\\\/aztex.ee\\\/no\\\/#\\\/schema\\\/logo\\\/image\\\/\",\"url\":\"https:\\\/\\\/aztex.ee\\\/wp-content\\\/uploads\\\/2026\\\/01\\\/AZTEX.png\",\"contentUrl\":\"https:\\\/\\\/aztex.ee\\\/wp-content\\\/uploads\\\/2026\\\/01\\\/AZTEX.png\",\"width\":500,\"height\":500,\"caption\":\"AZTEX\"},\"image\":{\"@id\":\"https:\\\/\\\/aztex.ee\\\/no\\\/#\\\/schema\\\/logo\\\/image\\\/\"},\"sameAs\":[\"https:\\\/\\\/www.facebook.com\\\/AztexEE\",\"https:\\\/\\\/www.instagram.com\\\/aztexeesti\\\/\",\"https:\\\/\\\/www.youtube.com\\\/@AZTEXEE\",\"https:\\\/\\\/www.pinterest.com\\\/aztex_eesti\\\/\",\"https:\\\/\\\/www.tiktok.com\\\/@aztexeesti\",\"https:\\\/\\\/www.trustpilot.com\\\/review\\\/aztex.ee\",\"https:\\\/\\\/www.linkedin.com\\\/company\\\/aztex-ee\\\/\",\"https:\\\/\\\/www.wikidata.org\\\/wiki\\\/Q137560182\"]}]}<\/script>\n<!-- \/ Yoast SEO plugin. -->","yoast_head_json":{"title":"Bambus putetrekk - Burgund - 100% naturlig bambus | AZTEX","description":"Burgunder farge naturlig bambus putetrekk er myke, pustende, hudvennlige og antibakterielle. Det er et ideelt valg for sensitiv hud og gir en forfriskende","robots":{"index":"index","follow":"follow","max-snippet":"max-snippet:-1","max-image-preview":"max-image-preview:large","max-video-preview":"max-video-preview:-1"},"canonical":"https:\/\/aztex.ee\/no\/pood\/bambus-putevar\/bambus-putetrekk-burgund\/","og_locale":"nb_NO","og_type":"article","og_title":"Bambus putetrekk - Burgund - 100% naturlig bambus | AZTEX","og_description":"Burgunder farge naturlig bambus putetrekk er myke, pustende, hudvennlige og antibakterielle. Det er et ideelt valg for sensitiv hud og gir en forfriskende","og_url":"https:\/\/aztex.ee\/no\/pood\/bambus-putevar\/bambus-putetrekk-burgund\/","og_site_name":"AZTEX","article_publisher":"https:\/\/www.facebook.com\/AztexEE","article_modified_time":"2026-03-20T16:37:57+00:00","og_image":[{"width":800,"height":800,"url":"https:\/\/aztex.ee\/wp-content\/uploads\/2025\/04\/Bambusest-padjapuur-\u2013-Burgundia.jpg","type":"image\/jpeg"}],"twitter_card":"summary_large_image","twitter_misc":{"Ansl. lesetid":"1 minutt"},"schema":{"@context":"https:\/\/schema.org","@graph":[{"@type":["WebPage","ItemPage"],"@id":"https:\/\/aztex.ee\/no\/pood\/bambus-putevar\/bambus-putetrekk-burgund\/","url":"https:\/\/aztex.ee\/no\/pood\/bambus-putevar\/bambus-putetrekk-burgund\/","name":"Bambus putetrekk - Burgund - 100% naturlig bambus | AZTEX","isPartOf":{"@id":"https:\/\/aztex.ee\/no\/#website"},"primaryImageOfPage":{"@id":"https:\/\/aztex.ee\/no\/pood\/bambus-putevar\/bambus-putetrekk-burgund\/#primaryimage"},"image":{"@id":"https:\/\/aztex.ee\/no\/pood\/bambus-putevar\/bambus-putetrekk-burgund\/#primaryimage"},"thumbnailUrl":"https:\/\/aztex.ee\/wp-content\/uploads\/2025\/04\/Bambusest-padjapuur-\u2013-Burgundia.jpg","datePublished":"2025-04-07T08:04:59+00:00","dateModified":"2026-03-20T16:37:57+00:00","description":"Burgunder farge naturlig bambus putetrekk er myke, pustende, hudvennlige og antibakterielle. Det er et ideelt valg for sensitiv hud og gir en forfriskende","breadcrumb":{"@id":"https:\/\/aztex.ee\/no\/pood\/bambus-putevar\/bambus-putetrekk-burgund\/#breadcrumb"},"inLanguage":"nb-NO","potentialAction":[{"@type":"ReadAction","target":["https:\/\/aztex.ee\/no\/pood\/bambus-putevar\/bambus-putetrekk-burgund\/"]}]},{"@type":"ImageObject","inLanguage":"nb-NO","@id":"https:\/\/aztex.ee\/no\/pood\/bambus-putevar\/bambus-putetrekk-burgund\/#primaryimage","url":"https:\/\/aztex.ee\/wp-content\/uploads\/2025\/04\/Bambusest-padjapuur-\u2013-Burgundia.jpg","contentUrl":"https:\/\/aztex.ee\/wp-content\/uploads\/2025\/04\/Bambusest-padjapuur-\u2013-Burgundia.jpg","width":800,"height":800,"caption":"Bambusest padjap\u00fc\u00fcr \u2013 Burgundia"},{"@type":"BreadcrumbList","@id":"https:\/\/aztex.ee\/no\/pood\/bambus-putevar\/bambus-putetrekk-burgund\/#breadcrumb","itemListElement":[{"@type":"ListItem","position":1,"name":"Hjem","item":"https:\/\/aztex.ee\/no\/"},{"@type":"ListItem","position":2,"name":"Butikk","item":"https:\/\/aztex.ee\/no\/butikk\/"},{"@type":"ListItem","position":3,"name":"Bambus putetrekk \u2013 Burgund"}]},{"@type":"WebSite","@id":"https:\/\/aztex.ee\/no\/#website","url":"https:\/\/aztex.ee\/no\/","name":"AZTEX","description":"","publisher":{"@id":"https:\/\/aztex.ee\/no\/#organization"},"potentialAction":[{"@type":"SearchAction","target":{"@type":"EntryPoint","urlTemplate":"https:\/\/aztex.ee\/no\/?s={search_term_string}"},"query-input":{"@type":"PropertyValueSpecification","valueRequired":true,"valueName":"search_term_string"}}],"inLanguage":"nb-NO"},{"@type":"Organization","@id":"https:\/\/aztex.ee\/no\/#organization","name":"AZTEX","url":"https:\/\/aztex.ee\/no\/","logo":{"@type":"ImageObject","inLanguage":"nb-NO","@id":"https:\/\/aztex.ee\/no\/#\/schema\/logo\/image\/","url":"https:\/\/aztex.ee\/wp-content\/uploads\/2026\/01\/AZTEX.png","contentUrl":"https:\/\/aztex.ee\/wp-content\/uploads\/2026\/01\/AZTEX.png","width":500,"height":500,"caption":"AZTEX"},"image":{"@id":"https:\/\/aztex.ee\/no\/#\/schema\/logo\/image\/"},"sameAs":["https:\/\/www.facebook.com\/AztexEE","https:\/\/www.instagram.com\/aztexeesti\/","https:\/\/www.youtube.com\/@AZTEXEE","https:\/\/www.pinterest.com\/aztex_eesti\/","https:\/\/www.tiktok.com\/@aztexeesti","https:\/\/www.trustpilot.com\/review\/aztex.ee","https:\/\/www.linkedin.com\/company\/aztex-ee\/","https:\/\/www.wikidata.org\/wiki\/Q137560182"]}]}},"_links":{"self":[{"href":"https:\/\/aztex.ee\/no\/wp-json\/wp\/v2\/product\/78280","targetHints":{"allow":["GET"]}}],"collection":[{"href":"https:\/\/aztex.ee\/no\/wp-json\/wp\/v2\/product"}],"about":[{"href":"https:\/\/aztex.ee\/no\/wp-json\/wp\/v2\/types\/product"}],"replies":[{"embeddable":true,"href":"https:\/\/aztex.ee\/no\/wp-json\/wp\/v2\/comments?post=78280"}],"version-history":[{"count":0,"href":"https:\/\/aztex.ee\/no\/wp-json\/wp\/v2\/product\/78280\/revisions"}],"wp:featuredmedia":[{"embeddable":true,"href":"https:\/\/aztex.ee\/no\/wp-json\/wp\/v2\/media\/78358"}],"wp:attachment":[{"href":"https:\/\/aztex.ee\/no\/wp-json\/wp\/v2\/media?parent=78280"}],"wp:term":[{"taxonomy":"product_brand","embeddable":true,"href":"https:\/\/aztex.ee\/no\/wp-json\/wp\/v2\/product_brand?post=78280"},{"taxonomy":"product_cat","embeddable":true,"href":"https:\/\/aztex.ee\/no\/wp-json\/wp\/v2\/product_cat?post=78280"},{"taxonomy":"product_tag","embeddable":true,"href":"https:\/\/aztex.ee\/no\/wp-json\/wp\/v2\/product_tag?post=78280"}],"curies":[{"name":"wp","href":"https:\/\/api.w.org\/{rel}","templated":true}]}}