{"id":74604,"date":"2025-03-29T16:14:25","date_gmt":"2025-03-29T16:14:25","guid":{"rendered":"https:\/\/aztex.ee\/?post_type=product&#038;p=74604"},"modified":"2026-04-13T10:06:28","modified_gmt":"2026-04-13T10:06:28","slug":"badehandkle-i-bomull","status":"publish","type":"product","link":"https:\/\/aztex.ee\/no\/pood\/handklaer-og-badehandklaer\/badehandkle-i-bomull\/","title":{"rendered":"Badeh\u00e5ndkle 70&#215;140 cm"},"content":{"rendered":"<p><strong>Badeh\u00e5ndkle i bomull \u2013 mykhet og praktisk sammen<\/strong><\/p>\n<p>Et badeh\u00e5ndkle i bomull er laget av naturfiber, som er hudvennlig og har utmerket pusteevne. Den myke og delikate teksturen gj\u00f8r den egnet selv for sensitiv hud, og gir en behagelig f\u00f8lelse ved hver bruk. Takket v\u00e6re den naturlige luftgjennomtrengeligheten til bomull t\u00f8rker h\u00e5ndkleet raskt og holder seg friskt lenger.<\/p>\n<p><strong>God fuktighetsabsorpsjon<\/strong><\/p>\n<p>Et h\u00f8ykvalitets og tettvevd badeh\u00e5ndkle absorberer fuktighet effektivt, og hjelper kroppen \u00e5 t\u00f8rke raskt etter en dusj, bad eller badstue. Myke bomullsfibre s\u00f8rger for utmerket absorpsjon og hurtigt\u00f8rking, noe som gj\u00f8r den perfekt til hverdagsbruk s\u00e5 vel som for \u00e5 ta med deg p\u00e5 tur eller spa.<\/p>\n<p><strong>Slitesterk og lettstelt<\/strong><\/p>\n<p>Bomull er et slitesterkt og langtidsholdbart materiale som t\u00e5ler hyppig vask og beholder sin mykhet og kvalitet ogs\u00e5 etter \u00e5r. Badeh\u00e5ndkleet kan vaskes i maskin og er lett \u00e5 ta vare p\u00e5 \u2013 hvis det vaskes og t\u00f8rkes riktig, holder det seg friskt og luftig lenge. Stoffet av h\u00f8y kvalitet beholder sin form og farge, og gir langvarig nytelse.<\/p>\n<p><strong>Et klassisk valg for ethvert bad<\/strong><\/p>\n<p>Et badeh\u00e5ndkle i bomull kombinerer praktisk og tidl\u00f8s stil. Dens naturlige fargetoner og klassiske design matcher lett forskjellige baderomsdesign, og tilf\u00f8rer rommet hygge og eleganse. Det er flere nyanser \u00e5 velge mellom, s\u00e5 alle kan finne den som passer deres preferanser.<\/p>\n<p>Et badeh\u00e5ndkle i bomull er det ideelle valget for de som verdsetter komfort, kvalitet og holdbarhet. Dens naturlige sammensetning s\u00f8rger for sk\u00e5nsom pleie for huden, mens utmerket absorberingsevne og enkel pleie gj\u00f8r den til en praktisk hverdagsf\u00f8lge. Enten som gave eller for \u00e5 oppdatere ditt eget bad &#8211; et h\u00f8ykvalitets bomullsbadeh\u00e5ndkle gir alltid en luksuri\u00f8s f\u00f8lelse og maksimal komfort.<\/p>\n","protected":false},"excerpt":{"rendered":"<ul>\n<li>Materiale: 100% bomull<\/li>\n<li>St\u00f8rrelse: 70&#215;140 cm \u00b13<\/li>\n<li>Vekt: 400g\/m2<\/li>\n<\/ul>\n","protected":false},"featured_media":74652,"comment_status":"open","ping_status":"closed","template":"","meta":[],"product_brand":[],"product_cat":[1597,1714,486],"product_tag":[],"class_list":{"0":"post-74604","1":"product","2":"type-product","3":"status-publish","4":"has-post-thumbnail","6":"product_cat-badehandklaer","7":"product_cat-badehandklaer-70x140-cm","8":"product_cat-handklaer-og-badehandklaer","10":"first","11":"instock","12":"shipping-taxable","13":"purchasable","14":"product-type-variable"},"yoast_head":"<!-- This site is optimized with the Yoast SEO plugin v27.3 - https:\/\/yoast.com\/product\/yoast-seo-wordpress\/ -->\n<title>Badeh\u00e5ndkle i 100% bomull - H\u00f8y kvalitet og myk | AZTEX<\/title>\n<meta name=\"description\" content=\"Bomull Badeh\u00e5ndkle er mykt, absorberende, slitesterkt og perfekt etter en varm dusj eller et avslappende bad. Naturmaterialet tar vare p\u00e5 hudens velv\u00e6re ...\" \/>\n<meta name=\"robots\" content=\"index, follow, max-snippet:-1, max-image-preview:large, max-video-preview:-1\" \/>\n<link rel=\"canonical\" href=\"https:\/\/aztex.ee\/no\/pood\/handklaer-og-badehandklaer\/badehandkle-i-bomull\/\" \/>\n<meta property=\"og:locale\" content=\"nb_NO\" \/>\n<meta property=\"og:type\" content=\"article\" \/>\n<meta property=\"og:title\" content=\"Badeh\u00e5ndkle i 100% bomull - H\u00f8y kvalitet og myk | AZTEX\" \/>\n<meta property=\"og:description\" content=\"Bomull Badeh\u00e5ndkle er mykt, absorberende, slitesterkt og perfekt etter en varm dusj eller et avslappende bad. Naturmaterialet tar vare p\u00e5 hudens velv\u00e6re ...\" \/>\n<meta property=\"og:url\" content=\"https:\/\/aztex.ee\/no\/pood\/handklaer-og-badehandklaer\/badehandkle-i-bomull\/\" \/>\n<meta property=\"og:site_name\" content=\"AZTEX\" \/>\n<meta property=\"article:publisher\" content=\"https:\/\/www.facebook.com\/AztexEE\" \/>\n<meta property=\"article:modified_time\" content=\"2026-04-13T10:06:28+00:00\" \/>\n<meta property=\"og:image\" content=\"https:\/\/aztex.ee\/wp-content\/uploads\/2025\/03\/Vanniratik-70x140-cm-2.jpg\" \/>\n\t<meta property=\"og:image:width\" content=\"800\" \/>\n\t<meta property=\"og:image:height\" content=\"800\" \/>\n\t<meta property=\"og:image:type\" content=\"image\/jpeg\" \/>\n<meta name=\"twitter:card\" content=\"summary_large_image\" \/>\n<meta name=\"twitter:label1\" content=\"Ansl. lesetid\" \/>\n\t<meta name=\"twitter:data1\" content=\"2 minutter\" \/>\n<script type=\"application\/ld+json\" class=\"yoast-schema-graph\">{\"@context\":\"https:\\\/\\\/schema.org\",\"@graph\":[{\"@type\":[\"WebPage\",\"ItemPage\"],\"@id\":\"https:\\\/\\\/aztex.ee\\\/no\\\/pood\\\/handklaer-og-badehandklaer\\\/badehandkle-i-bomull\\\/\",\"url\":\"https:\\\/\\\/aztex.ee\\\/no\\\/pood\\\/handklaer-og-badehandklaer\\\/badehandkle-i-bomull\\\/\",\"name\":\"Badeh\u00e5ndkle i 100% bomull - H\u00f8y kvalitet og myk | AZTEX\",\"isPartOf\":{\"@id\":\"https:\\\/\\\/aztex.ee\\\/no\\\/#website\"},\"primaryImageOfPage\":{\"@id\":\"https:\\\/\\\/aztex.ee\\\/no\\\/pood\\\/handklaer-og-badehandklaer\\\/badehandkle-i-bomull\\\/#primaryimage\"},\"image\":{\"@id\":\"https:\\\/\\\/aztex.ee\\\/no\\\/pood\\\/handklaer-og-badehandklaer\\\/badehandkle-i-bomull\\\/#primaryimage\"},\"thumbnailUrl\":\"https:\\\/\\\/aztex.ee\\\/wp-content\\\/uploads\\\/2025\\\/03\\\/Vanniratik-70x140-cm-2.jpg\",\"datePublished\":\"2025-03-29T16:14:25+00:00\",\"dateModified\":\"2026-04-13T10:06:28+00:00\",\"description\":\"Bomull Badeh\u00e5ndkle er mykt, absorberende, slitesterkt og perfekt etter en varm dusj eller et avslappende bad. Naturmaterialet tar vare p\u00e5 hudens velv\u00e6re ...\",\"breadcrumb\":{\"@id\":\"https:\\\/\\\/aztex.ee\\\/no\\\/pood\\\/handklaer-og-badehandklaer\\\/badehandkle-i-bomull\\\/#breadcrumb\"},\"inLanguage\":\"nb-NO\",\"potentialAction\":[{\"@type\":\"ReadAction\",\"target\":[\"https:\\\/\\\/aztex.ee\\\/no\\\/pood\\\/handklaer-og-badehandklaer\\\/badehandkle-i-bomull\\\/\"]}]},{\"@type\":\"ImageObject\",\"inLanguage\":\"nb-NO\",\"@id\":\"https:\\\/\\\/aztex.ee\\\/no\\\/pood\\\/handklaer-og-badehandklaer\\\/badehandkle-i-bomull\\\/#primaryimage\",\"url\":\"https:\\\/\\\/aztex.ee\\\/wp-content\\\/uploads\\\/2025\\\/03\\\/Vanniratik-70x140-cm-2.jpg\",\"contentUrl\":\"https:\\\/\\\/aztex.ee\\\/wp-content\\\/uploads\\\/2025\\\/03\\\/Vanniratik-70x140-cm-2.jpg\",\"width\":800,\"height\":800,\"caption\":\"Vannir\u00e4tik 70x140 cm\"},{\"@type\":\"BreadcrumbList\",\"@id\":\"https:\\\/\\\/aztex.ee\\\/no\\\/pood\\\/handklaer-og-badehandklaer\\\/badehandkle-i-bomull\\\/#breadcrumb\",\"itemListElement\":[{\"@type\":\"ListItem\",\"position\":1,\"name\":\"Hjem\",\"item\":\"https:\\\/\\\/aztex.ee\\\/no\\\/\"},{\"@type\":\"ListItem\",\"position\":2,\"name\":\"Butikk\",\"item\":\"https:\\\/\\\/aztex.ee\\\/no\\\/butikk\\\/\"},{\"@type\":\"ListItem\",\"position\":3,\"name\":\"Badeh\u00e5ndkle 70&#215;140 cm\"}]},{\"@type\":\"WebSite\",\"@id\":\"https:\\\/\\\/aztex.ee\\\/no\\\/#website\",\"url\":\"https:\\\/\\\/aztex.ee\\\/no\\\/\",\"name\":\"AZTEX\",\"description\":\"\",\"publisher\":{\"@id\":\"https:\\\/\\\/aztex.ee\\\/no\\\/#organization\"},\"potentialAction\":[{\"@type\":\"SearchAction\",\"target\":{\"@type\":\"EntryPoint\",\"urlTemplate\":\"https:\\\/\\\/aztex.ee\\\/no\\\/?s={search_term_string}\"},\"query-input\":{\"@type\":\"PropertyValueSpecification\",\"valueRequired\":true,\"valueName\":\"search_term_string\"}}],\"inLanguage\":\"nb-NO\"},{\"@type\":\"Organization\",\"@id\":\"https:\\\/\\\/aztex.ee\\\/no\\\/#organization\",\"name\":\"AZTEX\",\"url\":\"https:\\\/\\\/aztex.ee\\\/no\\\/\",\"logo\":{\"@type\":\"ImageObject\",\"inLanguage\":\"nb-NO\",\"@id\":\"https:\\\/\\\/aztex.ee\\\/no\\\/#\\\/schema\\\/logo\\\/image\\\/\",\"url\":\"https:\\\/\\\/aztex.ee\\\/wp-content\\\/uploads\\\/2026\\\/01\\\/AZTEX.png\",\"contentUrl\":\"https:\\\/\\\/aztex.ee\\\/wp-content\\\/uploads\\\/2026\\\/01\\\/AZTEX.png\",\"width\":500,\"height\":500,\"caption\":\"AZTEX\"},\"image\":{\"@id\":\"https:\\\/\\\/aztex.ee\\\/no\\\/#\\\/schema\\\/logo\\\/image\\\/\"},\"sameAs\":[\"https:\\\/\\\/www.facebook.com\\\/AztexEE\",\"https:\\\/\\\/www.instagram.com\\\/aztexeesti\\\/\",\"https:\\\/\\\/www.youtube.com\\\/@AZTEXEE\",\"https:\\\/\\\/www.pinterest.com\\\/aztex_eesti\\\/\",\"https:\\\/\\\/www.tiktok.com\\\/@aztexeesti\",\"https:\\\/\\\/www.trustpilot.com\\\/review\\\/aztex.ee\",\"https:\\\/\\\/www.linkedin.com\\\/company\\\/aztex-ee\\\/\",\"https:\\\/\\\/www.wikidata.org\\\/wiki\\\/Q137560182\"]}]}<\/script>\n<!-- \/ Yoast SEO plugin. -->","yoast_head_json":{"title":"Badeh\u00e5ndkle i 100% bomull - H\u00f8y kvalitet og myk | AZTEX","description":"Bomull Badeh\u00e5ndkle er mykt, absorberende, slitesterkt og perfekt etter en varm dusj eller et avslappende bad. Naturmaterialet tar vare p\u00e5 hudens velv\u00e6re ...","robots":{"index":"index","follow":"follow","max-snippet":"max-snippet:-1","max-image-preview":"max-image-preview:large","max-video-preview":"max-video-preview:-1"},"canonical":"https:\/\/aztex.ee\/no\/pood\/handklaer-og-badehandklaer\/badehandkle-i-bomull\/","og_locale":"nb_NO","og_type":"article","og_title":"Badeh\u00e5ndkle i 100% bomull - H\u00f8y kvalitet og myk | AZTEX","og_description":"Bomull Badeh\u00e5ndkle er mykt, absorberende, slitesterkt og perfekt etter en varm dusj eller et avslappende bad. Naturmaterialet tar vare p\u00e5 hudens velv\u00e6re ...","og_url":"https:\/\/aztex.ee\/no\/pood\/handklaer-og-badehandklaer\/badehandkle-i-bomull\/","og_site_name":"AZTEX","article_publisher":"https:\/\/www.facebook.com\/AztexEE","article_modified_time":"2026-04-13T10:06:28+00:00","og_image":[{"width":800,"height":800,"url":"https:\/\/aztex.ee\/wp-content\/uploads\/2025\/03\/Vanniratik-70x140-cm-2.jpg","type":"image\/jpeg"}],"twitter_card":"summary_large_image","twitter_misc":{"Ansl. lesetid":"2 minutter"},"schema":{"@context":"https:\/\/schema.org","@graph":[{"@type":["WebPage","ItemPage"],"@id":"https:\/\/aztex.ee\/no\/pood\/handklaer-og-badehandklaer\/badehandkle-i-bomull\/","url":"https:\/\/aztex.ee\/no\/pood\/handklaer-og-badehandklaer\/badehandkle-i-bomull\/","name":"Badeh\u00e5ndkle i 100% bomull - H\u00f8y kvalitet og myk | AZTEX","isPartOf":{"@id":"https:\/\/aztex.ee\/no\/#website"},"primaryImageOfPage":{"@id":"https:\/\/aztex.ee\/no\/pood\/handklaer-og-badehandklaer\/badehandkle-i-bomull\/#primaryimage"},"image":{"@id":"https:\/\/aztex.ee\/no\/pood\/handklaer-og-badehandklaer\/badehandkle-i-bomull\/#primaryimage"},"thumbnailUrl":"https:\/\/aztex.ee\/wp-content\/uploads\/2025\/03\/Vanniratik-70x140-cm-2.jpg","datePublished":"2025-03-29T16:14:25+00:00","dateModified":"2026-04-13T10:06:28+00:00","description":"Bomull Badeh\u00e5ndkle er mykt, absorberende, slitesterkt og perfekt etter en varm dusj eller et avslappende bad. Naturmaterialet tar vare p\u00e5 hudens velv\u00e6re ...","breadcrumb":{"@id":"https:\/\/aztex.ee\/no\/pood\/handklaer-og-badehandklaer\/badehandkle-i-bomull\/#breadcrumb"},"inLanguage":"nb-NO","potentialAction":[{"@type":"ReadAction","target":["https:\/\/aztex.ee\/no\/pood\/handklaer-og-badehandklaer\/badehandkle-i-bomull\/"]}]},{"@type":"ImageObject","inLanguage":"nb-NO","@id":"https:\/\/aztex.ee\/no\/pood\/handklaer-og-badehandklaer\/badehandkle-i-bomull\/#primaryimage","url":"https:\/\/aztex.ee\/wp-content\/uploads\/2025\/03\/Vanniratik-70x140-cm-2.jpg","contentUrl":"https:\/\/aztex.ee\/wp-content\/uploads\/2025\/03\/Vanniratik-70x140-cm-2.jpg","width":800,"height":800,"caption":"Vannir\u00e4tik 70x140 cm"},{"@type":"BreadcrumbList","@id":"https:\/\/aztex.ee\/no\/pood\/handklaer-og-badehandklaer\/badehandkle-i-bomull\/#breadcrumb","itemListElement":[{"@type":"ListItem","position":1,"name":"Hjem","item":"https:\/\/aztex.ee\/no\/"},{"@type":"ListItem","position":2,"name":"Butikk","item":"https:\/\/aztex.ee\/no\/butikk\/"},{"@type":"ListItem","position":3,"name":"Badeh\u00e5ndkle 70&#215;140 cm"}]},{"@type":"WebSite","@id":"https:\/\/aztex.ee\/no\/#website","url":"https:\/\/aztex.ee\/no\/","name":"AZTEX","description":"","publisher":{"@id":"https:\/\/aztex.ee\/no\/#organization"},"potentialAction":[{"@type":"SearchAction","target":{"@type":"EntryPoint","urlTemplate":"https:\/\/aztex.ee\/no\/?s={search_term_string}"},"query-input":{"@type":"PropertyValueSpecification","valueRequired":true,"valueName":"search_term_string"}}],"inLanguage":"nb-NO"},{"@type":"Organization","@id":"https:\/\/aztex.ee\/no\/#organization","name":"AZTEX","url":"https:\/\/aztex.ee\/no\/","logo":{"@type":"ImageObject","inLanguage":"nb-NO","@id":"https:\/\/aztex.ee\/no\/#\/schema\/logo\/image\/","url":"https:\/\/aztex.ee\/wp-content\/uploads\/2026\/01\/AZTEX.png","contentUrl":"https:\/\/aztex.ee\/wp-content\/uploads\/2026\/01\/AZTEX.png","width":500,"height":500,"caption":"AZTEX"},"image":{"@id":"https:\/\/aztex.ee\/no\/#\/schema\/logo\/image\/"},"sameAs":["https:\/\/www.facebook.com\/AztexEE","https:\/\/www.instagram.com\/aztexeesti\/","https:\/\/www.youtube.com\/@AZTEXEE","https:\/\/www.pinterest.com\/aztex_eesti\/","https:\/\/www.tiktok.com\/@aztexeesti","https:\/\/www.trustpilot.com\/review\/aztex.ee","https:\/\/www.linkedin.com\/company\/aztex-ee\/","https:\/\/www.wikidata.org\/wiki\/Q137560182"]}]}},"_links":{"self":[{"href":"https:\/\/aztex.ee\/no\/wp-json\/wp\/v2\/product\/74604","targetHints":{"allow":["GET"]}}],"collection":[{"href":"https:\/\/aztex.ee\/no\/wp-json\/wp\/v2\/product"}],"about":[{"href":"https:\/\/aztex.ee\/no\/wp-json\/wp\/v2\/types\/product"}],"replies":[{"embeddable":true,"href":"https:\/\/aztex.ee\/no\/wp-json\/wp\/v2\/comments?post=74604"}],"version-history":[{"count":0,"href":"https:\/\/aztex.ee\/no\/wp-json\/wp\/v2\/product\/74604\/revisions"}],"wp:featuredmedia":[{"embeddable":true,"href":"https:\/\/aztex.ee\/no\/wp-json\/wp\/v2\/media\/74652"}],"wp:attachment":[{"href":"https:\/\/aztex.ee\/no\/wp-json\/wp\/v2\/media?parent=74604"}],"wp:term":[{"taxonomy":"product_brand","embeddable":true,"href":"https:\/\/aztex.ee\/no\/wp-json\/wp\/v2\/product_brand?post=74604"},{"taxonomy":"product_cat","embeddable":true,"href":"https:\/\/aztex.ee\/no\/wp-json\/wp\/v2\/product_cat?post=74604"},{"taxonomy":"product_tag","embeddable":true,"href":"https:\/\/aztex.ee\/no\/wp-json\/wp\/v2\/product_tag?post=74604"}],"curies":[{"name":"wp","href":"https:\/\/api.w.org\/{rel}","templated":true}]}}