{"id":73730,"date":"2025-03-28T22:57:25","date_gmt":"2025-03-28T22:57:25","guid":{"rendered":"https:\/\/aztex.ee\/?post_type=product&#038;p=73730"},"modified":"2026-04-12T18:52:30","modified_gmt":"2026-04-12T18:52:30","slug":"badehandkle","status":"publish","type":"product","link":"https:\/\/aztex.ee\/no\/pood\/handklaer-og-badehandklaer\/badehandkle\/","title":{"rendered":"Badeh\u00e5ndkle 70&#215;140 cm"},"content":{"rendered":"<p><strong>Badeh\u00e5ndkle i bomull &#8211; mykt og hudvennlig materiale<\/strong><\/p>\n<p>Bomullsbadeh\u00e5ndkleet er laget av 100 % h\u00f8ykvalitets bomull, som gir eksepsjonell mykhet og komfort. Hver bruk gir en mild ber\u00f8ring p\u00e5 huden, noe som gj\u00f8r hver vask til en behagelig opplevelse. Bomull er hudvennlig og egner seg ogs\u00e5 for sensitiv hud, og gir effektiv beskyttelse mot irritasjon.<\/p>\n<p><strong>Utmerket sugeevne og t\u00f8rker raskt<\/strong><\/p>\n<p>Den tette vevingen av badeh\u00e5ndkleet s\u00f8rger for utmerket absorpsjonsevne, som bidrar til \u00e5 raskt absorbere fuktighet og t\u00f8rke kroppen. Dette er spesielt viktig for \u00e5 f\u00f8le deg frisk og t\u00f8rr raskt. I tillegg t\u00f8rker badeh\u00e5ndkleet raskt, og er klart til neste bruk p\u00e5 kort tid, uten \u00e5 miste mykheten.<\/p>\n<p><strong>Langvarig og slitesterk<\/strong><\/p>\n<p>Takket v\u00e6re bomull av h\u00f8y kvalitet er dette badeh\u00e5ndkleet ekstremt slitesterkt, og beholder utseendet og egenskapene selv etter flere vask. Badeh\u00e5ndkleet mister ikke sin mykhet eller sugeevne selv ved hyppig bruk og vask. Det er en flott investering som gir langvarig komfort og holdbarhet.<\/p>\n<p><strong>Allsidig bruk<\/strong><\/p>\n<p>Et badeh\u00e5ndkle i bomull er perfekt for ethvert hjemmebad, men det er ogs\u00e5 et godt valg for et spa, badstue eller strand. Enten det er en morgendusj, et kveldsbad eller \u00e5 nyte en fridag &#8211; dette badeh\u00e5ndkleet vil gi en ekstra mykhet og varme til hvert \u00f8yeblikk.<\/p>\n<p><strong>Enkel stell<\/strong><\/p>\n<p>Badeh\u00e5ndkleet er lett \u00e5 ta vare p\u00e5 &#8211; det kan vaskes i maskin og t\u00f8rker raskt, og opprettholder kvaliteten og friskheten ved hver bruk. Den naturlige egenskapen til bomull gj\u00f8r den motstandsdyktig mot vask, s\u00e5 badeh\u00e5ndkleet er alltid klart til neste bruk. Det er ingen grunn til \u00e5 bekymre seg for at fargene falmer, siden den er designet for \u00e5 vare og gi langvarig glede.<\/p>\n<p>Et badeh\u00e5ndkle i bomull er det perfekte tillegget til ethvert bad. Dens elegante design og h\u00f8ykvalitetsmateriale vil gj\u00f8re hverdagens rutiner spesielle, og gi varme og mykhet ved hver bruk. Badeh\u00e5ndkleets holdbarhet og enkle pleie sikrer langvarig nytelse, alltid klar til \u00e5 gi komfort til hver dag.<\/p>\n","protected":false},"excerpt":{"rendered":"<ul>\n<li>Materiale: 100% bomull<\/li>\n<li>St\u00f8rrelse: 70&#215;140 cm \u00b13<\/li>\n<li>Vekt: 450g\/m2<\/li>\n<\/ul>\n","protected":false},"featured_media":73778,"comment_status":"open","ping_status":"closed","template":"","meta":[],"product_brand":[],"product_cat":[1597,1714,486],"product_tag":[],"class_list":{"0":"post-73730","1":"product","2":"type-product","3":"status-publish","4":"has-post-thumbnail","6":"product_cat-badehandklaer","7":"product_cat-badehandklaer-70x140-cm","8":"product_cat-handklaer-og-badehandklaer","10":"first","11":"instock","12":"shipping-taxable","13":"purchasable","14":"product-type-variable"},"yoast_head":"<!-- This site is optimized with the Yoast SEO plugin v27.3 - https:\/\/yoast.com\/product\/yoast-seo-wordpress\/ -->\n<title>Badeh\u00e5ndkle i bomull - Naturlig og Mykt | AZTEX<\/title>\n<meta name=\"description\" content=\"Luksuri\u00f8st, mykt og sv\u00e6rt absorberende badeh\u00e5ndkle i bomull t\u00f8rker raskt. Langvarig og sk\u00e5nsom \u00e5 ta p\u00e5, perfekt for daglig bruk.\" \/>\n<meta name=\"robots\" content=\"index, follow, max-snippet:-1, max-image-preview:large, max-video-preview:-1\" \/>\n<link rel=\"canonical\" href=\"https:\/\/aztex.ee\/no\/pood\/handklaer-og-badehandklaer\/badehandkle\/\" \/>\n<meta property=\"og:locale\" content=\"nb_NO\" \/>\n<meta property=\"og:type\" content=\"article\" \/>\n<meta property=\"og:title\" content=\"Badeh\u00e5ndkle i bomull - Naturlig og Mykt | AZTEX\" \/>\n<meta property=\"og:description\" content=\"Luksuri\u00f8st, mykt og sv\u00e6rt absorberende badeh\u00e5ndkle i bomull t\u00f8rker raskt. Langvarig og sk\u00e5nsom \u00e5 ta p\u00e5, perfekt for daglig bruk.\" \/>\n<meta property=\"og:url\" content=\"https:\/\/aztex.ee\/no\/pood\/handklaer-og-badehandklaer\/badehandkle\/\" \/>\n<meta property=\"og:site_name\" content=\"AZTEX\" \/>\n<meta property=\"article:publisher\" content=\"https:\/\/www.facebook.com\/AztexEE\" \/>\n<meta property=\"article:modified_time\" content=\"2026-04-12T18:52:30+00:00\" \/>\n<meta property=\"og:image\" content=\"https:\/\/aztex.ee\/wp-content\/uploads\/2025\/03\/Vanniratik-70x140-2.jpg\" \/>\n\t<meta property=\"og:image:width\" content=\"800\" \/>\n\t<meta property=\"og:image:height\" content=\"800\" \/>\n\t<meta property=\"og:image:type\" content=\"image\/jpeg\" \/>\n<meta name=\"twitter:card\" content=\"summary_large_image\" \/>\n<meta name=\"twitter:label1\" content=\"Ansl. lesetid\" \/>\n\t<meta name=\"twitter:data1\" content=\"2 minutter\" \/>\n<script type=\"application\/ld+json\" class=\"yoast-schema-graph\">{\"@context\":\"https:\\\/\\\/schema.org\",\"@graph\":[{\"@type\":[\"WebPage\",\"ItemPage\"],\"@id\":\"https:\\\/\\\/aztex.ee\\\/no\\\/pood\\\/handklaer-og-badehandklaer\\\/badehandkle\\\/\",\"url\":\"https:\\\/\\\/aztex.ee\\\/no\\\/pood\\\/handklaer-og-badehandklaer\\\/badehandkle\\\/\",\"name\":\"Badeh\u00e5ndkle i bomull - Naturlig og Mykt | AZTEX\",\"isPartOf\":{\"@id\":\"https:\\\/\\\/aztex.ee\\\/no\\\/#website\"},\"primaryImageOfPage\":{\"@id\":\"https:\\\/\\\/aztex.ee\\\/no\\\/pood\\\/handklaer-og-badehandklaer\\\/badehandkle\\\/#primaryimage\"},\"image\":{\"@id\":\"https:\\\/\\\/aztex.ee\\\/no\\\/pood\\\/handklaer-og-badehandklaer\\\/badehandkle\\\/#primaryimage\"},\"thumbnailUrl\":\"https:\\\/\\\/aztex.ee\\\/wp-content\\\/uploads\\\/2025\\\/03\\\/Vanniratik-70x140-2.jpg\",\"datePublished\":\"2025-03-28T22:57:25+00:00\",\"dateModified\":\"2026-04-12T18:52:30+00:00\",\"description\":\"Luksuri\u00f8st, mykt og sv\u00e6rt absorberende badeh\u00e5ndkle i bomull t\u00f8rker raskt. Langvarig og sk\u00e5nsom \u00e5 ta p\u00e5, perfekt for daglig bruk.\",\"breadcrumb\":{\"@id\":\"https:\\\/\\\/aztex.ee\\\/no\\\/pood\\\/handklaer-og-badehandklaer\\\/badehandkle\\\/#breadcrumb\"},\"inLanguage\":\"nb-NO\",\"potentialAction\":[{\"@type\":\"ReadAction\",\"target\":[\"https:\\\/\\\/aztex.ee\\\/no\\\/pood\\\/handklaer-og-badehandklaer\\\/badehandkle\\\/\"]}]},{\"@type\":\"ImageObject\",\"inLanguage\":\"nb-NO\",\"@id\":\"https:\\\/\\\/aztex.ee\\\/no\\\/pood\\\/handklaer-og-badehandklaer\\\/badehandkle\\\/#primaryimage\",\"url\":\"https:\\\/\\\/aztex.ee\\\/wp-content\\\/uploads\\\/2025\\\/03\\\/Vanniratik-70x140-2.jpg\",\"contentUrl\":\"https:\\\/\\\/aztex.ee\\\/wp-content\\\/uploads\\\/2025\\\/03\\\/Vanniratik-70x140-2.jpg\",\"width\":800,\"height\":800,\"caption\":\"Vannir\u00e4tik 70x140\"},{\"@type\":\"BreadcrumbList\",\"@id\":\"https:\\\/\\\/aztex.ee\\\/no\\\/pood\\\/handklaer-og-badehandklaer\\\/badehandkle\\\/#breadcrumb\",\"itemListElement\":[{\"@type\":\"ListItem\",\"position\":1,\"name\":\"Hjem\",\"item\":\"https:\\\/\\\/aztex.ee\\\/no\\\/\"},{\"@type\":\"ListItem\",\"position\":2,\"name\":\"Butikk\",\"item\":\"https:\\\/\\\/aztex.ee\\\/no\\\/butikk\\\/\"},{\"@type\":\"ListItem\",\"position\":3,\"name\":\"Badeh\u00e5ndkle 70&#215;140 cm\"}]},{\"@type\":\"WebSite\",\"@id\":\"https:\\\/\\\/aztex.ee\\\/no\\\/#website\",\"url\":\"https:\\\/\\\/aztex.ee\\\/no\\\/\",\"name\":\"AZTEX\",\"description\":\"\",\"publisher\":{\"@id\":\"https:\\\/\\\/aztex.ee\\\/no\\\/#organization\"},\"potentialAction\":[{\"@type\":\"SearchAction\",\"target\":{\"@type\":\"EntryPoint\",\"urlTemplate\":\"https:\\\/\\\/aztex.ee\\\/no\\\/?s={search_term_string}\"},\"query-input\":{\"@type\":\"PropertyValueSpecification\",\"valueRequired\":true,\"valueName\":\"search_term_string\"}}],\"inLanguage\":\"nb-NO\"},{\"@type\":\"Organization\",\"@id\":\"https:\\\/\\\/aztex.ee\\\/no\\\/#organization\",\"name\":\"AZTEX\",\"url\":\"https:\\\/\\\/aztex.ee\\\/no\\\/\",\"logo\":{\"@type\":\"ImageObject\",\"inLanguage\":\"nb-NO\",\"@id\":\"https:\\\/\\\/aztex.ee\\\/no\\\/#\\\/schema\\\/logo\\\/image\\\/\",\"url\":\"https:\\\/\\\/aztex.ee\\\/wp-content\\\/uploads\\\/2026\\\/01\\\/AZTEX.png\",\"contentUrl\":\"https:\\\/\\\/aztex.ee\\\/wp-content\\\/uploads\\\/2026\\\/01\\\/AZTEX.png\",\"width\":500,\"height\":500,\"caption\":\"AZTEX\"},\"image\":{\"@id\":\"https:\\\/\\\/aztex.ee\\\/no\\\/#\\\/schema\\\/logo\\\/image\\\/\"},\"sameAs\":[\"https:\\\/\\\/www.facebook.com\\\/AztexEE\",\"https:\\\/\\\/www.instagram.com\\\/aztexeesti\\\/\",\"https:\\\/\\\/www.youtube.com\\\/@AZTEXEE\",\"https:\\\/\\\/www.pinterest.com\\\/aztex_eesti\\\/\",\"https:\\\/\\\/www.tiktok.com\\\/@aztexeesti\",\"https:\\\/\\\/www.trustpilot.com\\\/review\\\/aztex.ee\",\"https:\\\/\\\/www.linkedin.com\\\/company\\\/aztex-ee\\\/\",\"https:\\\/\\\/www.wikidata.org\\\/wiki\\\/Q137560182\"]}]}<\/script>\n<!-- \/ Yoast SEO plugin. -->","yoast_head_json":{"title":"Badeh\u00e5ndkle i bomull - Naturlig og Mykt | AZTEX","description":"Luksuri\u00f8st, mykt og sv\u00e6rt absorberende badeh\u00e5ndkle i bomull t\u00f8rker raskt. Langvarig og sk\u00e5nsom \u00e5 ta p\u00e5, perfekt for daglig bruk.","robots":{"index":"index","follow":"follow","max-snippet":"max-snippet:-1","max-image-preview":"max-image-preview:large","max-video-preview":"max-video-preview:-1"},"canonical":"https:\/\/aztex.ee\/no\/pood\/handklaer-og-badehandklaer\/badehandkle\/","og_locale":"nb_NO","og_type":"article","og_title":"Badeh\u00e5ndkle i bomull - Naturlig og Mykt | AZTEX","og_description":"Luksuri\u00f8st, mykt og sv\u00e6rt absorberende badeh\u00e5ndkle i bomull t\u00f8rker raskt. Langvarig og sk\u00e5nsom \u00e5 ta p\u00e5, perfekt for daglig bruk.","og_url":"https:\/\/aztex.ee\/no\/pood\/handklaer-og-badehandklaer\/badehandkle\/","og_site_name":"AZTEX","article_publisher":"https:\/\/www.facebook.com\/AztexEE","article_modified_time":"2026-04-12T18:52:30+00:00","og_image":[{"width":800,"height":800,"url":"https:\/\/aztex.ee\/wp-content\/uploads\/2025\/03\/Vanniratik-70x140-2.jpg","type":"image\/jpeg"}],"twitter_card":"summary_large_image","twitter_misc":{"Ansl. lesetid":"2 minutter"},"schema":{"@context":"https:\/\/schema.org","@graph":[{"@type":["WebPage","ItemPage"],"@id":"https:\/\/aztex.ee\/no\/pood\/handklaer-og-badehandklaer\/badehandkle\/","url":"https:\/\/aztex.ee\/no\/pood\/handklaer-og-badehandklaer\/badehandkle\/","name":"Badeh\u00e5ndkle i bomull - Naturlig og Mykt | AZTEX","isPartOf":{"@id":"https:\/\/aztex.ee\/no\/#website"},"primaryImageOfPage":{"@id":"https:\/\/aztex.ee\/no\/pood\/handklaer-og-badehandklaer\/badehandkle\/#primaryimage"},"image":{"@id":"https:\/\/aztex.ee\/no\/pood\/handklaer-og-badehandklaer\/badehandkle\/#primaryimage"},"thumbnailUrl":"https:\/\/aztex.ee\/wp-content\/uploads\/2025\/03\/Vanniratik-70x140-2.jpg","datePublished":"2025-03-28T22:57:25+00:00","dateModified":"2026-04-12T18:52:30+00:00","description":"Luksuri\u00f8st, mykt og sv\u00e6rt absorberende badeh\u00e5ndkle i bomull t\u00f8rker raskt. Langvarig og sk\u00e5nsom \u00e5 ta p\u00e5, perfekt for daglig bruk.","breadcrumb":{"@id":"https:\/\/aztex.ee\/no\/pood\/handklaer-og-badehandklaer\/badehandkle\/#breadcrumb"},"inLanguage":"nb-NO","potentialAction":[{"@type":"ReadAction","target":["https:\/\/aztex.ee\/no\/pood\/handklaer-og-badehandklaer\/badehandkle\/"]}]},{"@type":"ImageObject","inLanguage":"nb-NO","@id":"https:\/\/aztex.ee\/no\/pood\/handklaer-og-badehandklaer\/badehandkle\/#primaryimage","url":"https:\/\/aztex.ee\/wp-content\/uploads\/2025\/03\/Vanniratik-70x140-2.jpg","contentUrl":"https:\/\/aztex.ee\/wp-content\/uploads\/2025\/03\/Vanniratik-70x140-2.jpg","width":800,"height":800,"caption":"Vannir\u00e4tik 70x140"},{"@type":"BreadcrumbList","@id":"https:\/\/aztex.ee\/no\/pood\/handklaer-og-badehandklaer\/badehandkle\/#breadcrumb","itemListElement":[{"@type":"ListItem","position":1,"name":"Hjem","item":"https:\/\/aztex.ee\/no\/"},{"@type":"ListItem","position":2,"name":"Butikk","item":"https:\/\/aztex.ee\/no\/butikk\/"},{"@type":"ListItem","position":3,"name":"Badeh\u00e5ndkle 70&#215;140 cm"}]},{"@type":"WebSite","@id":"https:\/\/aztex.ee\/no\/#website","url":"https:\/\/aztex.ee\/no\/","name":"AZTEX","description":"","publisher":{"@id":"https:\/\/aztex.ee\/no\/#organization"},"potentialAction":[{"@type":"SearchAction","target":{"@type":"EntryPoint","urlTemplate":"https:\/\/aztex.ee\/no\/?s={search_term_string}"},"query-input":{"@type":"PropertyValueSpecification","valueRequired":true,"valueName":"search_term_string"}}],"inLanguage":"nb-NO"},{"@type":"Organization","@id":"https:\/\/aztex.ee\/no\/#organization","name":"AZTEX","url":"https:\/\/aztex.ee\/no\/","logo":{"@type":"ImageObject","inLanguage":"nb-NO","@id":"https:\/\/aztex.ee\/no\/#\/schema\/logo\/image\/","url":"https:\/\/aztex.ee\/wp-content\/uploads\/2026\/01\/AZTEX.png","contentUrl":"https:\/\/aztex.ee\/wp-content\/uploads\/2026\/01\/AZTEX.png","width":500,"height":500,"caption":"AZTEX"},"image":{"@id":"https:\/\/aztex.ee\/no\/#\/schema\/logo\/image\/"},"sameAs":["https:\/\/www.facebook.com\/AztexEE","https:\/\/www.instagram.com\/aztexeesti\/","https:\/\/www.youtube.com\/@AZTEXEE","https:\/\/www.pinterest.com\/aztex_eesti\/","https:\/\/www.tiktok.com\/@aztexeesti","https:\/\/www.trustpilot.com\/review\/aztex.ee","https:\/\/www.linkedin.com\/company\/aztex-ee\/","https:\/\/www.wikidata.org\/wiki\/Q137560182"]}]}},"_links":{"self":[{"href":"https:\/\/aztex.ee\/no\/wp-json\/wp\/v2\/product\/73730","targetHints":{"allow":["GET"]}}],"collection":[{"href":"https:\/\/aztex.ee\/no\/wp-json\/wp\/v2\/product"}],"about":[{"href":"https:\/\/aztex.ee\/no\/wp-json\/wp\/v2\/types\/product"}],"replies":[{"embeddable":true,"href":"https:\/\/aztex.ee\/no\/wp-json\/wp\/v2\/comments?post=73730"}],"version-history":[{"count":0,"href":"https:\/\/aztex.ee\/no\/wp-json\/wp\/v2\/product\/73730\/revisions"}],"wp:featuredmedia":[{"embeddable":true,"href":"https:\/\/aztex.ee\/no\/wp-json\/wp\/v2\/media\/73778"}],"wp:attachment":[{"href":"https:\/\/aztex.ee\/no\/wp-json\/wp\/v2\/media?parent=73730"}],"wp:term":[{"taxonomy":"product_brand","embeddable":true,"href":"https:\/\/aztex.ee\/no\/wp-json\/wp\/v2\/product_brand?post=73730"},{"taxonomy":"product_cat","embeddable":true,"href":"https:\/\/aztex.ee\/no\/wp-json\/wp\/v2\/product_cat?post=73730"},{"taxonomy":"product_tag","embeddable":true,"href":"https:\/\/aztex.ee\/no\/wp-json\/wp\/v2\/product_tag?post=73730"}],"curies":[{"name":"wp","href":"https:\/\/api.w.org\/{rel}","templated":true}]}}