{"id":69234,"date":"2025-03-20T07:14:30","date_gmt":"2025-03-20T07:14:30","guid":{"rendered":"https:\/\/aztex.ee\/?post_type=product&#038;p=69234"},"modified":"2026-03-27T14:59:31","modified_gmt":"2026-03-27T14:59:31","slug":"pute-teppe-2-i-1","status":"publish","type":"product","link":"https:\/\/aztex.ee\/no\/pood\/barnas-verden\/pute-teppe-2-i-1\/","title":{"rendered":"Pute teppe 2 i 1"},"content":{"rendered":"<p><strong>Barnepute og teppe 2 i 1 &#8211; perfekt komfort og praktisk i enhver situasjon<\/strong><\/p>\n<p><strong>En kompakt og plassbesparende l\u00f8sning for alle milj\u00f8er<\/strong><\/p>\n<p>Barneputen og teppet 2 i 1 er den ideelle l\u00f8sningen for barn som trenger komfort og varme i enhver situasjon. Den kompakte og lett-\u00e5-b\u00e6re designen gj\u00f8r den til et godt valg for hjem, reise eller barnerom. Den eksepsjonelle plassbesparende designen sikrer at produktet ogs\u00e5 passer perfekt i bilen, og gir barna varme og komfort n\u00e5r som helst n\u00e5r de trenger det mest. Det spiller ingen rolle om du er hjemme eller p\u00e5 veien &#8211; denne 2-i-1-l\u00f8sningen sikrer en komfortabel ferie hvor som helst.<\/p>\n<p><strong>Allsidig og praktisk i enhver situasjon<\/strong><\/p>\n<p>Dette allsidige produktet passer for enhver anledning, inkludert barnas hverdag. Enten det er \u00e5 slappe av hjemme etter skolen eller p\u00e5 reise &#8211; dette produktet tilbyr akkurat det barnet ditt trenger n\u00e5r som helst. Kompakt og enkel \u00e5 bruke, den er ogs\u00e5 perfekt for camping, ferier og til og med bilturer. Dette produktet gir varme og komfort for barn der de trenger det.<\/p>\n<p><strong>Enkel \u00e5 bruke og vedlikeholde<\/strong><\/p>\n<p>2 i 1 barnepute og teppe er laget av de beste materialene for \u00e5 sikre langvarig holdbarhet. Den er designet for \u00e5 v\u00e6re enkel ikke bare \u00e5 bruke, men ogs\u00e5 \u00e5 vedlikeholde. For barnefamilier, hvor hurtighet og enkelhet er viktig, tilbyr dette produktet stor komfort og praktisk. Takket v\u00e6re det enkle vedlikeholdet kan det enkelt vaskes for \u00e5 sikre hygiene og friskhet ved daglig bruk.<\/p>\n<p><strong>Den perfekte reisef\u00f8lget og hjemmetilskuddet for barn<\/strong><\/p>\n<p>Denne 2 i 1 puten og teppet er den ideelle reisef\u00f8lget, siden den er lett, kompakt og praktisk. Ta den med deg til enhver tid for \u00e5 sikre avslapning og varme for barna n\u00e5r som helst. Hjemme vil den perfekt utfylle barnerommet, og gi perfekt komfort for hver bruker. Enten du reiser eller slapper av hjemme &#8211; 2-i-1 puten og teppet vil gj\u00f8re hvert \u00f8yeblikk mer forn\u00f8yelig, og v\u00e6re den perfekte f\u00f8lgesvenn for hvert lille eventyr.<\/p>\n","protected":false},"excerpt":{"rendered":"<ul>\n<li>Materiale: Korallfleece<\/li>\n<li>St\u00f8rrelse: 40&#215;40 cm \u2013 \u00e5pnet 105&#215;155 cm<\/li>\n<li>Vekt: 1,1 kg<\/li>\n<\/ul>\n","protected":false},"featured_media":69310,"comment_status":"open","ping_status":"closed","template":"","meta":[],"product_brand":[],"product_cat":[2220,2241],"product_tag":[],"class_list":{"0":"post-69234","1":"product","2":"type-product","3":"status-publish","4":"has-post-thumbnail","6":"product_cat-barnas-verden","7":"product_cat-barnepledd","9":"first","10":"instock","11":"shipping-taxable","12":"purchasable","13":"product-type-variable"},"yoast_head":"<!-- This site is optimized with the Yoast SEO plugin v27.3 - https:\/\/yoast.com\/product\/yoast-seo-wordpress\/ -->\n<title>Pute teppe 2 i 1 | AZTEX<\/title>\n<meta name=\"description\" content=\"2 i 1 barnepute og -teppe er en kompakt, h\u00f8ykvalitets og plassbesparende l\u00f8sning som er ideell for \u00e5 slappe av hjemme eller p\u00e5 reise.\" \/>\n<meta name=\"robots\" content=\"index, follow, max-snippet:-1, max-image-preview:large, max-video-preview:-1\" \/>\n<link rel=\"canonical\" href=\"https:\/\/aztex.ee\/no\/pood\/barnas-verden\/pute-teppe-2-i-1\/\" \/>\n<meta property=\"og:locale\" content=\"nb_NO\" \/>\n<meta property=\"og:type\" content=\"article\" \/>\n<meta property=\"og:title\" content=\"Pute teppe 2 i 1 | AZTEX\" \/>\n<meta property=\"og:description\" content=\"2 i 1 barnepute og -teppe er en kompakt, h\u00f8ykvalitets og plassbesparende l\u00f8sning som er ideell for \u00e5 slappe av hjemme eller p\u00e5 reise.\" \/>\n<meta property=\"og:url\" content=\"https:\/\/aztex.ee\/no\/pood\/barnas-verden\/pute-teppe-2-i-1\/\" \/>\n<meta property=\"og:site_name\" content=\"AZTEX\" \/>\n<meta property=\"article:publisher\" content=\"https:\/\/www.facebook.com\/AztexEE\" \/>\n<meta property=\"article:modified_time\" content=\"2026-03-27T14:59:31+00:00\" \/>\n<meta property=\"og:image\" content=\"https:\/\/aztex.ee\/wp-content\/uploads\/2025\/03\/Padi-ja-tekk-2-in-1.jpg\" \/>\n\t<meta property=\"og:image:width\" content=\"800\" \/>\n\t<meta property=\"og:image:height\" content=\"800\" \/>\n\t<meta property=\"og:image:type\" content=\"image\/jpeg\" \/>\n<meta name=\"twitter:card\" content=\"summary_large_image\" \/>\n<meta name=\"twitter:label1\" content=\"Ansl. lesetid\" \/>\n\t<meta name=\"twitter:data1\" content=\"2 minutter\" \/>\n<script type=\"application\/ld+json\" class=\"yoast-schema-graph\">{\"@context\":\"https:\\\/\\\/schema.org\",\"@graph\":[{\"@type\":[\"WebPage\",\"ItemPage\"],\"@id\":\"https:\\\/\\\/aztex.ee\\\/no\\\/pood\\\/barnas-verden\\\/pute-teppe-2-i-1\\\/\",\"url\":\"https:\\\/\\\/aztex.ee\\\/no\\\/pood\\\/barnas-verden\\\/pute-teppe-2-i-1\\\/\",\"name\":\"Pute teppe 2 i 1 | AZTEX\",\"isPartOf\":{\"@id\":\"https:\\\/\\\/aztex.ee\\\/no\\\/#website\"},\"primaryImageOfPage\":{\"@id\":\"https:\\\/\\\/aztex.ee\\\/no\\\/pood\\\/barnas-verden\\\/pute-teppe-2-i-1\\\/#primaryimage\"},\"image\":{\"@id\":\"https:\\\/\\\/aztex.ee\\\/no\\\/pood\\\/barnas-verden\\\/pute-teppe-2-i-1\\\/#primaryimage\"},\"thumbnailUrl\":\"https:\\\/\\\/aztex.ee\\\/wp-content\\\/uploads\\\/2025\\\/03\\\/Padi-ja-tekk-2-in-1.jpg\",\"datePublished\":\"2025-03-20T07:14:30+00:00\",\"dateModified\":\"2026-03-27T14:59:31+00:00\",\"description\":\"2 i 1 barnepute og -teppe er en kompakt, h\u00f8ykvalitets og plassbesparende l\u00f8sning som er ideell for \u00e5 slappe av hjemme eller p\u00e5 reise.\",\"breadcrumb\":{\"@id\":\"https:\\\/\\\/aztex.ee\\\/no\\\/pood\\\/barnas-verden\\\/pute-teppe-2-i-1\\\/#breadcrumb\"},\"inLanguage\":\"nb-NO\",\"potentialAction\":[{\"@type\":\"ReadAction\",\"target\":[\"https:\\\/\\\/aztex.ee\\\/no\\\/pood\\\/barnas-verden\\\/pute-teppe-2-i-1\\\/\"]}]},{\"@type\":\"ImageObject\",\"inLanguage\":\"nb-NO\",\"@id\":\"https:\\\/\\\/aztex.ee\\\/no\\\/pood\\\/barnas-verden\\\/pute-teppe-2-i-1\\\/#primaryimage\",\"url\":\"https:\\\/\\\/aztex.ee\\\/wp-content\\\/uploads\\\/2025\\\/03\\\/Padi-ja-tekk-2-in-1.jpg\",\"contentUrl\":\"https:\\\/\\\/aztex.ee\\\/wp-content\\\/uploads\\\/2025\\\/03\\\/Padi-ja-tekk-2-in-1.jpg\",\"width\":800,\"height\":800,\"caption\":\"Padi ja tekk 2 in 1\"},{\"@type\":\"BreadcrumbList\",\"@id\":\"https:\\\/\\\/aztex.ee\\\/no\\\/pood\\\/barnas-verden\\\/pute-teppe-2-i-1\\\/#breadcrumb\",\"itemListElement\":[{\"@type\":\"ListItem\",\"position\":1,\"name\":\"Hjem\",\"item\":\"https:\\\/\\\/aztex.ee\\\/no\\\/\"},{\"@type\":\"ListItem\",\"position\":2,\"name\":\"Butikk\",\"item\":\"https:\\\/\\\/aztex.ee\\\/no\\\/butikk\\\/\"},{\"@type\":\"ListItem\",\"position\":3,\"name\":\"Pute teppe 2 i 1\"}]},{\"@type\":\"WebSite\",\"@id\":\"https:\\\/\\\/aztex.ee\\\/no\\\/#website\",\"url\":\"https:\\\/\\\/aztex.ee\\\/no\\\/\",\"name\":\"AZTEX\",\"description\":\"\",\"publisher\":{\"@id\":\"https:\\\/\\\/aztex.ee\\\/no\\\/#organization\"},\"potentialAction\":[{\"@type\":\"SearchAction\",\"target\":{\"@type\":\"EntryPoint\",\"urlTemplate\":\"https:\\\/\\\/aztex.ee\\\/no\\\/?s={search_term_string}\"},\"query-input\":{\"@type\":\"PropertyValueSpecification\",\"valueRequired\":true,\"valueName\":\"search_term_string\"}}],\"inLanguage\":\"nb-NO\"},{\"@type\":\"Organization\",\"@id\":\"https:\\\/\\\/aztex.ee\\\/no\\\/#organization\",\"name\":\"AZTEX\",\"url\":\"https:\\\/\\\/aztex.ee\\\/no\\\/\",\"logo\":{\"@type\":\"ImageObject\",\"inLanguage\":\"nb-NO\",\"@id\":\"https:\\\/\\\/aztex.ee\\\/no\\\/#\\\/schema\\\/logo\\\/image\\\/\",\"url\":\"https:\\\/\\\/aztex.ee\\\/wp-content\\\/uploads\\\/2026\\\/01\\\/AZTEX.png\",\"contentUrl\":\"https:\\\/\\\/aztex.ee\\\/wp-content\\\/uploads\\\/2026\\\/01\\\/AZTEX.png\",\"width\":500,\"height\":500,\"caption\":\"AZTEX\"},\"image\":{\"@id\":\"https:\\\/\\\/aztex.ee\\\/no\\\/#\\\/schema\\\/logo\\\/image\\\/\"},\"sameAs\":[\"https:\\\/\\\/www.facebook.com\\\/AztexEE\",\"https:\\\/\\\/www.instagram.com\\\/aztexeesti\\\/\",\"https:\\\/\\\/www.youtube.com\\\/@AZTEXEE\",\"https:\\\/\\\/www.pinterest.com\\\/aztex_eesti\\\/\",\"https:\\\/\\\/www.tiktok.com\\\/@aztexeesti\",\"https:\\\/\\\/www.trustpilot.com\\\/review\\\/aztex.ee\",\"https:\\\/\\\/www.linkedin.com\\\/company\\\/aztex-ee\\\/\",\"https:\\\/\\\/www.wikidata.org\\\/wiki\\\/Q137560182\"]}]}<\/script>\n<!-- \/ Yoast SEO plugin. -->","yoast_head_json":{"title":"Pute teppe 2 i 1 | AZTEX","description":"2 i 1 barnepute og -teppe er en kompakt, h\u00f8ykvalitets og plassbesparende l\u00f8sning som er ideell for \u00e5 slappe av hjemme eller p\u00e5 reise.","robots":{"index":"index","follow":"follow","max-snippet":"max-snippet:-1","max-image-preview":"max-image-preview:large","max-video-preview":"max-video-preview:-1"},"canonical":"https:\/\/aztex.ee\/no\/pood\/barnas-verden\/pute-teppe-2-i-1\/","og_locale":"nb_NO","og_type":"article","og_title":"Pute teppe 2 i 1 | AZTEX","og_description":"2 i 1 barnepute og -teppe er en kompakt, h\u00f8ykvalitets og plassbesparende l\u00f8sning som er ideell for \u00e5 slappe av hjemme eller p\u00e5 reise.","og_url":"https:\/\/aztex.ee\/no\/pood\/barnas-verden\/pute-teppe-2-i-1\/","og_site_name":"AZTEX","article_publisher":"https:\/\/www.facebook.com\/AztexEE","article_modified_time":"2026-03-27T14:59:31+00:00","og_image":[{"width":800,"height":800,"url":"https:\/\/aztex.ee\/wp-content\/uploads\/2025\/03\/Padi-ja-tekk-2-in-1.jpg","type":"image\/jpeg"}],"twitter_card":"summary_large_image","twitter_misc":{"Ansl. lesetid":"2 minutter"},"schema":{"@context":"https:\/\/schema.org","@graph":[{"@type":["WebPage","ItemPage"],"@id":"https:\/\/aztex.ee\/no\/pood\/barnas-verden\/pute-teppe-2-i-1\/","url":"https:\/\/aztex.ee\/no\/pood\/barnas-verden\/pute-teppe-2-i-1\/","name":"Pute teppe 2 i 1 | AZTEX","isPartOf":{"@id":"https:\/\/aztex.ee\/no\/#website"},"primaryImageOfPage":{"@id":"https:\/\/aztex.ee\/no\/pood\/barnas-verden\/pute-teppe-2-i-1\/#primaryimage"},"image":{"@id":"https:\/\/aztex.ee\/no\/pood\/barnas-verden\/pute-teppe-2-i-1\/#primaryimage"},"thumbnailUrl":"https:\/\/aztex.ee\/wp-content\/uploads\/2025\/03\/Padi-ja-tekk-2-in-1.jpg","datePublished":"2025-03-20T07:14:30+00:00","dateModified":"2026-03-27T14:59:31+00:00","description":"2 i 1 barnepute og -teppe er en kompakt, h\u00f8ykvalitets og plassbesparende l\u00f8sning som er ideell for \u00e5 slappe av hjemme eller p\u00e5 reise.","breadcrumb":{"@id":"https:\/\/aztex.ee\/no\/pood\/barnas-verden\/pute-teppe-2-i-1\/#breadcrumb"},"inLanguage":"nb-NO","potentialAction":[{"@type":"ReadAction","target":["https:\/\/aztex.ee\/no\/pood\/barnas-verden\/pute-teppe-2-i-1\/"]}]},{"@type":"ImageObject","inLanguage":"nb-NO","@id":"https:\/\/aztex.ee\/no\/pood\/barnas-verden\/pute-teppe-2-i-1\/#primaryimage","url":"https:\/\/aztex.ee\/wp-content\/uploads\/2025\/03\/Padi-ja-tekk-2-in-1.jpg","contentUrl":"https:\/\/aztex.ee\/wp-content\/uploads\/2025\/03\/Padi-ja-tekk-2-in-1.jpg","width":800,"height":800,"caption":"Padi ja tekk 2 in 1"},{"@type":"BreadcrumbList","@id":"https:\/\/aztex.ee\/no\/pood\/barnas-verden\/pute-teppe-2-i-1\/#breadcrumb","itemListElement":[{"@type":"ListItem","position":1,"name":"Hjem","item":"https:\/\/aztex.ee\/no\/"},{"@type":"ListItem","position":2,"name":"Butikk","item":"https:\/\/aztex.ee\/no\/butikk\/"},{"@type":"ListItem","position":3,"name":"Pute teppe 2 i 1"}]},{"@type":"WebSite","@id":"https:\/\/aztex.ee\/no\/#website","url":"https:\/\/aztex.ee\/no\/","name":"AZTEX","description":"","publisher":{"@id":"https:\/\/aztex.ee\/no\/#organization"},"potentialAction":[{"@type":"SearchAction","target":{"@type":"EntryPoint","urlTemplate":"https:\/\/aztex.ee\/no\/?s={search_term_string}"},"query-input":{"@type":"PropertyValueSpecification","valueRequired":true,"valueName":"search_term_string"}}],"inLanguage":"nb-NO"},{"@type":"Organization","@id":"https:\/\/aztex.ee\/no\/#organization","name":"AZTEX","url":"https:\/\/aztex.ee\/no\/","logo":{"@type":"ImageObject","inLanguage":"nb-NO","@id":"https:\/\/aztex.ee\/no\/#\/schema\/logo\/image\/","url":"https:\/\/aztex.ee\/wp-content\/uploads\/2026\/01\/AZTEX.png","contentUrl":"https:\/\/aztex.ee\/wp-content\/uploads\/2026\/01\/AZTEX.png","width":500,"height":500,"caption":"AZTEX"},"image":{"@id":"https:\/\/aztex.ee\/no\/#\/schema\/logo\/image\/"},"sameAs":["https:\/\/www.facebook.com\/AztexEE","https:\/\/www.instagram.com\/aztexeesti\/","https:\/\/www.youtube.com\/@AZTEXEE","https:\/\/www.pinterest.com\/aztex_eesti\/","https:\/\/www.tiktok.com\/@aztexeesti","https:\/\/www.trustpilot.com\/review\/aztex.ee","https:\/\/www.linkedin.com\/company\/aztex-ee\/","https:\/\/www.wikidata.org\/wiki\/Q137560182"]}]}},"_links":{"self":[{"href":"https:\/\/aztex.ee\/no\/wp-json\/wp\/v2\/product\/69234","targetHints":{"allow":["GET"]}}],"collection":[{"href":"https:\/\/aztex.ee\/no\/wp-json\/wp\/v2\/product"}],"about":[{"href":"https:\/\/aztex.ee\/no\/wp-json\/wp\/v2\/types\/product"}],"replies":[{"embeddable":true,"href":"https:\/\/aztex.ee\/no\/wp-json\/wp\/v2\/comments?post=69234"}],"version-history":[{"count":0,"href":"https:\/\/aztex.ee\/no\/wp-json\/wp\/v2\/product\/69234\/revisions"}],"wp:featuredmedia":[{"embeddable":true,"href":"https:\/\/aztex.ee\/no\/wp-json\/wp\/v2\/media\/69310"}],"wp:attachment":[{"href":"https:\/\/aztex.ee\/no\/wp-json\/wp\/v2\/media?parent=69234"}],"wp:term":[{"taxonomy":"product_brand","embeddable":true,"href":"https:\/\/aztex.ee\/no\/wp-json\/wp\/v2\/product_brand?post=69234"},{"taxonomy":"product_cat","embeddable":true,"href":"https:\/\/aztex.ee\/no\/wp-json\/wp\/v2\/product_cat?post=69234"},{"taxonomy":"product_tag","embeddable":true,"href":"https:\/\/aztex.ee\/no\/wp-json\/wp\/v2\/product_tag?post=69234"}],"curies":[{"name":"wp","href":"https:\/\/api.w.org\/{rel}","templated":true}]}}