{"id":68890,"date":"2025-03-19T15:50:35","date_gmt":"2025-03-19T15:50:35","guid":{"rendered":"https:\/\/aztex.ee\/pood\/ukategorisert\/laste-voodipesukomplekt\/"},"modified":"2026-03-08T15:03:17","modified_gmt":"2026-03-08T15:03:17","slug":"sengesett-barn","status":"publish","type":"product","link":"https:\/\/aztex.ee\/no\/pood\/barnas-verden\/sengesett-barn\/","title":{"rendered":"Sengesett barn"},"content":{"rendered":"<p><strong>Barnesengesett &#8211; mykhet og glede i enhver dr\u00f8m<\/strong><\/p>\n<p><strong>100% bomull &#8211; naturlig myk og pustende<\/strong><\/p>\n<p>Et barns s\u00f8vn er avgj\u00f8rende for vekst og hvile. For \u00e5 sikre en komfortabel og fredelig natt er dette senget\u00f8yet laget av 100% pustende og myk bomull. Bomullsstoff absorberer fuktighet godt, hjelper kroppen \u00e5 holde en optimal temperatur og er hudvennlig selv for sensitiv hud. Dette sikrer en behagelig og trygg s\u00f8vn hele \u00e5ret. Den holder seg kj\u00f8lig om sommeren og varm om vinteren. I tillegg er senget\u00f8yet lett og delikat, og gir barnet en koselig og myk f\u00f8lelse, som hjelper dem \u00e5 slappe av og sovne raskere.<\/p>\n<p><strong>Lekne m\u00f8nstre for et gledelig rom<\/strong><\/p>\n<p>Barn oppdager verden gjennom lek, farger og former. Dette sengesettet har s\u00f8te og muntre trykk, som gj\u00f8r soverommet varmere og mer innbydende. Det er ulike design \u00e5 velge mellom for \u00e5 gi hvert barn et sted \u00e5 sove de liker. De morsomme m\u00f8nstrene er ikke bare dekorative &#8211; de bidrar ogs\u00e5 til utviklingen av barnets fantasi, og gj\u00f8r sengen ikke bare til et sted \u00e5 sove, men ogs\u00e5 til et kreativt milj\u00f8 der neste eventyr kan begynne.<\/p>\n<p><strong>Komfort og praktisk for daglig bruk<\/strong><\/p>\n<p>I tillegg til det vakre utseendet er dette sengesettet ogs\u00e5 praktisk og slitesterkt. Siden barnesenget\u00f8y trenger hyppig vask, er settet laget av lettstelt materiale \u2013 det kan vaskes i maskin, t\u00f8rker raskt og beholder fargene og mykheten selv etter gjentatte vask. Bomullsstoffet er slitesterkt og slitesterkt, derfor holder det seg vakkert lenge og t\u00e5ler aktiv bruk. Stoffet mister ikke formen eller blir grovt i vask, og opprettholder alltid en behagelig mykhet.<\/p>\n<p><strong>Passer for ethvert barnerom \u2013 bredt utvalg av farger og m\u00f8nstre<\/strong><\/p>\n<p>Barnesengesettet er tilgjengelig i flere forskjellige farger og m\u00f8nstre for \u00e5 passe til ethvert barnerom. Enten rommet er minimalistisk eller fullt av lyse farger \u2013 dette settet tilf\u00f8rer hygge og skaper en hyggelig atmosf\u00e6re hvor barnet f\u00f8ler seg trygg og komfortabel.<\/p>\n<p><strong>Barnesengesett i bomull &#8211; begynnelsen p\u00e5 dr\u00f8mmer som g\u00e5r i oppfyllelse<\/strong><\/p>\n<p>God s\u00f8vn er avgj\u00f8rende for et barns trivsel og utvikling. Et mykt, pustende og s\u00f8tt designet sengesett vil gj\u00f8re leggetid til et kj\u00e6rkomment \u00f8yeblikk hver natt og bidra til en fredelig og avslappende s\u00f8vn.<\/p>\n","protected":false},"excerpt":{"rendered":"<ul>\n<li>Materiale: 100% Bomull<\/li>\n<li>Dynetrekk: 120&#215;150 cm<\/li>\n<li>Madrasstrekk: 60&#215;135 cm<\/li>\n<li>Putetrekk: 30&#215;50 cm<\/li>\n<\/ul>\n","protected":false},"featured_media":68017,"comment_status":"open","ping_status":"closed","template":"","meta":[],"product_brand":[],"product_cat":[2220,2263],"product_tag":[],"class_list":{"0":"post-68890","1":"product","2":"type-product","3":"status-publish","4":"has-post-thumbnail","6":"product_cat-barnas-verden","7":"product_cat-sengetoy-barn-og-baby","9":"first","10":"instock","11":"shipping-taxable","12":"purchasable","13":"product-type-variable"},"yoast_head":"<!-- This site is optimized with the Yoast SEO plugin v27.4 - https:\/\/yoast.com\/product\/yoast-seo-wordpress\/ -->\n<title>Sengesett barn | AZTEX<\/title>\n<meta name=\"description\" content=\"Dette barnesengesett i bomull er mykt, pustende og hudvennlig. S\u00f8te m\u00f8nstre, lettstelt og slitesterk kvalitet s\u00f8rger for en fredelig s\u00f8vn hver natt.\" \/>\n<meta name=\"robots\" content=\"index, follow, max-snippet:-1, max-image-preview:large, max-video-preview:-1\" \/>\n<link rel=\"canonical\" href=\"https:\/\/aztex.ee\/no\/pood\/barnas-verden\/sengesett-barn\/\" \/>\n<meta property=\"og:locale\" content=\"nb_NO\" \/>\n<meta property=\"og:type\" content=\"article\" \/>\n<meta property=\"og:title\" content=\"Sengesett barn | AZTEX\" \/>\n<meta property=\"og:description\" content=\"Dette barnesengesett i bomull er mykt, pustende og hudvennlig. S\u00f8te m\u00f8nstre, lettstelt og slitesterk kvalitet s\u00f8rger for en fredelig s\u00f8vn hver natt.\" \/>\n<meta property=\"og:url\" content=\"https:\/\/aztex.ee\/no\/pood\/barnas-verden\/sengesett-barn\/\" \/>\n<meta property=\"og:site_name\" content=\"AZTEX\" \/>\n<meta property=\"article:publisher\" content=\"https:\/\/www.facebook.com\/AztexEE\" \/>\n<meta property=\"article:modified_time\" content=\"2026-03-08T15:03:17+00:00\" \/>\n<meta property=\"og:image\" content=\"https:\/\/aztex.ee\/wp-content\/uploads\/2025\/03\/Laste-voodipesukomplekt-Kosmos-1.jpg\" \/>\n\t<meta property=\"og:image:width\" content=\"800\" \/>\n\t<meta property=\"og:image:height\" content=\"800\" \/>\n\t<meta property=\"og:image:type\" content=\"image\/jpeg\" \/>\n<meta name=\"twitter:card\" content=\"summary_large_image\" \/>\n<meta name=\"twitter:label1\" content=\"Ansl. lesetid\" \/>\n\t<meta name=\"twitter:data1\" content=\"3 minutter\" \/>\n<script type=\"application\/ld+json\" class=\"yoast-schema-graph\">{\"@context\":\"https:\\\/\\\/schema.org\",\"@graph\":[{\"@type\":[\"WebPage\",\"ItemPage\"],\"@id\":\"https:\\\/\\\/aztex.ee\\\/no\\\/pood\\\/barnas-verden\\\/sengesett-barn\\\/\",\"url\":\"https:\\\/\\\/aztex.ee\\\/no\\\/pood\\\/barnas-verden\\\/sengesett-barn\\\/\",\"name\":\"Sengesett barn | AZTEX\",\"isPartOf\":{\"@id\":\"https:\\\/\\\/aztex.ee\\\/no\\\/#website\"},\"primaryImageOfPage\":{\"@id\":\"https:\\\/\\\/aztex.ee\\\/no\\\/pood\\\/barnas-verden\\\/sengesett-barn\\\/#primaryimage\"},\"image\":{\"@id\":\"https:\\\/\\\/aztex.ee\\\/no\\\/pood\\\/barnas-verden\\\/sengesett-barn\\\/#primaryimage\"},\"thumbnailUrl\":\"https:\\\/\\\/aztex.ee\\\/wp-content\\\/uploads\\\/2025\\\/03\\\/Laste-voodipesukomplekt-Kosmos-1.jpg\",\"datePublished\":\"2025-03-19T15:50:35+00:00\",\"dateModified\":\"2026-03-08T15:03:17+00:00\",\"description\":\"Dette barnesengesett i bomull er mykt, pustende og hudvennlig. S\u00f8te m\u00f8nstre, lettstelt og slitesterk kvalitet s\u00f8rger for en fredelig s\u00f8vn hver natt.\",\"breadcrumb\":{\"@id\":\"https:\\\/\\\/aztex.ee\\\/no\\\/pood\\\/barnas-verden\\\/sengesett-barn\\\/#breadcrumb\"},\"inLanguage\":\"nb-NO\",\"potentialAction\":[{\"@type\":\"ReadAction\",\"target\":[\"https:\\\/\\\/aztex.ee\\\/no\\\/pood\\\/barnas-verden\\\/sengesett-barn\\\/\"]}]},{\"@type\":\"ImageObject\",\"inLanguage\":\"nb-NO\",\"@id\":\"https:\\\/\\\/aztex.ee\\\/no\\\/pood\\\/barnas-verden\\\/sengesett-barn\\\/#primaryimage\",\"url\":\"https:\\\/\\\/aztex.ee\\\/wp-content\\\/uploads\\\/2025\\\/03\\\/Laste-voodipesukomplekt-Kosmos-1.jpg\",\"contentUrl\":\"https:\\\/\\\/aztex.ee\\\/wp-content\\\/uploads\\\/2025\\\/03\\\/Laste-voodipesukomplekt-Kosmos-1.jpg\",\"width\":800,\"height\":800,\"caption\":\"Laste voodipesukomplekt\"},{\"@type\":\"BreadcrumbList\",\"@id\":\"https:\\\/\\\/aztex.ee\\\/no\\\/pood\\\/barnas-verden\\\/sengesett-barn\\\/#breadcrumb\",\"itemListElement\":[{\"@type\":\"ListItem\",\"position\":1,\"name\":\"Hjem\",\"item\":\"https:\\\/\\\/aztex.ee\\\/no\\\/\"},{\"@type\":\"ListItem\",\"position\":2,\"name\":\"Butikk\",\"item\":\"https:\\\/\\\/aztex.ee\\\/no\\\/butikk\\\/\"},{\"@type\":\"ListItem\",\"position\":3,\"name\":\"Sengesett barn\"}]},{\"@type\":\"WebSite\",\"@id\":\"https:\\\/\\\/aztex.ee\\\/no\\\/#website\",\"url\":\"https:\\\/\\\/aztex.ee\\\/no\\\/\",\"name\":\"AZTEX\",\"description\":\"\",\"publisher\":{\"@id\":\"https:\\\/\\\/aztex.ee\\\/no\\\/#organization\"},\"potentialAction\":[{\"@type\":\"SearchAction\",\"target\":{\"@type\":\"EntryPoint\",\"urlTemplate\":\"https:\\\/\\\/aztex.ee\\\/no\\\/?s={search_term_string}\"},\"query-input\":{\"@type\":\"PropertyValueSpecification\",\"valueRequired\":true,\"valueName\":\"search_term_string\"}}],\"inLanguage\":\"nb-NO\"},{\"@type\":\"Organization\",\"@id\":\"https:\\\/\\\/aztex.ee\\\/no\\\/#organization\",\"name\":\"AZTEX\",\"url\":\"https:\\\/\\\/aztex.ee\\\/no\\\/\",\"logo\":{\"@type\":\"ImageObject\",\"inLanguage\":\"nb-NO\",\"@id\":\"https:\\\/\\\/aztex.ee\\\/no\\\/#\\\/schema\\\/logo\\\/image\\\/\",\"url\":\"https:\\\/\\\/aztex.ee\\\/wp-content\\\/uploads\\\/2026\\\/01\\\/AZTEX.png\",\"contentUrl\":\"https:\\\/\\\/aztex.ee\\\/wp-content\\\/uploads\\\/2026\\\/01\\\/AZTEX.png\",\"width\":500,\"height\":500,\"caption\":\"AZTEX\"},\"image\":{\"@id\":\"https:\\\/\\\/aztex.ee\\\/no\\\/#\\\/schema\\\/logo\\\/image\\\/\"},\"sameAs\":[\"https:\\\/\\\/www.facebook.com\\\/AztexEE\",\"https:\\\/\\\/www.instagram.com\\\/aztexeesti\\\/\",\"https:\\\/\\\/www.youtube.com\\\/@AZTEXEE\",\"https:\\\/\\\/www.pinterest.com\\\/aztex_eesti\\\/\",\"https:\\\/\\\/www.tiktok.com\\\/@aztexeesti\",\"https:\\\/\\\/www.trustpilot.com\\\/review\\\/aztex.ee\",\"https:\\\/\\\/www.linkedin.com\\\/company\\\/aztex-ee\\\/\",\"https:\\\/\\\/www.wikidata.org\\\/wiki\\\/Q137560182\"]}]}<\/script>\n<!-- \/ Yoast SEO plugin. -->","yoast_head_json":{"title":"Sengesett barn | AZTEX","description":"Dette barnesengesett i bomull er mykt, pustende og hudvennlig. S\u00f8te m\u00f8nstre, lettstelt og slitesterk kvalitet s\u00f8rger for en fredelig s\u00f8vn hver natt.","robots":{"index":"index","follow":"follow","max-snippet":"max-snippet:-1","max-image-preview":"max-image-preview:large","max-video-preview":"max-video-preview:-1"},"canonical":"https:\/\/aztex.ee\/no\/pood\/barnas-verden\/sengesett-barn\/","og_locale":"nb_NO","og_type":"article","og_title":"Sengesett barn | AZTEX","og_description":"Dette barnesengesett i bomull er mykt, pustende og hudvennlig. S\u00f8te m\u00f8nstre, lettstelt og slitesterk kvalitet s\u00f8rger for en fredelig s\u00f8vn hver natt.","og_url":"https:\/\/aztex.ee\/no\/pood\/barnas-verden\/sengesett-barn\/","og_site_name":"AZTEX","article_publisher":"https:\/\/www.facebook.com\/AztexEE","article_modified_time":"2026-03-08T15:03:17+00:00","og_image":[{"width":800,"height":800,"url":"https:\/\/aztex.ee\/wp-content\/uploads\/2025\/03\/Laste-voodipesukomplekt-Kosmos-1.jpg","type":"image\/jpeg"}],"twitter_card":"summary_large_image","twitter_misc":{"Ansl. lesetid":"3 minutter"},"schema":{"@context":"https:\/\/schema.org","@graph":[{"@type":["WebPage","ItemPage"],"@id":"https:\/\/aztex.ee\/no\/pood\/barnas-verden\/sengesett-barn\/","url":"https:\/\/aztex.ee\/no\/pood\/barnas-verden\/sengesett-barn\/","name":"Sengesett barn | AZTEX","isPartOf":{"@id":"https:\/\/aztex.ee\/no\/#website"},"primaryImageOfPage":{"@id":"https:\/\/aztex.ee\/no\/pood\/barnas-verden\/sengesett-barn\/#primaryimage"},"image":{"@id":"https:\/\/aztex.ee\/no\/pood\/barnas-verden\/sengesett-barn\/#primaryimage"},"thumbnailUrl":"https:\/\/aztex.ee\/wp-content\/uploads\/2025\/03\/Laste-voodipesukomplekt-Kosmos-1.jpg","datePublished":"2025-03-19T15:50:35+00:00","dateModified":"2026-03-08T15:03:17+00:00","description":"Dette barnesengesett i bomull er mykt, pustende og hudvennlig. S\u00f8te m\u00f8nstre, lettstelt og slitesterk kvalitet s\u00f8rger for en fredelig s\u00f8vn hver natt.","breadcrumb":{"@id":"https:\/\/aztex.ee\/no\/pood\/barnas-verden\/sengesett-barn\/#breadcrumb"},"inLanguage":"nb-NO","potentialAction":[{"@type":"ReadAction","target":["https:\/\/aztex.ee\/no\/pood\/barnas-verden\/sengesett-barn\/"]}]},{"@type":"ImageObject","inLanguage":"nb-NO","@id":"https:\/\/aztex.ee\/no\/pood\/barnas-verden\/sengesett-barn\/#primaryimage","url":"https:\/\/aztex.ee\/wp-content\/uploads\/2025\/03\/Laste-voodipesukomplekt-Kosmos-1.jpg","contentUrl":"https:\/\/aztex.ee\/wp-content\/uploads\/2025\/03\/Laste-voodipesukomplekt-Kosmos-1.jpg","width":800,"height":800,"caption":"Laste voodipesukomplekt"},{"@type":"BreadcrumbList","@id":"https:\/\/aztex.ee\/no\/pood\/barnas-verden\/sengesett-barn\/#breadcrumb","itemListElement":[{"@type":"ListItem","position":1,"name":"Hjem","item":"https:\/\/aztex.ee\/no\/"},{"@type":"ListItem","position":2,"name":"Butikk","item":"https:\/\/aztex.ee\/no\/butikk\/"},{"@type":"ListItem","position":3,"name":"Sengesett barn"}]},{"@type":"WebSite","@id":"https:\/\/aztex.ee\/no\/#website","url":"https:\/\/aztex.ee\/no\/","name":"AZTEX","description":"","publisher":{"@id":"https:\/\/aztex.ee\/no\/#organization"},"potentialAction":[{"@type":"SearchAction","target":{"@type":"EntryPoint","urlTemplate":"https:\/\/aztex.ee\/no\/?s={search_term_string}"},"query-input":{"@type":"PropertyValueSpecification","valueRequired":true,"valueName":"search_term_string"}}],"inLanguage":"nb-NO"},{"@type":"Organization","@id":"https:\/\/aztex.ee\/no\/#organization","name":"AZTEX","url":"https:\/\/aztex.ee\/no\/","logo":{"@type":"ImageObject","inLanguage":"nb-NO","@id":"https:\/\/aztex.ee\/no\/#\/schema\/logo\/image\/","url":"https:\/\/aztex.ee\/wp-content\/uploads\/2026\/01\/AZTEX.png","contentUrl":"https:\/\/aztex.ee\/wp-content\/uploads\/2026\/01\/AZTEX.png","width":500,"height":500,"caption":"AZTEX"},"image":{"@id":"https:\/\/aztex.ee\/no\/#\/schema\/logo\/image\/"},"sameAs":["https:\/\/www.facebook.com\/AztexEE","https:\/\/www.instagram.com\/aztexeesti\/","https:\/\/www.youtube.com\/@AZTEXEE","https:\/\/www.pinterest.com\/aztex_eesti\/","https:\/\/www.tiktok.com\/@aztexeesti","https:\/\/www.trustpilot.com\/review\/aztex.ee","https:\/\/www.linkedin.com\/company\/aztex-ee\/","https:\/\/www.wikidata.org\/wiki\/Q137560182"]}]}},"_links":{"self":[{"href":"https:\/\/aztex.ee\/no\/wp-json\/wp\/v2\/product\/68890","targetHints":{"allow":["GET"]}}],"collection":[{"href":"https:\/\/aztex.ee\/no\/wp-json\/wp\/v2\/product"}],"about":[{"href":"https:\/\/aztex.ee\/no\/wp-json\/wp\/v2\/types\/product"}],"replies":[{"embeddable":true,"href":"https:\/\/aztex.ee\/no\/wp-json\/wp\/v2\/comments?post=68890"}],"version-history":[{"count":0,"href":"https:\/\/aztex.ee\/no\/wp-json\/wp\/v2\/product\/68890\/revisions"}],"wp:featuredmedia":[{"embeddable":true,"href":"https:\/\/aztex.ee\/no\/wp-json\/wp\/v2\/media\/68017"}],"wp:attachment":[{"href":"https:\/\/aztex.ee\/no\/wp-json\/wp\/v2\/media?parent=68890"}],"wp:term":[{"taxonomy":"product_brand","embeddable":true,"href":"https:\/\/aztex.ee\/no\/wp-json\/wp\/v2\/product_brand?post=68890"},{"taxonomy":"product_cat","embeddable":true,"href":"https:\/\/aztex.ee\/no\/wp-json\/wp\/v2\/product_cat?post=68890"},{"taxonomy":"product_tag","embeddable":true,"href":"https:\/\/aztex.ee\/no\/wp-json\/wp\/v2\/product_tag?post=68890"}],"curies":[{"name":"wp","href":"https:\/\/api.w.org\/{rel}","templated":true}]}}