{"id":65831,"date":"2025-03-14T00:14:30","date_gmt":"2025-03-14T00:14:30","guid":{"rendered":"https:\/\/aztex.ee\/?post_type=product&#038;p=65831"},"modified":"2026-04-11T12:19:44","modified_gmt":"2026-04-11T12:19:44","slug":"badehandkle-70x140-cm","status":"publish","type":"product","link":"https:\/\/aztex.ee\/no\/pood\/handklaer-og-badehandklaer\/badehandkle-70x140-cm\/","title":{"rendered":"Badeh\u00e5ndkle 70&#215;140 cm"},"content":{"rendered":"<p><strong>H\u00f8ykvalitets badeh\u00e5ndkle i bomull &#8211; behagelig sk\u00e5nsom mot huden<\/strong><\/p>\n<p>Det myke og absorberende badeh\u00e5ndkleet i bomull som m\u00e5ler 70&#215;140 cm er designet for \u00e5 gi hverdagskomfort og kvalitet. Laget av h\u00f8ykvalitets bomull, som er kjent for sin utmerkede absorberingsevne og mykhet, t\u00f8rker dette h\u00e5ndkleet raskt og holder huden ren og frisk etter et bad eller dusj.<\/p>\n<p><strong>Slitesterk og langvarig bruk<\/strong><br \/>\nTakket v\u00e6re holdbarheten og kvaliteten er dette h\u00e5ndkleet langvarig og egnet for daglig bruk. Selv etter flere vask beholder den sin mykhet og sugeevne, noe som gj\u00f8r den til et utmerket valg for langvarig komfort. Lettstelt og hurtigt\u00f8rkende badeh\u00e5ndkle er et praktisk tillegg til ethvert hjem.<\/p>\n<p><strong>Skaper en varm og hjemmekoselig atmosf\u00e6re<\/strong><br \/>\nEt badeh\u00e5ndkle i bomull gir en varm og hjemmekoselig atmosf\u00e6re til ethvert bad. Det er et ideelt valg ikke bare for personlig bruk, men ogs\u00e5 som en gave til venner, familiemedlemmer eller nye huseiere. Hvis du leter etter et p\u00e5litelig og h\u00f8ykvalitets badeh\u00e5ndkle, er dette bomullsbadeh\u00e5ndkleet det perfekte valget for ethvert hjem.<\/p>\n<p><strong>Enkel pleie og langvarig kvalitet<\/strong><br \/>\nBadeh\u00e5ndkleet i bomull er lett \u00e5 ta vare p\u00e5 og holder kvaliteten selv etter flere vask. Takket v\u00e6re holdbarheten og den raskt t\u00f8rkende, er den et ideelt valg for daglig bruk. H\u00e5ndkleet mister ikke sin mykhet eller sugeevne selv ved konstant bruk, og gir et p\u00e5litelig og komfortabelt valg for ethvert hjem.<\/p>\n","protected":false},"excerpt":{"rendered":"<ul>\n<li>Materiale: 100% bomull<\/li>\n<li>St\u00f8rrelse: 70&#215;140 cm \u00b13<\/li>\n<li>Vekt: 400g\/m2<\/li>\n<\/ul>\n","protected":false},"featured_media":65900,"comment_status":"open","ping_status":"closed","template":"","meta":[],"product_brand":[],"product_cat":[1597,1714,486],"product_tag":[],"class_list":{"0":"post-65831","1":"product","2":"type-product","3":"status-publish","4":"has-post-thumbnail","6":"product_cat-badehandklaer","7":"product_cat-badehandklaer-70x140-cm","8":"product_cat-handklaer-og-badehandklaer","10":"first","11":"instock","12":"shipping-taxable","13":"purchasable","14":"product-type-variable"},"yoast_head":"<!-- This site is optimized with the Yoast SEO plugin v27.5 - https:\/\/yoast.com\/product\/yoast-seo-wordpress\/ -->\n<title>Badeh\u00e5ndkle 70x140 cm - Naturlig og Mykt | AZTEX<\/title>\n<meta name=\"description\" content=\"Mykt og absorberende badeh\u00e5ndkle i bomull s\u00f8rger for rask t\u00f8rking, utmerket komfort, myk f\u00f8lelse, holdbarhet og hverdagsvennlighet.\" \/>\n<meta name=\"robots\" content=\"index, follow, max-snippet:-1, max-image-preview:large, max-video-preview:-1\" \/>\n<link rel=\"canonical\" href=\"https:\/\/aztex.ee\/no\/pood\/handklaer-og-badehandklaer\/badehandkle-70x140-cm\/\" \/>\n<meta property=\"og:locale\" content=\"nb_NO\" \/>\n<meta property=\"og:type\" content=\"article\" \/>\n<meta property=\"og:title\" content=\"Badeh\u00e5ndkle 70x140 cm - Naturlig og Mykt | AZTEX\" \/>\n<meta property=\"og:description\" content=\"Mykt og absorberende badeh\u00e5ndkle i bomull s\u00f8rger for rask t\u00f8rking, utmerket komfort, myk f\u00f8lelse, holdbarhet og hverdagsvennlighet.\" \/>\n<meta property=\"og:url\" content=\"https:\/\/aztex.ee\/no\/pood\/handklaer-og-badehandklaer\/badehandkle-70x140-cm\/\" \/>\n<meta property=\"og:site_name\" content=\"AZTEX\" \/>\n<meta property=\"article:publisher\" content=\"https:\/\/www.facebook.com\/AztexEE\" \/>\n<meta property=\"article:modified_time\" content=\"2026-04-11T12:19:44+00:00\" \/>\n<meta property=\"og:image\" content=\"https:\/\/aztex.ee\/wp-content\/uploads\/2025\/03\/Vanniratik-70x140-1.jpg\" \/>\n\t<meta property=\"og:image:width\" content=\"800\" \/>\n\t<meta property=\"og:image:height\" content=\"800\" \/>\n\t<meta property=\"og:image:type\" content=\"image\/jpeg\" \/>\n<meta name=\"twitter:card\" content=\"summary_large_image\" \/>\n<meta name=\"twitter:label1\" content=\"Ansl. lesetid\" \/>\n\t<meta name=\"twitter:data1\" content=\"2 minutter\" \/>\n<script type=\"application\/ld+json\" class=\"yoast-schema-graph\">{\"@context\":\"https:\\\/\\\/schema.org\",\"@graph\":[{\"@type\":[\"WebPage\",\"ItemPage\"],\"@id\":\"https:\\\/\\\/aztex.ee\\\/no\\\/pood\\\/handklaer-og-badehandklaer\\\/badehandkle-70x140-cm\\\/\",\"url\":\"https:\\\/\\\/aztex.ee\\\/no\\\/pood\\\/handklaer-og-badehandklaer\\\/badehandkle-70x140-cm\\\/\",\"name\":\"Badeh\u00e5ndkle 70x140 cm - Naturlig og Mykt | AZTEX\",\"isPartOf\":{\"@id\":\"https:\\\/\\\/aztex.ee\\\/no\\\/#website\"},\"primaryImageOfPage\":{\"@id\":\"https:\\\/\\\/aztex.ee\\\/no\\\/pood\\\/handklaer-og-badehandklaer\\\/badehandkle-70x140-cm\\\/#primaryimage\"},\"image\":{\"@id\":\"https:\\\/\\\/aztex.ee\\\/no\\\/pood\\\/handklaer-og-badehandklaer\\\/badehandkle-70x140-cm\\\/#primaryimage\"},\"thumbnailUrl\":\"https:\\\/\\\/aztex.ee\\\/wp-content\\\/uploads\\\/2025\\\/03\\\/Vanniratik-70x140-1.jpg\",\"datePublished\":\"2025-03-14T00:14:30+00:00\",\"dateModified\":\"2026-04-11T12:19:44+00:00\",\"description\":\"Mykt og absorberende badeh\u00e5ndkle i bomull s\u00f8rger for rask t\u00f8rking, utmerket komfort, myk f\u00f8lelse, holdbarhet og hverdagsvennlighet.\",\"breadcrumb\":{\"@id\":\"https:\\\/\\\/aztex.ee\\\/no\\\/pood\\\/handklaer-og-badehandklaer\\\/badehandkle-70x140-cm\\\/#breadcrumb\"},\"inLanguage\":\"nb-NO\",\"potentialAction\":[{\"@type\":\"ReadAction\",\"target\":[\"https:\\\/\\\/aztex.ee\\\/no\\\/pood\\\/handklaer-og-badehandklaer\\\/badehandkle-70x140-cm\\\/\"]}]},{\"@type\":\"ImageObject\",\"inLanguage\":\"nb-NO\",\"@id\":\"https:\\\/\\\/aztex.ee\\\/no\\\/pood\\\/handklaer-og-badehandklaer\\\/badehandkle-70x140-cm\\\/#primaryimage\",\"url\":\"https:\\\/\\\/aztex.ee\\\/wp-content\\\/uploads\\\/2025\\\/03\\\/Vanniratik-70x140-1.jpg\",\"contentUrl\":\"https:\\\/\\\/aztex.ee\\\/wp-content\\\/uploads\\\/2025\\\/03\\\/Vanniratik-70x140-1.jpg\",\"width\":800,\"height\":800,\"caption\":\"Vannir\u00e4tik 70x140\"},{\"@type\":\"BreadcrumbList\",\"@id\":\"https:\\\/\\\/aztex.ee\\\/no\\\/pood\\\/handklaer-og-badehandklaer\\\/badehandkle-70x140-cm\\\/#breadcrumb\",\"itemListElement\":[{\"@type\":\"ListItem\",\"position\":1,\"name\":\"Hjem\",\"item\":\"https:\\\/\\\/aztex.ee\\\/no\\\/\"},{\"@type\":\"ListItem\",\"position\":2,\"name\":\"Butikk\",\"item\":\"https:\\\/\\\/aztex.ee\\\/no\\\/butikk\\\/\"},{\"@type\":\"ListItem\",\"position\":3,\"name\":\"Badeh\u00e5ndkle 70&#215;140 cm\"}]},{\"@type\":\"WebSite\",\"@id\":\"https:\\\/\\\/aztex.ee\\\/no\\\/#website\",\"url\":\"https:\\\/\\\/aztex.ee\\\/no\\\/\",\"name\":\"AZTEX\",\"description\":\"\",\"publisher\":{\"@id\":\"https:\\\/\\\/aztex.ee\\\/no\\\/#organization\"},\"potentialAction\":[{\"@type\":\"SearchAction\",\"target\":{\"@type\":\"EntryPoint\",\"urlTemplate\":\"https:\\\/\\\/aztex.ee\\\/no\\\/?s={search_term_string}\"},\"query-input\":{\"@type\":\"PropertyValueSpecification\",\"valueRequired\":true,\"valueName\":\"search_term_string\"}}],\"inLanguage\":\"nb-NO\"},{\"@type\":\"Organization\",\"@id\":\"https:\\\/\\\/aztex.ee\\\/no\\\/#organization\",\"name\":\"AZTEX\",\"url\":\"https:\\\/\\\/aztex.ee\\\/no\\\/\",\"logo\":{\"@type\":\"ImageObject\",\"inLanguage\":\"nb-NO\",\"@id\":\"https:\\\/\\\/aztex.ee\\\/no\\\/#\\\/schema\\\/logo\\\/image\\\/\",\"url\":\"https:\\\/\\\/aztex.ee\\\/wp-content\\\/uploads\\\/2026\\\/01\\\/AZTEX.png\",\"contentUrl\":\"https:\\\/\\\/aztex.ee\\\/wp-content\\\/uploads\\\/2026\\\/01\\\/AZTEX.png\",\"width\":500,\"height\":500,\"caption\":\"AZTEX\"},\"image\":{\"@id\":\"https:\\\/\\\/aztex.ee\\\/no\\\/#\\\/schema\\\/logo\\\/image\\\/\"},\"sameAs\":[\"https:\\\/\\\/www.facebook.com\\\/AztexEE\",\"https:\\\/\\\/www.instagram.com\\\/aztexeesti\\\/\",\"https:\\\/\\\/www.youtube.com\\\/@AZTEXEE\",\"https:\\\/\\\/www.pinterest.com\\\/aztex_eesti\\\/\",\"https:\\\/\\\/www.tiktok.com\\\/@aztexeesti\",\"https:\\\/\\\/www.trustpilot.com\\\/review\\\/aztex.ee\",\"https:\\\/\\\/www.linkedin.com\\\/company\\\/aztex-ee\\\/\",\"https:\\\/\\\/www.wikidata.org\\\/wiki\\\/Q137560182\"]}]}<\/script>\n<!-- \/ Yoast SEO plugin. -->","yoast_head_json":{"title":"Badeh\u00e5ndkle 70x140 cm - Naturlig og Mykt | AZTEX","description":"Mykt og absorberende badeh\u00e5ndkle i bomull s\u00f8rger for rask t\u00f8rking, utmerket komfort, myk f\u00f8lelse, holdbarhet og hverdagsvennlighet.","robots":{"index":"index","follow":"follow","max-snippet":"max-snippet:-1","max-image-preview":"max-image-preview:large","max-video-preview":"max-video-preview:-1"},"canonical":"https:\/\/aztex.ee\/no\/pood\/handklaer-og-badehandklaer\/badehandkle-70x140-cm\/","og_locale":"nb_NO","og_type":"article","og_title":"Badeh\u00e5ndkle 70x140 cm - Naturlig og Mykt | AZTEX","og_description":"Mykt og absorberende badeh\u00e5ndkle i bomull s\u00f8rger for rask t\u00f8rking, utmerket komfort, myk f\u00f8lelse, holdbarhet og hverdagsvennlighet.","og_url":"https:\/\/aztex.ee\/no\/pood\/handklaer-og-badehandklaer\/badehandkle-70x140-cm\/","og_site_name":"AZTEX","article_publisher":"https:\/\/www.facebook.com\/AztexEE","article_modified_time":"2026-04-11T12:19:44+00:00","og_image":[{"width":800,"height":800,"url":"https:\/\/aztex.ee\/wp-content\/uploads\/2025\/03\/Vanniratik-70x140-1.jpg","type":"image\/jpeg"}],"twitter_card":"summary_large_image","twitter_misc":{"Ansl. lesetid":"2 minutter"},"schema":{"@context":"https:\/\/schema.org","@graph":[{"@type":["WebPage","ItemPage"],"@id":"https:\/\/aztex.ee\/no\/pood\/handklaer-og-badehandklaer\/badehandkle-70x140-cm\/","url":"https:\/\/aztex.ee\/no\/pood\/handklaer-og-badehandklaer\/badehandkle-70x140-cm\/","name":"Badeh\u00e5ndkle 70x140 cm - Naturlig og Mykt | AZTEX","isPartOf":{"@id":"https:\/\/aztex.ee\/no\/#website"},"primaryImageOfPage":{"@id":"https:\/\/aztex.ee\/no\/pood\/handklaer-og-badehandklaer\/badehandkle-70x140-cm\/#primaryimage"},"image":{"@id":"https:\/\/aztex.ee\/no\/pood\/handklaer-og-badehandklaer\/badehandkle-70x140-cm\/#primaryimage"},"thumbnailUrl":"https:\/\/aztex.ee\/wp-content\/uploads\/2025\/03\/Vanniratik-70x140-1.jpg","datePublished":"2025-03-14T00:14:30+00:00","dateModified":"2026-04-11T12:19:44+00:00","description":"Mykt og absorberende badeh\u00e5ndkle i bomull s\u00f8rger for rask t\u00f8rking, utmerket komfort, myk f\u00f8lelse, holdbarhet og hverdagsvennlighet.","breadcrumb":{"@id":"https:\/\/aztex.ee\/no\/pood\/handklaer-og-badehandklaer\/badehandkle-70x140-cm\/#breadcrumb"},"inLanguage":"nb-NO","potentialAction":[{"@type":"ReadAction","target":["https:\/\/aztex.ee\/no\/pood\/handklaer-og-badehandklaer\/badehandkle-70x140-cm\/"]}]},{"@type":"ImageObject","inLanguage":"nb-NO","@id":"https:\/\/aztex.ee\/no\/pood\/handklaer-og-badehandklaer\/badehandkle-70x140-cm\/#primaryimage","url":"https:\/\/aztex.ee\/wp-content\/uploads\/2025\/03\/Vanniratik-70x140-1.jpg","contentUrl":"https:\/\/aztex.ee\/wp-content\/uploads\/2025\/03\/Vanniratik-70x140-1.jpg","width":800,"height":800,"caption":"Vannir\u00e4tik 70x140"},{"@type":"BreadcrumbList","@id":"https:\/\/aztex.ee\/no\/pood\/handklaer-og-badehandklaer\/badehandkle-70x140-cm\/#breadcrumb","itemListElement":[{"@type":"ListItem","position":1,"name":"Hjem","item":"https:\/\/aztex.ee\/no\/"},{"@type":"ListItem","position":2,"name":"Butikk","item":"https:\/\/aztex.ee\/no\/butikk\/"},{"@type":"ListItem","position":3,"name":"Badeh\u00e5ndkle 70&#215;140 cm"}]},{"@type":"WebSite","@id":"https:\/\/aztex.ee\/no\/#website","url":"https:\/\/aztex.ee\/no\/","name":"AZTEX","description":"","publisher":{"@id":"https:\/\/aztex.ee\/no\/#organization"},"potentialAction":[{"@type":"SearchAction","target":{"@type":"EntryPoint","urlTemplate":"https:\/\/aztex.ee\/no\/?s={search_term_string}"},"query-input":{"@type":"PropertyValueSpecification","valueRequired":true,"valueName":"search_term_string"}}],"inLanguage":"nb-NO"},{"@type":"Organization","@id":"https:\/\/aztex.ee\/no\/#organization","name":"AZTEX","url":"https:\/\/aztex.ee\/no\/","logo":{"@type":"ImageObject","inLanguage":"nb-NO","@id":"https:\/\/aztex.ee\/no\/#\/schema\/logo\/image\/","url":"https:\/\/aztex.ee\/wp-content\/uploads\/2026\/01\/AZTEX.png","contentUrl":"https:\/\/aztex.ee\/wp-content\/uploads\/2026\/01\/AZTEX.png","width":500,"height":500,"caption":"AZTEX"},"image":{"@id":"https:\/\/aztex.ee\/no\/#\/schema\/logo\/image\/"},"sameAs":["https:\/\/www.facebook.com\/AztexEE","https:\/\/www.instagram.com\/aztexeesti\/","https:\/\/www.youtube.com\/@AZTEXEE","https:\/\/www.pinterest.com\/aztex_eesti\/","https:\/\/www.tiktok.com\/@aztexeesti","https:\/\/www.trustpilot.com\/review\/aztex.ee","https:\/\/www.linkedin.com\/company\/aztex-ee\/","https:\/\/www.wikidata.org\/wiki\/Q137560182"]}]}},"_links":{"self":[{"href":"https:\/\/aztex.ee\/no\/wp-json\/wp\/v2\/product\/65831","targetHints":{"allow":["GET"]}}],"collection":[{"href":"https:\/\/aztex.ee\/no\/wp-json\/wp\/v2\/product"}],"about":[{"href":"https:\/\/aztex.ee\/no\/wp-json\/wp\/v2\/types\/product"}],"replies":[{"embeddable":true,"href":"https:\/\/aztex.ee\/no\/wp-json\/wp\/v2\/comments?post=65831"}],"version-history":[{"count":0,"href":"https:\/\/aztex.ee\/no\/wp-json\/wp\/v2\/product\/65831\/revisions"}],"wp:featuredmedia":[{"embeddable":true,"href":"https:\/\/aztex.ee\/no\/wp-json\/wp\/v2\/media\/65900"}],"wp:attachment":[{"href":"https:\/\/aztex.ee\/no\/wp-json\/wp\/v2\/media?parent=65831"}],"wp:term":[{"taxonomy":"product_brand","embeddable":true,"href":"https:\/\/aztex.ee\/no\/wp-json\/wp\/v2\/product_brand?post=65831"},{"taxonomy":"product_cat","embeddable":true,"href":"https:\/\/aztex.ee\/no\/wp-json\/wp\/v2\/product_cat?post=65831"},{"taxonomy":"product_tag","embeddable":true,"href":"https:\/\/aztex.ee\/no\/wp-json\/wp\/v2\/product_tag?post=65831"}],"curies":[{"name":"wp","href":"https:\/\/api.w.org\/{rel}","templated":true}]}}