{"id":64381,"date":"2025-03-08T22:43:38","date_gmt":"2025-03-08T22:43:38","guid":{"rendered":"https:\/\/aztex.ee\/?post_type=product&#038;p=64381"},"modified":"2025-03-09T19:39:03","modified_gmt":"2025-03-09T19:39:03","slug":"tencel-sengesett-lys-gronn","status":"publish","type":"product","link":"https:\/\/aztex.ee\/no\/pood\/sengetoy\/tencel-sengesett-lys-gronn\/","title":{"rendered":"Tencel sengesett | Lys gr\u00f8nn"},"content":{"rendered":"<p><strong>Luksuri\u00f8st Eucalyptus Tencel sengesett \u2013 silkemykt, pustende og eksepsjonelt behagelig<\/strong><\/p>\n<p><strong>Ekstraordin\u00e6r komfort og kvalitet<\/strong><br \/>\nTencel-sengesettet er designet for \u00e5 sikre den mest avslappende og gjenoppbyggende s\u00f8vnen, og tilbyr eksepsjonell komfort og kvalitet. Den er laget med Tencel-stoff, som er avledet fra eukalyptustreet, som er kjent for sin silkemyke mykhet, pusteevne og fukttransporterende egenskaper. Senget\u00f8y fra Tencel holder deg kj\u00f8lig om sommeren og varm om vinteren, slik at s\u00f8vnen er forfriskende og gjenoppbyggende til enhver tid.<\/p>\n<p><strong>Luksuri\u00f8s tekstur og elegant utseende<\/strong><br \/>\nStoffet er glatt, delikat og behagelig p\u00e5 huden, og gir en virkelig luksuri\u00f8s opplevelse under s\u00f8vnen. Tencel senget\u00f8y drapererer vakkert, og gir sengen et elegant og innbydende utseende, noe som gj\u00f8r soverommet til et stilig sted. Luftigheten og lettheten bidrar til \u00e5 sikre konstant luftbevegelse for \u00e5 forhindre nattesvette og holde senget\u00f8yet alltid friskt.<\/p>\n<p><strong>Holdbarhet og holdbarhet<\/strong><br \/>\nTencel senget\u00f8y er slitesterkt og langvarig \u2013 selv etter flere vask, beholder det sin mykhet, vakre drapering og kvalitet. \u00c5 legge seg hver kveld blir en sann nytelse, siden senget\u00f8yet forblir friskt og behagelig, og gir den beste soveopplevelsen.<\/p>\n<p><strong>Det ideelle valget for elskere av natur og komfort<\/strong><br \/>\nTencel sengesett er det ideelle valget for de som setter pris p\u00e5 naturlige materialer og \u00f8nsker \u00e5 nyte h\u00f8yere kvalitet, luksuri\u00f8s komfort og perfekt s\u00f8vn.<\/p>\n","protected":false},"excerpt":{"rendered":"<p>100% \u00f8kologisk eucalyptus Tencel sengesett er usedvanlig mykt, pustende og luksuri\u00f8st.<\/p>\n<ul>\n<li>Materiale: 100% Tencel<\/li>\n<li>Tr\u00e5dtall: 60S \/ 300TC<\/li>\n<li>Dynetrekk: 200\u00d7220 cm<\/li>\n<li>Putetrekk: 50\u00d770 cm (2 stk)<\/li>\n<li>Laken: 220\u00d7240 cm<\/li>\n<\/ul>\n<p>Tencel sengesett er pakket i en pose laget av samme Tencel-stoff, som tilf\u00f8rer ekstra eleganse til produktet og gj\u00f8r det enda mer spesielt.<\/p>\n","protected":false},"featured_media":64406,"comment_status":"open","ping_status":"closed","template":"","meta":[],"product_brand":[],"product_cat":[133,503,4564,183],"product_tag":[],"class_list":{"0":"post-64381","1":"product","2":"type-product","3":"status-publish","4":"has-post-thumbnail","6":"product_cat-sengetoy","7":"product_cat-sengetoysett","8":"product_cat-tencel-sengesett","9":"product_cat-tencel-sengetoy","11":"first","12":"outofstock","13":"shipping-taxable","14":"purchasable","15":"product-type-simple"},"yoast_head":"<!-- This site is optimized with the Yoast SEO plugin v27.4 - https:\/\/yoast.com\/product\/yoast-seo-wordpress\/ -->\n<title>Tencel sengesett - Lys gr\u00f8nn | AZTEX<\/title>\n<meta name=\"description\" content=\"Luksuri\u00f8st Lys gr\u00f8nn TENCEL\u2122 Lyocell sengesett er silkemykt, pustende og sk\u00e5nsomt mot huden. Dens lette og glatte tekstur sikrer en frisk og behagelig\" \/>\n<meta name=\"robots\" content=\"index, follow, max-snippet:-1, max-image-preview:large, max-video-preview:-1\" \/>\n<link rel=\"canonical\" href=\"https:\/\/aztex.ee\/no\/pood\/sengetoy\/tencel-sengesett-lys-gronn\/\" \/>\n<meta property=\"og:locale\" content=\"nb_NO\" \/>\n<meta property=\"og:type\" content=\"article\" \/>\n<meta property=\"og:title\" content=\"Tencel sengesett - Lys gr\u00f8nn | AZTEX\" \/>\n<meta property=\"og:description\" content=\"Luksuri\u00f8st Lys gr\u00f8nn TENCEL\u2122 Lyocell sengesett er silkemykt, pustende og sk\u00e5nsomt mot huden. Dens lette og glatte tekstur sikrer en frisk og behagelig\" \/>\n<meta property=\"og:url\" content=\"https:\/\/aztex.ee\/no\/pood\/sengetoy\/tencel-sengesett-lys-gronn\/\" \/>\n<meta property=\"og:site_name\" content=\"AZTEX\" \/>\n<meta property=\"article:publisher\" content=\"https:\/\/www.facebook.com\/AztexEE\" \/>\n<meta property=\"article:modified_time\" content=\"2025-03-09T19:39:03+00:00\" \/>\n<meta property=\"og:image\" content=\"https:\/\/aztex.ee\/wp-content\/uploads\/2025\/03\/Tencel-voodipesukomplekt-Heleroheline.jpg\" \/>\n\t<meta property=\"og:image:width\" content=\"800\" \/>\n\t<meta property=\"og:image:height\" content=\"800\" \/>\n\t<meta property=\"og:image:type\" content=\"image\/jpeg\" \/>\n<meta name=\"twitter:card\" content=\"summary_large_image\" \/>\n<meta name=\"twitter:label1\" content=\"Ansl. lesetid\" \/>\n\t<meta name=\"twitter:data1\" content=\"2 minutter\" \/>\n<script type=\"application\/ld+json\" class=\"yoast-schema-graph\">{\"@context\":\"https:\\\/\\\/schema.org\",\"@graph\":[{\"@type\":[\"WebPage\",\"ItemPage\"],\"@id\":\"https:\\\/\\\/aztex.ee\\\/no\\\/pood\\\/sengetoy\\\/tencel-sengesett-lys-gronn\\\/\",\"url\":\"https:\\\/\\\/aztex.ee\\\/no\\\/pood\\\/sengetoy\\\/tencel-sengesett-lys-gronn\\\/\",\"name\":\"Tencel sengesett - Lys gr\u00f8nn | AZTEX\",\"isPartOf\":{\"@id\":\"https:\\\/\\\/aztex.ee\\\/no\\\/#website\"},\"primaryImageOfPage\":{\"@id\":\"https:\\\/\\\/aztex.ee\\\/no\\\/pood\\\/sengetoy\\\/tencel-sengesett-lys-gronn\\\/#primaryimage\"},\"image\":{\"@id\":\"https:\\\/\\\/aztex.ee\\\/no\\\/pood\\\/sengetoy\\\/tencel-sengesett-lys-gronn\\\/#primaryimage\"},\"thumbnailUrl\":\"https:\\\/\\\/aztex.ee\\\/wp-content\\\/uploads\\\/2025\\\/03\\\/Tencel-voodipesukomplekt-Heleroheline.jpg\",\"datePublished\":\"2025-03-08T22:43:38+00:00\",\"dateModified\":\"2025-03-09T19:39:03+00:00\",\"description\":\"Luksuri\u00f8st Lys gr\u00f8nn TENCEL\u2122 Lyocell sengesett er silkemykt, pustende og sk\u00e5nsomt mot huden. Dens lette og glatte tekstur sikrer en frisk og behagelig\",\"breadcrumb\":{\"@id\":\"https:\\\/\\\/aztex.ee\\\/no\\\/pood\\\/sengetoy\\\/tencel-sengesett-lys-gronn\\\/#breadcrumb\"},\"inLanguage\":\"nb-NO\",\"potentialAction\":[{\"@type\":\"ReadAction\",\"target\":[\"https:\\\/\\\/aztex.ee\\\/no\\\/pood\\\/sengetoy\\\/tencel-sengesett-lys-gronn\\\/\"]}]},{\"@type\":\"ImageObject\",\"inLanguage\":\"nb-NO\",\"@id\":\"https:\\\/\\\/aztex.ee\\\/no\\\/pood\\\/sengetoy\\\/tencel-sengesett-lys-gronn\\\/#primaryimage\",\"url\":\"https:\\\/\\\/aztex.ee\\\/wp-content\\\/uploads\\\/2025\\\/03\\\/Tencel-voodipesukomplekt-Heleroheline.jpg\",\"contentUrl\":\"https:\\\/\\\/aztex.ee\\\/wp-content\\\/uploads\\\/2025\\\/03\\\/Tencel-voodipesukomplekt-Heleroheline.jpg\",\"width\":800,\"height\":800,\"caption\":\"Tencel voodipesukomplekt Heleroheline\"},{\"@type\":\"BreadcrumbList\",\"@id\":\"https:\\\/\\\/aztex.ee\\\/no\\\/pood\\\/sengetoy\\\/tencel-sengesett-lys-gronn\\\/#breadcrumb\",\"itemListElement\":[{\"@type\":\"ListItem\",\"position\":1,\"name\":\"Hjem\",\"item\":\"https:\\\/\\\/aztex.ee\\\/no\\\/\"},{\"@type\":\"ListItem\",\"position\":2,\"name\":\"Butikk\",\"item\":\"https:\\\/\\\/aztex.ee\\\/no\\\/butikk\\\/\"},{\"@type\":\"ListItem\",\"position\":3,\"name\":\"Tencel sengesett | Lys gr\u00f8nn\"}]},{\"@type\":\"WebSite\",\"@id\":\"https:\\\/\\\/aztex.ee\\\/no\\\/#website\",\"url\":\"https:\\\/\\\/aztex.ee\\\/no\\\/\",\"name\":\"AZTEX\",\"description\":\"\",\"publisher\":{\"@id\":\"https:\\\/\\\/aztex.ee\\\/no\\\/#organization\"},\"potentialAction\":[{\"@type\":\"SearchAction\",\"target\":{\"@type\":\"EntryPoint\",\"urlTemplate\":\"https:\\\/\\\/aztex.ee\\\/no\\\/?s={search_term_string}\"},\"query-input\":{\"@type\":\"PropertyValueSpecification\",\"valueRequired\":true,\"valueName\":\"search_term_string\"}}],\"inLanguage\":\"nb-NO\"},{\"@type\":\"Organization\",\"@id\":\"https:\\\/\\\/aztex.ee\\\/no\\\/#organization\",\"name\":\"AZTEX\",\"url\":\"https:\\\/\\\/aztex.ee\\\/no\\\/\",\"logo\":{\"@type\":\"ImageObject\",\"inLanguage\":\"nb-NO\",\"@id\":\"https:\\\/\\\/aztex.ee\\\/no\\\/#\\\/schema\\\/logo\\\/image\\\/\",\"url\":\"https:\\\/\\\/aztex.ee\\\/wp-content\\\/uploads\\\/2026\\\/01\\\/AZTEX.png\",\"contentUrl\":\"https:\\\/\\\/aztex.ee\\\/wp-content\\\/uploads\\\/2026\\\/01\\\/AZTEX.png\",\"width\":500,\"height\":500,\"caption\":\"AZTEX\"},\"image\":{\"@id\":\"https:\\\/\\\/aztex.ee\\\/no\\\/#\\\/schema\\\/logo\\\/image\\\/\"},\"sameAs\":[\"https:\\\/\\\/www.facebook.com\\\/AztexEE\",\"https:\\\/\\\/www.instagram.com\\\/aztexeesti\\\/\",\"https:\\\/\\\/www.youtube.com\\\/@AZTEXEE\",\"https:\\\/\\\/www.pinterest.com\\\/aztex_eesti\\\/\",\"https:\\\/\\\/www.tiktok.com\\\/@aztexeesti\",\"https:\\\/\\\/www.trustpilot.com\\\/review\\\/aztex.ee\",\"https:\\\/\\\/www.linkedin.com\\\/company\\\/aztex-ee\\\/\",\"https:\\\/\\\/www.wikidata.org\\\/wiki\\\/Q137560182\"]}]}<\/script>\n<!-- \/ Yoast SEO plugin. -->","yoast_head_json":{"title":"Tencel sengesett - Lys gr\u00f8nn | AZTEX","description":"Luksuri\u00f8st Lys gr\u00f8nn TENCEL\u2122 Lyocell sengesett er silkemykt, pustende og sk\u00e5nsomt mot huden. Dens lette og glatte tekstur sikrer en frisk og behagelig","robots":{"index":"index","follow":"follow","max-snippet":"max-snippet:-1","max-image-preview":"max-image-preview:large","max-video-preview":"max-video-preview:-1"},"canonical":"https:\/\/aztex.ee\/no\/pood\/sengetoy\/tencel-sengesett-lys-gronn\/","og_locale":"nb_NO","og_type":"article","og_title":"Tencel sengesett - Lys gr\u00f8nn | AZTEX","og_description":"Luksuri\u00f8st Lys gr\u00f8nn TENCEL\u2122 Lyocell sengesett er silkemykt, pustende og sk\u00e5nsomt mot huden. Dens lette og glatte tekstur sikrer en frisk og behagelig","og_url":"https:\/\/aztex.ee\/no\/pood\/sengetoy\/tencel-sengesett-lys-gronn\/","og_site_name":"AZTEX","article_publisher":"https:\/\/www.facebook.com\/AztexEE","article_modified_time":"2025-03-09T19:39:03+00:00","og_image":[{"width":800,"height":800,"url":"https:\/\/aztex.ee\/wp-content\/uploads\/2025\/03\/Tencel-voodipesukomplekt-Heleroheline.jpg","type":"image\/jpeg"}],"twitter_card":"summary_large_image","twitter_misc":{"Ansl. lesetid":"2 minutter"},"schema":{"@context":"https:\/\/schema.org","@graph":[{"@type":["WebPage","ItemPage"],"@id":"https:\/\/aztex.ee\/no\/pood\/sengetoy\/tencel-sengesett-lys-gronn\/","url":"https:\/\/aztex.ee\/no\/pood\/sengetoy\/tencel-sengesett-lys-gronn\/","name":"Tencel sengesett - Lys gr\u00f8nn | AZTEX","isPartOf":{"@id":"https:\/\/aztex.ee\/no\/#website"},"primaryImageOfPage":{"@id":"https:\/\/aztex.ee\/no\/pood\/sengetoy\/tencel-sengesett-lys-gronn\/#primaryimage"},"image":{"@id":"https:\/\/aztex.ee\/no\/pood\/sengetoy\/tencel-sengesett-lys-gronn\/#primaryimage"},"thumbnailUrl":"https:\/\/aztex.ee\/wp-content\/uploads\/2025\/03\/Tencel-voodipesukomplekt-Heleroheline.jpg","datePublished":"2025-03-08T22:43:38+00:00","dateModified":"2025-03-09T19:39:03+00:00","description":"Luksuri\u00f8st Lys gr\u00f8nn TENCEL\u2122 Lyocell sengesett er silkemykt, pustende og sk\u00e5nsomt mot huden. Dens lette og glatte tekstur sikrer en frisk og behagelig","breadcrumb":{"@id":"https:\/\/aztex.ee\/no\/pood\/sengetoy\/tencel-sengesett-lys-gronn\/#breadcrumb"},"inLanguage":"nb-NO","potentialAction":[{"@type":"ReadAction","target":["https:\/\/aztex.ee\/no\/pood\/sengetoy\/tencel-sengesett-lys-gronn\/"]}]},{"@type":"ImageObject","inLanguage":"nb-NO","@id":"https:\/\/aztex.ee\/no\/pood\/sengetoy\/tencel-sengesett-lys-gronn\/#primaryimage","url":"https:\/\/aztex.ee\/wp-content\/uploads\/2025\/03\/Tencel-voodipesukomplekt-Heleroheline.jpg","contentUrl":"https:\/\/aztex.ee\/wp-content\/uploads\/2025\/03\/Tencel-voodipesukomplekt-Heleroheline.jpg","width":800,"height":800,"caption":"Tencel voodipesukomplekt Heleroheline"},{"@type":"BreadcrumbList","@id":"https:\/\/aztex.ee\/no\/pood\/sengetoy\/tencel-sengesett-lys-gronn\/#breadcrumb","itemListElement":[{"@type":"ListItem","position":1,"name":"Hjem","item":"https:\/\/aztex.ee\/no\/"},{"@type":"ListItem","position":2,"name":"Butikk","item":"https:\/\/aztex.ee\/no\/butikk\/"},{"@type":"ListItem","position":3,"name":"Tencel sengesett | Lys gr\u00f8nn"}]},{"@type":"WebSite","@id":"https:\/\/aztex.ee\/no\/#website","url":"https:\/\/aztex.ee\/no\/","name":"AZTEX","description":"","publisher":{"@id":"https:\/\/aztex.ee\/no\/#organization"},"potentialAction":[{"@type":"SearchAction","target":{"@type":"EntryPoint","urlTemplate":"https:\/\/aztex.ee\/no\/?s={search_term_string}"},"query-input":{"@type":"PropertyValueSpecification","valueRequired":true,"valueName":"search_term_string"}}],"inLanguage":"nb-NO"},{"@type":"Organization","@id":"https:\/\/aztex.ee\/no\/#organization","name":"AZTEX","url":"https:\/\/aztex.ee\/no\/","logo":{"@type":"ImageObject","inLanguage":"nb-NO","@id":"https:\/\/aztex.ee\/no\/#\/schema\/logo\/image\/","url":"https:\/\/aztex.ee\/wp-content\/uploads\/2026\/01\/AZTEX.png","contentUrl":"https:\/\/aztex.ee\/wp-content\/uploads\/2026\/01\/AZTEX.png","width":500,"height":500,"caption":"AZTEX"},"image":{"@id":"https:\/\/aztex.ee\/no\/#\/schema\/logo\/image\/"},"sameAs":["https:\/\/www.facebook.com\/AztexEE","https:\/\/www.instagram.com\/aztexeesti\/","https:\/\/www.youtube.com\/@AZTEXEE","https:\/\/www.pinterest.com\/aztex_eesti\/","https:\/\/www.tiktok.com\/@aztexeesti","https:\/\/www.trustpilot.com\/review\/aztex.ee","https:\/\/www.linkedin.com\/company\/aztex-ee\/","https:\/\/www.wikidata.org\/wiki\/Q137560182"]}]}},"_links":{"self":[{"href":"https:\/\/aztex.ee\/no\/wp-json\/wp\/v2\/product\/64381","targetHints":{"allow":["GET"]}}],"collection":[{"href":"https:\/\/aztex.ee\/no\/wp-json\/wp\/v2\/product"}],"about":[{"href":"https:\/\/aztex.ee\/no\/wp-json\/wp\/v2\/types\/product"}],"replies":[{"embeddable":true,"href":"https:\/\/aztex.ee\/no\/wp-json\/wp\/v2\/comments?post=64381"}],"version-history":[{"count":0,"href":"https:\/\/aztex.ee\/no\/wp-json\/wp\/v2\/product\/64381\/revisions"}],"wp:featuredmedia":[{"embeddable":true,"href":"https:\/\/aztex.ee\/no\/wp-json\/wp\/v2\/media\/64406"}],"wp:attachment":[{"href":"https:\/\/aztex.ee\/no\/wp-json\/wp\/v2\/media?parent=64381"}],"wp:term":[{"taxonomy":"product_brand","embeddable":true,"href":"https:\/\/aztex.ee\/no\/wp-json\/wp\/v2\/product_brand?post=64381"},{"taxonomy":"product_cat","embeddable":true,"href":"https:\/\/aztex.ee\/no\/wp-json\/wp\/v2\/product_cat?post=64381"},{"taxonomy":"product_tag","embeddable":true,"href":"https:\/\/aztex.ee\/no\/wp-json\/wp\/v2\/product_tag?post=64381"}],"curies":[{"name":"wp","href":"https:\/\/api.w.org\/{rel}","templated":true}]}}