{"id":61888,"date":"2025-02-26T12:36:52","date_gmt":"2025-02-26T12:36:52","guid":{"rendered":"https:\/\/aztex.ee\/?post_type=product&#038;p=61888"},"modified":"2026-05-07T16:20:48","modified_gmt":"2026-05-07T16:20:48","slug":"sherpa-fleece-teppe-200x230-cm","status":"publish","type":"product","link":"https:\/\/aztex.ee\/no\/pood\/tepper-kaste\/sherpa-fleece-teppe-200x230-cm\/","title":{"rendered":"Sherpa fleece teppe 200&#215;230 cm"},"content":{"rendered":"<p><strong>Sherpa fleeceteppe 200\u00d7230 cm \u2013 luksuri\u00f8s mykhet for hver dag<\/strong><\/p>\n<p>Sherpa fleeceteppe er usedvanlig mykt og varmt, og gir ekte komfort uansett \u00e5rstid. Den myke teksturen og den luksuri\u00f8st myke overflaten skaper en perfekt f\u00f8lelse av avslapning, enten det er p\u00e5 sofaen p\u00e5 en kj\u00f8lig kveld eller v\u00e5kner i sengen om morgenen.<\/p>\n<p><strong>H\u00f8ykvalitets og slitesterkt materiale<\/strong><br \/>\nLaget av n\u00f8ye utvalgte materialer som sikrer langvarig mykhet og kvalitet. Sherpa fleece-teppe holder deg varm samtidig som den gir en behagelig touch til huden.<\/p>\n<p><strong>Lettstelt \u2013 holder seg myk og vakker<\/strong><br \/>\nSherpa fleeceteppe er designet for \u00e5 vare \u2013 det beholder sin opprinnelige mykhet og vakre utseende selv etter flere vask. Det lettstelte materialet gj\u00f8r det til et praktisk valg for daglig bruk.<\/p>\n<p><strong>Stilig og koselig interi\u00f8relement<\/strong><br \/>\nI tillegg til varme er dette fleeceteppet ogs\u00e5 en vakker interi\u00f8rdetalj. Enten hjemmet ditt er moderne, klassisk eller skandinavisk minimalistisk, vil dette teppet tilf\u00f8re kos og stil til ethvert interi\u00f8r.<\/p>\n<p><strong>Den perfekte gaven for enhver anledning<\/strong><br \/>\nHvis du leter etter en gave som tilbyr b\u00e5de praktisk og sentimental verdi, er et Sherpa-fleeceteppe et godt valg. Dens luksuri\u00f8se touch og varme vil glede enhver.<\/p>\n","protected":false},"excerpt":{"rendered":"<ul>\n<li>Materiale: Korallfleece<\/li>\n<li>St\u00f8rrelse: 200&#215;230 cm \u00b13<\/li>\n<li>Vekt: 1,8 kg<\/li>\n<\/ul>\n","protected":false},"featured_media":61991,"comment_status":"open","ping_status":"closed","template":"","meta":[],"product_brand":[],"product_cat":[4474,4539,1873],"product_tag":[],"class_list":{"0":"post-61888","1":"product","2":"type-product","3":"status-publish","4":"has-post-thumbnail","6":"product_cat-sherpa-fleece-tepper","7":"product_cat-sherpa-fleece-tepper-200x230-cm","8":"product_cat-tepper-kaste","10":"first","11":"instock","12":"shipping-taxable","13":"purchasable","14":"product-type-variable"},"yoast_head":"<!-- This site is optimized with the Yoast SEO plugin v27.6 - https:\/\/yoast.com\/product\/yoast-seo-wordpress\/ -->\n<title>Sherpa fleece teppe 200x230 cm | AZTEX<\/title>\n<meta name=\"description\" content=\"Sherpa fleeceteppe 200x230 cm er et stort og behagelig mykt teppe som gir maksimal komfort. Perfekt for en seng eller sofa ...\" \/>\n<meta name=\"robots\" content=\"index, follow, max-snippet:-1, max-image-preview:large, max-video-preview:-1\" \/>\n<link rel=\"canonical\" href=\"https:\/\/aztex.ee\/no\/pood\/tepper-kaste\/sherpa-fleece-teppe-200x230-cm\/\" \/>\n<meta property=\"og:locale\" content=\"nb_NO\" \/>\n<meta property=\"og:type\" content=\"article\" \/>\n<meta property=\"og:title\" content=\"Sherpa fleece teppe 200x230 cm | AZTEX\" \/>\n<meta property=\"og:description\" content=\"Sherpa fleeceteppe 200x230 cm er et stort og behagelig mykt teppe som gir maksimal komfort. Perfekt for en seng eller sofa ...\" \/>\n<meta property=\"og:url\" content=\"https:\/\/aztex.ee\/no\/pood\/tepper-kaste\/sherpa-fleece-teppe-200x230-cm\/\" \/>\n<meta property=\"og:site_name\" content=\"AZTEX\" \/>\n<meta property=\"article:publisher\" content=\"https:\/\/www.facebook.com\/AztexEE\" \/>\n<meta property=\"article:modified_time\" content=\"2026-05-07T16:20:48+00:00\" \/>\n<meta property=\"og:image\" content=\"https:\/\/aztex.ee\/wp-content\/uploads\/2025\/02\/Sherpa-fliis-tekk-200x230-cm.jpg\" \/>\n\t<meta property=\"og:image:width\" content=\"800\" \/>\n\t<meta property=\"og:image:height\" content=\"800\" \/>\n\t<meta property=\"og:image:type\" content=\"image\/jpeg\" \/>\n<meta name=\"twitter:card\" content=\"summary_large_image\" \/>\n<meta name=\"twitter:label1\" content=\"Ansl. lesetid\" \/>\n\t<meta name=\"twitter:data1\" content=\"2 minutter\" \/>\n<script type=\"application\/ld+json\" class=\"yoast-schema-graph\">{\"@context\":\"https:\\\/\\\/schema.org\",\"@graph\":[{\"@type\":[\"WebPage\",\"ItemPage\"],\"@id\":\"https:\\\/\\\/aztex.ee\\\/no\\\/pood\\\/tepper-kaste\\\/sherpa-fleece-teppe-200x230-cm\\\/\",\"url\":\"https:\\\/\\\/aztex.ee\\\/no\\\/pood\\\/tepper-kaste\\\/sherpa-fleece-teppe-200x230-cm\\\/\",\"name\":\"Sherpa fleece teppe 200x230 cm | AZTEX\",\"isPartOf\":{\"@id\":\"https:\\\/\\\/aztex.ee\\\/no\\\/#website\"},\"primaryImageOfPage\":{\"@id\":\"https:\\\/\\\/aztex.ee\\\/no\\\/pood\\\/tepper-kaste\\\/sherpa-fleece-teppe-200x230-cm\\\/#primaryimage\"},\"image\":{\"@id\":\"https:\\\/\\\/aztex.ee\\\/no\\\/pood\\\/tepper-kaste\\\/sherpa-fleece-teppe-200x230-cm\\\/#primaryimage\"},\"thumbnailUrl\":\"https:\\\/\\\/aztex.ee\\\/wp-content\\\/uploads\\\/2025\\\/02\\\/Sherpa-fliis-tekk-200x230-cm.jpg\",\"datePublished\":\"2025-02-26T12:36:52+00:00\",\"dateModified\":\"2026-05-07T16:20:48+00:00\",\"description\":\"Sherpa fleeceteppe 200x230 cm er et stort og behagelig mykt teppe som gir maksimal komfort. Perfekt for en seng eller sofa ...\",\"breadcrumb\":{\"@id\":\"https:\\\/\\\/aztex.ee\\\/no\\\/pood\\\/tepper-kaste\\\/sherpa-fleece-teppe-200x230-cm\\\/#breadcrumb\"},\"inLanguage\":\"nb-NO\",\"potentialAction\":[{\"@type\":\"ReadAction\",\"target\":[\"https:\\\/\\\/aztex.ee\\\/no\\\/pood\\\/tepper-kaste\\\/sherpa-fleece-teppe-200x230-cm\\\/\"]}]},{\"@type\":\"ImageObject\",\"inLanguage\":\"nb-NO\",\"@id\":\"https:\\\/\\\/aztex.ee\\\/no\\\/pood\\\/tepper-kaste\\\/sherpa-fleece-teppe-200x230-cm\\\/#primaryimage\",\"url\":\"https:\\\/\\\/aztex.ee\\\/wp-content\\\/uploads\\\/2025\\\/02\\\/Sherpa-fliis-tekk-200x230-cm.jpg\",\"contentUrl\":\"https:\\\/\\\/aztex.ee\\\/wp-content\\\/uploads\\\/2025\\\/02\\\/Sherpa-fliis-tekk-200x230-cm.jpg\",\"width\":800,\"height\":800,\"caption\":\"Sherpa fliis tekk 200x230 cm\"},{\"@type\":\"BreadcrumbList\",\"@id\":\"https:\\\/\\\/aztex.ee\\\/no\\\/pood\\\/tepper-kaste\\\/sherpa-fleece-teppe-200x230-cm\\\/#breadcrumb\",\"itemListElement\":[{\"@type\":\"ListItem\",\"position\":1,\"name\":\"Hjem\",\"item\":\"https:\\\/\\\/aztex.ee\\\/no\\\/\"},{\"@type\":\"ListItem\",\"position\":2,\"name\":\"Butikk\",\"item\":\"https:\\\/\\\/aztex.ee\\\/no\\\/butikk\\\/\"},{\"@type\":\"ListItem\",\"position\":3,\"name\":\"Sherpa fleece teppe 200&#215;230 cm\"}]},{\"@type\":\"WebSite\",\"@id\":\"https:\\\/\\\/aztex.ee\\\/no\\\/#website\",\"url\":\"https:\\\/\\\/aztex.ee\\\/no\\\/\",\"name\":\"AZTEX\",\"description\":\"\",\"publisher\":{\"@id\":\"https:\\\/\\\/aztex.ee\\\/no\\\/#organization\"},\"potentialAction\":[{\"@type\":\"SearchAction\",\"target\":{\"@type\":\"EntryPoint\",\"urlTemplate\":\"https:\\\/\\\/aztex.ee\\\/no\\\/?s={search_term_string}\"},\"query-input\":{\"@type\":\"PropertyValueSpecification\",\"valueRequired\":true,\"valueName\":\"search_term_string\"}}],\"inLanguage\":\"nb-NO\"},{\"@type\":\"Organization\",\"@id\":\"https:\\\/\\\/aztex.ee\\\/no\\\/#organization\",\"name\":\"AZTEX\",\"url\":\"https:\\\/\\\/aztex.ee\\\/no\\\/\",\"logo\":{\"@type\":\"ImageObject\",\"inLanguage\":\"nb-NO\",\"@id\":\"https:\\\/\\\/aztex.ee\\\/no\\\/#\\\/schema\\\/logo\\\/image\\\/\",\"url\":\"https:\\\/\\\/aztex.ee\\\/wp-content\\\/uploads\\\/2026\\\/01\\\/AZTEX.png\",\"contentUrl\":\"https:\\\/\\\/aztex.ee\\\/wp-content\\\/uploads\\\/2026\\\/01\\\/AZTEX.png\",\"width\":500,\"height\":500,\"caption\":\"AZTEX\"},\"image\":{\"@id\":\"https:\\\/\\\/aztex.ee\\\/no\\\/#\\\/schema\\\/logo\\\/image\\\/\"},\"sameAs\":[\"https:\\\/\\\/www.facebook.com\\\/AztexEE\",\"https:\\\/\\\/www.instagram.com\\\/aztexeesti\\\/\",\"https:\\\/\\\/www.youtube.com\\\/@AZTEXEE\",\"https:\\\/\\\/www.pinterest.com\\\/aztex_eesti\\\/\",\"https:\\\/\\\/www.tiktok.com\\\/@aztexeesti\",\"https:\\\/\\\/www.trustpilot.com\\\/review\\\/aztex.ee\",\"https:\\\/\\\/www.linkedin.com\\\/company\\\/aztex-ee\\\/\",\"https:\\\/\\\/www.wikidata.org\\\/wiki\\\/Q137560182\"]}]}<\/script>\n<!-- \/ Yoast SEO plugin. -->","yoast_head_json":{"title":"Sherpa fleece teppe 200x230 cm | AZTEX","description":"Sherpa fleeceteppe 200x230 cm er et stort og behagelig mykt teppe som gir maksimal komfort. Perfekt for en seng eller sofa ...","robots":{"index":"index","follow":"follow","max-snippet":"max-snippet:-1","max-image-preview":"max-image-preview:large","max-video-preview":"max-video-preview:-1"},"canonical":"https:\/\/aztex.ee\/no\/pood\/tepper-kaste\/sherpa-fleece-teppe-200x230-cm\/","og_locale":"nb_NO","og_type":"article","og_title":"Sherpa fleece teppe 200x230 cm | AZTEX","og_description":"Sherpa fleeceteppe 200x230 cm er et stort og behagelig mykt teppe som gir maksimal komfort. Perfekt for en seng eller sofa ...","og_url":"https:\/\/aztex.ee\/no\/pood\/tepper-kaste\/sherpa-fleece-teppe-200x230-cm\/","og_site_name":"AZTEX","article_publisher":"https:\/\/www.facebook.com\/AztexEE","article_modified_time":"2026-05-07T16:20:48+00:00","og_image":[{"width":800,"height":800,"url":"https:\/\/aztex.ee\/wp-content\/uploads\/2025\/02\/Sherpa-fliis-tekk-200x230-cm.jpg","type":"image\/jpeg"}],"twitter_card":"summary_large_image","twitter_misc":{"Ansl. lesetid":"2 minutter"},"schema":{"@context":"https:\/\/schema.org","@graph":[{"@type":["WebPage","ItemPage"],"@id":"https:\/\/aztex.ee\/no\/pood\/tepper-kaste\/sherpa-fleece-teppe-200x230-cm\/","url":"https:\/\/aztex.ee\/no\/pood\/tepper-kaste\/sherpa-fleece-teppe-200x230-cm\/","name":"Sherpa fleece teppe 200x230 cm | AZTEX","isPartOf":{"@id":"https:\/\/aztex.ee\/no\/#website"},"primaryImageOfPage":{"@id":"https:\/\/aztex.ee\/no\/pood\/tepper-kaste\/sherpa-fleece-teppe-200x230-cm\/#primaryimage"},"image":{"@id":"https:\/\/aztex.ee\/no\/pood\/tepper-kaste\/sherpa-fleece-teppe-200x230-cm\/#primaryimage"},"thumbnailUrl":"https:\/\/aztex.ee\/wp-content\/uploads\/2025\/02\/Sherpa-fliis-tekk-200x230-cm.jpg","datePublished":"2025-02-26T12:36:52+00:00","dateModified":"2026-05-07T16:20:48+00:00","description":"Sherpa fleeceteppe 200x230 cm er et stort og behagelig mykt teppe som gir maksimal komfort. Perfekt for en seng eller sofa ...","breadcrumb":{"@id":"https:\/\/aztex.ee\/no\/pood\/tepper-kaste\/sherpa-fleece-teppe-200x230-cm\/#breadcrumb"},"inLanguage":"nb-NO","potentialAction":[{"@type":"ReadAction","target":["https:\/\/aztex.ee\/no\/pood\/tepper-kaste\/sherpa-fleece-teppe-200x230-cm\/"]}]},{"@type":"ImageObject","inLanguage":"nb-NO","@id":"https:\/\/aztex.ee\/no\/pood\/tepper-kaste\/sherpa-fleece-teppe-200x230-cm\/#primaryimage","url":"https:\/\/aztex.ee\/wp-content\/uploads\/2025\/02\/Sherpa-fliis-tekk-200x230-cm.jpg","contentUrl":"https:\/\/aztex.ee\/wp-content\/uploads\/2025\/02\/Sherpa-fliis-tekk-200x230-cm.jpg","width":800,"height":800,"caption":"Sherpa fliis tekk 200x230 cm"},{"@type":"BreadcrumbList","@id":"https:\/\/aztex.ee\/no\/pood\/tepper-kaste\/sherpa-fleece-teppe-200x230-cm\/#breadcrumb","itemListElement":[{"@type":"ListItem","position":1,"name":"Hjem","item":"https:\/\/aztex.ee\/no\/"},{"@type":"ListItem","position":2,"name":"Butikk","item":"https:\/\/aztex.ee\/no\/butikk\/"},{"@type":"ListItem","position":3,"name":"Sherpa fleece teppe 200&#215;230 cm"}]},{"@type":"WebSite","@id":"https:\/\/aztex.ee\/no\/#website","url":"https:\/\/aztex.ee\/no\/","name":"AZTEX","description":"","publisher":{"@id":"https:\/\/aztex.ee\/no\/#organization"},"potentialAction":[{"@type":"SearchAction","target":{"@type":"EntryPoint","urlTemplate":"https:\/\/aztex.ee\/no\/?s={search_term_string}"},"query-input":{"@type":"PropertyValueSpecification","valueRequired":true,"valueName":"search_term_string"}}],"inLanguage":"nb-NO"},{"@type":"Organization","@id":"https:\/\/aztex.ee\/no\/#organization","name":"AZTEX","url":"https:\/\/aztex.ee\/no\/","logo":{"@type":"ImageObject","inLanguage":"nb-NO","@id":"https:\/\/aztex.ee\/no\/#\/schema\/logo\/image\/","url":"https:\/\/aztex.ee\/wp-content\/uploads\/2026\/01\/AZTEX.png","contentUrl":"https:\/\/aztex.ee\/wp-content\/uploads\/2026\/01\/AZTEX.png","width":500,"height":500,"caption":"AZTEX"},"image":{"@id":"https:\/\/aztex.ee\/no\/#\/schema\/logo\/image\/"},"sameAs":["https:\/\/www.facebook.com\/AztexEE","https:\/\/www.instagram.com\/aztexeesti\/","https:\/\/www.youtube.com\/@AZTEXEE","https:\/\/www.pinterest.com\/aztex_eesti\/","https:\/\/www.tiktok.com\/@aztexeesti","https:\/\/www.trustpilot.com\/review\/aztex.ee","https:\/\/www.linkedin.com\/company\/aztex-ee\/","https:\/\/www.wikidata.org\/wiki\/Q137560182"]}]}},"_links":{"self":[{"href":"https:\/\/aztex.ee\/no\/wp-json\/wp\/v2\/product\/61888","targetHints":{"allow":["GET"]}}],"collection":[{"href":"https:\/\/aztex.ee\/no\/wp-json\/wp\/v2\/product"}],"about":[{"href":"https:\/\/aztex.ee\/no\/wp-json\/wp\/v2\/types\/product"}],"replies":[{"embeddable":true,"href":"https:\/\/aztex.ee\/no\/wp-json\/wp\/v2\/comments?post=61888"}],"version-history":[{"count":0,"href":"https:\/\/aztex.ee\/no\/wp-json\/wp\/v2\/product\/61888\/revisions"}],"wp:featuredmedia":[{"embeddable":true,"href":"https:\/\/aztex.ee\/no\/wp-json\/wp\/v2\/media\/61991"}],"wp:attachment":[{"href":"https:\/\/aztex.ee\/no\/wp-json\/wp\/v2\/media?parent=61888"}],"wp:term":[{"taxonomy":"product_brand","embeddable":true,"href":"https:\/\/aztex.ee\/no\/wp-json\/wp\/v2\/product_brand?post=61888"},{"taxonomy":"product_cat","embeddable":true,"href":"https:\/\/aztex.ee\/no\/wp-json\/wp\/v2\/product_cat?post=61888"},{"taxonomy":"product_tag","embeddable":true,"href":"https:\/\/aztex.ee\/no\/wp-json\/wp\/v2\/product_tag?post=61888"}],"curies":[{"name":"wp","href":"https:\/\/api.w.org\/{rel}","templated":true}]}}