{"id":56061,"date":"2025-02-16T10:44:55","date_gmt":"2025-02-16T10:44:55","guid":{"rendered":"https:\/\/aztex.ee\/?post_type=product&#038;p=56061"},"modified":"2026-01-31T17:14:36","modified_gmt":"2026-01-31T17:14:36","slug":"barneteppe-105x110-cm","status":"publish","type":"product","link":"https:\/\/aztex.ee\/no\/pood\/barnas-verden\/barneteppe-105x110-cm\/","title":{"rendered":"Barneteppe 105&#215;110 cm"},"content":{"rendered":"<p><strong>Mykt og varmt babyteppe med morsomme bilder<\/strong><\/p>\n<p><strong>Et dr\u00f8mmeteppe for alle barn<\/strong><br \/>\nDette s\u00f8te babyteppet gir sm\u00e5 dr\u00f8mmere varme og en f\u00f8lelse av trygghet n\u00e5r som helst. Fargerike og morsomme bilder gj\u00f8r leggetid enda mer spesiell, og gir glede til hver dag.<\/p>\n<p><strong>Komfort og kvalitet<\/strong><br \/>\nTeppet er laget av mykt materiale som gir en behagelig ber\u00f8ring og er slitesterk til daglig bruk. Perfekt for \u00e5 sove eller kose seg i lekekroken &#8211; de morsomme bildene gj\u00f8r dette teppet til en barnefavoritt i enhver situasjon.<\/p>\n<p><strong>Enkel \u00e5 ta vare p\u00e5<\/strong><br \/>\nMaskinvaskbart teppe som beholder sin mykhet og fargerikehet selv etter flere vask. S\u00e5 den er alltid frisk, myk og klar til \u00e5 gi varme og komfort n\u00e5r som helst.<\/p>\n<p><strong>Perfekt gaveide<\/strong><br \/>\nDette s\u00f8te teppet er en flott gave til babyer og sm\u00e5barn &#8211; enten det er til en katt, en bursdag eller bare for \u00e5 bringe glede. Teppet skaper en varm og koselig atmosf\u00e6re i hjemmet, og bringer glede til hver dag.<\/p>\n<p>Gi barnet ditt den beste gaven &#8211; et varmt, mykt og morsomt teppe som vil f\u00f8lge dem p\u00e5 alle slags eventyr!<\/p>\n","protected":false},"excerpt":{"rendered":"<ul>\n<li>Materiale: Polyester<\/li>\n<li>St\u00f8rrelse: 105&#215;110 cm \u00b13<\/li>\n<li>Vekt: 0,7 kg<\/li>\n<\/ul>\n","protected":false},"featured_media":56144,"comment_status":"open","ping_status":"closed","template":"","meta":[],"product_brand":[],"product_cat":[2220,2241],"product_tag":[],"class_list":{"0":"post-56061","1":"product","2":"type-product","3":"status-publish","4":"has-post-thumbnail","6":"product_cat-barnas-verden","7":"product_cat-barnepledd","9":"first","10":"instock","11":"sale","12":"shipping-taxable","13":"purchasable","14":"product-type-variable"},"yoast_head":"<!-- This site is optimized with the Yoast SEO plugin v27.4 - https:\/\/yoast.com\/product\/yoast-seo-wordpress\/ -->\n<title>Barneteppe 105x110 cm | AZTEX<\/title>\n<meta name=\"description\" content=\"Mykt og varmt babyteppe med morsomme bilder! Den perfekte f\u00f8lgesvennen for \u00e5 sove, kose og leke. Gir glede til alle barn!\" \/>\n<meta name=\"robots\" content=\"index, follow, max-snippet:-1, max-image-preview:large, max-video-preview:-1\" \/>\n<link rel=\"canonical\" href=\"https:\/\/aztex.ee\/no\/pood\/barnas-verden\/barneteppe-105x110-cm\/\" \/>\n<meta property=\"og:locale\" content=\"nb_NO\" \/>\n<meta property=\"og:type\" content=\"article\" \/>\n<meta property=\"og:title\" content=\"Barneteppe 105x110 cm | AZTEX\" \/>\n<meta property=\"og:description\" content=\"Mykt og varmt babyteppe med morsomme bilder! Den perfekte f\u00f8lgesvennen for \u00e5 sove, kose og leke. Gir glede til alle barn!\" \/>\n<meta property=\"og:url\" content=\"https:\/\/aztex.ee\/no\/pood\/barnas-verden\/barneteppe-105x110-cm\/\" \/>\n<meta property=\"og:site_name\" content=\"AZTEX\" \/>\n<meta property=\"article:publisher\" content=\"https:\/\/www.facebook.com\/AztexEE\" \/>\n<meta property=\"article:modified_time\" content=\"2026-01-31T17:14:36+00:00\" \/>\n<meta property=\"og:image\" content=\"https:\/\/aztex.ee\/wp-content\/uploads\/2025\/02\/Laste-tekid.jpg\" \/>\n\t<meta property=\"og:image:width\" content=\"800\" \/>\n\t<meta property=\"og:image:height\" content=\"800\" \/>\n\t<meta property=\"og:image:type\" content=\"image\/jpeg\" \/>\n<meta name=\"twitter:card\" content=\"summary_large_image\" \/>\n<meta name=\"twitter:label1\" content=\"Ansl. lesetid\" \/>\n\t<meta name=\"twitter:data1\" content=\"2 minutter\" \/>\n<script type=\"application\/ld+json\" class=\"yoast-schema-graph\">{\"@context\":\"https:\\\/\\\/schema.org\",\"@graph\":[{\"@type\":[\"WebPage\",\"ItemPage\"],\"@id\":\"https:\\\/\\\/aztex.ee\\\/no\\\/pood\\\/barnas-verden\\\/barneteppe-105x110-cm\\\/\",\"url\":\"https:\\\/\\\/aztex.ee\\\/no\\\/pood\\\/barnas-verden\\\/barneteppe-105x110-cm\\\/\",\"name\":\"Barneteppe 105x110 cm | AZTEX\",\"isPartOf\":{\"@id\":\"https:\\\/\\\/aztex.ee\\\/no\\\/#website\"},\"primaryImageOfPage\":{\"@id\":\"https:\\\/\\\/aztex.ee\\\/no\\\/pood\\\/barnas-verden\\\/barneteppe-105x110-cm\\\/#primaryimage\"},\"image\":{\"@id\":\"https:\\\/\\\/aztex.ee\\\/no\\\/pood\\\/barnas-verden\\\/barneteppe-105x110-cm\\\/#primaryimage\"},\"thumbnailUrl\":\"https:\\\/\\\/aztex.ee\\\/wp-content\\\/uploads\\\/2025\\\/02\\\/Laste-tekid.jpg\",\"datePublished\":\"2025-02-16T10:44:55+00:00\",\"dateModified\":\"2026-01-31T17:14:36+00:00\",\"description\":\"Mykt og varmt babyteppe med morsomme bilder! Den perfekte f\u00f8lgesvennen for \u00e5 sove, kose og leke. Gir glede til alle barn!\",\"breadcrumb\":{\"@id\":\"https:\\\/\\\/aztex.ee\\\/no\\\/pood\\\/barnas-verden\\\/barneteppe-105x110-cm\\\/#breadcrumb\"},\"inLanguage\":\"nb-NO\",\"potentialAction\":[{\"@type\":\"ReadAction\",\"target\":[\"https:\\\/\\\/aztex.ee\\\/no\\\/pood\\\/barnas-verden\\\/barneteppe-105x110-cm\\\/\"]}]},{\"@type\":\"ImageObject\",\"inLanguage\":\"nb-NO\",\"@id\":\"https:\\\/\\\/aztex.ee\\\/no\\\/pood\\\/barnas-verden\\\/barneteppe-105x110-cm\\\/#primaryimage\",\"url\":\"https:\\\/\\\/aztex.ee\\\/wp-content\\\/uploads\\\/2025\\\/02\\\/Laste-tekid.jpg\",\"contentUrl\":\"https:\\\/\\\/aztex.ee\\\/wp-content\\\/uploads\\\/2025\\\/02\\\/Laste-tekid.jpg\",\"width\":800,\"height\":800,\"caption\":\"Laste tekid\"},{\"@type\":\"BreadcrumbList\",\"@id\":\"https:\\\/\\\/aztex.ee\\\/no\\\/pood\\\/barnas-verden\\\/barneteppe-105x110-cm\\\/#breadcrumb\",\"itemListElement\":[{\"@type\":\"ListItem\",\"position\":1,\"name\":\"Hjem\",\"item\":\"https:\\\/\\\/aztex.ee\\\/no\\\/\"},{\"@type\":\"ListItem\",\"position\":2,\"name\":\"Butikk\",\"item\":\"https:\\\/\\\/aztex.ee\\\/no\\\/butikk\\\/\"},{\"@type\":\"ListItem\",\"position\":3,\"name\":\"Barneteppe 105&#215;110 cm\"}]},{\"@type\":\"WebSite\",\"@id\":\"https:\\\/\\\/aztex.ee\\\/no\\\/#website\",\"url\":\"https:\\\/\\\/aztex.ee\\\/no\\\/\",\"name\":\"AZTEX\",\"description\":\"\",\"publisher\":{\"@id\":\"https:\\\/\\\/aztex.ee\\\/no\\\/#organization\"},\"potentialAction\":[{\"@type\":\"SearchAction\",\"target\":{\"@type\":\"EntryPoint\",\"urlTemplate\":\"https:\\\/\\\/aztex.ee\\\/no\\\/?s={search_term_string}\"},\"query-input\":{\"@type\":\"PropertyValueSpecification\",\"valueRequired\":true,\"valueName\":\"search_term_string\"}}],\"inLanguage\":\"nb-NO\"},{\"@type\":\"Organization\",\"@id\":\"https:\\\/\\\/aztex.ee\\\/no\\\/#organization\",\"name\":\"AZTEX\",\"url\":\"https:\\\/\\\/aztex.ee\\\/no\\\/\",\"logo\":{\"@type\":\"ImageObject\",\"inLanguage\":\"nb-NO\",\"@id\":\"https:\\\/\\\/aztex.ee\\\/no\\\/#\\\/schema\\\/logo\\\/image\\\/\",\"url\":\"https:\\\/\\\/aztex.ee\\\/wp-content\\\/uploads\\\/2026\\\/01\\\/AZTEX.png\",\"contentUrl\":\"https:\\\/\\\/aztex.ee\\\/wp-content\\\/uploads\\\/2026\\\/01\\\/AZTEX.png\",\"width\":500,\"height\":500,\"caption\":\"AZTEX\"},\"image\":{\"@id\":\"https:\\\/\\\/aztex.ee\\\/no\\\/#\\\/schema\\\/logo\\\/image\\\/\"},\"sameAs\":[\"https:\\\/\\\/www.facebook.com\\\/AztexEE\",\"https:\\\/\\\/www.instagram.com\\\/aztexeesti\\\/\",\"https:\\\/\\\/www.youtube.com\\\/@AZTEXEE\",\"https:\\\/\\\/www.pinterest.com\\\/aztex_eesti\\\/\",\"https:\\\/\\\/www.tiktok.com\\\/@aztexeesti\",\"https:\\\/\\\/www.trustpilot.com\\\/review\\\/aztex.ee\",\"https:\\\/\\\/www.linkedin.com\\\/company\\\/aztex-ee\\\/\",\"https:\\\/\\\/www.wikidata.org\\\/wiki\\\/Q137560182\"]}]}<\/script>\n<!-- \/ Yoast SEO plugin. -->","yoast_head_json":{"title":"Barneteppe 105x110 cm | AZTEX","description":"Mykt og varmt babyteppe med morsomme bilder! Den perfekte f\u00f8lgesvennen for \u00e5 sove, kose og leke. Gir glede til alle barn!","robots":{"index":"index","follow":"follow","max-snippet":"max-snippet:-1","max-image-preview":"max-image-preview:large","max-video-preview":"max-video-preview:-1"},"canonical":"https:\/\/aztex.ee\/no\/pood\/barnas-verden\/barneteppe-105x110-cm\/","og_locale":"nb_NO","og_type":"article","og_title":"Barneteppe 105x110 cm | AZTEX","og_description":"Mykt og varmt babyteppe med morsomme bilder! Den perfekte f\u00f8lgesvennen for \u00e5 sove, kose og leke. Gir glede til alle barn!","og_url":"https:\/\/aztex.ee\/no\/pood\/barnas-verden\/barneteppe-105x110-cm\/","og_site_name":"AZTEX","article_publisher":"https:\/\/www.facebook.com\/AztexEE","article_modified_time":"2026-01-31T17:14:36+00:00","og_image":[{"width":800,"height":800,"url":"https:\/\/aztex.ee\/wp-content\/uploads\/2025\/02\/Laste-tekid.jpg","type":"image\/jpeg"}],"twitter_card":"summary_large_image","twitter_misc":{"Ansl. lesetid":"2 minutter"},"schema":{"@context":"https:\/\/schema.org","@graph":[{"@type":["WebPage","ItemPage"],"@id":"https:\/\/aztex.ee\/no\/pood\/barnas-verden\/barneteppe-105x110-cm\/","url":"https:\/\/aztex.ee\/no\/pood\/barnas-verden\/barneteppe-105x110-cm\/","name":"Barneteppe 105x110 cm | AZTEX","isPartOf":{"@id":"https:\/\/aztex.ee\/no\/#website"},"primaryImageOfPage":{"@id":"https:\/\/aztex.ee\/no\/pood\/barnas-verden\/barneteppe-105x110-cm\/#primaryimage"},"image":{"@id":"https:\/\/aztex.ee\/no\/pood\/barnas-verden\/barneteppe-105x110-cm\/#primaryimage"},"thumbnailUrl":"https:\/\/aztex.ee\/wp-content\/uploads\/2025\/02\/Laste-tekid.jpg","datePublished":"2025-02-16T10:44:55+00:00","dateModified":"2026-01-31T17:14:36+00:00","description":"Mykt og varmt babyteppe med morsomme bilder! Den perfekte f\u00f8lgesvennen for \u00e5 sove, kose og leke. Gir glede til alle barn!","breadcrumb":{"@id":"https:\/\/aztex.ee\/no\/pood\/barnas-verden\/barneteppe-105x110-cm\/#breadcrumb"},"inLanguage":"nb-NO","potentialAction":[{"@type":"ReadAction","target":["https:\/\/aztex.ee\/no\/pood\/barnas-verden\/barneteppe-105x110-cm\/"]}]},{"@type":"ImageObject","inLanguage":"nb-NO","@id":"https:\/\/aztex.ee\/no\/pood\/barnas-verden\/barneteppe-105x110-cm\/#primaryimage","url":"https:\/\/aztex.ee\/wp-content\/uploads\/2025\/02\/Laste-tekid.jpg","contentUrl":"https:\/\/aztex.ee\/wp-content\/uploads\/2025\/02\/Laste-tekid.jpg","width":800,"height":800,"caption":"Laste tekid"},{"@type":"BreadcrumbList","@id":"https:\/\/aztex.ee\/no\/pood\/barnas-verden\/barneteppe-105x110-cm\/#breadcrumb","itemListElement":[{"@type":"ListItem","position":1,"name":"Hjem","item":"https:\/\/aztex.ee\/no\/"},{"@type":"ListItem","position":2,"name":"Butikk","item":"https:\/\/aztex.ee\/no\/butikk\/"},{"@type":"ListItem","position":3,"name":"Barneteppe 105&#215;110 cm"}]},{"@type":"WebSite","@id":"https:\/\/aztex.ee\/no\/#website","url":"https:\/\/aztex.ee\/no\/","name":"AZTEX","description":"","publisher":{"@id":"https:\/\/aztex.ee\/no\/#organization"},"potentialAction":[{"@type":"SearchAction","target":{"@type":"EntryPoint","urlTemplate":"https:\/\/aztex.ee\/no\/?s={search_term_string}"},"query-input":{"@type":"PropertyValueSpecification","valueRequired":true,"valueName":"search_term_string"}}],"inLanguage":"nb-NO"},{"@type":"Organization","@id":"https:\/\/aztex.ee\/no\/#organization","name":"AZTEX","url":"https:\/\/aztex.ee\/no\/","logo":{"@type":"ImageObject","inLanguage":"nb-NO","@id":"https:\/\/aztex.ee\/no\/#\/schema\/logo\/image\/","url":"https:\/\/aztex.ee\/wp-content\/uploads\/2026\/01\/AZTEX.png","contentUrl":"https:\/\/aztex.ee\/wp-content\/uploads\/2026\/01\/AZTEX.png","width":500,"height":500,"caption":"AZTEX"},"image":{"@id":"https:\/\/aztex.ee\/no\/#\/schema\/logo\/image\/"},"sameAs":["https:\/\/www.facebook.com\/AztexEE","https:\/\/www.instagram.com\/aztexeesti\/","https:\/\/www.youtube.com\/@AZTEXEE","https:\/\/www.pinterest.com\/aztex_eesti\/","https:\/\/www.tiktok.com\/@aztexeesti","https:\/\/www.trustpilot.com\/review\/aztex.ee","https:\/\/www.linkedin.com\/company\/aztex-ee\/","https:\/\/www.wikidata.org\/wiki\/Q137560182"]}]}},"_links":{"self":[{"href":"https:\/\/aztex.ee\/no\/wp-json\/wp\/v2\/product\/56061","targetHints":{"allow":["GET"]}}],"collection":[{"href":"https:\/\/aztex.ee\/no\/wp-json\/wp\/v2\/product"}],"about":[{"href":"https:\/\/aztex.ee\/no\/wp-json\/wp\/v2\/types\/product"}],"replies":[{"embeddable":true,"href":"https:\/\/aztex.ee\/no\/wp-json\/wp\/v2\/comments?post=56061"}],"version-history":[{"count":0,"href":"https:\/\/aztex.ee\/no\/wp-json\/wp\/v2\/product\/56061\/revisions"}],"wp:featuredmedia":[{"embeddable":true,"href":"https:\/\/aztex.ee\/no\/wp-json\/wp\/v2\/media\/56144"}],"wp:attachment":[{"href":"https:\/\/aztex.ee\/no\/wp-json\/wp\/v2\/media?parent=56061"}],"wp:term":[{"taxonomy":"product_brand","embeddable":true,"href":"https:\/\/aztex.ee\/no\/wp-json\/wp\/v2\/product_brand?post=56061"},{"taxonomy":"product_cat","embeddable":true,"href":"https:\/\/aztex.ee\/no\/wp-json\/wp\/v2\/product_cat?post=56061"},{"taxonomy":"product_tag","embeddable":true,"href":"https:\/\/aztex.ee\/no\/wp-json\/wp\/v2\/product_tag?post=56061"}],"curies":[{"name":"wp","href":"https:\/\/api.w.org\/{rel}","templated":true}]}}