{"id":55236,"date":"2025-02-13T18:53:53","date_gmt":"2025-02-13T18:53:53","guid":{"rendered":"https:\/\/aztex.ee\/?post_type=product&#038;p=55236"},"modified":"2026-03-29T18:06:28","modified_gmt":"2026-03-29T18:06:28","slug":"mykt-fleeceteppe-180x200-cm","status":"publish","type":"product","link":"https:\/\/aztex.ee\/no\/pood\/tepper-kaste\/mykt-fleeceteppe-180x200-cm\/","title":{"rendered":"Mykt fleeceteppe 180&#215;200 cm"},"content":{"rendered":"<p><strong>Mykt og varmt fleeceteppe 180\u00d7200 cm \u2013 kos til hver dag<\/strong><\/p>\n<p>Nyt maksimal komfort med et mykt fleeceteppe av h\u00f8y kvalitet! Det store 180\u00d7200 cm teppet er perfekt for b\u00e5de sengen og sofaen, og gir varme og hygge uansett \u00e5rstid. Det lette, pustende og slitesterke materialet gj\u00f8r hvert hvile\u00f8yeblikk enda morsommere.<\/p>\n<p><strong>H\u00f8ykvalitets og slitesterkt materiale<\/strong><br \/>\nFleecematerialet sikrer den perfekte balansen mellom varme og luftbevegelse. Teppet er lett, men likevel varmt, og gir komfort selv p\u00e5 kj\u00f8ligere kvelder. Det slitesterke stoffet beholder sin form og farge selv etter gjentatt vask, noe som gj\u00f8r det til et langvarig valg.<\/p>\n<p><strong>Enkel stell og praktisk<\/strong><br \/>\nFleeceteppet er designet for daglig bruk og er lett \u00e5 ta vare p\u00e5. Det maskinvaskbare materialet mister ikke sin mykhet eller farge selv etter flere vask. I tillegg t\u00f8rker teppet raskt, noe som gj\u00f8r det ideelt for de som verdsetter praktisk og komfort.<\/p>\n<p><strong>Allsidig bruk<\/strong><br \/>\nTeppet er perfekt for b\u00e5de seng og sofa, og gir ekstra varme og mykhet. Takket v\u00e6re dens letthet er den en flott f\u00f8lgesvenn for turer, camping og piknik \u2013 den er lett \u00e5 brette sammen og ta med deg. P\u00e5 kj\u00f8lige kvelder gir teppet ogs\u00e5 varme mens du sitter p\u00e5 terrassen eller balkongen.<\/p>\n<p><strong>Flott gaveide<\/strong><br \/>\nEt fleeceteppe er den perfekte gaven til kj\u00e6re som liker \u00e5 nyte hygge og varme. Det myke og luksuri\u00f8se materialet gj\u00f8r den til en elsket f\u00f8lgesvenn i ethvert hjem.<\/p>\n<p>Legg til mer komfort og varme til livet ditt med dette myke fleeceteppet og nyt koselige \u00f8yeblikk uansett \u00e5rstid!<\/p>\n","protected":false},"excerpt":{"rendered":"<ul>\n<li>Materiale: Korallfleece<\/li>\n<li>St\u00f8rrelse: 180&#215;200 cm \u00b13<\/li>\n<li>Vekt: 1,2 kg<\/li>\n<\/ul>\n","protected":false},"featured_media":55362,"comment_status":"open","ping_status":"closed","template":"","meta":[],"product_brand":[],"product_cat":[3138,3438,1873],"product_tag":[],"class_list":{"0":"post-55236","1":"product","2":"type-product","3":"status-publish","4":"has-post-thumbnail","6":"product_cat-fleece-tepper","7":"product_cat-fleece-tepper-180x200-cm","8":"product_cat-tepper-kaste","10":"first","11":"instock","12":"shipping-taxable","13":"purchasable","14":"product-type-variable"},"yoast_head":"<!-- This site is optimized with the Yoast SEO plugin v27.3 - https:\/\/yoast.com\/product\/yoast-seo-wordpress\/ -->\n<title>Mykt fleeceteppe 180x200 cm | AZTEX<\/title>\n<meta name=\"description\" content=\"Behagelig og varmt fleeceteppe i st\u00f8rrelse 180x200 cm. Ideell for daglig bruk, og gir en behagelig mykhet mot huden som skaper en god f\u00f8lelse.\" \/>\n<meta name=\"robots\" content=\"index, follow, max-snippet:-1, max-image-preview:large, max-video-preview:-1\" \/>\n<link rel=\"canonical\" href=\"https:\/\/aztex.ee\/no\/pood\/tepper-kaste\/mykt-fleeceteppe-180x200-cm\/\" \/>\n<meta property=\"og:locale\" content=\"nb_NO\" \/>\n<meta property=\"og:type\" content=\"article\" \/>\n<meta property=\"og:title\" content=\"Mykt fleeceteppe 180x200 cm | AZTEX\" \/>\n<meta property=\"og:description\" content=\"Behagelig og varmt fleeceteppe i st\u00f8rrelse 180x200 cm. Ideell for daglig bruk, og gir en behagelig mykhet mot huden som skaper en god f\u00f8lelse.\" \/>\n<meta property=\"og:url\" content=\"https:\/\/aztex.ee\/no\/pood\/tepper-kaste\/mykt-fleeceteppe-180x200-cm\/\" \/>\n<meta property=\"og:site_name\" content=\"AZTEX\" \/>\n<meta property=\"article:publisher\" content=\"https:\/\/www.facebook.com\/AztexEE\" \/>\n<meta property=\"article:modified_time\" content=\"2026-03-29T18:06:28+00:00\" \/>\n<meta property=\"og:image\" content=\"https:\/\/aztex.ee\/wp-content\/uploads\/2025\/02\/Pehme-fliistekk-180\u00d7200-cm.jpg\" \/>\n\t<meta property=\"og:image:width\" content=\"800\" \/>\n\t<meta property=\"og:image:height\" content=\"800\" \/>\n\t<meta property=\"og:image:type\" content=\"image\/jpeg\" \/>\n<meta name=\"twitter:card\" content=\"summary_large_image\" \/>\n<meta name=\"twitter:label1\" content=\"Ansl. lesetid\" \/>\n\t<meta name=\"twitter:data1\" content=\"2 minutter\" \/>\n<script type=\"application\/ld+json\" class=\"yoast-schema-graph\">{\"@context\":\"https:\\\/\\\/schema.org\",\"@graph\":[{\"@type\":[\"WebPage\",\"ItemPage\"],\"@id\":\"https:\\\/\\\/aztex.ee\\\/no\\\/pood\\\/tepper-kaste\\\/mykt-fleeceteppe-180x200-cm\\\/\",\"url\":\"https:\\\/\\\/aztex.ee\\\/no\\\/pood\\\/tepper-kaste\\\/mykt-fleeceteppe-180x200-cm\\\/\",\"name\":\"Mykt fleeceteppe 180x200 cm | AZTEX\",\"isPartOf\":{\"@id\":\"https:\\\/\\\/aztex.ee\\\/no\\\/#website\"},\"primaryImageOfPage\":{\"@id\":\"https:\\\/\\\/aztex.ee\\\/no\\\/pood\\\/tepper-kaste\\\/mykt-fleeceteppe-180x200-cm\\\/#primaryimage\"},\"image\":{\"@id\":\"https:\\\/\\\/aztex.ee\\\/no\\\/pood\\\/tepper-kaste\\\/mykt-fleeceteppe-180x200-cm\\\/#primaryimage\"},\"thumbnailUrl\":\"https:\\\/\\\/aztex.ee\\\/wp-content\\\/uploads\\\/2025\\\/02\\\/Pehme-fliistekk-180\u00d7200-cm.jpg\",\"datePublished\":\"2025-02-13T18:53:53+00:00\",\"dateModified\":\"2026-03-29T18:06:28+00:00\",\"description\":\"Behagelig og varmt fleeceteppe i st\u00f8rrelse 180x200 cm. Ideell for daglig bruk, og gir en behagelig mykhet mot huden som skaper en god f\u00f8lelse.\",\"breadcrumb\":{\"@id\":\"https:\\\/\\\/aztex.ee\\\/no\\\/pood\\\/tepper-kaste\\\/mykt-fleeceteppe-180x200-cm\\\/#breadcrumb\"},\"inLanguage\":\"nb-NO\",\"potentialAction\":[{\"@type\":\"ReadAction\",\"target\":[\"https:\\\/\\\/aztex.ee\\\/no\\\/pood\\\/tepper-kaste\\\/mykt-fleeceteppe-180x200-cm\\\/\"]}]},{\"@type\":\"ImageObject\",\"inLanguage\":\"nb-NO\",\"@id\":\"https:\\\/\\\/aztex.ee\\\/no\\\/pood\\\/tepper-kaste\\\/mykt-fleeceteppe-180x200-cm\\\/#primaryimage\",\"url\":\"https:\\\/\\\/aztex.ee\\\/wp-content\\\/uploads\\\/2025\\\/02\\\/Pehme-fliistekk-180\u00d7200-cm.jpg\",\"contentUrl\":\"https:\\\/\\\/aztex.ee\\\/wp-content\\\/uploads\\\/2025\\\/02\\\/Pehme-fliistekk-180\u00d7200-cm.jpg\",\"width\":800,\"height\":800,\"caption\":\"Pehme fliistekk 180\u00d7200 cm\"},{\"@type\":\"BreadcrumbList\",\"@id\":\"https:\\\/\\\/aztex.ee\\\/no\\\/pood\\\/tepper-kaste\\\/mykt-fleeceteppe-180x200-cm\\\/#breadcrumb\",\"itemListElement\":[{\"@type\":\"ListItem\",\"position\":1,\"name\":\"Hjem\",\"item\":\"https:\\\/\\\/aztex.ee\\\/no\\\/\"},{\"@type\":\"ListItem\",\"position\":2,\"name\":\"Butikk\",\"item\":\"https:\\\/\\\/aztex.ee\\\/no\\\/butikk\\\/\"},{\"@type\":\"ListItem\",\"position\":3,\"name\":\"Mykt fleeceteppe 180&#215;200 cm\"}]},{\"@type\":\"WebSite\",\"@id\":\"https:\\\/\\\/aztex.ee\\\/no\\\/#website\",\"url\":\"https:\\\/\\\/aztex.ee\\\/no\\\/\",\"name\":\"AZTEX\",\"description\":\"\",\"publisher\":{\"@id\":\"https:\\\/\\\/aztex.ee\\\/no\\\/#organization\"},\"potentialAction\":[{\"@type\":\"SearchAction\",\"target\":{\"@type\":\"EntryPoint\",\"urlTemplate\":\"https:\\\/\\\/aztex.ee\\\/no\\\/?s={search_term_string}\"},\"query-input\":{\"@type\":\"PropertyValueSpecification\",\"valueRequired\":true,\"valueName\":\"search_term_string\"}}],\"inLanguage\":\"nb-NO\"},{\"@type\":\"Organization\",\"@id\":\"https:\\\/\\\/aztex.ee\\\/no\\\/#organization\",\"name\":\"AZTEX\",\"url\":\"https:\\\/\\\/aztex.ee\\\/no\\\/\",\"logo\":{\"@type\":\"ImageObject\",\"inLanguage\":\"nb-NO\",\"@id\":\"https:\\\/\\\/aztex.ee\\\/no\\\/#\\\/schema\\\/logo\\\/image\\\/\",\"url\":\"https:\\\/\\\/aztex.ee\\\/wp-content\\\/uploads\\\/2026\\\/01\\\/AZTEX.png\",\"contentUrl\":\"https:\\\/\\\/aztex.ee\\\/wp-content\\\/uploads\\\/2026\\\/01\\\/AZTEX.png\",\"width\":500,\"height\":500,\"caption\":\"AZTEX\"},\"image\":{\"@id\":\"https:\\\/\\\/aztex.ee\\\/no\\\/#\\\/schema\\\/logo\\\/image\\\/\"},\"sameAs\":[\"https:\\\/\\\/www.facebook.com\\\/AztexEE\",\"https:\\\/\\\/www.instagram.com\\\/aztexeesti\\\/\",\"https:\\\/\\\/www.youtube.com\\\/@AZTEXEE\",\"https:\\\/\\\/www.pinterest.com\\\/aztex_eesti\\\/\",\"https:\\\/\\\/www.tiktok.com\\\/@aztexeesti\",\"https:\\\/\\\/www.trustpilot.com\\\/review\\\/aztex.ee\",\"https:\\\/\\\/www.linkedin.com\\\/company\\\/aztex-ee\\\/\",\"https:\\\/\\\/www.wikidata.org\\\/wiki\\\/Q137560182\"]}]}<\/script>\n<!-- \/ Yoast SEO plugin. -->","yoast_head_json":{"title":"Mykt fleeceteppe 180x200 cm | AZTEX","description":"Behagelig og varmt fleeceteppe i st\u00f8rrelse 180x200 cm. Ideell for daglig bruk, og gir en behagelig mykhet mot huden som skaper en god f\u00f8lelse.","robots":{"index":"index","follow":"follow","max-snippet":"max-snippet:-1","max-image-preview":"max-image-preview:large","max-video-preview":"max-video-preview:-1"},"canonical":"https:\/\/aztex.ee\/no\/pood\/tepper-kaste\/mykt-fleeceteppe-180x200-cm\/","og_locale":"nb_NO","og_type":"article","og_title":"Mykt fleeceteppe 180x200 cm | AZTEX","og_description":"Behagelig og varmt fleeceteppe i st\u00f8rrelse 180x200 cm. Ideell for daglig bruk, og gir en behagelig mykhet mot huden som skaper en god f\u00f8lelse.","og_url":"https:\/\/aztex.ee\/no\/pood\/tepper-kaste\/mykt-fleeceteppe-180x200-cm\/","og_site_name":"AZTEX","article_publisher":"https:\/\/www.facebook.com\/AztexEE","article_modified_time":"2026-03-29T18:06:28+00:00","og_image":[{"width":800,"height":800,"url":"https:\/\/aztex.ee\/wp-content\/uploads\/2025\/02\/Pehme-fliistekk-180\u00d7200-cm.jpg","type":"image\/jpeg"}],"twitter_card":"summary_large_image","twitter_misc":{"Ansl. lesetid":"2 minutter"},"schema":{"@context":"https:\/\/schema.org","@graph":[{"@type":["WebPage","ItemPage"],"@id":"https:\/\/aztex.ee\/no\/pood\/tepper-kaste\/mykt-fleeceteppe-180x200-cm\/","url":"https:\/\/aztex.ee\/no\/pood\/tepper-kaste\/mykt-fleeceteppe-180x200-cm\/","name":"Mykt fleeceteppe 180x200 cm | AZTEX","isPartOf":{"@id":"https:\/\/aztex.ee\/no\/#website"},"primaryImageOfPage":{"@id":"https:\/\/aztex.ee\/no\/pood\/tepper-kaste\/mykt-fleeceteppe-180x200-cm\/#primaryimage"},"image":{"@id":"https:\/\/aztex.ee\/no\/pood\/tepper-kaste\/mykt-fleeceteppe-180x200-cm\/#primaryimage"},"thumbnailUrl":"https:\/\/aztex.ee\/wp-content\/uploads\/2025\/02\/Pehme-fliistekk-180\u00d7200-cm.jpg","datePublished":"2025-02-13T18:53:53+00:00","dateModified":"2026-03-29T18:06:28+00:00","description":"Behagelig og varmt fleeceteppe i st\u00f8rrelse 180x200 cm. Ideell for daglig bruk, og gir en behagelig mykhet mot huden som skaper en god f\u00f8lelse.","breadcrumb":{"@id":"https:\/\/aztex.ee\/no\/pood\/tepper-kaste\/mykt-fleeceteppe-180x200-cm\/#breadcrumb"},"inLanguage":"nb-NO","potentialAction":[{"@type":"ReadAction","target":["https:\/\/aztex.ee\/no\/pood\/tepper-kaste\/mykt-fleeceteppe-180x200-cm\/"]}]},{"@type":"ImageObject","inLanguage":"nb-NO","@id":"https:\/\/aztex.ee\/no\/pood\/tepper-kaste\/mykt-fleeceteppe-180x200-cm\/#primaryimage","url":"https:\/\/aztex.ee\/wp-content\/uploads\/2025\/02\/Pehme-fliistekk-180\u00d7200-cm.jpg","contentUrl":"https:\/\/aztex.ee\/wp-content\/uploads\/2025\/02\/Pehme-fliistekk-180\u00d7200-cm.jpg","width":800,"height":800,"caption":"Pehme fliistekk 180\u00d7200 cm"},{"@type":"BreadcrumbList","@id":"https:\/\/aztex.ee\/no\/pood\/tepper-kaste\/mykt-fleeceteppe-180x200-cm\/#breadcrumb","itemListElement":[{"@type":"ListItem","position":1,"name":"Hjem","item":"https:\/\/aztex.ee\/no\/"},{"@type":"ListItem","position":2,"name":"Butikk","item":"https:\/\/aztex.ee\/no\/butikk\/"},{"@type":"ListItem","position":3,"name":"Mykt fleeceteppe 180&#215;200 cm"}]},{"@type":"WebSite","@id":"https:\/\/aztex.ee\/no\/#website","url":"https:\/\/aztex.ee\/no\/","name":"AZTEX","description":"","publisher":{"@id":"https:\/\/aztex.ee\/no\/#organization"},"potentialAction":[{"@type":"SearchAction","target":{"@type":"EntryPoint","urlTemplate":"https:\/\/aztex.ee\/no\/?s={search_term_string}"},"query-input":{"@type":"PropertyValueSpecification","valueRequired":true,"valueName":"search_term_string"}}],"inLanguage":"nb-NO"},{"@type":"Organization","@id":"https:\/\/aztex.ee\/no\/#organization","name":"AZTEX","url":"https:\/\/aztex.ee\/no\/","logo":{"@type":"ImageObject","inLanguage":"nb-NO","@id":"https:\/\/aztex.ee\/no\/#\/schema\/logo\/image\/","url":"https:\/\/aztex.ee\/wp-content\/uploads\/2026\/01\/AZTEX.png","contentUrl":"https:\/\/aztex.ee\/wp-content\/uploads\/2026\/01\/AZTEX.png","width":500,"height":500,"caption":"AZTEX"},"image":{"@id":"https:\/\/aztex.ee\/no\/#\/schema\/logo\/image\/"},"sameAs":["https:\/\/www.facebook.com\/AztexEE","https:\/\/www.instagram.com\/aztexeesti\/","https:\/\/www.youtube.com\/@AZTEXEE","https:\/\/www.pinterest.com\/aztex_eesti\/","https:\/\/www.tiktok.com\/@aztexeesti","https:\/\/www.trustpilot.com\/review\/aztex.ee","https:\/\/www.linkedin.com\/company\/aztex-ee\/","https:\/\/www.wikidata.org\/wiki\/Q137560182"]}]}},"_links":{"self":[{"href":"https:\/\/aztex.ee\/no\/wp-json\/wp\/v2\/product\/55236","targetHints":{"allow":["GET"]}}],"collection":[{"href":"https:\/\/aztex.ee\/no\/wp-json\/wp\/v2\/product"}],"about":[{"href":"https:\/\/aztex.ee\/no\/wp-json\/wp\/v2\/types\/product"}],"replies":[{"embeddable":true,"href":"https:\/\/aztex.ee\/no\/wp-json\/wp\/v2\/comments?post=55236"}],"version-history":[{"count":0,"href":"https:\/\/aztex.ee\/no\/wp-json\/wp\/v2\/product\/55236\/revisions"}],"wp:featuredmedia":[{"embeddable":true,"href":"https:\/\/aztex.ee\/no\/wp-json\/wp\/v2\/media\/55362"}],"wp:attachment":[{"href":"https:\/\/aztex.ee\/no\/wp-json\/wp\/v2\/media?parent=55236"}],"wp:term":[{"taxonomy":"product_brand","embeddable":true,"href":"https:\/\/aztex.ee\/no\/wp-json\/wp\/v2\/product_brand?post=55236"},{"taxonomy":"product_cat","embeddable":true,"href":"https:\/\/aztex.ee\/no\/wp-json\/wp\/v2\/product_cat?post=55236"},{"taxonomy":"product_tag","embeddable":true,"href":"https:\/\/aztex.ee\/no\/wp-json\/wp\/v2\/product_tag?post=55236"}],"curies":[{"name":"wp","href":"https:\/\/api.w.org\/{rel}","templated":true}]}}