{"id":49123,"date":"2025-01-31T21:52:03","date_gmt":"2025-01-31T21:52:03","guid":{"rendered":"https:\/\/aztex.ee\/pood\/ukategorisert\/laste-tekk-110x140-cm\/"},"modified":"2026-01-04T14:20:09","modified_gmt":"2026-01-04T14:20:09","slug":"barneteppe-110x140-cm","status":"publish","type":"product","link":"https:\/\/aztex.ee\/no\/pood\/barnas-verden\/barneteppe-110x140-cm\/","title":{"rendered":"Barneteppe 110&#215;140 cm"},"content":{"rendered":"<p><strong>Barnetepper &#8211; fargerike og lekne f\u00f8lgesvenner for hvert \u00f8yeblikk!<\/strong><\/p>\n<p>Barneteppe er mer enn bare tepper &#8211; de er spesialdesignet for sm\u00e5 eventyrere for \u00e5 gi dem varme, komfort og mange smil.<\/p>\n<p><strong>Komfort og varme<\/strong><br \/>\nDette barneteppet er mykt og varmt, noe som gj\u00f8r det ideelt for b\u00e5de \u00e5 sove og hvile. Deres vakre nyanser og design gir glede til hver dag, enten det er \u00e5 leke hjemme eller utend\u00f8rseventyr.<\/p>\n<p><strong>Allsidighet<\/strong><br \/>\nBarneteppe kan brukes til \u00e5 sove i sengen, se en film p\u00e5 sofaen eller leke p\u00e5 gulvet. De er ogs\u00e5 perfekte for piknik, fotturer eller turer, og gir barnet komfort overalt.<\/p>\n<p><strong>Kvalitet og praktisk<\/strong><br \/>\nDette barneteppet er laget av materialer av h\u00f8y kvalitet som er slitesterke og enkle \u00e5 vaske. Dette gj\u00f8r dem til det ideelle valget for enhver familie som leter etter en l\u00f8sning som er b\u00e5de vakker og praktisk.<\/p>\n<p>Barnetepper er mer enn bare gjenstander &#8211; de er en del av et barns daglige eventyr og minner. Velg det perfekte teppet til barnet ditt og gj\u00f8r hvert \u00f8yeblikk enda mer spesielt!<\/p>\n","protected":false},"excerpt":{"rendered":"<ul>\n<li>Materiale: Polyester<\/li>\n<li>St\u00f8rrelse: 110&#215;140 cm \u00b13<\/li>\n<li>Vekt: 1 kg<\/li>\n<\/ul>\n","protected":false},"featured_media":48889,"comment_status":"open","ping_status":"closed","template":"","meta":[],"product_brand":[],"product_cat":[2220,2241],"product_tag":[],"class_list":{"0":"post-49123","1":"product","2":"type-product","3":"status-publish","4":"has-post-thumbnail","6":"product_cat-barnas-verden","7":"product_cat-barnepledd","9":"first","10":"instock","11":"shipping-taxable","12":"purchasable","13":"product-type-variable"},"yoast_head":"<!-- This site is optimized with the Yoast SEO plugin v27.4 - https:\/\/yoast.com\/product\/yoast-seo-wordpress\/ -->\n<title>Barneteppe 110x140 cm | AZTEX<\/title>\n<meta name=\"description\" content=\"Barneteppe som er mykt, varmt og ideelt for daglig bruk. Det komfortable og h\u00f8ykvalitetsmaterialet sikrer en fredelig s\u00f8vn til enhver tid.\" \/>\n<meta name=\"robots\" content=\"index, follow, max-snippet:-1, max-image-preview:large, max-video-preview:-1\" \/>\n<link rel=\"canonical\" href=\"https:\/\/aztex.ee\/no\/pood\/barnas-verden\/barneteppe-110x140-cm\/\" \/>\n<meta property=\"og:locale\" content=\"nb_NO\" \/>\n<meta property=\"og:type\" content=\"article\" \/>\n<meta property=\"og:title\" content=\"Barneteppe 110x140 cm | AZTEX\" \/>\n<meta property=\"og:description\" content=\"Barneteppe som er mykt, varmt og ideelt for daglig bruk. Det komfortable og h\u00f8ykvalitetsmaterialet sikrer en fredelig s\u00f8vn til enhver tid.\" \/>\n<meta property=\"og:url\" content=\"https:\/\/aztex.ee\/no\/pood\/barnas-verden\/barneteppe-110x140-cm\/\" \/>\n<meta property=\"og:site_name\" content=\"AZTEX\" \/>\n<meta property=\"article:publisher\" content=\"https:\/\/www.facebook.com\/AztexEE\" \/>\n<meta property=\"article:modified_time\" content=\"2026-01-04T14:20:09+00:00\" \/>\n<meta property=\"og:image\" content=\"https:\/\/aztex.ee\/wp-content\/uploads\/2025\/01\/Laste-tekk-110x140-cm.jpg\" \/>\n\t<meta property=\"og:image:width\" content=\"800\" \/>\n\t<meta property=\"og:image:height\" content=\"800\" \/>\n\t<meta property=\"og:image:type\" content=\"image\/jpeg\" \/>\n<meta name=\"twitter:card\" content=\"summary_large_image\" \/>\n<meta name=\"twitter:label1\" content=\"Ansl. lesetid\" \/>\n\t<meta name=\"twitter:data1\" content=\"2 minutter\" \/>\n<script type=\"application\/ld+json\" class=\"yoast-schema-graph\">{\"@context\":\"https:\\\/\\\/schema.org\",\"@graph\":[{\"@type\":[\"WebPage\",\"ItemPage\"],\"@id\":\"https:\\\/\\\/aztex.ee\\\/no\\\/pood\\\/barnas-verden\\\/barneteppe-110x140-cm\\\/\",\"url\":\"https:\\\/\\\/aztex.ee\\\/no\\\/pood\\\/barnas-verden\\\/barneteppe-110x140-cm\\\/\",\"name\":\"Barneteppe 110x140 cm | AZTEX\",\"isPartOf\":{\"@id\":\"https:\\\/\\\/aztex.ee\\\/no\\\/#website\"},\"primaryImageOfPage\":{\"@id\":\"https:\\\/\\\/aztex.ee\\\/no\\\/pood\\\/barnas-verden\\\/barneteppe-110x140-cm\\\/#primaryimage\"},\"image\":{\"@id\":\"https:\\\/\\\/aztex.ee\\\/no\\\/pood\\\/barnas-verden\\\/barneteppe-110x140-cm\\\/#primaryimage\"},\"thumbnailUrl\":\"https:\\\/\\\/aztex.ee\\\/wp-content\\\/uploads\\\/2025\\\/01\\\/Laste-tekk-110x140-cm.jpg\",\"datePublished\":\"2025-01-31T21:52:03+00:00\",\"dateModified\":\"2026-01-04T14:20:09+00:00\",\"description\":\"Barneteppe som er mykt, varmt og ideelt for daglig bruk. Det komfortable og h\u00f8ykvalitetsmaterialet sikrer en fredelig s\u00f8vn til enhver tid.\",\"breadcrumb\":{\"@id\":\"https:\\\/\\\/aztex.ee\\\/no\\\/pood\\\/barnas-verden\\\/barneteppe-110x140-cm\\\/#breadcrumb\"},\"inLanguage\":\"nb-NO\",\"potentialAction\":[{\"@type\":\"ReadAction\",\"target\":[\"https:\\\/\\\/aztex.ee\\\/no\\\/pood\\\/barnas-verden\\\/barneteppe-110x140-cm\\\/\"]}]},{\"@type\":\"ImageObject\",\"inLanguage\":\"nb-NO\",\"@id\":\"https:\\\/\\\/aztex.ee\\\/no\\\/pood\\\/barnas-verden\\\/barneteppe-110x140-cm\\\/#primaryimage\",\"url\":\"https:\\\/\\\/aztex.ee\\\/wp-content\\\/uploads\\\/2025\\\/01\\\/Laste-tekk-110x140-cm.jpg\",\"contentUrl\":\"https:\\\/\\\/aztex.ee\\\/wp-content\\\/uploads\\\/2025\\\/01\\\/Laste-tekk-110x140-cm.jpg\",\"width\":800,\"height\":800,\"caption\":\"Laste tekk 110x140 cm\"},{\"@type\":\"BreadcrumbList\",\"@id\":\"https:\\\/\\\/aztex.ee\\\/no\\\/pood\\\/barnas-verden\\\/barneteppe-110x140-cm\\\/#breadcrumb\",\"itemListElement\":[{\"@type\":\"ListItem\",\"position\":1,\"name\":\"Hjem\",\"item\":\"https:\\\/\\\/aztex.ee\\\/no\\\/\"},{\"@type\":\"ListItem\",\"position\":2,\"name\":\"Butikk\",\"item\":\"https:\\\/\\\/aztex.ee\\\/no\\\/butikk\\\/\"},{\"@type\":\"ListItem\",\"position\":3,\"name\":\"Barneteppe 110&#215;140 cm\"}]},{\"@type\":\"WebSite\",\"@id\":\"https:\\\/\\\/aztex.ee\\\/no\\\/#website\",\"url\":\"https:\\\/\\\/aztex.ee\\\/no\\\/\",\"name\":\"AZTEX\",\"description\":\"\",\"publisher\":{\"@id\":\"https:\\\/\\\/aztex.ee\\\/no\\\/#organization\"},\"potentialAction\":[{\"@type\":\"SearchAction\",\"target\":{\"@type\":\"EntryPoint\",\"urlTemplate\":\"https:\\\/\\\/aztex.ee\\\/no\\\/?s={search_term_string}\"},\"query-input\":{\"@type\":\"PropertyValueSpecification\",\"valueRequired\":true,\"valueName\":\"search_term_string\"}}],\"inLanguage\":\"nb-NO\"},{\"@type\":\"Organization\",\"@id\":\"https:\\\/\\\/aztex.ee\\\/no\\\/#organization\",\"name\":\"AZTEX\",\"url\":\"https:\\\/\\\/aztex.ee\\\/no\\\/\",\"logo\":{\"@type\":\"ImageObject\",\"inLanguage\":\"nb-NO\",\"@id\":\"https:\\\/\\\/aztex.ee\\\/no\\\/#\\\/schema\\\/logo\\\/image\\\/\",\"url\":\"https:\\\/\\\/aztex.ee\\\/wp-content\\\/uploads\\\/2026\\\/01\\\/AZTEX.png\",\"contentUrl\":\"https:\\\/\\\/aztex.ee\\\/wp-content\\\/uploads\\\/2026\\\/01\\\/AZTEX.png\",\"width\":500,\"height\":500,\"caption\":\"AZTEX\"},\"image\":{\"@id\":\"https:\\\/\\\/aztex.ee\\\/no\\\/#\\\/schema\\\/logo\\\/image\\\/\"},\"sameAs\":[\"https:\\\/\\\/www.facebook.com\\\/AztexEE\",\"https:\\\/\\\/www.instagram.com\\\/aztexeesti\\\/\",\"https:\\\/\\\/www.youtube.com\\\/@AZTEXEE\",\"https:\\\/\\\/www.pinterest.com\\\/aztex_eesti\\\/\",\"https:\\\/\\\/www.tiktok.com\\\/@aztexeesti\",\"https:\\\/\\\/www.trustpilot.com\\\/review\\\/aztex.ee\",\"https:\\\/\\\/www.linkedin.com\\\/company\\\/aztex-ee\\\/\",\"https:\\\/\\\/www.wikidata.org\\\/wiki\\\/Q137560182\"]}]}<\/script>\n<!-- \/ Yoast SEO plugin. -->","yoast_head_json":{"title":"Barneteppe 110x140 cm | AZTEX","description":"Barneteppe som er mykt, varmt og ideelt for daglig bruk. Det komfortable og h\u00f8ykvalitetsmaterialet sikrer en fredelig s\u00f8vn til enhver tid.","robots":{"index":"index","follow":"follow","max-snippet":"max-snippet:-1","max-image-preview":"max-image-preview:large","max-video-preview":"max-video-preview:-1"},"canonical":"https:\/\/aztex.ee\/no\/pood\/barnas-verden\/barneteppe-110x140-cm\/","og_locale":"nb_NO","og_type":"article","og_title":"Barneteppe 110x140 cm | AZTEX","og_description":"Barneteppe som er mykt, varmt og ideelt for daglig bruk. Det komfortable og h\u00f8ykvalitetsmaterialet sikrer en fredelig s\u00f8vn til enhver tid.","og_url":"https:\/\/aztex.ee\/no\/pood\/barnas-verden\/barneteppe-110x140-cm\/","og_site_name":"AZTEX","article_publisher":"https:\/\/www.facebook.com\/AztexEE","article_modified_time":"2026-01-04T14:20:09+00:00","og_image":[{"width":800,"height":800,"url":"https:\/\/aztex.ee\/wp-content\/uploads\/2025\/01\/Laste-tekk-110x140-cm.jpg","type":"image\/jpeg"}],"twitter_card":"summary_large_image","twitter_misc":{"Ansl. lesetid":"2 minutter"},"schema":{"@context":"https:\/\/schema.org","@graph":[{"@type":["WebPage","ItemPage"],"@id":"https:\/\/aztex.ee\/no\/pood\/barnas-verden\/barneteppe-110x140-cm\/","url":"https:\/\/aztex.ee\/no\/pood\/barnas-verden\/barneteppe-110x140-cm\/","name":"Barneteppe 110x140 cm | AZTEX","isPartOf":{"@id":"https:\/\/aztex.ee\/no\/#website"},"primaryImageOfPage":{"@id":"https:\/\/aztex.ee\/no\/pood\/barnas-verden\/barneteppe-110x140-cm\/#primaryimage"},"image":{"@id":"https:\/\/aztex.ee\/no\/pood\/barnas-verden\/barneteppe-110x140-cm\/#primaryimage"},"thumbnailUrl":"https:\/\/aztex.ee\/wp-content\/uploads\/2025\/01\/Laste-tekk-110x140-cm.jpg","datePublished":"2025-01-31T21:52:03+00:00","dateModified":"2026-01-04T14:20:09+00:00","description":"Barneteppe som er mykt, varmt og ideelt for daglig bruk. Det komfortable og h\u00f8ykvalitetsmaterialet sikrer en fredelig s\u00f8vn til enhver tid.","breadcrumb":{"@id":"https:\/\/aztex.ee\/no\/pood\/barnas-verden\/barneteppe-110x140-cm\/#breadcrumb"},"inLanguage":"nb-NO","potentialAction":[{"@type":"ReadAction","target":["https:\/\/aztex.ee\/no\/pood\/barnas-verden\/barneteppe-110x140-cm\/"]}]},{"@type":"ImageObject","inLanguage":"nb-NO","@id":"https:\/\/aztex.ee\/no\/pood\/barnas-verden\/barneteppe-110x140-cm\/#primaryimage","url":"https:\/\/aztex.ee\/wp-content\/uploads\/2025\/01\/Laste-tekk-110x140-cm.jpg","contentUrl":"https:\/\/aztex.ee\/wp-content\/uploads\/2025\/01\/Laste-tekk-110x140-cm.jpg","width":800,"height":800,"caption":"Laste tekk 110x140 cm"},{"@type":"BreadcrumbList","@id":"https:\/\/aztex.ee\/no\/pood\/barnas-verden\/barneteppe-110x140-cm\/#breadcrumb","itemListElement":[{"@type":"ListItem","position":1,"name":"Hjem","item":"https:\/\/aztex.ee\/no\/"},{"@type":"ListItem","position":2,"name":"Butikk","item":"https:\/\/aztex.ee\/no\/butikk\/"},{"@type":"ListItem","position":3,"name":"Barneteppe 110&#215;140 cm"}]},{"@type":"WebSite","@id":"https:\/\/aztex.ee\/no\/#website","url":"https:\/\/aztex.ee\/no\/","name":"AZTEX","description":"","publisher":{"@id":"https:\/\/aztex.ee\/no\/#organization"},"potentialAction":[{"@type":"SearchAction","target":{"@type":"EntryPoint","urlTemplate":"https:\/\/aztex.ee\/no\/?s={search_term_string}"},"query-input":{"@type":"PropertyValueSpecification","valueRequired":true,"valueName":"search_term_string"}}],"inLanguage":"nb-NO"},{"@type":"Organization","@id":"https:\/\/aztex.ee\/no\/#organization","name":"AZTEX","url":"https:\/\/aztex.ee\/no\/","logo":{"@type":"ImageObject","inLanguage":"nb-NO","@id":"https:\/\/aztex.ee\/no\/#\/schema\/logo\/image\/","url":"https:\/\/aztex.ee\/wp-content\/uploads\/2026\/01\/AZTEX.png","contentUrl":"https:\/\/aztex.ee\/wp-content\/uploads\/2026\/01\/AZTEX.png","width":500,"height":500,"caption":"AZTEX"},"image":{"@id":"https:\/\/aztex.ee\/no\/#\/schema\/logo\/image\/"},"sameAs":["https:\/\/www.facebook.com\/AztexEE","https:\/\/www.instagram.com\/aztexeesti\/","https:\/\/www.youtube.com\/@AZTEXEE","https:\/\/www.pinterest.com\/aztex_eesti\/","https:\/\/www.tiktok.com\/@aztexeesti","https:\/\/www.trustpilot.com\/review\/aztex.ee","https:\/\/www.linkedin.com\/company\/aztex-ee\/","https:\/\/www.wikidata.org\/wiki\/Q137560182"]}]}},"_links":{"self":[{"href":"https:\/\/aztex.ee\/no\/wp-json\/wp\/v2\/product\/49123","targetHints":{"allow":["GET"]}}],"collection":[{"href":"https:\/\/aztex.ee\/no\/wp-json\/wp\/v2\/product"}],"about":[{"href":"https:\/\/aztex.ee\/no\/wp-json\/wp\/v2\/types\/product"}],"replies":[{"embeddable":true,"href":"https:\/\/aztex.ee\/no\/wp-json\/wp\/v2\/comments?post=49123"}],"version-history":[{"count":0,"href":"https:\/\/aztex.ee\/no\/wp-json\/wp\/v2\/product\/49123\/revisions"}],"wp:featuredmedia":[{"embeddable":true,"href":"https:\/\/aztex.ee\/no\/wp-json\/wp\/v2\/media\/48889"}],"wp:attachment":[{"href":"https:\/\/aztex.ee\/no\/wp-json\/wp\/v2\/media?parent=49123"}],"wp:term":[{"taxonomy":"product_brand","embeddable":true,"href":"https:\/\/aztex.ee\/no\/wp-json\/wp\/v2\/product_brand?post=49123"},{"taxonomy":"product_cat","embeddable":true,"href":"https:\/\/aztex.ee\/no\/wp-json\/wp\/v2\/product_cat?post=49123"},{"taxonomy":"product_tag","embeddable":true,"href":"https:\/\/aztex.ee\/no\/wp-json\/wp\/v2\/product_tag?post=49123"}],"curies":[{"name":"wp","href":"https:\/\/api.w.org\/{rel}","templated":true}]}}