{"id":44156,"date":"2025-01-22T18:25:30","date_gmt":"2025-01-22T18:25:30","guid":{"rendered":"https:\/\/aztex.ee\/?post_type=product&#038;p=44156"},"modified":"2026-04-02T14:07:24","modified_gmt":"2026-04-02T14:07:24","slug":"bambus-handkle-sett-3stk","status":"publish","type":"product","link":"https:\/\/aztex.ee\/no\/pood\/handklaer-og-badehandklaer\/bambus-handkle-sett-3stk\/","title":{"rendered":"Bambus h\u00e5ndkle sett"},"content":{"rendered":"<p>Bambus h\u00e5ndkle sett, som inkluderer 1 badeh\u00e5ndkle og 2 h\u00e5ndkl\u00e6r, er ideelt for de som leter etter mykhet og praktisk.<\/p>\n<p>Settet inkluderer:<br \/>\n1 stort badeh\u00e5ndkle (70\u00d7140 cm), som gir behagelig og full dekning.<br \/>\n2 mindre h\u00e5ndkl\u00e6r (35\u00d775 cm), perfekt for \u00e5 t\u00f8rke ansikt eller hender.<\/p>\n<p>Bambusfiber h\u00e5ndkl\u00e6r er usedvanlig myke, sk\u00e5nsomme mot huden og har en luksuri\u00f8s f\u00f8lelse. Takket v\u00e6re den naturlige strukturen til bambus har de utmerket absorberingsevne og t\u00f8rker raskt.<\/p>\n<p>H\u00e5ndkl\u00e6rne er ogs\u00e5 antibakterielle og langvarige, og holder kvaliteten selv etter gjentatt vask. Det tidl\u00f8se og klassiske designet matcher enhver baderomsinnredning, og tilf\u00f8rer det stil og eleganse.<\/p>\n<p>Dette bambus h\u00e5ndkle settet er et godt valg for b\u00e5de hverdagsbruk og som gave.<\/p>\n","protected":false},"excerpt":{"rendered":"<ul>\n<li>Materiale: 100% bambus<\/li>\n<li>St\u00f8rrelse: (70\u00d7140 cm 1 stk) + (35\u00d775 cm 2 stk)<\/li>\n<li>Vekt: 420g\/m2<\/li>\n<li>Settet inneholder: 3 stk<\/li>\n<\/ul>\n","protected":false},"featured_media":44225,"comment_status":"open","ping_status":"closed","template":"","meta":[],"product_brand":[],"product_cat":[1670,991,486,1575],"product_tag":[],"class_list":{"0":"post-44156","1":"product","2":"type-product","3":"status-publish","4":"has-post-thumbnail","6":"product_cat-bambus-handklaer-sett","7":"product_cat-handklaer-av-bambus","8":"product_cat-handklaer-og-badehandklaer","9":"product_cat-handklesett","11":"first","12":"instock","13":"shipping-taxable","14":"purchasable","15":"product-type-variable"},"yoast_head":"<!-- This site is optimized with the Yoast SEO plugin v27.4 - https:\/\/yoast.com\/product\/yoast-seo-wordpress\/ -->\n<title>H\u00e5ndkle av bambus - 3 stk h\u00e5ndklepakke | AZTEX<\/title>\n<meta name=\"description\" content=\"\u00d8kologisk bambus h\u00e5ndkle sett inkluderer 1 stk 70x140 cm og 2 stk 35x75 cm h\u00e5ndkl\u00e6r med myk tekstur og utmerket absorberingsevne.\" \/>\n<meta name=\"robots\" content=\"index, follow, max-snippet:-1, max-image-preview:large, max-video-preview:-1\" \/>\n<link rel=\"canonical\" href=\"https:\/\/aztex.ee\/no\/pood\/handklaer-og-badehandklaer\/bambus-handkle-sett-3stk\/\" \/>\n<meta property=\"og:locale\" content=\"nb_NO\" \/>\n<meta property=\"og:type\" content=\"article\" \/>\n<meta property=\"og:title\" content=\"H\u00e5ndkle av bambus - 3 stk h\u00e5ndklepakke | AZTEX\" \/>\n<meta property=\"og:description\" content=\"\u00d8kologisk bambus h\u00e5ndkle sett inkluderer 1 stk 70x140 cm og 2 stk 35x75 cm h\u00e5ndkl\u00e6r med myk tekstur og utmerket absorberingsevne.\" \/>\n<meta property=\"og:url\" content=\"https:\/\/aztex.ee\/no\/pood\/handklaer-og-badehandklaer\/bambus-handkle-sett-3stk\/\" \/>\n<meta property=\"og:site_name\" content=\"AZTEX\" \/>\n<meta property=\"article:publisher\" content=\"https:\/\/www.facebook.com\/AztexEE\" \/>\n<meta property=\"article:modified_time\" content=\"2026-04-02T14:07:24+00:00\" \/>\n<meta property=\"og:image\" content=\"https:\/\/aztex.ee\/wp-content\/uploads\/2025\/01\/Bambusest-ratikute-komplekt-1.jpg\" \/>\n\t<meta property=\"og:image:width\" content=\"800\" \/>\n\t<meta property=\"og:image:height\" content=\"800\" \/>\n\t<meta property=\"og:image:type\" content=\"image\/jpeg\" \/>\n<meta name=\"twitter:card\" content=\"summary_large_image\" \/>\n<meta name=\"twitter:label1\" content=\"Ansl. lesetid\" \/>\n\t<meta name=\"twitter:data1\" content=\"1 minutt\" \/>\n<script type=\"application\/ld+json\" class=\"yoast-schema-graph\">{\"@context\":\"https:\\\/\\\/schema.org\",\"@graph\":[{\"@type\":[\"WebPage\",\"ItemPage\"],\"@id\":\"https:\\\/\\\/aztex.ee\\\/no\\\/pood\\\/handklaer-og-badehandklaer\\\/bambus-handkle-sett-3stk\\\/\",\"url\":\"https:\\\/\\\/aztex.ee\\\/no\\\/pood\\\/handklaer-og-badehandklaer\\\/bambus-handkle-sett-3stk\\\/\",\"name\":\"H\u00e5ndkle av bambus - 3 stk h\u00e5ndklepakke | AZTEX\",\"isPartOf\":{\"@id\":\"https:\\\/\\\/aztex.ee\\\/no\\\/#website\"},\"primaryImageOfPage\":{\"@id\":\"https:\\\/\\\/aztex.ee\\\/no\\\/pood\\\/handklaer-og-badehandklaer\\\/bambus-handkle-sett-3stk\\\/#primaryimage\"},\"image\":{\"@id\":\"https:\\\/\\\/aztex.ee\\\/no\\\/pood\\\/handklaer-og-badehandklaer\\\/bambus-handkle-sett-3stk\\\/#primaryimage\"},\"thumbnailUrl\":\"https:\\\/\\\/aztex.ee\\\/wp-content\\\/uploads\\\/2025\\\/01\\\/Bambusest-ratikute-komplekt-1.jpg\",\"datePublished\":\"2025-01-22T18:25:30+00:00\",\"dateModified\":\"2026-04-02T14:07:24+00:00\",\"description\":\"\u00d8kologisk bambus h\u00e5ndkle sett inkluderer 1 stk 70x140 cm og 2 stk 35x75 cm h\u00e5ndkl\u00e6r med myk tekstur og utmerket absorberingsevne.\",\"breadcrumb\":{\"@id\":\"https:\\\/\\\/aztex.ee\\\/no\\\/pood\\\/handklaer-og-badehandklaer\\\/bambus-handkle-sett-3stk\\\/#breadcrumb\"},\"inLanguage\":\"nb-NO\",\"potentialAction\":[{\"@type\":\"ReadAction\",\"target\":[\"https:\\\/\\\/aztex.ee\\\/no\\\/pood\\\/handklaer-og-badehandklaer\\\/bambus-handkle-sett-3stk\\\/\"]}]},{\"@type\":\"ImageObject\",\"inLanguage\":\"nb-NO\",\"@id\":\"https:\\\/\\\/aztex.ee\\\/no\\\/pood\\\/handklaer-og-badehandklaer\\\/bambus-handkle-sett-3stk\\\/#primaryimage\",\"url\":\"https:\\\/\\\/aztex.ee\\\/wp-content\\\/uploads\\\/2025\\\/01\\\/Bambusest-ratikute-komplekt-1.jpg\",\"contentUrl\":\"https:\\\/\\\/aztex.ee\\\/wp-content\\\/uploads\\\/2025\\\/01\\\/Bambusest-ratikute-komplekt-1.jpg\",\"width\":800,\"height\":800,\"caption\":\"Bambusest r\u00e4tikute komplekt\"},{\"@type\":\"BreadcrumbList\",\"@id\":\"https:\\\/\\\/aztex.ee\\\/no\\\/pood\\\/handklaer-og-badehandklaer\\\/bambus-handkle-sett-3stk\\\/#breadcrumb\",\"itemListElement\":[{\"@type\":\"ListItem\",\"position\":1,\"name\":\"Hjem\",\"item\":\"https:\\\/\\\/aztex.ee\\\/no\\\/\"},{\"@type\":\"ListItem\",\"position\":2,\"name\":\"Butikk\",\"item\":\"https:\\\/\\\/aztex.ee\\\/no\\\/butikk\\\/\"},{\"@type\":\"ListItem\",\"position\":3,\"name\":\"Bambus h\u00e5ndkle sett\"}]},{\"@type\":\"WebSite\",\"@id\":\"https:\\\/\\\/aztex.ee\\\/no\\\/#website\",\"url\":\"https:\\\/\\\/aztex.ee\\\/no\\\/\",\"name\":\"AZTEX\",\"description\":\"\",\"publisher\":{\"@id\":\"https:\\\/\\\/aztex.ee\\\/no\\\/#organization\"},\"potentialAction\":[{\"@type\":\"SearchAction\",\"target\":{\"@type\":\"EntryPoint\",\"urlTemplate\":\"https:\\\/\\\/aztex.ee\\\/no\\\/?s={search_term_string}\"},\"query-input\":{\"@type\":\"PropertyValueSpecification\",\"valueRequired\":true,\"valueName\":\"search_term_string\"}}],\"inLanguage\":\"nb-NO\"},{\"@type\":\"Organization\",\"@id\":\"https:\\\/\\\/aztex.ee\\\/no\\\/#organization\",\"name\":\"AZTEX\",\"url\":\"https:\\\/\\\/aztex.ee\\\/no\\\/\",\"logo\":{\"@type\":\"ImageObject\",\"inLanguage\":\"nb-NO\",\"@id\":\"https:\\\/\\\/aztex.ee\\\/no\\\/#\\\/schema\\\/logo\\\/image\\\/\",\"url\":\"https:\\\/\\\/aztex.ee\\\/wp-content\\\/uploads\\\/2026\\\/01\\\/AZTEX.png\",\"contentUrl\":\"https:\\\/\\\/aztex.ee\\\/wp-content\\\/uploads\\\/2026\\\/01\\\/AZTEX.png\",\"width\":500,\"height\":500,\"caption\":\"AZTEX\"},\"image\":{\"@id\":\"https:\\\/\\\/aztex.ee\\\/no\\\/#\\\/schema\\\/logo\\\/image\\\/\"},\"sameAs\":[\"https:\\\/\\\/www.facebook.com\\\/AztexEE\",\"https:\\\/\\\/www.instagram.com\\\/aztexeesti\\\/\",\"https:\\\/\\\/www.youtube.com\\\/@AZTEXEE\",\"https:\\\/\\\/www.pinterest.com\\\/aztex_eesti\\\/\",\"https:\\\/\\\/www.tiktok.com\\\/@aztexeesti\",\"https:\\\/\\\/www.trustpilot.com\\\/review\\\/aztex.ee\",\"https:\\\/\\\/www.linkedin.com\\\/company\\\/aztex-ee\\\/\",\"https:\\\/\\\/www.wikidata.org\\\/wiki\\\/Q137560182\"]}]}<\/script>\n<!-- \/ Yoast SEO plugin. -->","yoast_head_json":{"title":"H\u00e5ndkle av bambus - 3 stk h\u00e5ndklepakke | AZTEX","description":"\u00d8kologisk bambus h\u00e5ndkle sett inkluderer 1 stk 70x140 cm og 2 stk 35x75 cm h\u00e5ndkl\u00e6r med myk tekstur og utmerket absorberingsevne.","robots":{"index":"index","follow":"follow","max-snippet":"max-snippet:-1","max-image-preview":"max-image-preview:large","max-video-preview":"max-video-preview:-1"},"canonical":"https:\/\/aztex.ee\/no\/pood\/handklaer-og-badehandklaer\/bambus-handkle-sett-3stk\/","og_locale":"nb_NO","og_type":"article","og_title":"H\u00e5ndkle av bambus - 3 stk h\u00e5ndklepakke | AZTEX","og_description":"\u00d8kologisk bambus h\u00e5ndkle sett inkluderer 1 stk 70x140 cm og 2 stk 35x75 cm h\u00e5ndkl\u00e6r med myk tekstur og utmerket absorberingsevne.","og_url":"https:\/\/aztex.ee\/no\/pood\/handklaer-og-badehandklaer\/bambus-handkle-sett-3stk\/","og_site_name":"AZTEX","article_publisher":"https:\/\/www.facebook.com\/AztexEE","article_modified_time":"2026-04-02T14:07:24+00:00","og_image":[{"width":800,"height":800,"url":"https:\/\/aztex.ee\/wp-content\/uploads\/2025\/01\/Bambusest-ratikute-komplekt-1.jpg","type":"image\/jpeg"}],"twitter_card":"summary_large_image","twitter_misc":{"Ansl. lesetid":"1 minutt"},"schema":{"@context":"https:\/\/schema.org","@graph":[{"@type":["WebPage","ItemPage"],"@id":"https:\/\/aztex.ee\/no\/pood\/handklaer-og-badehandklaer\/bambus-handkle-sett-3stk\/","url":"https:\/\/aztex.ee\/no\/pood\/handklaer-og-badehandklaer\/bambus-handkle-sett-3stk\/","name":"H\u00e5ndkle av bambus - 3 stk h\u00e5ndklepakke | AZTEX","isPartOf":{"@id":"https:\/\/aztex.ee\/no\/#website"},"primaryImageOfPage":{"@id":"https:\/\/aztex.ee\/no\/pood\/handklaer-og-badehandklaer\/bambus-handkle-sett-3stk\/#primaryimage"},"image":{"@id":"https:\/\/aztex.ee\/no\/pood\/handklaer-og-badehandklaer\/bambus-handkle-sett-3stk\/#primaryimage"},"thumbnailUrl":"https:\/\/aztex.ee\/wp-content\/uploads\/2025\/01\/Bambusest-ratikute-komplekt-1.jpg","datePublished":"2025-01-22T18:25:30+00:00","dateModified":"2026-04-02T14:07:24+00:00","description":"\u00d8kologisk bambus h\u00e5ndkle sett inkluderer 1 stk 70x140 cm og 2 stk 35x75 cm h\u00e5ndkl\u00e6r med myk tekstur og utmerket absorberingsevne.","breadcrumb":{"@id":"https:\/\/aztex.ee\/no\/pood\/handklaer-og-badehandklaer\/bambus-handkle-sett-3stk\/#breadcrumb"},"inLanguage":"nb-NO","potentialAction":[{"@type":"ReadAction","target":["https:\/\/aztex.ee\/no\/pood\/handklaer-og-badehandklaer\/bambus-handkle-sett-3stk\/"]}]},{"@type":"ImageObject","inLanguage":"nb-NO","@id":"https:\/\/aztex.ee\/no\/pood\/handklaer-og-badehandklaer\/bambus-handkle-sett-3stk\/#primaryimage","url":"https:\/\/aztex.ee\/wp-content\/uploads\/2025\/01\/Bambusest-ratikute-komplekt-1.jpg","contentUrl":"https:\/\/aztex.ee\/wp-content\/uploads\/2025\/01\/Bambusest-ratikute-komplekt-1.jpg","width":800,"height":800,"caption":"Bambusest r\u00e4tikute komplekt"},{"@type":"BreadcrumbList","@id":"https:\/\/aztex.ee\/no\/pood\/handklaer-og-badehandklaer\/bambus-handkle-sett-3stk\/#breadcrumb","itemListElement":[{"@type":"ListItem","position":1,"name":"Hjem","item":"https:\/\/aztex.ee\/no\/"},{"@type":"ListItem","position":2,"name":"Butikk","item":"https:\/\/aztex.ee\/no\/butikk\/"},{"@type":"ListItem","position":3,"name":"Bambus h\u00e5ndkle sett"}]},{"@type":"WebSite","@id":"https:\/\/aztex.ee\/no\/#website","url":"https:\/\/aztex.ee\/no\/","name":"AZTEX","description":"","publisher":{"@id":"https:\/\/aztex.ee\/no\/#organization"},"potentialAction":[{"@type":"SearchAction","target":{"@type":"EntryPoint","urlTemplate":"https:\/\/aztex.ee\/no\/?s={search_term_string}"},"query-input":{"@type":"PropertyValueSpecification","valueRequired":true,"valueName":"search_term_string"}}],"inLanguage":"nb-NO"},{"@type":"Organization","@id":"https:\/\/aztex.ee\/no\/#organization","name":"AZTEX","url":"https:\/\/aztex.ee\/no\/","logo":{"@type":"ImageObject","inLanguage":"nb-NO","@id":"https:\/\/aztex.ee\/no\/#\/schema\/logo\/image\/","url":"https:\/\/aztex.ee\/wp-content\/uploads\/2026\/01\/AZTEX.png","contentUrl":"https:\/\/aztex.ee\/wp-content\/uploads\/2026\/01\/AZTEX.png","width":500,"height":500,"caption":"AZTEX"},"image":{"@id":"https:\/\/aztex.ee\/no\/#\/schema\/logo\/image\/"},"sameAs":["https:\/\/www.facebook.com\/AztexEE","https:\/\/www.instagram.com\/aztexeesti\/","https:\/\/www.youtube.com\/@AZTEXEE","https:\/\/www.pinterest.com\/aztex_eesti\/","https:\/\/www.tiktok.com\/@aztexeesti","https:\/\/www.trustpilot.com\/review\/aztex.ee","https:\/\/www.linkedin.com\/company\/aztex-ee\/","https:\/\/www.wikidata.org\/wiki\/Q137560182"]}]}},"_links":{"self":[{"href":"https:\/\/aztex.ee\/no\/wp-json\/wp\/v2\/product\/44156","targetHints":{"allow":["GET"]}}],"collection":[{"href":"https:\/\/aztex.ee\/no\/wp-json\/wp\/v2\/product"}],"about":[{"href":"https:\/\/aztex.ee\/no\/wp-json\/wp\/v2\/types\/product"}],"replies":[{"embeddable":true,"href":"https:\/\/aztex.ee\/no\/wp-json\/wp\/v2\/comments?post=44156"}],"version-history":[{"count":0,"href":"https:\/\/aztex.ee\/no\/wp-json\/wp\/v2\/product\/44156\/revisions"}],"wp:featuredmedia":[{"embeddable":true,"href":"https:\/\/aztex.ee\/no\/wp-json\/wp\/v2\/media\/44225"}],"wp:attachment":[{"href":"https:\/\/aztex.ee\/no\/wp-json\/wp\/v2\/media?parent=44156"}],"wp:term":[{"taxonomy":"product_brand","embeddable":true,"href":"https:\/\/aztex.ee\/no\/wp-json\/wp\/v2\/product_brand?post=44156"},{"taxonomy":"product_cat","embeddable":true,"href":"https:\/\/aztex.ee\/no\/wp-json\/wp\/v2\/product_cat?post=44156"},{"taxonomy":"product_tag","embeddable":true,"href":"https:\/\/aztex.ee\/no\/wp-json\/wp\/v2\/product_tag?post=44156"}],"curies":[{"name":"wp","href":"https:\/\/api.w.org\/{rel}","templated":true}]}}