{"id":42748,"date":"2025-01-13T10:15:39","date_gmt":"2025-01-13T10:15:39","guid":{"rendered":"https:\/\/aztex.ee\/?post_type=product&#038;p=42748"},"modified":"2026-03-22T17:46:21","modified_gmt":"2026-03-22T17:46:21","slug":"bambus-handklesett-6-stk","status":"publish","type":"product","link":"https:\/\/aztex.ee\/no\/pood\/handklaer-og-badehandklaer\/bambus-handklesett-6-stk\/","title":{"rendered":"Bambus h\u00e5ndklesett 6 stk"},"content":{"rendered":"<p>Bambus h\u00e5ndklesett, som inkluderer 6 h\u00e5ndkl\u00e6r som m\u00e5ler 35\u00d775 cm, er et godt valg for hverdagsbruk eller som gave. Disse h\u00e5ndkl\u00e6rne er laget av bambusfiber, som er kjent for sin eksepsjonelle mykhet og hudvennlighet. Takket v\u00e6re dens naturlige hypoallergene og antibakterielle egenskaper, er de egnet for selv den mest sensitive huden, inkludert babyer og sm\u00e5barn, og gir sk\u00e5nsom pleie og komfort.<\/p>\n<p>Fuktighetsabsorpsjonsevnen til bambus h\u00e5ndkl\u00e6r er imponerende &#8211; de kan absorbere flere ganger mer vann enn tradisjonelle bomullsh\u00e5ndkl\u00e6r. I tillegg t\u00f8rker de raskere, og bidrar til \u00e5 holde dem friske og behagelige selv ved daglig bruk. Lettheten og effektiviteten til h\u00e5ndkl\u00e6rne gj\u00f8r dem til et godt valg b\u00e5de hjemme og p\u00e5 reise.<\/p>\n<p>Lette \u00e5 ta vare p\u00e5 &#8211; de kan vaskes i vaskemaskin ved lave temperaturer, og h\u00e5ndkl\u00e6rne beholder sin mykhet og behagelige utseende selv etter gjentatt vask. Deres allsidige design passer til en rekke baderomsstiler, enten det er en klassisk monokromatisk l\u00f8sning eller moderne fargevalg som tilf\u00f8rer personlighet og visuell appell.<\/p>\n<p>Dette settet tilbyr den perfekte kombinasjonen av kvalitet og brukervennlighet, samtidig som det er slitesterkt og estetisk. Bambus h\u00e5ndkl\u00e6r er ikke bare praktiske, men ogs\u00e5 behagelige \u00e5 bruke, noe som gj\u00f8r daglige rutiner morsommere. De er designet for folk som verdsetter b\u00e5de funksjonalitet og stil.<\/p>\n","protected":false},"excerpt":{"rendered":"<ul>\n<li>Materiale: 100% bambus<\/li>\n<li>St\u00f8rrelse: 35\u00d775 cm \u00b13<\/li>\n<li>Vekt: 420g\/m2<\/li>\n<li>Settet inneholder: 6 stk<\/li>\n<\/ul>\n","protected":false},"featured_media":42837,"comment_status":"open","ping_status":"closed","template":"","meta":[],"product_brand":[],"product_cat":[1626,1670,1736,781,991,486,1575],"product_tag":[],"class_list":{"0":"post-42748","1":"product","2":"type-product","3":"status-publish","4":"has-post-thumbnail","6":"product_cat-bambus-handklaer","7":"product_cat-bambus-handklaer-sett","8":"product_cat-handklaer","9":"product_cat-handklaer-35x75-cm","10":"product_cat-handklaer-av-bambus","11":"product_cat-handklaer-og-badehandklaer","12":"product_cat-handklesett","14":"first","15":"instock","16":"shipping-taxable","17":"purchasable","18":"product-type-variable"},"yoast_head":"<!-- This site is optimized with the Yoast SEO plugin v27.4 - https:\/\/yoast.com\/product\/yoast-seo-wordpress\/ -->\n<title>Bambus h\u00e5ndklesett 6 stk | AZTEX<\/title>\n<meta name=\"description\" content=\"6-delt bambus h\u00e5ndklesett er mykt, slitesterkt, praktisk og stilig og er ideelt for daglig t\u00f8rking av hender, ansikt og kropp.\" \/>\n<meta name=\"robots\" content=\"index, follow, max-snippet:-1, max-image-preview:large, max-video-preview:-1\" \/>\n<link rel=\"canonical\" href=\"https:\/\/aztex.ee\/no\/pood\/handklaer-og-badehandklaer\/bambus-handklesett-6-stk\/\" \/>\n<meta property=\"og:locale\" content=\"nb_NO\" \/>\n<meta property=\"og:type\" content=\"article\" \/>\n<meta property=\"og:title\" content=\"Bambus h\u00e5ndklesett 6 stk | AZTEX\" \/>\n<meta property=\"og:description\" content=\"6-delt bambus h\u00e5ndklesett er mykt, slitesterkt, praktisk og stilig og er ideelt for daglig t\u00f8rking av hender, ansikt og kropp.\" \/>\n<meta property=\"og:url\" content=\"https:\/\/aztex.ee\/no\/pood\/handklaer-og-badehandklaer\/bambus-handklesett-6-stk\/\" \/>\n<meta property=\"og:site_name\" content=\"AZTEX\" \/>\n<meta property=\"article:publisher\" content=\"https:\/\/www.facebook.com\/AztexEE\" \/>\n<meta property=\"article:modified_time\" content=\"2026-03-22T17:46:21+00:00\" \/>\n<meta property=\"og:image\" content=\"https:\/\/aztex.ee\/wp-content\/uploads\/2025\/01\/Bambusest-kateratikute-komplekt.jpg\" \/>\n\t<meta property=\"og:image:width\" content=\"800\" \/>\n\t<meta property=\"og:image:height\" content=\"800\" \/>\n\t<meta property=\"og:image:type\" content=\"image\/jpeg\" \/>\n<meta name=\"twitter:card\" content=\"summary_large_image\" \/>\n<meta name=\"twitter:label1\" content=\"Ansl. lesetid\" \/>\n\t<meta name=\"twitter:data1\" content=\"2 minutter\" \/>\n<script type=\"application\/ld+json\" class=\"yoast-schema-graph\">{\"@context\":\"https:\\\/\\\/schema.org\",\"@graph\":[{\"@type\":[\"WebPage\",\"ItemPage\"],\"@id\":\"https:\\\/\\\/aztex.ee\\\/no\\\/pood\\\/handklaer-og-badehandklaer\\\/bambus-handklesett-6-stk\\\/\",\"url\":\"https:\\\/\\\/aztex.ee\\\/no\\\/pood\\\/handklaer-og-badehandklaer\\\/bambus-handklesett-6-stk\\\/\",\"name\":\"Bambus h\u00e5ndklesett 6 stk | AZTEX\",\"isPartOf\":{\"@id\":\"https:\\\/\\\/aztex.ee\\\/no\\\/#website\"},\"primaryImageOfPage\":{\"@id\":\"https:\\\/\\\/aztex.ee\\\/no\\\/pood\\\/handklaer-og-badehandklaer\\\/bambus-handklesett-6-stk\\\/#primaryimage\"},\"image\":{\"@id\":\"https:\\\/\\\/aztex.ee\\\/no\\\/pood\\\/handklaer-og-badehandklaer\\\/bambus-handklesett-6-stk\\\/#primaryimage\"},\"thumbnailUrl\":\"https:\\\/\\\/aztex.ee\\\/wp-content\\\/uploads\\\/2025\\\/01\\\/Bambusest-kateratikute-komplekt.jpg\",\"datePublished\":\"2025-01-13T10:15:39+00:00\",\"dateModified\":\"2026-03-22T17:46:21+00:00\",\"description\":\"6-delt bambus h\u00e5ndklesett er mykt, slitesterkt, praktisk og stilig og er ideelt for daglig t\u00f8rking av hender, ansikt og kropp.\",\"breadcrumb\":{\"@id\":\"https:\\\/\\\/aztex.ee\\\/no\\\/pood\\\/handklaer-og-badehandklaer\\\/bambus-handklesett-6-stk\\\/#breadcrumb\"},\"inLanguage\":\"nb-NO\",\"potentialAction\":[{\"@type\":\"ReadAction\",\"target\":[\"https:\\\/\\\/aztex.ee\\\/no\\\/pood\\\/handklaer-og-badehandklaer\\\/bambus-handklesett-6-stk\\\/\"]}]},{\"@type\":\"ImageObject\",\"inLanguage\":\"nb-NO\",\"@id\":\"https:\\\/\\\/aztex.ee\\\/no\\\/pood\\\/handklaer-og-badehandklaer\\\/bambus-handklesett-6-stk\\\/#primaryimage\",\"url\":\"https:\\\/\\\/aztex.ee\\\/wp-content\\\/uploads\\\/2025\\\/01\\\/Bambusest-kateratikute-komplekt.jpg\",\"contentUrl\":\"https:\\\/\\\/aztex.ee\\\/wp-content\\\/uploads\\\/2025\\\/01\\\/Bambusest-kateratikute-komplekt.jpg\",\"width\":800,\"height\":800,\"caption\":\"Bambusest k\u00e4ter\u00e4tikute komplekt 6 tk\"},{\"@type\":\"BreadcrumbList\",\"@id\":\"https:\\\/\\\/aztex.ee\\\/no\\\/pood\\\/handklaer-og-badehandklaer\\\/bambus-handklesett-6-stk\\\/#breadcrumb\",\"itemListElement\":[{\"@type\":\"ListItem\",\"position\":1,\"name\":\"Hjem\",\"item\":\"https:\\\/\\\/aztex.ee\\\/no\\\/\"},{\"@type\":\"ListItem\",\"position\":2,\"name\":\"Butikk\",\"item\":\"https:\\\/\\\/aztex.ee\\\/no\\\/butikk\\\/\"},{\"@type\":\"ListItem\",\"position\":3,\"name\":\"Bambus h\u00e5ndklesett 6 stk\"}]},{\"@type\":\"WebSite\",\"@id\":\"https:\\\/\\\/aztex.ee\\\/no\\\/#website\",\"url\":\"https:\\\/\\\/aztex.ee\\\/no\\\/\",\"name\":\"AZTEX\",\"description\":\"\",\"publisher\":{\"@id\":\"https:\\\/\\\/aztex.ee\\\/no\\\/#organization\"},\"potentialAction\":[{\"@type\":\"SearchAction\",\"target\":{\"@type\":\"EntryPoint\",\"urlTemplate\":\"https:\\\/\\\/aztex.ee\\\/no\\\/?s={search_term_string}\"},\"query-input\":{\"@type\":\"PropertyValueSpecification\",\"valueRequired\":true,\"valueName\":\"search_term_string\"}}],\"inLanguage\":\"nb-NO\"},{\"@type\":\"Organization\",\"@id\":\"https:\\\/\\\/aztex.ee\\\/no\\\/#organization\",\"name\":\"AZTEX\",\"url\":\"https:\\\/\\\/aztex.ee\\\/no\\\/\",\"logo\":{\"@type\":\"ImageObject\",\"inLanguage\":\"nb-NO\",\"@id\":\"https:\\\/\\\/aztex.ee\\\/no\\\/#\\\/schema\\\/logo\\\/image\\\/\",\"url\":\"https:\\\/\\\/aztex.ee\\\/wp-content\\\/uploads\\\/2026\\\/01\\\/AZTEX.png\",\"contentUrl\":\"https:\\\/\\\/aztex.ee\\\/wp-content\\\/uploads\\\/2026\\\/01\\\/AZTEX.png\",\"width\":500,\"height\":500,\"caption\":\"AZTEX\"},\"image\":{\"@id\":\"https:\\\/\\\/aztex.ee\\\/no\\\/#\\\/schema\\\/logo\\\/image\\\/\"},\"sameAs\":[\"https:\\\/\\\/www.facebook.com\\\/AztexEE\",\"https:\\\/\\\/www.instagram.com\\\/aztexeesti\\\/\",\"https:\\\/\\\/www.youtube.com\\\/@AZTEXEE\",\"https:\\\/\\\/www.pinterest.com\\\/aztex_eesti\\\/\",\"https:\\\/\\\/www.tiktok.com\\\/@aztexeesti\",\"https:\\\/\\\/www.trustpilot.com\\\/review\\\/aztex.ee\",\"https:\\\/\\\/www.linkedin.com\\\/company\\\/aztex-ee\\\/\",\"https:\\\/\\\/www.wikidata.org\\\/wiki\\\/Q137560182\"]}]}<\/script>\n<!-- \/ Yoast SEO plugin. -->","yoast_head_json":{"title":"Bambus h\u00e5ndklesett 6 stk | AZTEX","description":"6-delt bambus h\u00e5ndklesett er mykt, slitesterkt, praktisk og stilig og er ideelt for daglig t\u00f8rking av hender, ansikt og kropp.","robots":{"index":"index","follow":"follow","max-snippet":"max-snippet:-1","max-image-preview":"max-image-preview:large","max-video-preview":"max-video-preview:-1"},"canonical":"https:\/\/aztex.ee\/no\/pood\/handklaer-og-badehandklaer\/bambus-handklesett-6-stk\/","og_locale":"nb_NO","og_type":"article","og_title":"Bambus h\u00e5ndklesett 6 stk | AZTEX","og_description":"6-delt bambus h\u00e5ndklesett er mykt, slitesterkt, praktisk og stilig og er ideelt for daglig t\u00f8rking av hender, ansikt og kropp.","og_url":"https:\/\/aztex.ee\/no\/pood\/handklaer-og-badehandklaer\/bambus-handklesett-6-stk\/","og_site_name":"AZTEX","article_publisher":"https:\/\/www.facebook.com\/AztexEE","article_modified_time":"2026-03-22T17:46:21+00:00","og_image":[{"width":800,"height":800,"url":"https:\/\/aztex.ee\/wp-content\/uploads\/2025\/01\/Bambusest-kateratikute-komplekt.jpg","type":"image\/jpeg"}],"twitter_card":"summary_large_image","twitter_misc":{"Ansl. lesetid":"2 minutter"},"schema":{"@context":"https:\/\/schema.org","@graph":[{"@type":["WebPage","ItemPage"],"@id":"https:\/\/aztex.ee\/no\/pood\/handklaer-og-badehandklaer\/bambus-handklesett-6-stk\/","url":"https:\/\/aztex.ee\/no\/pood\/handklaer-og-badehandklaer\/bambus-handklesett-6-stk\/","name":"Bambus h\u00e5ndklesett 6 stk | AZTEX","isPartOf":{"@id":"https:\/\/aztex.ee\/no\/#website"},"primaryImageOfPage":{"@id":"https:\/\/aztex.ee\/no\/pood\/handklaer-og-badehandklaer\/bambus-handklesett-6-stk\/#primaryimage"},"image":{"@id":"https:\/\/aztex.ee\/no\/pood\/handklaer-og-badehandklaer\/bambus-handklesett-6-stk\/#primaryimage"},"thumbnailUrl":"https:\/\/aztex.ee\/wp-content\/uploads\/2025\/01\/Bambusest-kateratikute-komplekt.jpg","datePublished":"2025-01-13T10:15:39+00:00","dateModified":"2026-03-22T17:46:21+00:00","description":"6-delt bambus h\u00e5ndklesett er mykt, slitesterkt, praktisk og stilig og er ideelt for daglig t\u00f8rking av hender, ansikt og kropp.","breadcrumb":{"@id":"https:\/\/aztex.ee\/no\/pood\/handklaer-og-badehandklaer\/bambus-handklesett-6-stk\/#breadcrumb"},"inLanguage":"nb-NO","potentialAction":[{"@type":"ReadAction","target":["https:\/\/aztex.ee\/no\/pood\/handklaer-og-badehandklaer\/bambus-handklesett-6-stk\/"]}]},{"@type":"ImageObject","inLanguage":"nb-NO","@id":"https:\/\/aztex.ee\/no\/pood\/handklaer-og-badehandklaer\/bambus-handklesett-6-stk\/#primaryimage","url":"https:\/\/aztex.ee\/wp-content\/uploads\/2025\/01\/Bambusest-kateratikute-komplekt.jpg","contentUrl":"https:\/\/aztex.ee\/wp-content\/uploads\/2025\/01\/Bambusest-kateratikute-komplekt.jpg","width":800,"height":800,"caption":"Bambusest k\u00e4ter\u00e4tikute komplekt 6 tk"},{"@type":"BreadcrumbList","@id":"https:\/\/aztex.ee\/no\/pood\/handklaer-og-badehandklaer\/bambus-handklesett-6-stk\/#breadcrumb","itemListElement":[{"@type":"ListItem","position":1,"name":"Hjem","item":"https:\/\/aztex.ee\/no\/"},{"@type":"ListItem","position":2,"name":"Butikk","item":"https:\/\/aztex.ee\/no\/butikk\/"},{"@type":"ListItem","position":3,"name":"Bambus h\u00e5ndklesett 6 stk"}]},{"@type":"WebSite","@id":"https:\/\/aztex.ee\/no\/#website","url":"https:\/\/aztex.ee\/no\/","name":"AZTEX","description":"","publisher":{"@id":"https:\/\/aztex.ee\/no\/#organization"},"potentialAction":[{"@type":"SearchAction","target":{"@type":"EntryPoint","urlTemplate":"https:\/\/aztex.ee\/no\/?s={search_term_string}"},"query-input":{"@type":"PropertyValueSpecification","valueRequired":true,"valueName":"search_term_string"}}],"inLanguage":"nb-NO"},{"@type":"Organization","@id":"https:\/\/aztex.ee\/no\/#organization","name":"AZTEX","url":"https:\/\/aztex.ee\/no\/","logo":{"@type":"ImageObject","inLanguage":"nb-NO","@id":"https:\/\/aztex.ee\/no\/#\/schema\/logo\/image\/","url":"https:\/\/aztex.ee\/wp-content\/uploads\/2026\/01\/AZTEX.png","contentUrl":"https:\/\/aztex.ee\/wp-content\/uploads\/2026\/01\/AZTEX.png","width":500,"height":500,"caption":"AZTEX"},"image":{"@id":"https:\/\/aztex.ee\/no\/#\/schema\/logo\/image\/"},"sameAs":["https:\/\/www.facebook.com\/AztexEE","https:\/\/www.instagram.com\/aztexeesti\/","https:\/\/www.youtube.com\/@AZTEXEE","https:\/\/www.pinterest.com\/aztex_eesti\/","https:\/\/www.tiktok.com\/@aztexeesti","https:\/\/www.trustpilot.com\/review\/aztex.ee","https:\/\/www.linkedin.com\/company\/aztex-ee\/","https:\/\/www.wikidata.org\/wiki\/Q137560182"]}]}},"_links":{"self":[{"href":"https:\/\/aztex.ee\/no\/wp-json\/wp\/v2\/product\/42748","targetHints":{"allow":["GET"]}}],"collection":[{"href":"https:\/\/aztex.ee\/no\/wp-json\/wp\/v2\/product"}],"about":[{"href":"https:\/\/aztex.ee\/no\/wp-json\/wp\/v2\/types\/product"}],"replies":[{"embeddable":true,"href":"https:\/\/aztex.ee\/no\/wp-json\/wp\/v2\/comments?post=42748"}],"version-history":[{"count":0,"href":"https:\/\/aztex.ee\/no\/wp-json\/wp\/v2\/product\/42748\/revisions"}],"wp:featuredmedia":[{"embeddable":true,"href":"https:\/\/aztex.ee\/no\/wp-json\/wp\/v2\/media\/42837"}],"wp:attachment":[{"href":"https:\/\/aztex.ee\/no\/wp-json\/wp\/v2\/media?parent=42748"}],"wp:term":[{"taxonomy":"product_brand","embeddable":true,"href":"https:\/\/aztex.ee\/no\/wp-json\/wp\/v2\/product_brand?post=42748"},{"taxonomy":"product_cat","embeddable":true,"href":"https:\/\/aztex.ee\/no\/wp-json\/wp\/v2\/product_cat?post=42748"},{"taxonomy":"product_tag","embeddable":true,"href":"https:\/\/aztex.ee\/no\/wp-json\/wp\/v2\/product_tag?post=42748"}],"curies":[{"name":"wp","href":"https:\/\/api.w.org\/{rel}","templated":true}]}}