{"id":41435,"date":"2024-12-29T19:21:50","date_gmt":"2024-12-29T19:21:50","guid":{"rendered":"https:\/\/aztex.ee\/?post_type=product&#038;p=41435"},"modified":"2026-03-21T17:22:30","modified_gmt":"2026-03-21T17:22:30","slug":"okologisk-bambus-handkle","status":"publish","type":"product","link":"https:\/\/aztex.ee\/no\/pood\/handklaer-og-badehandklaer\/okologisk-bambus-handkle\/","title":{"rendered":"Bambus h\u00e5ndkle"},"content":{"rendered":"<p>Bambus h\u00e5ndkle \u2013 et luksuri\u00f8st og milj\u00f8vennlig valg<\/p>\n<p>Et bambush\u00e5ndkle er det perfekte valget for de som verdsetter kvalitet, mykhet og b\u00e6rekraft. Laget av naturlig bambusfiber, er dette h\u00e5ndkleet et milj\u00f8vennlig alternativ til tradisjonelle materialer. Bambusfibre er naturlig myke, og gir en sk\u00e5nsom og velv\u00e6re f\u00f8lelse til huden. Dette gj\u00f8r et bambush\u00e5ndkle ypperlig for sensitiv hud da det ikke irriterer huden eller etterlater en grov f\u00f8lelse.<\/p>\n<p>Bambus h\u00e5ndkl\u00e6r er kjent for sin eksepsjonelle absorberingsevne, og kan absorbere opptil tre ganger mer fuktighet enn bomullsh\u00e5ndkl\u00e6r. Denne egenskapen gj\u00f8r dem ideelle for daglig bruk p\u00e5 badet, spaet eller til og med p\u00e5 stranden. I tillegg t\u00f8rker disse h\u00e5ndkl\u00e6rne raskt, noe som bidrar til \u00e5 forhindre ubehagelige lukter for\u00e5rsaket av fuktighet. De naturlige antibakterielle egenskapene til bambusfibre bidrar ogs\u00e5 til \u00e5 holde h\u00e5ndkleet hygienisk og friskt selv etter gjentatt bruk.<\/p>\n<p>Milj\u00f8vennlighet er en av de st\u00f8rste fordelene med bambush\u00e5ndkl\u00e6r. Bambus er en raskt fornybar plante som vokser uten spr\u00f8ytemidler og gj\u00f8dsel. Produkter laget av bambusfiber er biologisk nedbrytbare og reduserer milj\u00f8p\u00e5virkningen, noe som gj\u00f8r dem ideelle for folk som \u00f8nsker \u00e5 beskytte naturen med sine forbruksvalg.<\/p>\n<p>Stilfullt designede bambush\u00e5ndkl\u00e6r passer inn i ethvert hjem, og tilbyr b\u00e5de praktisk og estetisk nytelse. Et bambus h\u00e5ndkle er ogs\u00e5 en flott gave som vil glede enhver mottaker.<\/p>\n<p>Enkel \u00e5 ta vare p\u00e5 &#8211; vask h\u00e5ndkleet p\u00e5 et sk\u00e5nsomt program opptil 40\u00b0C og unng\u00e5 t\u00f8rking ved h\u00f8ye temperaturer for \u00e5 opprettholde mykheten og holdbarheten. Et bambush\u00e5ndkle kombinerer naturens skj\u00f8nnhet med praktisk, og gir en uforglemmelig opplevelse.<\/p>\n","protected":false},"excerpt":{"rendered":"<ul>\n<li>Materiale: 100% bambus<\/li>\n<li>St\u00f8rrelse: 35\u00d775 cm \u00b13<\/li>\n<li>Vekt: 420g\/m2<\/li>\n<\/ul>\n","protected":false},"featured_media":41626,"comment_status":"open","ping_status":"closed","template":"","meta":[],"product_brand":[],"product_cat":[1626,1736,781,991,486],"product_tag":[],"class_list":{"0":"post-41435","1":"product","2":"type-product","3":"status-publish","4":"has-post-thumbnail","6":"product_cat-bambus-handklaer","7":"product_cat-handklaer","8":"product_cat-handklaer-35x75-cm","9":"product_cat-handklaer-av-bambus","10":"product_cat-handklaer-og-badehandklaer","12":"first","13":"instock","14":"shipping-taxable","15":"purchasable","16":"product-type-variable"},"yoast_head":"<!-- This site is optimized with the Yoast SEO plugin v27.4 - https:\/\/yoast.com\/product\/yoast-seo-wordpress\/ -->\n<title>\u00d8kologisk bambus h\u00e5ndkle | AZTEX<\/title>\n<meta name=\"description\" content=\"Bambus h\u00e5ndkle er mykt og hudvennlig, noe som gj\u00f8r det ideelt for daglig bruk. Takket v\u00e6re den raskt t\u00f8rkende, er den et godt valg for ethvert hjem.\" \/>\n<meta name=\"robots\" content=\"index, follow, max-snippet:-1, max-image-preview:large, max-video-preview:-1\" \/>\n<link rel=\"canonical\" href=\"https:\/\/aztex.ee\/no\/pood\/handklaer-og-badehandklaer\/okologisk-bambus-handkle\/\" \/>\n<meta property=\"og:locale\" content=\"nb_NO\" \/>\n<meta property=\"og:type\" content=\"article\" \/>\n<meta property=\"og:title\" content=\"\u00d8kologisk bambus h\u00e5ndkle | AZTEX\" \/>\n<meta property=\"og:description\" content=\"Bambus h\u00e5ndkle er mykt og hudvennlig, noe som gj\u00f8r det ideelt for daglig bruk. Takket v\u00e6re den raskt t\u00f8rkende, er den et godt valg for ethvert hjem.\" \/>\n<meta property=\"og:url\" content=\"https:\/\/aztex.ee\/no\/pood\/handklaer-og-badehandklaer\/okologisk-bambus-handkle\/\" \/>\n<meta property=\"og:site_name\" content=\"AZTEX\" \/>\n<meta property=\"article:publisher\" content=\"https:\/\/www.facebook.com\/AztexEE\" \/>\n<meta property=\"article:modified_time\" content=\"2026-03-21T17:22:30+00:00\" \/>\n<meta property=\"og:image\" content=\"https:\/\/aztex.ee\/wp-content\/uploads\/2024\/12\/Ratik-Bambusest.jpg\" \/>\n\t<meta property=\"og:image:width\" content=\"800\" \/>\n\t<meta property=\"og:image:height\" content=\"800\" \/>\n\t<meta property=\"og:image:type\" content=\"image\/jpeg\" \/>\n<meta name=\"twitter:card\" content=\"summary_large_image\" \/>\n<meta name=\"twitter:label1\" content=\"Ansl. lesetid\" \/>\n\t<meta name=\"twitter:data1\" content=\"2 minutter\" \/>\n<script type=\"application\/ld+json\" class=\"yoast-schema-graph\">{\"@context\":\"https:\\\/\\\/schema.org\",\"@graph\":[{\"@type\":[\"WebPage\",\"ItemPage\"],\"@id\":\"https:\\\/\\\/aztex.ee\\\/no\\\/pood\\\/handklaer-og-badehandklaer\\\/okologisk-bambus-handkle\\\/\",\"url\":\"https:\\\/\\\/aztex.ee\\\/no\\\/pood\\\/handklaer-og-badehandklaer\\\/okologisk-bambus-handkle\\\/\",\"name\":\"\u00d8kologisk bambus h\u00e5ndkle | AZTEX\",\"isPartOf\":{\"@id\":\"https:\\\/\\\/aztex.ee\\\/no\\\/#website\"},\"primaryImageOfPage\":{\"@id\":\"https:\\\/\\\/aztex.ee\\\/no\\\/pood\\\/handklaer-og-badehandklaer\\\/okologisk-bambus-handkle\\\/#primaryimage\"},\"image\":{\"@id\":\"https:\\\/\\\/aztex.ee\\\/no\\\/pood\\\/handklaer-og-badehandklaer\\\/okologisk-bambus-handkle\\\/#primaryimage\"},\"thumbnailUrl\":\"https:\\\/\\\/aztex.ee\\\/wp-content\\\/uploads\\\/2024\\\/12\\\/Ratik-Bambusest.jpg\",\"datePublished\":\"2024-12-29T19:21:50+00:00\",\"dateModified\":\"2026-03-21T17:22:30+00:00\",\"description\":\"Bambus h\u00e5ndkle er mykt og hudvennlig, noe som gj\u00f8r det ideelt for daglig bruk. Takket v\u00e6re den raskt t\u00f8rkende, er den et godt valg for ethvert hjem.\",\"breadcrumb\":{\"@id\":\"https:\\\/\\\/aztex.ee\\\/no\\\/pood\\\/handklaer-og-badehandklaer\\\/okologisk-bambus-handkle\\\/#breadcrumb\"},\"inLanguage\":\"nb-NO\",\"potentialAction\":[{\"@type\":\"ReadAction\",\"target\":[\"https:\\\/\\\/aztex.ee\\\/no\\\/pood\\\/handklaer-og-badehandklaer\\\/okologisk-bambus-handkle\\\/\"]}]},{\"@type\":\"ImageObject\",\"inLanguage\":\"nb-NO\",\"@id\":\"https:\\\/\\\/aztex.ee\\\/no\\\/pood\\\/handklaer-og-badehandklaer\\\/okologisk-bambus-handkle\\\/#primaryimage\",\"url\":\"https:\\\/\\\/aztex.ee\\\/wp-content\\\/uploads\\\/2024\\\/12\\\/Ratik-Bambusest.jpg\",\"contentUrl\":\"https:\\\/\\\/aztex.ee\\\/wp-content\\\/uploads\\\/2024\\\/12\\\/Ratik-Bambusest.jpg\",\"width\":800,\"height\":800,\"caption\":\"R\u00e4tik Bambusest\"},{\"@type\":\"BreadcrumbList\",\"@id\":\"https:\\\/\\\/aztex.ee\\\/no\\\/pood\\\/handklaer-og-badehandklaer\\\/okologisk-bambus-handkle\\\/#breadcrumb\",\"itemListElement\":[{\"@type\":\"ListItem\",\"position\":1,\"name\":\"Hjem\",\"item\":\"https:\\\/\\\/aztex.ee\\\/no\\\/\"},{\"@type\":\"ListItem\",\"position\":2,\"name\":\"Butikk\",\"item\":\"https:\\\/\\\/aztex.ee\\\/no\\\/butikk\\\/\"},{\"@type\":\"ListItem\",\"position\":3,\"name\":\"Bambus h\u00e5ndkle\"}]},{\"@type\":\"WebSite\",\"@id\":\"https:\\\/\\\/aztex.ee\\\/no\\\/#website\",\"url\":\"https:\\\/\\\/aztex.ee\\\/no\\\/\",\"name\":\"AZTEX\",\"description\":\"\",\"publisher\":{\"@id\":\"https:\\\/\\\/aztex.ee\\\/no\\\/#organization\"},\"potentialAction\":[{\"@type\":\"SearchAction\",\"target\":{\"@type\":\"EntryPoint\",\"urlTemplate\":\"https:\\\/\\\/aztex.ee\\\/no\\\/?s={search_term_string}\"},\"query-input\":{\"@type\":\"PropertyValueSpecification\",\"valueRequired\":true,\"valueName\":\"search_term_string\"}}],\"inLanguage\":\"nb-NO\"},{\"@type\":\"Organization\",\"@id\":\"https:\\\/\\\/aztex.ee\\\/no\\\/#organization\",\"name\":\"AZTEX\",\"url\":\"https:\\\/\\\/aztex.ee\\\/no\\\/\",\"logo\":{\"@type\":\"ImageObject\",\"inLanguage\":\"nb-NO\",\"@id\":\"https:\\\/\\\/aztex.ee\\\/no\\\/#\\\/schema\\\/logo\\\/image\\\/\",\"url\":\"https:\\\/\\\/aztex.ee\\\/wp-content\\\/uploads\\\/2026\\\/01\\\/AZTEX.png\",\"contentUrl\":\"https:\\\/\\\/aztex.ee\\\/wp-content\\\/uploads\\\/2026\\\/01\\\/AZTEX.png\",\"width\":500,\"height\":500,\"caption\":\"AZTEX\"},\"image\":{\"@id\":\"https:\\\/\\\/aztex.ee\\\/no\\\/#\\\/schema\\\/logo\\\/image\\\/\"},\"sameAs\":[\"https:\\\/\\\/www.facebook.com\\\/AztexEE\",\"https:\\\/\\\/www.instagram.com\\\/aztexeesti\\\/\",\"https:\\\/\\\/www.youtube.com\\\/@AZTEXEE\",\"https:\\\/\\\/www.pinterest.com\\\/aztex_eesti\\\/\",\"https:\\\/\\\/www.tiktok.com\\\/@aztexeesti\",\"https:\\\/\\\/www.trustpilot.com\\\/review\\\/aztex.ee\",\"https:\\\/\\\/www.linkedin.com\\\/company\\\/aztex-ee\\\/\",\"https:\\\/\\\/www.wikidata.org\\\/wiki\\\/Q137560182\"]}]}<\/script>\n<!-- \/ Yoast SEO plugin. -->","yoast_head_json":{"title":"\u00d8kologisk bambus h\u00e5ndkle | AZTEX","description":"Bambus h\u00e5ndkle er mykt og hudvennlig, noe som gj\u00f8r det ideelt for daglig bruk. Takket v\u00e6re den raskt t\u00f8rkende, er den et godt valg for ethvert hjem.","robots":{"index":"index","follow":"follow","max-snippet":"max-snippet:-1","max-image-preview":"max-image-preview:large","max-video-preview":"max-video-preview:-1"},"canonical":"https:\/\/aztex.ee\/no\/pood\/handklaer-og-badehandklaer\/okologisk-bambus-handkle\/","og_locale":"nb_NO","og_type":"article","og_title":"\u00d8kologisk bambus h\u00e5ndkle | AZTEX","og_description":"Bambus h\u00e5ndkle er mykt og hudvennlig, noe som gj\u00f8r det ideelt for daglig bruk. Takket v\u00e6re den raskt t\u00f8rkende, er den et godt valg for ethvert hjem.","og_url":"https:\/\/aztex.ee\/no\/pood\/handklaer-og-badehandklaer\/okologisk-bambus-handkle\/","og_site_name":"AZTEX","article_publisher":"https:\/\/www.facebook.com\/AztexEE","article_modified_time":"2026-03-21T17:22:30+00:00","og_image":[{"width":800,"height":800,"url":"https:\/\/aztex.ee\/wp-content\/uploads\/2024\/12\/Ratik-Bambusest.jpg","type":"image\/jpeg"}],"twitter_card":"summary_large_image","twitter_misc":{"Ansl. lesetid":"2 minutter"},"schema":{"@context":"https:\/\/schema.org","@graph":[{"@type":["WebPage","ItemPage"],"@id":"https:\/\/aztex.ee\/no\/pood\/handklaer-og-badehandklaer\/okologisk-bambus-handkle\/","url":"https:\/\/aztex.ee\/no\/pood\/handklaer-og-badehandklaer\/okologisk-bambus-handkle\/","name":"\u00d8kologisk bambus h\u00e5ndkle | AZTEX","isPartOf":{"@id":"https:\/\/aztex.ee\/no\/#website"},"primaryImageOfPage":{"@id":"https:\/\/aztex.ee\/no\/pood\/handklaer-og-badehandklaer\/okologisk-bambus-handkle\/#primaryimage"},"image":{"@id":"https:\/\/aztex.ee\/no\/pood\/handklaer-og-badehandklaer\/okologisk-bambus-handkle\/#primaryimage"},"thumbnailUrl":"https:\/\/aztex.ee\/wp-content\/uploads\/2024\/12\/Ratik-Bambusest.jpg","datePublished":"2024-12-29T19:21:50+00:00","dateModified":"2026-03-21T17:22:30+00:00","description":"Bambus h\u00e5ndkle er mykt og hudvennlig, noe som gj\u00f8r det ideelt for daglig bruk. Takket v\u00e6re den raskt t\u00f8rkende, er den et godt valg for ethvert hjem.","breadcrumb":{"@id":"https:\/\/aztex.ee\/no\/pood\/handklaer-og-badehandklaer\/okologisk-bambus-handkle\/#breadcrumb"},"inLanguage":"nb-NO","potentialAction":[{"@type":"ReadAction","target":["https:\/\/aztex.ee\/no\/pood\/handklaer-og-badehandklaer\/okologisk-bambus-handkle\/"]}]},{"@type":"ImageObject","inLanguage":"nb-NO","@id":"https:\/\/aztex.ee\/no\/pood\/handklaer-og-badehandklaer\/okologisk-bambus-handkle\/#primaryimage","url":"https:\/\/aztex.ee\/wp-content\/uploads\/2024\/12\/Ratik-Bambusest.jpg","contentUrl":"https:\/\/aztex.ee\/wp-content\/uploads\/2024\/12\/Ratik-Bambusest.jpg","width":800,"height":800,"caption":"R\u00e4tik Bambusest"},{"@type":"BreadcrumbList","@id":"https:\/\/aztex.ee\/no\/pood\/handklaer-og-badehandklaer\/okologisk-bambus-handkle\/#breadcrumb","itemListElement":[{"@type":"ListItem","position":1,"name":"Hjem","item":"https:\/\/aztex.ee\/no\/"},{"@type":"ListItem","position":2,"name":"Butikk","item":"https:\/\/aztex.ee\/no\/butikk\/"},{"@type":"ListItem","position":3,"name":"Bambus h\u00e5ndkle"}]},{"@type":"WebSite","@id":"https:\/\/aztex.ee\/no\/#website","url":"https:\/\/aztex.ee\/no\/","name":"AZTEX","description":"","publisher":{"@id":"https:\/\/aztex.ee\/no\/#organization"},"potentialAction":[{"@type":"SearchAction","target":{"@type":"EntryPoint","urlTemplate":"https:\/\/aztex.ee\/no\/?s={search_term_string}"},"query-input":{"@type":"PropertyValueSpecification","valueRequired":true,"valueName":"search_term_string"}}],"inLanguage":"nb-NO"},{"@type":"Organization","@id":"https:\/\/aztex.ee\/no\/#organization","name":"AZTEX","url":"https:\/\/aztex.ee\/no\/","logo":{"@type":"ImageObject","inLanguage":"nb-NO","@id":"https:\/\/aztex.ee\/no\/#\/schema\/logo\/image\/","url":"https:\/\/aztex.ee\/wp-content\/uploads\/2026\/01\/AZTEX.png","contentUrl":"https:\/\/aztex.ee\/wp-content\/uploads\/2026\/01\/AZTEX.png","width":500,"height":500,"caption":"AZTEX"},"image":{"@id":"https:\/\/aztex.ee\/no\/#\/schema\/logo\/image\/"},"sameAs":["https:\/\/www.facebook.com\/AztexEE","https:\/\/www.instagram.com\/aztexeesti\/","https:\/\/www.youtube.com\/@AZTEXEE","https:\/\/www.pinterest.com\/aztex_eesti\/","https:\/\/www.tiktok.com\/@aztexeesti","https:\/\/www.trustpilot.com\/review\/aztex.ee","https:\/\/www.linkedin.com\/company\/aztex-ee\/","https:\/\/www.wikidata.org\/wiki\/Q137560182"]}]}},"_links":{"self":[{"href":"https:\/\/aztex.ee\/no\/wp-json\/wp\/v2\/product\/41435","targetHints":{"allow":["GET"]}}],"collection":[{"href":"https:\/\/aztex.ee\/no\/wp-json\/wp\/v2\/product"}],"about":[{"href":"https:\/\/aztex.ee\/no\/wp-json\/wp\/v2\/types\/product"}],"replies":[{"embeddable":true,"href":"https:\/\/aztex.ee\/no\/wp-json\/wp\/v2\/comments?post=41435"}],"version-history":[{"count":0,"href":"https:\/\/aztex.ee\/no\/wp-json\/wp\/v2\/product\/41435\/revisions"}],"wp:featuredmedia":[{"embeddable":true,"href":"https:\/\/aztex.ee\/no\/wp-json\/wp\/v2\/media\/41626"}],"wp:attachment":[{"href":"https:\/\/aztex.ee\/no\/wp-json\/wp\/v2\/media?parent=41435"}],"wp:term":[{"taxonomy":"product_brand","embeddable":true,"href":"https:\/\/aztex.ee\/no\/wp-json\/wp\/v2\/product_brand?post=41435"},{"taxonomy":"product_cat","embeddable":true,"href":"https:\/\/aztex.ee\/no\/wp-json\/wp\/v2\/product_cat?post=41435"},{"taxonomy":"product_tag","embeddable":true,"href":"https:\/\/aztex.ee\/no\/wp-json\/wp\/v2\/product_tag?post=41435"}],"curies":[{"name":"wp","href":"https:\/\/api.w.org\/{rel}","templated":true}]}}