{"id":30657,"date":"2024-11-09T19:58:36","date_gmt":"2024-11-09T19:58:36","guid":{"rendered":"https:\/\/aztex.ee\/?post_type=product&#038;p=30657"},"modified":"2024-11-09T21:27:56","modified_gmt":"2024-11-09T21:27:56","slug":"dynetrekk-sett-lavender","status":"publish","type":"product","link":"https:\/\/aztex.ee\/no\/pood\/sengetoy\/dynetrekk-sett-lavender\/","title":{"rendered":"Dynetrekk sett | Lavender"},"content":{"rendered":"<p>Sengesett i 100 % bomull gir naturlig mykhet og komfort til soverommet ditt, noe du virkelig vil like. Dette senget\u00f8yet er laget av pustende, ekte bomull, som hjelper kroppen \u00e5 opprettholde den ideelle temperaturen om natten, og gir kj\u00f8lighet p\u00e5 varme netter og varme p\u00e5 kj\u00f8ligere. Det er et godt valg for de som leter etter et naturlig materiale som er sk\u00e5nsomt selv p\u00e5 sensitiv hud.<\/p>\n<p>Den tidl\u00f8se og elegante designen til senget\u00f8yet vil fremheve ethvert soverom, og bringe mykhet og ro til rommet. Bomullen av h\u00f8y kvalitet forblir slitesterk og blir enda mykere med hver vask, og gir en luksuri\u00f8s f\u00f8lelse som varer. Nyt en virkelig koselig og naturn\u00e6r ferie hver kveld med senget\u00f8y i 100 % bomull.<\/p>\n","protected":false},"excerpt":{"rendered":"<p>Naturlig mykt og pustende sengesett i 100 % bomull som sikrer en behagelig og avslappende s\u00f8vn.<\/p>\n<ul>\n<li>Materiale: 100% bomull<\/li>\n<li>Stoff: Satin<\/li>\n<li>Tr\u00e5dtall: 255 TC<\/li>\n<li>Dynetrekk: 200\u00d7230 cm<\/li>\n<li>Putetrekk: 50\u00d775 cm (2stk)<\/li>\n<li>Laken: Ikke inkludert<\/li>\n<li>Komfort: Pustende og myk tekstur<\/li>\n<\/ul>\n<p><img loading=\"lazy\" decoding=\"async\" class=\"alignnone size-full wp-image-30416\" src=\"https:\/\/aztex.ee\/wp-content\/uploads\/2024\/11\/100puuvilll.png\" alt=\"\" width=\"275\" height=\"76\" srcset=\"https:\/\/aztex.ee\/wp-content\/uploads\/2024\/11\/100puuvilll.png 275w, https:\/\/aztex.ee\/wp-content\/uploads\/2024\/11\/100puuvilll-150x41.png 150w\" sizes=\"auto, (max-width: 275px) 100vw, 275px\" \/><\/p>\n","protected":false},"featured_media":30678,"comment_status":"open","ping_status":"closed","template":"","meta":[],"product_brand":[],"product_cat":[169,604,387,293,133,503],"product_tag":[],"class_list":{"0":"post-30657","1":"product","2":"type-product","3":"status-publish","4":"has-post-thumbnail","6":"product_cat-bomull-sengetoy","7":"product_cat-sateng-sengesett","8":"product_cat-sateng-sengetoy","9":"product_cat-sengesett-i-bomull-200-230","10":"product_cat-sengetoy","11":"product_cat-sengetoysett","13":"first","14":"outofstock","15":"shipping-taxable","16":"purchasable","17":"product-type-simple"},"yoast_head":"<!-- This site is optimized with the Yoast SEO plugin v27.4 - https:\/\/yoast.com\/product\/yoast-seo-wordpress\/ -->\n<title>Dynetrekk sett | Lavender | AZTEX<\/title>\n<meta name=\"description\" content=\"Sengesett i 100 % bomull gir naturlig mykhet og komfort til soverommet ditt, noe du virkelig vil like. Dette senget\u00f8yet er laget av pustende, ekte bomull..\" \/>\n<meta name=\"robots\" content=\"index, follow, max-snippet:-1, max-image-preview:large, max-video-preview:-1\" \/>\n<link rel=\"canonical\" href=\"https:\/\/aztex.ee\/no\/pood\/sengetoy\/dynetrekk-sett-lavender\/\" \/>\n<meta property=\"og:locale\" content=\"nb_NO\" \/>\n<meta property=\"og:type\" content=\"article\" \/>\n<meta property=\"og:title\" content=\"Dynetrekk sett | Lavender | AZTEX\" \/>\n<meta property=\"og:description\" content=\"Sengesett i 100 % bomull gir naturlig mykhet og komfort til soverommet ditt, noe du virkelig vil like. Dette senget\u00f8yet er laget av pustende, ekte bomull..\" \/>\n<meta property=\"og:url\" content=\"https:\/\/aztex.ee\/no\/pood\/sengetoy\/dynetrekk-sett-lavender\/\" \/>\n<meta property=\"og:site_name\" content=\"AZTEX\" \/>\n<meta property=\"article:publisher\" content=\"https:\/\/www.facebook.com\/AztexEE\" \/>\n<meta property=\"article:modified_time\" content=\"2024-11-09T21:27:56+00:00\" \/>\n<meta property=\"og:image\" content=\"https:\/\/aztex.ee\/wp-content\/uploads\/2024\/11\/Voodipesukomplekt-5.jpg\" \/>\n\t<meta property=\"og:image:width\" content=\"800\" \/>\n\t<meta property=\"og:image:height\" content=\"800\" \/>\n\t<meta property=\"og:image:type\" content=\"image\/jpeg\" \/>\n<meta name=\"twitter:card\" content=\"summary_large_image\" \/>\n<meta name=\"twitter:label1\" content=\"Ansl. lesetid\" \/>\n\t<meta name=\"twitter:data1\" content=\"1 minutt\" \/>\n<script type=\"application\/ld+json\" class=\"yoast-schema-graph\">{\"@context\":\"https:\\\/\\\/schema.org\",\"@graph\":[{\"@type\":[\"WebPage\",\"ItemPage\"],\"@id\":\"https:\\\/\\\/aztex.ee\\\/no\\\/pood\\\/sengetoy\\\/dynetrekk-sett-lavender\\\/\",\"url\":\"https:\\\/\\\/aztex.ee\\\/no\\\/pood\\\/sengetoy\\\/dynetrekk-sett-lavender\\\/\",\"name\":\"Dynetrekk sett | Lavender | AZTEX\",\"isPartOf\":{\"@id\":\"https:\\\/\\\/aztex.ee\\\/no\\\/#website\"},\"primaryImageOfPage\":{\"@id\":\"https:\\\/\\\/aztex.ee\\\/no\\\/pood\\\/sengetoy\\\/dynetrekk-sett-lavender\\\/#primaryimage\"},\"image\":{\"@id\":\"https:\\\/\\\/aztex.ee\\\/no\\\/pood\\\/sengetoy\\\/dynetrekk-sett-lavender\\\/#primaryimage\"},\"thumbnailUrl\":\"https:\\\/\\\/aztex.ee\\\/wp-content\\\/uploads\\\/2024\\\/11\\\/Voodipesukomplekt-5.jpg\",\"datePublished\":\"2024-11-09T19:58:36+00:00\",\"dateModified\":\"2024-11-09T21:27:56+00:00\",\"description\":\"Sengesett i 100 % bomull gir naturlig mykhet og komfort til soverommet ditt, noe du virkelig vil like. Dette senget\u00f8yet er laget av pustende, ekte bomull..\",\"breadcrumb\":{\"@id\":\"https:\\\/\\\/aztex.ee\\\/no\\\/pood\\\/sengetoy\\\/dynetrekk-sett-lavender\\\/#breadcrumb\"},\"inLanguage\":\"nb-NO\",\"potentialAction\":[{\"@type\":\"ReadAction\",\"target\":[\"https:\\\/\\\/aztex.ee\\\/no\\\/pood\\\/sengetoy\\\/dynetrekk-sett-lavender\\\/\"]}]},{\"@type\":\"ImageObject\",\"inLanguage\":\"nb-NO\",\"@id\":\"https:\\\/\\\/aztex.ee\\\/no\\\/pood\\\/sengetoy\\\/dynetrekk-sett-lavender\\\/#primaryimage\",\"url\":\"https:\\\/\\\/aztex.ee\\\/wp-content\\\/uploads\\\/2024\\\/11\\\/Voodipesukomplekt-5.jpg\",\"contentUrl\":\"https:\\\/\\\/aztex.ee\\\/wp-content\\\/uploads\\\/2024\\\/11\\\/Voodipesukomplekt-5.jpg\",\"width\":800,\"height\":800,\"caption\":\"Voodipesukomplekt\"},{\"@type\":\"BreadcrumbList\",\"@id\":\"https:\\\/\\\/aztex.ee\\\/no\\\/pood\\\/sengetoy\\\/dynetrekk-sett-lavender\\\/#breadcrumb\",\"itemListElement\":[{\"@type\":\"ListItem\",\"position\":1,\"name\":\"Hjem\",\"item\":\"https:\\\/\\\/aztex.ee\\\/no\\\/\"},{\"@type\":\"ListItem\",\"position\":2,\"name\":\"Butikk\",\"item\":\"https:\\\/\\\/aztex.ee\\\/no\\\/butikk\\\/\"},{\"@type\":\"ListItem\",\"position\":3,\"name\":\"Dynetrekk sett | Lavender\"}]},{\"@type\":\"WebSite\",\"@id\":\"https:\\\/\\\/aztex.ee\\\/no\\\/#website\",\"url\":\"https:\\\/\\\/aztex.ee\\\/no\\\/\",\"name\":\"AZTEX\",\"description\":\"\",\"publisher\":{\"@id\":\"https:\\\/\\\/aztex.ee\\\/no\\\/#organization\"},\"potentialAction\":[{\"@type\":\"SearchAction\",\"target\":{\"@type\":\"EntryPoint\",\"urlTemplate\":\"https:\\\/\\\/aztex.ee\\\/no\\\/?s={search_term_string}\"},\"query-input\":{\"@type\":\"PropertyValueSpecification\",\"valueRequired\":true,\"valueName\":\"search_term_string\"}}],\"inLanguage\":\"nb-NO\"},{\"@type\":\"Organization\",\"@id\":\"https:\\\/\\\/aztex.ee\\\/no\\\/#organization\",\"name\":\"AZTEX\",\"url\":\"https:\\\/\\\/aztex.ee\\\/no\\\/\",\"logo\":{\"@type\":\"ImageObject\",\"inLanguage\":\"nb-NO\",\"@id\":\"https:\\\/\\\/aztex.ee\\\/no\\\/#\\\/schema\\\/logo\\\/image\\\/\",\"url\":\"https:\\\/\\\/aztex.ee\\\/wp-content\\\/uploads\\\/2026\\\/01\\\/AZTEX.png\",\"contentUrl\":\"https:\\\/\\\/aztex.ee\\\/wp-content\\\/uploads\\\/2026\\\/01\\\/AZTEX.png\",\"width\":500,\"height\":500,\"caption\":\"AZTEX\"},\"image\":{\"@id\":\"https:\\\/\\\/aztex.ee\\\/no\\\/#\\\/schema\\\/logo\\\/image\\\/\"},\"sameAs\":[\"https:\\\/\\\/www.facebook.com\\\/AztexEE\",\"https:\\\/\\\/www.instagram.com\\\/aztexeesti\\\/\",\"https:\\\/\\\/www.youtube.com\\\/@AZTEXEE\",\"https:\\\/\\\/www.pinterest.com\\\/aztex_eesti\\\/\",\"https:\\\/\\\/www.tiktok.com\\\/@aztexeesti\",\"https:\\\/\\\/www.trustpilot.com\\\/review\\\/aztex.ee\",\"https:\\\/\\\/www.linkedin.com\\\/company\\\/aztex-ee\\\/\",\"https:\\\/\\\/www.wikidata.org\\\/wiki\\\/Q137560182\"]}]}<\/script>\n<!-- \/ Yoast SEO plugin. -->","yoast_head_json":{"title":"Dynetrekk sett | Lavender | AZTEX","description":"Sengesett i 100 % bomull gir naturlig mykhet og komfort til soverommet ditt, noe du virkelig vil like. Dette senget\u00f8yet er laget av pustende, ekte bomull..","robots":{"index":"index","follow":"follow","max-snippet":"max-snippet:-1","max-image-preview":"max-image-preview:large","max-video-preview":"max-video-preview:-1"},"canonical":"https:\/\/aztex.ee\/no\/pood\/sengetoy\/dynetrekk-sett-lavender\/","og_locale":"nb_NO","og_type":"article","og_title":"Dynetrekk sett | Lavender | AZTEX","og_description":"Sengesett i 100 % bomull gir naturlig mykhet og komfort til soverommet ditt, noe du virkelig vil like. Dette senget\u00f8yet er laget av pustende, ekte bomull..","og_url":"https:\/\/aztex.ee\/no\/pood\/sengetoy\/dynetrekk-sett-lavender\/","og_site_name":"AZTEX","article_publisher":"https:\/\/www.facebook.com\/AztexEE","article_modified_time":"2024-11-09T21:27:56+00:00","og_image":[{"width":800,"height":800,"url":"https:\/\/aztex.ee\/wp-content\/uploads\/2024\/11\/Voodipesukomplekt-5.jpg","type":"image\/jpeg"}],"twitter_card":"summary_large_image","twitter_misc":{"Ansl. lesetid":"1 minutt"},"schema":{"@context":"https:\/\/schema.org","@graph":[{"@type":["WebPage","ItemPage"],"@id":"https:\/\/aztex.ee\/no\/pood\/sengetoy\/dynetrekk-sett-lavender\/","url":"https:\/\/aztex.ee\/no\/pood\/sengetoy\/dynetrekk-sett-lavender\/","name":"Dynetrekk sett | Lavender | AZTEX","isPartOf":{"@id":"https:\/\/aztex.ee\/no\/#website"},"primaryImageOfPage":{"@id":"https:\/\/aztex.ee\/no\/pood\/sengetoy\/dynetrekk-sett-lavender\/#primaryimage"},"image":{"@id":"https:\/\/aztex.ee\/no\/pood\/sengetoy\/dynetrekk-sett-lavender\/#primaryimage"},"thumbnailUrl":"https:\/\/aztex.ee\/wp-content\/uploads\/2024\/11\/Voodipesukomplekt-5.jpg","datePublished":"2024-11-09T19:58:36+00:00","dateModified":"2024-11-09T21:27:56+00:00","description":"Sengesett i 100 % bomull gir naturlig mykhet og komfort til soverommet ditt, noe du virkelig vil like. Dette senget\u00f8yet er laget av pustende, ekte bomull..","breadcrumb":{"@id":"https:\/\/aztex.ee\/no\/pood\/sengetoy\/dynetrekk-sett-lavender\/#breadcrumb"},"inLanguage":"nb-NO","potentialAction":[{"@type":"ReadAction","target":["https:\/\/aztex.ee\/no\/pood\/sengetoy\/dynetrekk-sett-lavender\/"]}]},{"@type":"ImageObject","inLanguage":"nb-NO","@id":"https:\/\/aztex.ee\/no\/pood\/sengetoy\/dynetrekk-sett-lavender\/#primaryimage","url":"https:\/\/aztex.ee\/wp-content\/uploads\/2024\/11\/Voodipesukomplekt-5.jpg","contentUrl":"https:\/\/aztex.ee\/wp-content\/uploads\/2024\/11\/Voodipesukomplekt-5.jpg","width":800,"height":800,"caption":"Voodipesukomplekt"},{"@type":"BreadcrumbList","@id":"https:\/\/aztex.ee\/no\/pood\/sengetoy\/dynetrekk-sett-lavender\/#breadcrumb","itemListElement":[{"@type":"ListItem","position":1,"name":"Hjem","item":"https:\/\/aztex.ee\/no\/"},{"@type":"ListItem","position":2,"name":"Butikk","item":"https:\/\/aztex.ee\/no\/butikk\/"},{"@type":"ListItem","position":3,"name":"Dynetrekk sett | Lavender"}]},{"@type":"WebSite","@id":"https:\/\/aztex.ee\/no\/#website","url":"https:\/\/aztex.ee\/no\/","name":"AZTEX","description":"","publisher":{"@id":"https:\/\/aztex.ee\/no\/#organization"},"potentialAction":[{"@type":"SearchAction","target":{"@type":"EntryPoint","urlTemplate":"https:\/\/aztex.ee\/no\/?s={search_term_string}"},"query-input":{"@type":"PropertyValueSpecification","valueRequired":true,"valueName":"search_term_string"}}],"inLanguage":"nb-NO"},{"@type":"Organization","@id":"https:\/\/aztex.ee\/no\/#organization","name":"AZTEX","url":"https:\/\/aztex.ee\/no\/","logo":{"@type":"ImageObject","inLanguage":"nb-NO","@id":"https:\/\/aztex.ee\/no\/#\/schema\/logo\/image\/","url":"https:\/\/aztex.ee\/wp-content\/uploads\/2026\/01\/AZTEX.png","contentUrl":"https:\/\/aztex.ee\/wp-content\/uploads\/2026\/01\/AZTEX.png","width":500,"height":500,"caption":"AZTEX"},"image":{"@id":"https:\/\/aztex.ee\/no\/#\/schema\/logo\/image\/"},"sameAs":["https:\/\/www.facebook.com\/AztexEE","https:\/\/www.instagram.com\/aztexeesti\/","https:\/\/www.youtube.com\/@AZTEXEE","https:\/\/www.pinterest.com\/aztex_eesti\/","https:\/\/www.tiktok.com\/@aztexeesti","https:\/\/www.trustpilot.com\/review\/aztex.ee","https:\/\/www.linkedin.com\/company\/aztex-ee\/","https:\/\/www.wikidata.org\/wiki\/Q137560182"]}]}},"_links":{"self":[{"href":"https:\/\/aztex.ee\/no\/wp-json\/wp\/v2\/product\/30657","targetHints":{"allow":["GET"]}}],"collection":[{"href":"https:\/\/aztex.ee\/no\/wp-json\/wp\/v2\/product"}],"about":[{"href":"https:\/\/aztex.ee\/no\/wp-json\/wp\/v2\/types\/product"}],"replies":[{"embeddable":true,"href":"https:\/\/aztex.ee\/no\/wp-json\/wp\/v2\/comments?post=30657"}],"version-history":[{"count":0,"href":"https:\/\/aztex.ee\/no\/wp-json\/wp\/v2\/product\/30657\/revisions"}],"wp:featuredmedia":[{"embeddable":true,"href":"https:\/\/aztex.ee\/no\/wp-json\/wp\/v2\/media\/30678"}],"wp:attachment":[{"href":"https:\/\/aztex.ee\/no\/wp-json\/wp\/v2\/media?parent=30657"}],"wp:term":[{"taxonomy":"product_brand","embeddable":true,"href":"https:\/\/aztex.ee\/no\/wp-json\/wp\/v2\/product_brand?post=30657"},{"taxonomy":"product_cat","embeddable":true,"href":"https:\/\/aztex.ee\/no\/wp-json\/wp\/v2\/product_cat?post=30657"},{"taxonomy":"product_tag","embeddable":true,"href":"https:\/\/aztex.ee\/no\/wp-json\/wp\/v2\/product_tag?post=30657"}],"curies":[{"name":"wp","href":"https:\/\/api.w.org\/{rel}","templated":true}]}}