{"id":107870,"date":"2026-03-20T20:47:34","date_gmt":"2026-03-20T20:47:34","guid":{"rendered":"https:\/\/aztex.ee\/?post_type=product&#038;p=107870"},"modified":"2026-03-20T21:38:09","modified_gmt":"2026-03-20T21:38:09","slug":"bambus-laken-blatt","status":"publish","type":"product","link":"https:\/\/aztex.ee\/no\/pood\/bambus-laken\/bambus-laken-blatt\/","title":{"rendered":"Bambus laken \u2013 Bl\u00e5tt"},"content":{"rendered":"<p>Bambus er naturlig myk, pustende og slitesterk, noe som gj\u00f8r den til et ideelt valg for hjemmetekstiler. Bambusfibre er silkemyke og ligger sk\u00e5nsomt p\u00e5 huden, og gir luksuri\u00f8s komfort i hverdagen. I tillegg har dette materialet utmerket fuktighetsabsorpsjon, som bidrar til \u00e5 holde huden t\u00f8rr og s\u00f8rger for en frisk f\u00f8lelse hele natten.<\/p>\n<p>En av de spesielle egenskapene til bambus er dens naturlige antibakterielle og hypoallergene egenskaper. Dette bidrar til \u00e5 redusere spredningen av ubehagelig lukt og bakterier, noe som gj\u00f8r produkter laget av bambus spesielt egnet for personer med sensitiv hud. I tillegg kan bambusfibre regulere temperaturen, og gi kj\u00f8lighet om sommeren og varme om vinteren.<\/p>\n<p>Bambus er ogs\u00e5 et b\u00e6rekraftig materiale som vokser raskt og krever betydelig mindre vann for \u00e5 vokse enn mange andre fibre. Dette gj\u00f8r bambustekstiler til et milj\u00f8vennlig valg som kombinerer en livsstil n\u00e6r naturen med f\u00f8rsteklasses komfort.<\/p>\n","protected":false},"excerpt":{"rendered":"<p>Bambus laken s\u00f8rger for en frisk s\u00f8vn, er antibakteriell og silkemyk.<\/p>\n<ul>\n<li>Farge: Bl\u00e5tt<\/li>\n<li>Materiale: 100% bambus<\/li>\n<li>Tr\u00e5dtall: 300 TC<\/li>\n<li>St\u00f8rrelse: 220&#215;240 cm \u00b13<\/li>\n<\/ul>\n<p><img loading=\"lazy\" decoding=\"async\" class=\"alignnone wp-image-20226\" src=\"https:\/\/aztex.ee\/wp-content\/uploads\/2024\/09\/oekotex100.png\" alt=\"\" width=\"196\" height=\"69\" srcset=\"https:\/\/aztex.ee\/wp-content\/uploads\/2024\/09\/oekotex100.png 204w, https:\/\/aztex.ee\/wp-content\/uploads\/2024\/09\/oekotex100-150x53.png 150w\" sizes=\"auto, (max-width: 196px) 100vw, 196px\" \/><img loading=\"lazy\" decoding=\"async\" class=\"alignnone wp-image-20260\" src=\"https:\/\/aztex.ee\/wp-content\/uploads\/2024\/09\/bambuuss.png\" alt=\"\" width=\"75\" height=\"75\" srcset=\"https:\/\/aztex.ee\/wp-content\/uploads\/2024\/09\/bambuuss.png 204w, https:\/\/aztex.ee\/wp-content\/uploads\/2024\/09\/bambuuss-150x150.png 150w\" sizes=\"auto, (max-width: 75px) 100vw, 75px\" \/><\/p>\n","protected":false},"featured_media":107891,"comment_status":"open","ping_status":"closed","template":"","meta":[],"product_brand":[],"product_cat":[543,1803],"product_tag":[],"class_list":{"0":"post-107870","1":"product","2":"type-product","3":"status-publish","4":"has-post-thumbnail","6":"product_cat-bambus-laken","7":"product_cat-laken-no","9":"first","10":"instock","11":"shipping-taxable","12":"purchasable","13":"product-type-simple"},"yoast_head":"<!-- This site is optimized with the Yoast SEO plugin v27.6 - https:\/\/yoast.com\/product\/yoast-seo-wordpress\/ -->\n<title>Naturlig bambus laken \u2013 Bl\u00e5tt | AZTEX<\/title>\n<meta name=\"description\" content=\"Mykt bambus laken med naturlig pusteevne og hudvennlige egenskaper. Passer for sensitiv hud, hjelper deg \u00e5 holde deg t\u00f8rr og fremmer en god natts s\u00f8vn.\" \/>\n<meta name=\"robots\" content=\"index, follow, max-snippet:-1, max-image-preview:large, max-video-preview:-1\" \/>\n<link rel=\"canonical\" href=\"https:\/\/aztex.ee\/no\/pood\/bambus-laken\/bambus-laken-blatt\/\" \/>\n<meta property=\"og:locale\" content=\"nb_NO\" \/>\n<meta property=\"og:type\" content=\"article\" \/>\n<meta property=\"og:title\" content=\"Naturlig bambus laken \u2013 Bl\u00e5tt | AZTEX\" \/>\n<meta property=\"og:description\" content=\"Mykt bambus laken med naturlig pusteevne og hudvennlige egenskaper. Passer for sensitiv hud, hjelper deg \u00e5 holde deg t\u00f8rr og fremmer en god natts s\u00f8vn.\" \/>\n<meta property=\"og:url\" content=\"https:\/\/aztex.ee\/no\/pood\/bambus-laken\/bambus-laken-blatt\/\" \/>\n<meta property=\"og:site_name\" content=\"AZTEX\" \/>\n<meta property=\"article:publisher\" content=\"https:\/\/www.facebook.com\/AztexEE\" \/>\n<meta property=\"article:modified_time\" content=\"2026-03-20T21:38:09+00:00\" \/>\n<meta property=\"og:image\" content=\"https:\/\/aztex.ee\/wp-content\/uploads\/2026\/03\/Bambusest-voodilina-Sinine.jpg\" \/>\n\t<meta property=\"og:image:width\" content=\"800\" \/>\n\t<meta property=\"og:image:height\" content=\"800\" \/>\n\t<meta property=\"og:image:type\" content=\"image\/jpeg\" \/>\n<meta name=\"twitter:card\" content=\"summary_large_image\" \/>\n<meta name=\"twitter:label1\" content=\"Ansl. lesetid\" \/>\n\t<meta name=\"twitter:data1\" content=\"1 minutt\" \/>\n<script type=\"application\/ld+json\" class=\"yoast-schema-graph\">{\"@context\":\"https:\\\/\\\/schema.org\",\"@graph\":[{\"@type\":[\"WebPage\",\"ItemPage\"],\"@id\":\"https:\\\/\\\/aztex.ee\\\/no\\\/pood\\\/bambus-laken\\\/bambus-laken-blatt\\\/\",\"url\":\"https:\\\/\\\/aztex.ee\\\/no\\\/pood\\\/bambus-laken\\\/bambus-laken-blatt\\\/\",\"name\":\"Naturlig bambus laken \u2013 Bl\u00e5tt | AZTEX\",\"isPartOf\":{\"@id\":\"https:\\\/\\\/aztex.ee\\\/no\\\/#website\"},\"primaryImageOfPage\":{\"@id\":\"https:\\\/\\\/aztex.ee\\\/no\\\/pood\\\/bambus-laken\\\/bambus-laken-blatt\\\/#primaryimage\"},\"image\":{\"@id\":\"https:\\\/\\\/aztex.ee\\\/no\\\/pood\\\/bambus-laken\\\/bambus-laken-blatt\\\/#primaryimage\"},\"thumbnailUrl\":\"https:\\\/\\\/aztex.ee\\\/wp-content\\\/uploads\\\/2026\\\/03\\\/Bambusest-voodilina-Sinine.jpg\",\"datePublished\":\"2026-03-20T20:47:34+00:00\",\"dateModified\":\"2026-03-20T21:38:09+00:00\",\"description\":\"Mykt bambus laken med naturlig pusteevne og hudvennlige egenskaper. Passer for sensitiv hud, hjelper deg \u00e5 holde deg t\u00f8rr og fremmer en god natts s\u00f8vn.\",\"breadcrumb\":{\"@id\":\"https:\\\/\\\/aztex.ee\\\/no\\\/pood\\\/bambus-laken\\\/bambus-laken-blatt\\\/#breadcrumb\"},\"inLanguage\":\"nb-NO\",\"potentialAction\":[{\"@type\":\"ReadAction\",\"target\":[\"https:\\\/\\\/aztex.ee\\\/no\\\/pood\\\/bambus-laken\\\/bambus-laken-blatt\\\/\"]}]},{\"@type\":\"ImageObject\",\"inLanguage\":\"nb-NO\",\"@id\":\"https:\\\/\\\/aztex.ee\\\/no\\\/pood\\\/bambus-laken\\\/bambus-laken-blatt\\\/#primaryimage\",\"url\":\"https:\\\/\\\/aztex.ee\\\/wp-content\\\/uploads\\\/2026\\\/03\\\/Bambusest-voodilina-Sinine.jpg\",\"contentUrl\":\"https:\\\/\\\/aztex.ee\\\/wp-content\\\/uploads\\\/2026\\\/03\\\/Bambusest-voodilina-Sinine.jpg\",\"width\":800,\"height\":800,\"caption\":\"Bambusest voodilina Sinine\"},{\"@type\":\"BreadcrumbList\",\"@id\":\"https:\\\/\\\/aztex.ee\\\/no\\\/pood\\\/bambus-laken\\\/bambus-laken-blatt\\\/#breadcrumb\",\"itemListElement\":[{\"@type\":\"ListItem\",\"position\":1,\"name\":\"Hjem\",\"item\":\"https:\\\/\\\/aztex.ee\\\/no\\\/\"},{\"@type\":\"ListItem\",\"position\":2,\"name\":\"Butikk\",\"item\":\"https:\\\/\\\/aztex.ee\\\/no\\\/butikk\\\/\"},{\"@type\":\"ListItem\",\"position\":3,\"name\":\"Bambus laken \u2013 Bl\u00e5tt\"}]},{\"@type\":\"WebSite\",\"@id\":\"https:\\\/\\\/aztex.ee\\\/no\\\/#website\",\"url\":\"https:\\\/\\\/aztex.ee\\\/no\\\/\",\"name\":\"AZTEX\",\"description\":\"\",\"publisher\":{\"@id\":\"https:\\\/\\\/aztex.ee\\\/no\\\/#organization\"},\"potentialAction\":[{\"@type\":\"SearchAction\",\"target\":{\"@type\":\"EntryPoint\",\"urlTemplate\":\"https:\\\/\\\/aztex.ee\\\/no\\\/?s={search_term_string}\"},\"query-input\":{\"@type\":\"PropertyValueSpecification\",\"valueRequired\":true,\"valueName\":\"search_term_string\"}}],\"inLanguage\":\"nb-NO\"},{\"@type\":\"Organization\",\"@id\":\"https:\\\/\\\/aztex.ee\\\/no\\\/#organization\",\"name\":\"AZTEX\",\"url\":\"https:\\\/\\\/aztex.ee\\\/no\\\/\",\"logo\":{\"@type\":\"ImageObject\",\"inLanguage\":\"nb-NO\",\"@id\":\"https:\\\/\\\/aztex.ee\\\/no\\\/#\\\/schema\\\/logo\\\/image\\\/\",\"url\":\"https:\\\/\\\/aztex.ee\\\/wp-content\\\/uploads\\\/2026\\\/01\\\/AZTEX.png\",\"contentUrl\":\"https:\\\/\\\/aztex.ee\\\/wp-content\\\/uploads\\\/2026\\\/01\\\/AZTEX.png\",\"width\":500,\"height\":500,\"caption\":\"AZTEX\"},\"image\":{\"@id\":\"https:\\\/\\\/aztex.ee\\\/no\\\/#\\\/schema\\\/logo\\\/image\\\/\"},\"sameAs\":[\"https:\\\/\\\/www.facebook.com\\\/AztexEE\",\"https:\\\/\\\/www.instagram.com\\\/aztexeesti\\\/\",\"https:\\\/\\\/www.youtube.com\\\/@AZTEXEE\",\"https:\\\/\\\/www.pinterest.com\\\/aztex_eesti\\\/\",\"https:\\\/\\\/www.tiktok.com\\\/@aztexeesti\",\"https:\\\/\\\/www.trustpilot.com\\\/review\\\/aztex.ee\",\"https:\\\/\\\/www.linkedin.com\\\/company\\\/aztex-ee\\\/\",\"https:\\\/\\\/www.wikidata.org\\\/wiki\\\/Q137560182\"]}]}<\/script>\n<!-- \/ Yoast SEO plugin. -->","yoast_head_json":{"title":"Naturlig bambus laken \u2013 Bl\u00e5tt | AZTEX","description":"Mykt bambus laken med naturlig pusteevne og hudvennlige egenskaper. Passer for sensitiv hud, hjelper deg \u00e5 holde deg t\u00f8rr og fremmer en god natts s\u00f8vn.","robots":{"index":"index","follow":"follow","max-snippet":"max-snippet:-1","max-image-preview":"max-image-preview:large","max-video-preview":"max-video-preview:-1"},"canonical":"https:\/\/aztex.ee\/no\/pood\/bambus-laken\/bambus-laken-blatt\/","og_locale":"nb_NO","og_type":"article","og_title":"Naturlig bambus laken \u2013 Bl\u00e5tt | AZTEX","og_description":"Mykt bambus laken med naturlig pusteevne og hudvennlige egenskaper. Passer for sensitiv hud, hjelper deg \u00e5 holde deg t\u00f8rr og fremmer en god natts s\u00f8vn.","og_url":"https:\/\/aztex.ee\/no\/pood\/bambus-laken\/bambus-laken-blatt\/","og_site_name":"AZTEX","article_publisher":"https:\/\/www.facebook.com\/AztexEE","article_modified_time":"2026-03-20T21:38:09+00:00","og_image":[{"width":800,"height":800,"url":"https:\/\/aztex.ee\/wp-content\/uploads\/2026\/03\/Bambusest-voodilina-Sinine.jpg","type":"image\/jpeg"}],"twitter_card":"summary_large_image","twitter_misc":{"Ansl. lesetid":"1 minutt"},"schema":{"@context":"https:\/\/schema.org","@graph":[{"@type":["WebPage","ItemPage"],"@id":"https:\/\/aztex.ee\/no\/pood\/bambus-laken\/bambus-laken-blatt\/","url":"https:\/\/aztex.ee\/no\/pood\/bambus-laken\/bambus-laken-blatt\/","name":"Naturlig bambus laken \u2013 Bl\u00e5tt | AZTEX","isPartOf":{"@id":"https:\/\/aztex.ee\/no\/#website"},"primaryImageOfPage":{"@id":"https:\/\/aztex.ee\/no\/pood\/bambus-laken\/bambus-laken-blatt\/#primaryimage"},"image":{"@id":"https:\/\/aztex.ee\/no\/pood\/bambus-laken\/bambus-laken-blatt\/#primaryimage"},"thumbnailUrl":"https:\/\/aztex.ee\/wp-content\/uploads\/2026\/03\/Bambusest-voodilina-Sinine.jpg","datePublished":"2026-03-20T20:47:34+00:00","dateModified":"2026-03-20T21:38:09+00:00","description":"Mykt bambus laken med naturlig pusteevne og hudvennlige egenskaper. Passer for sensitiv hud, hjelper deg \u00e5 holde deg t\u00f8rr og fremmer en god natts s\u00f8vn.","breadcrumb":{"@id":"https:\/\/aztex.ee\/no\/pood\/bambus-laken\/bambus-laken-blatt\/#breadcrumb"},"inLanguage":"nb-NO","potentialAction":[{"@type":"ReadAction","target":["https:\/\/aztex.ee\/no\/pood\/bambus-laken\/bambus-laken-blatt\/"]}]},{"@type":"ImageObject","inLanguage":"nb-NO","@id":"https:\/\/aztex.ee\/no\/pood\/bambus-laken\/bambus-laken-blatt\/#primaryimage","url":"https:\/\/aztex.ee\/wp-content\/uploads\/2026\/03\/Bambusest-voodilina-Sinine.jpg","contentUrl":"https:\/\/aztex.ee\/wp-content\/uploads\/2026\/03\/Bambusest-voodilina-Sinine.jpg","width":800,"height":800,"caption":"Bambusest voodilina Sinine"},{"@type":"BreadcrumbList","@id":"https:\/\/aztex.ee\/no\/pood\/bambus-laken\/bambus-laken-blatt\/#breadcrumb","itemListElement":[{"@type":"ListItem","position":1,"name":"Hjem","item":"https:\/\/aztex.ee\/no\/"},{"@type":"ListItem","position":2,"name":"Butikk","item":"https:\/\/aztex.ee\/no\/butikk\/"},{"@type":"ListItem","position":3,"name":"Bambus laken \u2013 Bl\u00e5tt"}]},{"@type":"WebSite","@id":"https:\/\/aztex.ee\/no\/#website","url":"https:\/\/aztex.ee\/no\/","name":"AZTEX","description":"","publisher":{"@id":"https:\/\/aztex.ee\/no\/#organization"},"potentialAction":[{"@type":"SearchAction","target":{"@type":"EntryPoint","urlTemplate":"https:\/\/aztex.ee\/no\/?s={search_term_string}"},"query-input":{"@type":"PropertyValueSpecification","valueRequired":true,"valueName":"search_term_string"}}],"inLanguage":"nb-NO"},{"@type":"Organization","@id":"https:\/\/aztex.ee\/no\/#organization","name":"AZTEX","url":"https:\/\/aztex.ee\/no\/","logo":{"@type":"ImageObject","inLanguage":"nb-NO","@id":"https:\/\/aztex.ee\/no\/#\/schema\/logo\/image\/","url":"https:\/\/aztex.ee\/wp-content\/uploads\/2026\/01\/AZTEX.png","contentUrl":"https:\/\/aztex.ee\/wp-content\/uploads\/2026\/01\/AZTEX.png","width":500,"height":500,"caption":"AZTEX"},"image":{"@id":"https:\/\/aztex.ee\/no\/#\/schema\/logo\/image\/"},"sameAs":["https:\/\/www.facebook.com\/AztexEE","https:\/\/www.instagram.com\/aztexeesti\/","https:\/\/www.youtube.com\/@AZTEXEE","https:\/\/www.pinterest.com\/aztex_eesti\/","https:\/\/www.tiktok.com\/@aztexeesti","https:\/\/www.trustpilot.com\/review\/aztex.ee","https:\/\/www.linkedin.com\/company\/aztex-ee\/","https:\/\/www.wikidata.org\/wiki\/Q137560182"]}]}},"_links":{"self":[{"href":"https:\/\/aztex.ee\/no\/wp-json\/wp\/v2\/product\/107870","targetHints":{"allow":["GET"]}}],"collection":[{"href":"https:\/\/aztex.ee\/no\/wp-json\/wp\/v2\/product"}],"about":[{"href":"https:\/\/aztex.ee\/no\/wp-json\/wp\/v2\/types\/product"}],"replies":[{"embeddable":true,"href":"https:\/\/aztex.ee\/no\/wp-json\/wp\/v2\/comments?post=107870"}],"version-history":[{"count":2,"href":"https:\/\/aztex.ee\/no\/wp-json\/wp\/v2\/product\/107870\/revisions"}],"predecessor-version":[{"id":107965,"href":"https:\/\/aztex.ee\/no\/wp-json\/wp\/v2\/product\/107870\/revisions\/107965"}],"wp:featuredmedia":[{"embeddable":true,"href":"https:\/\/aztex.ee\/no\/wp-json\/wp\/v2\/media\/107891"}],"wp:attachment":[{"href":"https:\/\/aztex.ee\/no\/wp-json\/wp\/v2\/media?parent=107870"}],"wp:term":[{"taxonomy":"product_brand","embeddable":true,"href":"https:\/\/aztex.ee\/no\/wp-json\/wp\/v2\/product_brand?post=107870"},{"taxonomy":"product_cat","embeddable":true,"href":"https:\/\/aztex.ee\/no\/wp-json\/wp\/v2\/product_cat?post=107870"},{"taxonomy":"product_tag","embeddable":true,"href":"https:\/\/aztex.ee\/no\/wp-json\/wp\/v2\/product_tag?post=107870"}],"curies":[{"name":"wp","href":"https:\/\/api.w.org\/{rel}","templated":true}]}}