{"id":107164,"date":"2026-03-16T07:17:40","date_gmt":"2026-03-16T07:17:40","guid":{"rendered":"https:\/\/aztex.ee\/meist\/"},"modified":"2026-03-16T10:41:07","modified_gmt":"2026-03-16T10:41:07","slug":"om-aztex","status":"publish","type":"page","link":"https:\/\/aztex.ee\/no\/om-aztex\/","title":{"rendered":"Om AZTEX"},"content":{"rendered":"\n<p class=\"wp-block-wd-paragraph wd-1fe0b7fd\"><strong>AZTEX<\/strong> er et internasjonalt <strong>merkevare innen hjemmetekstiler<\/strong> som tilbyr senget\u00f8y og tekstilprodukter av h\u00f8y kvalitet til kunder over hele verden. Merket drives under <strong>AZTEX Eesti O\u00dc<\/strong>, som er et datterselskap av <strong>Minu Baltic O\u00dc<\/strong>. AZTEX ble grunnlagt av gr\u00fcnderen <strong>Farid Ismayilov<\/strong>.<\/p>\n\n\n\n<p class=\"wp-block-wd-paragraph wd-871839b4\">V\u00e5rt m\u00e5l er \u00e5 levere p\u00e5litelige hjemmetekstiler av h\u00f8y kvalitet som bidrar til \u00e5 skape et <strong>komfortabelt og sunt hjemmemilj\u00f8<\/strong>. Vi tror at en god natts s\u00f8vn og et hyggelig hjem starter med f\u00f8rsteklasses materialer og n\u00f8ye utvalgte produkter.<\/p>\n\n\n\n<p class=\"wp-block-wd-paragraph wd-c3150a4c\">I dag selger AZTEX sine produkter i <strong>mer enn 35 land<\/strong> over hele verden, inkludert: <strong>Norge, Estland, Sverige, Danmark, Finland, Polen, Tsjekkia, Ungarn, Nederland, Slovakia, Tyskland, \u00d8sterrike, Sveits, Island, F\u00e6r\u00f8yene, Latvia, Litauen, Kosovo, Bulgaria, Romania, Frankrike, Storbritannia, Slovenia, Nord-Makedonia, Kroatia, Italia, Spania, Bosnia-Hercegovina, Serbia, Montenegro, Hellas, Albania, Malta, Portugal, Irland, USA, Canada og Mexico.<\/strong><\/p>\n\n\n\n<p class=\"wp-block-wd-paragraph wd-7078b696\">AZTEX fokuserer p\u00e5 kvalitet, komfort og naturlige materialer. V\u00e5rt sortiment inneholder n\u00f8ye utvalgte tekstiler som <strong>bomull, lin, bambus, Tencel (Lyocell), hamp og silke.<\/strong> Disse materialene er pustende, hudvennlige og holdbare, noe som sikrer en behagelig s\u00f8vnopplevelse av h\u00f8y kvalitet.<\/p>\n\n\n\n<p class=\"wp-block-wd-paragraph wd-10682f8d\">For oss er det avgj\u00f8rende at hjemmetekstiler ikke bare er praktiske, men ogs\u00e5 estetiske og holdbare. Derfor legger vi stor vekt p\u00e5 b\u00e5de materialkvalitet og designet p\u00e5 produktene v\u00e5re.<\/p>\n\n\n\n<h3 class=\"wp-block-wd-title title wd-ad960b59\"><strong>Hvorfor stoler kundene p\u00e5 oss?<\/strong><\/h3>\n\n\n\n<p class=\"wp-block-wd-paragraph wd-feb3c5f4\"><strong>Materialer av h\u00f8y kvalitet<\/strong> Vi velger ut v\u00e5re produkter med stor omhu for \u00e5 sikre deres holdbarhet og komfort.<\/p>\n\n\n\n<p class=\"wp-block-wd-paragraph wd-541ddc53\"><strong>Internasjonal erfaring<\/strong> Vi betjener kunder over hele verden og tilbyr kundest\u00f8tte p\u00e5 <strong>19 forskjellige spr\u00e5k<\/strong>.<\/p>\n\n\n\n<p class=\"wp-block-wd-paragraph wd-33513338\"><strong>Kundetilfredshet<\/strong> V\u00e5r <strong><a href=\"https:\/\/www.trustpilot.com\/review\/aztex.ee\" type=\"link\" id=\"https:\/\/www.trustpilot.com\/review\/aztex.ee\" target=\"_blank\" rel=\"noreferrer noopener\">4.8 \/ 5-rangering p\u00e5 Trustpilot<\/a><\/strong> viser at v\u00e5re kunder verdsetter kvaliteten p\u00e5 produktene v\u00e5re og servicen v\u00e5r.<\/p>\n\n\n\n<p class=\"wp-block-wd-paragraph wd-34d6ae4f\">Takk for at du velger <strong>AZTEX<\/strong> til ditt hjem. V\u00e5rt m\u00e5l er \u00e5 v\u00e6re et p\u00e5litelig kvalitetsvalg i verden av hjemmetekstiler.<\/p>\n","protected":false},"excerpt":{"rendered":"","protected":false},"author":1,"featured_media":0,"parent":0,"menu_order":0,"comment_status":"closed","ping_status":"closed","template":"","meta":{"footnotes":""},"class_list":["post-107164","page","type-page","status-publish","hentry"],"yoast_head":"<!-- This site is optimized with the Yoast SEO plugin v27.6 - https:\/\/yoast.com\/product\/yoast-seo-wordpress\/ -->\n<title>Om AZTEX | Kvalitets hjemmetekstiler og senget\u00f8y<\/title>\n<meta name=\"description\" content=\"AZTEX er et internasjonalt merkevare innen hjemmetekstiler som tilbyr senget\u00f8y og tekstilprodukter av h\u00f8y kvalitet til kunder over hele verden. Merket drives under AZTEX Eesti O\u00dc, som er et datterselskap av Minu Baltic O\u00dc. AZTEX ble grunnlagt av gr\u00fcnderen Farid Ismayilov.\" \/>\n<meta name=\"robots\" content=\"index, follow, max-snippet:-1, max-image-preview:large, max-video-preview:-1\" \/>\n<link rel=\"canonical\" href=\"https:\/\/aztex.ee\/no\/om-aztex\/\" \/>\n<meta property=\"og:locale\" content=\"nb_NO\" \/>\n<meta property=\"og:type\" content=\"article\" \/>\n<meta property=\"og:title\" content=\"Om AZTEX | Kvalitets hjemmetekstiler og senget\u00f8y\" \/>\n<meta property=\"og:description\" content=\"AZTEX er et internasjonalt merkevare innen hjemmetekstiler som tilbyr senget\u00f8y og tekstilprodukter av h\u00f8y kvalitet til kunder over hele verden. Merket drives under AZTEX Eesti O\u00dc, som er et datterselskap av Minu Baltic O\u00dc. AZTEX ble grunnlagt av gr\u00fcnderen Farid Ismayilov.\" \/>\n<meta property=\"og:url\" content=\"https:\/\/aztex.ee\/no\/om-aztex\/\" \/>\n<meta property=\"og:site_name\" content=\"AZTEX\" \/>\n<meta property=\"article:publisher\" content=\"https:\/\/www.facebook.com\/AztexEE\" \/>\n<meta property=\"article:modified_time\" content=\"2026-03-16T10:41:07+00:00\" \/>\n<meta name=\"twitter:card\" content=\"summary_large_image\" \/>\n<meta name=\"twitter:label1\" content=\"Ansl. lesetid\" \/>\n\t<meta name=\"twitter:data1\" content=\"2 minutter\" \/>\n<script type=\"application\/ld+json\" class=\"yoast-schema-graph\">{\"@context\":\"https:\\\/\\\/schema.org\",\"@graph\":[{\"@type\":\"WebPage\",\"@id\":\"https:\\\/\\\/aztex.ee\\\/no\\\/om-aztex\\\/\",\"url\":\"https:\\\/\\\/aztex.ee\\\/no\\\/om-aztex\\\/\",\"name\":\"Om AZTEX | Kvalitets hjemmetekstiler og senget\u00f8y\",\"isPartOf\":{\"@id\":\"https:\\\/\\\/aztex.ee\\\/no\\\/#website\"},\"datePublished\":\"2026-03-16T07:17:40+00:00\",\"dateModified\":\"2026-03-16T10:41:07+00:00\",\"description\":\"AZTEX er et internasjonalt merkevare innen hjemmetekstiler som tilbyr senget\u00f8y og tekstilprodukter av h\u00f8y kvalitet til kunder over hele verden. Merket drives under AZTEX Eesti O\u00dc, som er et datterselskap av Minu Baltic O\u00dc. AZTEX ble grunnlagt av gr\u00fcnderen Farid Ismayilov.\",\"breadcrumb\":{\"@id\":\"https:\\\/\\\/aztex.ee\\\/no\\\/om-aztex\\\/#breadcrumb\"},\"inLanguage\":\"nb-NO\",\"potentialAction\":[{\"@type\":\"ReadAction\",\"target\":[\"https:\\\/\\\/aztex.ee\\\/no\\\/om-aztex\\\/\"]}]},{\"@type\":\"BreadcrumbList\",\"@id\":\"https:\\\/\\\/aztex.ee\\\/no\\\/om-aztex\\\/#breadcrumb\",\"itemListElement\":[{\"@type\":\"ListItem\",\"position\":1,\"name\":\"Hjem\",\"item\":\"https:\\\/\\\/aztex.ee\\\/no\\\/\"},{\"@type\":\"ListItem\",\"position\":2,\"name\":\"Om AZTEX\"}]},{\"@type\":\"WebSite\",\"@id\":\"https:\\\/\\\/aztex.ee\\\/no\\\/#website\",\"url\":\"https:\\\/\\\/aztex.ee\\\/no\\\/\",\"name\":\"AZTEX\",\"description\":\"\",\"publisher\":{\"@id\":\"https:\\\/\\\/aztex.ee\\\/no\\\/#organization\"},\"potentialAction\":[{\"@type\":\"SearchAction\",\"target\":{\"@type\":\"EntryPoint\",\"urlTemplate\":\"https:\\\/\\\/aztex.ee\\\/no\\\/?s={search_term_string}\"},\"query-input\":{\"@type\":\"PropertyValueSpecification\",\"valueRequired\":true,\"valueName\":\"search_term_string\"}}],\"inLanguage\":\"nb-NO\"},{\"@type\":\"Organization\",\"@id\":\"https:\\\/\\\/aztex.ee\\\/no\\\/#organization\",\"name\":\"AZTEX\",\"url\":\"https:\\\/\\\/aztex.ee\\\/no\\\/\",\"logo\":{\"@type\":\"ImageObject\",\"inLanguage\":\"nb-NO\",\"@id\":\"https:\\\/\\\/aztex.ee\\\/no\\\/#\\\/schema\\\/logo\\\/image\\\/\",\"url\":\"https:\\\/\\\/aztex.ee\\\/wp-content\\\/uploads\\\/2026\\\/01\\\/AZTEX.png\",\"contentUrl\":\"https:\\\/\\\/aztex.ee\\\/wp-content\\\/uploads\\\/2026\\\/01\\\/AZTEX.png\",\"width\":500,\"height\":500,\"caption\":\"AZTEX\"},\"image\":{\"@id\":\"https:\\\/\\\/aztex.ee\\\/no\\\/#\\\/schema\\\/logo\\\/image\\\/\"},\"sameAs\":[\"https:\\\/\\\/www.facebook.com\\\/AztexEE\",\"https:\\\/\\\/www.instagram.com\\\/aztexeesti\\\/\",\"https:\\\/\\\/www.youtube.com\\\/@AZTEXEE\",\"https:\\\/\\\/www.pinterest.com\\\/aztex_eesti\\\/\",\"https:\\\/\\\/www.tiktok.com\\\/@aztexeesti\",\"https:\\\/\\\/www.trustpilot.com\\\/review\\\/aztex.ee\",\"https:\\\/\\\/www.linkedin.com\\\/company\\\/aztex-ee\\\/\",\"https:\\\/\\\/www.wikidata.org\\\/wiki\\\/Q137560182\"]}]}<\/script>\n<!-- \/ Yoast SEO plugin. -->","yoast_head_json":{"title":"Om AZTEX | Kvalitets hjemmetekstiler og senget\u00f8y","description":"AZTEX er et internasjonalt merkevare innen hjemmetekstiler som tilbyr senget\u00f8y og tekstilprodukter av h\u00f8y kvalitet til kunder over hele verden. Merket drives under AZTEX Eesti O\u00dc, som er et datterselskap av Minu Baltic O\u00dc. AZTEX ble grunnlagt av gr\u00fcnderen Farid Ismayilov.","robots":{"index":"index","follow":"follow","max-snippet":"max-snippet:-1","max-image-preview":"max-image-preview:large","max-video-preview":"max-video-preview:-1"},"canonical":"https:\/\/aztex.ee\/no\/om-aztex\/","og_locale":"nb_NO","og_type":"article","og_title":"Om AZTEX | Kvalitets hjemmetekstiler og senget\u00f8y","og_description":"AZTEX er et internasjonalt merkevare innen hjemmetekstiler som tilbyr senget\u00f8y og tekstilprodukter av h\u00f8y kvalitet til kunder over hele verden. Merket drives under AZTEX Eesti O\u00dc, som er et datterselskap av Minu Baltic O\u00dc. AZTEX ble grunnlagt av gr\u00fcnderen Farid Ismayilov.","og_url":"https:\/\/aztex.ee\/no\/om-aztex\/","og_site_name":"AZTEX","article_publisher":"https:\/\/www.facebook.com\/AztexEE","article_modified_time":"2026-03-16T10:41:07+00:00","twitter_card":"summary_large_image","twitter_misc":{"Ansl. lesetid":"2 minutter"},"schema":{"@context":"https:\/\/schema.org","@graph":[{"@type":"WebPage","@id":"https:\/\/aztex.ee\/no\/om-aztex\/","url":"https:\/\/aztex.ee\/no\/om-aztex\/","name":"Om AZTEX | Kvalitets hjemmetekstiler og senget\u00f8y","isPartOf":{"@id":"https:\/\/aztex.ee\/no\/#website"},"datePublished":"2026-03-16T07:17:40+00:00","dateModified":"2026-03-16T10:41:07+00:00","description":"AZTEX er et internasjonalt merkevare innen hjemmetekstiler som tilbyr senget\u00f8y og tekstilprodukter av h\u00f8y kvalitet til kunder over hele verden. Merket drives under AZTEX Eesti O\u00dc, som er et datterselskap av Minu Baltic O\u00dc. AZTEX ble grunnlagt av gr\u00fcnderen Farid Ismayilov.","breadcrumb":{"@id":"https:\/\/aztex.ee\/no\/om-aztex\/#breadcrumb"},"inLanguage":"nb-NO","potentialAction":[{"@type":"ReadAction","target":["https:\/\/aztex.ee\/no\/om-aztex\/"]}]},{"@type":"BreadcrumbList","@id":"https:\/\/aztex.ee\/no\/om-aztex\/#breadcrumb","itemListElement":[{"@type":"ListItem","position":1,"name":"Hjem","item":"https:\/\/aztex.ee\/no\/"},{"@type":"ListItem","position":2,"name":"Om AZTEX"}]},{"@type":"WebSite","@id":"https:\/\/aztex.ee\/no\/#website","url":"https:\/\/aztex.ee\/no\/","name":"AZTEX","description":"","publisher":{"@id":"https:\/\/aztex.ee\/no\/#organization"},"potentialAction":[{"@type":"SearchAction","target":{"@type":"EntryPoint","urlTemplate":"https:\/\/aztex.ee\/no\/?s={search_term_string}"},"query-input":{"@type":"PropertyValueSpecification","valueRequired":true,"valueName":"search_term_string"}}],"inLanguage":"nb-NO"},{"@type":"Organization","@id":"https:\/\/aztex.ee\/no\/#organization","name":"AZTEX","url":"https:\/\/aztex.ee\/no\/","logo":{"@type":"ImageObject","inLanguage":"nb-NO","@id":"https:\/\/aztex.ee\/no\/#\/schema\/logo\/image\/","url":"https:\/\/aztex.ee\/wp-content\/uploads\/2026\/01\/AZTEX.png","contentUrl":"https:\/\/aztex.ee\/wp-content\/uploads\/2026\/01\/AZTEX.png","width":500,"height":500,"caption":"AZTEX"},"image":{"@id":"https:\/\/aztex.ee\/no\/#\/schema\/logo\/image\/"},"sameAs":["https:\/\/www.facebook.com\/AztexEE","https:\/\/www.instagram.com\/aztexeesti\/","https:\/\/www.youtube.com\/@AZTEXEE","https:\/\/www.pinterest.com\/aztex_eesti\/","https:\/\/www.tiktok.com\/@aztexeesti","https:\/\/www.trustpilot.com\/review\/aztex.ee","https:\/\/www.linkedin.com\/company\/aztex-ee\/","https:\/\/www.wikidata.org\/wiki\/Q137560182"]}]}},"_links":{"self":[{"href":"https:\/\/aztex.ee\/no\/wp-json\/wp\/v2\/pages\/107164","targetHints":{"allow":["GET"]}}],"collection":[{"href":"https:\/\/aztex.ee\/no\/wp-json\/wp\/v2\/pages"}],"about":[{"href":"https:\/\/aztex.ee\/no\/wp-json\/wp\/v2\/types\/page"}],"author":[{"embeddable":true,"href":"https:\/\/aztex.ee\/no\/wp-json\/wp\/v2\/users\/1"}],"replies":[{"embeddable":true,"href":"https:\/\/aztex.ee\/no\/wp-json\/wp\/v2\/comments?post=107164"}],"version-history":[{"count":4,"href":"https:\/\/aztex.ee\/no\/wp-json\/wp\/v2\/pages\/107164\/revisions"}],"predecessor-version":[{"id":107224,"href":"https:\/\/aztex.ee\/no\/wp-json\/wp\/v2\/pages\/107164\/revisions\/107224"}],"wp:attachment":[{"href":"https:\/\/aztex.ee\/no\/wp-json\/wp\/v2\/media?parent=107164"}],"curies":[{"name":"wp","href":"https:\/\/api.w.org\/{rel}","templated":true}]}}