{"id":91848,"date":"2025-08-17T11:03:58","date_gmt":"2025-08-17T11:03:58","guid":{"rendered":"https:\/\/aztex.ee\/?post_type=product&#038;p=91848"},"modified":"2026-04-02T14:07:23","modified_gmt":"2026-04-02T14:07:23","slug":"hennep-kussensloop-grijs","status":"publish","type":"product","link":"https:\/\/aztex.ee\/nl\/pood\/kussenslopen-van-hennep\/hennep-kussensloop-grijs\/","title":{"rendered":"Hennep kussensloop | Grijs"},"content":{"rendered":"<p>Hennep kussensloop voegt een luxe en moderne look toe aan elke slaapkamer dankzij de natuurlijkheid van hennep. Dit materiaal biedt duurzaamheid en levensduur voor de kussensloop, waardoor het een geweldige keuze is voor degenen die de voorkeur geven aan een milieuvriendelijke levensstijl.<\/p>\n<p>Het gebruik van een hennep kussensloop ondersteunt een goede nachtrust en verbetert het algemene welzijn. De antibacteri\u00eble en allergievrije eigenschappen van hennep maken het een ideale keuze voor zowel mensen met allergie\u00ebn als astmapati\u00ebnten, omdat hennep bacteri\u00ebn afstoot en de kussensloop langer schoon houdt.<\/p>\n","protected":false},"excerpt":{"rendered":"<p>Kussensloop hennep is een duurzame, ademende en huidvriendelijke keuze voor een comfortabele slaap.<\/p>\n<ul>\n<li>Kleur: Grijs<\/li>\n<li>Materiaal: 100% hennep, 180 g\/m\u00b2<\/li>\n<\/ul>\n<p><img loading=\"lazy\" decoding=\"async\" class=\"alignnone size-full wp-image-20226\" src=\"https:\/\/aztex.ee\/wp-content\/uploads\/2024\/09\/oekotex100.png\" alt=\"\" width=\"204\" height=\"72\" srcset=\"https:\/\/aztex.ee\/wp-content\/uploads\/2024\/09\/oekotex100.png 204w, https:\/\/aztex.ee\/wp-content\/uploads\/2024\/09\/oekotex100-150x53.png 150w\" sizes=\"auto, (max-width: 204px) 100vw, 204px\" \/><img loading=\"lazy\" decoding=\"async\" class=\"alignnone wp-image-20896\" src=\"https:\/\/aztex.ee\/wp-content\/uploads\/2024\/09\/NATURALHEMP.png\" alt=\"\" width=\"79\" height=\"79\" srcset=\"https:\/\/aztex.ee\/wp-content\/uploads\/2024\/09\/NATURALHEMP.png 300w, https:\/\/aztex.ee\/wp-content\/uploads\/2024\/09\/NATURALHEMP-150x150.png 150w\" sizes=\"auto, (max-width: 79px) 100vw, 79px\" \/><\/p>\n","protected":false},"featured_media":91985,"comment_status":"open","ping_status":"closed","template":"","meta":[],"product_brand":[],"product_cat":[1768,456],"product_tag":[],"class_list":{"0":"post-91848","1":"product","2":"type-product","3":"status-publish","4":"has-post-thumbnail","6":"product_cat-kussenslopen","7":"product_cat-kussenslopen-van-hennep","9":"first","10":"instock","11":"shipping-taxable","12":"purchasable","13":"product-type-variable"},"yoast_head":"<!-- This site is optimized with the Yoast SEO plugin v27.3 - https:\/\/yoast.com\/product\/yoast-seo-wordpress\/ -->\n<title>Natuurlijke hennep kussensloop - Grijs | AZTEX<\/title>\n<meta name=\"description\" content=\"Een kussensloop van hennep biedt een frisse, ademende en antibacteri\u00eble slaapervaring. Dankzij het ecologische en duurzame materiaal geniet je nacht na nacht van een comfortabele, gezonde en ontspannen nachtrust.\" \/>\n<meta name=\"robots\" content=\"index, follow, max-snippet:-1, max-image-preview:large, max-video-preview:-1\" \/>\n<link rel=\"canonical\" href=\"https:\/\/aztex.ee\/nl\/pood\/kussenslopen-van-hennep\/hennep-kussensloop-grijs\/\" \/>\n<meta property=\"og:locale\" content=\"nl_NL\" \/>\n<meta property=\"og:type\" content=\"article\" \/>\n<meta property=\"og:title\" content=\"Natuurlijke hennep kussensloop - Grijs | AZTEX\" \/>\n<meta property=\"og:description\" content=\"Een kussensloop van hennep biedt een frisse, ademende en antibacteri\u00eble slaapervaring. Dankzij het ecologische en duurzame materiaal geniet je nacht na nacht van een comfortabele, gezonde en ontspannen nachtrust.\" \/>\n<meta property=\"og:url\" content=\"https:\/\/aztex.ee\/nl\/pood\/kussenslopen-van-hennep\/hennep-kussensloop-grijs\/\" \/>\n<meta property=\"og:site_name\" content=\"AZTEX\" \/>\n<meta property=\"article:publisher\" content=\"https:\/\/www.facebook.com\/AztexEE\" \/>\n<meta property=\"article:modified_time\" content=\"2026-04-02T14:07:23+00:00\" \/>\n<meta property=\"og:image\" content=\"https:\/\/aztex.ee\/wp-content\/uploads\/2025\/08\/Kanepist-padjapuur-Hall.jpg\" \/>\n\t<meta property=\"og:image:width\" content=\"800\" \/>\n\t<meta property=\"og:image:height\" content=\"800\" \/>\n\t<meta property=\"og:image:type\" content=\"image\/jpeg\" \/>\n<meta name=\"twitter:card\" content=\"summary_large_image\" \/>\n<meta name=\"twitter:label1\" content=\"Geschatte leestijd\" \/>\n\t<meta name=\"twitter:data1\" content=\"1 minuut\" \/>\n<script type=\"application\/ld+json\" class=\"yoast-schema-graph\">{\"@context\":\"https:\\\/\\\/schema.org\",\"@graph\":[{\"@type\":[\"WebPage\",\"ItemPage\"],\"@id\":\"https:\\\/\\\/aztex.ee\\\/nl\\\/pood\\\/kussenslopen-van-hennep\\\/hennep-kussensloop-grijs\\\/\",\"url\":\"https:\\\/\\\/aztex.ee\\\/nl\\\/pood\\\/kussenslopen-van-hennep\\\/hennep-kussensloop-grijs\\\/\",\"name\":\"Natuurlijke hennep kussensloop - Grijs | AZTEX\",\"isPartOf\":{\"@id\":\"https:\\\/\\\/aztex.ee\\\/nl\\\/#website\"},\"primaryImageOfPage\":{\"@id\":\"https:\\\/\\\/aztex.ee\\\/nl\\\/pood\\\/kussenslopen-van-hennep\\\/hennep-kussensloop-grijs\\\/#primaryimage\"},\"image\":{\"@id\":\"https:\\\/\\\/aztex.ee\\\/nl\\\/pood\\\/kussenslopen-van-hennep\\\/hennep-kussensloop-grijs\\\/#primaryimage\"},\"thumbnailUrl\":\"https:\\\/\\\/aztex.ee\\\/wp-content\\\/uploads\\\/2025\\\/08\\\/Kanepist-padjapuur-Hall.jpg\",\"datePublished\":\"2025-08-17T11:03:58+00:00\",\"dateModified\":\"2026-04-02T14:07:23+00:00\",\"description\":\"Een kussensloop van hennep biedt een frisse, ademende en antibacteri\u00eble slaapervaring. Dankzij het ecologische en duurzame materiaal geniet je nacht na nacht van een comfortabele, gezonde en ontspannen nachtrust.\",\"breadcrumb\":{\"@id\":\"https:\\\/\\\/aztex.ee\\\/nl\\\/pood\\\/kussenslopen-van-hennep\\\/hennep-kussensloop-grijs\\\/#breadcrumb\"},\"inLanguage\":\"nl-NL\",\"potentialAction\":[{\"@type\":\"ReadAction\",\"target\":[\"https:\\\/\\\/aztex.ee\\\/nl\\\/pood\\\/kussenslopen-van-hennep\\\/hennep-kussensloop-grijs\\\/\"]}]},{\"@type\":\"ImageObject\",\"inLanguage\":\"nl-NL\",\"@id\":\"https:\\\/\\\/aztex.ee\\\/nl\\\/pood\\\/kussenslopen-van-hennep\\\/hennep-kussensloop-grijs\\\/#primaryimage\",\"url\":\"https:\\\/\\\/aztex.ee\\\/wp-content\\\/uploads\\\/2025\\\/08\\\/Kanepist-padjapuur-Hall.jpg\",\"contentUrl\":\"https:\\\/\\\/aztex.ee\\\/wp-content\\\/uploads\\\/2025\\\/08\\\/Kanepist-padjapuur-Hall.jpg\",\"width\":800,\"height\":800,\"caption\":\"Kanepist padjap\u00fc\u00fcr Hall\"},{\"@type\":\"BreadcrumbList\",\"@id\":\"https:\\\/\\\/aztex.ee\\\/nl\\\/pood\\\/kussenslopen-van-hennep\\\/hennep-kussensloop-grijs\\\/#breadcrumb\",\"itemListElement\":[{\"@type\":\"ListItem\",\"position\":1,\"name\":\"Hoofdpagina\",\"item\":\"https:\\\/\\\/aztex.ee\\\/nl\\\/\"},{\"@type\":\"ListItem\",\"position\":2,\"name\":\"Winkel\",\"item\":\"https:\\\/\\\/aztex.ee\\\/nl\\\/winkel\\\/\"},{\"@type\":\"ListItem\",\"position\":3,\"name\":\"Hennep kussensloop | Grijs\"}]},{\"@type\":\"WebSite\",\"@id\":\"https:\\\/\\\/aztex.ee\\\/nl\\\/#website\",\"url\":\"https:\\\/\\\/aztex.ee\\\/nl\\\/\",\"name\":\"AZTEX\",\"description\":\"\",\"publisher\":{\"@id\":\"https:\\\/\\\/aztex.ee\\\/nl\\\/#organization\"},\"potentialAction\":[{\"@type\":\"SearchAction\",\"target\":{\"@type\":\"EntryPoint\",\"urlTemplate\":\"https:\\\/\\\/aztex.ee\\\/nl\\\/?s={search_term_string}\"},\"query-input\":{\"@type\":\"PropertyValueSpecification\",\"valueRequired\":true,\"valueName\":\"search_term_string\"}}],\"inLanguage\":\"nl-NL\"},{\"@type\":\"Organization\",\"@id\":\"https:\\\/\\\/aztex.ee\\\/nl\\\/#organization\",\"name\":\"AZTEX\",\"url\":\"https:\\\/\\\/aztex.ee\\\/nl\\\/\",\"logo\":{\"@type\":\"ImageObject\",\"inLanguage\":\"nl-NL\",\"@id\":\"https:\\\/\\\/aztex.ee\\\/nl\\\/#\\\/schema\\\/logo\\\/image\\\/\",\"url\":\"https:\\\/\\\/aztex.ee\\\/wp-content\\\/uploads\\\/2026\\\/01\\\/AZTEX.png\",\"contentUrl\":\"https:\\\/\\\/aztex.ee\\\/wp-content\\\/uploads\\\/2026\\\/01\\\/AZTEX.png\",\"width\":500,\"height\":500,\"caption\":\"AZTEX\"},\"image\":{\"@id\":\"https:\\\/\\\/aztex.ee\\\/nl\\\/#\\\/schema\\\/logo\\\/image\\\/\"},\"sameAs\":[\"https:\\\/\\\/www.facebook.com\\\/AztexEE\",\"https:\\\/\\\/www.instagram.com\\\/aztexeesti\\\/\",\"https:\\\/\\\/www.youtube.com\\\/@AZTEXEE\",\"https:\\\/\\\/www.pinterest.com\\\/aztex_eesti\\\/\",\"https:\\\/\\\/www.tiktok.com\\\/@aztexeesti\",\"https:\\\/\\\/www.trustpilot.com\\\/review\\\/aztex.ee\",\"https:\\\/\\\/www.linkedin.com\\\/company\\\/aztex-ee\\\/\",\"https:\\\/\\\/www.wikidata.org\\\/wiki\\\/Q137560182\"]}]}<\/script>\n<!-- \/ Yoast SEO plugin. -->","yoast_head_json":{"title":"Natuurlijke hennep kussensloop - Grijs | AZTEX","description":"Een kussensloop van hennep biedt een frisse, ademende en antibacteri\u00eble slaapervaring. Dankzij het ecologische en duurzame materiaal geniet je nacht na nacht van een comfortabele, gezonde en ontspannen nachtrust.","robots":{"index":"index","follow":"follow","max-snippet":"max-snippet:-1","max-image-preview":"max-image-preview:large","max-video-preview":"max-video-preview:-1"},"canonical":"https:\/\/aztex.ee\/nl\/pood\/kussenslopen-van-hennep\/hennep-kussensloop-grijs\/","og_locale":"nl_NL","og_type":"article","og_title":"Natuurlijke hennep kussensloop - Grijs | AZTEX","og_description":"Een kussensloop van hennep biedt een frisse, ademende en antibacteri\u00eble slaapervaring. Dankzij het ecologische en duurzame materiaal geniet je nacht na nacht van een comfortabele, gezonde en ontspannen nachtrust.","og_url":"https:\/\/aztex.ee\/nl\/pood\/kussenslopen-van-hennep\/hennep-kussensloop-grijs\/","og_site_name":"AZTEX","article_publisher":"https:\/\/www.facebook.com\/AztexEE","article_modified_time":"2026-04-02T14:07:23+00:00","og_image":[{"width":800,"height":800,"url":"https:\/\/aztex.ee\/wp-content\/uploads\/2025\/08\/Kanepist-padjapuur-Hall.jpg","type":"image\/jpeg"}],"twitter_card":"summary_large_image","twitter_misc":{"Geschatte leestijd":"1 minuut"},"schema":{"@context":"https:\/\/schema.org","@graph":[{"@type":["WebPage","ItemPage"],"@id":"https:\/\/aztex.ee\/nl\/pood\/kussenslopen-van-hennep\/hennep-kussensloop-grijs\/","url":"https:\/\/aztex.ee\/nl\/pood\/kussenslopen-van-hennep\/hennep-kussensloop-grijs\/","name":"Natuurlijke hennep kussensloop - Grijs | AZTEX","isPartOf":{"@id":"https:\/\/aztex.ee\/nl\/#website"},"primaryImageOfPage":{"@id":"https:\/\/aztex.ee\/nl\/pood\/kussenslopen-van-hennep\/hennep-kussensloop-grijs\/#primaryimage"},"image":{"@id":"https:\/\/aztex.ee\/nl\/pood\/kussenslopen-van-hennep\/hennep-kussensloop-grijs\/#primaryimage"},"thumbnailUrl":"https:\/\/aztex.ee\/wp-content\/uploads\/2025\/08\/Kanepist-padjapuur-Hall.jpg","datePublished":"2025-08-17T11:03:58+00:00","dateModified":"2026-04-02T14:07:23+00:00","description":"Een kussensloop van hennep biedt een frisse, ademende en antibacteri\u00eble slaapervaring. Dankzij het ecologische en duurzame materiaal geniet je nacht na nacht van een comfortabele, gezonde en ontspannen nachtrust.","breadcrumb":{"@id":"https:\/\/aztex.ee\/nl\/pood\/kussenslopen-van-hennep\/hennep-kussensloop-grijs\/#breadcrumb"},"inLanguage":"nl-NL","potentialAction":[{"@type":"ReadAction","target":["https:\/\/aztex.ee\/nl\/pood\/kussenslopen-van-hennep\/hennep-kussensloop-grijs\/"]}]},{"@type":"ImageObject","inLanguage":"nl-NL","@id":"https:\/\/aztex.ee\/nl\/pood\/kussenslopen-van-hennep\/hennep-kussensloop-grijs\/#primaryimage","url":"https:\/\/aztex.ee\/wp-content\/uploads\/2025\/08\/Kanepist-padjapuur-Hall.jpg","contentUrl":"https:\/\/aztex.ee\/wp-content\/uploads\/2025\/08\/Kanepist-padjapuur-Hall.jpg","width":800,"height":800,"caption":"Kanepist padjap\u00fc\u00fcr Hall"},{"@type":"BreadcrumbList","@id":"https:\/\/aztex.ee\/nl\/pood\/kussenslopen-van-hennep\/hennep-kussensloop-grijs\/#breadcrumb","itemListElement":[{"@type":"ListItem","position":1,"name":"Hoofdpagina","item":"https:\/\/aztex.ee\/nl\/"},{"@type":"ListItem","position":2,"name":"Winkel","item":"https:\/\/aztex.ee\/nl\/winkel\/"},{"@type":"ListItem","position":3,"name":"Hennep kussensloop | Grijs"}]},{"@type":"WebSite","@id":"https:\/\/aztex.ee\/nl\/#website","url":"https:\/\/aztex.ee\/nl\/","name":"AZTEX","description":"","publisher":{"@id":"https:\/\/aztex.ee\/nl\/#organization"},"potentialAction":[{"@type":"SearchAction","target":{"@type":"EntryPoint","urlTemplate":"https:\/\/aztex.ee\/nl\/?s={search_term_string}"},"query-input":{"@type":"PropertyValueSpecification","valueRequired":true,"valueName":"search_term_string"}}],"inLanguage":"nl-NL"},{"@type":"Organization","@id":"https:\/\/aztex.ee\/nl\/#organization","name":"AZTEX","url":"https:\/\/aztex.ee\/nl\/","logo":{"@type":"ImageObject","inLanguage":"nl-NL","@id":"https:\/\/aztex.ee\/nl\/#\/schema\/logo\/image\/","url":"https:\/\/aztex.ee\/wp-content\/uploads\/2026\/01\/AZTEX.png","contentUrl":"https:\/\/aztex.ee\/wp-content\/uploads\/2026\/01\/AZTEX.png","width":500,"height":500,"caption":"AZTEX"},"image":{"@id":"https:\/\/aztex.ee\/nl\/#\/schema\/logo\/image\/"},"sameAs":["https:\/\/www.facebook.com\/AztexEE","https:\/\/www.instagram.com\/aztexeesti\/","https:\/\/www.youtube.com\/@AZTEXEE","https:\/\/www.pinterest.com\/aztex_eesti\/","https:\/\/www.tiktok.com\/@aztexeesti","https:\/\/www.trustpilot.com\/review\/aztex.ee","https:\/\/www.linkedin.com\/company\/aztex-ee\/","https:\/\/www.wikidata.org\/wiki\/Q137560182"]}]}},"_links":{"self":[{"href":"https:\/\/aztex.ee\/nl\/wp-json\/wp\/v2\/product\/91848","targetHints":{"allow":["GET"]}}],"collection":[{"href":"https:\/\/aztex.ee\/nl\/wp-json\/wp\/v2\/product"}],"about":[{"href":"https:\/\/aztex.ee\/nl\/wp-json\/wp\/v2\/types\/product"}],"replies":[{"embeddable":true,"href":"https:\/\/aztex.ee\/nl\/wp-json\/wp\/v2\/comments?post=91848"}],"version-history":[{"count":0,"href":"https:\/\/aztex.ee\/nl\/wp-json\/wp\/v2\/product\/91848\/revisions"}],"wp:featuredmedia":[{"embeddable":true,"href":"https:\/\/aztex.ee\/nl\/wp-json\/wp\/v2\/media\/91985"}],"wp:attachment":[{"href":"https:\/\/aztex.ee\/nl\/wp-json\/wp\/v2\/media?parent=91848"}],"wp:term":[{"taxonomy":"product_brand","embeddable":true,"href":"https:\/\/aztex.ee\/nl\/wp-json\/wp\/v2\/product_brand?post=91848"},{"taxonomy":"product_cat","embeddable":true,"href":"https:\/\/aztex.ee\/nl\/wp-json\/wp\/v2\/product_cat?post=91848"},{"taxonomy":"product_tag","embeddable":true,"href":"https:\/\/aztex.ee\/nl\/wp-json\/wp\/v2\/product_tag?post=91848"}],"curies":[{"name":"wp","href":"https:\/\/api.w.org\/{rel}","templated":true}]}}