{"id":91473,"date":"2025-08-16T00:37:50","date_gmt":"2025-08-16T00:37:50","guid":{"rendered":"https:\/\/aztex.ee\/?post_type=product&#038;p=91473"},"modified":"2025-12-17T01:19:44","modified_gmt":"2025-12-17T01:19:44","slug":"hennep-beddengoed-set-grijs","status":"publish","type":"product","link":"https:\/\/aztex.ee\/nl\/pood\/beddengoed\/hennep-beddengoed-set-grijs\/","title":{"rendered":"Hennep beddengoed set | Grijs"},"content":{"rendered":"<p>Hennepbeddengoed is een milieuvriendelijke en duurzame keuze. Het is gemaakt van de natuurlijke vezels van de hennepplant, die verschillende voordelen hebben. Hennepvezels zijn zeer sterk en duurzaam, dus hennepdekbedovertrekken gaan langer mee dan de meeste andere stoffen en worden bij elke wasbeurt zachter en comfortabeler.<\/p>\n<p>Hennep heeft natuurlijke antibacteri\u00eble eigenschappen die beddengoed hygi\u00ebnisch maken en de hoeveelheid bacteri\u00ebn en allergenen in uw beddengoed helpen verminderen. Dit beddengoed is perfect bij allergie\u00ebn of huidziekten en zorgt voor een hygi\u00ebnischere slaap. Omdat hennep als een hypoallergeen materiaal wordt beschouwd, veroorzaakt hennepbeddengoed over het algemeen geen allergische reacties.<\/p>\n<p>-Hennep beddengoedset is gemakkelijk te onderhouden, hennep is wasbaar in de machine en droogt snel.<br \/>\n&#8211; Hennepbeddengoed kun je het beste in warm water wassen, zodat het beddengoed langer fris en mooi blijft. De watertemperatuur moet 30-40\u2103 graden zijn.<br \/>\n-Drogen op lage snelheid wordt aanbevolen om te voorkomen dat de stof scheurt.<br \/>\n-De natuurlijke uitstraling van hennep is licht gerimpeld. Als u echter wilt dat de lakens glad zijn, kunt u ze op laag vuur strijken.<\/p>\n<p>Hennepbeddengoedsets zijn verpakt in een tas van dezelfde stof.<\/p>\n","protected":false},"excerpt":{"rendered":"<p>100% hennep beddengoedset is hypoallergeen en antibacterieel.<\/p>\n<ul>\n<li>Kleur: Grijs<\/li>\n<li>Materiaal: 100% hennep, 180 g\/m\u00b2<\/li>\n<li>Dekbedovertrek: 200\u00d7220 cm<\/li>\n<li>Kussensloop: 50\u00d770 cm (2 stuks)<\/li>\n<\/ul>\n<p><img loading=\"lazy\" decoding=\"async\" class=\"alignnone size-full wp-image-20226\" src=\"https:\/\/aztex.ee\/wp-content\/uploads\/2024\/09\/oekotex100.png\" alt=\"\" width=\"204\" height=\"72\" srcset=\"https:\/\/aztex.ee\/wp-content\/uploads\/2024\/09\/oekotex100.png 204w, https:\/\/aztex.ee\/wp-content\/uploads\/2024\/09\/oekotex100-150x53.png 150w\" sizes=\"auto, (max-width: 204px) 100vw, 204px\" \/><img loading=\"lazy\" decoding=\"async\" class=\"alignnone wp-image-20896\" src=\"https:\/\/aztex.ee\/wp-content\/uploads\/2024\/09\/NATURALHEMP.png\" alt=\"\" width=\"79\" height=\"79\" srcset=\"https:\/\/aztex.ee\/wp-content\/uploads\/2024\/09\/NATURALHEMP.png 300w, https:\/\/aztex.ee\/wp-content\/uploads\/2024\/09\/NATURALHEMP-150x150.png 150w\" sizes=\"auto, (max-width: 79px) 100vw, 79px\" \/><\/p>\n","protected":false},"featured_media":91486,"comment_status":"open","ping_status":"closed","template":"","meta":[],"product_brand":[],"product_cat":[131,496,151,419],"product_tag":[],"class_list":{"0":"post-91473","1":"product","2":"type-product","3":"status-publish","4":"has-post-thumbnail","6":"product_cat-beddengoed","7":"product_cat-beddengoed-sets","8":"product_cat-hennep-beddengoed","9":"product_cat-hennep-dekbedovertrek-set","11":"first","12":"outofstock","13":"sale","14":"shipping-taxable","15":"purchasable","16":"product-type-simple"},"yoast_head":"<!-- This site is optimized with the Yoast SEO plugin v27.3 - https:\/\/yoast.com\/product\/yoast-seo-wordpress\/ -->\n<title>Hennep dekbedovertrek - Grijs | AZTEX<\/title>\n<meta name=\"description\" content=\"Een dekbedovertrek van biologisch hennep biedt het hele jaar door een luxe en natuurlijke slaapervaring, dankzij de antibacteri\u00eble werking en de soepele, ademende stof.\" \/>\n<meta name=\"robots\" content=\"index, follow, max-snippet:-1, max-image-preview:large, max-video-preview:-1\" \/>\n<link rel=\"canonical\" href=\"https:\/\/aztex.ee\/nl\/pood\/beddengoed\/hennep-beddengoed-set-grijs\/\" \/>\n<meta property=\"og:locale\" content=\"nl_NL\" \/>\n<meta property=\"og:type\" content=\"article\" \/>\n<meta property=\"og:title\" content=\"Hennep dekbedovertrek - Grijs | AZTEX\" \/>\n<meta property=\"og:description\" content=\"Een dekbedovertrek van biologisch hennep biedt het hele jaar door een luxe en natuurlijke slaapervaring, dankzij de antibacteri\u00eble werking en de soepele, ademende stof.\" \/>\n<meta property=\"og:url\" content=\"https:\/\/aztex.ee\/nl\/pood\/beddengoed\/hennep-beddengoed-set-grijs\/\" \/>\n<meta property=\"og:site_name\" content=\"AZTEX\" \/>\n<meta property=\"article:publisher\" content=\"https:\/\/www.facebook.com\/AztexEE\" \/>\n<meta property=\"article:modified_time\" content=\"2025-12-17T01:19:44+00:00\" \/>\n<meta property=\"og:image\" content=\"https:\/\/aztex.ee\/wp-content\/uploads\/2025\/08\/Kanepist-voodipesukomplekt-Hall.jpg\" \/>\n\t<meta property=\"og:image:width\" content=\"800\" \/>\n\t<meta property=\"og:image:height\" content=\"800\" \/>\n\t<meta property=\"og:image:type\" content=\"image\/jpeg\" \/>\n<meta name=\"twitter:card\" content=\"summary_large_image\" \/>\n<meta name=\"twitter:label1\" content=\"Geschatte leestijd\" \/>\n\t<meta name=\"twitter:data1\" content=\"2 minuten\" \/>\n<script type=\"application\/ld+json\" class=\"yoast-schema-graph\">{\"@context\":\"https:\\\/\\\/schema.org\",\"@graph\":[{\"@type\":[\"WebPage\",\"ItemPage\"],\"@id\":\"https:\\\/\\\/aztex.ee\\\/nl\\\/pood\\\/beddengoed\\\/hennep-beddengoed-set-grijs\\\/\",\"url\":\"https:\\\/\\\/aztex.ee\\\/nl\\\/pood\\\/beddengoed\\\/hennep-beddengoed-set-grijs\\\/\",\"name\":\"Hennep dekbedovertrek - Grijs | AZTEX\",\"isPartOf\":{\"@id\":\"https:\\\/\\\/aztex.ee\\\/nl\\\/#website\"},\"primaryImageOfPage\":{\"@id\":\"https:\\\/\\\/aztex.ee\\\/nl\\\/pood\\\/beddengoed\\\/hennep-beddengoed-set-grijs\\\/#primaryimage\"},\"image\":{\"@id\":\"https:\\\/\\\/aztex.ee\\\/nl\\\/pood\\\/beddengoed\\\/hennep-beddengoed-set-grijs\\\/#primaryimage\"},\"thumbnailUrl\":\"https:\\\/\\\/aztex.ee\\\/wp-content\\\/uploads\\\/2025\\\/08\\\/Kanepist-voodipesukomplekt-Hall.jpg\",\"datePublished\":\"2025-08-16T00:37:50+00:00\",\"dateModified\":\"2025-12-17T01:19:44+00:00\",\"description\":\"Een dekbedovertrek van biologisch hennep biedt het hele jaar door een luxe en natuurlijke slaapervaring, dankzij de antibacteri\u00eble werking en de soepele, ademende stof.\",\"breadcrumb\":{\"@id\":\"https:\\\/\\\/aztex.ee\\\/nl\\\/pood\\\/beddengoed\\\/hennep-beddengoed-set-grijs\\\/#breadcrumb\"},\"inLanguage\":\"nl-NL\",\"potentialAction\":[{\"@type\":\"ReadAction\",\"target\":[\"https:\\\/\\\/aztex.ee\\\/nl\\\/pood\\\/beddengoed\\\/hennep-beddengoed-set-grijs\\\/\"]}]},{\"@type\":\"ImageObject\",\"inLanguage\":\"nl-NL\",\"@id\":\"https:\\\/\\\/aztex.ee\\\/nl\\\/pood\\\/beddengoed\\\/hennep-beddengoed-set-grijs\\\/#primaryimage\",\"url\":\"https:\\\/\\\/aztex.ee\\\/wp-content\\\/uploads\\\/2025\\\/08\\\/Kanepist-voodipesukomplekt-Hall.jpg\",\"contentUrl\":\"https:\\\/\\\/aztex.ee\\\/wp-content\\\/uploads\\\/2025\\\/08\\\/Kanepist-voodipesukomplekt-Hall.jpg\",\"width\":800,\"height\":800,\"caption\":\"Kanepist voodipesukomplekt Hall\"},{\"@type\":\"BreadcrumbList\",\"@id\":\"https:\\\/\\\/aztex.ee\\\/nl\\\/pood\\\/beddengoed\\\/hennep-beddengoed-set-grijs\\\/#breadcrumb\",\"itemListElement\":[{\"@type\":\"ListItem\",\"position\":1,\"name\":\"Hoofdpagina\",\"item\":\"https:\\\/\\\/aztex.ee\\\/nl\\\/\"},{\"@type\":\"ListItem\",\"position\":2,\"name\":\"Winkel\",\"item\":\"https:\\\/\\\/aztex.ee\\\/nl\\\/winkel\\\/\"},{\"@type\":\"ListItem\",\"position\":3,\"name\":\"Hennep beddengoed set | Grijs\"}]},{\"@type\":\"WebSite\",\"@id\":\"https:\\\/\\\/aztex.ee\\\/nl\\\/#website\",\"url\":\"https:\\\/\\\/aztex.ee\\\/nl\\\/\",\"name\":\"AZTEX\",\"description\":\"\",\"publisher\":{\"@id\":\"https:\\\/\\\/aztex.ee\\\/nl\\\/#organization\"},\"potentialAction\":[{\"@type\":\"SearchAction\",\"target\":{\"@type\":\"EntryPoint\",\"urlTemplate\":\"https:\\\/\\\/aztex.ee\\\/nl\\\/?s={search_term_string}\"},\"query-input\":{\"@type\":\"PropertyValueSpecification\",\"valueRequired\":true,\"valueName\":\"search_term_string\"}}],\"inLanguage\":\"nl-NL\"},{\"@type\":\"Organization\",\"@id\":\"https:\\\/\\\/aztex.ee\\\/nl\\\/#organization\",\"name\":\"AZTEX\",\"url\":\"https:\\\/\\\/aztex.ee\\\/nl\\\/\",\"logo\":{\"@type\":\"ImageObject\",\"inLanguage\":\"nl-NL\",\"@id\":\"https:\\\/\\\/aztex.ee\\\/nl\\\/#\\\/schema\\\/logo\\\/image\\\/\",\"url\":\"https:\\\/\\\/aztex.ee\\\/wp-content\\\/uploads\\\/2026\\\/01\\\/AZTEX.png\",\"contentUrl\":\"https:\\\/\\\/aztex.ee\\\/wp-content\\\/uploads\\\/2026\\\/01\\\/AZTEX.png\",\"width\":500,\"height\":500,\"caption\":\"AZTEX\"},\"image\":{\"@id\":\"https:\\\/\\\/aztex.ee\\\/nl\\\/#\\\/schema\\\/logo\\\/image\\\/\"},\"sameAs\":[\"https:\\\/\\\/www.facebook.com\\\/AztexEE\",\"https:\\\/\\\/www.instagram.com\\\/aztexeesti\\\/\",\"https:\\\/\\\/www.youtube.com\\\/@AZTEXEE\",\"https:\\\/\\\/www.pinterest.com\\\/aztex_eesti\\\/\",\"https:\\\/\\\/www.tiktok.com\\\/@aztexeesti\",\"https:\\\/\\\/www.trustpilot.com\\\/review\\\/aztex.ee\",\"https:\\\/\\\/www.linkedin.com\\\/company\\\/aztex-ee\\\/\",\"https:\\\/\\\/www.wikidata.org\\\/wiki\\\/Q137560182\"]}]}<\/script>\n<!-- \/ Yoast SEO plugin. -->","yoast_head_json":{"title":"Hennep dekbedovertrek - Grijs | AZTEX","description":"Een dekbedovertrek van biologisch hennep biedt het hele jaar door een luxe en natuurlijke slaapervaring, dankzij de antibacteri\u00eble werking en de soepele, ademende stof.","robots":{"index":"index","follow":"follow","max-snippet":"max-snippet:-1","max-image-preview":"max-image-preview:large","max-video-preview":"max-video-preview:-1"},"canonical":"https:\/\/aztex.ee\/nl\/pood\/beddengoed\/hennep-beddengoed-set-grijs\/","og_locale":"nl_NL","og_type":"article","og_title":"Hennep dekbedovertrek - Grijs | AZTEX","og_description":"Een dekbedovertrek van biologisch hennep biedt het hele jaar door een luxe en natuurlijke slaapervaring, dankzij de antibacteri\u00eble werking en de soepele, ademende stof.","og_url":"https:\/\/aztex.ee\/nl\/pood\/beddengoed\/hennep-beddengoed-set-grijs\/","og_site_name":"AZTEX","article_publisher":"https:\/\/www.facebook.com\/AztexEE","article_modified_time":"2025-12-17T01:19:44+00:00","og_image":[{"width":800,"height":800,"url":"https:\/\/aztex.ee\/wp-content\/uploads\/2025\/08\/Kanepist-voodipesukomplekt-Hall.jpg","type":"image\/jpeg"}],"twitter_card":"summary_large_image","twitter_misc":{"Geschatte leestijd":"2 minuten"},"schema":{"@context":"https:\/\/schema.org","@graph":[{"@type":["WebPage","ItemPage"],"@id":"https:\/\/aztex.ee\/nl\/pood\/beddengoed\/hennep-beddengoed-set-grijs\/","url":"https:\/\/aztex.ee\/nl\/pood\/beddengoed\/hennep-beddengoed-set-grijs\/","name":"Hennep dekbedovertrek - Grijs | AZTEX","isPartOf":{"@id":"https:\/\/aztex.ee\/nl\/#website"},"primaryImageOfPage":{"@id":"https:\/\/aztex.ee\/nl\/pood\/beddengoed\/hennep-beddengoed-set-grijs\/#primaryimage"},"image":{"@id":"https:\/\/aztex.ee\/nl\/pood\/beddengoed\/hennep-beddengoed-set-grijs\/#primaryimage"},"thumbnailUrl":"https:\/\/aztex.ee\/wp-content\/uploads\/2025\/08\/Kanepist-voodipesukomplekt-Hall.jpg","datePublished":"2025-08-16T00:37:50+00:00","dateModified":"2025-12-17T01:19:44+00:00","description":"Een dekbedovertrek van biologisch hennep biedt het hele jaar door een luxe en natuurlijke slaapervaring, dankzij de antibacteri\u00eble werking en de soepele, ademende stof.","breadcrumb":{"@id":"https:\/\/aztex.ee\/nl\/pood\/beddengoed\/hennep-beddengoed-set-grijs\/#breadcrumb"},"inLanguage":"nl-NL","potentialAction":[{"@type":"ReadAction","target":["https:\/\/aztex.ee\/nl\/pood\/beddengoed\/hennep-beddengoed-set-grijs\/"]}]},{"@type":"ImageObject","inLanguage":"nl-NL","@id":"https:\/\/aztex.ee\/nl\/pood\/beddengoed\/hennep-beddengoed-set-grijs\/#primaryimage","url":"https:\/\/aztex.ee\/wp-content\/uploads\/2025\/08\/Kanepist-voodipesukomplekt-Hall.jpg","contentUrl":"https:\/\/aztex.ee\/wp-content\/uploads\/2025\/08\/Kanepist-voodipesukomplekt-Hall.jpg","width":800,"height":800,"caption":"Kanepist voodipesukomplekt Hall"},{"@type":"BreadcrumbList","@id":"https:\/\/aztex.ee\/nl\/pood\/beddengoed\/hennep-beddengoed-set-grijs\/#breadcrumb","itemListElement":[{"@type":"ListItem","position":1,"name":"Hoofdpagina","item":"https:\/\/aztex.ee\/nl\/"},{"@type":"ListItem","position":2,"name":"Winkel","item":"https:\/\/aztex.ee\/nl\/winkel\/"},{"@type":"ListItem","position":3,"name":"Hennep beddengoed set | Grijs"}]},{"@type":"WebSite","@id":"https:\/\/aztex.ee\/nl\/#website","url":"https:\/\/aztex.ee\/nl\/","name":"AZTEX","description":"","publisher":{"@id":"https:\/\/aztex.ee\/nl\/#organization"},"potentialAction":[{"@type":"SearchAction","target":{"@type":"EntryPoint","urlTemplate":"https:\/\/aztex.ee\/nl\/?s={search_term_string}"},"query-input":{"@type":"PropertyValueSpecification","valueRequired":true,"valueName":"search_term_string"}}],"inLanguage":"nl-NL"},{"@type":"Organization","@id":"https:\/\/aztex.ee\/nl\/#organization","name":"AZTEX","url":"https:\/\/aztex.ee\/nl\/","logo":{"@type":"ImageObject","inLanguage":"nl-NL","@id":"https:\/\/aztex.ee\/nl\/#\/schema\/logo\/image\/","url":"https:\/\/aztex.ee\/wp-content\/uploads\/2026\/01\/AZTEX.png","contentUrl":"https:\/\/aztex.ee\/wp-content\/uploads\/2026\/01\/AZTEX.png","width":500,"height":500,"caption":"AZTEX"},"image":{"@id":"https:\/\/aztex.ee\/nl\/#\/schema\/logo\/image\/"},"sameAs":["https:\/\/www.facebook.com\/AztexEE","https:\/\/www.instagram.com\/aztexeesti\/","https:\/\/www.youtube.com\/@AZTEXEE","https:\/\/www.pinterest.com\/aztex_eesti\/","https:\/\/www.tiktok.com\/@aztexeesti","https:\/\/www.trustpilot.com\/review\/aztex.ee","https:\/\/www.linkedin.com\/company\/aztex-ee\/","https:\/\/www.wikidata.org\/wiki\/Q137560182"]}]}},"_links":{"self":[{"href":"https:\/\/aztex.ee\/nl\/wp-json\/wp\/v2\/product\/91473","targetHints":{"allow":["GET"]}}],"collection":[{"href":"https:\/\/aztex.ee\/nl\/wp-json\/wp\/v2\/product"}],"about":[{"href":"https:\/\/aztex.ee\/nl\/wp-json\/wp\/v2\/types\/product"}],"replies":[{"embeddable":true,"href":"https:\/\/aztex.ee\/nl\/wp-json\/wp\/v2\/comments?post=91473"}],"version-history":[{"count":0,"href":"https:\/\/aztex.ee\/nl\/wp-json\/wp\/v2\/product\/91473\/revisions"}],"wp:featuredmedia":[{"embeddable":true,"href":"https:\/\/aztex.ee\/nl\/wp-json\/wp\/v2\/media\/91486"}],"wp:attachment":[{"href":"https:\/\/aztex.ee\/nl\/wp-json\/wp\/v2\/media?parent=91473"}],"wp:term":[{"taxonomy":"product_brand","embeddable":true,"href":"https:\/\/aztex.ee\/nl\/wp-json\/wp\/v2\/product_brand?post=91473"},{"taxonomy":"product_cat","embeddable":true,"href":"https:\/\/aztex.ee\/nl\/wp-json\/wp\/v2\/product_cat?post=91473"},{"taxonomy":"product_tag","embeddable":true,"href":"https:\/\/aztex.ee\/nl\/wp-json\/wp\/v2\/product_tag?post=91473"}],"curies":[{"name":"wp","href":"https:\/\/api.w.org\/{rel}","templated":true}]}}