{"id":95337,"date":"2025-10-07T06:07:07","date_gmt":"2025-10-07T06:07:07","guid":{"rendered":"https:\/\/aztex.ee\/?post_type=product&#038;p=95337"},"modified":"2026-04-12T12:51:09","modified_gmt":"2026-04-12T12:51:09","slug":"kokvilnas-satina-gultas-velas-komplekts-perlu-darzs","status":"publish","type":"product","link":"https:\/\/aztex.ee\/lv\/pood\/gultas-vela\/kokvilnas-satina-gultas-velas-komplekts-perlu-darzs\/","title":{"rendered":"Kokvilnas sat\u012bna gultas ve\u013cas komplekts | P\u0113r\u013cu d\u0101rzs"},"content":{"rendered":"<p>Kokvilnas sat\u012bna gultas ve\u013cas komplekts pie\u0161\u0137ir j\u016bsu gu\u013camistabai maigumu un komfortu. Tas apvieno kokvilnas dabiskumu ar sat\u012bna gludumu, pied\u0101v\u0101jot elpojo\u0161u un \u0101dai draudz\u012bgu materi\u0101lu, kas ir ide\u0101li piem\u0113rots ikdienas lieto\u0161anai. Audums ir iztur\u012bgs un viegli kopjams, saglab\u0101jot maigumu pat p\u0113c vair\u0101k\u0101m mazg\u0101\u0161anas reiz\u0113m. Kokvilnas sat\u012bna gultas ve\u013ca ir lieliska izv\u0113le, ja nov\u0113rt\u0113 kvalitat\u012bvu miegu un pat\u012bkamu piesk\u0101rienu nakt\u012b.<\/p>\n","protected":false},"excerpt":{"rendered":"<p>Kokvilnas sat\u012bna gultas ve\u013cas komplekts nodro\u0161ina komfortu un kvalitat\u012bvu miegu.<\/p>\n<ul>\n<li>Materi\u0101ls: 100% kokvilna<\/li>\n<li>Audums: Sat\u012bns<\/li>\n<li>Diegu skaits audum\u0101: 300 TC<\/li>\n<li>Segas p\u0101rvalka: 200\u00d7220 cm<\/li>\n<li>Spilvendr\u0101nu: 50\u00d775 cm (2gab.)<\/li>\n<li>Palaga: Nav iek\u013cauta<\/li>\n<li>Komforts: Elpojo\u0161a un m\u012bksta tekst\u016bra<\/li>\n<\/ul>\n<p><img loading=\"lazy\" decoding=\"async\" class=\"alignnone size-full wp-image-25958\" src=\"https:\/\/aztex.ee\/wp-content\/uploads\/2024\/09\/cotton87.png\" alt=\"\" width=\"188\" height=\"71\" srcset=\"https:\/\/aztex.ee\/wp-content\/uploads\/2024\/09\/cotton87.png 188w, https:\/\/aztex.ee\/wp-content\/uploads\/2024\/09\/cotton87-150x57.png 150w\" sizes=\"auto, (max-width: 188px) 100vw, 188px\" \/><\/p>\n","protected":false},"featured_media":95359,"comment_status":"open","ping_status":"closed","template":"","meta":[],"product_brand":[],"product_cat":[203,501,207,284,385,602],"product_tag":[],"class_list":{"0":"post-95337","1":"product","2":"type-product","3":"status-publish","4":"has-post-thumbnail","6":"product_cat-gultas-vela","7":"product_cat-gultas-velas-komplekti","8":"product_cat-kokvilnas-gultas-vela","9":"product_cat-kokvilnas-gultas-velas-komplekts-200-220","10":"product_cat-satina-gultas-vela","11":"product_cat-satina-gultas-velas-komplekti","13":"first","14":"instock","15":"shipping-taxable","16":"purchasable","17":"product-type-simple"},"yoast_head":"<!-- This site is optimized with the Yoast SEO plugin v27.3 - https:\/\/yoast.com\/product\/yoast-seo-wordpress\/ -->\n<title>200x220 Sat\u012bna gultas ve\u013cas komplekts - P\u0113r\u013cu d\u0101rzs | AZTEX<\/title>\n<meta name=\"description\" content=\"Gultas Ve\u013cas komplekts 200x220 - grezna kokvilnas sat\u012bna gultas ve\u013ca. Izgatavots no 100% augstas kvalit\u0101tes kokvilnas sat\u012bna, lai nodro\u0161in\u0101tu komfortablu miegu un elegantu gu\u013camistabu.\" \/>\n<meta name=\"robots\" content=\"index, follow, max-snippet:-1, max-image-preview:large, max-video-preview:-1\" \/>\n<link rel=\"canonical\" href=\"https:\/\/aztex.ee\/lv\/pood\/gultas-vela\/kokvilnas-satina-gultas-velas-komplekts-perlu-darzs\/\" \/>\n<meta property=\"og:locale\" content=\"lv_LV\" \/>\n<meta property=\"og:type\" content=\"article\" \/>\n<meta property=\"og:title\" content=\"200x220 Sat\u012bna gultas ve\u013cas komplekts - P\u0113r\u013cu d\u0101rzs | AZTEX\" \/>\n<meta property=\"og:description\" content=\"Gultas Ve\u013cas komplekts 200x220 - grezna kokvilnas sat\u012bna gultas ve\u013ca. Izgatavots no 100% augstas kvalit\u0101tes kokvilnas sat\u012bna, lai nodro\u0161in\u0101tu komfortablu miegu un elegantu gu\u013camistabu.\" \/>\n<meta property=\"og:url\" content=\"https:\/\/aztex.ee\/lv\/pood\/gultas-vela\/kokvilnas-satina-gultas-velas-komplekts-perlu-darzs\/\" \/>\n<meta property=\"og:site_name\" content=\"AZTEX\" \/>\n<meta property=\"article:publisher\" content=\"https:\/\/www.facebook.com\/AztexEE\" \/>\n<meta property=\"article:modified_time\" content=\"2026-04-12T12:51:09+00:00\" \/>\n<meta property=\"og:image\" content=\"https:\/\/aztex.ee\/wp-content\/uploads\/2025\/10\/Voodipesukomplekt-200x220-Parliaed.jpg\" \/>\n\t<meta property=\"og:image:width\" content=\"800\" \/>\n\t<meta property=\"og:image:height\" content=\"800\" \/>\n\t<meta property=\"og:image:type\" content=\"image\/jpeg\" \/>\n<meta name=\"twitter:card\" content=\"summary_large_image\" \/>\n<meta name=\"twitter:label1\" content=\"Est. reading time\" \/>\n\t<meta name=\"twitter:data1\" content=\"1 minute\" \/>\n<script type=\"application\/ld+json\" class=\"yoast-schema-graph\">{\"@context\":\"https:\\\/\\\/schema.org\",\"@graph\":[{\"@type\":[\"WebPage\",\"ItemPage\"],\"@id\":\"https:\\\/\\\/aztex.ee\\\/lv\\\/pood\\\/gultas-vela\\\/kokvilnas-satina-gultas-velas-komplekts-perlu-darzs\\\/\",\"url\":\"https:\\\/\\\/aztex.ee\\\/lv\\\/pood\\\/gultas-vela\\\/kokvilnas-satina-gultas-velas-komplekts-perlu-darzs\\\/\",\"name\":\"200x220 Sat\u012bna gultas ve\u013cas komplekts - P\u0113r\u013cu d\u0101rzs | AZTEX\",\"isPartOf\":{\"@id\":\"https:\\\/\\\/aztex.ee\\\/lv\\\/#website\"},\"primaryImageOfPage\":{\"@id\":\"https:\\\/\\\/aztex.ee\\\/lv\\\/pood\\\/gultas-vela\\\/kokvilnas-satina-gultas-velas-komplekts-perlu-darzs\\\/#primaryimage\"},\"image\":{\"@id\":\"https:\\\/\\\/aztex.ee\\\/lv\\\/pood\\\/gultas-vela\\\/kokvilnas-satina-gultas-velas-komplekts-perlu-darzs\\\/#primaryimage\"},\"thumbnailUrl\":\"https:\\\/\\\/aztex.ee\\\/wp-content\\\/uploads\\\/2025\\\/10\\\/Voodipesukomplekt-200x220-Parliaed.jpg\",\"datePublished\":\"2025-10-07T06:07:07+00:00\",\"dateModified\":\"2026-04-12T12:51:09+00:00\",\"description\":\"Gultas Ve\u013cas komplekts 200x220 - grezna kokvilnas sat\u012bna gultas ve\u013ca. Izgatavots no 100% augstas kvalit\u0101tes kokvilnas sat\u012bna, lai nodro\u0161in\u0101tu komfortablu miegu un elegantu gu\u013camistabu.\",\"breadcrumb\":{\"@id\":\"https:\\\/\\\/aztex.ee\\\/lv\\\/pood\\\/gultas-vela\\\/kokvilnas-satina-gultas-velas-komplekts-perlu-darzs\\\/#breadcrumb\"},\"inLanguage\":\"lv-LV\",\"potentialAction\":[{\"@type\":\"ReadAction\",\"target\":[\"https:\\\/\\\/aztex.ee\\\/lv\\\/pood\\\/gultas-vela\\\/kokvilnas-satina-gultas-velas-komplekts-perlu-darzs\\\/\"]}]},{\"@type\":\"ImageObject\",\"inLanguage\":\"lv-LV\",\"@id\":\"https:\\\/\\\/aztex.ee\\\/lv\\\/pood\\\/gultas-vela\\\/kokvilnas-satina-gultas-velas-komplekts-perlu-darzs\\\/#primaryimage\",\"url\":\"https:\\\/\\\/aztex.ee\\\/wp-content\\\/uploads\\\/2025\\\/10\\\/Voodipesukomplekt-200x220-Parliaed.jpg\",\"contentUrl\":\"https:\\\/\\\/aztex.ee\\\/wp-content\\\/uploads\\\/2025\\\/10\\\/Voodipesukomplekt-200x220-Parliaed.jpg\",\"width\":800,\"height\":800,\"caption\":\"Voodipesukomplekt 200x220 P\u00e4rliaed\"},{\"@type\":\"BreadcrumbList\",\"@id\":\"https:\\\/\\\/aztex.ee\\\/lv\\\/pood\\\/gultas-vela\\\/kokvilnas-satina-gultas-velas-komplekts-perlu-darzs\\\/#breadcrumb\",\"itemListElement\":[{\"@type\":\"ListItem\",\"position\":1,\"name\":\"S\u0101kums\",\"item\":\"https:\\\/\\\/aztex.ee\\\/lv\\\/\"},{\"@type\":\"ListItem\",\"position\":2,\"name\":\"Veikals\",\"item\":\"https:\\\/\\\/aztex.ee\\\/lv\\\/veikals\\\/\"},{\"@type\":\"ListItem\",\"position\":3,\"name\":\"Kokvilnas sat\u012bna gultas ve\u013cas komplekts | P\u0113r\u013cu d\u0101rzs\"}]},{\"@type\":\"WebSite\",\"@id\":\"https:\\\/\\\/aztex.ee\\\/lv\\\/#website\",\"url\":\"https:\\\/\\\/aztex.ee\\\/lv\\\/\",\"name\":\"AZTEX\",\"description\":\"\",\"publisher\":{\"@id\":\"https:\\\/\\\/aztex.ee\\\/lv\\\/#organization\"},\"potentialAction\":[{\"@type\":\"SearchAction\",\"target\":{\"@type\":\"EntryPoint\",\"urlTemplate\":\"https:\\\/\\\/aztex.ee\\\/lv\\\/?s={search_term_string}\"},\"query-input\":{\"@type\":\"PropertyValueSpecification\",\"valueRequired\":true,\"valueName\":\"search_term_string\"}}],\"inLanguage\":\"lv-LV\"},{\"@type\":\"Organization\",\"@id\":\"https:\\\/\\\/aztex.ee\\\/lv\\\/#organization\",\"name\":\"AZTEX\",\"url\":\"https:\\\/\\\/aztex.ee\\\/lv\\\/\",\"logo\":{\"@type\":\"ImageObject\",\"inLanguage\":\"lv-LV\",\"@id\":\"https:\\\/\\\/aztex.ee\\\/lv\\\/#\\\/schema\\\/logo\\\/image\\\/\",\"url\":\"https:\\\/\\\/aztex.ee\\\/wp-content\\\/uploads\\\/2026\\\/01\\\/AZTEX.png\",\"contentUrl\":\"https:\\\/\\\/aztex.ee\\\/wp-content\\\/uploads\\\/2026\\\/01\\\/AZTEX.png\",\"width\":500,\"height\":500,\"caption\":\"AZTEX\"},\"image\":{\"@id\":\"https:\\\/\\\/aztex.ee\\\/lv\\\/#\\\/schema\\\/logo\\\/image\\\/\"},\"sameAs\":[\"https:\\\/\\\/www.facebook.com\\\/AztexEE\",\"https:\\\/\\\/www.instagram.com\\\/aztexeesti\\\/\",\"https:\\\/\\\/www.youtube.com\\\/@AZTEXEE\",\"https:\\\/\\\/www.pinterest.com\\\/aztex_eesti\\\/\",\"https:\\\/\\\/www.tiktok.com\\\/@aztexeesti\",\"https:\\\/\\\/www.trustpilot.com\\\/review\\\/aztex.ee\",\"https:\\\/\\\/www.linkedin.com\\\/company\\\/aztex-ee\\\/\",\"https:\\\/\\\/www.wikidata.org\\\/wiki\\\/Q137560182\"]}]}<\/script>\n<!-- \/ Yoast SEO plugin. -->","yoast_head_json":{"title":"200x220 Sat\u012bna gultas ve\u013cas komplekts - P\u0113r\u013cu d\u0101rzs | AZTEX","description":"Gultas Ve\u013cas komplekts 200x220 - grezna kokvilnas sat\u012bna gultas ve\u013ca. Izgatavots no 100% augstas kvalit\u0101tes kokvilnas sat\u012bna, lai nodro\u0161in\u0101tu komfortablu miegu un elegantu gu\u013camistabu.","robots":{"index":"index","follow":"follow","max-snippet":"max-snippet:-1","max-image-preview":"max-image-preview:large","max-video-preview":"max-video-preview:-1"},"canonical":"https:\/\/aztex.ee\/lv\/pood\/gultas-vela\/kokvilnas-satina-gultas-velas-komplekts-perlu-darzs\/","og_locale":"lv_LV","og_type":"article","og_title":"200x220 Sat\u012bna gultas ve\u013cas komplekts - P\u0113r\u013cu d\u0101rzs | AZTEX","og_description":"Gultas Ve\u013cas komplekts 200x220 - grezna kokvilnas sat\u012bna gultas ve\u013ca. Izgatavots no 100% augstas kvalit\u0101tes kokvilnas sat\u012bna, lai nodro\u0161in\u0101tu komfortablu miegu un elegantu gu\u013camistabu.","og_url":"https:\/\/aztex.ee\/lv\/pood\/gultas-vela\/kokvilnas-satina-gultas-velas-komplekts-perlu-darzs\/","og_site_name":"AZTEX","article_publisher":"https:\/\/www.facebook.com\/AztexEE","article_modified_time":"2026-04-12T12:51:09+00:00","og_image":[{"width":800,"height":800,"url":"https:\/\/aztex.ee\/wp-content\/uploads\/2025\/10\/Voodipesukomplekt-200x220-Parliaed.jpg","type":"image\/jpeg"}],"twitter_card":"summary_large_image","twitter_misc":{"Est. reading time":"1 minute"},"schema":{"@context":"https:\/\/schema.org","@graph":[{"@type":["WebPage","ItemPage"],"@id":"https:\/\/aztex.ee\/lv\/pood\/gultas-vela\/kokvilnas-satina-gultas-velas-komplekts-perlu-darzs\/","url":"https:\/\/aztex.ee\/lv\/pood\/gultas-vela\/kokvilnas-satina-gultas-velas-komplekts-perlu-darzs\/","name":"200x220 Sat\u012bna gultas ve\u013cas komplekts - P\u0113r\u013cu d\u0101rzs | AZTEX","isPartOf":{"@id":"https:\/\/aztex.ee\/lv\/#website"},"primaryImageOfPage":{"@id":"https:\/\/aztex.ee\/lv\/pood\/gultas-vela\/kokvilnas-satina-gultas-velas-komplekts-perlu-darzs\/#primaryimage"},"image":{"@id":"https:\/\/aztex.ee\/lv\/pood\/gultas-vela\/kokvilnas-satina-gultas-velas-komplekts-perlu-darzs\/#primaryimage"},"thumbnailUrl":"https:\/\/aztex.ee\/wp-content\/uploads\/2025\/10\/Voodipesukomplekt-200x220-Parliaed.jpg","datePublished":"2025-10-07T06:07:07+00:00","dateModified":"2026-04-12T12:51:09+00:00","description":"Gultas Ve\u013cas komplekts 200x220 - grezna kokvilnas sat\u012bna gultas ve\u013ca. Izgatavots no 100% augstas kvalit\u0101tes kokvilnas sat\u012bna, lai nodro\u0161in\u0101tu komfortablu miegu un elegantu gu\u013camistabu.","breadcrumb":{"@id":"https:\/\/aztex.ee\/lv\/pood\/gultas-vela\/kokvilnas-satina-gultas-velas-komplekts-perlu-darzs\/#breadcrumb"},"inLanguage":"lv-LV","potentialAction":[{"@type":"ReadAction","target":["https:\/\/aztex.ee\/lv\/pood\/gultas-vela\/kokvilnas-satina-gultas-velas-komplekts-perlu-darzs\/"]}]},{"@type":"ImageObject","inLanguage":"lv-LV","@id":"https:\/\/aztex.ee\/lv\/pood\/gultas-vela\/kokvilnas-satina-gultas-velas-komplekts-perlu-darzs\/#primaryimage","url":"https:\/\/aztex.ee\/wp-content\/uploads\/2025\/10\/Voodipesukomplekt-200x220-Parliaed.jpg","contentUrl":"https:\/\/aztex.ee\/wp-content\/uploads\/2025\/10\/Voodipesukomplekt-200x220-Parliaed.jpg","width":800,"height":800,"caption":"Voodipesukomplekt 200x220 P\u00e4rliaed"},{"@type":"BreadcrumbList","@id":"https:\/\/aztex.ee\/lv\/pood\/gultas-vela\/kokvilnas-satina-gultas-velas-komplekts-perlu-darzs\/#breadcrumb","itemListElement":[{"@type":"ListItem","position":1,"name":"S\u0101kums","item":"https:\/\/aztex.ee\/lv\/"},{"@type":"ListItem","position":2,"name":"Veikals","item":"https:\/\/aztex.ee\/lv\/veikals\/"},{"@type":"ListItem","position":3,"name":"Kokvilnas sat\u012bna gultas ve\u013cas komplekts | P\u0113r\u013cu d\u0101rzs"}]},{"@type":"WebSite","@id":"https:\/\/aztex.ee\/lv\/#website","url":"https:\/\/aztex.ee\/lv\/","name":"AZTEX","description":"","publisher":{"@id":"https:\/\/aztex.ee\/lv\/#organization"},"potentialAction":[{"@type":"SearchAction","target":{"@type":"EntryPoint","urlTemplate":"https:\/\/aztex.ee\/lv\/?s={search_term_string}"},"query-input":{"@type":"PropertyValueSpecification","valueRequired":true,"valueName":"search_term_string"}}],"inLanguage":"lv-LV"},{"@type":"Organization","@id":"https:\/\/aztex.ee\/lv\/#organization","name":"AZTEX","url":"https:\/\/aztex.ee\/lv\/","logo":{"@type":"ImageObject","inLanguage":"lv-LV","@id":"https:\/\/aztex.ee\/lv\/#\/schema\/logo\/image\/","url":"https:\/\/aztex.ee\/wp-content\/uploads\/2026\/01\/AZTEX.png","contentUrl":"https:\/\/aztex.ee\/wp-content\/uploads\/2026\/01\/AZTEX.png","width":500,"height":500,"caption":"AZTEX"},"image":{"@id":"https:\/\/aztex.ee\/lv\/#\/schema\/logo\/image\/"},"sameAs":["https:\/\/www.facebook.com\/AztexEE","https:\/\/www.instagram.com\/aztexeesti\/","https:\/\/www.youtube.com\/@AZTEXEE","https:\/\/www.pinterest.com\/aztex_eesti\/","https:\/\/www.tiktok.com\/@aztexeesti","https:\/\/www.trustpilot.com\/review\/aztex.ee","https:\/\/www.linkedin.com\/company\/aztex-ee\/","https:\/\/www.wikidata.org\/wiki\/Q137560182"]}]}},"_links":{"self":[{"href":"https:\/\/aztex.ee\/lv\/wp-json\/wp\/v2\/product\/95337","targetHints":{"allow":["GET"]}}],"collection":[{"href":"https:\/\/aztex.ee\/lv\/wp-json\/wp\/v2\/product"}],"about":[{"href":"https:\/\/aztex.ee\/lv\/wp-json\/wp\/v2\/types\/product"}],"replies":[{"embeddable":true,"href":"https:\/\/aztex.ee\/lv\/wp-json\/wp\/v2\/comments?post=95337"}],"version-history":[{"count":2,"href":"https:\/\/aztex.ee\/lv\/wp-json\/wp\/v2\/product\/95337\/revisions"}],"predecessor-version":[{"id":95456,"href":"https:\/\/aztex.ee\/lv\/wp-json\/wp\/v2\/product\/95337\/revisions\/95456"}],"wp:featuredmedia":[{"embeddable":true,"href":"https:\/\/aztex.ee\/lv\/wp-json\/wp\/v2\/media\/95359"}],"wp:attachment":[{"href":"https:\/\/aztex.ee\/lv\/wp-json\/wp\/v2\/media?parent=95337"}],"wp:term":[{"taxonomy":"product_brand","embeddable":true,"href":"https:\/\/aztex.ee\/lv\/wp-json\/wp\/v2\/product_brand?post=95337"},{"taxonomy":"product_cat","embeddable":true,"href":"https:\/\/aztex.ee\/lv\/wp-json\/wp\/v2\/product_cat?post=95337"},{"taxonomy":"product_tag","embeddable":true,"href":"https:\/\/aztex.ee\/lv\/wp-json\/wp\/v2\/product_tag?post=95337"}],"curies":[{"name":"wp","href":"https:\/\/api.w.org\/{rel}","templated":true}]}}