{"id":91648,"date":"2025-08-16T16:03:53","date_gmt":"2025-08-16T16:03:53","guid":{"rendered":"https:\/\/aztex.ee\/?post_type=product&#038;p=91648"},"modified":"2025-08-16T17:03:19","modified_gmt":"2025-08-16T17:03:19","slug":"kanepju-palags-peleks","status":"publish","type":"product","link":"https:\/\/aztex.ee\/lv\/pood\/kanepju-palagi\/kanepju-palags-peleks\/","title":{"rendered":"Ka\u0146epju palags | Pel\u0113ks"},"content":{"rendered":"<p>Ka\u0146epju palags ir ide\u0101la izv\u0113le, kas apvieno praktiskumu, iztur\u012bbu un stilu jebkur\u0101 gu\u013camistab\u0101. Ka\u0146epju auduma dabisk\u0101 tekst\u016bra un neitr\u0101l\u0101 kr\u0101sa rada elegantu un lauku atmosf\u0113ru, kas papildina da\u017e\u0101dus interjera stilus. Papildus komfortam ka\u0146epju gultas palags ir ar\u012b bez aler\u0123ij\u0101m un antibakteri\u0101ls, pied\u0101v\u0101jot elpojo\u0161u un vesel\u012bgu miegu visas nakts garum\u0101.<\/p>\n<p>Ka\u0146epju pakai\u0161u kop\u0161ana ir vienk\u0101r\u0161a \u2013 t\u0101 ir mazg\u0101jama ma\u0161\u012bn\u0101 un saglab\u0101 savu kvalit\u0101ti pat p\u0113c daudzk\u0101rt\u0113j\u0101m mazg\u0101\u0161anas reiz\u0113m. Ka\u0146epju \u0161\u0137iedras \u0101tri iz\u017e\u016bst, kas ir ide\u0101la \u012bpa\u0161\u012bba tiem, kas nov\u0113rt\u0113 praktiskumu un komfortu. Turkl\u0101t ka\u0146epes ir videi draudz\u012bgs materi\u0101ls, jo to audz\u0113\u0161ana ir videi draudz\u012bga un ilgtsp\u0113j\u012bga, padarot ka\u0146epju gultas ve\u013cu par videi un dabai draudz\u012bgu izv\u0113li.<\/p>\n","protected":false},"excerpt":{"rendered":"<p>100% ka\u0146epju palags ir hipoaler\u0123iska un antibakteri\u0101la.<\/p>\n<ul>\n<li>Kr\u0101sa: Pel\u0113ks<\/li>\n<li>Materi\u0101ls: 100% Ka\u0146epes, 180 g\/m2<\/li>\n<li>Izm\u0113rs: 220\u00d7240 cm<\/li>\n<\/ul>\n<p><img loading=\"lazy\" decoding=\"async\" class=\"alignnone size-full wp-image-20226\" src=\"https:\/\/aztex.ee\/wp-content\/uploads\/2024\/09\/oekotex100.png\" alt=\"\" width=\"204\" height=\"72\" srcset=\"https:\/\/aztex.ee\/wp-content\/uploads\/2024\/09\/oekotex100.png 204w, https:\/\/aztex.ee\/wp-content\/uploads\/2024\/09\/oekotex100-150x53.png 150w\" sizes=\"auto, (max-width: 204px) 100vw, 204px\" \/><img loading=\"lazy\" decoding=\"async\" class=\"alignnone wp-image-20896\" src=\"https:\/\/aztex.ee\/wp-content\/uploads\/2024\/09\/NATURALHEMP.png\" alt=\"\" width=\"79\" height=\"79\" srcset=\"https:\/\/aztex.ee\/wp-content\/uploads\/2024\/09\/NATURALHEMP.png 300w, https:\/\/aztex.ee\/wp-content\/uploads\/2024\/09\/NATURALHEMP-150x150.png 150w\" sizes=\"auto, (max-width: 79px) 100vw, 79px\" \/><\/p>\n","protected":false},"featured_media":91669,"comment_status":"open","ping_status":"closed","template":"","meta":[],"product_brand":[],"product_cat":[446,1801],"product_tag":[],"class_list":{"0":"post-91648","1":"product","2":"type-product","3":"status-publish","4":"has-post-thumbnail","6":"product_cat-kanepju-palagi","7":"product_cat-palagi","9":"first","10":"instock","11":"shipping-taxable","12":"purchasable","13":"product-type-simple"},"yoast_head":"<!-- This site is optimized with the Yoast SEO plugin v27.3 - https:\/\/yoast.com\/product\/yoast-seo-wordpress\/ -->\n<title>Organisko ka\u0146epju gultas palags - Pel\u0113ks | AZTEX<\/title>\n<meta name=\"description\" content=\"Ka\u0146epju palagi ir dab\u012bgi, elpojo\u0161i, antibakteri\u0101li un iztur\u012bgi. Videi draudz\u012bga un augstas kvalit\u0101tes gultas ve\u013ca nodro\u0161ina komfortu, svaigumu, mier\u012bgu miegu un vesel\u012bgu miega pieredzi katru nakti.\" \/>\n<meta name=\"robots\" content=\"index, follow, max-snippet:-1, max-image-preview:large, max-video-preview:-1\" \/>\n<link rel=\"canonical\" href=\"https:\/\/aztex.ee\/lv\/pood\/kanepju-palagi\/kanepju-palags-peleks\/\" \/>\n<meta property=\"og:locale\" content=\"lv_LV\" \/>\n<meta property=\"og:type\" content=\"article\" \/>\n<meta property=\"og:title\" content=\"Organisko ka\u0146epju gultas palags - Pel\u0113ks | AZTEX\" \/>\n<meta property=\"og:description\" content=\"Ka\u0146epju palagi ir dab\u012bgi, elpojo\u0161i, antibakteri\u0101li un iztur\u012bgi. Videi draudz\u012bga un augstas kvalit\u0101tes gultas ve\u013ca nodro\u0161ina komfortu, svaigumu, mier\u012bgu miegu un vesel\u012bgu miega pieredzi katru nakti.\" \/>\n<meta property=\"og:url\" content=\"https:\/\/aztex.ee\/lv\/pood\/kanepju-palagi\/kanepju-palags-peleks\/\" \/>\n<meta property=\"og:site_name\" content=\"AZTEX\" \/>\n<meta property=\"article:publisher\" content=\"https:\/\/www.facebook.com\/AztexEE\" \/>\n<meta property=\"article:modified_time\" content=\"2025-08-16T17:03:19+00:00\" \/>\n<meta property=\"og:image\" content=\"https:\/\/aztex.ee\/wp-content\/uploads\/2025\/08\/Kanepist-voodilina-Hall.jpg\" \/>\n\t<meta property=\"og:image:width\" content=\"800\" \/>\n\t<meta property=\"og:image:height\" content=\"800\" \/>\n\t<meta property=\"og:image:type\" content=\"image\/jpeg\" \/>\n<meta name=\"twitter:card\" content=\"summary_large_image\" \/>\n<meta name=\"twitter:label1\" content=\"Est. reading time\" \/>\n\t<meta name=\"twitter:data1\" content=\"1 minute\" \/>\n<script type=\"application\/ld+json\" class=\"yoast-schema-graph\">{\"@context\":\"https:\\\/\\\/schema.org\",\"@graph\":[{\"@type\":[\"WebPage\",\"ItemPage\"],\"@id\":\"https:\\\/\\\/aztex.ee\\\/lv\\\/pood\\\/kanepju-palagi\\\/kanepju-palags-peleks\\\/\",\"url\":\"https:\\\/\\\/aztex.ee\\\/lv\\\/pood\\\/kanepju-palagi\\\/kanepju-palags-peleks\\\/\",\"name\":\"Organisko ka\u0146epju gultas palags - Pel\u0113ks | AZTEX\",\"isPartOf\":{\"@id\":\"https:\\\/\\\/aztex.ee\\\/lv\\\/#website\"},\"primaryImageOfPage\":{\"@id\":\"https:\\\/\\\/aztex.ee\\\/lv\\\/pood\\\/kanepju-palagi\\\/kanepju-palags-peleks\\\/#primaryimage\"},\"image\":{\"@id\":\"https:\\\/\\\/aztex.ee\\\/lv\\\/pood\\\/kanepju-palagi\\\/kanepju-palags-peleks\\\/#primaryimage\"},\"thumbnailUrl\":\"https:\\\/\\\/aztex.ee\\\/wp-content\\\/uploads\\\/2025\\\/08\\\/Kanepist-voodilina-Hall.jpg\",\"datePublished\":\"2025-08-16T16:03:53+00:00\",\"dateModified\":\"2025-08-16T17:03:19+00:00\",\"description\":\"Ka\u0146epju palagi ir dab\u012bgi, elpojo\u0161i, antibakteri\u0101li un iztur\u012bgi. Videi draudz\u012bga un augstas kvalit\u0101tes gultas ve\u013ca nodro\u0161ina komfortu, svaigumu, mier\u012bgu miegu un vesel\u012bgu miega pieredzi katru nakti.\",\"breadcrumb\":{\"@id\":\"https:\\\/\\\/aztex.ee\\\/lv\\\/pood\\\/kanepju-palagi\\\/kanepju-palags-peleks\\\/#breadcrumb\"},\"inLanguage\":\"lv-LV\",\"potentialAction\":[{\"@type\":\"ReadAction\",\"target\":[\"https:\\\/\\\/aztex.ee\\\/lv\\\/pood\\\/kanepju-palagi\\\/kanepju-palags-peleks\\\/\"]}]},{\"@type\":\"ImageObject\",\"inLanguage\":\"lv-LV\",\"@id\":\"https:\\\/\\\/aztex.ee\\\/lv\\\/pood\\\/kanepju-palagi\\\/kanepju-palags-peleks\\\/#primaryimage\",\"url\":\"https:\\\/\\\/aztex.ee\\\/wp-content\\\/uploads\\\/2025\\\/08\\\/Kanepist-voodilina-Hall.jpg\",\"contentUrl\":\"https:\\\/\\\/aztex.ee\\\/wp-content\\\/uploads\\\/2025\\\/08\\\/Kanepist-voodilina-Hall.jpg\",\"width\":800,\"height\":800,\"caption\":\"Kanepist voodilina Hall\"},{\"@type\":\"BreadcrumbList\",\"@id\":\"https:\\\/\\\/aztex.ee\\\/lv\\\/pood\\\/kanepju-palagi\\\/kanepju-palags-peleks\\\/#breadcrumb\",\"itemListElement\":[{\"@type\":\"ListItem\",\"position\":1,\"name\":\"S\u0101kums\",\"item\":\"https:\\\/\\\/aztex.ee\\\/lv\\\/\"},{\"@type\":\"ListItem\",\"position\":2,\"name\":\"Veikals\",\"item\":\"https:\\\/\\\/aztex.ee\\\/lv\\\/veikals\\\/\"},{\"@type\":\"ListItem\",\"position\":3,\"name\":\"Ka\u0146epju palags | Pel\u0113ks\"}]},{\"@type\":\"WebSite\",\"@id\":\"https:\\\/\\\/aztex.ee\\\/lv\\\/#website\",\"url\":\"https:\\\/\\\/aztex.ee\\\/lv\\\/\",\"name\":\"AZTEX\",\"description\":\"\",\"publisher\":{\"@id\":\"https:\\\/\\\/aztex.ee\\\/lv\\\/#organization\"},\"potentialAction\":[{\"@type\":\"SearchAction\",\"target\":{\"@type\":\"EntryPoint\",\"urlTemplate\":\"https:\\\/\\\/aztex.ee\\\/lv\\\/?s={search_term_string}\"},\"query-input\":{\"@type\":\"PropertyValueSpecification\",\"valueRequired\":true,\"valueName\":\"search_term_string\"}}],\"inLanguage\":\"lv-LV\"},{\"@type\":\"Organization\",\"@id\":\"https:\\\/\\\/aztex.ee\\\/lv\\\/#organization\",\"name\":\"AZTEX\",\"url\":\"https:\\\/\\\/aztex.ee\\\/lv\\\/\",\"logo\":{\"@type\":\"ImageObject\",\"inLanguage\":\"lv-LV\",\"@id\":\"https:\\\/\\\/aztex.ee\\\/lv\\\/#\\\/schema\\\/logo\\\/image\\\/\",\"url\":\"https:\\\/\\\/aztex.ee\\\/wp-content\\\/uploads\\\/2026\\\/01\\\/AZTEX.png\",\"contentUrl\":\"https:\\\/\\\/aztex.ee\\\/wp-content\\\/uploads\\\/2026\\\/01\\\/AZTEX.png\",\"width\":500,\"height\":500,\"caption\":\"AZTEX\"},\"image\":{\"@id\":\"https:\\\/\\\/aztex.ee\\\/lv\\\/#\\\/schema\\\/logo\\\/image\\\/\"},\"sameAs\":[\"https:\\\/\\\/www.facebook.com\\\/AztexEE\",\"https:\\\/\\\/www.instagram.com\\\/aztexeesti\\\/\",\"https:\\\/\\\/www.youtube.com\\\/@AZTEXEE\",\"https:\\\/\\\/www.pinterest.com\\\/aztex_eesti\\\/\",\"https:\\\/\\\/www.tiktok.com\\\/@aztexeesti\",\"https:\\\/\\\/www.trustpilot.com\\\/review\\\/aztex.ee\",\"https:\\\/\\\/www.linkedin.com\\\/company\\\/aztex-ee\\\/\",\"https:\\\/\\\/www.wikidata.org\\\/wiki\\\/Q137560182\"]}]}<\/script>\n<!-- \/ Yoast SEO plugin. -->","yoast_head_json":{"title":"Organisko ka\u0146epju gultas palags - Pel\u0113ks | AZTEX","description":"Ka\u0146epju palagi ir dab\u012bgi, elpojo\u0161i, antibakteri\u0101li un iztur\u012bgi. Videi draudz\u012bga un augstas kvalit\u0101tes gultas ve\u013ca nodro\u0161ina komfortu, svaigumu, mier\u012bgu miegu un vesel\u012bgu miega pieredzi katru nakti.","robots":{"index":"index","follow":"follow","max-snippet":"max-snippet:-1","max-image-preview":"max-image-preview:large","max-video-preview":"max-video-preview:-1"},"canonical":"https:\/\/aztex.ee\/lv\/pood\/kanepju-palagi\/kanepju-palags-peleks\/","og_locale":"lv_LV","og_type":"article","og_title":"Organisko ka\u0146epju gultas palags - Pel\u0113ks | AZTEX","og_description":"Ka\u0146epju palagi ir dab\u012bgi, elpojo\u0161i, antibakteri\u0101li un iztur\u012bgi. Videi draudz\u012bga un augstas kvalit\u0101tes gultas ve\u013ca nodro\u0161ina komfortu, svaigumu, mier\u012bgu miegu un vesel\u012bgu miega pieredzi katru nakti.","og_url":"https:\/\/aztex.ee\/lv\/pood\/kanepju-palagi\/kanepju-palags-peleks\/","og_site_name":"AZTEX","article_publisher":"https:\/\/www.facebook.com\/AztexEE","article_modified_time":"2025-08-16T17:03:19+00:00","og_image":[{"width":800,"height":800,"url":"https:\/\/aztex.ee\/wp-content\/uploads\/2025\/08\/Kanepist-voodilina-Hall.jpg","type":"image\/jpeg"}],"twitter_card":"summary_large_image","twitter_misc":{"Est. reading time":"1 minute"},"schema":{"@context":"https:\/\/schema.org","@graph":[{"@type":["WebPage","ItemPage"],"@id":"https:\/\/aztex.ee\/lv\/pood\/kanepju-palagi\/kanepju-palags-peleks\/","url":"https:\/\/aztex.ee\/lv\/pood\/kanepju-palagi\/kanepju-palags-peleks\/","name":"Organisko ka\u0146epju gultas palags - Pel\u0113ks | AZTEX","isPartOf":{"@id":"https:\/\/aztex.ee\/lv\/#website"},"primaryImageOfPage":{"@id":"https:\/\/aztex.ee\/lv\/pood\/kanepju-palagi\/kanepju-palags-peleks\/#primaryimage"},"image":{"@id":"https:\/\/aztex.ee\/lv\/pood\/kanepju-palagi\/kanepju-palags-peleks\/#primaryimage"},"thumbnailUrl":"https:\/\/aztex.ee\/wp-content\/uploads\/2025\/08\/Kanepist-voodilina-Hall.jpg","datePublished":"2025-08-16T16:03:53+00:00","dateModified":"2025-08-16T17:03:19+00:00","description":"Ka\u0146epju palagi ir dab\u012bgi, elpojo\u0161i, antibakteri\u0101li un iztur\u012bgi. Videi draudz\u012bga un augstas kvalit\u0101tes gultas ve\u013ca nodro\u0161ina komfortu, svaigumu, mier\u012bgu miegu un vesel\u012bgu miega pieredzi katru nakti.","breadcrumb":{"@id":"https:\/\/aztex.ee\/lv\/pood\/kanepju-palagi\/kanepju-palags-peleks\/#breadcrumb"},"inLanguage":"lv-LV","potentialAction":[{"@type":"ReadAction","target":["https:\/\/aztex.ee\/lv\/pood\/kanepju-palagi\/kanepju-palags-peleks\/"]}]},{"@type":"ImageObject","inLanguage":"lv-LV","@id":"https:\/\/aztex.ee\/lv\/pood\/kanepju-palagi\/kanepju-palags-peleks\/#primaryimage","url":"https:\/\/aztex.ee\/wp-content\/uploads\/2025\/08\/Kanepist-voodilina-Hall.jpg","contentUrl":"https:\/\/aztex.ee\/wp-content\/uploads\/2025\/08\/Kanepist-voodilina-Hall.jpg","width":800,"height":800,"caption":"Kanepist voodilina Hall"},{"@type":"BreadcrumbList","@id":"https:\/\/aztex.ee\/lv\/pood\/kanepju-palagi\/kanepju-palags-peleks\/#breadcrumb","itemListElement":[{"@type":"ListItem","position":1,"name":"S\u0101kums","item":"https:\/\/aztex.ee\/lv\/"},{"@type":"ListItem","position":2,"name":"Veikals","item":"https:\/\/aztex.ee\/lv\/veikals\/"},{"@type":"ListItem","position":3,"name":"Ka\u0146epju palags | Pel\u0113ks"}]},{"@type":"WebSite","@id":"https:\/\/aztex.ee\/lv\/#website","url":"https:\/\/aztex.ee\/lv\/","name":"AZTEX","description":"","publisher":{"@id":"https:\/\/aztex.ee\/lv\/#organization"},"potentialAction":[{"@type":"SearchAction","target":{"@type":"EntryPoint","urlTemplate":"https:\/\/aztex.ee\/lv\/?s={search_term_string}"},"query-input":{"@type":"PropertyValueSpecification","valueRequired":true,"valueName":"search_term_string"}}],"inLanguage":"lv-LV"},{"@type":"Organization","@id":"https:\/\/aztex.ee\/lv\/#organization","name":"AZTEX","url":"https:\/\/aztex.ee\/lv\/","logo":{"@type":"ImageObject","inLanguage":"lv-LV","@id":"https:\/\/aztex.ee\/lv\/#\/schema\/logo\/image\/","url":"https:\/\/aztex.ee\/wp-content\/uploads\/2026\/01\/AZTEX.png","contentUrl":"https:\/\/aztex.ee\/wp-content\/uploads\/2026\/01\/AZTEX.png","width":500,"height":500,"caption":"AZTEX"},"image":{"@id":"https:\/\/aztex.ee\/lv\/#\/schema\/logo\/image\/"},"sameAs":["https:\/\/www.facebook.com\/AztexEE","https:\/\/www.instagram.com\/aztexeesti\/","https:\/\/www.youtube.com\/@AZTEXEE","https:\/\/www.pinterest.com\/aztex_eesti\/","https:\/\/www.tiktok.com\/@aztexeesti","https:\/\/www.trustpilot.com\/review\/aztex.ee","https:\/\/www.linkedin.com\/company\/aztex-ee\/","https:\/\/www.wikidata.org\/wiki\/Q137560182"]}]}},"_links":{"self":[{"href":"https:\/\/aztex.ee\/lv\/wp-json\/wp\/v2\/product\/91648","targetHints":{"allow":["GET"]}}],"collection":[{"href":"https:\/\/aztex.ee\/lv\/wp-json\/wp\/v2\/product"}],"about":[{"href":"https:\/\/aztex.ee\/lv\/wp-json\/wp\/v2\/types\/product"}],"replies":[{"embeddable":true,"href":"https:\/\/aztex.ee\/lv\/wp-json\/wp\/v2\/comments?post=91648"}],"version-history":[{"count":0,"href":"https:\/\/aztex.ee\/lv\/wp-json\/wp\/v2\/product\/91648\/revisions"}],"wp:featuredmedia":[{"embeddable":true,"href":"https:\/\/aztex.ee\/lv\/wp-json\/wp\/v2\/media\/91669"}],"wp:attachment":[{"href":"https:\/\/aztex.ee\/lv\/wp-json\/wp\/v2\/media?parent=91648"}],"wp:term":[{"taxonomy":"product_brand","embeddable":true,"href":"https:\/\/aztex.ee\/lv\/wp-json\/wp\/v2\/product_brand?post=91648"},{"taxonomy":"product_cat","embeddable":true,"href":"https:\/\/aztex.ee\/lv\/wp-json\/wp\/v2\/product_cat?post=91648"},{"taxonomy":"product_tag","embeddable":true,"href":"https:\/\/aztex.ee\/lv\/wp-json\/wp\/v2\/product_tag?post=91648"}],"curies":[{"name":"wp","href":"https:\/\/api.w.org\/{rel}","templated":true}]}}