{"id":91472,"date":"2025-08-16T00:37:50","date_gmt":"2025-08-16T00:37:50","guid":{"rendered":"https:\/\/aztex.ee\/?post_type=product&#038;p=91472"},"modified":"2025-12-17T01:19:43","modified_gmt":"2025-12-17T01:19:43","slug":"kanepju-gultas-velas-komplekts-peleks","status":"publish","type":"product","link":"https:\/\/aztex.ee\/lv\/pood\/gultas-vela\/kanepju-gultas-velas-komplekts-peleks\/","title":{"rendered":"Ka\u0146epju gultas ve\u013cas komplekts | Pel\u0113ks"},"content":{"rendered":"<p>Ka\u0146epju gultasve\u013ca ir videi draudz\u012bga un iztur\u012bga izv\u0113le. Tas ir izgatavots no ka\u0146epju auga dabiskaj\u0101m \u0161\u0137iedr\u0101m, kur\u0101m ir da\u017e\u0101das priek\u0161roc\u012bbas. Ka\u0146epju \u0161\u0137iedras ir \u013coti sp\u0113c\u012bgas un iztur\u012bgas, t\u0101p\u0113c ka\u0146epju segas p\u0101rvalki kalpo ilg\u0101k nek\u0101 vairums citu audumu un k\u013c\u016bst m\u012bkst\u0101ki un \u0113rt\u0101ki ar katru mazg\u0101\u0161anas reizi.<\/p>\n<p>Ka\u0146ep\u0113m ir dabiskas antibakteri\u0101las \u012bpa\u0161\u012bbas, kas padara gultas piederumus higi\u0113niskus un pal\u012bdz samazin\u0101t bakt\u0113riju un alerg\u0113nu daudzumu j\u016bsu pakai\u0161os. \u0160\u012b gultasve\u013ca ir lieliski piem\u0113rota aler\u0123ij\u0101m vai \u0101das slim\u012bb\u0101m un nodro\u0161ina higi\u0113nisk\u0101ku miegu. T\u0101 k\u0101 ka\u0146epes tiek uzskat\u012btas par hipoaler\u0123isku materi\u0101lu, ka\u0146epju pakai\u0161i parasti neizraisa aler\u0123iskas reakcijas.<\/p>\n<p>-Ka\u0146epju gultas ve\u013cas komplekts ir viegli kopjams, ka\u0146epes ir mazg\u0101jamas ma\u0161\u012bn\u0101 un \u0101tri \u017e\u016bst.<br \/>\n-Ka\u0146epju pakai\u0161us vislab\u0101k mazg\u0101t silt\u0101 \u016bden\u012b, lai pakai\u0161i ilg\u0101k saglab\u0101tos svaigi un skaisti. \u016adens temperat\u016brai j\u0101b\u016bt 30-40 \u2103 gr\u0101diem.<br \/>\n-Lai audums nepl\u012bst, ieteicams \u017e\u0101v\u0113t ar mazu \u0101trumu.<br \/>\n-Ka\u0146epju dabiskais izskats ir nedaudz saburz\u012bts. Tom\u0113r, ja v\u0113laties, lai palagi b\u016btu gludi, varat tos gludin\u0101t uz l\u0113nas uguns.<\/p>\n<p>Ka\u0146epju gultas ve\u013cas komplekti ir iepakoti maisi\u0146\u0101, kas izgatavots no t\u0101da pa\u0161a auduma.<\/p>\n","protected":false},"excerpt":{"rendered":"<p>100% ka\u0146epju gultas ve\u013cas komplekts ir hipoaler\u0123isks un antibakteri\u0101ls.<\/p>\n<ul>\n<li>Kr\u0101sa: Pel\u0113ks<\/li>\n<li>Materi\u0101ls: 100% Ka\u0146epes, 180 g\/m2<\/li>\n<li>Segas p\u0101rvalks: 200\u00d7220 cm<\/li>\n<li>Spilvendr\u0101na: 50\u00d770 cm (2 gab.)<\/li>\n<\/ul>\n<p><img loading=\"lazy\" decoding=\"async\" class=\"alignnone size-full wp-image-20226\" src=\"https:\/\/aztex.ee\/wp-content\/uploads\/2024\/09\/oekotex100.png\" alt=\"\" width=\"204\" height=\"72\" srcset=\"https:\/\/aztex.ee\/wp-content\/uploads\/2024\/09\/oekotex100.png 204w, https:\/\/aztex.ee\/wp-content\/uploads\/2024\/09\/oekotex100-150x53.png 150w\" sizes=\"auto, (max-width: 204px) 100vw, 204px\" \/><img loading=\"lazy\" decoding=\"async\" class=\"alignnone wp-image-20896\" src=\"https:\/\/aztex.ee\/wp-content\/uploads\/2024\/09\/NATURALHEMP.png\" alt=\"\" width=\"79\" height=\"79\" srcset=\"https:\/\/aztex.ee\/wp-content\/uploads\/2024\/09\/NATURALHEMP.png 300w, https:\/\/aztex.ee\/wp-content\/uploads\/2024\/09\/NATURALHEMP-150x150.png 150w\" sizes=\"auto, (max-width: 79px) 100vw, 79px\" \/><\/p>\n","protected":false},"featured_media":91493,"comment_status":"open","ping_status":"closed","template":"","meta":[],"product_brand":[],"product_cat":[203,501,212,427],"product_tag":[],"class_list":{"0":"post-91472","1":"product","2":"type-product","3":"status-publish","4":"has-post-thumbnail","6":"product_cat-gultas-vela","7":"product_cat-gultas-velas-komplekti","8":"product_cat-kanepju-gultas-vela","9":"product_cat-kanepju-gultas-velas-komplekti","11":"first","12":"outofstock","13":"sale","14":"shipping-taxable","15":"purchasable","16":"product-type-simple"},"yoast_head":"<!-- This site is optimized with the Yoast SEO plugin v27.3 - https:\/\/yoast.com\/product\/yoast-seo-wordpress\/ -->\n<title>Ka\u0146epes gultas ve\u013cas komplekts - Pel\u0113ks | AZTEX<\/title>\n<meta name=\"description\" content=\"Organisk\u0101s ka\u0146epes gultas ve\u013cas komplekts rada \u012bpa\u0161i greznu un dabisku miega vidi jebkur\u0101 gadalaik\u0101 ar antibakteri\u0101l\u0101m \u012bpa\u0161\u012bb\u0101m un m\u012bkstu, elpojo\u0161u tekst\u016bru.\" \/>\n<meta name=\"robots\" content=\"index, follow, max-snippet:-1, max-image-preview:large, max-video-preview:-1\" \/>\n<link rel=\"canonical\" href=\"https:\/\/aztex.ee\/lv\/pood\/gultas-vela\/kanepju-gultas-velas-komplekts-peleks\/\" \/>\n<meta property=\"og:locale\" content=\"lv_LV\" \/>\n<meta property=\"og:type\" content=\"article\" \/>\n<meta property=\"og:title\" content=\"Ka\u0146epes gultas ve\u013cas komplekts - Pel\u0113ks | AZTEX\" \/>\n<meta property=\"og:description\" content=\"Organisk\u0101s ka\u0146epes gultas ve\u013cas komplekts rada \u012bpa\u0161i greznu un dabisku miega vidi jebkur\u0101 gadalaik\u0101 ar antibakteri\u0101l\u0101m \u012bpa\u0161\u012bb\u0101m un m\u012bkstu, elpojo\u0161u tekst\u016bru.\" \/>\n<meta property=\"og:url\" content=\"https:\/\/aztex.ee\/lv\/pood\/gultas-vela\/kanepju-gultas-velas-komplekts-peleks\/\" \/>\n<meta property=\"og:site_name\" content=\"AZTEX\" \/>\n<meta property=\"article:publisher\" content=\"https:\/\/www.facebook.com\/AztexEE\" \/>\n<meta property=\"article:modified_time\" content=\"2025-12-17T01:19:43+00:00\" \/>\n<meta property=\"og:image\" content=\"https:\/\/aztex.ee\/wp-content\/uploads\/2025\/08\/Kanepist-voodipesukomplekt-Hall.jpg\" \/>\n\t<meta property=\"og:image:width\" content=\"800\" \/>\n\t<meta property=\"og:image:height\" content=\"800\" \/>\n\t<meta property=\"og:image:type\" content=\"image\/jpeg\" \/>\n<meta name=\"twitter:card\" content=\"summary_large_image\" \/>\n<meta name=\"twitter:label1\" content=\"Est. reading time\" \/>\n\t<meta name=\"twitter:data1\" content=\"2 minutes\" \/>\n<script type=\"application\/ld+json\" class=\"yoast-schema-graph\">{\"@context\":\"https:\\\/\\\/schema.org\",\"@graph\":[{\"@type\":[\"WebPage\",\"ItemPage\"],\"@id\":\"https:\\\/\\\/aztex.ee\\\/lv\\\/pood\\\/gultas-vela\\\/kanepju-gultas-velas-komplekts-peleks\\\/\",\"url\":\"https:\\\/\\\/aztex.ee\\\/lv\\\/pood\\\/gultas-vela\\\/kanepju-gultas-velas-komplekts-peleks\\\/\",\"name\":\"Ka\u0146epes gultas ve\u013cas komplekts - Pel\u0113ks | AZTEX\",\"isPartOf\":{\"@id\":\"https:\\\/\\\/aztex.ee\\\/lv\\\/#website\"},\"primaryImageOfPage\":{\"@id\":\"https:\\\/\\\/aztex.ee\\\/lv\\\/pood\\\/gultas-vela\\\/kanepju-gultas-velas-komplekts-peleks\\\/#primaryimage\"},\"image\":{\"@id\":\"https:\\\/\\\/aztex.ee\\\/lv\\\/pood\\\/gultas-vela\\\/kanepju-gultas-velas-komplekts-peleks\\\/#primaryimage\"},\"thumbnailUrl\":\"https:\\\/\\\/aztex.ee\\\/wp-content\\\/uploads\\\/2025\\\/08\\\/Kanepist-voodipesukomplekt-Hall.jpg\",\"datePublished\":\"2025-08-16T00:37:50+00:00\",\"dateModified\":\"2025-12-17T01:19:43+00:00\",\"description\":\"Organisk\u0101s ka\u0146epes gultas ve\u013cas komplekts rada \u012bpa\u0161i greznu un dabisku miega vidi jebkur\u0101 gadalaik\u0101 ar antibakteri\u0101l\u0101m \u012bpa\u0161\u012bb\u0101m un m\u012bkstu, elpojo\u0161u tekst\u016bru.\",\"breadcrumb\":{\"@id\":\"https:\\\/\\\/aztex.ee\\\/lv\\\/pood\\\/gultas-vela\\\/kanepju-gultas-velas-komplekts-peleks\\\/#breadcrumb\"},\"inLanguage\":\"lv-LV\",\"potentialAction\":[{\"@type\":\"ReadAction\",\"target\":[\"https:\\\/\\\/aztex.ee\\\/lv\\\/pood\\\/gultas-vela\\\/kanepju-gultas-velas-komplekts-peleks\\\/\"]}]},{\"@type\":\"ImageObject\",\"inLanguage\":\"lv-LV\",\"@id\":\"https:\\\/\\\/aztex.ee\\\/lv\\\/pood\\\/gultas-vela\\\/kanepju-gultas-velas-komplekts-peleks\\\/#primaryimage\",\"url\":\"https:\\\/\\\/aztex.ee\\\/wp-content\\\/uploads\\\/2025\\\/08\\\/Kanepist-voodipesukomplekt-Hall.jpg\",\"contentUrl\":\"https:\\\/\\\/aztex.ee\\\/wp-content\\\/uploads\\\/2025\\\/08\\\/Kanepist-voodipesukomplekt-Hall.jpg\",\"width\":800,\"height\":800,\"caption\":\"Kanepist voodipesukomplekt Hall\"},{\"@type\":\"BreadcrumbList\",\"@id\":\"https:\\\/\\\/aztex.ee\\\/lv\\\/pood\\\/gultas-vela\\\/kanepju-gultas-velas-komplekts-peleks\\\/#breadcrumb\",\"itemListElement\":[{\"@type\":\"ListItem\",\"position\":1,\"name\":\"S\u0101kums\",\"item\":\"https:\\\/\\\/aztex.ee\\\/lv\\\/\"},{\"@type\":\"ListItem\",\"position\":2,\"name\":\"Veikals\",\"item\":\"https:\\\/\\\/aztex.ee\\\/lv\\\/veikals\\\/\"},{\"@type\":\"ListItem\",\"position\":3,\"name\":\"Ka\u0146epju gultas ve\u013cas komplekts | Pel\u0113ks\"}]},{\"@type\":\"WebSite\",\"@id\":\"https:\\\/\\\/aztex.ee\\\/lv\\\/#website\",\"url\":\"https:\\\/\\\/aztex.ee\\\/lv\\\/\",\"name\":\"AZTEX\",\"description\":\"\",\"publisher\":{\"@id\":\"https:\\\/\\\/aztex.ee\\\/lv\\\/#organization\"},\"potentialAction\":[{\"@type\":\"SearchAction\",\"target\":{\"@type\":\"EntryPoint\",\"urlTemplate\":\"https:\\\/\\\/aztex.ee\\\/lv\\\/?s={search_term_string}\"},\"query-input\":{\"@type\":\"PropertyValueSpecification\",\"valueRequired\":true,\"valueName\":\"search_term_string\"}}],\"inLanguage\":\"lv-LV\"},{\"@type\":\"Organization\",\"@id\":\"https:\\\/\\\/aztex.ee\\\/lv\\\/#organization\",\"name\":\"AZTEX\",\"url\":\"https:\\\/\\\/aztex.ee\\\/lv\\\/\",\"logo\":{\"@type\":\"ImageObject\",\"inLanguage\":\"lv-LV\",\"@id\":\"https:\\\/\\\/aztex.ee\\\/lv\\\/#\\\/schema\\\/logo\\\/image\\\/\",\"url\":\"https:\\\/\\\/aztex.ee\\\/wp-content\\\/uploads\\\/2026\\\/01\\\/AZTEX.png\",\"contentUrl\":\"https:\\\/\\\/aztex.ee\\\/wp-content\\\/uploads\\\/2026\\\/01\\\/AZTEX.png\",\"width\":500,\"height\":500,\"caption\":\"AZTEX\"},\"image\":{\"@id\":\"https:\\\/\\\/aztex.ee\\\/lv\\\/#\\\/schema\\\/logo\\\/image\\\/\"},\"sameAs\":[\"https:\\\/\\\/www.facebook.com\\\/AztexEE\",\"https:\\\/\\\/www.instagram.com\\\/aztexeesti\\\/\",\"https:\\\/\\\/www.youtube.com\\\/@AZTEXEE\",\"https:\\\/\\\/www.pinterest.com\\\/aztex_eesti\\\/\",\"https:\\\/\\\/www.tiktok.com\\\/@aztexeesti\",\"https:\\\/\\\/www.trustpilot.com\\\/review\\\/aztex.ee\",\"https:\\\/\\\/www.linkedin.com\\\/company\\\/aztex-ee\\\/\",\"https:\\\/\\\/www.wikidata.org\\\/wiki\\\/Q137560182\"]}]}<\/script>\n<!-- \/ Yoast SEO plugin. -->","yoast_head_json":{"title":"Ka\u0146epes gultas ve\u013cas komplekts - Pel\u0113ks | AZTEX","description":"Organisk\u0101s ka\u0146epes gultas ve\u013cas komplekts rada \u012bpa\u0161i greznu un dabisku miega vidi jebkur\u0101 gadalaik\u0101 ar antibakteri\u0101l\u0101m \u012bpa\u0161\u012bb\u0101m un m\u012bkstu, elpojo\u0161u tekst\u016bru.","robots":{"index":"index","follow":"follow","max-snippet":"max-snippet:-1","max-image-preview":"max-image-preview:large","max-video-preview":"max-video-preview:-1"},"canonical":"https:\/\/aztex.ee\/lv\/pood\/gultas-vela\/kanepju-gultas-velas-komplekts-peleks\/","og_locale":"lv_LV","og_type":"article","og_title":"Ka\u0146epes gultas ve\u013cas komplekts - Pel\u0113ks | AZTEX","og_description":"Organisk\u0101s ka\u0146epes gultas ve\u013cas komplekts rada \u012bpa\u0161i greznu un dabisku miega vidi jebkur\u0101 gadalaik\u0101 ar antibakteri\u0101l\u0101m \u012bpa\u0161\u012bb\u0101m un m\u012bkstu, elpojo\u0161u tekst\u016bru.","og_url":"https:\/\/aztex.ee\/lv\/pood\/gultas-vela\/kanepju-gultas-velas-komplekts-peleks\/","og_site_name":"AZTEX","article_publisher":"https:\/\/www.facebook.com\/AztexEE","article_modified_time":"2025-12-17T01:19:43+00:00","og_image":[{"width":800,"height":800,"url":"https:\/\/aztex.ee\/wp-content\/uploads\/2025\/08\/Kanepist-voodipesukomplekt-Hall.jpg","type":"image\/jpeg"}],"twitter_card":"summary_large_image","twitter_misc":{"Est. reading time":"2 minutes"},"schema":{"@context":"https:\/\/schema.org","@graph":[{"@type":["WebPage","ItemPage"],"@id":"https:\/\/aztex.ee\/lv\/pood\/gultas-vela\/kanepju-gultas-velas-komplekts-peleks\/","url":"https:\/\/aztex.ee\/lv\/pood\/gultas-vela\/kanepju-gultas-velas-komplekts-peleks\/","name":"Ka\u0146epes gultas ve\u013cas komplekts - Pel\u0113ks | AZTEX","isPartOf":{"@id":"https:\/\/aztex.ee\/lv\/#website"},"primaryImageOfPage":{"@id":"https:\/\/aztex.ee\/lv\/pood\/gultas-vela\/kanepju-gultas-velas-komplekts-peleks\/#primaryimage"},"image":{"@id":"https:\/\/aztex.ee\/lv\/pood\/gultas-vela\/kanepju-gultas-velas-komplekts-peleks\/#primaryimage"},"thumbnailUrl":"https:\/\/aztex.ee\/wp-content\/uploads\/2025\/08\/Kanepist-voodipesukomplekt-Hall.jpg","datePublished":"2025-08-16T00:37:50+00:00","dateModified":"2025-12-17T01:19:43+00:00","description":"Organisk\u0101s ka\u0146epes gultas ve\u013cas komplekts rada \u012bpa\u0161i greznu un dabisku miega vidi jebkur\u0101 gadalaik\u0101 ar antibakteri\u0101l\u0101m \u012bpa\u0161\u012bb\u0101m un m\u012bkstu, elpojo\u0161u tekst\u016bru.","breadcrumb":{"@id":"https:\/\/aztex.ee\/lv\/pood\/gultas-vela\/kanepju-gultas-velas-komplekts-peleks\/#breadcrumb"},"inLanguage":"lv-LV","potentialAction":[{"@type":"ReadAction","target":["https:\/\/aztex.ee\/lv\/pood\/gultas-vela\/kanepju-gultas-velas-komplekts-peleks\/"]}]},{"@type":"ImageObject","inLanguage":"lv-LV","@id":"https:\/\/aztex.ee\/lv\/pood\/gultas-vela\/kanepju-gultas-velas-komplekts-peleks\/#primaryimage","url":"https:\/\/aztex.ee\/wp-content\/uploads\/2025\/08\/Kanepist-voodipesukomplekt-Hall.jpg","contentUrl":"https:\/\/aztex.ee\/wp-content\/uploads\/2025\/08\/Kanepist-voodipesukomplekt-Hall.jpg","width":800,"height":800,"caption":"Kanepist voodipesukomplekt Hall"},{"@type":"BreadcrumbList","@id":"https:\/\/aztex.ee\/lv\/pood\/gultas-vela\/kanepju-gultas-velas-komplekts-peleks\/#breadcrumb","itemListElement":[{"@type":"ListItem","position":1,"name":"S\u0101kums","item":"https:\/\/aztex.ee\/lv\/"},{"@type":"ListItem","position":2,"name":"Veikals","item":"https:\/\/aztex.ee\/lv\/veikals\/"},{"@type":"ListItem","position":3,"name":"Ka\u0146epju gultas ve\u013cas komplekts | Pel\u0113ks"}]},{"@type":"WebSite","@id":"https:\/\/aztex.ee\/lv\/#website","url":"https:\/\/aztex.ee\/lv\/","name":"AZTEX","description":"","publisher":{"@id":"https:\/\/aztex.ee\/lv\/#organization"},"potentialAction":[{"@type":"SearchAction","target":{"@type":"EntryPoint","urlTemplate":"https:\/\/aztex.ee\/lv\/?s={search_term_string}"},"query-input":{"@type":"PropertyValueSpecification","valueRequired":true,"valueName":"search_term_string"}}],"inLanguage":"lv-LV"},{"@type":"Organization","@id":"https:\/\/aztex.ee\/lv\/#organization","name":"AZTEX","url":"https:\/\/aztex.ee\/lv\/","logo":{"@type":"ImageObject","inLanguage":"lv-LV","@id":"https:\/\/aztex.ee\/lv\/#\/schema\/logo\/image\/","url":"https:\/\/aztex.ee\/wp-content\/uploads\/2026\/01\/AZTEX.png","contentUrl":"https:\/\/aztex.ee\/wp-content\/uploads\/2026\/01\/AZTEX.png","width":500,"height":500,"caption":"AZTEX"},"image":{"@id":"https:\/\/aztex.ee\/lv\/#\/schema\/logo\/image\/"},"sameAs":["https:\/\/www.facebook.com\/AztexEE","https:\/\/www.instagram.com\/aztexeesti\/","https:\/\/www.youtube.com\/@AZTEXEE","https:\/\/www.pinterest.com\/aztex_eesti\/","https:\/\/www.tiktok.com\/@aztexeesti","https:\/\/www.trustpilot.com\/review\/aztex.ee","https:\/\/www.linkedin.com\/company\/aztex-ee\/","https:\/\/www.wikidata.org\/wiki\/Q137560182"]}]}},"_links":{"self":[{"href":"https:\/\/aztex.ee\/lv\/wp-json\/wp\/v2\/product\/91472","targetHints":{"allow":["GET"]}}],"collection":[{"href":"https:\/\/aztex.ee\/lv\/wp-json\/wp\/v2\/product"}],"about":[{"href":"https:\/\/aztex.ee\/lv\/wp-json\/wp\/v2\/types\/product"}],"replies":[{"embeddable":true,"href":"https:\/\/aztex.ee\/lv\/wp-json\/wp\/v2\/comments?post=91472"}],"version-history":[{"count":0,"href":"https:\/\/aztex.ee\/lv\/wp-json\/wp\/v2\/product\/91472\/revisions"}],"wp:featuredmedia":[{"embeddable":true,"href":"https:\/\/aztex.ee\/lv\/wp-json\/wp\/v2\/media\/91493"}],"wp:attachment":[{"href":"https:\/\/aztex.ee\/lv\/wp-json\/wp\/v2\/media?parent=91472"}],"wp:term":[{"taxonomy":"product_brand","embeddable":true,"href":"https:\/\/aztex.ee\/lv\/wp-json\/wp\/v2\/product_brand?post=91472"},{"taxonomy":"product_cat","embeddable":true,"href":"https:\/\/aztex.ee\/lv\/wp-json\/wp\/v2\/product_cat?post=91472"},{"taxonomy":"product_tag","embeddable":true,"href":"https:\/\/aztex.ee\/lv\/wp-json\/wp\/v2\/product_tag?post=91472"}],"curies":[{"name":"wp","href":"https:\/\/api.w.org\/{rel}","templated":true}]}}