{"id":86863,"date":"2025-05-16T22:11:01","date_gmt":"2025-05-16T22:11:01","guid":{"rendered":"https:\/\/aztex.ee\/?post_type=product&#038;p=86863"},"modified":"2026-03-23T09:16:42","modified_gmt":"2026-03-23T09:16:42","slug":"premium-gultas-velas-komplekts-bambuss-gaisi-peleks","status":"publish","type":"product","link":"https:\/\/aztex.ee\/lv\/pood\/gultas-vela\/premium-gultas-velas-komplekts-bambuss-gaisi-peleks\/","title":{"rendered":"Premium gultas ve\u013cas komplekts 100% bambuss | Gai\u0161i pel\u0113ks"},"content":{"rendered":"<p>Bambusa gultas ve\u013cas komplekti ir augstas kvalit\u0101tes, m\u012bksts un elpojo\u0161s tekstils, kas izgatavots no dab\u012bg\u0101m bambusa \u0161\u0137iedr\u0101m. \u0160ie komplekti ir \u012bpa\u0161i izstr\u0101d\u0101ti, lai nodro\u0161in\u0101tu lietot\u0101jiem \u0113rtu gul\u0113\u0161anu. Bambusa \u0161\u0137iedra ir dabiski elpojo\u0161a un sp\u0113j aizvad\u012bt mitrumu, t\u0101d\u0113j\u0101di nov\u0113r\u0161ot sv\u012b\u0161anu un ilg\u0101k saglab\u0101jot j\u016bs t\u012bru un svaigu.<\/p>\n<p>Bambusa gultas ve\u013cas komplekti parasti tiek izgatavoti, izmantojot videi draudz\u012bgus un ilgtsp\u0113j\u012bgus materi\u0101lus. Bambusa augs ir paz\u012bstams ar \u0101tru aug\u0161anu un zemu \u016bdens pat\u0113ri\u0146u, kas samazina ra\u017eo\u0161anas procesa ietekmi uz vidi. Turkl\u0101t bambusa \u0161\u0137iedras m\u012bkst\u0101 tekst\u016bra nodro\u0161ina greznu saj\u016btu un maigi pieskaras, neboj\u0101jot \u0101du.<\/p>\n<p>Bambusa gultas ve\u013cas komplektiem piem\u012bt dabiskas antibakteri\u0101las un hipoaler\u0123iskas \u012bpa\u0161\u012bbas, kas uztur higi\u0113nu un nodro\u0161ina komfortu miega laik\u0101. T\u0101s ir paz\u012bstamas ar savu atsvaidzino\u0161o un atv\u0113sino\u0161o efektu karst\u0101 laik\u0101.<\/p>\n<p>T\u0101p\u0113c bambusa gultas ve\u013cas komplekti ir videi draudz\u012bgi un \u0113rti izstr\u0101d\u0101jumi, kas lietot\u0101jiem nodro\u0161ina kvalitat\u012bvu miega pieredzi.<\/p>\n","protected":false},"excerpt":{"rendered":"<p>100% ekolo\u0123iski audz\u0113ta bambusa gultas ve\u013ca ir hipoaler\u0123iska un antibakteri\u0101la.<\/p>\n<ul>\n<li>Kr\u0101sa: Gai\u0161i pel\u0113ks<\/li>\n<li>Materi\u0101ls: 100% bambuss<\/li>\n<li>Diegu skaits audum\u0101: 300 TC<\/li>\n<li>Segas p\u0101rvalka: 200\u00d7220 cm<\/li>\n<li>Spilvendr\u0101nu: 50\u00d770 cm (2 gab.)<\/li>\n<li>Palaga: 220\u00d7240 cm<\/li>\n<\/ul>\n<p><img loading=\"lazy\" decoding=\"async\" class=\"alignnone wp-image-20226\" src=\"https:\/\/aztex.ee\/wp-content\/uploads\/2024\/09\/oekotex100.png\" alt=\"\" width=\"196\" height=\"69\" srcset=\"https:\/\/aztex.ee\/wp-content\/uploads\/2024\/09\/oekotex100.png 204w, https:\/\/aztex.ee\/wp-content\/uploads\/2024\/09\/oekotex100-150x53.png 150w\" sizes=\"auto, (max-width: 196px) 100vw, 196px\" \/><img loading=\"lazy\" decoding=\"async\" class=\"alignnone wp-image-20260\" src=\"https:\/\/aztex.ee\/wp-content\/uploads\/2024\/09\/bambuuss.png\" alt=\"\" width=\"75\" height=\"75\" srcset=\"https:\/\/aztex.ee\/wp-content\/uploads\/2024\/09\/bambuuss.png 204w, https:\/\/aztex.ee\/wp-content\/uploads\/2024\/09\/bambuuss-150x150.png 150w\" sizes=\"auto, (max-width: 75px) 100vw, 75px\" \/><\/p>\n<p>Hipoaler\u0123isks un mitrumu absorb\u0113jo\u0161s<br \/>\nIde\u0101li piem\u0113rots cilv\u0113kiem ar jut\u012bgu \u0101du vai ekz\u0113mu, un tas ir \u012bpa\u0161i piem\u0113rots cilv\u0113kiem, kuri m\u0113dz sv\u012bst nakt\u012bs.<br \/>\nBambusa ve\u013cas komplekti ir iepakoti maisi\u0146\u0101, kas izgatavots no t\u0101da pa\u0161a auduma.<\/p>\n","protected":false},"featured_media":106747,"comment_status":"open","ping_status":"closed","template":"","meta":[],"product_brand":[],"product_cat":[215,405,203,501],"product_tag":[],"class_list":{"0":"post-86863","1":"product","2":"type-product","3":"status-publish","4":"has-post-thumbnail","6":"product_cat-bambusa-gultas-vela","7":"product_cat-bambusa-gultas-velas-komplekti","8":"product_cat-gultas-vela","9":"product_cat-gultas-velas-komplekti","11":"first","12":"instock","13":"sale","14":"shipping-taxable","15":"purchasable","16":"product-type-simple"},"yoast_head":"<!-- This site is optimized with the Yoast SEO plugin v27.3 - https:\/\/yoast.com\/product\/yoast-seo-wordpress\/ -->\n<title>Bambusa gultas ve\u013cas komplekts - Gai\u0161i pel\u0113ks | AZTEX<\/title>\n<meta name=\"description\" content=\"M\u012bksts un smalks bambusa gultas ve\u013cas komplekts uztur \u0101du sausu un \u0137ermeni v\u0113su, padarot to ide\u0101li piem\u0113rotu jut\u012bgai \u0101dai un silt\u0101m telp\u0101m.\" \/>\n<meta name=\"robots\" content=\"index, follow, max-snippet:-1, max-image-preview:large, max-video-preview:-1\" \/>\n<link rel=\"canonical\" href=\"https:\/\/aztex.ee\/lv\/pood\/gultas-vela\/premium-gultas-velas-komplekts-bambuss-gaisi-peleks\/\" \/>\n<meta property=\"og:locale\" content=\"lv_LV\" \/>\n<meta property=\"og:type\" content=\"article\" \/>\n<meta property=\"og:title\" content=\"Bambusa gultas ve\u013cas komplekts - Gai\u0161i pel\u0113ks | AZTEX\" \/>\n<meta property=\"og:description\" content=\"M\u012bksts un smalks bambusa gultas ve\u013cas komplekts uztur \u0101du sausu un \u0137ermeni v\u0113su, padarot to ide\u0101li piem\u0113rotu jut\u012bgai \u0101dai un silt\u0101m telp\u0101m.\" \/>\n<meta property=\"og:url\" content=\"https:\/\/aztex.ee\/lv\/pood\/gultas-vela\/premium-gultas-velas-komplekts-bambuss-gaisi-peleks\/\" \/>\n<meta property=\"og:site_name\" content=\"AZTEX\" \/>\n<meta property=\"article:publisher\" content=\"https:\/\/www.facebook.com\/AztexEE\" \/>\n<meta property=\"article:modified_time\" content=\"2026-03-23T09:16:42+00:00\" \/>\n<meta property=\"og:image\" content=\"https:\/\/aztex.ee\/wp-content\/uploads\/2025\/05\/voodipesukomplekt-bambus-Helehall.jpg\" \/>\n\t<meta property=\"og:image:width\" content=\"800\" \/>\n\t<meta property=\"og:image:height\" content=\"800\" \/>\n\t<meta property=\"og:image:type\" content=\"image\/jpeg\" \/>\n<meta name=\"twitter:card\" content=\"summary_large_image\" \/>\n<meta name=\"twitter:label1\" content=\"Est. reading time\" \/>\n\t<meta name=\"twitter:data1\" content=\"1 minute\" \/>\n<script type=\"application\/ld+json\" class=\"yoast-schema-graph\">{\"@context\":\"https:\\\/\\\/schema.org\",\"@graph\":[{\"@type\":[\"WebPage\",\"ItemPage\"],\"@id\":\"https:\\\/\\\/aztex.ee\\\/lv\\\/pood\\\/gultas-vela\\\/premium-gultas-velas-komplekts-bambuss-gaisi-peleks\\\/\",\"url\":\"https:\\\/\\\/aztex.ee\\\/lv\\\/pood\\\/gultas-vela\\\/premium-gultas-velas-komplekts-bambuss-gaisi-peleks\\\/\",\"name\":\"Bambusa gultas ve\u013cas komplekts - Gai\u0161i pel\u0113ks | AZTEX\",\"isPartOf\":{\"@id\":\"https:\\\/\\\/aztex.ee\\\/lv\\\/#website\"},\"primaryImageOfPage\":{\"@id\":\"https:\\\/\\\/aztex.ee\\\/lv\\\/pood\\\/gultas-vela\\\/premium-gultas-velas-komplekts-bambuss-gaisi-peleks\\\/#primaryimage\"},\"image\":{\"@id\":\"https:\\\/\\\/aztex.ee\\\/lv\\\/pood\\\/gultas-vela\\\/premium-gultas-velas-komplekts-bambuss-gaisi-peleks\\\/#primaryimage\"},\"thumbnailUrl\":\"https:\\\/\\\/aztex.ee\\\/wp-content\\\/uploads\\\/2025\\\/05\\\/voodipesukomplekt-bambus-Helehall.jpg\",\"datePublished\":\"2025-05-16T22:11:01+00:00\",\"dateModified\":\"2026-03-23T09:16:42+00:00\",\"description\":\"M\u012bksts un smalks bambusa gultas ve\u013cas komplekts uztur \u0101du sausu un \u0137ermeni v\u0113su, padarot to ide\u0101li piem\u0113rotu jut\u012bgai \u0101dai un silt\u0101m telp\u0101m.\",\"breadcrumb\":{\"@id\":\"https:\\\/\\\/aztex.ee\\\/lv\\\/pood\\\/gultas-vela\\\/premium-gultas-velas-komplekts-bambuss-gaisi-peleks\\\/#breadcrumb\"},\"inLanguage\":\"lv-LV\",\"potentialAction\":[{\"@type\":\"ReadAction\",\"target\":[\"https:\\\/\\\/aztex.ee\\\/lv\\\/pood\\\/gultas-vela\\\/premium-gultas-velas-komplekts-bambuss-gaisi-peleks\\\/\"]}]},{\"@type\":\"ImageObject\",\"inLanguage\":\"lv-LV\",\"@id\":\"https:\\\/\\\/aztex.ee\\\/lv\\\/pood\\\/gultas-vela\\\/premium-gultas-velas-komplekts-bambuss-gaisi-peleks\\\/#primaryimage\",\"url\":\"https:\\\/\\\/aztex.ee\\\/wp-content\\\/uploads\\\/2025\\\/05\\\/voodipesukomplekt-bambus-Helehall.jpg\",\"contentUrl\":\"https:\\\/\\\/aztex.ee\\\/wp-content\\\/uploads\\\/2025\\\/05\\\/voodipesukomplekt-bambus-Helehall.jpg\",\"width\":800,\"height\":800,\"caption\":\"voodipesukomplekt bambus Helehall\"},{\"@type\":\"BreadcrumbList\",\"@id\":\"https:\\\/\\\/aztex.ee\\\/lv\\\/pood\\\/gultas-vela\\\/premium-gultas-velas-komplekts-bambuss-gaisi-peleks\\\/#breadcrumb\",\"itemListElement\":[{\"@type\":\"ListItem\",\"position\":1,\"name\":\"S\u0101kums\",\"item\":\"https:\\\/\\\/aztex.ee\\\/lv\\\/\"},{\"@type\":\"ListItem\",\"position\":2,\"name\":\"Veikals\",\"item\":\"https:\\\/\\\/aztex.ee\\\/lv\\\/veikals\\\/\"},{\"@type\":\"ListItem\",\"position\":3,\"name\":\"Premium gultas ve\u013cas komplekts 100% bambuss | Gai\u0161i pel\u0113ks\"}]},{\"@type\":\"WebSite\",\"@id\":\"https:\\\/\\\/aztex.ee\\\/lv\\\/#website\",\"url\":\"https:\\\/\\\/aztex.ee\\\/lv\\\/\",\"name\":\"AZTEX\",\"description\":\"\",\"publisher\":{\"@id\":\"https:\\\/\\\/aztex.ee\\\/lv\\\/#organization\"},\"potentialAction\":[{\"@type\":\"SearchAction\",\"target\":{\"@type\":\"EntryPoint\",\"urlTemplate\":\"https:\\\/\\\/aztex.ee\\\/lv\\\/?s={search_term_string}\"},\"query-input\":{\"@type\":\"PropertyValueSpecification\",\"valueRequired\":true,\"valueName\":\"search_term_string\"}}],\"inLanguage\":\"lv-LV\"},{\"@type\":\"Organization\",\"@id\":\"https:\\\/\\\/aztex.ee\\\/lv\\\/#organization\",\"name\":\"AZTEX\",\"url\":\"https:\\\/\\\/aztex.ee\\\/lv\\\/\",\"logo\":{\"@type\":\"ImageObject\",\"inLanguage\":\"lv-LV\",\"@id\":\"https:\\\/\\\/aztex.ee\\\/lv\\\/#\\\/schema\\\/logo\\\/image\\\/\",\"url\":\"https:\\\/\\\/aztex.ee\\\/wp-content\\\/uploads\\\/2026\\\/01\\\/AZTEX.png\",\"contentUrl\":\"https:\\\/\\\/aztex.ee\\\/wp-content\\\/uploads\\\/2026\\\/01\\\/AZTEX.png\",\"width\":500,\"height\":500,\"caption\":\"AZTEX\"},\"image\":{\"@id\":\"https:\\\/\\\/aztex.ee\\\/lv\\\/#\\\/schema\\\/logo\\\/image\\\/\"},\"sameAs\":[\"https:\\\/\\\/www.facebook.com\\\/AztexEE\",\"https:\\\/\\\/www.instagram.com\\\/aztexeesti\\\/\",\"https:\\\/\\\/www.youtube.com\\\/@AZTEXEE\",\"https:\\\/\\\/www.pinterest.com\\\/aztex_eesti\\\/\",\"https:\\\/\\\/www.tiktok.com\\\/@aztexeesti\",\"https:\\\/\\\/www.trustpilot.com\\\/review\\\/aztex.ee\",\"https:\\\/\\\/www.linkedin.com\\\/company\\\/aztex-ee\\\/\",\"https:\\\/\\\/www.wikidata.org\\\/wiki\\\/Q137560182\"]}]}<\/script>\n<!-- \/ Yoast SEO plugin. -->","yoast_head_json":{"title":"Bambusa gultas ve\u013cas komplekts - Gai\u0161i pel\u0113ks | AZTEX","description":"M\u012bksts un smalks bambusa gultas ve\u013cas komplekts uztur \u0101du sausu un \u0137ermeni v\u0113su, padarot to ide\u0101li piem\u0113rotu jut\u012bgai \u0101dai un silt\u0101m telp\u0101m.","robots":{"index":"index","follow":"follow","max-snippet":"max-snippet:-1","max-image-preview":"max-image-preview:large","max-video-preview":"max-video-preview:-1"},"canonical":"https:\/\/aztex.ee\/lv\/pood\/gultas-vela\/premium-gultas-velas-komplekts-bambuss-gaisi-peleks\/","og_locale":"lv_LV","og_type":"article","og_title":"Bambusa gultas ve\u013cas komplekts - Gai\u0161i pel\u0113ks | AZTEX","og_description":"M\u012bksts un smalks bambusa gultas ve\u013cas komplekts uztur \u0101du sausu un \u0137ermeni v\u0113su, padarot to ide\u0101li piem\u0113rotu jut\u012bgai \u0101dai un silt\u0101m telp\u0101m.","og_url":"https:\/\/aztex.ee\/lv\/pood\/gultas-vela\/premium-gultas-velas-komplekts-bambuss-gaisi-peleks\/","og_site_name":"AZTEX","article_publisher":"https:\/\/www.facebook.com\/AztexEE","article_modified_time":"2026-03-23T09:16:42+00:00","og_image":[{"width":800,"height":800,"url":"https:\/\/aztex.ee\/wp-content\/uploads\/2025\/05\/voodipesukomplekt-bambus-Helehall.jpg","type":"image\/jpeg"}],"twitter_card":"summary_large_image","twitter_misc":{"Est. reading time":"1 minute"},"schema":{"@context":"https:\/\/schema.org","@graph":[{"@type":["WebPage","ItemPage"],"@id":"https:\/\/aztex.ee\/lv\/pood\/gultas-vela\/premium-gultas-velas-komplekts-bambuss-gaisi-peleks\/","url":"https:\/\/aztex.ee\/lv\/pood\/gultas-vela\/premium-gultas-velas-komplekts-bambuss-gaisi-peleks\/","name":"Bambusa gultas ve\u013cas komplekts - Gai\u0161i pel\u0113ks | AZTEX","isPartOf":{"@id":"https:\/\/aztex.ee\/lv\/#website"},"primaryImageOfPage":{"@id":"https:\/\/aztex.ee\/lv\/pood\/gultas-vela\/premium-gultas-velas-komplekts-bambuss-gaisi-peleks\/#primaryimage"},"image":{"@id":"https:\/\/aztex.ee\/lv\/pood\/gultas-vela\/premium-gultas-velas-komplekts-bambuss-gaisi-peleks\/#primaryimage"},"thumbnailUrl":"https:\/\/aztex.ee\/wp-content\/uploads\/2025\/05\/voodipesukomplekt-bambus-Helehall.jpg","datePublished":"2025-05-16T22:11:01+00:00","dateModified":"2026-03-23T09:16:42+00:00","description":"M\u012bksts un smalks bambusa gultas ve\u013cas komplekts uztur \u0101du sausu un \u0137ermeni v\u0113su, padarot to ide\u0101li piem\u0113rotu jut\u012bgai \u0101dai un silt\u0101m telp\u0101m.","breadcrumb":{"@id":"https:\/\/aztex.ee\/lv\/pood\/gultas-vela\/premium-gultas-velas-komplekts-bambuss-gaisi-peleks\/#breadcrumb"},"inLanguage":"lv-LV","potentialAction":[{"@type":"ReadAction","target":["https:\/\/aztex.ee\/lv\/pood\/gultas-vela\/premium-gultas-velas-komplekts-bambuss-gaisi-peleks\/"]}]},{"@type":"ImageObject","inLanguage":"lv-LV","@id":"https:\/\/aztex.ee\/lv\/pood\/gultas-vela\/premium-gultas-velas-komplekts-bambuss-gaisi-peleks\/#primaryimage","url":"https:\/\/aztex.ee\/wp-content\/uploads\/2025\/05\/voodipesukomplekt-bambus-Helehall.jpg","contentUrl":"https:\/\/aztex.ee\/wp-content\/uploads\/2025\/05\/voodipesukomplekt-bambus-Helehall.jpg","width":800,"height":800,"caption":"voodipesukomplekt bambus Helehall"},{"@type":"BreadcrumbList","@id":"https:\/\/aztex.ee\/lv\/pood\/gultas-vela\/premium-gultas-velas-komplekts-bambuss-gaisi-peleks\/#breadcrumb","itemListElement":[{"@type":"ListItem","position":1,"name":"S\u0101kums","item":"https:\/\/aztex.ee\/lv\/"},{"@type":"ListItem","position":2,"name":"Veikals","item":"https:\/\/aztex.ee\/lv\/veikals\/"},{"@type":"ListItem","position":3,"name":"Premium gultas ve\u013cas komplekts 100% bambuss | Gai\u0161i pel\u0113ks"}]},{"@type":"WebSite","@id":"https:\/\/aztex.ee\/lv\/#website","url":"https:\/\/aztex.ee\/lv\/","name":"AZTEX","description":"","publisher":{"@id":"https:\/\/aztex.ee\/lv\/#organization"},"potentialAction":[{"@type":"SearchAction","target":{"@type":"EntryPoint","urlTemplate":"https:\/\/aztex.ee\/lv\/?s={search_term_string}"},"query-input":{"@type":"PropertyValueSpecification","valueRequired":true,"valueName":"search_term_string"}}],"inLanguage":"lv-LV"},{"@type":"Organization","@id":"https:\/\/aztex.ee\/lv\/#organization","name":"AZTEX","url":"https:\/\/aztex.ee\/lv\/","logo":{"@type":"ImageObject","inLanguage":"lv-LV","@id":"https:\/\/aztex.ee\/lv\/#\/schema\/logo\/image\/","url":"https:\/\/aztex.ee\/wp-content\/uploads\/2026\/01\/AZTEX.png","contentUrl":"https:\/\/aztex.ee\/wp-content\/uploads\/2026\/01\/AZTEX.png","width":500,"height":500,"caption":"AZTEX"},"image":{"@id":"https:\/\/aztex.ee\/lv\/#\/schema\/logo\/image\/"},"sameAs":["https:\/\/www.facebook.com\/AztexEE","https:\/\/www.instagram.com\/aztexeesti\/","https:\/\/www.youtube.com\/@AZTEXEE","https:\/\/www.pinterest.com\/aztex_eesti\/","https:\/\/www.tiktok.com\/@aztexeesti","https:\/\/www.trustpilot.com\/review\/aztex.ee","https:\/\/www.linkedin.com\/company\/aztex-ee\/","https:\/\/www.wikidata.org\/wiki\/Q137560182"]}]}},"_links":{"self":[{"href":"https:\/\/aztex.ee\/lv\/wp-json\/wp\/v2\/product\/86863","targetHints":{"allow":["GET"]}}],"collection":[{"href":"https:\/\/aztex.ee\/lv\/wp-json\/wp\/v2\/product"}],"about":[{"href":"https:\/\/aztex.ee\/lv\/wp-json\/wp\/v2\/types\/product"}],"replies":[{"embeddable":true,"href":"https:\/\/aztex.ee\/lv\/wp-json\/wp\/v2\/comments?post=86863"}],"version-history":[{"count":0,"href":"https:\/\/aztex.ee\/lv\/wp-json\/wp\/v2\/product\/86863\/revisions"}],"wp:featuredmedia":[{"embeddable":true,"href":"https:\/\/aztex.ee\/lv\/wp-json\/wp\/v2\/media\/106747"}],"wp:attachment":[{"href":"https:\/\/aztex.ee\/lv\/wp-json\/wp\/v2\/media?parent=86863"}],"wp:term":[{"taxonomy":"product_brand","embeddable":true,"href":"https:\/\/aztex.ee\/lv\/wp-json\/wp\/v2\/product_brand?post=86863"},{"taxonomy":"product_cat","embeddable":true,"href":"https:\/\/aztex.ee\/lv\/wp-json\/wp\/v2\/product_cat?post=86863"},{"taxonomy":"product_tag","embeddable":true,"href":"https:\/\/aztex.ee\/lv\/wp-json\/wp\/v2\/product_tag?post=86863"}],"curies":[{"name":"wp","href":"https:\/\/api.w.org\/{rel}","templated":true}]}}