{"id":84184,"date":"2025-05-02T22:19:38","date_gmt":"2025-05-02T22:19:38","guid":{"rendered":"https:\/\/aztex.ee\/?post_type=product&#038;p=84184"},"modified":"2025-05-03T01:08:33","modified_gmt":"2025-05-03T01:08:33","slug":"tencel-spilvendrana-pelecigi-zils","status":"publish","type":"product","link":"https:\/\/aztex.ee\/lv\/pood\/spilvendranas\/tencel-spilvendrana-pelecigi-zils\/","title":{"rendered":"Tencel spilvendr\u0101na \u2013 Pel\u0113c\u012bgi zils"},"content":{"rendered":"<p><strong>Dabiski m\u012bksts<\/strong><\/p>\n<p>Tencel audums ir izgatavots no eikalipta celulozes, kas tiek apstr\u0101d\u0101ta, izmantojot videi draudz\u012bgu Lyocell procesu. Celuloze tiek iz\u0161\u0137\u012bdin\u0101ta netoksisk\u0101 \u0161\u0137\u012bdin\u0101t\u0101j\u0101, p\u0113c tam pres\u0113ta \u0161\u0137iedr\u0101s un p\u0101rstr\u0101d\u0101ta dzij\u0101, padarot audumu m\u012bkstu, elpojo\u0161u, sp\u0113c\u012bgu un ekolo\u0123iski ilgtsp\u0113j\u012bgu izv\u0113li.<\/p>\n<p><strong>\u0100dai draudz\u012bgs<\/strong><\/p>\n<p>Tencel ir ide\u0101la izv\u0113le jut\u012bgai \u0101dai, jo tas ir hipoaler\u0123isks. T\u0101 glud\u0101 virsma samazina berzes rad\u012bto kairin\u0101jumu un pal\u012bdz uztur\u0113t \u0101das dabisko mitruma l\u012bdzsvaru. Tencel spilvendr\u0101na nodro\u0161ina kvalitat\u012bvu miegu, vienlaikus r\u016bp\u0113joties par \u0101du.<\/p>\n<p><strong>Elegants izskats<\/strong><\/p>\n<p>Tencel spilvendr\u0101na lieliski sader ar visiem gultas ve\u013cas komplektiem, pie\u0161\u0137irot gu\u013camistabai vienk\u0101r\u0161u un elegantu izskatu, kas papildina jebkuru interjera dizainu. T\u0101 klasiskais un stil\u012bgais izskats ir piem\u0113rots visu veidu interjeriem &#8211; no modern\u0101m l\u012bdz tradicion\u0101laj\u0101m gu\u013camistab\u0101m. Tencel spilvendr\u0101nai ir grezns un elegants izskats, kas katru miega mirkli padara pat\u012bkam\u0101ku.<\/p>\n<p><strong>R\u016bpes<\/strong><\/p>\n<p>Viegli kopjams \u2013 ve\u013cas ma\u0161\u012bn\u0101 zem\u0101 temperat\u016br\u0101, lai saglab\u0101tu auduma \u012bpa\u0161\u012bbas. M\u0113s iesak\u0101m \u017e\u0101v\u0113t gaisu, lai nodro\u0161in\u0101tu ilgsto\u0161u iztur\u012bbu un maigumu.<\/p>\n","protected":false},"excerpt":{"rendered":"<p>Tencel spilvendr\u0101nas ir izgatavotas no eikalipta \u0161\u0137iedr\u0101m.<\/p>\n<ul>\n<li>Kr\u0101sa: Pel\u0113c\u012bgi zils<\/li>\n<li>Materi\u0101ls: 100% Tencel<\/li>\n<li>Diegu skaits audum\u0101: 60S \/ 300TC<\/li>\n<\/ul>\n<p><img loading=\"lazy\" decoding=\"async\" class=\"alignnone wp-image-63145\" src=\"https:\/\/aztex.ee\/wp-content\/uploads\/2025\/03\/tencel-certified-400x129.png\" alt=\"\" width=\"131\" height=\"42\" srcset=\"https:\/\/aztex.ee\/wp-content\/uploads\/2025\/03\/tencel-certified-400x129.png 400w, https:\/\/aztex.ee\/wp-content\/uploads\/2025\/03\/tencel-certified-430x139.png 430w, https:\/\/aztex.ee\/wp-content\/uploads\/2025\/03\/tencel-certified-150x49.png 150w, https:\/\/aztex.ee\/wp-content\/uploads\/2025\/03\/tencel-certified.png 516w\" sizes=\"auto, (max-width: 131px) 100vw, 131px\" \/><img loading=\"lazy\" decoding=\"async\" class=\"alignnone wp-image-63168\" src=\"https:\/\/aztex.ee\/wp-content\/uploads\/2025\/03\/oeko-tex-standard-100.png\" alt=\"\" width=\"130\" height=\"43\" srcset=\"https:\/\/aztex.ee\/wp-content\/uploads\/2025\/03\/oeko-tex-standard-100.png 200w, https:\/\/aztex.ee\/wp-content\/uploads\/2025\/03\/oeko-tex-standard-100-150x50.png 150w\" sizes=\"auto, (max-width: 130px) 100vw, 130px\" \/><\/p>\n","protected":false},"featured_media":84269,"comment_status":"open","ping_status":"closed","template":"","meta":[],"product_brand":[],"product_cat":[1779,6034],"product_tag":[],"class_list":{"0":"post-84184","1":"product","2":"type-product","3":"status-publish","4":"has-post-thumbnail","6":"product_cat-spilvendranas","7":"product_cat-tencel-spilvendranas","9":"first","10":"instock","11":"shipping-taxable","12":"purchasable","13":"product-type-variable"},"yoast_head":"<!-- This site is optimized with the Yoast SEO plugin v27.6 - https:\/\/yoast.com\/product\/yoast-seo-wordpress\/ -->\n<title>Tencel spilvendr\u0101na - Pel\u0113c\u012bgi zils | AZTEX<\/title>\n<meta name=\"description\" content=\"Pel\u0113c\u012bgi zils TENCEL\u2122 Lyocell kvalitat\u012bva spilvendr\u0101na ir \u0101dai draudz\u012bga un iztur\u012bga izv\u0113le, kas nodro\u0161ina pat\u012bkamu v\u0113suma saj\u016btu gu\u013cot un pie\u0161\u0137ir gu\u013camistabai elegantu izskatu.\" \/>\n<meta name=\"robots\" content=\"index, follow, max-snippet:-1, max-image-preview:large, max-video-preview:-1\" \/>\n<link rel=\"canonical\" href=\"https:\/\/aztex.ee\/lv\/pood\/spilvendranas\/tencel-spilvendrana-pelecigi-zils\/\" \/>\n<meta property=\"og:locale\" content=\"lv_LV\" \/>\n<meta property=\"og:type\" content=\"article\" \/>\n<meta property=\"og:title\" content=\"Tencel spilvendr\u0101na - Pel\u0113c\u012bgi zils | AZTEX\" \/>\n<meta property=\"og:description\" content=\"Pel\u0113c\u012bgi zils TENCEL\u2122 Lyocell kvalitat\u012bva spilvendr\u0101na ir \u0101dai draudz\u012bga un iztur\u012bga izv\u0113le, kas nodro\u0161ina pat\u012bkamu v\u0113suma saj\u016btu gu\u013cot un pie\u0161\u0137ir gu\u013camistabai elegantu izskatu.\" \/>\n<meta property=\"og:url\" content=\"https:\/\/aztex.ee\/lv\/pood\/spilvendranas\/tencel-spilvendrana-pelecigi-zils\/\" \/>\n<meta property=\"og:site_name\" content=\"AZTEX\" \/>\n<meta property=\"article:publisher\" content=\"https:\/\/www.facebook.com\/AztexEE\" \/>\n<meta property=\"article:modified_time\" content=\"2025-05-03T01:08:33+00:00\" \/>\n<meta property=\"og:image\" content=\"https:\/\/aztex.ee\/wp-content\/uploads\/2025\/05\/Tencel-padjapuur-Hallikassinine.jpg\" \/>\n\t<meta property=\"og:image:width\" content=\"800\" \/>\n\t<meta property=\"og:image:height\" content=\"800\" \/>\n\t<meta property=\"og:image:type\" content=\"image\/jpeg\" \/>\n<meta name=\"twitter:card\" content=\"summary_large_image\" \/>\n<meta name=\"twitter:label1\" content=\"Est. reading time\" \/>\n\t<meta name=\"twitter:data1\" content=\"1 minute\" \/>\n<script type=\"application\/ld+json\" class=\"yoast-schema-graph\">{\"@context\":\"https:\\\/\\\/schema.org\",\"@graph\":[{\"@type\":[\"WebPage\",\"ItemPage\"],\"@id\":\"https:\\\/\\\/aztex.ee\\\/lv\\\/pood\\\/spilvendranas\\\/tencel-spilvendrana-pelecigi-zils\\\/\",\"url\":\"https:\\\/\\\/aztex.ee\\\/lv\\\/pood\\\/spilvendranas\\\/tencel-spilvendrana-pelecigi-zils\\\/\",\"name\":\"Tencel spilvendr\u0101na - Pel\u0113c\u012bgi zils | AZTEX\",\"isPartOf\":{\"@id\":\"https:\\\/\\\/aztex.ee\\\/lv\\\/#website\"},\"primaryImageOfPage\":{\"@id\":\"https:\\\/\\\/aztex.ee\\\/lv\\\/pood\\\/spilvendranas\\\/tencel-spilvendrana-pelecigi-zils\\\/#primaryimage\"},\"image\":{\"@id\":\"https:\\\/\\\/aztex.ee\\\/lv\\\/pood\\\/spilvendranas\\\/tencel-spilvendrana-pelecigi-zils\\\/#primaryimage\"},\"thumbnailUrl\":\"https:\\\/\\\/aztex.ee\\\/wp-content\\\/uploads\\\/2025\\\/05\\\/Tencel-padjapuur-Hallikassinine.jpg\",\"datePublished\":\"2025-05-02T22:19:38+00:00\",\"dateModified\":\"2025-05-03T01:08:33+00:00\",\"description\":\"Pel\u0113c\u012bgi zils TENCEL\u2122 Lyocell kvalitat\u012bva spilvendr\u0101na ir \u0101dai draudz\u012bga un iztur\u012bga izv\u0113le, kas nodro\u0161ina pat\u012bkamu v\u0113suma saj\u016btu gu\u013cot un pie\u0161\u0137ir gu\u013camistabai elegantu izskatu.\",\"breadcrumb\":{\"@id\":\"https:\\\/\\\/aztex.ee\\\/lv\\\/pood\\\/spilvendranas\\\/tencel-spilvendrana-pelecigi-zils\\\/#breadcrumb\"},\"inLanguage\":\"lv-LV\",\"potentialAction\":[{\"@type\":\"ReadAction\",\"target\":[\"https:\\\/\\\/aztex.ee\\\/lv\\\/pood\\\/spilvendranas\\\/tencel-spilvendrana-pelecigi-zils\\\/\"]}]},{\"@type\":\"ImageObject\",\"inLanguage\":\"lv-LV\",\"@id\":\"https:\\\/\\\/aztex.ee\\\/lv\\\/pood\\\/spilvendranas\\\/tencel-spilvendrana-pelecigi-zils\\\/#primaryimage\",\"url\":\"https:\\\/\\\/aztex.ee\\\/wp-content\\\/uploads\\\/2025\\\/05\\\/Tencel-padjapuur-Hallikassinine.jpg\",\"contentUrl\":\"https:\\\/\\\/aztex.ee\\\/wp-content\\\/uploads\\\/2025\\\/05\\\/Tencel-padjapuur-Hallikassinine.jpg\",\"width\":800,\"height\":800,\"caption\":\"Tencel padjap\u00fc\u00fcr Hallikassinine\"},{\"@type\":\"BreadcrumbList\",\"@id\":\"https:\\\/\\\/aztex.ee\\\/lv\\\/pood\\\/spilvendranas\\\/tencel-spilvendrana-pelecigi-zils\\\/#breadcrumb\",\"itemListElement\":[{\"@type\":\"ListItem\",\"position\":1,\"name\":\"S\u0101kums\",\"item\":\"https:\\\/\\\/aztex.ee\\\/lv\\\/\"},{\"@type\":\"ListItem\",\"position\":2,\"name\":\"Veikals\",\"item\":\"https:\\\/\\\/aztex.ee\\\/lv\\\/veikals\\\/\"},{\"@type\":\"ListItem\",\"position\":3,\"name\":\"Tencel spilvendr\u0101na \u2013 Pel\u0113c\u012bgi zils\"}]},{\"@type\":\"WebSite\",\"@id\":\"https:\\\/\\\/aztex.ee\\\/lv\\\/#website\",\"url\":\"https:\\\/\\\/aztex.ee\\\/lv\\\/\",\"name\":\"AZTEX\",\"description\":\"\",\"publisher\":{\"@id\":\"https:\\\/\\\/aztex.ee\\\/lv\\\/#organization\"},\"potentialAction\":[{\"@type\":\"SearchAction\",\"target\":{\"@type\":\"EntryPoint\",\"urlTemplate\":\"https:\\\/\\\/aztex.ee\\\/lv\\\/?s={search_term_string}\"},\"query-input\":{\"@type\":\"PropertyValueSpecification\",\"valueRequired\":true,\"valueName\":\"search_term_string\"}}],\"inLanguage\":\"lv-LV\"},{\"@type\":\"Organization\",\"@id\":\"https:\\\/\\\/aztex.ee\\\/lv\\\/#organization\",\"name\":\"AZTEX\",\"url\":\"https:\\\/\\\/aztex.ee\\\/lv\\\/\",\"logo\":{\"@type\":\"ImageObject\",\"inLanguage\":\"lv-LV\",\"@id\":\"https:\\\/\\\/aztex.ee\\\/lv\\\/#\\\/schema\\\/logo\\\/image\\\/\",\"url\":\"https:\\\/\\\/aztex.ee\\\/wp-content\\\/uploads\\\/2026\\\/01\\\/AZTEX.png\",\"contentUrl\":\"https:\\\/\\\/aztex.ee\\\/wp-content\\\/uploads\\\/2026\\\/01\\\/AZTEX.png\",\"width\":500,\"height\":500,\"caption\":\"AZTEX\"},\"image\":{\"@id\":\"https:\\\/\\\/aztex.ee\\\/lv\\\/#\\\/schema\\\/logo\\\/image\\\/\"},\"sameAs\":[\"https:\\\/\\\/www.facebook.com\\\/AztexEE\",\"https:\\\/\\\/www.instagram.com\\\/aztexeesti\\\/\",\"https:\\\/\\\/www.youtube.com\\\/@AZTEXEE\",\"https:\\\/\\\/www.pinterest.com\\\/aztex_eesti\\\/\",\"https:\\\/\\\/www.tiktok.com\\\/@aztexeesti\",\"https:\\\/\\\/www.trustpilot.com\\\/review\\\/aztex.ee\",\"https:\\\/\\\/www.linkedin.com\\\/company\\\/aztex-ee\\\/\",\"https:\\\/\\\/www.wikidata.org\\\/wiki\\\/Q137560182\"]}]}<\/script>\n<!-- \/ Yoast SEO plugin. -->","yoast_head_json":{"title":"Tencel spilvendr\u0101na - Pel\u0113c\u012bgi zils | AZTEX","description":"Pel\u0113c\u012bgi zils TENCEL\u2122 Lyocell kvalitat\u012bva spilvendr\u0101na ir \u0101dai draudz\u012bga un iztur\u012bga izv\u0113le, kas nodro\u0161ina pat\u012bkamu v\u0113suma saj\u016btu gu\u013cot un pie\u0161\u0137ir gu\u013camistabai elegantu izskatu.","robots":{"index":"index","follow":"follow","max-snippet":"max-snippet:-1","max-image-preview":"max-image-preview:large","max-video-preview":"max-video-preview:-1"},"canonical":"https:\/\/aztex.ee\/lv\/pood\/spilvendranas\/tencel-spilvendrana-pelecigi-zils\/","og_locale":"lv_LV","og_type":"article","og_title":"Tencel spilvendr\u0101na - Pel\u0113c\u012bgi zils | AZTEX","og_description":"Pel\u0113c\u012bgi zils TENCEL\u2122 Lyocell kvalitat\u012bva spilvendr\u0101na ir \u0101dai draudz\u012bga un iztur\u012bga izv\u0113le, kas nodro\u0161ina pat\u012bkamu v\u0113suma saj\u016btu gu\u013cot un pie\u0161\u0137ir gu\u013camistabai elegantu izskatu.","og_url":"https:\/\/aztex.ee\/lv\/pood\/spilvendranas\/tencel-spilvendrana-pelecigi-zils\/","og_site_name":"AZTEX","article_publisher":"https:\/\/www.facebook.com\/AztexEE","article_modified_time":"2025-05-03T01:08:33+00:00","og_image":[{"width":800,"height":800,"url":"https:\/\/aztex.ee\/wp-content\/uploads\/2025\/05\/Tencel-padjapuur-Hallikassinine.jpg","type":"image\/jpeg"}],"twitter_card":"summary_large_image","twitter_misc":{"Est. reading time":"1 minute"},"schema":{"@context":"https:\/\/schema.org","@graph":[{"@type":["WebPage","ItemPage"],"@id":"https:\/\/aztex.ee\/lv\/pood\/spilvendranas\/tencel-spilvendrana-pelecigi-zils\/","url":"https:\/\/aztex.ee\/lv\/pood\/spilvendranas\/tencel-spilvendrana-pelecigi-zils\/","name":"Tencel spilvendr\u0101na - Pel\u0113c\u012bgi zils | AZTEX","isPartOf":{"@id":"https:\/\/aztex.ee\/lv\/#website"},"primaryImageOfPage":{"@id":"https:\/\/aztex.ee\/lv\/pood\/spilvendranas\/tencel-spilvendrana-pelecigi-zils\/#primaryimage"},"image":{"@id":"https:\/\/aztex.ee\/lv\/pood\/spilvendranas\/tencel-spilvendrana-pelecigi-zils\/#primaryimage"},"thumbnailUrl":"https:\/\/aztex.ee\/wp-content\/uploads\/2025\/05\/Tencel-padjapuur-Hallikassinine.jpg","datePublished":"2025-05-02T22:19:38+00:00","dateModified":"2025-05-03T01:08:33+00:00","description":"Pel\u0113c\u012bgi zils TENCEL\u2122 Lyocell kvalitat\u012bva spilvendr\u0101na ir \u0101dai draudz\u012bga un iztur\u012bga izv\u0113le, kas nodro\u0161ina pat\u012bkamu v\u0113suma saj\u016btu gu\u013cot un pie\u0161\u0137ir gu\u013camistabai elegantu izskatu.","breadcrumb":{"@id":"https:\/\/aztex.ee\/lv\/pood\/spilvendranas\/tencel-spilvendrana-pelecigi-zils\/#breadcrumb"},"inLanguage":"lv-LV","potentialAction":[{"@type":"ReadAction","target":["https:\/\/aztex.ee\/lv\/pood\/spilvendranas\/tencel-spilvendrana-pelecigi-zils\/"]}]},{"@type":"ImageObject","inLanguage":"lv-LV","@id":"https:\/\/aztex.ee\/lv\/pood\/spilvendranas\/tencel-spilvendrana-pelecigi-zils\/#primaryimage","url":"https:\/\/aztex.ee\/wp-content\/uploads\/2025\/05\/Tencel-padjapuur-Hallikassinine.jpg","contentUrl":"https:\/\/aztex.ee\/wp-content\/uploads\/2025\/05\/Tencel-padjapuur-Hallikassinine.jpg","width":800,"height":800,"caption":"Tencel padjap\u00fc\u00fcr Hallikassinine"},{"@type":"BreadcrumbList","@id":"https:\/\/aztex.ee\/lv\/pood\/spilvendranas\/tencel-spilvendrana-pelecigi-zils\/#breadcrumb","itemListElement":[{"@type":"ListItem","position":1,"name":"S\u0101kums","item":"https:\/\/aztex.ee\/lv\/"},{"@type":"ListItem","position":2,"name":"Veikals","item":"https:\/\/aztex.ee\/lv\/veikals\/"},{"@type":"ListItem","position":3,"name":"Tencel spilvendr\u0101na \u2013 Pel\u0113c\u012bgi zils"}]},{"@type":"WebSite","@id":"https:\/\/aztex.ee\/lv\/#website","url":"https:\/\/aztex.ee\/lv\/","name":"AZTEX","description":"","publisher":{"@id":"https:\/\/aztex.ee\/lv\/#organization"},"potentialAction":[{"@type":"SearchAction","target":{"@type":"EntryPoint","urlTemplate":"https:\/\/aztex.ee\/lv\/?s={search_term_string}"},"query-input":{"@type":"PropertyValueSpecification","valueRequired":true,"valueName":"search_term_string"}}],"inLanguage":"lv-LV"},{"@type":"Organization","@id":"https:\/\/aztex.ee\/lv\/#organization","name":"AZTEX","url":"https:\/\/aztex.ee\/lv\/","logo":{"@type":"ImageObject","inLanguage":"lv-LV","@id":"https:\/\/aztex.ee\/lv\/#\/schema\/logo\/image\/","url":"https:\/\/aztex.ee\/wp-content\/uploads\/2026\/01\/AZTEX.png","contentUrl":"https:\/\/aztex.ee\/wp-content\/uploads\/2026\/01\/AZTEX.png","width":500,"height":500,"caption":"AZTEX"},"image":{"@id":"https:\/\/aztex.ee\/lv\/#\/schema\/logo\/image\/"},"sameAs":["https:\/\/www.facebook.com\/AztexEE","https:\/\/www.instagram.com\/aztexeesti\/","https:\/\/www.youtube.com\/@AZTEXEE","https:\/\/www.pinterest.com\/aztex_eesti\/","https:\/\/www.tiktok.com\/@aztexeesti","https:\/\/www.trustpilot.com\/review\/aztex.ee","https:\/\/www.linkedin.com\/company\/aztex-ee\/","https:\/\/www.wikidata.org\/wiki\/Q137560182"]}]}},"_links":{"self":[{"href":"https:\/\/aztex.ee\/lv\/wp-json\/wp\/v2\/product\/84184","targetHints":{"allow":["GET"]}}],"collection":[{"href":"https:\/\/aztex.ee\/lv\/wp-json\/wp\/v2\/product"}],"about":[{"href":"https:\/\/aztex.ee\/lv\/wp-json\/wp\/v2\/types\/product"}],"replies":[{"embeddable":true,"href":"https:\/\/aztex.ee\/lv\/wp-json\/wp\/v2\/comments?post=84184"}],"version-history":[{"count":0,"href":"https:\/\/aztex.ee\/lv\/wp-json\/wp\/v2\/product\/84184\/revisions"}],"wp:featuredmedia":[{"embeddable":true,"href":"https:\/\/aztex.ee\/lv\/wp-json\/wp\/v2\/media\/84269"}],"wp:attachment":[{"href":"https:\/\/aztex.ee\/lv\/wp-json\/wp\/v2\/media?parent=84184"}],"wp:term":[{"taxonomy":"product_brand","embeddable":true,"href":"https:\/\/aztex.ee\/lv\/wp-json\/wp\/v2\/product_brand?post=84184"},{"taxonomy":"product_cat","embeddable":true,"href":"https:\/\/aztex.ee\/lv\/wp-json\/wp\/v2\/product_cat?post=84184"},{"taxonomy":"product_tag","embeddable":true,"href":"https:\/\/aztex.ee\/lv\/wp-json\/wp\/v2\/product_tag?post=84184"}],"curies":[{"name":"wp","href":"https:\/\/api.w.org\/{rel}","templated":true}]}}