{"id":79905,"date":"2025-04-17T10:22:08","date_gmt":"2025-04-17T10:22:08","guid":{"rendered":"https:\/\/aztex.ee\/?post_type=product&#038;p=79905"},"modified":"2025-12-27T01:30:31","modified_gmt":"2025-12-27T01:30:31","slug":"bambusa-spilvendrana-tumsi-zils","status":"publish","type":"product","link":"https:\/\/aztex.ee\/lv\/pood\/bambusa-spilvendranas\/bambusa-spilvendrana-tumsi-zils\/","title":{"rendered":"Bambusa spilvendr\u0101na \u2013 Tum\u0161i zils"},"content":{"rendered":"<p>Bambusa spilvendr\u0101na ir elpojo\u0161a un \u0101dai draudz\u012bga, nodro\u0161inot \u0113rtu un atsvaidzino\u0161u miegu. Bambusa \u0161\u0137iedru dabisk\u0101s \u012bpa\u0161\u012bbas pal\u012bdz regul\u0113t temperat\u016bru un absorb\u0113t mitrumu, saglab\u0101jot spilvendr\u0101nu sausu un t\u012bru. Turkl\u0101t tas ir antibakteri\u0101ls un hipoaler\u0123isks, padarot to ide\u0101li piem\u0113rots jut\u012bgai \u0101dai.<\/p>\n<p>Gludais un smalkais audums j\u016btas pat\u012bkami pieskaroties un ir viegli kopjams \u2013 mazg\u0101jams ve\u013cas ma\u0161\u012bn\u0101 un iztur\u012bgs. M\u012bkst\u0101 tekst\u016bra saglab\u0101 savu kvalit\u0101ti pat p\u0113c atk\u0101rtot\u0101m mazg\u0101\u0161anas reiz\u0113m, nodro\u0161inot pat\u012bkamu atp\u016btu katru vakaru.<\/p>\n<p>Bambusa spilvendr\u0101na ir lieliski piem\u0113rota jebkurai gu\u013camistabai, pied\u0101v\u0101jot gan praktiskumu, gan elegantu izskatu. T\u0101s neitr\u0101lie un dabiskie to\u0146i rada mier\u012bgu un m\u0101j\u012bgu atmosf\u0113ru, viegli pieska\u0146ojot da\u017e\u0101dus gultas ve\u013cas komplektus. Katru nakti izbaudiet maigu un svaigu saj\u016btu, padarot miegu patiesi atsvaidzino\u0161u.<\/p>\n","protected":false},"excerpt":{"rendered":"<p>Bambusa spilvendr\u0101na ir dabiska, m\u012bksta un elpojo\u0161a, nodro\u0161inot kvalitat\u012bvu miegu.<\/p>\n<ul>\n<li>Kr\u0101sa: Tum\u0161i zils<\/li>\n<li>Materi\u0101ls: 100% bambuss<\/li>\n<li>Diegu skaits audum\u0101: 300 TC<\/li>\n<\/ul>\n<p><img loading=\"lazy\" decoding=\"async\" class=\"alignnone wp-image-20226\" src=\"https:\/\/aztex.ee\/wp-content\/uploads\/2024\/09\/oekotex100.png\" alt=\"\" width=\"196\" height=\"69\" srcset=\"https:\/\/aztex.ee\/wp-content\/uploads\/2024\/09\/oekotex100.png 204w, https:\/\/aztex.ee\/wp-content\/uploads\/2024\/09\/oekotex100-150x53.png 150w\" sizes=\"auto, (max-width: 196px) 100vw, 196px\" \/><img loading=\"lazy\" decoding=\"async\" class=\"alignnone wp-image-20260\" src=\"https:\/\/aztex.ee\/wp-content\/uploads\/2024\/09\/bambuuss.png\" alt=\"\" width=\"75\" height=\"75\" srcset=\"https:\/\/aztex.ee\/wp-content\/uploads\/2024\/09\/bambuuss.png 204w, https:\/\/aztex.ee\/wp-content\/uploads\/2024\/09\/bambuuss-150x150.png 150w\" sizes=\"auto, (max-width: 75px) 100vw, 75px\" \/><\/p>\n","protected":false},"featured_media":79990,"comment_status":"open","ping_status":"closed","template":"","meta":[],"product_brand":[],"product_cat":[522,1779],"product_tag":[],"class_list":{"0":"post-79905","1":"product","2":"type-product","3":"status-publish","4":"has-post-thumbnail","6":"product_cat-bambusa-spilvendranas","7":"product_cat-spilvendranas","9":"first","10":"instock","11":"shipping-taxable","12":"purchasable","13":"product-type-variable"},"yoast_head":"<!-- This site is optimized with the Yoast SEO plugin v27.6 - https:\/\/yoast.com\/product\/yoast-seo-wordpress\/ -->\n<title>Bambusa spilvendr\u0101na - Tum\u0161i zils | AZTEX<\/title>\n<meta name=\"description\" content=\"Tum\u0161i zils kr\u0101sas dab\u012bg\u0101 bambusa spilvendr\u0101na ir m\u012bksta, elpojo\u0161a, \u0101dai draudz\u012bga un antibakteri\u0101la. T\u0101 ir ide\u0101la izv\u0113le jut\u012bgai \u0101dai un nodro\u0161ina ...\" \/>\n<meta name=\"robots\" content=\"index, follow, max-snippet:-1, max-image-preview:large, max-video-preview:-1\" \/>\n<link rel=\"canonical\" href=\"https:\/\/aztex.ee\/lv\/pood\/bambusa-spilvendranas\/bambusa-spilvendrana-tumsi-zils\/\" \/>\n<meta property=\"og:locale\" content=\"lv_LV\" \/>\n<meta property=\"og:type\" content=\"article\" \/>\n<meta property=\"og:title\" content=\"Bambusa spilvendr\u0101na - Tum\u0161i zils | AZTEX\" \/>\n<meta property=\"og:description\" content=\"Tum\u0161i zils kr\u0101sas dab\u012bg\u0101 bambusa spilvendr\u0101na ir m\u012bksta, elpojo\u0161a, \u0101dai draudz\u012bga un antibakteri\u0101la. T\u0101 ir ide\u0101la izv\u0113le jut\u012bgai \u0101dai un nodro\u0161ina ...\" \/>\n<meta property=\"og:url\" content=\"https:\/\/aztex.ee\/lv\/pood\/bambusa-spilvendranas\/bambusa-spilvendrana-tumsi-zils\/\" \/>\n<meta property=\"og:site_name\" content=\"AZTEX\" \/>\n<meta property=\"article:publisher\" content=\"https:\/\/www.facebook.com\/AztexEE\" \/>\n<meta property=\"article:modified_time\" content=\"2025-12-27T01:30:31+00:00\" \/>\n<meta property=\"og:image\" content=\"https:\/\/aztex.ee\/wp-content\/uploads\/2025\/04\/Bambusest-padjapuur-Tumesinine.jpg\" \/>\n\t<meta property=\"og:image:width\" content=\"800\" \/>\n\t<meta property=\"og:image:height\" content=\"800\" \/>\n\t<meta property=\"og:image:type\" content=\"image\/jpeg\" \/>\n<meta name=\"twitter:card\" content=\"summary_large_image\" \/>\n<meta name=\"twitter:label1\" content=\"Est. reading time\" \/>\n\t<meta name=\"twitter:data1\" content=\"1 minute\" \/>\n<script type=\"application\/ld+json\" class=\"yoast-schema-graph\">{\"@context\":\"https:\\\/\\\/schema.org\",\"@graph\":[{\"@type\":[\"WebPage\",\"ItemPage\"],\"@id\":\"https:\\\/\\\/aztex.ee\\\/lv\\\/pood\\\/bambusa-spilvendranas\\\/bambusa-spilvendrana-tumsi-zils\\\/\",\"url\":\"https:\\\/\\\/aztex.ee\\\/lv\\\/pood\\\/bambusa-spilvendranas\\\/bambusa-spilvendrana-tumsi-zils\\\/\",\"name\":\"Bambusa spilvendr\u0101na - Tum\u0161i zils | AZTEX\",\"isPartOf\":{\"@id\":\"https:\\\/\\\/aztex.ee\\\/lv\\\/#website\"},\"primaryImageOfPage\":{\"@id\":\"https:\\\/\\\/aztex.ee\\\/lv\\\/pood\\\/bambusa-spilvendranas\\\/bambusa-spilvendrana-tumsi-zils\\\/#primaryimage\"},\"image\":{\"@id\":\"https:\\\/\\\/aztex.ee\\\/lv\\\/pood\\\/bambusa-spilvendranas\\\/bambusa-spilvendrana-tumsi-zils\\\/#primaryimage\"},\"thumbnailUrl\":\"https:\\\/\\\/aztex.ee\\\/wp-content\\\/uploads\\\/2025\\\/04\\\/Bambusest-padjapuur-Tumesinine.jpg\",\"datePublished\":\"2025-04-17T10:22:08+00:00\",\"dateModified\":\"2025-12-27T01:30:31+00:00\",\"description\":\"Tum\u0161i zils kr\u0101sas dab\u012bg\u0101 bambusa spilvendr\u0101na ir m\u012bksta, elpojo\u0161a, \u0101dai draudz\u012bga un antibakteri\u0101la. T\u0101 ir ide\u0101la izv\u0113le jut\u012bgai \u0101dai un nodro\u0161ina ...\",\"breadcrumb\":{\"@id\":\"https:\\\/\\\/aztex.ee\\\/lv\\\/pood\\\/bambusa-spilvendranas\\\/bambusa-spilvendrana-tumsi-zils\\\/#breadcrumb\"},\"inLanguage\":\"lv-LV\",\"potentialAction\":[{\"@type\":\"ReadAction\",\"target\":[\"https:\\\/\\\/aztex.ee\\\/lv\\\/pood\\\/bambusa-spilvendranas\\\/bambusa-spilvendrana-tumsi-zils\\\/\"]}]},{\"@type\":\"ImageObject\",\"inLanguage\":\"lv-LV\",\"@id\":\"https:\\\/\\\/aztex.ee\\\/lv\\\/pood\\\/bambusa-spilvendranas\\\/bambusa-spilvendrana-tumsi-zils\\\/#primaryimage\",\"url\":\"https:\\\/\\\/aztex.ee\\\/wp-content\\\/uploads\\\/2025\\\/04\\\/Bambusest-padjapuur-Tumesinine.jpg\",\"contentUrl\":\"https:\\\/\\\/aztex.ee\\\/wp-content\\\/uploads\\\/2025\\\/04\\\/Bambusest-padjapuur-Tumesinine.jpg\",\"width\":800,\"height\":800,\"caption\":\"Bambusest padjap\u00fc\u00fcr Tumesinine\"},{\"@type\":\"BreadcrumbList\",\"@id\":\"https:\\\/\\\/aztex.ee\\\/lv\\\/pood\\\/bambusa-spilvendranas\\\/bambusa-spilvendrana-tumsi-zils\\\/#breadcrumb\",\"itemListElement\":[{\"@type\":\"ListItem\",\"position\":1,\"name\":\"S\u0101kums\",\"item\":\"https:\\\/\\\/aztex.ee\\\/lv\\\/\"},{\"@type\":\"ListItem\",\"position\":2,\"name\":\"Veikals\",\"item\":\"https:\\\/\\\/aztex.ee\\\/lv\\\/veikals\\\/\"},{\"@type\":\"ListItem\",\"position\":3,\"name\":\"Bambusa spilvendr\u0101na \u2013 Tum\u0161i zils\"}]},{\"@type\":\"WebSite\",\"@id\":\"https:\\\/\\\/aztex.ee\\\/lv\\\/#website\",\"url\":\"https:\\\/\\\/aztex.ee\\\/lv\\\/\",\"name\":\"AZTEX\",\"description\":\"\",\"publisher\":{\"@id\":\"https:\\\/\\\/aztex.ee\\\/lv\\\/#organization\"},\"potentialAction\":[{\"@type\":\"SearchAction\",\"target\":{\"@type\":\"EntryPoint\",\"urlTemplate\":\"https:\\\/\\\/aztex.ee\\\/lv\\\/?s={search_term_string}\"},\"query-input\":{\"@type\":\"PropertyValueSpecification\",\"valueRequired\":true,\"valueName\":\"search_term_string\"}}],\"inLanguage\":\"lv-LV\"},{\"@type\":\"Organization\",\"@id\":\"https:\\\/\\\/aztex.ee\\\/lv\\\/#organization\",\"name\":\"AZTEX\",\"url\":\"https:\\\/\\\/aztex.ee\\\/lv\\\/\",\"logo\":{\"@type\":\"ImageObject\",\"inLanguage\":\"lv-LV\",\"@id\":\"https:\\\/\\\/aztex.ee\\\/lv\\\/#\\\/schema\\\/logo\\\/image\\\/\",\"url\":\"https:\\\/\\\/aztex.ee\\\/wp-content\\\/uploads\\\/2026\\\/01\\\/AZTEX.png\",\"contentUrl\":\"https:\\\/\\\/aztex.ee\\\/wp-content\\\/uploads\\\/2026\\\/01\\\/AZTEX.png\",\"width\":500,\"height\":500,\"caption\":\"AZTEX\"},\"image\":{\"@id\":\"https:\\\/\\\/aztex.ee\\\/lv\\\/#\\\/schema\\\/logo\\\/image\\\/\"},\"sameAs\":[\"https:\\\/\\\/www.facebook.com\\\/AztexEE\",\"https:\\\/\\\/www.instagram.com\\\/aztexeesti\\\/\",\"https:\\\/\\\/www.youtube.com\\\/@AZTEXEE\",\"https:\\\/\\\/www.pinterest.com\\\/aztex_eesti\\\/\",\"https:\\\/\\\/www.tiktok.com\\\/@aztexeesti\",\"https:\\\/\\\/www.trustpilot.com\\\/review\\\/aztex.ee\",\"https:\\\/\\\/www.linkedin.com\\\/company\\\/aztex-ee\\\/\",\"https:\\\/\\\/www.wikidata.org\\\/wiki\\\/Q137560182\"]}]}<\/script>\n<!-- \/ Yoast SEO plugin. -->","yoast_head_json":{"title":"Bambusa spilvendr\u0101na - Tum\u0161i zils | AZTEX","description":"Tum\u0161i zils kr\u0101sas dab\u012bg\u0101 bambusa spilvendr\u0101na ir m\u012bksta, elpojo\u0161a, \u0101dai draudz\u012bga un antibakteri\u0101la. T\u0101 ir ide\u0101la izv\u0113le jut\u012bgai \u0101dai un nodro\u0161ina ...","robots":{"index":"index","follow":"follow","max-snippet":"max-snippet:-1","max-image-preview":"max-image-preview:large","max-video-preview":"max-video-preview:-1"},"canonical":"https:\/\/aztex.ee\/lv\/pood\/bambusa-spilvendranas\/bambusa-spilvendrana-tumsi-zils\/","og_locale":"lv_LV","og_type":"article","og_title":"Bambusa spilvendr\u0101na - Tum\u0161i zils | AZTEX","og_description":"Tum\u0161i zils kr\u0101sas dab\u012bg\u0101 bambusa spilvendr\u0101na ir m\u012bksta, elpojo\u0161a, \u0101dai draudz\u012bga un antibakteri\u0101la. T\u0101 ir ide\u0101la izv\u0113le jut\u012bgai \u0101dai un nodro\u0161ina ...","og_url":"https:\/\/aztex.ee\/lv\/pood\/bambusa-spilvendranas\/bambusa-spilvendrana-tumsi-zils\/","og_site_name":"AZTEX","article_publisher":"https:\/\/www.facebook.com\/AztexEE","article_modified_time":"2025-12-27T01:30:31+00:00","og_image":[{"width":800,"height":800,"url":"https:\/\/aztex.ee\/wp-content\/uploads\/2025\/04\/Bambusest-padjapuur-Tumesinine.jpg","type":"image\/jpeg"}],"twitter_card":"summary_large_image","twitter_misc":{"Est. reading time":"1 minute"},"schema":{"@context":"https:\/\/schema.org","@graph":[{"@type":["WebPage","ItemPage"],"@id":"https:\/\/aztex.ee\/lv\/pood\/bambusa-spilvendranas\/bambusa-spilvendrana-tumsi-zils\/","url":"https:\/\/aztex.ee\/lv\/pood\/bambusa-spilvendranas\/bambusa-spilvendrana-tumsi-zils\/","name":"Bambusa spilvendr\u0101na - Tum\u0161i zils | AZTEX","isPartOf":{"@id":"https:\/\/aztex.ee\/lv\/#website"},"primaryImageOfPage":{"@id":"https:\/\/aztex.ee\/lv\/pood\/bambusa-spilvendranas\/bambusa-spilvendrana-tumsi-zils\/#primaryimage"},"image":{"@id":"https:\/\/aztex.ee\/lv\/pood\/bambusa-spilvendranas\/bambusa-spilvendrana-tumsi-zils\/#primaryimage"},"thumbnailUrl":"https:\/\/aztex.ee\/wp-content\/uploads\/2025\/04\/Bambusest-padjapuur-Tumesinine.jpg","datePublished":"2025-04-17T10:22:08+00:00","dateModified":"2025-12-27T01:30:31+00:00","description":"Tum\u0161i zils kr\u0101sas dab\u012bg\u0101 bambusa spilvendr\u0101na ir m\u012bksta, elpojo\u0161a, \u0101dai draudz\u012bga un antibakteri\u0101la. T\u0101 ir ide\u0101la izv\u0113le jut\u012bgai \u0101dai un nodro\u0161ina ...","breadcrumb":{"@id":"https:\/\/aztex.ee\/lv\/pood\/bambusa-spilvendranas\/bambusa-spilvendrana-tumsi-zils\/#breadcrumb"},"inLanguage":"lv-LV","potentialAction":[{"@type":"ReadAction","target":["https:\/\/aztex.ee\/lv\/pood\/bambusa-spilvendranas\/bambusa-spilvendrana-tumsi-zils\/"]}]},{"@type":"ImageObject","inLanguage":"lv-LV","@id":"https:\/\/aztex.ee\/lv\/pood\/bambusa-spilvendranas\/bambusa-spilvendrana-tumsi-zils\/#primaryimage","url":"https:\/\/aztex.ee\/wp-content\/uploads\/2025\/04\/Bambusest-padjapuur-Tumesinine.jpg","contentUrl":"https:\/\/aztex.ee\/wp-content\/uploads\/2025\/04\/Bambusest-padjapuur-Tumesinine.jpg","width":800,"height":800,"caption":"Bambusest padjap\u00fc\u00fcr Tumesinine"},{"@type":"BreadcrumbList","@id":"https:\/\/aztex.ee\/lv\/pood\/bambusa-spilvendranas\/bambusa-spilvendrana-tumsi-zils\/#breadcrumb","itemListElement":[{"@type":"ListItem","position":1,"name":"S\u0101kums","item":"https:\/\/aztex.ee\/lv\/"},{"@type":"ListItem","position":2,"name":"Veikals","item":"https:\/\/aztex.ee\/lv\/veikals\/"},{"@type":"ListItem","position":3,"name":"Bambusa spilvendr\u0101na \u2013 Tum\u0161i zils"}]},{"@type":"WebSite","@id":"https:\/\/aztex.ee\/lv\/#website","url":"https:\/\/aztex.ee\/lv\/","name":"AZTEX","description":"","publisher":{"@id":"https:\/\/aztex.ee\/lv\/#organization"},"potentialAction":[{"@type":"SearchAction","target":{"@type":"EntryPoint","urlTemplate":"https:\/\/aztex.ee\/lv\/?s={search_term_string}"},"query-input":{"@type":"PropertyValueSpecification","valueRequired":true,"valueName":"search_term_string"}}],"inLanguage":"lv-LV"},{"@type":"Organization","@id":"https:\/\/aztex.ee\/lv\/#organization","name":"AZTEX","url":"https:\/\/aztex.ee\/lv\/","logo":{"@type":"ImageObject","inLanguage":"lv-LV","@id":"https:\/\/aztex.ee\/lv\/#\/schema\/logo\/image\/","url":"https:\/\/aztex.ee\/wp-content\/uploads\/2026\/01\/AZTEX.png","contentUrl":"https:\/\/aztex.ee\/wp-content\/uploads\/2026\/01\/AZTEX.png","width":500,"height":500,"caption":"AZTEX"},"image":{"@id":"https:\/\/aztex.ee\/lv\/#\/schema\/logo\/image\/"},"sameAs":["https:\/\/www.facebook.com\/AztexEE","https:\/\/www.instagram.com\/aztexeesti\/","https:\/\/www.youtube.com\/@AZTEXEE","https:\/\/www.pinterest.com\/aztex_eesti\/","https:\/\/www.tiktok.com\/@aztexeesti","https:\/\/www.trustpilot.com\/review\/aztex.ee","https:\/\/www.linkedin.com\/company\/aztex-ee\/","https:\/\/www.wikidata.org\/wiki\/Q137560182"]}]}},"_links":{"self":[{"href":"https:\/\/aztex.ee\/lv\/wp-json\/wp\/v2\/product\/79905","targetHints":{"allow":["GET"]}}],"collection":[{"href":"https:\/\/aztex.ee\/lv\/wp-json\/wp\/v2\/product"}],"about":[{"href":"https:\/\/aztex.ee\/lv\/wp-json\/wp\/v2\/types\/product"}],"replies":[{"embeddable":true,"href":"https:\/\/aztex.ee\/lv\/wp-json\/wp\/v2\/comments?post=79905"}],"version-history":[{"count":0,"href":"https:\/\/aztex.ee\/lv\/wp-json\/wp\/v2\/product\/79905\/revisions"}],"wp:featuredmedia":[{"embeddable":true,"href":"https:\/\/aztex.ee\/lv\/wp-json\/wp\/v2\/media\/79990"}],"wp:attachment":[{"href":"https:\/\/aztex.ee\/lv\/wp-json\/wp\/v2\/media?parent=79905"}],"wp:term":[{"taxonomy":"product_brand","embeddable":true,"href":"https:\/\/aztex.ee\/lv\/wp-json\/wp\/v2\/product_brand?post=79905"},{"taxonomy":"product_cat","embeddable":true,"href":"https:\/\/aztex.ee\/lv\/wp-json\/wp\/v2\/product_cat?post=79905"},{"taxonomy":"product_tag","embeddable":true,"href":"https:\/\/aztex.ee\/lv\/wp-json\/wp\/v2\/product_tag?post=79905"}],"curies":[{"name":"wp","href":"https:\/\/api.w.org\/{rel}","templated":true}]}}