{"id":74589,"date":"2025-03-29T16:14:25","date_gmt":"2025-03-29T16:14:25","guid":{"rendered":"https:\/\/aztex.ee\/?post_type=product&#038;p=74589"},"modified":"2026-04-13T10:06:28","modified_gmt":"2026-04-13T10:06:28","slug":"kokvilnas-vannas-dvielis","status":"publish","type":"product","link":"https:\/\/aztex.ee\/lv\/pood\/dvieli-un-vannas-dvieli\/kokvilnas-vannas-dvielis\/","title":{"rendered":"Vannas dvielis 70&#215;140 cm"},"content":{"rendered":"<p><strong>Kokvilnas vannas dvielis \u2013 maigums un praktiskums kop\u0101<\/strong><\/p>\n<p>Kokvilnas vannas dvielis ir izgatavots no dab\u012bgas \u0161\u0137iedras, kas ir \u0101dai draudz\u012bga un ar lielisku elpo\u0161anu. M\u012bkst\u0101 un maig\u0101 tekst\u016bra padara to piem\u0113rotu pat jut\u012bgai \u0101dai, nodro\u0161inot pat\u012bkamu saj\u016btu katr\u0101 lieto\u0161anas reiz\u0113. Pateicoties kokvilnas dabiskajai gaisa caurlaid\u012bbai, dvielis \u0101tri iz\u017e\u016bst un ilg\u0101k saglab\u0101jas svaigs.<\/p>\n<p><strong>Laba mitruma uzs\u016bk\u0161an\u0101s<\/strong><\/p>\n<p>Kvalitat\u012bvs un cie\u0161i austs vannas dvielis efekt\u012bvi uzs\u016bc mitrumu, pal\u012bdzot \u0137ermenim \u0101tri iz\u017e\u016bt p\u0113c du\u0161as, vannas vai saunas. M\u012bkst\u0101s kokvilnas \u0161\u0137iedras nodro\u0161ina lielisku uzs\u016bk\u0161anos un \u0101tru \u017e\u0101v\u0113\u0161anu, padarot to lieliski piem\u0113rotu ikdienas lieto\u0161anai, k\u0101 ar\u012b \u0146em\u0161anai l\u012bdzi ce\u013cojum\u0101 vai spa.<\/p>\n<p><strong>Iztur\u012bgs un viegli kopjams<\/strong><\/p>\n<p>Kokvilna ir iztur\u012bgs un ilgm\u016b\u017e\u012bgs materi\u0101ls, kas var iztur\u0113t bie\u017eu mazg\u0101\u0161anu un saglab\u0101 savu maigumu un kvalit\u0101ti pat p\u0113c gadiem. Vannas dvielis ir mazg\u0101jams ma\u0161\u012bn\u0101 un viegli kopjams \u2013 pareizi izmazg\u0101jot un iz\u017e\u0101v\u0113jot, tas ilgi saglab\u0101sies svaigs un p\u016bkains. Augstas kvalit\u0101tes audums saglab\u0101 savu formu un kr\u0101su, sniedzot ilgsto\u0161u baud\u012bjumu.<\/p>\n<p><strong>Klasiska izv\u0113le katrai vannas istabai<\/strong><\/p>\n<p>Kokvilnas vannas dvielis apvieno praktiskumu un m\u016b\u017e\u012bgu stilu. T\u0101 dabiskie kr\u0101su to\u0146i un klasiskais dizains viegli sader ar da\u017e\u0101diem vannas istabas interjera dizainiem, pie\u0161\u0137irot telpai m\u0101j\u012bgumu un eleganci. Ir vair\u0101ki to\u0146i, no kuriem izv\u0113l\u0113ties, t\u0101p\u0113c katrs var atrast sev piem\u0113rot\u0101ko.<\/p>\n<p>Kokvilnas vannas dvielis ir ide\u0101la izv\u0113le tiem, kas nov\u0113rt\u0113 komfortu, kvalit\u0101ti un iztur\u012bbu. T\u0101 dabiskais sast\u0101vs nodro\u0161ina maigu \u0101das kop\u0161anu, savuk\u0101rt lielisk\u0101 uzs\u016bk\u0161an\u0101s sp\u0113ja un viegla kop\u0161ana padara to par praktisku ikdienas pavadoni. Neatkar\u012bgi no t\u0101, vai d\u0101vin\u0101t vai atjaunin\u0101t savu vannas istabu \u2013 augstas kvalit\u0101tes kokvilnas vannas dvielis vienm\u0113r pied\u0101v\u0101 greznu saj\u016btu un maksim\u0101lu komfortu.<\/p>\n","protected":false},"excerpt":{"rendered":"<ul>\n<li>Materi\u0101ls: 100% kokvilna<\/li>\n<li>Izm\u0113rs: 70&#215;140 cm \u00b13<\/li>\n<li>Svars: 400g\/m2<\/li>\n<\/ul>\n","protected":false},"featured_media":74650,"comment_status":"open","ping_status":"closed","template":"","meta":[],"product_brand":[],"product_cat":[484,1595,1712],"product_tag":[],"class_list":{"0":"post-74589","1":"product","2":"type-product","3":"status-publish","4":"has-post-thumbnail","6":"product_cat-dvieli-un-vannas-dvieli","7":"product_cat-vannas-dvieli","8":"product_cat-vannas-dvieli-70x140-cm","10":"first","11":"instock","12":"shipping-taxable","13":"purchasable","14":"product-type-variable"},"yoast_head":"<!-- This site is optimized with the Yoast SEO plugin v27.3 - https:\/\/yoast.com\/product\/yoast-seo-wordpress\/ -->\n<title>100% kokvilnas vannas dvielis - M\u012bksts un kvalitat\u012bvs | AZTEX<\/title>\n<meta name=\"description\" content=\"Kokvilnas vannas dvielis ir m\u012bksts, absorb\u0113jo\u0161s, iztur\u012bgs un lieliski piem\u0113rots p\u0113c siltas du\u0161as vai relaks\u0113jo\u0161as vannas. Dab\u012bgais materi\u0101ls r\u016bp\u0113jas par\" \/>\n<meta name=\"robots\" content=\"index, follow, max-snippet:-1, max-image-preview:large, max-video-preview:-1\" \/>\n<link rel=\"canonical\" href=\"https:\/\/aztex.ee\/lv\/pood\/dvieli-un-vannas-dvieli\/kokvilnas-vannas-dvielis\/\" \/>\n<meta property=\"og:locale\" content=\"lv_LV\" \/>\n<meta property=\"og:type\" content=\"article\" \/>\n<meta property=\"og:title\" content=\"100% kokvilnas vannas dvielis - M\u012bksts un kvalitat\u012bvs | AZTEX\" \/>\n<meta property=\"og:description\" content=\"Kokvilnas vannas dvielis ir m\u012bksts, absorb\u0113jo\u0161s, iztur\u012bgs un lieliski piem\u0113rots p\u0113c siltas du\u0161as vai relaks\u0113jo\u0161as vannas. Dab\u012bgais materi\u0101ls r\u016bp\u0113jas par\" \/>\n<meta property=\"og:url\" content=\"https:\/\/aztex.ee\/lv\/pood\/dvieli-un-vannas-dvieli\/kokvilnas-vannas-dvielis\/\" \/>\n<meta property=\"og:site_name\" content=\"AZTEX\" \/>\n<meta property=\"article:publisher\" content=\"https:\/\/www.facebook.com\/AztexEE\" \/>\n<meta property=\"article:modified_time\" content=\"2026-04-13T10:06:28+00:00\" \/>\n<meta property=\"og:image\" content=\"https:\/\/aztex.ee\/wp-content\/uploads\/2025\/03\/Vanniratik-70x140-cm-2.jpg\" \/>\n\t<meta property=\"og:image:width\" content=\"800\" \/>\n\t<meta property=\"og:image:height\" content=\"800\" \/>\n\t<meta property=\"og:image:type\" content=\"image\/jpeg\" \/>\n<meta name=\"twitter:card\" content=\"summary_large_image\" \/>\n<meta name=\"twitter:label1\" content=\"Est. reading time\" \/>\n\t<meta name=\"twitter:data1\" content=\"2 minutes\" \/>\n<script type=\"application\/ld+json\" class=\"yoast-schema-graph\">{\"@context\":\"https:\\\/\\\/schema.org\",\"@graph\":[{\"@type\":[\"WebPage\",\"ItemPage\"],\"@id\":\"https:\\\/\\\/aztex.ee\\\/lv\\\/pood\\\/dvieli-un-vannas-dvieli\\\/kokvilnas-vannas-dvielis\\\/\",\"url\":\"https:\\\/\\\/aztex.ee\\\/lv\\\/pood\\\/dvieli-un-vannas-dvieli\\\/kokvilnas-vannas-dvielis\\\/\",\"name\":\"100% kokvilnas vannas dvielis - M\u012bksts un kvalitat\u012bvs | AZTEX\",\"isPartOf\":{\"@id\":\"https:\\\/\\\/aztex.ee\\\/lv\\\/#website\"},\"primaryImageOfPage\":{\"@id\":\"https:\\\/\\\/aztex.ee\\\/lv\\\/pood\\\/dvieli-un-vannas-dvieli\\\/kokvilnas-vannas-dvielis\\\/#primaryimage\"},\"image\":{\"@id\":\"https:\\\/\\\/aztex.ee\\\/lv\\\/pood\\\/dvieli-un-vannas-dvieli\\\/kokvilnas-vannas-dvielis\\\/#primaryimage\"},\"thumbnailUrl\":\"https:\\\/\\\/aztex.ee\\\/wp-content\\\/uploads\\\/2025\\\/03\\\/Vanniratik-70x140-cm-2.jpg\",\"datePublished\":\"2025-03-29T16:14:25+00:00\",\"dateModified\":\"2026-04-13T10:06:28+00:00\",\"description\":\"Kokvilnas vannas dvielis ir m\u012bksts, absorb\u0113jo\u0161s, iztur\u012bgs un lieliski piem\u0113rots p\u0113c siltas du\u0161as vai relaks\u0113jo\u0161as vannas. Dab\u012bgais materi\u0101ls r\u016bp\u0113jas par\",\"breadcrumb\":{\"@id\":\"https:\\\/\\\/aztex.ee\\\/lv\\\/pood\\\/dvieli-un-vannas-dvieli\\\/kokvilnas-vannas-dvielis\\\/#breadcrumb\"},\"inLanguage\":\"lv-LV\",\"potentialAction\":[{\"@type\":\"ReadAction\",\"target\":[\"https:\\\/\\\/aztex.ee\\\/lv\\\/pood\\\/dvieli-un-vannas-dvieli\\\/kokvilnas-vannas-dvielis\\\/\"]}]},{\"@type\":\"ImageObject\",\"inLanguage\":\"lv-LV\",\"@id\":\"https:\\\/\\\/aztex.ee\\\/lv\\\/pood\\\/dvieli-un-vannas-dvieli\\\/kokvilnas-vannas-dvielis\\\/#primaryimage\",\"url\":\"https:\\\/\\\/aztex.ee\\\/wp-content\\\/uploads\\\/2025\\\/03\\\/Vanniratik-70x140-cm-2.jpg\",\"contentUrl\":\"https:\\\/\\\/aztex.ee\\\/wp-content\\\/uploads\\\/2025\\\/03\\\/Vanniratik-70x140-cm-2.jpg\",\"width\":800,\"height\":800,\"caption\":\"Vannir\u00e4tik 70x140 cm\"},{\"@type\":\"BreadcrumbList\",\"@id\":\"https:\\\/\\\/aztex.ee\\\/lv\\\/pood\\\/dvieli-un-vannas-dvieli\\\/kokvilnas-vannas-dvielis\\\/#breadcrumb\",\"itemListElement\":[{\"@type\":\"ListItem\",\"position\":1,\"name\":\"S\u0101kums\",\"item\":\"https:\\\/\\\/aztex.ee\\\/lv\\\/\"},{\"@type\":\"ListItem\",\"position\":2,\"name\":\"Veikals\",\"item\":\"https:\\\/\\\/aztex.ee\\\/lv\\\/veikals\\\/\"},{\"@type\":\"ListItem\",\"position\":3,\"name\":\"Vannas dvielis 70&#215;140 cm\"}]},{\"@type\":\"WebSite\",\"@id\":\"https:\\\/\\\/aztex.ee\\\/lv\\\/#website\",\"url\":\"https:\\\/\\\/aztex.ee\\\/lv\\\/\",\"name\":\"AZTEX\",\"description\":\"\",\"publisher\":{\"@id\":\"https:\\\/\\\/aztex.ee\\\/lv\\\/#organization\"},\"potentialAction\":[{\"@type\":\"SearchAction\",\"target\":{\"@type\":\"EntryPoint\",\"urlTemplate\":\"https:\\\/\\\/aztex.ee\\\/lv\\\/?s={search_term_string}\"},\"query-input\":{\"@type\":\"PropertyValueSpecification\",\"valueRequired\":true,\"valueName\":\"search_term_string\"}}],\"inLanguage\":\"lv-LV\"},{\"@type\":\"Organization\",\"@id\":\"https:\\\/\\\/aztex.ee\\\/lv\\\/#organization\",\"name\":\"AZTEX\",\"url\":\"https:\\\/\\\/aztex.ee\\\/lv\\\/\",\"logo\":{\"@type\":\"ImageObject\",\"inLanguage\":\"lv-LV\",\"@id\":\"https:\\\/\\\/aztex.ee\\\/lv\\\/#\\\/schema\\\/logo\\\/image\\\/\",\"url\":\"https:\\\/\\\/aztex.ee\\\/wp-content\\\/uploads\\\/2026\\\/01\\\/AZTEX.png\",\"contentUrl\":\"https:\\\/\\\/aztex.ee\\\/wp-content\\\/uploads\\\/2026\\\/01\\\/AZTEX.png\",\"width\":500,\"height\":500,\"caption\":\"AZTEX\"},\"image\":{\"@id\":\"https:\\\/\\\/aztex.ee\\\/lv\\\/#\\\/schema\\\/logo\\\/image\\\/\"},\"sameAs\":[\"https:\\\/\\\/www.facebook.com\\\/AztexEE\",\"https:\\\/\\\/www.instagram.com\\\/aztexeesti\\\/\",\"https:\\\/\\\/www.youtube.com\\\/@AZTEXEE\",\"https:\\\/\\\/www.pinterest.com\\\/aztex_eesti\\\/\",\"https:\\\/\\\/www.tiktok.com\\\/@aztexeesti\",\"https:\\\/\\\/www.trustpilot.com\\\/review\\\/aztex.ee\",\"https:\\\/\\\/www.linkedin.com\\\/company\\\/aztex-ee\\\/\",\"https:\\\/\\\/www.wikidata.org\\\/wiki\\\/Q137560182\"]}]}<\/script>\n<!-- \/ Yoast SEO plugin. -->","yoast_head_json":{"title":"100% kokvilnas vannas dvielis - M\u012bksts un kvalitat\u012bvs | AZTEX","description":"Kokvilnas vannas dvielis ir m\u012bksts, absorb\u0113jo\u0161s, iztur\u012bgs un lieliski piem\u0113rots p\u0113c siltas du\u0161as vai relaks\u0113jo\u0161as vannas. Dab\u012bgais materi\u0101ls r\u016bp\u0113jas par","robots":{"index":"index","follow":"follow","max-snippet":"max-snippet:-1","max-image-preview":"max-image-preview:large","max-video-preview":"max-video-preview:-1"},"canonical":"https:\/\/aztex.ee\/lv\/pood\/dvieli-un-vannas-dvieli\/kokvilnas-vannas-dvielis\/","og_locale":"lv_LV","og_type":"article","og_title":"100% kokvilnas vannas dvielis - M\u012bksts un kvalitat\u012bvs | AZTEX","og_description":"Kokvilnas vannas dvielis ir m\u012bksts, absorb\u0113jo\u0161s, iztur\u012bgs un lieliski piem\u0113rots p\u0113c siltas du\u0161as vai relaks\u0113jo\u0161as vannas. Dab\u012bgais materi\u0101ls r\u016bp\u0113jas par","og_url":"https:\/\/aztex.ee\/lv\/pood\/dvieli-un-vannas-dvieli\/kokvilnas-vannas-dvielis\/","og_site_name":"AZTEX","article_publisher":"https:\/\/www.facebook.com\/AztexEE","article_modified_time":"2026-04-13T10:06:28+00:00","og_image":[{"width":800,"height":800,"url":"https:\/\/aztex.ee\/wp-content\/uploads\/2025\/03\/Vanniratik-70x140-cm-2.jpg","type":"image\/jpeg"}],"twitter_card":"summary_large_image","twitter_misc":{"Est. reading time":"2 minutes"},"schema":{"@context":"https:\/\/schema.org","@graph":[{"@type":["WebPage","ItemPage"],"@id":"https:\/\/aztex.ee\/lv\/pood\/dvieli-un-vannas-dvieli\/kokvilnas-vannas-dvielis\/","url":"https:\/\/aztex.ee\/lv\/pood\/dvieli-un-vannas-dvieli\/kokvilnas-vannas-dvielis\/","name":"100% kokvilnas vannas dvielis - M\u012bksts un kvalitat\u012bvs | AZTEX","isPartOf":{"@id":"https:\/\/aztex.ee\/lv\/#website"},"primaryImageOfPage":{"@id":"https:\/\/aztex.ee\/lv\/pood\/dvieli-un-vannas-dvieli\/kokvilnas-vannas-dvielis\/#primaryimage"},"image":{"@id":"https:\/\/aztex.ee\/lv\/pood\/dvieli-un-vannas-dvieli\/kokvilnas-vannas-dvielis\/#primaryimage"},"thumbnailUrl":"https:\/\/aztex.ee\/wp-content\/uploads\/2025\/03\/Vanniratik-70x140-cm-2.jpg","datePublished":"2025-03-29T16:14:25+00:00","dateModified":"2026-04-13T10:06:28+00:00","description":"Kokvilnas vannas dvielis ir m\u012bksts, absorb\u0113jo\u0161s, iztur\u012bgs un lieliski piem\u0113rots p\u0113c siltas du\u0161as vai relaks\u0113jo\u0161as vannas. Dab\u012bgais materi\u0101ls r\u016bp\u0113jas par","breadcrumb":{"@id":"https:\/\/aztex.ee\/lv\/pood\/dvieli-un-vannas-dvieli\/kokvilnas-vannas-dvielis\/#breadcrumb"},"inLanguage":"lv-LV","potentialAction":[{"@type":"ReadAction","target":["https:\/\/aztex.ee\/lv\/pood\/dvieli-un-vannas-dvieli\/kokvilnas-vannas-dvielis\/"]}]},{"@type":"ImageObject","inLanguage":"lv-LV","@id":"https:\/\/aztex.ee\/lv\/pood\/dvieli-un-vannas-dvieli\/kokvilnas-vannas-dvielis\/#primaryimage","url":"https:\/\/aztex.ee\/wp-content\/uploads\/2025\/03\/Vanniratik-70x140-cm-2.jpg","contentUrl":"https:\/\/aztex.ee\/wp-content\/uploads\/2025\/03\/Vanniratik-70x140-cm-2.jpg","width":800,"height":800,"caption":"Vannir\u00e4tik 70x140 cm"},{"@type":"BreadcrumbList","@id":"https:\/\/aztex.ee\/lv\/pood\/dvieli-un-vannas-dvieli\/kokvilnas-vannas-dvielis\/#breadcrumb","itemListElement":[{"@type":"ListItem","position":1,"name":"S\u0101kums","item":"https:\/\/aztex.ee\/lv\/"},{"@type":"ListItem","position":2,"name":"Veikals","item":"https:\/\/aztex.ee\/lv\/veikals\/"},{"@type":"ListItem","position":3,"name":"Vannas dvielis 70&#215;140 cm"}]},{"@type":"WebSite","@id":"https:\/\/aztex.ee\/lv\/#website","url":"https:\/\/aztex.ee\/lv\/","name":"AZTEX","description":"","publisher":{"@id":"https:\/\/aztex.ee\/lv\/#organization"},"potentialAction":[{"@type":"SearchAction","target":{"@type":"EntryPoint","urlTemplate":"https:\/\/aztex.ee\/lv\/?s={search_term_string}"},"query-input":{"@type":"PropertyValueSpecification","valueRequired":true,"valueName":"search_term_string"}}],"inLanguage":"lv-LV"},{"@type":"Organization","@id":"https:\/\/aztex.ee\/lv\/#organization","name":"AZTEX","url":"https:\/\/aztex.ee\/lv\/","logo":{"@type":"ImageObject","inLanguage":"lv-LV","@id":"https:\/\/aztex.ee\/lv\/#\/schema\/logo\/image\/","url":"https:\/\/aztex.ee\/wp-content\/uploads\/2026\/01\/AZTEX.png","contentUrl":"https:\/\/aztex.ee\/wp-content\/uploads\/2026\/01\/AZTEX.png","width":500,"height":500,"caption":"AZTEX"},"image":{"@id":"https:\/\/aztex.ee\/lv\/#\/schema\/logo\/image\/"},"sameAs":["https:\/\/www.facebook.com\/AztexEE","https:\/\/www.instagram.com\/aztexeesti\/","https:\/\/www.youtube.com\/@AZTEXEE","https:\/\/www.pinterest.com\/aztex_eesti\/","https:\/\/www.tiktok.com\/@aztexeesti","https:\/\/www.trustpilot.com\/review\/aztex.ee","https:\/\/www.linkedin.com\/company\/aztex-ee\/","https:\/\/www.wikidata.org\/wiki\/Q137560182"]}]}},"_links":{"self":[{"href":"https:\/\/aztex.ee\/lv\/wp-json\/wp\/v2\/product\/74589","targetHints":{"allow":["GET"]}}],"collection":[{"href":"https:\/\/aztex.ee\/lv\/wp-json\/wp\/v2\/product"}],"about":[{"href":"https:\/\/aztex.ee\/lv\/wp-json\/wp\/v2\/types\/product"}],"replies":[{"embeddable":true,"href":"https:\/\/aztex.ee\/lv\/wp-json\/wp\/v2\/comments?post=74589"}],"version-history":[{"count":0,"href":"https:\/\/aztex.ee\/lv\/wp-json\/wp\/v2\/product\/74589\/revisions"}],"wp:featuredmedia":[{"embeddable":true,"href":"https:\/\/aztex.ee\/lv\/wp-json\/wp\/v2\/media\/74650"}],"wp:attachment":[{"href":"https:\/\/aztex.ee\/lv\/wp-json\/wp\/v2\/media?parent=74589"}],"wp:term":[{"taxonomy":"product_brand","embeddable":true,"href":"https:\/\/aztex.ee\/lv\/wp-json\/wp\/v2\/product_brand?post=74589"},{"taxonomy":"product_cat","embeddable":true,"href":"https:\/\/aztex.ee\/lv\/wp-json\/wp\/v2\/product_cat?post=74589"},{"taxonomy":"product_tag","embeddable":true,"href":"https:\/\/aztex.ee\/lv\/wp-json\/wp\/v2\/product_tag?post=74589"}],"curies":[{"name":"wp","href":"https:\/\/api.w.org\/{rel}","templated":true}]}}