{"id":73715,"date":"2025-03-28T22:57:25","date_gmt":"2025-03-28T22:57:25","guid":{"rendered":"https:\/\/aztex.ee\/?post_type=product&#038;p=73715"},"modified":"2026-04-12T18:52:30","modified_gmt":"2026-04-12T18:52:30","slug":"vannas-dvielis","status":"publish","type":"product","link":"https:\/\/aztex.ee\/lv\/pood\/dvieli-un-vannas-dvieli\/vannas-dvielis\/","title":{"rendered":"Vannas dvielis 70&#215;140 cm"},"content":{"rendered":"<p><strong>Kokvilnas vannas dvielis &#8211; m\u012bksts un \u0101dai draudz\u012bgs materi\u0101ls<\/strong><\/p>\n<p>Kokvilnas vannas dvielis ir izgatavots no 100% augstas kvalit\u0101tes kokvilnas, nodro\u0161inot izcilu maigumu un komfortu. Katra lieto\u0161anas reize rada maigu piesk\u0101rienu \u0101dai, padarot katru mazg\u0101\u0161anas reizi pat\u012bkamu pieredzi. Kokvilna ir \u0101dai draudz\u012bga un piem\u0113rota ar\u012b jut\u012bgai \u0101dai, nodro\u0161inot efekt\u012bvu aizsardz\u012bbu pret kairin\u0101jumu.<\/p>\n<p><strong>Lieliska uzs\u016bk\u0161an\u0101s sp\u0113ja un \u0101tra \u017e\u016b\u0161ana<\/strong><\/p>\n<p>Vannas dvie\u013ca bl\u012bvais pinums nodro\u0161ina lielisku uzs\u016bk\u0161anas sp\u0113ju, kas pal\u012bdz \u0101tri uzs\u016bkt mitrumu un nosusin\u0101t \u0137ermeni. Tas ir \u012bpa\u0161i svar\u012bgi, lai justos svaigs un \u0101tri iz\u017e\u016btu. Turkl\u0101t vannas dvielis \u0101tri iz\u017e\u016bst, \u012bs\u0101 laik\u0101 ir gatavs n\u0101kamajai lieto\u0161anai, nezaud\u0113jot savu maigumu.<\/p>\n<p><strong>Ilgm\u016b\u017e\u012bgs un iztur\u012bgs<\/strong><\/p>\n<p>Pateicoties augstas kvalit\u0101tes kokvilnai, \u0161is vannas dvielis ir \u012bpa\u0161i iztur\u012bgs, saglab\u0101jot savu izskatu un \u012bpa\u0161\u012bbas ar\u012b p\u0113c vair\u0101k\u0101m mazg\u0101\u0161anas reiz\u0113m. Vannas dvielis nezaud\u0113 savu maigumu vai uzs\u016bk\u0161anas sp\u0113ju pat bie\u017ei lietojot un mazg\u0101jot. Tas ir lielisks ieguld\u012bjums, kas pied\u0101v\u0101 ilgsto\u0161u komfortu un iztur\u012bbu.<\/p>\n<p><strong>Daudzpus\u012bga lieto\u0161ana<\/strong><\/p>\n<p>Kokvilnas vannas dvielis ir lieliski piem\u0113rots jebkurai m\u0101jas vannas istabai, ta\u010du t\u0101 ir ar\u012b lieliska izv\u0113le spa, saunai vai pludmalei. Neatkar\u012bgi no t\u0101, vai t\u0101 ir r\u012bta du\u0161a, vakara vanna vai br\u012bvas dienas baud\u012b\u0161ana \u2013 \u0161is vannas dvielis ik mirkli ienes\u012bs papildus maigumu un siltumu.<\/p>\n<p><strong>Viegla kop\u0161ana<\/strong><\/p>\n<p>Vannas dvieli ir viegli kopt \u2013 tas ir mazg\u0101jams ve\u013cas ma\u0161\u012bn\u0101 un \u0101tri \u017e\u016bst, saglab\u0101jot t\u0101 kvalit\u0101ti un svaigumu katr\u0101 lieto\u0161anas reiz\u0113. Kokvilnas dabisk\u0101 \u012bpa\u0161\u012bba padara to iztur\u012bgu pret mazg\u0101\u0161anu, t\u0101p\u0113c vannas dvielis vienm\u0113r ir gatavs n\u0101kamajai lieto\u0161anai. Nav j\u0101uztraucas par kr\u0101su izbal\u0113\u0161anu, jo t\u0101 ir veidota t\u0101, lai t\u0101 notur\u0113tos un sniegtu ilglaic\u012bgu baud\u012bjumu.<\/p>\n<p>Kokvilnas vannas dvielis ir ide\u0101ls papildin\u0101jums jebkurai vannas istabai. T\u0101 elegantais dizains un augstas kvalit\u0101tes materi\u0101ls padar\u012bs ikdienu \u012bpa\u0161u, nodro\u0161inot siltumu un maigumu katr\u0101 lieto\u0161anas reiz\u0113. Vannas dvie\u013ca iztur\u012bba un viegl\u0101 kop\u0161ana nodro\u0161ina ilgsto\u0161u baud\u012bjumu, vienm\u0113r gatavs sniegt komfortu katrai dienai.<\/p>\n","protected":false},"excerpt":{"rendered":"<ul>\n<li>Materi\u0101ls: 100% kokvilna<\/li>\n<li>Izm\u0113rs: 70&#215;140 cm \u00b13<\/li>\n<li>Svars: 450g\/m2<\/li>\n<\/ul>\n","protected":false},"featured_media":73776,"comment_status":"open","ping_status":"closed","template":"","meta":[],"product_brand":[],"product_cat":[484,1595,1712],"product_tag":[],"class_list":{"0":"post-73715","1":"product","2":"type-product","3":"status-publish","4":"has-post-thumbnail","6":"product_cat-dvieli-un-vannas-dvieli","7":"product_cat-vannas-dvieli","8":"product_cat-vannas-dvieli-70x140-cm","10":"first","11":"instock","12":"shipping-taxable","13":"purchasable","14":"product-type-variable"},"yoast_head":"<!-- This site is optimized with the Yoast SEO plugin v27.4 - https:\/\/yoast.com\/product\/yoast-seo-wordpress\/ -->\n<title>Kokvilnas vannas dvielis - Dab\u012bgs un M\u012bksts | AZTEX<\/title>\n<meta name=\"description\" content=\"Grezns, m\u012bksts un \u013coti absorb\u0113jo\u0161s kokvilnas vannas dvielis \u0101tri iz\u017e\u016bst. Ilgsto\u0161i un maigs piesk\u0101rienam, lieliski piem\u0113rots ikdienas lieto\u0161anai.\" \/>\n<meta name=\"robots\" content=\"index, follow, max-snippet:-1, max-image-preview:large, max-video-preview:-1\" \/>\n<link rel=\"canonical\" href=\"https:\/\/aztex.ee\/lv\/pood\/dvieli-un-vannas-dvieli\/vannas-dvielis\/\" \/>\n<meta property=\"og:locale\" content=\"lv_LV\" \/>\n<meta property=\"og:type\" content=\"article\" \/>\n<meta property=\"og:title\" content=\"Kokvilnas vannas dvielis - Dab\u012bgs un M\u012bksts | AZTEX\" \/>\n<meta property=\"og:description\" content=\"Grezns, m\u012bksts un \u013coti absorb\u0113jo\u0161s kokvilnas vannas dvielis \u0101tri iz\u017e\u016bst. Ilgsto\u0161i un maigs piesk\u0101rienam, lieliski piem\u0113rots ikdienas lieto\u0161anai.\" \/>\n<meta property=\"og:url\" content=\"https:\/\/aztex.ee\/lv\/pood\/dvieli-un-vannas-dvieli\/vannas-dvielis\/\" \/>\n<meta property=\"og:site_name\" content=\"AZTEX\" \/>\n<meta property=\"article:publisher\" content=\"https:\/\/www.facebook.com\/AztexEE\" \/>\n<meta property=\"article:modified_time\" content=\"2026-04-12T18:52:30+00:00\" \/>\n<meta property=\"og:image\" content=\"https:\/\/aztex.ee\/wp-content\/uploads\/2025\/03\/Vanniratik-70x140-2.jpg\" \/>\n\t<meta property=\"og:image:width\" content=\"800\" \/>\n\t<meta property=\"og:image:height\" content=\"800\" \/>\n\t<meta property=\"og:image:type\" content=\"image\/jpeg\" \/>\n<meta name=\"twitter:card\" content=\"summary_large_image\" \/>\n<meta name=\"twitter:label1\" content=\"Est. reading time\" \/>\n\t<meta name=\"twitter:data1\" content=\"2 minutes\" \/>\n<script type=\"application\/ld+json\" class=\"yoast-schema-graph\">{\"@context\":\"https:\\\/\\\/schema.org\",\"@graph\":[{\"@type\":[\"WebPage\",\"ItemPage\"],\"@id\":\"https:\\\/\\\/aztex.ee\\\/lv\\\/pood\\\/dvieli-un-vannas-dvieli\\\/vannas-dvielis\\\/\",\"url\":\"https:\\\/\\\/aztex.ee\\\/lv\\\/pood\\\/dvieli-un-vannas-dvieli\\\/vannas-dvielis\\\/\",\"name\":\"Kokvilnas vannas dvielis - Dab\u012bgs un M\u012bksts | AZTEX\",\"isPartOf\":{\"@id\":\"https:\\\/\\\/aztex.ee\\\/lv\\\/#website\"},\"primaryImageOfPage\":{\"@id\":\"https:\\\/\\\/aztex.ee\\\/lv\\\/pood\\\/dvieli-un-vannas-dvieli\\\/vannas-dvielis\\\/#primaryimage\"},\"image\":{\"@id\":\"https:\\\/\\\/aztex.ee\\\/lv\\\/pood\\\/dvieli-un-vannas-dvieli\\\/vannas-dvielis\\\/#primaryimage\"},\"thumbnailUrl\":\"https:\\\/\\\/aztex.ee\\\/wp-content\\\/uploads\\\/2025\\\/03\\\/Vanniratik-70x140-2.jpg\",\"datePublished\":\"2025-03-28T22:57:25+00:00\",\"dateModified\":\"2026-04-12T18:52:30+00:00\",\"description\":\"Grezns, m\u012bksts un \u013coti absorb\u0113jo\u0161s kokvilnas vannas dvielis \u0101tri iz\u017e\u016bst. Ilgsto\u0161i un maigs piesk\u0101rienam, lieliski piem\u0113rots ikdienas lieto\u0161anai.\",\"breadcrumb\":{\"@id\":\"https:\\\/\\\/aztex.ee\\\/lv\\\/pood\\\/dvieli-un-vannas-dvieli\\\/vannas-dvielis\\\/#breadcrumb\"},\"inLanguage\":\"lv-LV\",\"potentialAction\":[{\"@type\":\"ReadAction\",\"target\":[\"https:\\\/\\\/aztex.ee\\\/lv\\\/pood\\\/dvieli-un-vannas-dvieli\\\/vannas-dvielis\\\/\"]}]},{\"@type\":\"ImageObject\",\"inLanguage\":\"lv-LV\",\"@id\":\"https:\\\/\\\/aztex.ee\\\/lv\\\/pood\\\/dvieli-un-vannas-dvieli\\\/vannas-dvielis\\\/#primaryimage\",\"url\":\"https:\\\/\\\/aztex.ee\\\/wp-content\\\/uploads\\\/2025\\\/03\\\/Vanniratik-70x140-2.jpg\",\"contentUrl\":\"https:\\\/\\\/aztex.ee\\\/wp-content\\\/uploads\\\/2025\\\/03\\\/Vanniratik-70x140-2.jpg\",\"width\":800,\"height\":800,\"caption\":\"Vannir\u00e4tik 70x140\"},{\"@type\":\"BreadcrumbList\",\"@id\":\"https:\\\/\\\/aztex.ee\\\/lv\\\/pood\\\/dvieli-un-vannas-dvieli\\\/vannas-dvielis\\\/#breadcrumb\",\"itemListElement\":[{\"@type\":\"ListItem\",\"position\":1,\"name\":\"S\u0101kums\",\"item\":\"https:\\\/\\\/aztex.ee\\\/lv\\\/\"},{\"@type\":\"ListItem\",\"position\":2,\"name\":\"Veikals\",\"item\":\"https:\\\/\\\/aztex.ee\\\/lv\\\/veikals\\\/\"},{\"@type\":\"ListItem\",\"position\":3,\"name\":\"Vannas dvielis 70&#215;140 cm\"}]},{\"@type\":\"WebSite\",\"@id\":\"https:\\\/\\\/aztex.ee\\\/lv\\\/#website\",\"url\":\"https:\\\/\\\/aztex.ee\\\/lv\\\/\",\"name\":\"AZTEX\",\"description\":\"\",\"publisher\":{\"@id\":\"https:\\\/\\\/aztex.ee\\\/lv\\\/#organization\"},\"potentialAction\":[{\"@type\":\"SearchAction\",\"target\":{\"@type\":\"EntryPoint\",\"urlTemplate\":\"https:\\\/\\\/aztex.ee\\\/lv\\\/?s={search_term_string}\"},\"query-input\":{\"@type\":\"PropertyValueSpecification\",\"valueRequired\":true,\"valueName\":\"search_term_string\"}}],\"inLanguage\":\"lv-LV\"},{\"@type\":\"Organization\",\"@id\":\"https:\\\/\\\/aztex.ee\\\/lv\\\/#organization\",\"name\":\"AZTEX\",\"url\":\"https:\\\/\\\/aztex.ee\\\/lv\\\/\",\"logo\":{\"@type\":\"ImageObject\",\"inLanguage\":\"lv-LV\",\"@id\":\"https:\\\/\\\/aztex.ee\\\/lv\\\/#\\\/schema\\\/logo\\\/image\\\/\",\"url\":\"https:\\\/\\\/aztex.ee\\\/wp-content\\\/uploads\\\/2026\\\/01\\\/AZTEX.png\",\"contentUrl\":\"https:\\\/\\\/aztex.ee\\\/wp-content\\\/uploads\\\/2026\\\/01\\\/AZTEX.png\",\"width\":500,\"height\":500,\"caption\":\"AZTEX\"},\"image\":{\"@id\":\"https:\\\/\\\/aztex.ee\\\/lv\\\/#\\\/schema\\\/logo\\\/image\\\/\"},\"sameAs\":[\"https:\\\/\\\/www.facebook.com\\\/AztexEE\",\"https:\\\/\\\/www.instagram.com\\\/aztexeesti\\\/\",\"https:\\\/\\\/www.youtube.com\\\/@AZTEXEE\",\"https:\\\/\\\/www.pinterest.com\\\/aztex_eesti\\\/\",\"https:\\\/\\\/www.tiktok.com\\\/@aztexeesti\",\"https:\\\/\\\/www.trustpilot.com\\\/review\\\/aztex.ee\",\"https:\\\/\\\/www.linkedin.com\\\/company\\\/aztex-ee\\\/\",\"https:\\\/\\\/www.wikidata.org\\\/wiki\\\/Q137560182\"]}]}<\/script>\n<!-- \/ Yoast SEO plugin. -->","yoast_head_json":{"title":"Kokvilnas vannas dvielis - Dab\u012bgs un M\u012bksts | AZTEX","description":"Grezns, m\u012bksts un \u013coti absorb\u0113jo\u0161s kokvilnas vannas dvielis \u0101tri iz\u017e\u016bst. Ilgsto\u0161i un maigs piesk\u0101rienam, lieliski piem\u0113rots ikdienas lieto\u0161anai.","robots":{"index":"index","follow":"follow","max-snippet":"max-snippet:-1","max-image-preview":"max-image-preview:large","max-video-preview":"max-video-preview:-1"},"canonical":"https:\/\/aztex.ee\/lv\/pood\/dvieli-un-vannas-dvieli\/vannas-dvielis\/","og_locale":"lv_LV","og_type":"article","og_title":"Kokvilnas vannas dvielis - Dab\u012bgs un M\u012bksts | AZTEX","og_description":"Grezns, m\u012bksts un \u013coti absorb\u0113jo\u0161s kokvilnas vannas dvielis \u0101tri iz\u017e\u016bst. Ilgsto\u0161i un maigs piesk\u0101rienam, lieliski piem\u0113rots ikdienas lieto\u0161anai.","og_url":"https:\/\/aztex.ee\/lv\/pood\/dvieli-un-vannas-dvieli\/vannas-dvielis\/","og_site_name":"AZTEX","article_publisher":"https:\/\/www.facebook.com\/AztexEE","article_modified_time":"2026-04-12T18:52:30+00:00","og_image":[{"width":800,"height":800,"url":"https:\/\/aztex.ee\/wp-content\/uploads\/2025\/03\/Vanniratik-70x140-2.jpg","type":"image\/jpeg"}],"twitter_card":"summary_large_image","twitter_misc":{"Est. reading time":"2 minutes"},"schema":{"@context":"https:\/\/schema.org","@graph":[{"@type":["WebPage","ItemPage"],"@id":"https:\/\/aztex.ee\/lv\/pood\/dvieli-un-vannas-dvieli\/vannas-dvielis\/","url":"https:\/\/aztex.ee\/lv\/pood\/dvieli-un-vannas-dvieli\/vannas-dvielis\/","name":"Kokvilnas vannas dvielis - Dab\u012bgs un M\u012bksts | AZTEX","isPartOf":{"@id":"https:\/\/aztex.ee\/lv\/#website"},"primaryImageOfPage":{"@id":"https:\/\/aztex.ee\/lv\/pood\/dvieli-un-vannas-dvieli\/vannas-dvielis\/#primaryimage"},"image":{"@id":"https:\/\/aztex.ee\/lv\/pood\/dvieli-un-vannas-dvieli\/vannas-dvielis\/#primaryimage"},"thumbnailUrl":"https:\/\/aztex.ee\/wp-content\/uploads\/2025\/03\/Vanniratik-70x140-2.jpg","datePublished":"2025-03-28T22:57:25+00:00","dateModified":"2026-04-12T18:52:30+00:00","description":"Grezns, m\u012bksts un \u013coti absorb\u0113jo\u0161s kokvilnas vannas dvielis \u0101tri iz\u017e\u016bst. Ilgsto\u0161i un maigs piesk\u0101rienam, lieliski piem\u0113rots ikdienas lieto\u0161anai.","breadcrumb":{"@id":"https:\/\/aztex.ee\/lv\/pood\/dvieli-un-vannas-dvieli\/vannas-dvielis\/#breadcrumb"},"inLanguage":"lv-LV","potentialAction":[{"@type":"ReadAction","target":["https:\/\/aztex.ee\/lv\/pood\/dvieli-un-vannas-dvieli\/vannas-dvielis\/"]}]},{"@type":"ImageObject","inLanguage":"lv-LV","@id":"https:\/\/aztex.ee\/lv\/pood\/dvieli-un-vannas-dvieli\/vannas-dvielis\/#primaryimage","url":"https:\/\/aztex.ee\/wp-content\/uploads\/2025\/03\/Vanniratik-70x140-2.jpg","contentUrl":"https:\/\/aztex.ee\/wp-content\/uploads\/2025\/03\/Vanniratik-70x140-2.jpg","width":800,"height":800,"caption":"Vannir\u00e4tik 70x140"},{"@type":"BreadcrumbList","@id":"https:\/\/aztex.ee\/lv\/pood\/dvieli-un-vannas-dvieli\/vannas-dvielis\/#breadcrumb","itemListElement":[{"@type":"ListItem","position":1,"name":"S\u0101kums","item":"https:\/\/aztex.ee\/lv\/"},{"@type":"ListItem","position":2,"name":"Veikals","item":"https:\/\/aztex.ee\/lv\/veikals\/"},{"@type":"ListItem","position":3,"name":"Vannas dvielis 70&#215;140 cm"}]},{"@type":"WebSite","@id":"https:\/\/aztex.ee\/lv\/#website","url":"https:\/\/aztex.ee\/lv\/","name":"AZTEX","description":"","publisher":{"@id":"https:\/\/aztex.ee\/lv\/#organization"},"potentialAction":[{"@type":"SearchAction","target":{"@type":"EntryPoint","urlTemplate":"https:\/\/aztex.ee\/lv\/?s={search_term_string}"},"query-input":{"@type":"PropertyValueSpecification","valueRequired":true,"valueName":"search_term_string"}}],"inLanguage":"lv-LV"},{"@type":"Organization","@id":"https:\/\/aztex.ee\/lv\/#organization","name":"AZTEX","url":"https:\/\/aztex.ee\/lv\/","logo":{"@type":"ImageObject","inLanguage":"lv-LV","@id":"https:\/\/aztex.ee\/lv\/#\/schema\/logo\/image\/","url":"https:\/\/aztex.ee\/wp-content\/uploads\/2026\/01\/AZTEX.png","contentUrl":"https:\/\/aztex.ee\/wp-content\/uploads\/2026\/01\/AZTEX.png","width":500,"height":500,"caption":"AZTEX"},"image":{"@id":"https:\/\/aztex.ee\/lv\/#\/schema\/logo\/image\/"},"sameAs":["https:\/\/www.facebook.com\/AztexEE","https:\/\/www.instagram.com\/aztexeesti\/","https:\/\/www.youtube.com\/@AZTEXEE","https:\/\/www.pinterest.com\/aztex_eesti\/","https:\/\/www.tiktok.com\/@aztexeesti","https:\/\/www.trustpilot.com\/review\/aztex.ee","https:\/\/www.linkedin.com\/company\/aztex-ee\/","https:\/\/www.wikidata.org\/wiki\/Q137560182"]}]}},"_links":{"self":[{"href":"https:\/\/aztex.ee\/lv\/wp-json\/wp\/v2\/product\/73715","targetHints":{"allow":["GET"]}}],"collection":[{"href":"https:\/\/aztex.ee\/lv\/wp-json\/wp\/v2\/product"}],"about":[{"href":"https:\/\/aztex.ee\/lv\/wp-json\/wp\/v2\/types\/product"}],"replies":[{"embeddable":true,"href":"https:\/\/aztex.ee\/lv\/wp-json\/wp\/v2\/comments?post=73715"}],"version-history":[{"count":0,"href":"https:\/\/aztex.ee\/lv\/wp-json\/wp\/v2\/product\/73715\/revisions"}],"wp:featuredmedia":[{"embeddable":true,"href":"https:\/\/aztex.ee\/lv\/wp-json\/wp\/v2\/media\/73776"}],"wp:attachment":[{"href":"https:\/\/aztex.ee\/lv\/wp-json\/wp\/v2\/media?parent=73715"}],"wp:term":[{"taxonomy":"product_brand","embeddable":true,"href":"https:\/\/aztex.ee\/lv\/wp-json\/wp\/v2\/product_brand?post=73715"},{"taxonomy":"product_cat","embeddable":true,"href":"https:\/\/aztex.ee\/lv\/wp-json\/wp\/v2\/product_cat?post=73715"},{"taxonomy":"product_tag","embeddable":true,"href":"https:\/\/aztex.ee\/lv\/wp-json\/wp\/v2\/product_tag?post=73715"}],"curies":[{"name":"wp","href":"https:\/\/api.w.org\/{rel}","templated":true}]}}